{"id":156,"date":"2018-08-13T09:46:59","date_gmt":"2018-08-13T06:46:59","guid":{"rendered":"https:\/\/rotary.fi\/laitila\/?page_id=156"},"modified":"2026-04-14T13:09:15","modified_gmt":"2026-04-14T10:09:15","slug":"projektit","status":"publish","type":"page","link":"https:\/\/rotary.fi\/laitila\/mita-teemme\/projektit\/","title":{"rendered":"Projektit"},"content":{"rendered":"<p>[et_pb_section fb_built=&#8221;1&#8243; module_class=&#8221;jumbotron-page&#8221; _builder_version=&#8221;4.16&#8243; background_image=&#8221;https:\/\/rotary.fi\/laitila\/wp-content\/uploads\/sites\/26\/2021\/06\/ponttokuva.jpeg&#8221; global_colors_info=&#8221;{}&#8221;][et_pb_row _builder_version=&#8221;4.16&#8243; background_size=&#8221;initial&#8221; background_position=&#8221;top_left&#8221; background_repeat=&#8221;repeat&#8221; global_colors_info=&#8221;{}&#8221;][et_pb_column type=&#8221;4_4&#8243; _builder_version=&#8221;4.16&#8243; custom_padding=&#8221;|||&#8221; global_colors_info=&#8221;{}&#8221; custom_padding__hover=&#8221;|||&#8221;][et_pb_text admin_label=&#8221;P\u00e4\u00e4otsikko&#8221; _builder_version=&#8221;4.16&#8243; text_orientation=&#8221;center&#8221; background_layout=&#8221;dark&#8221; global_colors_info=&#8221;{}&#8221;]<\/p>\n<h1>Projektit<\/h1>\n<p>[\/et_pb_text][\/et_pb_column][\/et_pb_row][\/et_pb_section][et_pb_section fb_built=&#8221;1&#8243; specialty=&#8221;on&#8221; module_class_2=&#8221;sivupalkki&#8221; _builder_version=&#8221;4.16&#8243; global_colors_info=&#8221;{}&#8221;][et_pb_column type=&#8221;2_3&#8243; specialty_columns=&#8221;2&#8243; _builder_version=&#8221;4.16&#8243; custom_padding=&#8221;|||&#8221; global_colors_info=&#8221;{}&#8221; parallax__hover=&#8221;off&#8221; parallax_method__hover=&#8221;on&#8221; custom_padding__hover=&#8221;|||&#8221;][et_pb_row_inner admin_label=&#8221;Rivi&#8221; _builder_version=&#8221;4.16&#8243; global_colors_info=&#8221;{}&#8221;][et_pb_column_inner saved_specialty_column_type=&#8221;2_3&#8243; _builder_version=&#8221;4.16&#8243; custom_padding=&#8221;|||&#8221; global_colors_info=&#8221;{}&#8221; parallax__hover=&#8221;off&#8221; parallax_method__hover=&#8221;on&#8221; custom_padding__hover=&#8221;|||&#8221;][et_pb_text admin_label=&#8221;Projektit &#8211; Otsikko&#8221; _builder_version=&#8221;4.16&#8243; text_orientation=&#8221;center&#8221; global_colors_info=&#8221;{}&#8221;]<\/p>\n<h1>Tavoitteellista vapaaehtoisty\u00f6t\u00e4<\/h1>\n<p>[\/et_pb_text][et_pb_text _builder_version=&#8221;4.27.4&#8243; global_colors_info=&#8221;{}&#8221;]<\/p>\n<p>Rotary on palveluj\u00e4rjest\u00f6. Toimimme tunnuslauseemme Palvelu itsekkyyden edelle (Service above self) mukaisesti paikallisesti ja maailmanlaajuisesti. Kansainv\u00e4linen humanit\u00e4\u00e4rinen palvelumme toteutuu Rotarys\u00e4\u00e4ti\u00f6mme koordinoimana ja hyv\u00e4ksyttyjen kumppaneiden kanssa.<\/p>\n<h4>Kiusaamisen ehk\u00e4isy kouluissa<\/h4>\n<p><span><\/span><\/p>\n<p><span>THL:n vuonna 2025 tekem\u00e4n kouluterveyskyselyn mukaan 34 % 4. &#8211; 5.-luokkalaisista on kokenut kiusaamista kouluvuoden aikana. 9 % koululaisista kokee kiusaamista jopa viikoittain. Kyselyn mukaan Laitilassa tilanne on kehittynyt merkitt\u00e4v\u00e4sti huonompaan suuntaan viimeisen kahden vuoden aikana. Kiusaamista kokee siis Laitilassakin yh\u00e4 useampi.<\/span><\/p>\n<p><span>Laitilan Rotaryklubi ja MLL Laitila j\u00e4rjestiv\u00e4t yhteisty\u00f6ss\u00e4 luentosarjan kiusaamisesta ja sen ehk\u00e4isyst\u00e4 sek\u00e4 ala-asteik\u00e4isille koululaisille ett\u00e4 heid\u00e4n vanhemmilleen. Koululaiset saivat omat tietoiskunsa aiheesta koulup\u00e4iv\u00e4n aikana keskiviikkona 25.2. ja t\u00e4st\u00e4 saimmekin lukea hienon jutun Laitilan Sanomista.\u00a0<\/span><\/p>\n<p><span>Koululaisten vanhemmille j\u00e4rjestettiin oma tilaisuus torstai-iltana 26.2. Laitilan kaupungintalolla. Vanhemmille j\u00e4rjestetyss\u00e4 tilaisuudessa puhujana oli Sari Ojuva MLL Varsinais-Suomen piirist\u00e4.\u00a0<\/span><span>Sari Ojuva kertoi esityksess\u00e4\u00e4n, miksi kiusaamisesta on t\u00e4rke\u00e4\u00e4 puhua jokaisessa perheess\u00e4 ja miten vanhempana voimme ennaltaehk\u00e4ist\u00e4 kiusaamista. Saimme hyvi\u00e4 vinkkej\u00e4 my\u00f6s siit\u00e4, miten vanhempana pit\u00e4isi toimia, jos oma lapsi kiusaa tai omaa lasta kiusataan. Ojuva ev\u00e4sti vanhempia puuttumaan tilanteisiin matalalla kynnyksell\u00e4 ja dokumentoimaan esimerkiksi nettikiusaamisen kuvakaappauksin.<\/span><br \/><span>Sarin t\u00e4rkein neuvo on hyvin yksinkertainen: \u201dOle kiinnostunut lapsen el\u00e4m\u00e4st\u00e4 ja kysy, mit\u00e4 kuuluu. Se avaa lapselle sen oven, ett\u00e4 asioista voi puhua.\u201d<\/span><\/p>\n<p>\u00a0<span style=\"font-size: 16px\">Luentojen lis\u00e4ksi tukioppilaat palkittiin Kukonkulman lahjakorteilla ja koulujen kev\u00e4tjuhlassa jaetaan stipendej\u00e4 oppilaille, jotka ottavat huomioon muut oppilaat ja omalla toiminnallaan toimivat esimerkkin\u00e4 koulurauhan edist\u00e4misess\u00e4 ja kiusaamisen ehk\u00e4isyss\u00e4.<\/span><\/p>\n<p><span>Projekti toteutetaan\u00a0klubillemme my\u00f6nnetyll\u00e4 piiriapurahalla.<\/span><\/p>\n<p>&nbsp;<\/p>\n<h4>Rauhan pylv\u00e4s Laitilan torilla<\/h4>\n<p>Rauha on yksi seitsem\u00e4st\u00e4 rotarytoiminnan keskitt\u00e4misalueesta. Kes\u00e4kuussa 2025 pystytimme Laitilan torin viereen Rauhan pylv\u00e4\u00e4n, joka tunnuslauseella &#8221;Vallitkoon rauha maailmassa&#8221; muistuttaa rauhan merkityksest\u00e4 meille jokaiselle.\u00a0<\/p>\n<p>\u00a0<a href=\"https:\/\/rotary.fi\/laitila\/mita-teemme\/rauhan_pylvas\/\">Lue lis\u00e4\u00e4!\u00a0<\/a><\/p>\n<p><a href=\"https:\/\/rotary.fi\/laitila\/mita-teemme\/projektit\/img-0319\/\"><img loading=\"lazy\" decoding=\"async\" class=\"wp-image-2410 alignleft size-medium\" src=\"https:\/\/rotary.fi\/laitila\/wp-content\/uploads\/sites\/26\/2025\/07\/img-0319-300x300.jpg\" alt=\"\" width=\"300\" height=\"300\" \/><\/a><\/p>\n<p>&nbsp;<\/p>\n<p>&nbsp;<\/p>\n<p>&nbsp;<\/p>\n<h4>\u00a0<\/h4>\n<h4>\u00a0<\/h4>\n<h4>\u00a0<\/h4>\n<h4><\/h4>\n<h4><\/h4>\n<h4><\/h4>\n<h4><\/h4>\n<h4><\/h4>\n<h4><\/h4>\n<h4>Gambian sairaanhoito-oppilaitoksen asuntolan vesihuolto<\/h4>\n<p>Yhteisty\u00f6ss\u00e4 sisarklubimme Brusubi RC:n kanssa toteutimme talvella 2020-2021 Gambian sairaanhoito-oppilaitoksen asuntolan saniteettitilejen saneerauksen.<\/p>\n<p>Klubimme rahoitti 1000 USD:n osuudella merktit\u00e4v\u00e4n osan projektin noin 3000 USD:n kokonaisbudjetista.<\/p>\n<p>Uudistetut tilat otettiin k\u00e4ytt\u00f6\u00f6n maaliskuussa 2021.<\/p>\n<p>Kiitokset yhteisty\u00f6st\u00e4 koko Brusubin klubille ja erityisesti presidentti Cornelius O Igwelle sek\u00e4 Charter Presidentti Martin Sati Rahamonille.<\/p>\n<p><img loading=\"lazy\" decoding=\"async\" class=\"wp-image-1754 alignnone size-medium\" src=\"https:\/\/rotary.fi\/laitila\/wp-content\/uploads\/sites\/26\/2021\/07\/whatsapp-image-2021-03-14-at-081158-300x201.jpeg\" alt=\"\" width=\"300\" height=\"201\" \/><\/p>\n<h4>Viisaampana verkossa<\/h4>\n<p><span style=\"font-weight: 400\">Piiriapurahan ja oman rahoituksemme turvin toteutimme rotaryvuonna 2022-2024 projektin \u201dViisaampana verkossa\u201d. Projektin tarkoituksena oli aktivoida ja kannustaa yli 65-vuotiaita digitaalisten palveluiden k\u00e4ytt\u00f6\u00f6n. Kahdeksan kokoontumiskerran kokonaisuuteen osallistui keskim\u00e4\u00e4r\u00e4in kymmenen henke\u00e4. Osallistujien antama palaute oli ylist\u00e4v\u00e4\u00e4 ja t\u00e4llaiselle toiminnalle on selv\u00e4sti todellista tarvetta. Projektilla saimme my\u00f6s mainiota n\u00e4kyvyytt\u00e4 sosiaalisessa mediassa ja paikallislehdess\u00e4.\u00a0<\/span><\/p>\n<p><a href=\"https:\/\/rotary.fi\/laitila\/mita-teemme\/projektit\/laitilan-sanomat\/\"><img loading=\"lazy\" decoding=\"async\" class=\"wp-image-2235 alignleft size-medium\" src=\"https:\/\/rotary.fi\/laitila\/wp-content\/uploads\/sites\/26\/2024\/02\/laitilan-sanomat-291x300.png\" alt=\"\" width=\"291\" height=\"300\" \/><\/a><\/p>\n<p>&nbsp;<\/p>\n<p>&nbsp;<\/p>\n<p>&nbsp;<\/p>\n<p>&nbsp;<\/p>\n<p>&nbsp;<\/p>\n<p>&nbsp;<\/p>\n<p>&nbsp;<\/p>\n<p>&nbsp;<\/p>\n<p>P\u00e4\u00e4set n\u00e4kem\u00e4\u00e4n projektien tietoja Rotary Internationalin <a href=\"https:\/\/spc.rotary.org\/projects\">Service project centeriss\u00e4.\u00a0<\/a><\/p>\n<p>&nbsp;<\/p>\n<p>&nbsp;<\/p>\n<p>[\/et_pb_text][et_pb_text _builder_version=&#8221;4.27.4&#8243; locked=&#8221;off&#8221; global_colors_info=&#8221;{}&#8221;]<\/p>\n<p>Rotary on palveluj\u00e4rjest\u00f6. Toimimme tunnuslauseemme Palvelu itsekkyyden edelle (Service above self) mukaisesti paikallisesti ja maailmanlaajuisesti. Kansainv\u00e4linen humanit\u00e4\u00e4rinen palvelumme toteutuu Rotarys\u00e4\u00e4ti\u00f6mme koordinoimana ja hyv\u00e4ksyttyjen kumppaneiden kanssa.<\/p>\n<p>Kiusaamisen ehk\u00e4isy kouluissa<\/p>\n<p>&nbsp;<\/p>\n<p>&nbsp;<\/p>\n<h4>Rauhan pylv\u00e4s Laitilan torilla<\/h4>\n<p>Rauha on yksi seitsem\u00e4st\u00e4 rotarytoiminnan keskitt\u00e4misalueesta. Kes\u00e4kuussa 2025 pystytimme Laitilan torin viereen Rauhan pylv\u00e4\u00e4n, joka tunnuslauseella &#8221;Vallitkoon rauha maailmassa&#8221; muistuttaa rauhan merkityksest\u00e4 meille jokaiselle.\u00a0<\/p>\n<p>\u00a0<a href=\"https:\/\/rotary.fi\/laitila\/mita-teemme\/rauhan_pylvas\/\">Lue lis\u00e4\u00e4!\u00a0<\/a><\/p>\n<p><a href=\"https:\/\/rotary.fi\/laitila\/mita-teemme\/projektit\/img-0319\/\"><img loading=\"lazy\" decoding=\"async\" class=\"wp-image-2410 alignleft size-medium\" src=\"https:\/\/rotary.fi\/laitila\/wp-content\/uploads\/sites\/26\/2025\/07\/img-0319-300x300.jpg\" alt=\"\" width=\"300\" height=\"300\" \/><\/a><\/p>\n<p>&nbsp;<\/p>\n<p>&nbsp;<\/p>\n<p>&nbsp;<\/p>\n<h4>\u00a0<\/h4>\n<h4>\u00a0<\/h4>\n<h4>\u00a0<\/h4>\n<h4><\/h4>\n<h4><\/h4>\n<h4><\/h4>\n<h4><\/h4>\n<h4><\/h4>\n<h4><\/h4>\n<h4>Gambian sairaanhoito-oppilaitoksen asuntolan vesihuolto<\/h4>\n<p>Yhteisty\u00f6ss\u00e4 sisarklubimme Brusubi RC:n kanssa toteutimme talvella 2020-2021 Gambian sairaanhoito-oppilaitoksen asuntolan saniteettitilejen saneerauksen.<\/p>\n<p>Klubimme rahoitti 1000 USD:n osuudella merktit\u00e4v\u00e4n osan projektin noin 3000 USD:n kokonaisbudjetista.<\/p>\n<p>Uudistetut tilat otettiin k\u00e4ytt\u00f6\u00f6n maaliskuussa 2021.<\/p>\n<p>Kiitokset yhteisty\u00f6st\u00e4 koko Brusubin klubille ja erityisesti presidentti Cornelius O Igwelle sek\u00e4 Charter Presidentti Martin Sati Rahamonille.<\/p>\n<p><img loading=\"lazy\" decoding=\"async\" class=\"wp-image-1754 alignnone size-medium\" src=\"https:\/\/rotary.fi\/laitila\/wp-content\/uploads\/sites\/26\/2021\/07\/whatsapp-image-2021-03-14-at-081158-300x201.jpeg\" alt=\"\" width=\"300\" height=\"201\" \/><\/p>\n<h4>Viisaampana verkossa<\/h4>\n<p><span style=\"font-weight: 400\">Piiriapurahan ja oman rahoituksemme turvin toteutimme rotaryvuonna 2022-2024 projektin \u201dViisaampana verkossa\u201d. Projektin tarkoituksena oli aktivoida ja kannustaa yli 65-vuotiaita digitaalisten palveluiden k\u00e4ytt\u00f6\u00f6n. Kahdeksan kokoontumiskerran kokonaisuuteen osallistui keskim\u00e4\u00e4r\u00e4in kymmenen henke\u00e4. Osallistujien antama palaute oli ylist\u00e4v\u00e4\u00e4 ja t\u00e4llaiselle toiminnalle on selv\u00e4sti todellista tarvetta. Projektilla saimme my\u00f6s mainiota n\u00e4kyvyytt\u00e4 sosiaalisessa mediassa ja paikallislehdess\u00e4.\u00a0<\/span><\/p>\n<p><a href=\"https:\/\/rotary.fi\/laitila\/mita-teemme\/projektit\/laitilan-sanomat\/\"><img loading=\"lazy\" decoding=\"async\" class=\"wp-image-2235 alignleft size-medium\" src=\"https:\/\/rotary.fi\/laitila\/wp-content\/uploads\/sites\/26\/2024\/02\/laitilan-sanomat-291x300.png\" alt=\"\" width=\"291\" height=\"300\" \/><\/a><\/p>\n<p>&nbsp;<\/p>\n<p>&nbsp;<\/p>\n<p>&nbsp;<\/p>\n<p>&nbsp;<\/p>\n<p>&nbsp;<\/p>\n<p>&nbsp;<\/p>\n<p>&nbsp;<\/p>\n<p>&nbsp;<\/p>\n<p>P\u00e4\u00e4set n\u00e4kem\u00e4\u00e4n projektien tietoja Rotary Internationalin <a href=\"https:\/\/spc.rotary.org\/projects\">Service project centeriss\u00e4.\u00a0<\/a><\/p>\n<p>&nbsp;<\/p>\n<p>&nbsp;<\/p>\n<p>[\/et_pb_text][\/et_pb_column_inner][\/et_pb_row_inner][\/et_pb_column][et_pb_column type=&#8221;1_3&#8243; module_class=&#8221;sivupalkki&#8221; _builder_version=&#8221;4.16&#8243; custom_padding=&#8221;|||&#8221; global_colors_info=&#8221;{}&#8221; parallax__hover=&#8221;off&#8221; parallax_method__hover=&#8221;on&#8221; module_class__hover=&#8221;sivupalkki&#8221; custom_padding__hover=&#8221;|||&#8221;][et_pb_sidebar area=&#8221;sidebar-1&#8243; module_class=&#8221;sivupalkki_sisalto&#8221; _builder_version=&#8221;4.16&#8243; locked=&#8221;on&#8221; global_colors_info=&#8221;{}&#8221;][\/et_pb_sidebar][\/et_pb_column][\/et_pb_section]<\/p>\n","protected":false},"excerpt":{"rendered":"<p>Projektit Tavoitteellista vapaaehtoisty\u00f6t\u00e4Rotary on palveluj\u00e4rjest\u00f6. Toimimme tunnuslauseemme Palvelu itsekkyyden edelle (Service above self) mukaisesti paikallisesti ja maailmanlaajuisesti. Kansainv\u00e4linen humanit\u00e4\u00e4rinen palvelumme toteutuu Rotarys\u00e4\u00e4ti\u00f6mme koordinoimana ja hyv\u00e4ksyttyjen kumppaneiden kanssa. Kiusaamisen ehk\u00e4isy kouluissa THL:n vuonna 2025 tekem\u00e4n kouluterveyskyselyn mukaan 34 % 4. &#8211; 5.-luokkalaisista on kokenut kiusaamista kouluvuoden aikana. 9 % koululaisista kokee kiusaamista jopa viikoittain. Kyselyn mukaan [&hellip;]<\/p>\n","protected":false},"author":1,"featured_media":0,"parent":77,"menu_order":0,"comment_status":"closed","ping_status":"closed","template":"","meta":{"_acf_changed":false,"_et_pb_use_builder":"on","_et_pb_old_content":"","_et_gb_content_width":"","footnotes":""},"class_list":["post-156","page","type-page","status-publish","hentry"],"acf":[],"yoast_head":"<!-- This site is optimized with the Yoast SEO plugin v27.4 - https:\/\/yoast.com\/product\/yoast-seo-wordpress\/ -->\n<title>Projektit - Laitilan Rotaryklubi<\/title>\n<meta name=\"robots\" content=\"index, follow, max-snippet:-1, max-image-preview:large, max-video-preview:-1\" \/>\n<link rel=\"canonical\" href=\"https:\/\/rotary.fi\/laitila\/mita-teemme\/projektit\/\" \/>\n<meta property=\"og:locale\" content=\"fi_FI\" \/>\n<meta property=\"og:type\" content=\"article\" \/>\n<meta property=\"og:title\" content=\"Projektit - Laitilan Rotaryklubi\" \/>\n<meta property=\"og:description\" content=\"Projektit Tavoitteellista vapaaehtoisty\u00f6t\u00e4Rotary on palveluj\u00e4rjest\u00f6. Toimimme tunnuslauseemme Palvelu itsekkyyden edelle (Service above self) mukaisesti paikallisesti ja maailmanlaajuisesti. Kansainv\u00e4linen humanit\u00e4\u00e4rinen palvelumme toteutuu Rotarys\u00e4\u00e4ti\u00f6mme koordinoimana ja hyv\u00e4ksyttyjen kumppaneiden kanssa. Kiusaamisen ehk\u00e4isy kouluissa THL:n vuonna 2025 tekem\u00e4n kouluterveyskyselyn mukaan 34 % 4. - 5.-luokkalaisista on kokenut kiusaamista kouluvuoden aikana. 9 % koululaisista kokee kiusaamista jopa viikoittain. Kyselyn mukaan [&hellip;]\" \/>\n<meta property=\"og:url\" content=\"https:\/\/rotary.fi\/laitila\/mita-teemme\/projektit\/\" \/>\n<meta property=\"og:site_name\" content=\"Laitilan Rotaryklubi\" \/>\n<meta property=\"article:modified_time\" content=\"2026-04-14T10:09:15+00:00\" \/>\n<meta property=\"og:image\" content=\"https:\/\/rotary.fi\/laitila\/wp-content\/uploads\/sites\/26\/2025\/07\/img-0319.jpg\" \/>\n\t<meta property=\"og:image:width\" content=\"903\" \/>\n\t<meta property=\"og:image:height\" content=\"903\" \/>\n\t<meta property=\"og:image:type\" content=\"image\/jpeg\" \/>\n<meta name=\"twitter:card\" content=\"summary_large_image\" \/>\n<meta name=\"twitter:label1\" content=\"Arvioitu lukuaika\" \/>\n\t<meta name=\"twitter:data1\" content=\"3 minuuttia\" \/>\n<script type=\"application\/ld+json\" class=\"yoast-schema-graph\">{\"@context\":\"https:\\\/\\\/schema.org\",\"@graph\":[{\"@type\":\"WebPage\",\"@id\":\"https:\\\/\\\/rotary.fi\\\/laitila\\\/mita-teemme\\\/projektit\\\/\",\"url\":\"https:\\\/\\\/rotary.fi\\\/laitila\\\/mita-teemme\\\/projektit\\\/\",\"name\":\"Projektit - Laitilan Rotaryklubi\",\"isPartOf\":{\"@id\":\"https:\\\/\\\/rotary.fi\\\/laitila\\\/#website\"},\"primaryImageOfPage\":{\"@id\":\"https:\\\/\\\/rotary.fi\\\/laitila\\\/mita-teemme\\\/projektit\\\/#primaryimage\"},\"image\":{\"@id\":\"https:\\\/\\\/rotary.fi\\\/laitila\\\/mita-teemme\\\/projektit\\\/#primaryimage\"},\"thumbnailUrl\":\"https:\\\/\\\/rotary.fi\\\/laitila\\\/wp-content\\\/uploads\\\/sites\\\/26\\\/2025\\\/07\\\/img-0319-300x300.jpg\",\"datePublished\":\"2018-08-13T06:46:59+00:00\",\"dateModified\":\"2026-04-14T10:09:15+00:00\",\"breadcrumb\":{\"@id\":\"https:\\\/\\\/rotary.fi\\\/laitila\\\/mita-teemme\\\/projektit\\\/#breadcrumb\"},\"inLanguage\":\"fi\",\"potentialAction\":[{\"@type\":\"ReadAction\",\"target\":[\"https:\\\/\\\/rotary.fi\\\/laitila\\\/mita-teemme\\\/projektit\\\/\"]}]},{\"@type\":\"ImageObject\",\"inLanguage\":\"fi\",\"@id\":\"https:\\\/\\\/rotary.fi\\\/laitila\\\/mita-teemme\\\/projektit\\\/#primaryimage\",\"url\":\"https:\\\/\\\/rotary.fi\\\/laitila\\\/wp-content\\\/uploads\\\/sites\\\/26\\\/2025\\\/07\\\/img-0319.jpg\",\"contentUrl\":\"https:\\\/\\\/rotary.fi\\\/laitila\\\/wp-content\\\/uploads\\\/sites\\\/26\\\/2025\\\/07\\\/img-0319.jpg\",\"width\":903,\"height\":903},{\"@type\":\"BreadcrumbList\",\"@id\":\"https:\\\/\\\/rotary.fi\\\/laitila\\\/mita-teemme\\\/projektit\\\/#breadcrumb\",\"itemListElement\":[{\"@type\":\"ListItem\",\"position\":1,\"name\":\"Home\",\"item\":\"https:\\\/\\\/rotary.fi\\\/laitila\\\/\"},{\"@type\":\"ListItem\",\"position\":2,\"name\":\"Mit\u00e4 teemme\",\"item\":\"https:\\\/\\\/rotary.fi\\\/laitila\\\/mita-teemme\\\/\"},{\"@type\":\"ListItem\",\"position\":3,\"name\":\"Projektit\"}]},{\"@type\":\"WebSite\",\"@id\":\"https:\\\/\\\/rotary.fi\\\/laitila\\\/#website\",\"url\":\"https:\\\/\\\/rotary.fi\\\/laitila\\\/\",\"name\":\"Laitilan Rotaryklubi\",\"description\":\"Uusi Rotary klubisivusto\",\"potentialAction\":[{\"@type\":\"SearchAction\",\"target\":{\"@type\":\"EntryPoint\",\"urlTemplate\":\"https:\\\/\\\/rotary.fi\\\/laitila\\\/?s={search_term_string}\"},\"query-input\":{\"@type\":\"PropertyValueSpecification\",\"valueRequired\":true,\"valueName\":\"search_term_string\"}}],\"inLanguage\":\"fi\"}]}<\/script>\n<!-- \/ Yoast SEO plugin. -->","yoast_head_json":{"title":"Projektit - Laitilan Rotaryklubi","robots":{"index":"index","follow":"follow","max-snippet":"max-snippet:-1","max-image-preview":"max-image-preview:large","max-video-preview":"max-video-preview:-1"},"canonical":"https:\/\/rotary.fi\/laitila\/mita-teemme\/projektit\/","og_locale":"fi_FI","og_type":"article","og_title":"Projektit - Laitilan Rotaryklubi","og_description":"Projektit Tavoitteellista vapaaehtoisty\u00f6t\u00e4Rotary on palveluj\u00e4rjest\u00f6. Toimimme tunnuslauseemme Palvelu itsekkyyden edelle (Service above self) mukaisesti paikallisesti ja maailmanlaajuisesti. Kansainv\u00e4linen humanit\u00e4\u00e4rinen palvelumme toteutuu Rotarys\u00e4\u00e4ti\u00f6mme koordinoimana ja hyv\u00e4ksyttyjen kumppaneiden kanssa. Kiusaamisen ehk\u00e4isy kouluissa THL:n vuonna 2025 tekem\u00e4n kouluterveyskyselyn mukaan 34 % 4. - 5.-luokkalaisista on kokenut kiusaamista kouluvuoden aikana. 9 % koululaisista kokee kiusaamista jopa viikoittain. Kyselyn mukaan [&hellip;]","og_url":"https:\/\/rotary.fi\/laitila\/mita-teemme\/projektit\/","og_site_name":"Laitilan Rotaryklubi","article_modified_time":"2026-04-14T10:09:15+00:00","og_image":[{"width":903,"height":903,"url":"https:\/\/rotary.fi\/laitila\/wp-content\/uploads\/sites\/26\/2025\/07\/img-0319.jpg","type":"image\/jpeg"}],"twitter_card":"summary_large_image","twitter_misc":{"Arvioitu lukuaika":"3 minuuttia"},"schema":{"@context":"https:\/\/schema.org","@graph":[{"@type":"WebPage","@id":"https:\/\/rotary.fi\/laitila\/mita-teemme\/projektit\/","url":"https:\/\/rotary.fi\/laitila\/mita-teemme\/projektit\/","name":"Projektit - Laitilan Rotaryklubi","isPartOf":{"@id":"https:\/\/rotary.fi\/laitila\/#website"},"primaryImageOfPage":{"@id":"https:\/\/rotary.fi\/laitila\/mita-teemme\/projektit\/#primaryimage"},"image":{"@id":"https:\/\/rotary.fi\/laitila\/mita-teemme\/projektit\/#primaryimage"},"thumbnailUrl":"https:\/\/rotary.fi\/laitila\/wp-content\/uploads\/sites\/26\/2025\/07\/img-0319-300x300.jpg","datePublished":"2018-08-13T06:46:59+00:00","dateModified":"2026-04-14T10:09:15+00:00","breadcrumb":{"@id":"https:\/\/rotary.fi\/laitila\/mita-teemme\/projektit\/#breadcrumb"},"inLanguage":"fi","potentialAction":[{"@type":"ReadAction","target":["https:\/\/rotary.fi\/laitila\/mita-teemme\/projektit\/"]}]},{"@type":"ImageObject","inLanguage":"fi","@id":"https:\/\/rotary.fi\/laitila\/mita-teemme\/projektit\/#primaryimage","url":"https:\/\/rotary.fi\/laitila\/wp-content\/uploads\/sites\/26\/2025\/07\/img-0319.jpg","contentUrl":"https:\/\/rotary.fi\/laitila\/wp-content\/uploads\/sites\/26\/2025\/07\/img-0319.jpg","width":903,"height":903},{"@type":"BreadcrumbList","@id":"https:\/\/rotary.fi\/laitila\/mita-teemme\/projektit\/#breadcrumb","itemListElement":[{"@type":"ListItem","position":1,"name":"Home","item":"https:\/\/rotary.fi\/laitila\/"},{"@type":"ListItem","position":2,"name":"Mit\u00e4 teemme","item":"https:\/\/rotary.fi\/laitila\/mita-teemme\/"},{"@type":"ListItem","position":3,"name":"Projektit"}]},{"@type":"WebSite","@id":"https:\/\/rotary.fi\/laitila\/#website","url":"https:\/\/rotary.fi\/laitila\/","name":"Laitilan Rotaryklubi","description":"Uusi Rotary klubisivusto","potentialAction":[{"@type":"SearchAction","target":{"@type":"EntryPoint","urlTemplate":"https:\/\/rotary.fi\/laitila\/?s={search_term_string}"},"query-input":{"@type":"PropertyValueSpecification","valueRequired":true,"valueName":"search_term_string"}}],"inLanguage":"fi"}]}},"lang":"fi","translations":{"fi":156},"pll_sync_post":[],"_links":{"self":[{"href":"https:\/\/rotary.fi\/laitila\/wp-json\/wp\/v2\/pages\/156","targetHints":{"allow":["GET"]}}],"collection":[{"href":"https:\/\/rotary.fi\/laitila\/wp-json\/wp\/v2\/pages"}],"about":[{"href":"https:\/\/rotary.fi\/laitila\/wp-json\/wp\/v2\/types\/page"}],"author":[{"embeddable":true,"href":"https:\/\/rotary.fi\/laitila\/wp-json\/wp\/v2\/users\/1"}],"replies":[{"embeddable":true,"href":"https:\/\/rotary.fi\/laitila\/wp-json\/wp\/v2\/comments?post=156"}],"version-history":[{"count":10,"href":"https:\/\/rotary.fi\/laitila\/wp-json\/wp\/v2\/pages\/156\/revisions"}],"predecessor-version":[{"id":2510,"href":"https:\/\/rotary.fi\/laitila\/wp-json\/wp\/v2\/pages\/156\/revisions\/2510"}],"up":[{"embeddable":true,"href":"https:\/\/rotary.fi\/laitila\/wp-json\/wp\/v2\/pages\/77"}],"wp:attachment":[{"href":"https:\/\/rotary.fi\/laitila\/wp-json\/wp\/v2\/media?parent=156"}],"curies":[{"name":"wp","href":"https:\/\/api.w.org\/{rel}","templated":true}]}}