{"id":129,"date":"2018-08-10T13:41:39","date_gmt":"2018-08-10T10:41:39","guid":{"rendered":"https:\/\/rotary.fi\/klubi2\/?page_id=129"},"modified":"2024-07-03T10:26:30","modified_gmt":"2024-07-03T07:26:30","slug":"keita-olemme","status":"publish","type":"page","link":"https:\/\/rotary.fi\/laitila\/keita-olemme\/","title":{"rendered":"Keit\u00e4 olemme"},"content":{"rendered":"<p>[et_pb_section fb_built=&#8221;1&#8243; module_class=&#8221;jumbotron-page&#8221; _builder_version=&#8221;4.16&#8243; background_image=&#8221;https:\/\/rotary.fi\/laitila\/wp-content\/uploads\/sites\/26\/2020\/11\/whatsapp-image-2020-11-15-at-17-07-59.jpeg&#8221; global_colors_info=&#8221;{}&#8221;][et_pb_row _builder_version=&#8221;4.16&#8243; background_size=&#8221;initial&#8221; background_position=&#8221;top_left&#8221; background_repeat=&#8221;repeat&#8221; global_colors_info=&#8221;{}&#8221;][et_pb_column type=&#8221;4_4&#8243; _builder_version=&#8221;4.16&#8243; custom_padding=&#8221;|||&#8221; global_colors_info=&#8221;{}&#8221; custom_padding__hover=&#8221;|||&#8221;][et_pb_text admin_label=&#8221;P\u00e4\u00e4otsikko&#8221; _builder_version=&#8221;4.16&#8243; text_orientation=&#8221;center&#8221; background_layout=&#8221;dark&#8221; hover_enabled=&#8221;0&#8243; global_colors_info=&#8221;{}&#8221; sticky_enabled=&#8221;0&#8243;]<\/p>\n<h1>Keit\u00e4 olemme<\/h1>\n<p>[\/et_pb_text][\/et_pb_column][\/et_pb_row][\/et_pb_section][et_pb_section fb_built=&#8221;1&#8243; specialty=&#8221;on&#8221; module_class_2=&#8221;sivupalkki&#8221; _builder_version=&#8221;4.16&#8243; global_colors_info=&#8221;{}&#8221;][et_pb_column type=&#8221;2_3&#8243; specialty_columns=&#8221;2&#8243; _builder_version=&#8221;4.16&#8243; custom_padding=&#8221;|||&#8221; global_colors_info=&#8221;{}&#8221; custom_padding__hover=&#8221;|||&#8221;][et_pb_row_inner admin_label=&#8221;Rivi&#8221; _builder_version=&#8221;4.16&#8243; global_colors_info=&#8221;{}&#8221;][et_pb_column_inner saved_specialty_column_type=&#8221;2_3&#8243; _builder_version=&#8221;4.16&#8243; custom_padding=&#8221;|||&#8221; global_colors_info=&#8221;{}&#8221; custom_padding__hover=&#8221;|||&#8221;][et_pb_text admin_label=&#8221;Otsikko&#8221; _builder_version=&#8221;4.16&#8243; text_orientation=&#8221;center&#8221; global_colors_info=&#8221;{}&#8221;]<\/p>\n<h3>Aktiivisia toimijoita<\/h3>\n<p>[\/et_pb_text][et_pb_text admin_label=&#8221;Teksti&#8221; _builder_version=&#8221;4.25.2&#8243; hover_enabled=&#8221;0&#8243; global_colors_info=&#8221;{}&#8221; sticky_enabled=&#8221;0&#8243;]<\/p>\n<p>Laitilan Rotaryklubi on uudistuva ja toimelias rotaryklubi. Kokoonnumme joka toinen tiistai klubi-iltaan klo 17.30 Hyvinvointikeskus Poukanvilleen tapaamaan toisiamme ja edist\u00e4m\u00e4\u00e4n hyv\u00e4\u00e4 omalla paikkakunnallamme. K\u00e4ymme my\u00f6s yritysvierailuilla, mets\u00e4retkill\u00e4 ja jopa ulkomailla. Toteutamme klubin omia projekteja varojen hankkimiseksi hyv\u00e4n tekemiseen. T\u00e4rke\u00e4 osa toimintaamme on osallistuminen rotarien nuorisovaihtooon. Tuemme my\u00f6s kansainv\u00e4lisen Rotaryn humanitaarisia projekteja.<\/p>\n<p>Tule sin\u00e4kin mukaan tekem\u00e4\u00e4n hyv\u00e4\u00e4. Ponnistamme ilolla paikalliselta pohjalta kansainv\u00e4lisiin, jopa maailmanlaajuisiin haasteisiin. Aktivistit saavat aikaan! Globaali rotaryverkosto avaa ovet mahdollisuuksiin. <strong>Oletko sin\u00e4 se j\u00e4sen, jota klubissamme ei viel\u00e4 ole?<\/strong><\/p>\n<p>Klubimme on perustettu 7.2.1954. Klubissamme on 28 j\u00e4sent\u00e4 (1.7.2023). Olemme osa<a href=\"http:\/\/www.rotary.fi\/d1410\/\"> piiri\u00e4 1410<\/a>.<\/p>\n<p>Kerromme toiminnastamme my\u00f6s <a href=\"https:\/\/www.facebook.com\/Laitilanrotaryklubi\/?view_public_for=111441680557187\" target=\"_blank\" rel=\"noopener noreferrer\">Facebook-sivuillamme<\/a>.<\/p>\n<h4>Harrastus, jolla on tarkoitus<\/h4>\n<p>Teemme hyv\u00e4\u00e4 sek\u00e4 kansainvalisesti ett\u00e4 paikallisesti.<\/p>\n<p>Rotaryvuoden 2021-2022 projekteja<\/p>\n<ul>\n<li>Heijastavien pipojen lahjoittaminen mm. kyl\u00e4koulujen kuudesluokkalaisille &#8221;Rotaryheijastin &#8211; halpa henkivakuutus&#8221;. T\u00e4m\u00e4 rahoitettiin kev\u00e4\u00e4n 2021 linnunp\u00f6ntt\u00f6projektista saaduilla tuloilla lis\u00e4ttyn\u00e4 saamallamme piiriapurahalla.<\/li>\n<li>Seurakunnan leikkipuistohankkeen tukeminen<\/li>\n<li>Laitilan kotipalvelun asiakkaiden jouluherkkukassit<\/li>\n<\/ul>\n<p>Rotaryvuoden 2022-2023 projekteja<\/p>\n<ul>\n<li>Viisaampana verkossa \u2013 Digiopastusta yli 65-vuotiaille<\/li>\n<li>Laitilan Nuorisoverstaan Maahanmuuttajanuoret osaksi meit\u00e4 -henkkeen tukeminen<\/li>\n<li>Laitilan Jyskeen Kolibrien World Gymnaestrada 2023- matkan tukeminen<\/li>\n<\/ul>\n<p>Meille erityisen t\u00e4rke\u00e4\u00e4 on Rotaryn nuorisovaihto. J\u00e4rjest\u00e4mme laitilalaisia nuoria Rotaryn kansainv\u00e4liseen nuorisovaihtoon vuosittain. Meid\u00e4n mielest\u00e4mme nuorisovaihto on mit\u00e4 parhainta ruohonjuuritason kansainv\u00e4listymis- ja rauhankasvatusta.<\/p>\n<p>Pid\u00e4mme arvossa kansainv\u00e4lisen Rotary Internationalin ponnisteluja ja j\u00e4rjest\u00f6n arvokasta ty\u00f6t\u00e4 muun muassa polion h\u00e4vitt\u00e4miseksi maapallolta. Pelk\u00e4st\u00e4\u00e4n t\u00e4h\u00e4n ty\u00f6h\u00f6n Rotary on suunnannut runsaasti vapaaehtoisvoimaa sek\u00e4 yli 1,2 miljardia US-dollaria.<\/p>\n<p>&nbsp;<\/p>\n<h4>Vaikuttava kansainv\u00e4linen verkosto<\/h4>\n<p>Rotary on Chicagossa 23.2.1905 perustettu kansainv\u00e4linen palvelu- ja hyv\u00e4ntekev\u00e4isyysorganisaatio. Rotary Internationalin kotipaikka on Evanston, USA:n osavaltiossa Illinoisissa. Tunnuslauseemme on Palvelu itsekkyyden edelle (Service Above Self).<\/p>\n<p>Rotaryyn kuuluu 1,2 miljoona j\u00e4sent\u00e4 35 000 klubissa yli 200 maassa. Rotary on merkitt\u00e4v\u00e4 kansainv\u00e4linen palvelu- ja hyv\u00e4ntekev\u00e4isyysj\u00e4rjest\u00f6. Suomi on jaettu viiteen rotarypiiriin, joista yhteen kuuluvat my\u00f6s Viron klubit. Suomessa ja Virossa on yhteens\u00e4 vajaa 8 000 rotaria.<\/p>\n<p>[\/et_pb_text][\/et_pb_column_inner][\/et_pb_row_inner][\/et_pb_column][et_pb_column type=&#8221;1_3&#8243; _builder_version=&#8221;4.16&#8243; custom_padding=&#8221;|||&#8221; global_colors_info=&#8221;{}&#8221; custom_padding__hover=&#8221;|||&#8221;][et_pb_sidebar area=&#8221;sidebar-1&#8243; module_class=&#8221;sivupalkki_sisalto&#8221; _builder_version=&#8221;4.16&#8243; locked=&#8221;on&#8221; global_colors_info=&#8221;{}&#8221;]<br \/>\n[\/et_pb_sidebar][\/et_pb_column][\/et_pb_section]<\/p>\n","protected":false},"excerpt":{"rendered":"<p>Keit\u00e4 olemme Aktiivisia toimijoitaLaitilan Rotaryklubi on uudistuva ja toimelias rotaryklubi. Kokoonnumme joka toinen tiistai klubi-iltaan klo 17.30 Hyvinvointikeskus Poukanvilleen tapaamaan toisiamme ja edist\u00e4m\u00e4\u00e4n hyv\u00e4\u00e4 omalla paikkakunnallamme. K\u00e4ymme my\u00f6s yritysvierailuilla, mets\u00e4retkill\u00e4 ja jopa ulkomailla. Toteutamme klubin omia projekteja varojen hankkimiseksi hyv\u00e4n tekemiseen. T\u00e4rke\u00e4 osa toimintaamme on osallistuminen rotarien nuorisovaihtooon. Tuemme my\u00f6s kansainv\u00e4lisen Rotaryn humanitaarisia projekteja. Tule [&hellip;]<\/p>\n","protected":false},"author":1,"featured_media":0,"parent":0,"menu_order":0,"comment_status":"closed","ping_status":"closed","template":"","meta":{"_acf_changed":false,"_et_pb_use_builder":"on","_et_pb_old_content":"","_et_gb_content_width":"","footnotes":""},"class_list":["post-129","page","type-page","status-publish","hentry"],"acf":[],"yoast_head":"<!-- This site is optimized with the Yoast SEO plugin v27.0 - https:\/\/yoast.com\/product\/yoast-seo-wordpress\/ -->\n<title>Keit\u00e4 olemme - Laitilan Rotaryklubi<\/title>\n<meta name=\"robots\" content=\"index, follow, max-snippet:-1, max-image-preview:large, max-video-preview:-1\" \/>\n<link rel=\"canonical\" href=\"https:\/\/rotary.fi\/laitila\/keita-olemme\/\" \/>\n<meta property=\"og:locale\" content=\"fi_FI\" \/>\n<meta property=\"og:type\" content=\"article\" \/>\n<meta property=\"og:title\" content=\"Keit\u00e4 olemme - Laitilan Rotaryklubi\" \/>\n<meta property=\"og:description\" content=\"Keit\u00e4 olemme Aktiivisia toimijoitaLaitilan Rotaryklubi on uudistuva ja toimelias rotaryklubi. Kokoonnumme joka toinen tiistai klubi-iltaan klo 17.30 Hyvinvointikeskus Poukanvilleen tapaamaan toisiamme ja edist\u00e4m\u00e4\u00e4n hyv\u00e4\u00e4 omalla paikkakunnallamme. K\u00e4ymme my\u00f6s yritysvierailuilla, mets\u00e4retkill\u00e4 ja jopa ulkomailla. Toteutamme klubin omia projekteja varojen hankkimiseksi hyv\u00e4n tekemiseen. T\u00e4rke\u00e4 osa toimintaamme on osallistuminen rotarien nuorisovaihtooon. Tuemme my\u00f6s kansainv\u00e4lisen Rotaryn humanitaarisia projekteja. Tule [&hellip;]\" \/>\n<meta property=\"og:url\" content=\"https:\/\/rotary.fi\/laitila\/keita-olemme\/\" \/>\n<meta property=\"og:site_name\" content=\"Laitilan Rotaryklubi\" \/>\n<meta property=\"article:modified_time\" content=\"2024-07-03T07:26:30+00:00\" \/>\n<meta name=\"twitter:card\" content=\"summary_large_image\" \/>\n<meta name=\"twitter:label1\" content=\"Arvioitu lukuaika\" \/>\n\t<meta name=\"twitter:data1\" content=\"3 minuuttia\" \/>\n<script type=\"application\/ld+json\" class=\"yoast-schema-graph\">{\"@context\":\"https:\/\/schema.org\",\"@graph\":[{\"@type\":\"WebPage\",\"@id\":\"https:\/\/rotary.fi\/laitila\/keita-olemme\/\",\"url\":\"https:\/\/rotary.fi\/laitila\/keita-olemme\/\",\"name\":\"Keit\u00e4 olemme - Laitilan Rotaryklubi\",\"isPartOf\":{\"@id\":\"https:\/\/rotary.fi\/laitila\/#website\"},\"datePublished\":\"2018-08-10T10:41:39+00:00\",\"dateModified\":\"2024-07-03T07:26:30+00:00\",\"breadcrumb\":{\"@id\":\"https:\/\/rotary.fi\/laitila\/keita-olemme\/#breadcrumb\"},\"inLanguage\":\"fi\",\"potentialAction\":[{\"@type\":\"ReadAction\",\"target\":[\"https:\/\/rotary.fi\/laitila\/keita-olemme\/\"]}]},{\"@type\":\"BreadcrumbList\",\"@id\":\"https:\/\/rotary.fi\/laitila\/keita-olemme\/#breadcrumb\",\"itemListElement\":[{\"@type\":\"ListItem\",\"position\":1,\"name\":\"Home\",\"item\":\"https:\/\/rotary.fi\/laitila\/\"},{\"@type\":\"ListItem\",\"position\":2,\"name\":\"Keit\u00e4 olemme\"}]},{\"@type\":\"WebSite\",\"@id\":\"https:\/\/rotary.fi\/laitila\/#website\",\"url\":\"https:\/\/rotary.fi\/laitila\/\",\"name\":\"Laitilan Rotaryklubi\",\"description\":\"Uusi Rotary klubisivusto\",\"potentialAction\":[{\"@type\":\"SearchAction\",\"target\":{\"@type\":\"EntryPoint\",\"urlTemplate\":\"https:\/\/rotary.fi\/laitila\/?s={search_term_string}\"},\"query-input\":{\"@type\":\"PropertyValueSpecification\",\"valueRequired\":true,\"valueName\":\"search_term_string\"}}],\"inLanguage\":\"fi\"}]}<\/script>\n<!-- \/ Yoast SEO plugin. -->","yoast_head_json":{"title":"Keit\u00e4 olemme - Laitilan Rotaryklubi","robots":{"index":"index","follow":"follow","max-snippet":"max-snippet:-1","max-image-preview":"max-image-preview:large","max-video-preview":"max-video-preview:-1"},"canonical":"https:\/\/rotary.fi\/laitila\/keita-olemme\/","og_locale":"fi_FI","og_type":"article","og_title":"Keit\u00e4 olemme - Laitilan Rotaryklubi","og_description":"Keit\u00e4 olemme Aktiivisia toimijoitaLaitilan Rotaryklubi on uudistuva ja toimelias rotaryklubi. Kokoonnumme joka toinen tiistai klubi-iltaan klo 17.30 Hyvinvointikeskus Poukanvilleen tapaamaan toisiamme ja edist\u00e4m\u00e4\u00e4n hyv\u00e4\u00e4 omalla paikkakunnallamme. K\u00e4ymme my\u00f6s yritysvierailuilla, mets\u00e4retkill\u00e4 ja jopa ulkomailla. Toteutamme klubin omia projekteja varojen hankkimiseksi hyv\u00e4n tekemiseen. T\u00e4rke\u00e4 osa toimintaamme on osallistuminen rotarien nuorisovaihtooon. Tuemme my\u00f6s kansainv\u00e4lisen Rotaryn humanitaarisia projekteja. Tule [&hellip;]","og_url":"https:\/\/rotary.fi\/laitila\/keita-olemme\/","og_site_name":"Laitilan Rotaryklubi","article_modified_time":"2024-07-03T07:26:30+00:00","twitter_card":"summary_large_image","twitter_misc":{"Arvioitu lukuaika":"3 minuuttia"},"schema":{"@context":"https:\/\/schema.org","@graph":[{"@type":"WebPage","@id":"https:\/\/rotary.fi\/laitila\/keita-olemme\/","url":"https:\/\/rotary.fi\/laitila\/keita-olemme\/","name":"Keit\u00e4 olemme - Laitilan Rotaryklubi","isPartOf":{"@id":"https:\/\/rotary.fi\/laitila\/#website"},"datePublished":"2018-08-10T10:41:39+00:00","dateModified":"2024-07-03T07:26:30+00:00","breadcrumb":{"@id":"https:\/\/rotary.fi\/laitila\/keita-olemme\/#breadcrumb"},"inLanguage":"fi","potentialAction":[{"@type":"ReadAction","target":["https:\/\/rotary.fi\/laitila\/keita-olemme\/"]}]},{"@type":"BreadcrumbList","@id":"https:\/\/rotary.fi\/laitila\/keita-olemme\/#breadcrumb","itemListElement":[{"@type":"ListItem","position":1,"name":"Home","item":"https:\/\/rotary.fi\/laitila\/"},{"@type":"ListItem","position":2,"name":"Keit\u00e4 olemme"}]},{"@type":"WebSite","@id":"https:\/\/rotary.fi\/laitila\/#website","url":"https:\/\/rotary.fi\/laitila\/","name":"Laitilan Rotaryklubi","description":"Uusi Rotary klubisivusto","potentialAction":[{"@type":"SearchAction","target":{"@type":"EntryPoint","urlTemplate":"https:\/\/rotary.fi\/laitila\/?s={search_term_string}"},"query-input":{"@type":"PropertyValueSpecification","valueRequired":true,"valueName":"search_term_string"}}],"inLanguage":"fi"}]}},"lang":"fi","translations":{"fi":129},"pll_sync_post":[],"_links":{"self":[{"href":"https:\/\/rotary.fi\/laitila\/wp-json\/wp\/v2\/pages\/129","targetHints":{"allow":["GET"]}}],"collection":[{"href":"https:\/\/rotary.fi\/laitila\/wp-json\/wp\/v2\/pages"}],"about":[{"href":"https:\/\/rotary.fi\/laitila\/wp-json\/wp\/v2\/types\/page"}],"author":[{"embeddable":true,"href":"https:\/\/rotary.fi\/laitila\/wp-json\/wp\/v2\/users\/1"}],"replies":[{"embeddable":true,"href":"https:\/\/rotary.fi\/laitila\/wp-json\/wp\/v2\/comments?post=129"}],"version-history":[{"count":12,"href":"https:\/\/rotary.fi\/laitila\/wp-json\/wp\/v2\/pages\/129\/revisions"}],"predecessor-version":[{"id":2279,"href":"https:\/\/rotary.fi\/laitila\/wp-json\/wp\/v2\/pages\/129\/revisions\/2279"}],"wp:attachment":[{"href":"https:\/\/rotary.fi\/laitila\/wp-json\/wp\/v2\/media?parent=129"}],"curies":[{"name":"wp","href":"https:\/\/api.w.org\/{rel}","templated":true}]}}