{"id":156,"date":"2018-08-13T09:46:59","date_gmt":"2018-08-13T06:46:59","guid":{"rendered":"https:\/\/rotary.fi\/laihia\/?page_id=156"},"modified":"2025-02-03T15:41:44","modified_gmt":"2025-02-03T13:41:44","slug":"projektit","status":"publish","type":"page","link":"https:\/\/rotary.fi\/laihia\/mita-teemme\/projektit\/","title":{"rendered":"Projektit"},"content":{"rendered":"<p>[et_pb_section fb_built=&#8221;1&#8243; module_class=&#8221;jumbotron-page&#8221; _builder_version=&#8221;4.16&#8243; background_image=&#8221;https:\/\/rotary.fi\/laihia\/wp-content\/uploads\/sites\/37\/2021\/11\/maisema.png&#8221; global_colors_info=&#8221;{}&#8221;][et_pb_row _builder_version=&#8221;4.16&#8243; background_size=&#8221;initial&#8221; background_position=&#8221;top_left&#8221; background_repeat=&#8221;repeat&#8221; global_colors_info=&#8221;{}&#8221;][et_pb_column type=&#8221;4_4&#8243; _builder_version=&#8221;4.16&#8243; custom_padding=&#8221;|||&#8221; global_colors_info=&#8221;{}&#8221; custom_padding__hover=&#8221;|||&#8221;][et_pb_text admin_label=&#8221;P\u00e4\u00e4otsikko&#8221; _builder_version=&#8221;4.16&#8243; text_orientation=&#8221;center&#8221; background_layout=&#8221;dark&#8221; global_colors_info=&#8221;{}&#8221;]<\/p>\n<h1>Projektit<\/h1>\n<p>[\/et_pb_text][\/et_pb_column][\/et_pb_row][\/et_pb_section][et_pb_section fb_built=&#8221;1&#8243; specialty=&#8221;on&#8221; module_class_2=&#8221;sivupalkki&#8221; _builder_version=&#8221;4.16&#8243; global_colors_info=&#8221;{}&#8221;][et_pb_column type=&#8221;2_3&#8243; specialty_columns=&#8221;2&#8243; _builder_version=&#8221;4.16&#8243; custom_padding=&#8221;|||&#8221; global_colors_info=&#8221;{}&#8221; custom_padding__hover=&#8221;|||&#8221;][et_pb_row_inner admin_label=&#8221;Rivi&#8221; _builder_version=&#8221;4.16&#8243; global_colors_info=&#8221;{}&#8221;][et_pb_column_inner saved_specialty_column_type=&#8221;2_3&#8243; _builder_version=&#8221;4.16&#8243; custom_padding=&#8221;|||&#8221; global_colors_info=&#8221;{}&#8221; custom_padding__hover=&#8221;|||&#8221;][et_pb_text admin_label=&#8221;Projektit &#8211; Otsikko&#8221; _builder_version=&#8221;4.16&#8243; text_orientation=&#8221;center&#8221; global_colors_info=&#8221;{}&#8221;]<\/p>\n<h1>Projektit<\/h1>\n<p>[\/et_pb_text][et_pb_text _builder_version=&#8221;4.16&#8243; global_colors_info=&#8221;{}&#8221;]<\/p>\n<p>Rotary on palveluj\u00e4rjest\u00f6. Toimimme tunnuslauseemme Palvelu itsekkyyden edelle (Service above self) mukaisesti paikallisesti ja maailmanlaajuisesti. Kansainv\u00e4linen humanit\u00e4\u00e4rinen palvelumme toteutuu Rotarys\u00e4\u00e4ti\u00f6mme koordinoimana ja hyv\u00e4ksyttyjen kumppaneiden kanssa.<\/p>\n<p>&nbsp;<\/p>\n<h2 style=\"text-align: center\"><strong>Pieni\u00e4 projekteja<\/strong><\/h2>\n<p>&#8211; Veteraanimuseossa avustajina<\/p>\n<p>&#8211; Laihian kirkossa jumalanpalvelusavustajina<\/p>\n<p>&nbsp;<\/p>\n<p>[\/et_pb_text][et_pb_text admin_label=&#8221;Retkeilyv\u00e4lineprojekti&#8221; _builder_version=&#8221;4.16&#8243; text_orientation=&#8221;center&#8221; global_colors_info=&#8221;{}&#8221;]<\/p>\n<h2>Lainattavia retkeilyv\u00e4lineit\u00e4 kyr\u00f6nmaalaisille<\/h2>\n<p>[\/et_pb_text][et_pb_text content_last_edited=&#8221;off|phone&#8221; _builder_version=&#8221;4.16&#8243; global_colors_info=&#8221;{}&#8221;]<\/p>\n<p><em><strong><img loading=\"lazy\" decoding=\"async\" class=\"wp-image-2003 alignright size-medium\" src=\"https:\/\/rotary.fi\/laihia\/wp-content\/uploads\/sites\/37\/2021\/11\/retkella-1-225x300.jpeg\" alt=\"\" width=\"225\" height=\"300\" \/>Lainattavia retkeilyv\u00e4lineit\u00e4 kyr\u00f6nmaalaisille<\/strong><\/em> on Laihian Rotaryklubin <em><strong>palveluprojekti<\/strong><\/em>, jonka tavoitteena on tuoda retkeilyvarusteita helposti, matalalla kynnyksell\u00e4 lainattavaksi laihialaisille, v\u00e4h\u00e4- ja isokyr\u00f6l\u00e4isille sek\u00e4 ylistarolaisille ja samalla mahdollistaa ja kannustaa alueen asukkaita lis\u00e4\u00e4m\u00e4\u00e4n retkeily\u00e4 ja luonnossa liikkumista. Lainaus tapahtuu Laihian kunnankirjastosta.<\/p>\n<p>Projektin aikana klubi toteuttaa mm. erilaisia varainhankintatempauksia, joiden tuotolla klubi hankkii projektille uusia retkeilyvarusteita sek\u00e4 huoltaa ja korjaa mahdollisesti rikkoutuvia varusteita. Vuonna 2022 v\u00e4linehankintoihin saadaan my\u00f6s EU:n maaseudun kehitt\u00e4misen maatalousrahastosta tukea Yhyres-yhdistyksen pienten projektien &#8221;P\u00f6hin\u00e4&#8221; teemahankkeesta.<\/p>\n<h3><img loading=\"lazy\" decoding=\"async\" class=\"wp-image-2004 alignright size-medium\" src=\"https:\/\/rotary.fi\/laihia\/wp-content\/uploads\/sites\/37\/2021\/11\/trangiaruokaa-1-224x300.jpg\" alt=\"\" width=\"224\" height=\"300\" srcset=\"https:\/\/rotary.fi\/laihia\/wp-content\/uploads\/sites\/37\/2021\/11\/trangiaruokaa-1-224x300.jpg 224w, https:\/\/rotary.fi\/laihia\/wp-content\/uploads\/sites\/37\/2021\/11\/trangiaruokaa-1.jpg 466w\" sizes=\"(max-width: 224px) 100vw, 224px\" \/>Lahjoita projektille<\/h3>\n<p>Leader-tuen ulkopuolella klubi haastaa kyr\u00f6nmaalaisia lahjoittamaan projektin k\u00e4ytt\u00f6\u00f6n omia hyv\u00e4kuntoisia tarpeettomaksi j\u00e4\u00e4neit\u00e4 k\u00e4ytettyj\u00e4 retkeilyvarusteita. Ideoimme mielell\u00e4mme my\u00f6s muuta sponsorointia yritysten tai muiden lahjoittajien kanssa.<\/p>\n<p>[\/et_pb_text][\/et_pb_column_inner][\/et_pb_row_inner][\/et_pb_column][et_pb_column type=&#8221;1_3&#8243; _builder_version=&#8221;4.16&#8243; custom_padding=&#8221;|||&#8221; global_colors_info=&#8221;{}&#8221; custom_padding__hover=&#8221;|||&#8221;][et_pb_sidebar area=&#8221;sidebar-1&#8243; module_class=&#8221;sivupalkki_sisalto&#8221; _builder_version=&#8221;4.16&#8243; locked=&#8221;on&#8221; global_colors_info=&#8221;{}&#8221;]<br \/>\n[\/et_pb_sidebar][\/et_pb_column][\/et_pb_section]<\/p>\n","protected":false},"excerpt":{"rendered":"<p>Projektit ProjektitRotary on palveluj\u00e4rjest\u00f6. Toimimme tunnuslauseemme Palvelu itsekkyyden edelle (Service above self) mukaisesti paikallisesti ja maailmanlaajuisesti. Kansainv\u00e4linen humanit\u00e4\u00e4rinen palvelumme toteutuu Rotarys\u00e4\u00e4ti\u00f6mme koordinoimana ja hyv\u00e4ksyttyjen kumppaneiden kanssa. &nbsp; Pieni\u00e4 projekteja &#8211; Veteraanimuseossa avustajina &#8211; Laihian kirkossa jumalanpalvelusavustajina &nbsp;Lainattavia retkeilyv\u00e4lineit\u00e4 kyr\u00f6nmaalaisilleLainattavia retkeilyv\u00e4lineit\u00e4 kyr\u00f6nmaalaisille on Laihian Rotaryklubin palveluprojekti, jonka tavoitteena on tuoda retkeilyvarusteita helposti, matalalla kynnyksell\u00e4 lainattavaksi laihialaisille, [&hellip;]<\/p>\n","protected":false},"author":1,"featured_media":0,"parent":77,"menu_order":0,"comment_status":"closed","ping_status":"closed","template":"","meta":{"_acf_changed":false,"_et_pb_use_builder":"on","_et_pb_old_content":"","_et_gb_content_width":"","footnotes":""},"class_list":["post-156","page","type-page","status-publish","hentry"],"acf":[],"yoast_head":"<!-- This site is optimized with the Yoast SEO plugin v27.0 - https:\/\/yoast.com\/product\/yoast-seo-wordpress\/ -->\n<title>Projektit - Laihian Rotaryklubi<\/title>\n<meta name=\"robots\" content=\"index, follow, max-snippet:-1, max-image-preview:large, max-video-preview:-1\" \/>\n<link rel=\"canonical\" href=\"https:\/\/rotary.fi\/laihia\/mita-teemme\/projektit\/\" \/>\n<meta property=\"og:locale\" content=\"fi_FI\" \/>\n<meta property=\"og:type\" content=\"article\" \/>\n<meta property=\"og:title\" content=\"Projektit - Laihian Rotaryklubi\" \/>\n<meta property=\"og:description\" content=\"Projektit ProjektitRotary on palveluj\u00e4rjest\u00f6. Toimimme tunnuslauseemme Palvelu itsekkyyden edelle (Service above self) mukaisesti paikallisesti ja maailmanlaajuisesti. Kansainv\u00e4linen humanit\u00e4\u00e4rinen palvelumme toteutuu Rotarys\u00e4\u00e4ti\u00f6mme koordinoimana ja hyv\u00e4ksyttyjen kumppaneiden kanssa. &nbsp; Pieni\u00e4 projekteja - Veteraanimuseossa avustajina - Laihian kirkossa jumalanpalvelusavustajina &nbsp;Lainattavia retkeilyv\u00e4lineit\u00e4 kyr\u00f6nmaalaisilleLainattavia retkeilyv\u00e4lineit\u00e4 kyr\u00f6nmaalaisille on Laihian Rotaryklubin palveluprojekti, jonka tavoitteena on tuoda retkeilyvarusteita helposti, matalalla kynnyksell\u00e4 lainattavaksi laihialaisille, [&hellip;]\" \/>\n<meta property=\"og:url\" content=\"https:\/\/rotary.fi\/laihia\/mita-teemme\/projektit\/\" \/>\n<meta property=\"og:site_name\" content=\"Laihian Rotaryklubi\" \/>\n<meta property=\"article:modified_time\" content=\"2025-02-03T13:41:44+00:00\" \/>\n<meta property=\"og:image\" content=\"https:\/\/rotary.fi\/laihia\/wp-content\/uploads\/sites\/37\/2021\/11\/retkella-1.jpeg\" \/>\n\t<meta property=\"og:image:width\" content=\"576\" \/>\n\t<meta property=\"og:image:height\" content=\"767\" \/>\n\t<meta property=\"og:image:type\" content=\"image\/jpeg\" \/>\n<meta name=\"twitter:card\" content=\"summary_large_image\" \/>\n<meta name=\"twitter:label1\" content=\"Arvioitu lukuaika\" \/>\n\t<meta name=\"twitter:data1\" content=\"2 minuuttia\" \/>\n<script type=\"application\/ld+json\" class=\"yoast-schema-graph\">{\"@context\":\"https:\/\/schema.org\",\"@graph\":[{\"@type\":\"WebPage\",\"@id\":\"https:\/\/rotary.fi\/laihia\/mita-teemme\/projektit\/\",\"url\":\"https:\/\/rotary.fi\/laihia\/mita-teemme\/projektit\/\",\"name\":\"Projektit - Laihian Rotaryklubi\",\"isPartOf\":{\"@id\":\"https:\/\/rotary.fi\/laihia\/#website\"},\"primaryImageOfPage\":{\"@id\":\"https:\/\/rotary.fi\/laihia\/mita-teemme\/projektit\/#primaryimage\"},\"image\":{\"@id\":\"https:\/\/rotary.fi\/laihia\/mita-teemme\/projektit\/#primaryimage\"},\"thumbnailUrl\":\"https:\/\/rotary.fi\/laihia\/wp-content\/uploads\/sites\/37\/2021\/11\/retkella-1-225x300.jpeg\",\"datePublished\":\"2018-08-13T06:46:59+00:00\",\"dateModified\":\"2025-02-03T13:41:44+00:00\",\"breadcrumb\":{\"@id\":\"https:\/\/rotary.fi\/laihia\/mita-teemme\/projektit\/#breadcrumb\"},\"inLanguage\":\"fi\",\"potentialAction\":[{\"@type\":\"ReadAction\",\"target\":[\"https:\/\/rotary.fi\/laihia\/mita-teemme\/projektit\/\"]}]},{\"@type\":\"ImageObject\",\"inLanguage\":\"fi\",\"@id\":\"https:\/\/rotary.fi\/laihia\/mita-teemme\/projektit\/#primaryimage\",\"url\":\"https:\/\/rotary.fi\/laihia\/wp-content\/uploads\/sites\/37\/2021\/11\/retkella-1.jpeg\",\"contentUrl\":\"https:\/\/rotary.fi\/laihia\/wp-content\/uploads\/sites\/37\/2021\/11\/retkella-1.jpeg\",\"width\":576,\"height\":767},{\"@type\":\"BreadcrumbList\",\"@id\":\"https:\/\/rotary.fi\/laihia\/mita-teemme\/projektit\/#breadcrumb\",\"itemListElement\":[{\"@type\":\"ListItem\",\"position\":1,\"name\":\"Home\",\"item\":\"https:\/\/rotary.fi\/laihia\/\"},{\"@type\":\"ListItem\",\"position\":2,\"name\":\"Mit\u00e4 teemme\",\"item\":\"https:\/\/rotary.fi\/laihia\/mita-teemme\/\"},{\"@type\":\"ListItem\",\"position\":3,\"name\":\"Projektit\"}]},{\"@type\":\"WebSite\",\"@id\":\"https:\/\/rotary.fi\/laihia\/#website\",\"url\":\"https:\/\/rotary.fi\/laihia\/\",\"name\":\"Laihian Rotaryklubi\",\"description\":\"Uusi Rotary klubisivusto\",\"potentialAction\":[{\"@type\":\"SearchAction\",\"target\":{\"@type\":\"EntryPoint\",\"urlTemplate\":\"https:\/\/rotary.fi\/laihia\/?s={search_term_string}\"},\"query-input\":{\"@type\":\"PropertyValueSpecification\",\"valueRequired\":true,\"valueName\":\"search_term_string\"}}],\"inLanguage\":\"fi\"}]}<\/script>\n<!-- \/ Yoast SEO plugin. -->","yoast_head_json":{"title":"Projektit - Laihian Rotaryklubi","robots":{"index":"index","follow":"follow","max-snippet":"max-snippet:-1","max-image-preview":"max-image-preview:large","max-video-preview":"max-video-preview:-1"},"canonical":"https:\/\/rotary.fi\/laihia\/mita-teemme\/projektit\/","og_locale":"fi_FI","og_type":"article","og_title":"Projektit - Laihian Rotaryklubi","og_description":"Projektit ProjektitRotary on palveluj\u00e4rjest\u00f6. Toimimme tunnuslauseemme Palvelu itsekkyyden edelle (Service above self) mukaisesti paikallisesti ja maailmanlaajuisesti. Kansainv\u00e4linen humanit\u00e4\u00e4rinen palvelumme toteutuu Rotarys\u00e4\u00e4ti\u00f6mme koordinoimana ja hyv\u00e4ksyttyjen kumppaneiden kanssa. &nbsp; Pieni\u00e4 projekteja - Veteraanimuseossa avustajina - Laihian kirkossa jumalanpalvelusavustajina &nbsp;Lainattavia retkeilyv\u00e4lineit\u00e4 kyr\u00f6nmaalaisilleLainattavia retkeilyv\u00e4lineit\u00e4 kyr\u00f6nmaalaisille on Laihian Rotaryklubin palveluprojekti, jonka tavoitteena on tuoda retkeilyvarusteita helposti, matalalla kynnyksell\u00e4 lainattavaksi laihialaisille, [&hellip;]","og_url":"https:\/\/rotary.fi\/laihia\/mita-teemme\/projektit\/","og_site_name":"Laihian Rotaryklubi","article_modified_time":"2025-02-03T13:41:44+00:00","og_image":[{"width":576,"height":767,"url":"https:\/\/rotary.fi\/laihia\/wp-content\/uploads\/sites\/37\/2021\/11\/retkella-1.jpeg","type":"image\/jpeg"}],"twitter_card":"summary_large_image","twitter_misc":{"Arvioitu lukuaika":"2 minuuttia"},"schema":{"@context":"https:\/\/schema.org","@graph":[{"@type":"WebPage","@id":"https:\/\/rotary.fi\/laihia\/mita-teemme\/projektit\/","url":"https:\/\/rotary.fi\/laihia\/mita-teemme\/projektit\/","name":"Projektit - Laihian Rotaryklubi","isPartOf":{"@id":"https:\/\/rotary.fi\/laihia\/#website"},"primaryImageOfPage":{"@id":"https:\/\/rotary.fi\/laihia\/mita-teemme\/projektit\/#primaryimage"},"image":{"@id":"https:\/\/rotary.fi\/laihia\/mita-teemme\/projektit\/#primaryimage"},"thumbnailUrl":"https:\/\/rotary.fi\/laihia\/wp-content\/uploads\/sites\/37\/2021\/11\/retkella-1-225x300.jpeg","datePublished":"2018-08-13T06:46:59+00:00","dateModified":"2025-02-03T13:41:44+00:00","breadcrumb":{"@id":"https:\/\/rotary.fi\/laihia\/mita-teemme\/projektit\/#breadcrumb"},"inLanguage":"fi","potentialAction":[{"@type":"ReadAction","target":["https:\/\/rotary.fi\/laihia\/mita-teemme\/projektit\/"]}]},{"@type":"ImageObject","inLanguage":"fi","@id":"https:\/\/rotary.fi\/laihia\/mita-teemme\/projektit\/#primaryimage","url":"https:\/\/rotary.fi\/laihia\/wp-content\/uploads\/sites\/37\/2021\/11\/retkella-1.jpeg","contentUrl":"https:\/\/rotary.fi\/laihia\/wp-content\/uploads\/sites\/37\/2021\/11\/retkella-1.jpeg","width":576,"height":767},{"@type":"BreadcrumbList","@id":"https:\/\/rotary.fi\/laihia\/mita-teemme\/projektit\/#breadcrumb","itemListElement":[{"@type":"ListItem","position":1,"name":"Home","item":"https:\/\/rotary.fi\/laihia\/"},{"@type":"ListItem","position":2,"name":"Mit\u00e4 teemme","item":"https:\/\/rotary.fi\/laihia\/mita-teemme\/"},{"@type":"ListItem","position":3,"name":"Projektit"}]},{"@type":"WebSite","@id":"https:\/\/rotary.fi\/laihia\/#website","url":"https:\/\/rotary.fi\/laihia\/","name":"Laihian Rotaryklubi","description":"Uusi Rotary klubisivusto","potentialAction":[{"@type":"SearchAction","target":{"@type":"EntryPoint","urlTemplate":"https:\/\/rotary.fi\/laihia\/?s={search_term_string}"},"query-input":{"@type":"PropertyValueSpecification","valueRequired":true,"valueName":"search_term_string"}}],"inLanguage":"fi"}]}},"lang":"fi","translations":{"fi":156},"pll_sync_post":[],"_links":{"self":[{"href":"https:\/\/rotary.fi\/laihia\/wp-json\/wp\/v2\/pages\/156","targetHints":{"allow":["GET"]}}],"collection":[{"href":"https:\/\/rotary.fi\/laihia\/wp-json\/wp\/v2\/pages"}],"about":[{"href":"https:\/\/rotary.fi\/laihia\/wp-json\/wp\/v2\/types\/page"}],"author":[{"embeddable":true,"href":"https:\/\/rotary.fi\/laihia\/wp-json\/wp\/v2\/users\/1"}],"replies":[{"embeddable":true,"href":"https:\/\/rotary.fi\/laihia\/wp-json\/wp\/v2\/comments?post=156"}],"version-history":[{"count":10,"href":"https:\/\/rotary.fi\/laihia\/wp-json\/wp\/v2\/pages\/156\/revisions"}],"predecessor-version":[{"id":2155,"href":"https:\/\/rotary.fi\/laihia\/wp-json\/wp\/v2\/pages\/156\/revisions\/2155"}],"up":[{"embeddable":true,"href":"https:\/\/rotary.fi\/laihia\/wp-json\/wp\/v2\/pages\/77"}],"wp:attachment":[{"href":"https:\/\/rotary.fi\/laihia\/wp-json\/wp\/v2\/media?parent=156"}],"curies":[{"name":"wp","href":"https:\/\/api.w.org\/{rel}","templated":true}]}}