{"id":132,"date":"2018-08-10T13:59:56","date_gmt":"2018-08-10T10:59:56","guid":{"rendered":"https:\/\/rotary.fi\/klubi2\/?page_id=132"},"modified":"2022-02-03T21:42:14","modified_gmt":"2022-02-03T19:42:14","slug":"vanhat-hallitukset","status":"publish","type":"page","link":"https:\/\/rotary.fi\/laihia\/keita-olemme\/hallitus-ja-toimihenkilot\/vanhat-hallitukset\/","title":{"rendered":"Vanhat hallitukset"},"content":{"rendered":"<p>[et_pb_section fb_built=&#8221;1&#8243; module_class=&#8221;jumbotron-page&#8221; _builder_version=&#8221;3.22&#8243; background_image=&#8221;https:\/\/rotary.fi\/laihia\/wp-content\/uploads\/sites\/37\/2018\/10\/rotary_klubit_alasivu_paakuva_12.jpg&#8221; global_colors_info=&#8221;{}&#8221;][et_pb_row _builder_version=&#8221;3.25&#8243; background_size=&#8221;initial&#8221; background_position=&#8221;top_left&#8221; background_repeat=&#8221;repeat&#8221; global_colors_info=&#8221;{}&#8221;][et_pb_column type=&#8221;4_4&#8243; _builder_version=&#8221;3.0.47&#8243; custom_padding=&#8221;|||&#8221; global_colors_info=&#8221;{}&#8221; custom_padding__hover=&#8221;|||&#8221;][et_pb_text admin_label=&#8221;P\u00e4\u00e4otsikko&#8221; _builder_version=&#8221;4.9.10&#8243; text_orientation=&#8221;center&#8221; background_layout=&#8221;dark&#8221; global_colors_info=&#8221;{}&#8221;]<\/p>\n<h1>Vanhat hallitukset ja toimihenkil\u00f6t<\/h1>\n<p>[\/et_pb_text][\/et_pb_column][\/et_pb_row][\/et_pb_section][et_pb_section fb_built=&#8221;1&#8243; specialty=&#8221;on&#8221; module_class_2=&#8221;sivupalkki&#8221; _builder_version=&#8221;3.22&#8243; global_colors_info=&#8221;{}&#8221;][et_pb_column type=&#8221;2_3&#8243; specialty_columns=&#8221;2&#8243; _builder_version=&#8221;3.25&#8243; custom_padding=&#8221;|||&#8221; global_colors_info=&#8221;{}&#8221; custom_padding__hover=&#8221;|||&#8221;][et_pb_row_inner admin_label=&#8221;Rivi&#8221; _builder_version=&#8221;3.25&#8243; global_colors_info=&#8221;{}&#8221;][et_pb_column_inner saved_specialty_column_type=&#8221;2_3&#8243; _builder_version=&#8221;3.0.47&#8243; custom_padding=&#8221;|||&#8221; global_colors_info=&#8221;{}&#8221; custom_padding__hover=&#8221;|||&#8221;][et_pb_text admin_label=&#8221;Otsikko&#8221; _builder_version=&#8221;4.9.10&#8243; text_orientation=&#8221;center&#8221; global_colors_info=&#8221;{}&#8221;]<\/p>\n<h1>Vanhat hallitukset ja toimihenkil\u00f6t<\/h1>\n<p>[\/et_pb_text][et_pb_text admin_label=&#8221;2020-2021&#8243; _builder_version=&#8221;4.14.6&#8243; _module_preset=&#8221;default&#8221; hover_enabled=&#8221;0&#8243; global_colors_info=&#8221;{}&#8221; sticky_enabled=&#8221;0&#8243;]<\/p>\n<h3>Hallitus ja toimihenkil\u00f6t<br \/>2020-2021<\/h3>\n<p><strong>Presidentti 2020-2021 <\/strong>Sauli Toivonen<br \/><strong>Tuleva presidentti <\/strong>Hanna Wilamo<br \/><strong>Past presidentti<\/strong> Jarmo Hein\u00e4aho<br \/><strong>1. sihteeri<\/strong> Jyrki Leppilahti<br \/><strong>1. klubimestari<\/strong> Juhani Hietakangas<br \/><strong>2. klubimestari<\/strong> Kari Ala<br \/><strong>Rahastonhoitaja<\/strong> Pauli Ylih\u00e4rsil\u00e4<br \/><strong>Nuorisovaihtoasiamies <\/strong>Olavi V\u00e4h\u00e4m\u00e4ki<br \/><strong>ICT-vastaava<\/strong>\u00a0<\/p>\n<h4>Komiteat 2020-2021<\/h4>\n<p><strong>Klubipalvelukomitea: <em>Juhani Hietakangas pj.<\/em>, <\/strong>Merja Harju, Lasse Koski, Vesa Nurminen,\u00a0<\/p>\n<p><strong>Ammatti- ja yhteiskuntapalvelukomitea: <em>Raimo Vessonen pj.<\/em>, <\/strong>Ari Viero, Esa Simil\u00e4<\/p>\n<p><strong>Kansainv\u00e4lisen palvelun komitea: <em>Hanna Wilamo pj.<\/em>, <\/strong>Tapani Koski, Jyrki Leppilahti, Kari Jokim\u00e4ki, Antti Lammi<\/p>\n<p><strong>J\u00e4senyyskomitea: <em>Olli Hietala pj.<\/em>, <\/strong>Reijo Lidman, Martti Pinta, Kari Koskenranta, Pentti Kananoja<\/p>\n<p><strong>Nuorisovaihtotiimi:<\/strong> Olavi V\u00e4h\u00e4m\u00e4ki, turva-asiamies Kari Ala, Hanna Wilamo<\/p>\n<p><strong>Toiminnantarkastajat:<\/strong> Merja Harju, Pentti Kananoja. Varalla Antti Holappa<\/p>\n<p>[\/et_pb_text][\/et_pb_column_inner][\/et_pb_row_inner][et_pb_row_inner admin_label=&#8221;Rivi&#8221; _builder_version=&#8221;3.25&#8243; global_colors_info=&#8221;{}&#8221;][et_pb_column_inner saved_specialty_column_type=&#8221;2_3&#8243; _builder_version=&#8221;3.0.47&#8243; custom_padding=&#8221;|||&#8221; global_colors_info=&#8221;{}&#8221; custom_padding__hover=&#8221;|||&#8221;][et_pb_text admin_label=&#8221;2019-2020&#8243; _builder_version=&#8221;4.9.10&#8243; hover_enabled=&#8221;0&#8243; z_index_tablet=&#8221;500&#8243; text_text_shadow_horizontal_length_tablet=&#8221;0px&#8221; text_text_shadow_vertical_length_tablet=&#8221;0px&#8221; text_text_shadow_blur_strength_tablet=&#8221;1px&#8221; link_text_shadow_horizontal_length_tablet=&#8221;0px&#8221; link_text_shadow_vertical_length_tablet=&#8221;0px&#8221; link_text_shadow_blur_strength_tablet=&#8221;1px&#8221; ul_text_shadow_horizontal_length_tablet=&#8221;0px&#8221; ul_text_shadow_vertical_length_tablet=&#8221;0px&#8221; ul_text_shadow_blur_strength_tablet=&#8221;1px&#8221; ol_text_shadow_horizontal_length_tablet=&#8221;0px&#8221; ol_text_shadow_vertical_length_tablet=&#8221;0px&#8221; ol_text_shadow_blur_strength_tablet=&#8221;1px&#8221; quote_text_shadow_horizontal_length_tablet=&#8221;0px&#8221; quote_text_shadow_vertical_length_tablet=&#8221;0px&#8221; quote_text_shadow_blur_strength_tablet=&#8221;1px&#8221; header_text_shadow_horizontal_length_tablet=&#8221;0px&#8221; header_text_shadow_vertical_length_tablet=&#8221;0px&#8221; header_text_shadow_blur_strength_tablet=&#8221;1px&#8221; header_2_text_shadow_horizontal_length_tablet=&#8221;0px&#8221; header_2_text_shadow_vertical_length_tablet=&#8221;0px&#8221; header_2_text_shadow_blur_strength_tablet=&#8221;1px&#8221; header_3_text_shadow_horizontal_length_tablet=&#8221;0px&#8221; header_3_text_shadow_vertical_length_tablet=&#8221;0px&#8221; header_3_text_shadow_blur_strength_tablet=&#8221;1px&#8221; header_4_text_shadow_horizontal_length_tablet=&#8221;0px&#8221; header_4_text_shadow_vertical_length_tablet=&#8221;0px&#8221; header_4_text_shadow_blur_strength_tablet=&#8221;1px&#8221; header_5_text_shadow_horizontal_length_tablet=&#8221;0px&#8221; header_5_text_shadow_vertical_length_tablet=&#8221;0px&#8221; header_5_text_shadow_blur_strength_tablet=&#8221;1px&#8221; header_6_text_shadow_horizontal_length_tablet=&#8221;0px&#8221; header_6_text_shadow_vertical_length_tablet=&#8221;0px&#8221; header_6_text_shadow_blur_strength_tablet=&#8221;1px&#8221; box_shadow_horizontal_tablet=&#8221;0px&#8221; box_shadow_vertical_tablet=&#8221;0px&#8221; box_shadow_blur_tablet=&#8221;40px&#8221; box_shadow_spread_tablet=&#8221;0px&#8221; global_colors_info=&#8221;{}&#8221; sticky_enabled=&#8221;0&#8243;]<\/p>\n<h2>Hallitus ja toimihenkil\u00f6t 2019-2020<\/h2>\n<p><strong>Presidentti <\/strong>Jarmo Hein\u00e4aho<strong><br \/><\/strong><strong>Tuleva presidentti<\/strong> Sauli Toivonen<br \/><strong>Past presidentti<\/strong> Reijo Lidman<br \/><strong>1. sihteeri<\/strong> Pertti T. Lehto<br \/><strong>2. sihteeri<\/strong> Heli Back<br \/><strong>1. klubimestari<\/strong>\u00a0Juhani Hietakangas<br \/><strong>2. klubimestari<\/strong> Kari Ala<br \/><strong>Rahastonhoitaja<\/strong> Pauli Ylih\u00e4rsil\u00e4<br \/><strong>Nuorisovaihtoasiamies <\/strong>Olavi V\u00e4h\u00e4m\u00e4ki (+IT-asiat, s\u00e4\u00e4ti\u00f6asiamies)<\/p>\n<h4>Komiteat 2019-2020<\/h4>\n<p><strong>J\u00e4senyyskomitea: <\/strong><em>Puheenjohtaja <em>O.<\/em> Hietala<\/em> + R.Lidman, M.Pinta, K.Koskenranta<\/p>\n<p><strong>Klubipalvelukomitea: <em>Puheenjohtaja<\/em>J. Hietakangas<\/strong> + M.Harju, J.Mansikka-aho, L.Koski, V.Nurminen<\/p>\n<p><strong>Ammatti ja yhteiskuntapalvelu komitea: <\/strong><em>Puheenjohtaja R. Vessonen<\/em> + P.T.Lehto, A.Viero, H.Ollila, E.Simil\u00e4<\/p>\n<p><strong>Kansainv\u00e4lisen palvelun komitea: <\/strong><em>Puheenjohtaja H. Wilamo<\/em> + T.Koski, J.Leppilahti, K.Jokim\u00e4ki, J.Niemel\u00e4<\/p>\n<p><strong>Nuorisovaihtotiimi:<\/strong> O. V\u00e4h\u00e4m\u00e4ki, K. Ala, H. Wilamo<\/p>\n<p><strong>Toiminnantarkastajat:\u00a0<\/strong>M.Harju, J.Leppilahti, varalla P.Kananoja<\/p>\n<p>[\/et_pb_text][\/et_pb_column_inner][\/et_pb_row_inner][\/et_pb_column][et_pb_column type=&#8221;1_3&#8243; _builder_version=&#8221;3.25&#8243; custom_padding=&#8221;|||&#8221; global_colors_info=&#8221;{}&#8221; custom_padding__hover=&#8221;|||&#8221;][et_pb_sidebar area=&#8221;sidebar-1&#8243; module_class=&#8221;sivupalkki_sisalto&#8221; _builder_version=&#8221;3.4.1&#8243; locked=&#8221;on&#8221; global_colors_info=&#8221;{}&#8221;]<br \/>\n[\/et_pb_sidebar][\/et_pb_column][\/et_pb_section]<\/p>\n","protected":false},"excerpt":{"rendered":"<p>Vanhat hallitukset ja toimihenkil\u00f6tVanhat hallitukset ja toimihenkil\u00f6tHallitus ja toimihenkil\u00f6t2020-2021 Presidentti 2020-2021 Sauli ToivonenTuleva presidentti Hanna WilamoPast presidentti Jarmo Hein\u00e4aho1. sihteeri Jyrki Leppilahti1. klubimestari Juhani Hietakangas2. klubimestari Kari AlaRahastonhoitaja Pauli Ylih\u00e4rsil\u00e4Nuorisovaihtoasiamies Olavi V\u00e4h\u00e4m\u00e4kiICT-vastaava\u00a0 Komiteat 2020-2021 Klubipalvelukomitea: Juhani Hietakangas pj., Merja Harju, Lasse Koski, Vesa Nurminen,\u00a0 Ammatti- ja yhteiskuntapalvelukomitea: Raimo Vessonen pj., Ari Viero, Esa Simil\u00e4 Kansainv\u00e4lisen [&hellip;]<\/p>\n","protected":false},"author":1,"featured_media":0,"parent":1657,"menu_order":0,"comment_status":"closed","ping_status":"closed","template":"","meta":{"_acf_changed":false,"_et_pb_use_builder":"on","_et_pb_old_content":"","_et_gb_content_width":"","footnotes":""},"class_list":["post-132","page","type-page","status-publish","hentry"],"acf":[],"yoast_head":"<!-- This site is optimized with the Yoast SEO plugin v27.0 - https:\/\/yoast.com\/product\/yoast-seo-wordpress\/ -->\n<title>Vanhat hallitukset - Laihian Rotaryklubi<\/title>\n<meta name=\"robots\" content=\"index, follow, max-snippet:-1, max-image-preview:large, max-video-preview:-1\" \/>\n<link rel=\"canonical\" href=\"https:\/\/rotary.fi\/laihia\/keita-olemme\/hallitus-ja-toimihenkilot\/vanhat-hallitukset\/\" \/>\n<meta property=\"og:locale\" content=\"fi_FI\" \/>\n<meta property=\"og:type\" content=\"article\" \/>\n<meta property=\"og:title\" content=\"Vanhat hallitukset - Laihian Rotaryklubi\" \/>\n<meta property=\"og:description\" content=\"Vanhat hallitukset ja toimihenkil\u00f6tVanhat hallitukset ja toimihenkil\u00f6tHallitus ja toimihenkil\u00f6t2020-2021 Presidentti 2020-2021 Sauli ToivonenTuleva presidentti Hanna WilamoPast presidentti Jarmo Hein\u00e4aho1. sihteeri Jyrki Leppilahti1. klubimestari Juhani Hietakangas2. klubimestari Kari AlaRahastonhoitaja Pauli Ylih\u00e4rsil\u00e4Nuorisovaihtoasiamies Olavi V\u00e4h\u00e4m\u00e4kiICT-vastaava\u00a0 Komiteat 2020-2021 Klubipalvelukomitea: Juhani Hietakangas pj., Merja Harju, Lasse Koski, Vesa Nurminen,\u00a0 Ammatti- ja yhteiskuntapalvelukomitea: Raimo Vessonen pj., Ari Viero, Esa Simil\u00e4 Kansainv\u00e4lisen [&hellip;]\" \/>\n<meta property=\"og:url\" content=\"https:\/\/rotary.fi\/laihia\/keita-olemme\/hallitus-ja-toimihenkilot\/vanhat-hallitukset\/\" \/>\n<meta property=\"og:site_name\" content=\"Laihian Rotaryklubi\" \/>\n<meta property=\"article:modified_time\" content=\"2022-02-03T19:42:14+00:00\" \/>\n<meta name=\"twitter:card\" content=\"summary_large_image\" \/>\n<script type=\"application\/ld+json\" class=\"yoast-schema-graph\">{\"@context\":\"https:\/\/schema.org\",\"@graph\":[{\"@type\":\"WebPage\",\"@id\":\"https:\/\/rotary.fi\/laihia\/keita-olemme\/hallitus-ja-toimihenkilot\/vanhat-hallitukset\/\",\"url\":\"https:\/\/rotary.fi\/laihia\/keita-olemme\/hallitus-ja-toimihenkilot\/vanhat-hallitukset\/\",\"name\":\"Vanhat hallitukset - Laihian Rotaryklubi\",\"isPartOf\":{\"@id\":\"https:\/\/rotary.fi\/laihia\/#website\"},\"datePublished\":\"2018-08-10T10:59:56+00:00\",\"dateModified\":\"2022-02-03T19:42:14+00:00\",\"breadcrumb\":{\"@id\":\"https:\/\/rotary.fi\/laihia\/keita-olemme\/hallitus-ja-toimihenkilot\/vanhat-hallitukset\/#breadcrumb\"},\"inLanguage\":\"fi\",\"potentialAction\":[{\"@type\":\"ReadAction\",\"target\":[\"https:\/\/rotary.fi\/laihia\/keita-olemme\/hallitus-ja-toimihenkilot\/vanhat-hallitukset\/\"]}]},{\"@type\":\"BreadcrumbList\",\"@id\":\"https:\/\/rotary.fi\/laihia\/keita-olemme\/hallitus-ja-toimihenkilot\/vanhat-hallitukset\/#breadcrumb\",\"itemListElement\":[{\"@type\":\"ListItem\",\"position\":1,\"name\":\"Home\",\"item\":\"https:\/\/rotary.fi\/laihia\/\"},{\"@type\":\"ListItem\",\"position\":2,\"name\":\"Keit\u00e4 olemme\",\"item\":\"https:\/\/rotary.fi\/laihia\/keita-olemme\/\"},{\"@type\":\"ListItem\",\"position\":3,\"name\":\"Hallitus ja toimihenkil\u00f6t\",\"item\":\"https:\/\/rotary.fi\/laihia\/keita-olemme\/hallitus-ja-toimihenkilot\/\"},{\"@type\":\"ListItem\",\"position\":4,\"name\":\"Vanhat hallitukset\"}]},{\"@type\":\"WebSite\",\"@id\":\"https:\/\/rotary.fi\/laihia\/#website\",\"url\":\"https:\/\/rotary.fi\/laihia\/\",\"name\":\"Laihian Rotaryklubi\",\"description\":\"Uusi Rotary klubisivusto\",\"potentialAction\":[{\"@type\":\"SearchAction\",\"target\":{\"@type\":\"EntryPoint\",\"urlTemplate\":\"https:\/\/rotary.fi\/laihia\/?s={search_term_string}\"},\"query-input\":{\"@type\":\"PropertyValueSpecification\",\"valueRequired\":true,\"valueName\":\"search_term_string\"}}],\"inLanguage\":\"fi\"}]}<\/script>\n<!-- \/ Yoast SEO plugin. -->","yoast_head_json":{"title":"Vanhat hallitukset - Laihian Rotaryklubi","robots":{"index":"index","follow":"follow","max-snippet":"max-snippet:-1","max-image-preview":"max-image-preview:large","max-video-preview":"max-video-preview:-1"},"canonical":"https:\/\/rotary.fi\/laihia\/keita-olemme\/hallitus-ja-toimihenkilot\/vanhat-hallitukset\/","og_locale":"fi_FI","og_type":"article","og_title":"Vanhat hallitukset - Laihian Rotaryklubi","og_description":"Vanhat hallitukset ja toimihenkil\u00f6tVanhat hallitukset ja toimihenkil\u00f6tHallitus ja toimihenkil\u00f6t2020-2021 Presidentti 2020-2021 Sauli ToivonenTuleva presidentti Hanna WilamoPast presidentti Jarmo Hein\u00e4aho1. sihteeri Jyrki Leppilahti1. klubimestari Juhani Hietakangas2. klubimestari Kari AlaRahastonhoitaja Pauli Ylih\u00e4rsil\u00e4Nuorisovaihtoasiamies Olavi V\u00e4h\u00e4m\u00e4kiICT-vastaava\u00a0 Komiteat 2020-2021 Klubipalvelukomitea: Juhani Hietakangas pj., Merja Harju, Lasse Koski, Vesa Nurminen,\u00a0 Ammatti- ja yhteiskuntapalvelukomitea: Raimo Vessonen pj., Ari Viero, Esa Simil\u00e4 Kansainv\u00e4lisen [&hellip;]","og_url":"https:\/\/rotary.fi\/laihia\/keita-olemme\/hallitus-ja-toimihenkilot\/vanhat-hallitukset\/","og_site_name":"Laihian Rotaryklubi","article_modified_time":"2022-02-03T19:42:14+00:00","twitter_card":"summary_large_image","schema":{"@context":"https:\/\/schema.org","@graph":[{"@type":"WebPage","@id":"https:\/\/rotary.fi\/laihia\/keita-olemme\/hallitus-ja-toimihenkilot\/vanhat-hallitukset\/","url":"https:\/\/rotary.fi\/laihia\/keita-olemme\/hallitus-ja-toimihenkilot\/vanhat-hallitukset\/","name":"Vanhat hallitukset - Laihian Rotaryklubi","isPartOf":{"@id":"https:\/\/rotary.fi\/laihia\/#website"},"datePublished":"2018-08-10T10:59:56+00:00","dateModified":"2022-02-03T19:42:14+00:00","breadcrumb":{"@id":"https:\/\/rotary.fi\/laihia\/keita-olemme\/hallitus-ja-toimihenkilot\/vanhat-hallitukset\/#breadcrumb"},"inLanguage":"fi","potentialAction":[{"@type":"ReadAction","target":["https:\/\/rotary.fi\/laihia\/keita-olemme\/hallitus-ja-toimihenkilot\/vanhat-hallitukset\/"]}]},{"@type":"BreadcrumbList","@id":"https:\/\/rotary.fi\/laihia\/keita-olemme\/hallitus-ja-toimihenkilot\/vanhat-hallitukset\/#breadcrumb","itemListElement":[{"@type":"ListItem","position":1,"name":"Home","item":"https:\/\/rotary.fi\/laihia\/"},{"@type":"ListItem","position":2,"name":"Keit\u00e4 olemme","item":"https:\/\/rotary.fi\/laihia\/keita-olemme\/"},{"@type":"ListItem","position":3,"name":"Hallitus ja toimihenkil\u00f6t","item":"https:\/\/rotary.fi\/laihia\/keita-olemme\/hallitus-ja-toimihenkilot\/"},{"@type":"ListItem","position":4,"name":"Vanhat hallitukset"}]},{"@type":"WebSite","@id":"https:\/\/rotary.fi\/laihia\/#website","url":"https:\/\/rotary.fi\/laihia\/","name":"Laihian Rotaryklubi","description":"Uusi Rotary klubisivusto","potentialAction":[{"@type":"SearchAction","target":{"@type":"EntryPoint","urlTemplate":"https:\/\/rotary.fi\/laihia\/?s={search_term_string}"},"query-input":{"@type":"PropertyValueSpecification","valueRequired":true,"valueName":"search_term_string"}}],"inLanguage":"fi"}]}},"lang":"fi","translations":{"fi":132},"pll_sync_post":[],"_links":{"self":[{"href":"https:\/\/rotary.fi\/laihia\/wp-json\/wp\/v2\/pages\/132","targetHints":{"allow":["GET"]}}],"collection":[{"href":"https:\/\/rotary.fi\/laihia\/wp-json\/wp\/v2\/pages"}],"about":[{"href":"https:\/\/rotary.fi\/laihia\/wp-json\/wp\/v2\/types\/page"}],"author":[{"embeddable":true,"href":"https:\/\/rotary.fi\/laihia\/wp-json\/wp\/v2\/users\/1"}],"replies":[{"embeddable":true,"href":"https:\/\/rotary.fi\/laihia\/wp-json\/wp\/v2\/comments?post=132"}],"version-history":[{"count":10,"href":"https:\/\/rotary.fi\/laihia\/wp-json\/wp\/v2\/pages\/132\/revisions"}],"predecessor-version":[{"id":2022,"href":"https:\/\/rotary.fi\/laihia\/wp-json\/wp\/v2\/pages\/132\/revisions\/2022"}],"up":[{"embeddable":true,"href":"https:\/\/rotary.fi\/laihia\/wp-json\/wp\/v2\/pages\/1657"}],"wp:attachment":[{"href":"https:\/\/rotary.fi\/laihia\/wp-json\/wp\/v2\/media?parent=132"}],"curies":[{"name":"wp","href":"https:\/\/api.w.org\/{rel}","templated":true}]}}