{"id":98,"date":"2018-08-09T15:17:32","date_gmt":"2018-08-09T12:17:32","guid":{"rendered":"https:\/\/rotary.fi\/klubi2\/?page_id=98"},"modified":"2024-07-09T22:42:16","modified_gmt":"2024-07-09T19:42:16","slug":"yhteystiedot","status":"publish","type":"page","link":"https:\/\/rotary.fi\/lahtiwesijarvi\/yhteystiedot\/","title":{"rendered":"Yhteystiedot"},"content":{"rendered":"<p>[et_pb_section fb_built=&#8221;1&#8243; module_class=&#8221;jumbotron-page&#8221; _builder_version=&#8221;4.16&#8243; background_color=&#8221;rgba(42,128,193,0.82)&#8221; background_image=&#8221;https:\/\/rotary.fi\/lahtiwesijarvi\/wp-content\/uploads\/sites\/60\/2019\/01\/4a0a9835_s-2-1.jpg&#8221; background_size=&#8221;contain&#8221; custom_padding=&#8221;72.21875px|0px|247px|0px|false|false&#8221; border_width_all=&#8221;1px&#8221; global_colors_info=&#8221;{}&#8221;][et_pb_row _builder_version=&#8221;4.16&#8243; background_size=&#8221;initial&#8221; background_position=&#8221;top_left&#8221; background_repeat=&#8221;repeat&#8221; global_colors_info=&#8221;{}&#8221;][et_pb_column type=&#8221;4_4&#8243; _builder_version=&#8221;4.16&#8243; custom_padding=&#8221;|||&#8221; global_colors_info=&#8221;{}&#8221; custom_padding__hover=&#8221;|||&#8221;][et_pb_text admin_label=&#8221;P\u00e4\u00e4otsikko&#8221; _builder_version=&#8221;4.16&#8243; text_font=&#8221;||||||||&#8221; text_text_color=&#8221;#0c71c3&#8243; text_font_size=&#8221;29px&#8221; text_orientation=&#8221;center&#8221; background_layout=&#8221;dark&#8221; global_colors_info=&#8221;{}&#8221;]<br \/>\n[\/et_pb_text][\/et_pb_column][\/et_pb_row][\/et_pb_section][et_pb_section fb_built=&#8221;1&#8243; specialty=&#8221;on&#8221; module_class_2=&#8221;sivupalkki&#8221; _builder_version=&#8221;4.16&#8243; custom_padding=&#8221;15.421875px|0|15.421875px|0px|false|false&#8221; global_colors_info=&#8221;{}&#8221;][et_pb_column type=&#8221;2_3&#8243; specialty_columns=&#8221;2&#8243; _builder_version=&#8221;4.16&#8243; custom_padding=&#8221;|||&#8221; global_colors_info=&#8221;{}&#8221; custom_padding__hover=&#8221;|||&#8221;][et_pb_row_inner admin_label=&#8221;Rivi&#8221; _builder_version=&#8221;4.16&#8243; global_colors_info=&#8221;{}&#8221;][et_pb_column_inner saved_specialty_column_type=&#8221;2_3&#8243; _builder_version=&#8221;4.16&#8243; custom_padding=&#8221;|||&#8221; global_colors_info=&#8221;{}&#8221; parallax__hover=&#8221;off&#8221; parallax_method__hover=&#8221;on&#8221; custom_padding__hover=&#8221;|||&#8221;][et_pb_text admin_label=&#8221;Otsikko ennen teksti\u00e4 &#8211; Yhteystiedot&#8221; _builder_version=&#8221;4.16&#8243; text_orientation=&#8221;center&#8221; global_colors_info=&#8221;{}&#8221;]<\/p>\n<h1>Yhteystiedot<\/h1>\n<p>[\/et_pb_text][\/et_pb_column_inner][\/et_pb_row_inner][et_pb_row_inner column_structure=&#8221;1_2,1_2&#8243; admin_label=&#8221;Rivi&#8221; _builder_version=&#8221;4.16&#8243; custom_margin=&#8221;||20px|&#8221; custom_padding=&#8221;||20px|&#8221; border_width_bottom=&#8221;1px&#8221; border_color_bottom=&#8221;#d8d8d8&#8243; global_colors_info=&#8221;{}&#8221;][et_pb_column_inner type=&#8221;1_2&#8243; saved_specialty_column_type=&#8221;2_3&#8243; _builder_version=&#8221;4.16&#8243; custom_padding=&#8221;||20px|&#8221; global_colors_info=&#8221;{}&#8221; padding_bottom__hover=&#8221;20px&#8221; parallax__hover=&#8221;off&#8221; parallax_method__hover=&#8221;on&#8221; custom_padding__hover=&#8221;|||&#8221;][et_pb_text admin_label=&#8221;Kokoontumispaikka&#8221; _builder_version=&#8221;4.22.0&#8243; global_colors_info=&#8221;{}&#8221;]<\/p>\n<p><img loading=\"lazy\" decoding=\"async\" class=\"wp-image-3514 alignnone size-large\" src=\"https:\/\/rotary.fi\/lahtiwesijarvi\/wp-content\/uploads\/sites\/60\/2022\/01\/img-7967-1024x598.jpg\" alt=\"\" width=\"1024\" height=\"598\" srcset=\"https:\/\/rotary.fi\/lahtiwesijarvi\/wp-content\/uploads\/sites\/60\/2022\/01\/img-7967-980x572.jpg 980w, https:\/\/rotary.fi\/lahtiwesijarvi\/wp-content\/uploads\/sites\/60\/2022\/01\/img-7967-480x280.jpg 480w\" sizes=\"(min-width: 0px) and (max-width: 480px) 480px, (min-width: 481px) and (max-width: 980px) 980px, (min-width: 981px) 1024px, 100vw\" \/>Kahvila Kariranta<\/p>\n<p>Satamakatu 9<\/p>\n<p>15140 Lahti<\/p>\n<p><strong style=\"font-size: 16px\">Kokoontumisaika:<\/strong><\/p>\n<p>Perjantaisin klo 7.00-8.00<\/p>\n<p>[\/et_pb_text][\/et_pb_column_inner][et_pb_column_inner type=&#8221;1_2&#8243; saved_specialty_column_type=&#8221;2_3&#8243; _builder_version=&#8221;4.16&#8243; custom_padding=&#8221;||20px|&#8221; global_colors_info=&#8221;{}&#8221; padding_bottom__hover=&#8221;20px&#8221; parallax__hover=&#8221;off&#8221; parallax_method__hover=&#8221;on&#8221; custom_padding__hover=&#8221;|||&#8221;][et_pb_map address=&#8221;Satamaraitti, 15140 Lahti, Finland&#8221; zoom_level=&#8221;13&#8243; address_lat=&#8221;60.995238531488&#8243; address_lng=&#8221;25.650450844844&#8243; admin_label=&#8221;Kokoontumispaikka &#8211; Kartta&#8221; _builder_version=&#8221;4.16&#8243; global_colors_info=&#8221;{}&#8221;][et_pb_map_pin title=&#8221;Kahvila Kariranta Satamakatu 9 15140 Lahti Finland&#8221; _builder_version=&#8221;4.4.8&#8243; global_colors_info=&#8221;{}&#8221;]<\/p>\n<p><img loading=\"lazy\" decoding=\"async\" class=\"wp-image-3054 alignnone size-large\" src=\"https:\/\/rotary.fi\/lahtiwesijarvi\/wp-content\/uploads\/sites\/60\/2020\/09\/img_20201103_162520-1024x440.jpg\" alt=\"\" width=\"1024\" height=\"440\" srcset=\"https:\/\/rotary.fi\/lahtiwesijarvi\/wp-content\/uploads\/sites\/60\/2020\/09\/img_20201103_162520-980x421.jpg 980w, https:\/\/rotary.fi\/lahtiwesijarvi\/wp-content\/uploads\/sites\/60\/2020\/09\/img_20201103_162520-480x206.jpg 480w\" sizes=\"(min-width: 0px) and (max-width: 480px) 480px, (min-width: 481px) and (max-width: 980px) 980px, (min-width: 981px) 1024px, 100vw\" \/><\/p>\n<p>[\/et_pb_map_pin][et_pb_map_pin pin_address=&#8221;Satamakatu 9, 15140 Lahti, Finland&#8221; zoom_level=&#8221;16&#8243; pin_address_lat=&#8221;60.993580315561&#8243; pin_address_lng=&#8221;25.647196769714&#8243; _builder_version=&#8221;4.4.8&#8243; global_colors_info=&#8221;{}&#8221;][\/et_pb_map_pin][\/et_pb_map][\/et_pb_column_inner][\/et_pb_row_inner][et_pb_row_inner column_structure=&#8221;1_2,1_2&#8243; admin_label=&#8221;Rivi&#8221; _builder_version=&#8221;4.16&#8243; custom_margin=&#8221;20px||20px|&#8221; custom_padding=&#8221;20px||20px|&#8221; global_colors_info=&#8221;{}&#8221;][et_pb_column_inner type=&#8221;1_2&#8243; saved_specialty_column_type=&#8221;2_3&#8243; _builder_version=&#8221;4.16&#8243; custom_padding=&#8221;||20px|&#8221; global_colors_info=&#8221;{}&#8221; padding_bottom__hover=&#8221;20px&#8221; parallax__hover=&#8221;off&#8221; parallax_method__hover=&#8221;on&#8221; custom_padding__hover=&#8221;|||&#8221;][et_pb_text admin_label=&#8221;Presidentti&#8221; _builder_version=&#8221;4.25.2&#8243; z_index_tablet=&#8221;500&#8243; text_text_shadow_horizontal_length_tablet=&#8221;0px&#8221; text_text_shadow_vertical_length_tablet=&#8221;0px&#8221; text_text_shadow_blur_strength_tablet=&#8221;1px&#8221; link_text_shadow_horizontal_length_tablet=&#8221;0px&#8221; link_text_shadow_vertical_length_tablet=&#8221;0px&#8221; link_text_shadow_blur_strength_tablet=&#8221;1px&#8221; ul_text_shadow_horizontal_length_tablet=&#8221;0px&#8221; ul_text_shadow_vertical_length_tablet=&#8221;0px&#8221; ul_text_shadow_blur_strength_tablet=&#8221;1px&#8221; ol_text_shadow_horizontal_length_tablet=&#8221;0px&#8221; ol_text_shadow_vertical_length_tablet=&#8221;0px&#8221; ol_text_shadow_blur_strength_tablet=&#8221;1px&#8221; quote_text_shadow_horizontal_length_tablet=&#8221;0px&#8221; quote_text_shadow_vertical_length_tablet=&#8221;0px&#8221; quote_text_shadow_blur_strength_tablet=&#8221;1px&#8221; header_text_shadow_horizontal_length_tablet=&#8221;0px&#8221; header_text_shadow_vertical_length_tablet=&#8221;0px&#8221; header_text_shadow_blur_strength_tablet=&#8221;1px&#8221; header_2_text_shadow_horizontal_length_tablet=&#8221;0px&#8221; header_2_text_shadow_vertical_length_tablet=&#8221;0px&#8221; header_2_text_shadow_blur_strength_tablet=&#8221;1px&#8221; header_3_text_shadow_horizontal_length_tablet=&#8221;0px&#8221; header_3_text_shadow_vertical_length_tablet=&#8221;0px&#8221; header_3_text_shadow_blur_strength_tablet=&#8221;1px&#8221; header_4_text_shadow_horizontal_length_tablet=&#8221;0px&#8221; header_4_text_shadow_vertical_length_tablet=&#8221;0px&#8221; header_4_text_shadow_blur_strength_tablet=&#8221;1px&#8221; header_5_text_shadow_horizontal_length_tablet=&#8221;0px&#8221; header_5_text_shadow_vertical_length_tablet=&#8221;0px&#8221; header_5_text_shadow_blur_strength_tablet=&#8221;1px&#8221; header_6_text_shadow_horizontal_length_tablet=&#8221;0px&#8221; header_6_text_shadow_vertical_length_tablet=&#8221;0px&#8221; header_6_text_shadow_blur_strength_tablet=&#8221;1px&#8221; box_shadow_horizontal_tablet=&#8221;0px&#8221; box_shadow_vertical_tablet=&#8221;0px&#8221; box_shadow_blur_tablet=&#8221;40px&#8221; box_shadow_spread_tablet=&#8221;0px&#8221; global_colors_info=&#8221;{}&#8221;]<\/p>\n<h3>Presidentti<\/h3>\n<p>Jussi Vahe<\/p>\n<p>jussi.vah(at)gmail.com \u00a0 +358 50 438 4889<\/p>\n<p>&nbsp;<\/p>\n<p>&nbsp;<\/p>\n<p>[\/et_pb_text][\/et_pb_column_inner][et_pb_column_inner type=&#8221;1_2&#8243; saved_specialty_column_type=&#8221;2_3&#8243; _builder_version=&#8221;4.16&#8243; custom_padding=&#8221;||20px|&#8221; global_colors_info=&#8221;{}&#8221; padding_bottom__hover=&#8221;20px&#8221; parallax__hover=&#8221;off&#8221; parallax_method__hover=&#8221;on&#8221; custom_padding__hover=&#8221;|||&#8221;][et_pb_text admin_label=&#8221;Sihteeri&#8221; _builder_version=&#8221;4.25.2&#8243; global_colors_info=&#8221;{}&#8221;]<\/p>\n<h3>Sihteeri<\/h3>\n<p>Niko Niemi \u00a0 nikoniemi(at)hotmail.com \u00a0+358 40 5019 362<\/p>\n<p>[\/et_pb_text][\/et_pb_column_inner][\/et_pb_row_inner][et_pb_row_inner admin_label=&#8221;Rivi&#8221; _builder_version=&#8221;4.16&#8243; global_colors_info=&#8221;{}&#8221;][et_pb_column_inner saved_specialty_column_type=&#8221;2_3&#8243; _builder_version=&#8221;4.16&#8243; custom_padding=&#8221;|||&#8221; global_colors_info=&#8221;{}&#8221; parallax__hover=&#8221;off&#8221; parallax_method__hover=&#8221;on&#8221; custom_padding__hover=&#8221;|||&#8221;][et_pb_text admin_label=&#8221;Muut t\u00e4rke\u00e4t yhteyshenkil\u00f6t&#8221; _builder_version=&#8221;4.25.2&#8243; custom_margin=&#8221;20px|||&#8221; hover_enabled=&#8221;0&#8243; global_colors_info=&#8221;{}&#8221; sticky_enabled=&#8221;0&#8243;]<\/p>\n<h3>Muut t\u00e4rke\u00e4t yhteyshenkil\u00f6t<\/h3>\n<p>Niko Niemi, klubin some-vastaava<\/p>\n<p>nikoniemi(at)hotmail.com<\/p>\n<p><img loading=\"lazy\" decoding=\"async\" class=\"wp-image-1848 alignnone size-medium\" src=\"https:\/\/rotary.fi\/lahtiwesijarvi\/wp-content\/uploads\/sites\/60\/2019\/01\/img_20181027_150447-1-300x225.jpg\" alt=\"\" width=\"199\" height=\"149\" srcset=\"https:\/\/rotary.fi\/lahtiwesijarvi\/wp-content\/uploads\/sites\/60\/2019\/01\/img_20181027_150447-1-300x225.jpg 300w, https:\/\/rotary.fi\/lahtiwesijarvi\/wp-content\/uploads\/sites\/60\/2019\/01\/img_20181027_150447-1-768x576.jpg 768w, https:\/\/rotary.fi\/lahtiwesijarvi\/wp-content\/uploads\/sites\/60\/2019\/01\/img_20181027_150447-1-1024x768.jpg 1024w, https:\/\/rotary.fi\/lahtiwesijarvi\/wp-content\/uploads\/sites\/60\/2019\/01\/img_20181027_150447-1-510x382.jpg 510w, https:\/\/rotary.fi\/lahtiwesijarvi\/wp-content\/uploads\/sites\/60\/2019\/01\/img_20181027_150447-1-1080x810.jpg 1080w, https:\/\/rotary.fi\/lahtiwesijarvi\/wp-content\/uploads\/sites\/60\/2019\/01\/img_20181027_150447-1.jpg 1900w\" sizes=\"(max-width: 199px) 100vw, 199px\" \/><\/p>\n<p>Virpi M\u00e4kel\u00e4, nuorisovaihtovastaava<\/p>\n<p>virpi.anneli.makela(at)gmail.com<\/p>\n<p>Eila Parviainen, RI Piiri 1390 kuvern\u00f6\u00f6ri 2021-2022<\/p>\n<p>Rotarypiiri 1390 Rotarys\u00e4\u00e4ti\u00f6komitean puheenjohtaja<\/p>\n<p>rotary.eila(at)gmail.com<\/p>\n<p><img loading=\"lazy\" decoding=\"async\" class=\"wp-image-2177 alignnone size-medium\" src=\"https:\/\/rotary.fi\/lahtiwesijarvi\/wp-content\/uploads\/sites\/60\/2019\/01\/dsc09954-300x300.jpg\" alt=\"\" width=\"192\" height=\"192\" srcset=\"https:\/\/rotary.fi\/lahtiwesijarvi\/wp-content\/uploads\/sites\/60\/2019\/01\/dsc09954-300x300.jpg 300w, https:\/\/rotary.fi\/lahtiwesijarvi\/wp-content\/uploads\/sites\/60\/2019\/01\/dsc09954-150x150.jpg 150w, https:\/\/rotary.fi\/lahtiwesijarvi\/wp-content\/uploads\/sites\/60\/2019\/01\/dsc09954.jpg 400w\" sizes=\"(max-width: 192px) 100vw, 192px\" \/><\/p>\n<p>Tapio Vihersaari<\/p>\n<p>Rotarypiiri 1390 kuvern\u00f6\u00f6ri 2025-2026<\/p>\n<p>+358 40 033 5358<\/p>\n<p>&nbsp;<\/p>\n<p>&nbsp;<\/p>\n<p>[\/et_pb_text][\/et_pb_column_inner][\/et_pb_row_inner][\/et_pb_column][et_pb_column type=&#8221;1_3&#8243; _builder_version=&#8221;4.16&#8243; custom_padding=&#8221;|||&#8221; global_colors_info=&#8221;{}&#8221; custom_padding__hover=&#8221;|||&#8221;][et_pb_sidebar area=&#8221;sidebar-1&#8243; module_class=&#8221;sivupalkki_sisalto&#8221; _builder_version=&#8221;4.16&#8243; global_colors_info=&#8221;{}&#8221;]<\/p>\n<p>&nbsp;<\/p>\n<p>[\/et_pb_sidebar][\/et_pb_column][\/et_pb_section]<\/p>\n","protected":false},"excerpt":{"rendered":"<p>Yhteystiedot Kahvila Kariranta Satamakatu 9 15140 Lahti Kokoontumisaika: Perjantaisin klo 7.00-8.00Presidentti Jussi Vahe jussi.vah(at)gmail.com \u00a0 +358 50 438 4889 &nbsp; &nbsp;Sihteeri Niko Niemi \u00a0 nikoniemi(at)hotmail.com \u00a0+358 40 5019 362Muut t\u00e4rke\u00e4t yhteyshenkil\u00f6t Niko Niemi, klubin some-vastaava nikoniemi(at)hotmail.com Virpi M\u00e4kel\u00e4, nuorisovaihtovastaava virpi.anneli.makela(at)gmail.com Eila Parviainen, RI Piiri 1390 kuvern\u00f6\u00f6ri 2021-2022 Rotarypiiri 1390 Rotarys\u00e4\u00e4ti\u00f6komitean puheenjohtaja rotary.eila(at)gmail.com Tapio Vihersaari Rotarypiiri [&hellip;]<\/p>\n","protected":false},"author":1,"featured_media":0,"parent":0,"menu_order":0,"comment_status":"closed","ping_status":"closed","template":"","meta":{"_acf_changed":false,"_et_pb_use_builder":"on","_et_pb_old_content":"","_et_gb_content_width":"","footnotes":""},"class_list":["post-98","page","type-page","status-publish","hentry"],"acf":[],"yoast_head":"<!-- This site is optimized with the Yoast SEO plugin v27.0 - https:\/\/yoast.com\/product\/yoast-seo-wordpress\/ -->\n<title>Yhteystiedot - Lahti-Wesij\u00e4rvi<\/title>\n<meta name=\"robots\" content=\"index, follow, max-snippet:-1, max-image-preview:large, max-video-preview:-1\" \/>\n<link rel=\"canonical\" href=\"https:\/\/rotary.fi\/lahtiwesijarvi\/yhteystiedot\/\" \/>\n<meta property=\"og:locale\" content=\"fi_FI\" \/>\n<meta property=\"og:type\" content=\"article\" \/>\n<meta property=\"og:title\" content=\"Yhteystiedot - Lahti-Wesij\u00e4rvi\" \/>\n<meta property=\"og:description\" content=\"Yhteystiedot Kahvila Kariranta Satamakatu 9 15140 Lahti Kokoontumisaika: Perjantaisin klo 7.00-8.00Presidentti Jussi Vahe jussi.vah(at)gmail.com \u00a0 +358 50 438 4889 &nbsp; &nbsp;Sihteeri Niko Niemi \u00a0 nikoniemi(at)hotmail.com \u00a0+358 40 5019 362Muut t\u00e4rke\u00e4t yhteyshenkil\u00f6t Niko Niemi, klubin some-vastaava nikoniemi(at)hotmail.com Virpi M\u00e4kel\u00e4, nuorisovaihtovastaava virpi.anneli.makela(at)gmail.com Eila Parviainen, RI Piiri 1390 kuvern\u00f6\u00f6ri 2021-2022 Rotarypiiri 1390 Rotarys\u00e4\u00e4ti\u00f6komitean puheenjohtaja rotary.eila(at)gmail.com Tapio Vihersaari Rotarypiiri [&hellip;]\" \/>\n<meta property=\"og:url\" content=\"https:\/\/rotary.fi\/lahtiwesijarvi\/yhteystiedot\/\" \/>\n<meta property=\"og:site_name\" content=\"Lahti-Wesij\u00e4rvi\" \/>\n<meta property=\"article:modified_time\" content=\"2024-07-09T19:42:16+00:00\" \/>\n<meta property=\"og:image\" content=\"https:\/\/rotary.fi\/lahtiwesijarvi\/wp-content\/uploads\/sites\/60\/2022\/01\/img-7967-1024x598.jpg\" \/>\n<meta name=\"twitter:card\" content=\"summary_large_image\" \/>\n<meta name=\"twitter:label1\" content=\"Arvioitu lukuaika\" \/>\n\t<meta name=\"twitter:data1\" content=\"2 minuuttia\" \/>\n<script type=\"application\/ld+json\" class=\"yoast-schema-graph\">{\"@context\":\"https:\/\/schema.org\",\"@graph\":[{\"@type\":\"WebPage\",\"@id\":\"https:\/\/rotary.fi\/lahtiwesijarvi\/yhteystiedot\/\",\"url\":\"https:\/\/rotary.fi\/lahtiwesijarvi\/yhteystiedot\/\",\"name\":\"Yhteystiedot - Lahti-Wesij\u00e4rvi\",\"isPartOf\":{\"@id\":\"https:\/\/rotary.fi\/lahtiwesijarvi\/#website\"},\"primaryImageOfPage\":{\"@id\":\"https:\/\/rotary.fi\/lahtiwesijarvi\/yhteystiedot\/#primaryimage\"},\"image\":{\"@id\":\"https:\/\/rotary.fi\/lahtiwesijarvi\/yhteystiedot\/#primaryimage\"},\"thumbnailUrl\":\"https:\/\/rotary.fi\/lahtiwesijarvi\/wp-content\/uploads\/sites\/60\/2022\/01\/img-7967-1024x598.jpg\",\"datePublished\":\"2018-08-09T12:17:32+00:00\",\"dateModified\":\"2024-07-09T19:42:16+00:00\",\"breadcrumb\":{\"@id\":\"https:\/\/rotary.fi\/lahtiwesijarvi\/yhteystiedot\/#breadcrumb\"},\"inLanguage\":\"fi\",\"potentialAction\":[{\"@type\":\"ReadAction\",\"target\":[\"https:\/\/rotary.fi\/lahtiwesijarvi\/yhteystiedot\/\"]}]},{\"@type\":\"ImageObject\",\"inLanguage\":\"fi\",\"@id\":\"https:\/\/rotary.fi\/lahtiwesijarvi\/yhteystiedot\/#primaryimage\",\"url\":\"https:\/\/rotary.fi\/lahtiwesijarvi\/wp-content\/uploads\/sites\/60\/2022\/01\/img-7967.jpg\",\"contentUrl\":\"https:\/\/rotary.fi\/lahtiwesijarvi\/wp-content\/uploads\/sites\/60\/2022\/01\/img-7967.jpg\",\"width\":1410,\"height\":823},{\"@type\":\"BreadcrumbList\",\"@id\":\"https:\/\/rotary.fi\/lahtiwesijarvi\/yhteystiedot\/#breadcrumb\",\"itemListElement\":[{\"@type\":\"ListItem\",\"position\":1,\"name\":\"Home\",\"item\":\"https:\/\/rotary.fi\/lahtiwesijarvi\/\"},{\"@type\":\"ListItem\",\"position\":2,\"name\":\"Yhteystiedot\"}]},{\"@type\":\"WebSite\",\"@id\":\"https:\/\/rotary.fi\/lahtiwesijarvi\/#website\",\"url\":\"https:\/\/rotary.fi\/lahtiwesijarvi\/\",\"name\":\"Lahti-Wesij\u00e4rvi\",\"description\":\"Uusi Rotary klubisivusto\",\"potentialAction\":[{\"@type\":\"SearchAction\",\"target\":{\"@type\":\"EntryPoint\",\"urlTemplate\":\"https:\/\/rotary.fi\/lahtiwesijarvi\/?s={search_term_string}\"},\"query-input\":{\"@type\":\"PropertyValueSpecification\",\"valueRequired\":true,\"valueName\":\"search_term_string\"}}],\"inLanguage\":\"fi\"}]}<\/script>\n<!-- \/ Yoast SEO plugin. -->","yoast_head_json":{"title":"Yhteystiedot - Lahti-Wesij\u00e4rvi","robots":{"index":"index","follow":"follow","max-snippet":"max-snippet:-1","max-image-preview":"max-image-preview:large","max-video-preview":"max-video-preview:-1"},"canonical":"https:\/\/rotary.fi\/lahtiwesijarvi\/yhteystiedot\/","og_locale":"fi_FI","og_type":"article","og_title":"Yhteystiedot - Lahti-Wesij\u00e4rvi","og_description":"Yhteystiedot Kahvila Kariranta Satamakatu 9 15140 Lahti Kokoontumisaika: Perjantaisin klo 7.00-8.00Presidentti Jussi Vahe jussi.vah(at)gmail.com \u00a0 +358 50 438 4889 &nbsp; &nbsp;Sihteeri Niko Niemi \u00a0 nikoniemi(at)hotmail.com \u00a0+358 40 5019 362Muut t\u00e4rke\u00e4t yhteyshenkil\u00f6t Niko Niemi, klubin some-vastaava nikoniemi(at)hotmail.com Virpi M\u00e4kel\u00e4, nuorisovaihtovastaava virpi.anneli.makela(at)gmail.com Eila Parviainen, RI Piiri 1390 kuvern\u00f6\u00f6ri 2021-2022 Rotarypiiri 1390 Rotarys\u00e4\u00e4ti\u00f6komitean puheenjohtaja rotary.eila(at)gmail.com Tapio Vihersaari Rotarypiiri [&hellip;]","og_url":"https:\/\/rotary.fi\/lahtiwesijarvi\/yhteystiedot\/","og_site_name":"Lahti-Wesij\u00e4rvi","article_modified_time":"2024-07-09T19:42:16+00:00","og_image":[{"url":"https:\/\/rotary.fi\/lahtiwesijarvi\/wp-content\/uploads\/sites\/60\/2022\/01\/img-7967-1024x598.jpg","type":"","width":"","height":""}],"twitter_card":"summary_large_image","twitter_misc":{"Arvioitu lukuaika":"2 minuuttia"},"schema":{"@context":"https:\/\/schema.org","@graph":[{"@type":"WebPage","@id":"https:\/\/rotary.fi\/lahtiwesijarvi\/yhteystiedot\/","url":"https:\/\/rotary.fi\/lahtiwesijarvi\/yhteystiedot\/","name":"Yhteystiedot - Lahti-Wesij\u00e4rvi","isPartOf":{"@id":"https:\/\/rotary.fi\/lahtiwesijarvi\/#website"},"primaryImageOfPage":{"@id":"https:\/\/rotary.fi\/lahtiwesijarvi\/yhteystiedot\/#primaryimage"},"image":{"@id":"https:\/\/rotary.fi\/lahtiwesijarvi\/yhteystiedot\/#primaryimage"},"thumbnailUrl":"https:\/\/rotary.fi\/lahtiwesijarvi\/wp-content\/uploads\/sites\/60\/2022\/01\/img-7967-1024x598.jpg","datePublished":"2018-08-09T12:17:32+00:00","dateModified":"2024-07-09T19:42:16+00:00","breadcrumb":{"@id":"https:\/\/rotary.fi\/lahtiwesijarvi\/yhteystiedot\/#breadcrumb"},"inLanguage":"fi","potentialAction":[{"@type":"ReadAction","target":["https:\/\/rotary.fi\/lahtiwesijarvi\/yhteystiedot\/"]}]},{"@type":"ImageObject","inLanguage":"fi","@id":"https:\/\/rotary.fi\/lahtiwesijarvi\/yhteystiedot\/#primaryimage","url":"https:\/\/rotary.fi\/lahtiwesijarvi\/wp-content\/uploads\/sites\/60\/2022\/01\/img-7967.jpg","contentUrl":"https:\/\/rotary.fi\/lahtiwesijarvi\/wp-content\/uploads\/sites\/60\/2022\/01\/img-7967.jpg","width":1410,"height":823},{"@type":"BreadcrumbList","@id":"https:\/\/rotary.fi\/lahtiwesijarvi\/yhteystiedot\/#breadcrumb","itemListElement":[{"@type":"ListItem","position":1,"name":"Home","item":"https:\/\/rotary.fi\/lahtiwesijarvi\/"},{"@type":"ListItem","position":2,"name":"Yhteystiedot"}]},{"@type":"WebSite","@id":"https:\/\/rotary.fi\/lahtiwesijarvi\/#website","url":"https:\/\/rotary.fi\/lahtiwesijarvi\/","name":"Lahti-Wesij\u00e4rvi","description":"Uusi Rotary klubisivusto","potentialAction":[{"@type":"SearchAction","target":{"@type":"EntryPoint","urlTemplate":"https:\/\/rotary.fi\/lahtiwesijarvi\/?s={search_term_string}"},"query-input":{"@type":"PropertyValueSpecification","valueRequired":true,"valueName":"search_term_string"}}],"inLanguage":"fi"}]}},"lang":"fi","translations":{"fi":98},"pll_sync_post":[],"_links":{"self":[{"href":"https:\/\/rotary.fi\/lahtiwesijarvi\/wp-json\/wp\/v2\/pages\/98","targetHints":{"allow":["GET"]}}],"collection":[{"href":"https:\/\/rotary.fi\/lahtiwesijarvi\/wp-json\/wp\/v2\/pages"}],"about":[{"href":"https:\/\/rotary.fi\/lahtiwesijarvi\/wp-json\/wp\/v2\/types\/page"}],"author":[{"embeddable":true,"href":"https:\/\/rotary.fi\/lahtiwesijarvi\/wp-json\/wp\/v2\/users\/1"}],"replies":[{"embeddable":true,"href":"https:\/\/rotary.fi\/lahtiwesijarvi\/wp-json\/wp\/v2\/comments?post=98"}],"version-history":[{"count":10,"href":"https:\/\/rotary.fi\/lahtiwesijarvi\/wp-json\/wp\/v2\/pages\/98\/revisions"}],"predecessor-version":[{"id":4137,"href":"https:\/\/rotary.fi\/lahtiwesijarvi\/wp-json\/wp\/v2\/pages\/98\/revisions\/4137"}],"wp:attachment":[{"href":"https:\/\/rotary.fi\/lahtiwesijarvi\/wp-json\/wp\/v2\/media?parent=98"}],"curies":[{"name":"wp","href":"https:\/\/api.w.org\/{rel}","templated":true}]}}