{"id":276,"date":"2018-10-24T11:36:06","date_gmt":"2018-10-24T08:36:06","guid":{"rendered":"https:\/\/rotary.fi\/lahtiwesijarvi\/?page_id=276"},"modified":"2024-07-10T12:07:49","modified_gmt":"2024-07-10T09:07:49","slug":"olemme-osa-kansainvalista-rotarya","status":"publish","type":"page","link":"https:\/\/rotary.fi\/lahtiwesijarvi\/keita-olemme\/olemme-osa-kansainvalista-rotarya\/","title":{"rendered":"Olemme osa kansainv\u00e4list\u00e4 Rotarya"},"content":{"rendered":"<p>[et_pb_section fb_built=&#8221;1&#8243; module_class=&#8221;jumbotron-page&#8221; _builder_version=&#8221;4.18.0&#8243; background_image=&#8221;https:\/\/rotary.fi\/lahtiwesijarvi\/wp-content\/uploads\/sites\/60\/2022\/09\/dsc04488-e1666521442456.jpg&#8221; border_width_all=&#8221;1px&#8221; locked=&#8221;off&#8221; global_colors_info=&#8221;{}&#8221;][et_pb_row _builder_version=&#8221;4.16&#8243; background_size=&#8221;initial&#8221; background_position=&#8221;top_left&#8221; background_repeat=&#8221;repeat&#8221; global_colors_info=&#8221;{}&#8221;][et_pb_column type=&#8221;4_4&#8243; _builder_version=&#8221;4.16&#8243; custom_padding=&#8221;|||&#8221; global_colors_info=&#8221;{}&#8221; custom_padding__hover=&#8221;|||&#8221;][\/et_pb_column][\/et_pb_row][\/et_pb_section][et_pb_section fb_built=&#8221;1&#8243; specialty=&#8221;on&#8221; module_class_2=&#8221;sivupalkki&#8221; _builder_version=&#8221;4.16&#8243; custom_margin=&#8221;168px|||||&#8221; global_colors_info=&#8221;{}&#8221;][et_pb_column type=&#8221;2_3&#8243; specialty_columns=&#8221;2&#8243; _builder_version=&#8221;4.16&#8243; custom_padding=&#8221;|||&#8221; global_colors_info=&#8221;{}&#8221; custom_padding__hover=&#8221;|||&#8221;][et_pb_row_inner column_structure=&#8221;undefined&#8221; admin_label=&#8221;Rivi&#8221; _builder_version=&#8221;4.16&#8243; global_colors_info=&#8221;{}&#8221;][et_pb_column_inner type=&#8221;undefined&#8221; saved_specialty_column_type=&#8221;2_3&#8243; _builder_version=&#8221;4.16&#8243; custom_padding=&#8221;|||&#8221; global_colors_info=&#8221;{}&#8221; parallax__hover=&#8221;off&#8221; parallax_method__hover=&#8221;on&#8221; custom_padding__hover=&#8221;|||&#8221;][et_pb_text admin_label=&#8221;Rotary International &#8211; Otsikko&#8221; _builder_version=&#8221;4.16&#8243; text_orientation=&#8221;center&#8221; global_colors_info=&#8221;{}&#8221;]<\/p>\n<h1>Rotary International<\/h1>\n<p>[\/et_pb_text][et_pb_text _builder_version=&#8221;4.25.2&#8243; custom_padding=&#8221;||0px|||&#8221; hover_enabled=&#8221;0&#8243; z_index_tablet=&#8221;500&#8243; text_text_shadow_horizontal_length_tablet=&#8221;0px&#8221; text_text_shadow_vertical_length_tablet=&#8221;0px&#8221; text_text_shadow_blur_strength_tablet=&#8221;1px&#8221; link_text_shadow_horizontal_length_tablet=&#8221;0px&#8221; link_text_shadow_vertical_length_tablet=&#8221;0px&#8221; link_text_shadow_blur_strength_tablet=&#8221;1px&#8221; ul_text_shadow_horizontal_length_tablet=&#8221;0px&#8221; ul_text_shadow_vertical_length_tablet=&#8221;0px&#8221; ul_text_shadow_blur_strength_tablet=&#8221;1px&#8221; ol_text_shadow_horizontal_length_tablet=&#8221;0px&#8221; ol_text_shadow_vertical_length_tablet=&#8221;0px&#8221; ol_text_shadow_blur_strength_tablet=&#8221;1px&#8221; quote_text_shadow_horizontal_length_tablet=&#8221;0px&#8221; quote_text_shadow_vertical_length_tablet=&#8221;0px&#8221; quote_text_shadow_blur_strength_tablet=&#8221;1px&#8221; header_text_shadow_horizontal_length_tablet=&#8221;0px&#8221; header_text_shadow_vertical_length_tablet=&#8221;0px&#8221; header_text_shadow_blur_strength_tablet=&#8221;1px&#8221; header_2_text_shadow_horizontal_length_tablet=&#8221;0px&#8221; header_2_text_shadow_vertical_length_tablet=&#8221;0px&#8221; header_2_text_shadow_blur_strength_tablet=&#8221;1px&#8221; header_3_text_shadow_horizontal_length_tablet=&#8221;0px&#8221; header_3_text_shadow_vertical_length_tablet=&#8221;0px&#8221; header_3_text_shadow_blur_strength_tablet=&#8221;1px&#8221; header_4_text_shadow_horizontal_length_tablet=&#8221;0px&#8221; header_4_text_shadow_vertical_length_tablet=&#8221;0px&#8221; header_4_text_shadow_blur_strength_tablet=&#8221;1px&#8221; header_5_text_shadow_horizontal_length_tablet=&#8221;0px&#8221; header_5_text_shadow_vertical_length_tablet=&#8221;0px&#8221; header_5_text_shadow_blur_strength_tablet=&#8221;1px&#8221; header_6_text_shadow_horizontal_length_tablet=&#8221;0px&#8221; header_6_text_shadow_vertical_length_tablet=&#8221;0px&#8221; header_6_text_shadow_blur_strength_tablet=&#8221;1px&#8221; box_shadow_horizontal_tablet=&#8221;0px&#8221; box_shadow_vertical_tablet=&#8221;0px&#8221; box_shadow_blur_tablet=&#8221;40px&#8221; box_shadow_spread_tablet=&#8221;0px&#8221; global_colors_info=&#8221;{}&#8221; sticky_enabled=&#8221;0&#8243;]<\/p>\n<div class=\"et-fb-loader\" style=\"margin-bottom: 40px\">\u00a0<\/div>\n<p>Rotary International tukee ja ohjaa rotareita ja klubeja Rotaryn tavoitteiden toteuttamisessa. Rotary Internationalin ylin p\u00e4\u00e4tt\u00e4v\u00e4 elin on vuosikokous, johon jokaisella klubilla on oikeus l\u00e4hett\u00e4\u00e4 virallinen edustaja ja johon jokaisella rotarilla on oikeus osallistua. S\u00e4\u00e4nt\u00f6valtuuskunta on Rotary Internationalin s\u00e4\u00e4nn\u00f6ist\u00e4 p\u00e4\u00e4tt\u00e4v\u00e4 elin, johon kuuluu jokaisesta piirist\u00e4 yksi piirikokouksen valitsema edustaja. S\u00e4\u00e4nt\u00f6valtuuskunnan kokousedustajana piirist\u00e4 1390 kaudella 2020-2023 toimi klubimme j\u00e4sen Niko Niemi. Kokousedustajana kaudella 2023-2026 toimii PDG Mikko H\u00f6rkk\u00f6 ja varaedustajana on PDG Eila Parviainen, klubimme j\u00e4sen. Piirien edustajia on 543 rotaria kautta maailman. Niko Niemi toimi Zone 17 (Eesti, Suomi, Ruotsi, Ven\u00e4j\u00e4) Rotary Public Image Coordinatorina vuodet 2021-2024.<\/p>\n<p><span style=\"font-size: 16px\">Rotary Internationalin johtaja on vuosittain vaihtuva presidentti, kaudella 2024-2025 Stephanie Urchick , Pennsylvania USA. Hallituksen j\u00e4senen\u00e4 (Zone 17&amp;18) toimii 2024-2025 Suzan Stenberg Ruotsista. Viimeksi Suomesta hallituksen j\u00e4senen\u00e4 oli Virpi Honkala Raahesta 2020-2022.<\/span><\/p>\n<div class=\"mceTemp\">\u00a0<\/div>\n<p>&nbsp;<\/p>\n<p><img loading=\"lazy\" decoding=\"async\" class=\"wp-image-1419 alignnone \" src=\"https:\/\/rotary.fi\/lahtiwesijarvi\/wp-content\/uploads\/sites\/60\/2019\/01\/img_20180915_143721-1-1024x993.jpg\" alt=\"\" width=\"487\" height=\"472\" srcset=\"https:\/\/rotary.fi\/lahtiwesijarvi\/wp-content\/uploads\/sites\/60\/2019\/01\/img_20180915_143721-1-1024x993.jpg 1024w, https:\/\/rotary.fi\/lahtiwesijarvi\/wp-content\/uploads\/sites\/60\/2019\/01\/img_20180915_143721-1-300x291.jpg 300w, https:\/\/rotary.fi\/lahtiwesijarvi\/wp-content\/uploads\/sites\/60\/2019\/01\/img_20180915_143721-1-768x745.jpg 768w, https:\/\/rotary.fi\/lahtiwesijarvi\/wp-content\/uploads\/sites\/60\/2019\/01\/img_20180915_143721-1-1080x1047.jpg 1080w, https:\/\/rotary.fi\/lahtiwesijarvi\/wp-content\/uploads\/sites\/60\/2019\/01\/img_20180915_143721-1.jpg 1900w\" sizes=\"(max-width: 487px) 100vw, 487px\" \/><\/p>\n<p>&nbsp;<\/p>\n<p><span style=\"font-size: 16px\">John Hewko, Rotary Club of Kyiv ,Ukraina, on j\u00e4rjest\u00f6n p\u00e4\u00e4sihteeri. Rotary Internationalin p\u00e4\u00e4konttori on Evanstonissa Illinoisissa l\u00e4hell\u00e4 Chicagoa. P\u00e4\u00e4konttorissa ty\u00f6skentelee p\u00e4\u00e4sihteerin johdolla noin 500 henkil\u00f6\u00e4. P\u00e4\u00e4konttorin lis\u00e4ksi Rotary Internationalilla on seitsem\u00e4n aluetoimistoa eri puolilla maapalloa. Z\u00fcrichiss\u00e4 oleva Euroopan ja Afrikan toimisto (EAO) palvelee suomalaisia rotareita.<\/span><\/p>\n<p>&nbsp;<\/p>\n<p>[\/et_pb_text][et_pb_button button_url=&#8221;https:\/\/www.rotary.org\/&#8221; url_new_window=&#8221;on&#8221; button_text=&#8221;Rotary Internationalin sivuille&#8221; _builder_version=&#8221;4.16&#8243; global_colors_info=&#8221;{}&#8221;]<br \/>\n[\/et_pb_button][\/et_pb_column_inner][\/et_pb_row_inner][et_pb_row_inner column_structure=&#8221;undefined&#8221; admin_label=&#8221;Rivi&#8221; _builder_version=&#8221;4.16&#8243; global_colors_info=&#8221;{}&#8221;][et_pb_column_inner type=&#8221;undefined&#8221; saved_specialty_column_type=&#8221;2_3&#8243; _builder_version=&#8221;4.16&#8243; custom_padding=&#8221;|||&#8221; global_colors_info=&#8221;{}&#8221; parallax__hover=&#8221;off&#8221; parallax_method__hover=&#8221;on&#8221; custom_padding__hover=&#8221;|||&#8221;][et_pb_text admin_label=&#8221;Rotarys\u00e4\u00e4ti\u00f6 &#8211; Otsikko&#8221; _builder_version=&#8221;4.16&#8243; text_orientation=&#8221;center&#8221; global_colors_info=&#8221;{}&#8221;]<\/p>\n<h4>Rotarys\u00e4\u00e4ti\u00f6<\/h4>\n<p>[\/et_pb_text][et_pb_text _builder_version=&#8221;4.25.2&#8243; global_colors_info=&#8221;{}&#8221;]<\/p>\n<p><img loading=\"lazy\" decoding=\"async\" class=\"wp-image-3493 alignnone size-large\" src=\"https:\/\/rotary.fi\/lahtiwesijarvi\/wp-content\/uploads\/sites\/60\/2021\/12\/dsc03791-1024x588.jpg\" alt=\"\" width=\"1024\" height=\"588\" srcset=\"https:\/\/rotary.fi\/lahtiwesijarvi\/wp-content\/uploads\/sites\/60\/2021\/12\/dsc03791-980x563.jpg 980w, https:\/\/rotary.fi\/lahtiwesijarvi\/wp-content\/uploads\/sites\/60\/2021\/12\/dsc03791-480x276.jpg 480w\" sizes=\"(min-width: 0px) and (max-width: 480px) 480px, (min-width: 481px) and (max-width: 980px) 980px, (min-width: 981px) 1024px, 100vw\" \/>Rotarys\u00e4\u00e4ti\u00f6 on maailman laajimpia yksityisi\u00e4 hyv\u00e4ntekev\u00e4isyystoimijoita, joka aina uudelleen sijoittuu k\u00e4rkisijoille n\u00e4iden toimijoiden l\u00e4pin\u00e4kyvyys- ja luotettavuusvertailussa.<\/p>\n<p>Rotarys\u00e4\u00e4ti\u00f6 koordinoi ja rahoittaa rotarien maailmanlaajuista palvelutoimintaa. S\u00e4\u00e4ti\u00f6n ty\u00f6 perustuu vapaaehtoisiin lahjoituksiin sek\u00e4 p\u00e4\u00e4oman tuottoon, jotka kanavoidaan koulutusprojekteihin ja humanitaariseen avustusty\u00f6h\u00f6n.<\/p>\n<p>T\u00e4rke\u00e4 kannustin on Paul Harris Fellow -tunnustuksen my\u00f6nt\u00e4minen jokaista tuhannen dollarin lahjoitusta kohti. Rotaryn perustajan Paul Harrisin nime\u00e4 kantavia PHF-tunnustuksia on my\u00f6nnetty maailmanlaajuisesti yli miljoona.<\/p>\n<p><img loading=\"lazy\" decoding=\"async\" class=\"wp-image-3492 alignnone size-large\" src=\"https:\/\/rotary.fi\/lahtiwesijarvi\/wp-content\/uploads\/sites\/60\/2021\/12\/dsc03799-1024x715.jpg\" alt=\"\" width=\"1024\" height=\"715\" srcset=\"https:\/\/rotary.fi\/lahtiwesijarvi\/wp-content\/uploads\/sites\/60\/2021\/12\/dsc03799-980x684.jpg 980w, https:\/\/rotary.fi\/lahtiwesijarvi\/wp-content\/uploads\/sites\/60\/2021\/12\/dsc03799-480x335.jpg 480w\" sizes=\"(min-width: 0px) and (max-width: 480px) 480px, (min-width: 481px) and (max-width: 980px) 980px, (min-width: 981px) 1024px, 100vw\" \/><\/p>\n<p>S\u00e4\u00e4ti\u00f6n mittavin hanke on villin polion h\u00e4vitt\u00e4minen maapallolta. Loppusuoralla ollaan kiitos Rotaryn, WHO:n, paikallisten terveysviranomaisten sek\u00e4 Bill ja Melinda Gates Foundationin.<\/p>\n<p><img loading=\"lazy\" decoding=\"async\" class=\"wp-image-4127 alignnone size-large\" src=\"https:\/\/rotary.fi\/lahtiwesijarvi\/wp-content\/uploads\/sites\/60\/2024\/07\/epn-2-1024x768.jpeg\" alt=\"\" width=\"1024\" height=\"768\" srcset=\"https:\/\/rotary.fi\/lahtiwesijarvi\/wp-content\/uploads\/sites\/60\/2024\/07\/epn-2-980x735.jpeg 980w, https:\/\/rotary.fi\/lahtiwesijarvi\/wp-content\/uploads\/sites\/60\/2024\/07\/epn-2-480x360.jpeg 480w\" sizes=\"(min-width: 0px) and (max-width: 480px) 480px, (min-width: 481px) and (max-width: 980px) 980px, (min-width: 981px) 1024px, 100vw\" \/><\/p>\n<p>&nbsp;<\/p>\n<p>[\/et_pb_text][et_pb_button button_url=&#8221;https:\/\/www.rotary.org\/en\/about-rotary\/rotary-foundation&#8221; url_new_window=&#8221;on&#8221; button_text=&#8221;Kansainv\u00e4lisen rotarys\u00e4\u00e4ti\u00f6n sivuille&#8221; _builder_version=&#8221;4.16&#8243; global_colors_info=&#8221;{}&#8221;]<br \/>\n[\/et_pb_button][\/et_pb_column_inner][\/et_pb_row_inner][\/et_pb_column][et_pb_column type=&#8221;1_3&#8243; _builder_version=&#8221;4.16&#8243; custom_padding=&#8221;|||&#8221; global_colors_info=&#8221;{}&#8221; custom_padding__hover=&#8221;|||&#8221;][et_pb_sidebar area=&#8221;sidebar-1&#8243; module_class=&#8221;sivupalkki_sisalto&#8221; _builder_version=&#8221;4.16&#8243; locked=&#8221;on&#8221; global_colors_info=&#8221;{}&#8221;]<br \/>\n[\/et_pb_sidebar][\/et_pb_column][\/et_pb_section][et_pb_section fb_built=&#8221;1&#8243; _builder_version=&#8221;4.16&#8243; global_colors_info=&#8221;{}&#8221;][\/et_pb_section][et_pb_section fb_built=&#8221;1&#8243; _builder_version=&#8221;4.16&#8243; global_colors_info=&#8221;{}&#8221;][\/et_pb_section]<\/p>\n","protected":false},"excerpt":{"rendered":"<p>Rotary International \u00a0 Rotary International tukee ja ohjaa rotareita ja klubeja Rotaryn tavoitteiden toteuttamisessa. Rotary Internationalin ylin p\u00e4\u00e4tt\u00e4v\u00e4 elin on vuosikokous, johon jokaisella klubilla on oikeus l\u00e4hett\u00e4\u00e4 virallinen edustaja ja johon jokaisella rotarilla on oikeus osallistua. S\u00e4\u00e4nt\u00f6valtuuskunta on Rotary Internationalin s\u00e4\u00e4nn\u00f6ist\u00e4 p\u00e4\u00e4tt\u00e4v\u00e4 elin, johon kuuluu jokaisesta piirist\u00e4 yksi piirikokouksen valitsema edustaja. S\u00e4\u00e4nt\u00f6valtuuskunnan kokousedustajana piirist\u00e4 1390 [&hellip;]<\/p>\n","protected":false},"author":1,"featured_media":0,"parent":129,"menu_order":0,"comment_status":"closed","ping_status":"closed","template":"","meta":{"_acf_changed":false,"_et_pb_use_builder":"on","_et_pb_old_content":"","_et_gb_content_width":"","footnotes":""},"class_list":["post-276","page","type-page","status-publish","hentry"],"acf":[],"yoast_head":"<!-- This site is optimized with the Yoast SEO plugin v27.0 - https:\/\/yoast.com\/product\/yoast-seo-wordpress\/ -->\n<title>Olemme osa kansainv\u00e4list\u00e4 Rotarya - Lahti-Wesij\u00e4rvi<\/title>\n<meta name=\"robots\" content=\"index, follow, max-snippet:-1, max-image-preview:large, max-video-preview:-1\" \/>\n<link rel=\"canonical\" href=\"https:\/\/rotary.fi\/lahtiwesijarvi\/keita-olemme\/olemme-osa-kansainvalista-rotarya\/\" \/>\n<meta property=\"og:locale\" content=\"fi_FI\" \/>\n<meta property=\"og:type\" content=\"article\" \/>\n<meta property=\"og:title\" content=\"Olemme osa kansainv\u00e4list\u00e4 Rotarya - Lahti-Wesij\u00e4rvi\" \/>\n<meta property=\"og:description\" content=\"Rotary International \u00a0 Rotary International tukee ja ohjaa rotareita ja klubeja Rotaryn tavoitteiden toteuttamisessa. Rotary Internationalin ylin p\u00e4\u00e4tt\u00e4v\u00e4 elin on vuosikokous, johon jokaisella klubilla on oikeus l\u00e4hett\u00e4\u00e4 virallinen edustaja ja johon jokaisella rotarilla on oikeus osallistua. S\u00e4\u00e4nt\u00f6valtuuskunta on Rotary Internationalin s\u00e4\u00e4nn\u00f6ist\u00e4 p\u00e4\u00e4tt\u00e4v\u00e4 elin, johon kuuluu jokaisesta piirist\u00e4 yksi piirikokouksen valitsema edustaja. S\u00e4\u00e4nt\u00f6valtuuskunnan kokousedustajana piirist\u00e4 1390 [&hellip;]\" \/>\n<meta property=\"og:url\" content=\"https:\/\/rotary.fi\/lahtiwesijarvi\/keita-olemme\/olemme-osa-kansainvalista-rotarya\/\" \/>\n<meta property=\"og:site_name\" content=\"Lahti-Wesij\u00e4rvi\" \/>\n<meta property=\"article:modified_time\" content=\"2024-07-10T09:07:49+00:00\" \/>\n<meta property=\"og:image\" content=\"https:\/\/rotary.fi\/lahtiwesijarvi\/wp-content\/uploads\/sites\/60\/2019\/01\/img_20180915_143721-1-1024x993.jpg\" \/>\n<meta name=\"twitter:card\" content=\"summary_large_image\" \/>\n<meta name=\"twitter:label1\" content=\"Arvioitu lukuaika\" \/>\n\t<meta name=\"twitter:data1\" content=\"3 minuuttia\" \/>\n<script type=\"application\/ld+json\" class=\"yoast-schema-graph\">{\"@context\":\"https:\/\/schema.org\",\"@graph\":[{\"@type\":\"WebPage\",\"@id\":\"https:\/\/rotary.fi\/lahtiwesijarvi\/keita-olemme\/olemme-osa-kansainvalista-rotarya\/\",\"url\":\"https:\/\/rotary.fi\/lahtiwesijarvi\/keita-olemme\/olemme-osa-kansainvalista-rotarya\/\",\"name\":\"Olemme osa kansainv\u00e4list\u00e4 Rotarya - Lahti-Wesij\u00e4rvi\",\"isPartOf\":{\"@id\":\"https:\/\/rotary.fi\/lahtiwesijarvi\/#website\"},\"primaryImageOfPage\":{\"@id\":\"https:\/\/rotary.fi\/lahtiwesijarvi\/keita-olemme\/olemme-osa-kansainvalista-rotarya\/#primaryimage\"},\"image\":{\"@id\":\"https:\/\/rotary.fi\/lahtiwesijarvi\/keita-olemme\/olemme-osa-kansainvalista-rotarya\/#primaryimage\"},\"thumbnailUrl\":\"https:\/\/rotary.fi\/lahtiwesijarvi\/wp-content\/uploads\/sites\/60\/2019\/01\/img_20180915_143721-1-1024x993.jpg\",\"datePublished\":\"2018-10-24T08:36:06+00:00\",\"dateModified\":\"2024-07-10T09:07:49+00:00\",\"breadcrumb\":{\"@id\":\"https:\/\/rotary.fi\/lahtiwesijarvi\/keita-olemme\/olemme-osa-kansainvalista-rotarya\/#breadcrumb\"},\"inLanguage\":\"fi\",\"potentialAction\":[{\"@type\":\"ReadAction\",\"target\":[\"https:\/\/rotary.fi\/lahtiwesijarvi\/keita-olemme\/olemme-osa-kansainvalista-rotarya\/\"]}]},{\"@type\":\"ImageObject\",\"inLanguage\":\"fi\",\"@id\":\"https:\/\/rotary.fi\/lahtiwesijarvi\/keita-olemme\/olemme-osa-kansainvalista-rotarya\/#primaryimage\",\"url\":\"https:\/\/rotary.fi\/lahtiwesijarvi\/wp-content\/uploads\/sites\/60\/2019\/01\/img_20180915_143721-1.jpg\",\"contentUrl\":\"https:\/\/rotary.fi\/lahtiwesijarvi\/wp-content\/uploads\/sites\/60\/2019\/01\/img_20180915_143721-1.jpg\",\"width\":1900,\"height\":1842},{\"@type\":\"BreadcrumbList\",\"@id\":\"https:\/\/rotary.fi\/lahtiwesijarvi\/keita-olemme\/olemme-osa-kansainvalista-rotarya\/#breadcrumb\",\"itemListElement\":[{\"@type\":\"ListItem\",\"position\":1,\"name\":\"Home\",\"item\":\"https:\/\/rotary.fi\/lahtiwesijarvi\/\"},{\"@type\":\"ListItem\",\"position\":2,\"name\":\"Keit\u00e4 olemme\",\"item\":\"https:\/\/rotary.fi\/lahtiwesijarvi\/keita-olemme\/\"},{\"@type\":\"ListItem\",\"position\":3,\"name\":\"Olemme osa kansainv\u00e4list\u00e4 Rotarya\"}]},{\"@type\":\"WebSite\",\"@id\":\"https:\/\/rotary.fi\/lahtiwesijarvi\/#website\",\"url\":\"https:\/\/rotary.fi\/lahtiwesijarvi\/\",\"name\":\"Lahti-Wesij\u00e4rvi\",\"description\":\"Uusi Rotary klubisivusto\",\"potentialAction\":[{\"@type\":\"SearchAction\",\"target\":{\"@type\":\"EntryPoint\",\"urlTemplate\":\"https:\/\/rotary.fi\/lahtiwesijarvi\/?s={search_term_string}\"},\"query-input\":{\"@type\":\"PropertyValueSpecification\",\"valueRequired\":true,\"valueName\":\"search_term_string\"}}],\"inLanguage\":\"fi\"}]}<\/script>\n<!-- \/ Yoast SEO plugin. -->","yoast_head_json":{"title":"Olemme osa kansainv\u00e4list\u00e4 Rotarya - Lahti-Wesij\u00e4rvi","robots":{"index":"index","follow":"follow","max-snippet":"max-snippet:-1","max-image-preview":"max-image-preview:large","max-video-preview":"max-video-preview:-1"},"canonical":"https:\/\/rotary.fi\/lahtiwesijarvi\/keita-olemme\/olemme-osa-kansainvalista-rotarya\/","og_locale":"fi_FI","og_type":"article","og_title":"Olemme osa kansainv\u00e4list\u00e4 Rotarya - Lahti-Wesij\u00e4rvi","og_description":"Rotary International \u00a0 Rotary International tukee ja ohjaa rotareita ja klubeja Rotaryn tavoitteiden toteuttamisessa. Rotary Internationalin ylin p\u00e4\u00e4tt\u00e4v\u00e4 elin on vuosikokous, johon jokaisella klubilla on oikeus l\u00e4hett\u00e4\u00e4 virallinen edustaja ja johon jokaisella rotarilla on oikeus osallistua. S\u00e4\u00e4nt\u00f6valtuuskunta on Rotary Internationalin s\u00e4\u00e4nn\u00f6ist\u00e4 p\u00e4\u00e4tt\u00e4v\u00e4 elin, johon kuuluu jokaisesta piirist\u00e4 yksi piirikokouksen valitsema edustaja. S\u00e4\u00e4nt\u00f6valtuuskunnan kokousedustajana piirist\u00e4 1390 [&hellip;]","og_url":"https:\/\/rotary.fi\/lahtiwesijarvi\/keita-olemme\/olemme-osa-kansainvalista-rotarya\/","og_site_name":"Lahti-Wesij\u00e4rvi","article_modified_time":"2024-07-10T09:07:49+00:00","og_image":[{"url":"https:\/\/rotary.fi\/lahtiwesijarvi\/wp-content\/uploads\/sites\/60\/2019\/01\/img_20180915_143721-1-1024x993.jpg","type":"","width":"","height":""}],"twitter_card":"summary_large_image","twitter_misc":{"Arvioitu lukuaika":"3 minuuttia"},"schema":{"@context":"https:\/\/schema.org","@graph":[{"@type":"WebPage","@id":"https:\/\/rotary.fi\/lahtiwesijarvi\/keita-olemme\/olemme-osa-kansainvalista-rotarya\/","url":"https:\/\/rotary.fi\/lahtiwesijarvi\/keita-olemme\/olemme-osa-kansainvalista-rotarya\/","name":"Olemme osa kansainv\u00e4list\u00e4 Rotarya - Lahti-Wesij\u00e4rvi","isPartOf":{"@id":"https:\/\/rotary.fi\/lahtiwesijarvi\/#website"},"primaryImageOfPage":{"@id":"https:\/\/rotary.fi\/lahtiwesijarvi\/keita-olemme\/olemme-osa-kansainvalista-rotarya\/#primaryimage"},"image":{"@id":"https:\/\/rotary.fi\/lahtiwesijarvi\/keita-olemme\/olemme-osa-kansainvalista-rotarya\/#primaryimage"},"thumbnailUrl":"https:\/\/rotary.fi\/lahtiwesijarvi\/wp-content\/uploads\/sites\/60\/2019\/01\/img_20180915_143721-1-1024x993.jpg","datePublished":"2018-10-24T08:36:06+00:00","dateModified":"2024-07-10T09:07:49+00:00","breadcrumb":{"@id":"https:\/\/rotary.fi\/lahtiwesijarvi\/keita-olemme\/olemme-osa-kansainvalista-rotarya\/#breadcrumb"},"inLanguage":"fi","potentialAction":[{"@type":"ReadAction","target":["https:\/\/rotary.fi\/lahtiwesijarvi\/keita-olemme\/olemme-osa-kansainvalista-rotarya\/"]}]},{"@type":"ImageObject","inLanguage":"fi","@id":"https:\/\/rotary.fi\/lahtiwesijarvi\/keita-olemme\/olemme-osa-kansainvalista-rotarya\/#primaryimage","url":"https:\/\/rotary.fi\/lahtiwesijarvi\/wp-content\/uploads\/sites\/60\/2019\/01\/img_20180915_143721-1.jpg","contentUrl":"https:\/\/rotary.fi\/lahtiwesijarvi\/wp-content\/uploads\/sites\/60\/2019\/01\/img_20180915_143721-1.jpg","width":1900,"height":1842},{"@type":"BreadcrumbList","@id":"https:\/\/rotary.fi\/lahtiwesijarvi\/keita-olemme\/olemme-osa-kansainvalista-rotarya\/#breadcrumb","itemListElement":[{"@type":"ListItem","position":1,"name":"Home","item":"https:\/\/rotary.fi\/lahtiwesijarvi\/"},{"@type":"ListItem","position":2,"name":"Keit\u00e4 olemme","item":"https:\/\/rotary.fi\/lahtiwesijarvi\/keita-olemme\/"},{"@type":"ListItem","position":3,"name":"Olemme osa kansainv\u00e4list\u00e4 Rotarya"}]},{"@type":"WebSite","@id":"https:\/\/rotary.fi\/lahtiwesijarvi\/#website","url":"https:\/\/rotary.fi\/lahtiwesijarvi\/","name":"Lahti-Wesij\u00e4rvi","description":"Uusi Rotary klubisivusto","potentialAction":[{"@type":"SearchAction","target":{"@type":"EntryPoint","urlTemplate":"https:\/\/rotary.fi\/lahtiwesijarvi\/?s={search_term_string}"},"query-input":{"@type":"PropertyValueSpecification","valueRequired":true,"valueName":"search_term_string"}}],"inLanguage":"fi"}]}},"lang":"fi","translations":{"fi":276},"pll_sync_post":[],"_links":{"self":[{"href":"https:\/\/rotary.fi\/lahtiwesijarvi\/wp-json\/wp\/v2\/pages\/276","targetHints":{"allow":["GET"]}}],"collection":[{"href":"https:\/\/rotary.fi\/lahtiwesijarvi\/wp-json\/wp\/v2\/pages"}],"about":[{"href":"https:\/\/rotary.fi\/lahtiwesijarvi\/wp-json\/wp\/v2\/types\/page"}],"author":[{"embeddable":true,"href":"https:\/\/rotary.fi\/lahtiwesijarvi\/wp-json\/wp\/v2\/users\/1"}],"replies":[{"embeddable":true,"href":"https:\/\/rotary.fi\/lahtiwesijarvi\/wp-json\/wp\/v2\/comments?post=276"}],"version-history":[{"count":9,"href":"https:\/\/rotary.fi\/lahtiwesijarvi\/wp-json\/wp\/v2\/pages\/276\/revisions"}],"predecessor-version":[{"id":4139,"href":"https:\/\/rotary.fi\/lahtiwesijarvi\/wp-json\/wp\/v2\/pages\/276\/revisions\/4139"}],"up":[{"embeddable":true,"href":"https:\/\/rotary.fi\/lahtiwesijarvi\/wp-json\/wp\/v2\/pages\/129"}],"wp:attachment":[{"href":"https:\/\/rotary.fi\/lahtiwesijarvi\/wp-json\/wp\/v2\/media?parent=276"}],"curies":[{"name":"wp","href":"https:\/\/api.w.org\/{rel}","templated":true}]}}