{"id":156,"date":"2018-08-13T09:46:59","date_gmt":"2018-08-13T06:46:59","guid":{"rendered":"https:\/\/rotary.fi\/lahtiwesijarvi\/?page_id=156"},"modified":"2024-07-10T16:44:52","modified_gmt":"2024-07-10T13:44:52","slug":"projektit","status":"publish","type":"page","link":"https:\/\/rotary.fi\/lahtiwesijarvi\/mita-teemme\/projektit\/","title":{"rendered":"Projektit"},"content":{"rendered":"<p>[et_pb_section fb_built=&#8221;1&#8243; module_class=&#8221;jumbotron-page&#8221; _builder_version=&#8221;4.16&#8243; background_image=&#8221;https:\/\/rotary.fi\/lahtiwesijarvi\/wp-content\/uploads\/sites\/60\/2019\/01\/dsc06436.jpg&#8221; parallax=&#8221;on&#8221; max_width=&#8221;80%&#8221; module_alignment=&#8221;center&#8221; global_colors_info=&#8221;{}&#8221;][et_pb_row _builder_version=&#8221;4.16&#8243; background_size=&#8221;initial&#8221; background_position=&#8221;top_left&#8221; background_repeat=&#8221;repeat&#8221; global_colors_info=&#8221;{}&#8221;][et_pb_column type=&#8221;4_4&#8243; _builder_version=&#8221;4.16&#8243; custom_padding=&#8221;|||&#8221; global_colors_info=&#8221;{}&#8221; custom_padding__hover=&#8221;|||&#8221;][et_pb_text admin_label=&#8221;P\u00e4\u00e4otsikko&#8221; _builder_version=&#8221;4.16&#8243; text_orientation=&#8221;center&#8221; background_layout=&#8221;dark&#8221; global_colors_info=&#8221;{}&#8221;][\/et_pb_text][\/et_pb_column][\/et_pb_row][\/et_pb_section][et_pb_section fb_built=&#8221;1&#8243; specialty=&#8221;on&#8221; module_class_2=&#8221;sivupalkki&#8221; _builder_version=&#8221;4.16&#8243; global_colors_info=&#8221;{}&#8221;][et_pb_column type=&#8221;2_3&#8243; specialty_columns=&#8221;2&#8243; _builder_version=&#8221;4.16&#8243; custom_padding=&#8221;|||&#8221; global_colors_info=&#8221;{}&#8221; parallax__hover=&#8221;off&#8221; parallax_method__hover=&#8221;on&#8221; custom_padding__hover=&#8221;|||&#8221;][et_pb_row_inner admin_label=&#8221;Rivi&#8221; _builder_version=&#8221;4.16&#8243; global_colors_info=&#8221;{}&#8221;][et_pb_column_inner saved_specialty_column_type=&#8221;2_3&#8243; _builder_version=&#8221;4.16&#8243; custom_padding=&#8221;|||&#8221; global_colors_info=&#8221;{}&#8221; parallax__hover=&#8221;off&#8221; parallax_method__hover=&#8221;on&#8221; custom_padding__hover=&#8221;|||&#8221;][et_pb_text admin_label=&#8221;Projektit &#8211; Otsikko&#8221; _builder_version=&#8221;4.16&#8243; text_orientation=&#8221;center&#8221; global_colors_info=&#8221;{}&#8221;]<\/p>\n<h1>Projektit<\/h1>\n<p>[\/et_pb_text][et_pb_text _builder_version=&#8221;4.25.2&#8243; hover_enabled=&#8221;0&#8243; global_colors_info=&#8221;{}&#8221; sticky_enabled=&#8221;0&#8243;]<\/p>\n<p><span style=\"font-size: 16px\">Rotary on palveluj\u00e4rjest\u00f6. Toimimme tunnuslauseemme Palvelu itsekkyyden edelle (Service above self) mukaisesti paikallisesti ja maailmanlaajuisesti. Kansainv\u00e4linen humanit\u00e4\u00e4rinen palvelumme toteutuu Rotarys\u00e4\u00e4ti\u00f6mme koordinoimana ja hyv\u00e4ksyttyjen kumppaneiden kanssa.<\/span><\/p>\n<p><a style=\"font-family: 'Roboto Slab', Georgia, 'Times New Roman', serif;font-size: 28px\" href=\"http:\/\/www.shelterboxtuki.fi\" target=\"_blank\" rel=\"noopener noreferrer\" data-cke-saved-href=\"http:\/\/www.shelterbox.org\/\">SHELTERBOX\u00a0<\/a><span style=\"color: #019fcb;font-family: 'Roboto Slab', Georgia, 'Times New Roman', serif;font-size: 28px\">JA <\/span><a style=\"font-family: 'Roboto Slab', Georgia, 'Times New Roman', serif;font-size: 28px\" href=\"http:\/\/www.shelterboxtuki.fi\" target=\"_blank\" rel=\"noopener noreferrer\" data-cke-saved-href=\"http:\/\/www.shelterboxtuki.fi\/fi\/etusivu\">SHELTERBOX SUOMI<\/a><\/p>\n<p><span style=\"font-size: 16px\">Joka vuosi sadat ja tuhannet ihmiset ymp\u00e4ri maailmaa menett\u00e4v\u00e4t kaiken, kun katastrofi iskee. Ilman omaa syyt\u00e4\u00e4n ja usein ilman mit\u00e4\u00e4n ennakkovaroitusta, he menett\u00e4v\u00e4t kotinsa, omaisuutensa ja toimeentulonsa. Shelterbox on kansainv\u00e4linen avustusj\u00e4rjest\u00f6, jonka missiona on nopeasti toimittaa suojaa, l\u00e4mp\u00f6\u00e4 ja arvokkuutta perheille, jotka ovat j\u00e4\u00e4neet katastrofissa kodittomiksi. Tavoitteena on auttaa 50.000 perhett\u00e4 vuosittain.<\/span><span style=\"font-size: 16px\">\u00a0<\/span><\/p>\n<p><span style=\"font-size: 16px\">ShelterBox Tuki ry (ShelterBox Suomi) on Lahti-Wesij\u00e4rven toimesta vuoden 2013 alkupuolella perustettu yleishy\u00f6dyllinen yhdistys. Yhdistys toimii ShelterBoxin virallisena alajaostona Suomessa, jolloin suomalaisilla on mm. k\u00e4yt\u00e4nn\u00f6n mahdollisuus osallistua valmiustiimeihin. Klubistamme Tapio Vihersaari on yhdistyksen puheenjohtaja. Kaikista Suomen Rotarypiireist\u00e4 on j\u00e4seni\u00e4 hallituksessa.\u00a0<\/span><\/p>\n<p><img loading=\"lazy\" decoding=\"async\" class=\"wp-image-1845 alignnone size-medium\" src=\"https:\/\/rotary.fi\/lahtiwesijarvi\/wp-content\/uploads\/sites\/60\/2019\/01\/img_20180623_094806-1-300x300.jpg\" alt=\"\" width=\"560\" height=\"560\" srcset=\"https:\/\/rotary.fi\/lahtiwesijarvi\/wp-content\/uploads\/sites\/60\/2019\/01\/img_20180623_094806-1-300x300.jpg 300w, https:\/\/rotary.fi\/lahtiwesijarvi\/wp-content\/uploads\/sites\/60\/2019\/01\/img_20180623_094806-1-150x150.jpg 150w, https:\/\/rotary.fi\/lahtiwesijarvi\/wp-content\/uploads\/sites\/60\/2019\/01\/img_20180623_094806-1-768x768.jpg 768w, https:\/\/rotary.fi\/lahtiwesijarvi\/wp-content\/uploads\/sites\/60\/2019\/01\/img_20180623_094806-1-1024x1024.jpg 1024w, https:\/\/rotary.fi\/lahtiwesijarvi\/wp-content\/uploads\/sites\/60\/2019\/01\/img_20180623_094806-1-1080x1080.jpg 1080w, https:\/\/rotary.fi\/lahtiwesijarvi\/wp-content\/uploads\/sites\/60\/2019\/01\/img_20180623_094806-1.jpg 1900w\" sizes=\"(max-width: 560px) 100vw, 560px\" \/><\/p>\n<p><span style=\"color: #019fcb;font-family: 'Roboto Slab', Georgia, 'Times New Roman', serif;font-size: 28px\">Liity j\u00e4seneksi ja auta meit\u00e4 auttamaan<\/span><\/p>\n<p><span style=\"font-size: 16px\"><span style=\"font-size: x-large\">Katso ShelterBoxtuki ry:n<\/span>\u00a0<\/span><span style=\"font-size: x-large\"><a href=\"http:\/\/www.shelterboxtuki.fi\/\" data-cke-saved-href=\"http:\/\/www.shelterboxtuki.fi\">kotisivu<\/a><\/span><\/p>\n<h4>END PLASTIC SOUP<\/h4>\n<p><span style=\"font-size: 16px\">Olemme j\u00e4senen\u00e4 kansainv\u00e4lisess\u00e4 END PLASTIC SOUP -ryhm\u00e4ss\u00e4. Pyrimme v\u00e4hent\u00e4m\u00e4\u00e4n muovin k\u00e4ytt\u00f6\u00e4 toiminnassamme ja puhdistamme ymp\u00e4rist\u00f6\u00e4mme. Kuva kev\u00e4\u00e4n roskak\u00e4velyst\u00e4 Vesij\u00e4rven rannalla.<\/span><\/p>\n<p><img loading=\"lazy\" decoding=\"async\" class=\"wp-image-3389 alignnone size-full\" src=\"https:\/\/rotary.fi\/lahtiwesijarvi\/wp-content\/uploads\/sites\/60\/2021\/07\/dsc01263-2.jpg\" alt=\"\" width=\"1000\" height=\"754\" srcset=\"https:\/\/rotary.fi\/lahtiwesijarvi\/wp-content\/uploads\/sites\/60\/2021\/07\/dsc01263-2.jpg 1000w, https:\/\/rotary.fi\/lahtiwesijarvi\/wp-content\/uploads\/sites\/60\/2021\/07\/dsc01263-2-980x739.jpg 980w, https:\/\/rotary.fi\/lahtiwesijarvi\/wp-content\/uploads\/sites\/60\/2021\/07\/dsc01263-2-480x362.jpg 480w\" sizes=\"(min-width: 0px) and (max-width: 480px) 480px, (min-width: 481px) and (max-width: 980px) 980px, (min-width: 981px) 1000px, 100vw\" \/><\/p>\n<p>&nbsp;<\/p>\n<p>&nbsp;<\/p>\n<p>&nbsp;<\/p>\n<p>&nbsp;<\/p>\n<p>&nbsp;<\/p>\n<p>&nbsp;<\/p>\n<p>&nbsp;<\/p>\n<p>[\/et_pb_text][\/et_pb_column_inner][\/et_pb_row_inner][\/et_pb_column][et_pb_column type=&#8221;1_3&#8243; module_class=&#8221;sivupalkki&#8221; _builder_version=&#8221;4.16&#8243; custom_padding=&#8221;|||&#8221; global_colors_info=&#8221;{}&#8221; parallax__hover=&#8221;off&#8221; parallax_method__hover=&#8221;on&#8221; module_class__hover=&#8221;sivupalkki&#8221; custom_padding__hover=&#8221;|||&#8221;][et_pb_sidebar area=&#8221;sidebar-1&#8243; module_class=&#8221;sivupalkki_sisalto&#8221; _builder_version=&#8221;4.16&#8243; locked=&#8221;on&#8221; global_colors_info=&#8221;{}&#8221;][\/et_pb_sidebar][\/et_pb_column][\/et_pb_section][et_pb_section fb_built=&#8221;1&#8243; _builder_version=&#8221;4.16&#8243; _module_preset=&#8221;default&#8221; global_colors_info=&#8221;{}&#8221;][et_pb_row _builder_version=&#8221;4.16&#8243; _module_preset=&#8221;default&#8221; global_colors_info=&#8221;{}&#8221;][et_pb_column type=&#8221;4_4&#8243; _builder_version=&#8221;4.16&#8243; _module_preset=&#8221;default&#8221; global_colors_info=&#8221;{}&#8221;][et_pb_image _builder_version=&#8221;4.16&#8243; _module_preset=&#8221;default&#8221; global_colors_info=&#8221;{}&#8221;][\/et_pb_image][\/et_pb_column][\/et_pb_row][\/et_pb_section]<\/p>\n","protected":false},"excerpt":{"rendered":"<p>Projektit Rotary on palveluj\u00e4rjest\u00f6. Toimimme tunnuslauseemme Palvelu itsekkyyden edelle (Service above self) mukaisesti paikallisesti ja maailmanlaajuisesti. Kansainv\u00e4linen humanit\u00e4\u00e4rinen palvelumme toteutuu Rotarys\u00e4\u00e4ti\u00f6mme koordinoimana ja hyv\u00e4ksyttyjen kumppaneiden kanssa. SHELTERBOX\u00a0JA SHELTERBOX SUOMI Joka vuosi sadat ja tuhannet ihmiset ymp\u00e4ri maailmaa menett\u00e4v\u00e4t kaiken, kun katastrofi iskee. Ilman omaa syyt\u00e4\u00e4n ja usein ilman mit\u00e4\u00e4n ennakkovaroitusta, he menett\u00e4v\u00e4t kotinsa, omaisuutensa ja [&hellip;]<\/p>\n","protected":false},"author":1,"featured_media":0,"parent":77,"menu_order":0,"comment_status":"closed","ping_status":"closed","template":"","meta":{"_acf_changed":false,"_et_pb_use_builder":"on","_et_pb_old_content":"","_et_gb_content_width":"","footnotes":""},"class_list":["post-156","page","type-page","status-publish","hentry"],"acf":[],"yoast_head":"<!-- This site is optimized with the Yoast SEO plugin v27.0 - https:\/\/yoast.com\/product\/yoast-seo-wordpress\/ -->\n<title>Projektit - Lahti-Wesij\u00e4rvi<\/title>\n<meta name=\"robots\" content=\"index, follow, max-snippet:-1, max-image-preview:large, max-video-preview:-1\" \/>\n<link rel=\"canonical\" href=\"https:\/\/rotary.fi\/lahtiwesijarvi\/mita-teemme\/projektit\/\" \/>\n<meta property=\"og:locale\" content=\"fi_FI\" \/>\n<meta property=\"og:type\" content=\"article\" \/>\n<meta property=\"og:title\" content=\"Projektit - Lahti-Wesij\u00e4rvi\" \/>\n<meta property=\"og:description\" content=\"Projektit Rotary on palveluj\u00e4rjest\u00f6. Toimimme tunnuslauseemme Palvelu itsekkyyden edelle (Service above self) mukaisesti paikallisesti ja maailmanlaajuisesti. Kansainv\u00e4linen humanit\u00e4\u00e4rinen palvelumme toteutuu Rotarys\u00e4\u00e4ti\u00f6mme koordinoimana ja hyv\u00e4ksyttyjen kumppaneiden kanssa. SHELTERBOX\u00a0JA SHELTERBOX SUOMI Joka vuosi sadat ja tuhannet ihmiset ymp\u00e4ri maailmaa menett\u00e4v\u00e4t kaiken, kun katastrofi iskee. Ilman omaa syyt\u00e4\u00e4n ja usein ilman mit\u00e4\u00e4n ennakkovaroitusta, he menett\u00e4v\u00e4t kotinsa, omaisuutensa ja [&hellip;]\" \/>\n<meta property=\"og:url\" content=\"https:\/\/rotary.fi\/lahtiwesijarvi\/mita-teemme\/projektit\/\" \/>\n<meta property=\"og:site_name\" content=\"Lahti-Wesij\u00e4rvi\" \/>\n<meta property=\"article:modified_time\" content=\"2024-07-10T13:44:52+00:00\" \/>\n<meta property=\"og:image\" content=\"https:\/\/rotary.fi\/lahtiwesijarvi\/wp-content\/uploads\/sites\/60\/2019\/01\/img_20180623_094806-1-300x300.jpg\" \/>\n<meta name=\"twitter:card\" content=\"summary_large_image\" \/>\n<meta name=\"twitter:label1\" content=\"Arvioitu lukuaika\" \/>\n\t<meta name=\"twitter:data1\" content=\"2 minuuttia\" \/>\n<script type=\"application\/ld+json\" class=\"yoast-schema-graph\">{\"@context\":\"https:\/\/schema.org\",\"@graph\":[{\"@type\":\"WebPage\",\"@id\":\"https:\/\/rotary.fi\/lahtiwesijarvi\/mita-teemme\/projektit\/\",\"url\":\"https:\/\/rotary.fi\/lahtiwesijarvi\/mita-teemme\/projektit\/\",\"name\":\"Projektit - Lahti-Wesij\u00e4rvi\",\"isPartOf\":{\"@id\":\"https:\/\/rotary.fi\/lahtiwesijarvi\/#website\"},\"primaryImageOfPage\":{\"@id\":\"https:\/\/rotary.fi\/lahtiwesijarvi\/mita-teemme\/projektit\/#primaryimage\"},\"image\":{\"@id\":\"https:\/\/rotary.fi\/lahtiwesijarvi\/mita-teemme\/projektit\/#primaryimage\"},\"thumbnailUrl\":\"https:\/\/rotary.fi\/lahtiwesijarvi\/wp-content\/uploads\/sites\/60\/2019\/01\/img_20180623_094806-1-300x300.jpg\",\"datePublished\":\"2018-08-13T06:46:59+00:00\",\"dateModified\":\"2024-07-10T13:44:52+00:00\",\"breadcrumb\":{\"@id\":\"https:\/\/rotary.fi\/lahtiwesijarvi\/mita-teemme\/projektit\/#breadcrumb\"},\"inLanguage\":\"fi\",\"potentialAction\":[{\"@type\":\"ReadAction\",\"target\":[\"https:\/\/rotary.fi\/lahtiwesijarvi\/mita-teemme\/projektit\/\"]}]},{\"@type\":\"ImageObject\",\"inLanguage\":\"fi\",\"@id\":\"https:\/\/rotary.fi\/lahtiwesijarvi\/mita-teemme\/projektit\/#primaryimage\",\"url\":\"https:\/\/rotary.fi\/lahtiwesijarvi\/wp-content\/uploads\/sites\/60\/2019\/01\/img_20180623_094806-1.jpg\",\"contentUrl\":\"https:\/\/rotary.fi\/lahtiwesijarvi\/wp-content\/uploads\/sites\/60\/2019\/01\/img_20180623_094806-1.jpg\",\"width\":1900,\"height\":1900},{\"@type\":\"BreadcrumbList\",\"@id\":\"https:\/\/rotary.fi\/lahtiwesijarvi\/mita-teemme\/projektit\/#breadcrumb\",\"itemListElement\":[{\"@type\":\"ListItem\",\"position\":1,\"name\":\"Home\",\"item\":\"https:\/\/rotary.fi\/lahtiwesijarvi\/\"},{\"@type\":\"ListItem\",\"position\":2,\"name\":\"Mit\u00e4 teemme\",\"item\":\"https:\/\/rotary.fi\/lahtiwesijarvi\/mita-teemme\/\"},{\"@type\":\"ListItem\",\"position\":3,\"name\":\"Projektit\"}]},{\"@type\":\"WebSite\",\"@id\":\"https:\/\/rotary.fi\/lahtiwesijarvi\/#website\",\"url\":\"https:\/\/rotary.fi\/lahtiwesijarvi\/\",\"name\":\"Lahti-Wesij\u00e4rvi\",\"description\":\"Uusi Rotary klubisivusto\",\"potentialAction\":[{\"@type\":\"SearchAction\",\"target\":{\"@type\":\"EntryPoint\",\"urlTemplate\":\"https:\/\/rotary.fi\/lahtiwesijarvi\/?s={search_term_string}\"},\"query-input\":{\"@type\":\"PropertyValueSpecification\",\"valueRequired\":true,\"valueName\":\"search_term_string\"}}],\"inLanguage\":\"fi\"}]}<\/script>\n<!-- \/ Yoast SEO plugin. -->","yoast_head_json":{"title":"Projektit - Lahti-Wesij\u00e4rvi","robots":{"index":"index","follow":"follow","max-snippet":"max-snippet:-1","max-image-preview":"max-image-preview:large","max-video-preview":"max-video-preview:-1"},"canonical":"https:\/\/rotary.fi\/lahtiwesijarvi\/mita-teemme\/projektit\/","og_locale":"fi_FI","og_type":"article","og_title":"Projektit - Lahti-Wesij\u00e4rvi","og_description":"Projektit Rotary on palveluj\u00e4rjest\u00f6. Toimimme tunnuslauseemme Palvelu itsekkyyden edelle (Service above self) mukaisesti paikallisesti ja maailmanlaajuisesti. Kansainv\u00e4linen humanit\u00e4\u00e4rinen palvelumme toteutuu Rotarys\u00e4\u00e4ti\u00f6mme koordinoimana ja hyv\u00e4ksyttyjen kumppaneiden kanssa. SHELTERBOX\u00a0JA SHELTERBOX SUOMI Joka vuosi sadat ja tuhannet ihmiset ymp\u00e4ri maailmaa menett\u00e4v\u00e4t kaiken, kun katastrofi iskee. Ilman omaa syyt\u00e4\u00e4n ja usein ilman mit\u00e4\u00e4n ennakkovaroitusta, he menett\u00e4v\u00e4t kotinsa, omaisuutensa ja [&hellip;]","og_url":"https:\/\/rotary.fi\/lahtiwesijarvi\/mita-teemme\/projektit\/","og_site_name":"Lahti-Wesij\u00e4rvi","article_modified_time":"2024-07-10T13:44:52+00:00","og_image":[{"url":"https:\/\/rotary.fi\/lahtiwesijarvi\/wp-content\/uploads\/sites\/60\/2019\/01\/img_20180623_094806-1-300x300.jpg","type":"","width":"","height":""}],"twitter_card":"summary_large_image","twitter_misc":{"Arvioitu lukuaika":"2 minuuttia"},"schema":{"@context":"https:\/\/schema.org","@graph":[{"@type":"WebPage","@id":"https:\/\/rotary.fi\/lahtiwesijarvi\/mita-teemme\/projektit\/","url":"https:\/\/rotary.fi\/lahtiwesijarvi\/mita-teemme\/projektit\/","name":"Projektit - Lahti-Wesij\u00e4rvi","isPartOf":{"@id":"https:\/\/rotary.fi\/lahtiwesijarvi\/#website"},"primaryImageOfPage":{"@id":"https:\/\/rotary.fi\/lahtiwesijarvi\/mita-teemme\/projektit\/#primaryimage"},"image":{"@id":"https:\/\/rotary.fi\/lahtiwesijarvi\/mita-teemme\/projektit\/#primaryimage"},"thumbnailUrl":"https:\/\/rotary.fi\/lahtiwesijarvi\/wp-content\/uploads\/sites\/60\/2019\/01\/img_20180623_094806-1-300x300.jpg","datePublished":"2018-08-13T06:46:59+00:00","dateModified":"2024-07-10T13:44:52+00:00","breadcrumb":{"@id":"https:\/\/rotary.fi\/lahtiwesijarvi\/mita-teemme\/projektit\/#breadcrumb"},"inLanguage":"fi","potentialAction":[{"@type":"ReadAction","target":["https:\/\/rotary.fi\/lahtiwesijarvi\/mita-teemme\/projektit\/"]}]},{"@type":"ImageObject","inLanguage":"fi","@id":"https:\/\/rotary.fi\/lahtiwesijarvi\/mita-teemme\/projektit\/#primaryimage","url":"https:\/\/rotary.fi\/lahtiwesijarvi\/wp-content\/uploads\/sites\/60\/2019\/01\/img_20180623_094806-1.jpg","contentUrl":"https:\/\/rotary.fi\/lahtiwesijarvi\/wp-content\/uploads\/sites\/60\/2019\/01\/img_20180623_094806-1.jpg","width":1900,"height":1900},{"@type":"BreadcrumbList","@id":"https:\/\/rotary.fi\/lahtiwesijarvi\/mita-teemme\/projektit\/#breadcrumb","itemListElement":[{"@type":"ListItem","position":1,"name":"Home","item":"https:\/\/rotary.fi\/lahtiwesijarvi\/"},{"@type":"ListItem","position":2,"name":"Mit\u00e4 teemme","item":"https:\/\/rotary.fi\/lahtiwesijarvi\/mita-teemme\/"},{"@type":"ListItem","position":3,"name":"Projektit"}]},{"@type":"WebSite","@id":"https:\/\/rotary.fi\/lahtiwesijarvi\/#website","url":"https:\/\/rotary.fi\/lahtiwesijarvi\/","name":"Lahti-Wesij\u00e4rvi","description":"Uusi Rotary klubisivusto","potentialAction":[{"@type":"SearchAction","target":{"@type":"EntryPoint","urlTemplate":"https:\/\/rotary.fi\/lahtiwesijarvi\/?s={search_term_string}"},"query-input":{"@type":"PropertyValueSpecification","valueRequired":true,"valueName":"search_term_string"}}],"inLanguage":"fi"}]}},"lang":"fi","translations":{"fi":156},"pll_sync_post":[],"_links":{"self":[{"href":"https:\/\/rotary.fi\/lahtiwesijarvi\/wp-json\/wp\/v2\/pages\/156","targetHints":{"allow":["GET"]}}],"collection":[{"href":"https:\/\/rotary.fi\/lahtiwesijarvi\/wp-json\/wp\/v2\/pages"}],"about":[{"href":"https:\/\/rotary.fi\/lahtiwesijarvi\/wp-json\/wp\/v2\/types\/page"}],"author":[{"embeddable":true,"href":"https:\/\/rotary.fi\/lahtiwesijarvi\/wp-json\/wp\/v2\/users\/1"}],"replies":[{"embeddable":true,"href":"https:\/\/rotary.fi\/lahtiwesijarvi\/wp-json\/wp\/v2\/comments?post=156"}],"version-history":[{"count":9,"href":"https:\/\/rotary.fi\/lahtiwesijarvi\/wp-json\/wp\/v2\/pages\/156\/revisions"}],"predecessor-version":[{"id":4142,"href":"https:\/\/rotary.fi\/lahtiwesijarvi\/wp-json\/wp\/v2\/pages\/156\/revisions\/4142"}],"up":[{"embeddable":true,"href":"https:\/\/rotary.fi\/lahtiwesijarvi\/wp-json\/wp\/v2\/pages\/77"}],"wp:attachment":[{"href":"https:\/\/rotary.fi\/lahtiwesijarvi\/wp-json\/wp\/v2\/media?parent=156"}],"curies":[{"name":"wp","href":"https:\/\/api.w.org\/{rel}","templated":true}]}}