{"id":154,"date":"2018-08-13T09:35:27","date_gmt":"2018-08-13T06:35:27","guid":{"rendered":"https:\/\/rotary.fi\/lahtiwesijarvi\/?page_id=154"},"modified":"2025-12-10T20:13:21","modified_gmt":"2025-12-10T18:13:21","slug":"nuorisovaihto","status":"publish","type":"page","link":"https:\/\/rotary.fi\/lahtiwesijarvi\/mita-teemme\/nuorisovaihto\/","title":{"rendered":"Nuorisovaihto"},"content":{"rendered":"<p>[et_pb_section fb_built=&#8221;1&#8243; module_class=&#8221;jumbotron-page&#8221; _builder_version=&#8221;4.16&#8243; background_image=&#8221;https:\/\/rotary.fi\/lahtiwesijarvi\/wp-content\/uploads\/sites\/60\/2020\/12\/img_20180126_102203_resized_20180127_011410317.jpg&#8221; background_size=&#8221;contain&#8221; width=&#8221;100%&#8221; max_width=&#8221;100%&#8221; min_height=&#8221;900px&#8221; height=&#8221;900px&#8221; max_height=&#8221;573px&#8221; overflow-x=&#8221;visible&#8221; overflow-y=&#8221;scroll&#8221; custom_padding=&#8221;59.4375px|0|0px|0px|false|false&#8221; border_width_all=&#8221;1px&#8221; global_colors_info=&#8221;{}&#8221;][\/et_pb_section][et_pb_section fb_built=&#8221;1&#8243; specialty=&#8221;on&#8221; module_class_2=&#8221;sivupalkki&#8221; _builder_version=&#8221;4.16&#8243; global_colors_info=&#8221;{}&#8221;][et_pb_column type=&#8221;2_3&#8243; specialty_columns=&#8221;2&#8243; _builder_version=&#8221;4.16&#8243; custom_padding=&#8221;|||&#8221; global_colors_info=&#8221;{}&#8221; parallax__hover=&#8221;off&#8221; parallax_method__hover=&#8221;on&#8221; custom_padding__hover=&#8221;|||&#8221;][et_pb_row_inner admin_label=&#8221;Rivi&#8221; _builder_version=&#8221;4.16&#8243; global_colors_info=&#8221;{}&#8221;][et_pb_column_inner saved_specialty_column_type=&#8221;2_3&#8243; _builder_version=&#8221;4.16&#8243; custom_padding=&#8221;|||&#8221; global_colors_info=&#8221;{}&#8221; parallax__hover=&#8221;off&#8221; parallax_method__hover=&#8221;on&#8221; custom_padding__hover=&#8221;|||&#8221;][et_pb_text admin_label=&#8221;Kiinnostuitko nuorisovaihdosta? &#8211; Otsikko&#8221; _builder_version=&#8221;4.16&#8243; text_orientation=&#8221;center&#8221; global_colors_info=&#8221;{}&#8221;]<\/p>\n<h4>Kiinnostuitko nuorisovaihdosta?<\/h4>\n<p>[\/et_pb_text][et_pb_text _builder_version=&#8221;4.25.2&#8243; text_font=&#8221;||||||||&#8221; text_font_size=&#8221;9px&#8221; custom_padding=&#8221;0px|||||&#8221; global_colors_info=&#8221;{}&#8221;]<\/p>\n<blockquote>\n<p><span style=\"font-size: medium\"><span class=\"s1\">Rotaryn kautta voit p\u00e4\u00e4st\u00e4 vuosivaihtoon, kes\u00e4vaihtoon tai leirivaihtoon. N\u00e4ist\u00e4 eri vaihtomuodoista voit<span class=\"Apple-converted-space\">\u00a0<\/span>lukea lis\u00e4\u00e4 Suomen Rotaryn <\/span><a href=\"https:\/\/rotary.fi\/mita-teemme\/nuorisopalvelut\/nuorisovaihto\/\" target=\"_blank\" rel=\"noopener noreferrer\"><span class=\"s2\">nuorisovaihdon<\/span><\/a><span class=\"s1\"> sivuilta.<\/span><span class=\"s3\">\u00a0<\/span><span class=\"s1\">Hakuaika seuraavan vuoden vaihtoihin on edelt\u00e4v\u00e4n\u00e4 syksyn\u00e4, elo-syyskuussa. Useimmat vuosivaihtoon hakevat aloittavat haun aikaan lukion 1. vuoden ja vaihto-oppilasvuosi alkaa mukaan valituille vuoden kuluttua elokuussa. Jos kiinnostuit, katso rye.fi -sivuilta hakuprosessista ja ohjeista vapaamuotoisen hakemuksen tekemiseen. Lis\u00e4tietoja voit kysy\u00e4 l\u00e4hett\u00e4m\u00e4ll\u00e4 s\u00e4hk\u00f6postia Lahden seudun rotaryklubien yhteiseen s\u00e4hk\u00f6postiin: <a href=\"mailto:lahenseudun.rye@gmail.com\">lahenseudun.rye@gmail.com<\/a>\u00a0\u00a0<\/span><\/span><\/p>\n<\/blockquote>\n<p><span style=\"font-size: medium\"><span class=\"s1\">Lahden seudun rotaryklubit toimivat yhteisty\u00f6ss\u00e4, niin ett\u00e4 eri klubien nuorisovaihtoasiamiehet yhdess\u00e4 k\u00e4sittelev\u00e4t vastaanotetut vuosivaihdon hakemukset, haastattelevat kaikki hakeneet ja tekev\u00e4t valinnat. Kauden 2026-2027 valinnat on jo tehty. Kaudelle 2027-2028 vuosivaihtoon, kes\u00e4vaihtoon tai leirivaihtoon haluavien vapaamuotoiset hakemukset pit\u00e4\u00e4 j\u00e4tt\u00e4\u00e4 tuohon samaan yhteiseen s\u00e4hk\u00f6postiin (<a href=\"mailto:lahenseudun.rye@gmail.com\">lahenseudun.rye@gmail.com<\/a>) viimeist\u00e4\u00e4n syyskuun 2026 loppuun menness\u00e4, mieluiten elokuun lopussa tai syyskuun alussa. Hakijat haastatellaan lokakuun alussa ja pian sen j\u00e4lkeen he saavat tiet\u00e4\u00e4, ovatko tulleet valituiksi jatkoprosessiin.\u00a0<\/span><\/span><\/p>\n<p><span style=\"font-size: 16px\">Kukin Rotaryklubi p\u00e4\u00e4tt\u00e4\u00e4 itsen\u00e4isesti vuosittain, onko se mukana nuorisovaihdossa l\u00e4hett\u00e4m\u00e4ss\u00e4 oppilasta \/ oppilaita vuosivaihtoon, kes\u00e4- ja leirivaihtoon.\u00a0<\/span><\/p>\n<p>&nbsp;<\/p>\n<p>&nbsp;<\/p>\n<p><strong><span style=\"font-size: medium\"><span class=\"s1\">Lahteen tuleville Rotary-vaihto-oppilaille is\u00e4nt\u00e4perheit\u00e4!<\/span><\/span><\/strong><\/p>\n<p><span style=\"font-size: medium\"><span class=\"s1\">Koska nuorisovaihdossa on nimenomaan kyse vaihdosta, t\u00e4k\u00e4l\u00e4isen vuosivaihto-oppilaan p\u00e4\u00e4semiseen maailmalle liittyy ulkomaalaisen vaihto-oppilaan tuleminen Lahteen kouluvuoden ajaksi. Koska Rotary-vaihto-oppilaat asuvat useammassa is\u00e4nt\u00e4perheess\u00e4, tarvitaan joka vuosi perheit\u00e4, jotka ovat valmiita ottamaan uuden mielenkiintoisen perheenj\u00e4senen hoiviinsa muutamaksi kuukaudeksi. Eli is\u00e4nt\u00e4perheen\u00e4 olemisesta kiinnostuneet: ottakaa my\u00f6s yhteytt\u00e4 nuorisovaihtoasiamieheen!\u00a0\u00a0<\/span><\/span><\/p>\n<p><span style=\"font-size: medium\"><strong><span class=\"s4\">Kysy rohkeasti lis\u00e4\u00e4 Rotaryn nuorisovaihdosta!<\/span><\/strong><\/span><\/p>\n<p class=\"p2\"><span class=\"s1\">\u00a0 \u00a0\u00a0<\/span><\/p>\n<p><span style=\"font-size: medium\"><strong>Nuorisovaihtoasiamies Virpi M\u00e4kel\u00e4 \u00a0 \u00a0 \u00a0virpi.anneli.makela(at)gmail.com \u00a0<\/strong><\/span><\/p>\n<p><strong style=\"font-size: medium\">Kummi, Counsellor\u00a0 \u00a0 \u00a0 \u00a0 \u00a0Satu Tuomikoski<\/strong><\/p>\n<p><span style=\"font-size: medium\">\u00a0<\/span><\/p>\n<h4>\u00a0<\/h4>\n<p><span style=\"font-size: large\">\u00a0<\/span><\/p>\n<p><span style=\"font-size: large\">Rotary-nuorisovaihdosta l\u00f6ytyy lis\u00e4tietoja osoitteesta\u00a0<a href=\"https:\/\/rye.fi\">www.rye.fi<\/a><\/span><\/p>\n<p>&nbsp;<\/p>\n<p>&nbsp;<\/p>\n<p>&nbsp;<\/p>\n<p>&nbsp;<\/p>\n<p>&nbsp;<\/p>\n<p>&nbsp;<\/p>\n<p>&nbsp;<\/p>\n<p>&nbsp;<\/p>\n<p><span style=\"font-size: large\">Nuorisovaihtotoimintamme aikaisempina vuosina:<\/span><\/p>\n<p><span style=\"font-size: large\">\u00a0<\/span><\/p>\n<p><span style=\"font-size: large\"><u>Vuosivaihto IB = inbound<\/u><\/span><u><\/u><\/p>\n<p>&nbsp;<\/p>\n<p>&nbsp;<\/p>\n<p><span style=\"background-color: #ffffff;font-size: large\">IB-Vaihto-oppilas 2024-2025 Kaela Johnson, Oregon, USA<\/span><\/p>\n<p><span style=\"background-color: #ffffff;font-size: large\">IB-Vaihto-oppilas 2023-2024 Danica Osborne, Alberta, Kanada<\/span><\/p>\n<p><span style=\"background-color: #ffffff;font-size: large\">IB-Vaihto-oppilas 2022-2023 Olexa (Lexi) Hudran, Delaware, USA<\/span><\/p>\n<p><span style=\"background-color: #ffffff;font-size: large\"> IB-Vaihto-oppilas 2019-2020 Cayla Derasp, Ontario, Kanada<\/span><\/p>\n<p><span style=\"background-color: #ffffff;font-size: large\">IB-Vaihto-oppilas 2018-2019 Saim Ahmad, Alberta, Kanada<\/span><\/p>\n<p><span style=\"font-size: large\">IB-Vaihto-oppilas 2017-2018 Beryl Anderson, Arkansas, USA<\/span><\/p>\n<p><span style=\"font-size: large\">IB-Vaihto-oppilas 2016-2017 Gina G\u00f3ngora, Meksiko<\/span><\/p>\n<p><span style=\"font-size: large\">IB-Vaihto-oppilas 2015-2016 Lea Milde, Saksa<\/span><\/p>\n<p><span style=\"font-size: large\">IB-Vaihto-oppilas 2014-2015 Ad\u00e9le Blanc, Ranska<\/span><\/p>\n<p><span style=\"font-size: large\">IB-Vaihto-oppilas 2013-2014 Marco Ribera, Meksiko<\/span><\/p>\n<p><span style=\"font-size: large\">IB-Vaihto-oppilas 2012-2013 Marissa Bjerkness, Minnesota, USA<\/span><\/p>\n<p><span style=\"font-size: large\">IB-Vaihto-oppilas 2011-2012 Kevin Martinez Delgadillo, Meksiko<\/span><\/p>\n<p><span style=\"font-size: large\">IB-Vaihto-oppilas 2010-2011 Cheryl Tsai, Taiwan<\/span><\/p>\n<p><span style=\"font-size: large\">IB-Vaihto-oppilas 2009-2010 Brooke Ealey, Pennsylvania, USA\u00a0<\/span><\/p>\n<p><span style=\"font-size: large\">IB-Vaihto-oppilas 2008-2009 Dante Diotallevi, Ontario, Kanada\u00a0<\/span><\/p>\n<p><span style=\"font-size: large\">IB-Vaihto-oppilas 2007-2008 Thais Peixoto de Medeiros, Brasilia\u00a0<\/span><\/p>\n<p><span style=\"font-size: large\">IB-Vaihto-oppilas 2006-2007 Camille Pedersen, Oregon, USA<\/span><\/p>\n<p><span style=\"font-size: large\">\u00a0<\/span><\/p>\n<p><span style=\"font-size: large\"><u>Vuosivaihto OB = outbound<\/u><\/span><\/p>\n<p>&nbsp;<\/p>\n<p><span style=\"background-color: #ffffff;font-size: large\">OB-Vaihto-oppilas 2024-2025 Nella Mattila, Indiana, USA<\/span><\/p>\n<p><span style=\"background-color: #ffffff;font-size: large\">OB-Vaihto-oppilas 2023-2024 Johannes Alava, Pennsylvania, USA<\/span><\/p>\n<p><span style=\"background-color: #ffffff;font-size: large\">OB-Vaihto-oppilas 2022-2023 Iiris Jud\u00e9n, Tennessee, USA<\/span><\/p>\n<p><span style=\"background-color: #ffffff;font-size: large\"> OB-Vaihto-oppilas 2019-2020 Roope Tsutsunen, Ontario, Kanada<\/span><\/p>\n<p><span style=\"background-color: #ffffff;font-size: large\">OB-Vaihto-oppilas 2018-2019 Milla Tuomikoski, Ontario, Kanada<\/span><\/p>\n<p><span style=\"font-size: large\">OB-Vaihto-oppilas 2017-2018 Jatta Kiiski, Illinois, USA<\/span><\/p>\n<p><span style=\"font-size: large\">OB-Vaihto-oppilas 2016-2017 Vili Tuomikoski, Meksiko<\/span><\/p>\n<p><span style=\"font-size: large\">OB-Vaihto-oppilas 2015-2016 Hedda-Leena Ihalainen, Saksa<\/span><\/p>\n<p><span style=\"font-size: large\">OB-Vaihto-oppilas 2014-2015 Riikka Eskola, Ranska<\/span><\/p>\n<p><span style=\"font-size: large\">OB-Vaihto-oppilas 2013-2014 Olga Tervahartiala, Meksiko<\/span><\/p>\n<p><span style=\"font-size: large\">OB-Vaihto-oppilas 2012-2013 Saara Nikula, Kalifornia, USA<\/span><\/p>\n<p><span style=\"font-size: large\">OB-Vaihto-oppilas 2011-2012 Lotta Nikula, Saskatchewan, Kanada<\/span><\/p>\n<p><span style=\"font-size: large\">OB-Vaihto-oppilas\u00a02010-2011 Tom Helenelund, Taiwan<\/span><\/p>\n<p><span style=\"font-size: large\">OB-Vaihto-oppilas 2009-2010 Ella Eerolainen, Vermont, USA<\/span><\/p>\n<p><span style=\"font-size: large\">OB-Vaihto-oppilas 2008-2009 Jussi Larkovuo, Michigan, USA<\/span><\/p>\n<p><span style=\"font-size: large\">OB-Vaihto-oppilas 2007-2008 Tiina Lehti, Brasilia<\/span><\/p>\n<p><span style=\"font-size: large\">OB-Vaihto-oppilas 2006-2007 Matti Siiteri, Oregon, USA<\/span><\/p>\n<p><span style=\"font-size: large\">\u00a0<\/span><\/p>\n<p><span style=\"font-size: large\"><u>Kes\u00e4vaihto<i>\u00a0<\/i><\/u><i>\u00a0\u00a0<\/i><\/span><\/p>\n<p>&nbsp;<\/p>\n<p><span style=\"font-size: large\">2018<\/span><\/p>\n<p><span style=\"font-size: large\">Jessina Salmi \/ Alexa (?), Meksiko<\/span><\/p>\n<p>&nbsp;<\/p>\n<p>&nbsp;<\/p>\n<p>&nbsp;<\/p>\n<p><span style=\"font-size: large\">2017<\/span><\/p>\n<p><span style=\"font-size: large\">Julian Lamp\u00e9n \/ Caleb Kamalu, Washington, USA<\/span><\/p>\n<p><span style=\"font-size: large\">Milla Sillanp\u00e4\u00e4 \/ Samatha Basto\u00a0Castillo, Meksiko<\/span><\/p>\n<p><span style=\"font-size: large\">\u00a0<\/span><\/p>\n<p><span style=\"font-size: large\">2014<\/span><\/p>\n<p><span style=\"font-size: large\">Elise Sivonen \/ Valeria Liedtke, Saksa<\/span><\/p>\n<p><span style=\"font-size: large\">\u00a0<\/span><\/p>\n<p><span style=\"font-size: large\">2012<\/span><\/p>\n<p><span style=\"font-size: large\">Viivi Laitinen \/ Silvia Huelgas, Espanja<\/span><br \/><span style=\"font-size: large\">Vilja-Riina Erkamo \/ Miranda Neagle, Texas, USA<\/span><\/p>\n<p>&nbsp;<\/p>\n<p>&nbsp;<\/p>\n<p>&nbsp;<\/p>\n<p>&nbsp;<\/p>\n<p>&nbsp;<\/p>\n<p>&nbsp;<\/p>\n<p>[\/et_pb_text][\/et_pb_column_inner][\/et_pb_row_inner][et_pb_row_inner _builder_version=&#8221;4.16&#8243; global_colors_info=&#8221;{}&#8221;][et_pb_column_inner saved_specialty_column_type=&#8221;2_3&#8243; _builder_version=&#8221;4.16&#8243; custom_padding=&#8221;|||&#8221; global_colors_info=&#8221;{}&#8221; parallax__hover=&#8221;off&#8221; parallax_method__hover=&#8221;on&#8221; custom_padding__hover=&#8221;|||&#8221;][\/et_pb_column_inner][\/et_pb_row_inner][\/et_pb_column][et_pb_column type=&#8221;1_3&#8243; _builder_version=&#8221;4.16&#8243; custom_padding=&#8221;|||&#8221; global_colors_info=&#8221;{}&#8221; parallax__hover=&#8221;off&#8221; parallax_method__hover=&#8221;on&#8221; module_class__hover=&#8221;sivupalkki&#8221; custom_padding__hover=&#8221;|||&#8221;][et_pb_sidebar area=&#8221;sidebar-1&#8243; module_class=&#8221;sivupalkki_sisalto&#8221; _builder_version=&#8221;4.16&#8243; locked=&#8221;on&#8221; global_colors_info=&#8221;{}&#8221;][\/et_pb_sidebar][\/et_pb_column][\/et_pb_section]<\/p>\n","protected":false},"excerpt":{"rendered":"<p>Kiinnostuitko nuorisovaihdosta? Rotaryn kautta voit p\u00e4\u00e4st\u00e4 vuosivaihtoon, kes\u00e4vaihtoon tai leirivaihtoon. N\u00e4ist\u00e4 eri vaihtomuodoista voit\u00a0lukea lis\u00e4\u00e4 Suomen Rotaryn nuorisovaihdon sivuilta.\u00a0Hakuaika seuraavan vuoden vaihtoihin on edelt\u00e4v\u00e4n\u00e4 syksyn\u00e4, elo-syyskuussa. Useimmat vuosivaihtoon hakevat aloittavat haun aikaan lukion 1. vuoden ja vaihto-oppilasvuosi alkaa mukaan valituille vuoden kuluttua elokuussa. Jos kiinnostuit, katso rye.fi -sivuilta hakuprosessista ja ohjeista vapaamuotoisen hakemuksen tekemiseen. Lis\u00e4tietoja [&hellip;]<\/p>\n","protected":false},"author":1,"featured_media":0,"parent":77,"menu_order":0,"comment_status":"closed","ping_status":"closed","template":"","meta":{"_acf_changed":false,"_et_pb_use_builder":"on","_et_pb_old_content":"","_et_gb_content_width":"","footnotes":""},"class_list":["post-154","page","type-page","status-publish","hentry"],"acf":[],"yoast_head":"<!-- This site is optimized with the Yoast SEO plugin v27.0 - https:\/\/yoast.com\/product\/yoast-seo-wordpress\/ -->\n<title>Nuorisovaihto - Lahti-Wesij\u00e4rvi<\/title>\n<meta name=\"robots\" content=\"index, follow, max-snippet:-1, max-image-preview:large, max-video-preview:-1\" \/>\n<link rel=\"canonical\" href=\"https:\/\/rotary.fi\/lahtiwesijarvi\/mita-teemme\/nuorisovaihto\/\" \/>\n<meta property=\"og:locale\" content=\"fi_FI\" \/>\n<meta property=\"og:type\" content=\"article\" \/>\n<meta property=\"og:title\" content=\"Nuorisovaihto - Lahti-Wesij\u00e4rvi\" \/>\n<meta property=\"og:description\" content=\"Kiinnostuitko nuorisovaihdosta? Rotaryn kautta voit p\u00e4\u00e4st\u00e4 vuosivaihtoon, kes\u00e4vaihtoon tai leirivaihtoon. N\u00e4ist\u00e4 eri vaihtomuodoista voit\u00a0lukea lis\u00e4\u00e4 Suomen Rotaryn nuorisovaihdon sivuilta.\u00a0Hakuaika seuraavan vuoden vaihtoihin on edelt\u00e4v\u00e4n\u00e4 syksyn\u00e4, elo-syyskuussa. Useimmat vuosivaihtoon hakevat aloittavat haun aikaan lukion 1. vuoden ja vaihto-oppilasvuosi alkaa mukaan valituille vuoden kuluttua elokuussa. Jos kiinnostuit, katso rye.fi -sivuilta hakuprosessista ja ohjeista vapaamuotoisen hakemuksen tekemiseen. Lis\u00e4tietoja [&hellip;]\" \/>\n<meta property=\"og:url\" content=\"https:\/\/rotary.fi\/lahtiwesijarvi\/mita-teemme\/nuorisovaihto\/\" \/>\n<meta property=\"og:site_name\" content=\"Lahti-Wesij\u00e4rvi\" \/>\n<meta property=\"article:modified_time\" content=\"2025-12-10T18:13:21+00:00\" \/>\n<meta name=\"twitter:card\" content=\"summary_large_image\" \/>\n<meta name=\"twitter:label1\" content=\"Arvioitu lukuaika\" \/>\n\t<meta name=\"twitter:data1\" content=\"3 minuuttia\" \/>\n<script type=\"application\/ld+json\" class=\"yoast-schema-graph\">{\"@context\":\"https:\/\/schema.org\",\"@graph\":[{\"@type\":\"WebPage\",\"@id\":\"https:\/\/rotary.fi\/lahtiwesijarvi\/mita-teemme\/nuorisovaihto\/\",\"url\":\"https:\/\/rotary.fi\/lahtiwesijarvi\/mita-teemme\/nuorisovaihto\/\",\"name\":\"Nuorisovaihto - Lahti-Wesij\u00e4rvi\",\"isPartOf\":{\"@id\":\"https:\/\/rotary.fi\/lahtiwesijarvi\/#website\"},\"datePublished\":\"2018-08-13T06:35:27+00:00\",\"dateModified\":\"2025-12-10T18:13:21+00:00\",\"breadcrumb\":{\"@id\":\"https:\/\/rotary.fi\/lahtiwesijarvi\/mita-teemme\/nuorisovaihto\/#breadcrumb\"},\"inLanguage\":\"fi\",\"potentialAction\":[{\"@type\":\"ReadAction\",\"target\":[\"https:\/\/rotary.fi\/lahtiwesijarvi\/mita-teemme\/nuorisovaihto\/\"]}]},{\"@type\":\"BreadcrumbList\",\"@id\":\"https:\/\/rotary.fi\/lahtiwesijarvi\/mita-teemme\/nuorisovaihto\/#breadcrumb\",\"itemListElement\":[{\"@type\":\"ListItem\",\"position\":1,\"name\":\"Home\",\"item\":\"https:\/\/rotary.fi\/lahtiwesijarvi\/\"},{\"@type\":\"ListItem\",\"position\":2,\"name\":\"Mit\u00e4 teemme\",\"item\":\"https:\/\/rotary.fi\/lahtiwesijarvi\/mita-teemme\/\"},{\"@type\":\"ListItem\",\"position\":3,\"name\":\"Nuorisovaihto\"}]},{\"@type\":\"WebSite\",\"@id\":\"https:\/\/rotary.fi\/lahtiwesijarvi\/#website\",\"url\":\"https:\/\/rotary.fi\/lahtiwesijarvi\/\",\"name\":\"Lahti-Wesij\u00e4rvi\",\"description\":\"Uusi Rotary klubisivusto\",\"potentialAction\":[{\"@type\":\"SearchAction\",\"target\":{\"@type\":\"EntryPoint\",\"urlTemplate\":\"https:\/\/rotary.fi\/lahtiwesijarvi\/?s={search_term_string}\"},\"query-input\":{\"@type\":\"PropertyValueSpecification\",\"valueRequired\":true,\"valueName\":\"search_term_string\"}}],\"inLanguage\":\"fi\"}]}<\/script>\n<!-- \/ Yoast SEO plugin. -->","yoast_head_json":{"title":"Nuorisovaihto - Lahti-Wesij\u00e4rvi","robots":{"index":"index","follow":"follow","max-snippet":"max-snippet:-1","max-image-preview":"max-image-preview:large","max-video-preview":"max-video-preview:-1"},"canonical":"https:\/\/rotary.fi\/lahtiwesijarvi\/mita-teemme\/nuorisovaihto\/","og_locale":"fi_FI","og_type":"article","og_title":"Nuorisovaihto - Lahti-Wesij\u00e4rvi","og_description":"Kiinnostuitko nuorisovaihdosta? Rotaryn kautta voit p\u00e4\u00e4st\u00e4 vuosivaihtoon, kes\u00e4vaihtoon tai leirivaihtoon. N\u00e4ist\u00e4 eri vaihtomuodoista voit\u00a0lukea lis\u00e4\u00e4 Suomen Rotaryn nuorisovaihdon sivuilta.\u00a0Hakuaika seuraavan vuoden vaihtoihin on edelt\u00e4v\u00e4n\u00e4 syksyn\u00e4, elo-syyskuussa. Useimmat vuosivaihtoon hakevat aloittavat haun aikaan lukion 1. vuoden ja vaihto-oppilasvuosi alkaa mukaan valituille vuoden kuluttua elokuussa. Jos kiinnostuit, katso rye.fi -sivuilta hakuprosessista ja ohjeista vapaamuotoisen hakemuksen tekemiseen. Lis\u00e4tietoja [&hellip;]","og_url":"https:\/\/rotary.fi\/lahtiwesijarvi\/mita-teemme\/nuorisovaihto\/","og_site_name":"Lahti-Wesij\u00e4rvi","article_modified_time":"2025-12-10T18:13:21+00:00","twitter_card":"summary_large_image","twitter_misc":{"Arvioitu lukuaika":"3 minuuttia"},"schema":{"@context":"https:\/\/schema.org","@graph":[{"@type":"WebPage","@id":"https:\/\/rotary.fi\/lahtiwesijarvi\/mita-teemme\/nuorisovaihto\/","url":"https:\/\/rotary.fi\/lahtiwesijarvi\/mita-teemme\/nuorisovaihto\/","name":"Nuorisovaihto - Lahti-Wesij\u00e4rvi","isPartOf":{"@id":"https:\/\/rotary.fi\/lahtiwesijarvi\/#website"},"datePublished":"2018-08-13T06:35:27+00:00","dateModified":"2025-12-10T18:13:21+00:00","breadcrumb":{"@id":"https:\/\/rotary.fi\/lahtiwesijarvi\/mita-teemme\/nuorisovaihto\/#breadcrumb"},"inLanguage":"fi","potentialAction":[{"@type":"ReadAction","target":["https:\/\/rotary.fi\/lahtiwesijarvi\/mita-teemme\/nuorisovaihto\/"]}]},{"@type":"BreadcrumbList","@id":"https:\/\/rotary.fi\/lahtiwesijarvi\/mita-teemme\/nuorisovaihto\/#breadcrumb","itemListElement":[{"@type":"ListItem","position":1,"name":"Home","item":"https:\/\/rotary.fi\/lahtiwesijarvi\/"},{"@type":"ListItem","position":2,"name":"Mit\u00e4 teemme","item":"https:\/\/rotary.fi\/lahtiwesijarvi\/mita-teemme\/"},{"@type":"ListItem","position":3,"name":"Nuorisovaihto"}]},{"@type":"WebSite","@id":"https:\/\/rotary.fi\/lahtiwesijarvi\/#website","url":"https:\/\/rotary.fi\/lahtiwesijarvi\/","name":"Lahti-Wesij\u00e4rvi","description":"Uusi Rotary klubisivusto","potentialAction":[{"@type":"SearchAction","target":{"@type":"EntryPoint","urlTemplate":"https:\/\/rotary.fi\/lahtiwesijarvi\/?s={search_term_string}"},"query-input":{"@type":"PropertyValueSpecification","valueRequired":true,"valueName":"search_term_string"}}],"inLanguage":"fi"}]}},"lang":"fi","translations":{"fi":154},"pll_sync_post":[],"_links":{"self":[{"href":"https:\/\/rotary.fi\/lahtiwesijarvi\/wp-json\/wp\/v2\/pages\/154","targetHints":{"allow":["GET"]}}],"collection":[{"href":"https:\/\/rotary.fi\/lahtiwesijarvi\/wp-json\/wp\/v2\/pages"}],"about":[{"href":"https:\/\/rotary.fi\/lahtiwesijarvi\/wp-json\/wp\/v2\/types\/page"}],"author":[{"embeddable":true,"href":"https:\/\/rotary.fi\/lahtiwesijarvi\/wp-json\/wp\/v2\/users\/1"}],"replies":[{"embeddable":true,"href":"https:\/\/rotary.fi\/lahtiwesijarvi\/wp-json\/wp\/v2\/comments?post=154"}],"version-history":[{"count":9,"href":"https:\/\/rotary.fi\/lahtiwesijarvi\/wp-json\/wp\/v2\/pages\/154\/revisions"}],"predecessor-version":[{"id":4305,"href":"https:\/\/rotary.fi\/lahtiwesijarvi\/wp-json\/wp\/v2\/pages\/154\/revisions\/4305"}],"up":[{"embeddable":true,"href":"https:\/\/rotary.fi\/lahtiwesijarvi\/wp-json\/wp\/v2\/pages\/77"}],"wp:attachment":[{"href":"https:\/\/rotary.fi\/lahtiwesijarvi\/wp-json\/wp\/v2\/media?parent=154"}],"curies":[{"name":"wp","href":"https:\/\/api.w.org\/{rel}","templated":true}]}}