{"id":129,"date":"2018-08-10T13:41:39","date_gmt":"2018-08-10T10:41:39","guid":{"rendered":"https:\/\/rotary.fi\/klubi2\/?page_id=129"},"modified":"2025-09-04T16:58:59","modified_gmt":"2025-09-04T13:58:59","slug":"keita-olemme","status":"publish","type":"page","link":"https:\/\/rotary.fi\/lahtiwesijarvi\/keita-olemme\/","title":{"rendered":"Keit\u00e4 olemme"},"content":{"rendered":"<p>[et_pb_section fb_built=&#8221;1&#8243; module_class=&#8221;jumbotron-page&#8221; _builder_version=&#8221;4.17.4&#8243; use_background_color_gradient=&#8221;on&#8221; background_color_gradient_stops=&#8221;#2b87da 56%|#29c4a9 100%&#8221; background_image=&#8221;https:\/\/rotary.fi\/lahtiwesijarvi\/wp-content\/uploads\/sites\/60\/2020\/11\/pic_20201113_075544694-4.jpg&#8221; background_size=&#8221;contain&#8221; background_position=&#8221;top_center&#8221; max_width=&#8221;100%&#8221; module_alignment=&#8221;center&#8221; overflow-x=&#8221;scroll&#8221; overflow-y=&#8221;scroll&#8221; custom_padding=&#8221;0|0|0px|0px|false|false&#8221; hover_enabled=&#8221;0&#8243; border_width_all=&#8221;1px&#8221; global_colors_info=&#8221;{}&#8221; sticky_enabled=&#8221;0&#8243;][et_pb_row _builder_version=&#8221;4.16&#8243; background_size=&#8221;initial&#8221; background_position=&#8221;top_left&#8221; background_repeat=&#8221;repeat&#8221; hover_enabled=&#8221;0&#8243; global_colors_info=&#8221;{}&#8221; sticky_enabled=&#8221;0&#8243;][et_pb_column type=&#8221;4_4&#8243; _builder_version=&#8221;4.16&#8243; custom_padding=&#8221;|||&#8221; global_colors_info=&#8221;{}&#8221; custom_padding__hover=&#8221;|||&#8221;][et_pb_text admin_label=&#8221;P\u00e4\u00e4otsikko&#8221; _builder_version=&#8221;4.16&#8243; text_orientation=&#8221;center&#8221; background_layout=&#8221;dark&#8221; hover_enabled=&#8221;0&#8243; global_colors_info=&#8221;{}&#8221; sticky_enabled=&#8221;0&#8243;]<\/p>\n<h1>\u00a0<\/h1>\n<h1>\u00a0<\/h1>\n<h1>\u00a0<\/h1>\n<p>[\/et_pb_text][\/et_pb_column][\/et_pb_row][\/et_pb_section][et_pb_section fb_built=&#8221;1&#8243; specialty=&#8221;on&#8221; module_class_2=&#8221;sivupalkki&#8221; _builder_version=&#8221;4.16&#8243; hover_enabled=&#8221;0&#8243; global_colors_info=&#8221;{}&#8221; sticky_enabled=&#8221;0&#8243;][et_pb_column type=&#8221;2_3&#8243; specialty_columns=&#8221;2&#8243; _builder_version=&#8221;4.16&#8243; custom_padding=&#8221;|||&#8221; global_colors_info=&#8221;{}&#8221; custom_padding__hover=&#8221;|||&#8221;][et_pb_row_inner column_structure=&#8221;undefined&#8221; admin_label=&#8221;Rivi&#8221; _builder_version=&#8221;4.16&#8243; hover_enabled=&#8221;0&#8243; global_colors_info=&#8221;{}&#8221; sticky_enabled=&#8221;0&#8243;][et_pb_column_inner type=&#8221;undefined&#8221; saved_specialty_column_type=&#8221;2_3&#8243; _builder_version=&#8221;4.16&#8243; custom_padding=&#8221;|||&#8221; global_colors_info=&#8221;{}&#8221; parallax__hover=&#8221;off&#8221; parallax_method__hover=&#8221;on&#8221; custom_padding__hover=&#8221;|||&#8221;][et_pb_text admin_label=&#8221;Otsikko&#8221; _builder_version=&#8221;4.16&#8243; text_orientation=&#8221;center&#8221; hover_enabled=&#8221;0&#8243; global_colors_info=&#8221;{}&#8221; sticky_enabled=&#8221;0&#8243;]<\/p>\n<h1>Keit\u00e4 olemme<\/h1>\n<p>[\/et_pb_text][et_pb_text _builder_version=&#8221;4.27.4&#8243; width=&#8221;73%&#8221; hover_enabled=&#8221;0&#8243; z_index_tablet=&#8221;500&#8243; text_text_shadow_horizontal_length_tablet=&#8221;0px&#8221; text_text_shadow_vertical_length_tablet=&#8221;0px&#8221; text_text_shadow_blur_strength_tablet=&#8221;1px&#8221; link_text_shadow_horizontal_length_tablet=&#8221;0px&#8221; link_text_shadow_vertical_length_tablet=&#8221;0px&#8221; link_text_shadow_blur_strength_tablet=&#8221;1px&#8221; ul_text_shadow_horizontal_length_tablet=&#8221;0px&#8221; ul_text_shadow_vertical_length_tablet=&#8221;0px&#8221; ul_text_shadow_blur_strength_tablet=&#8221;1px&#8221; ol_text_shadow_horizontal_length_tablet=&#8221;0px&#8221; ol_text_shadow_vertical_length_tablet=&#8221;0px&#8221; ol_text_shadow_blur_strength_tablet=&#8221;1px&#8221; quote_text_shadow_horizontal_length_tablet=&#8221;0px&#8221; quote_text_shadow_vertical_length_tablet=&#8221;0px&#8221; quote_text_shadow_blur_strength_tablet=&#8221;1px&#8221; header_text_shadow_horizontal_length_tablet=&#8221;0px&#8221; header_text_shadow_vertical_length_tablet=&#8221;0px&#8221; header_text_shadow_blur_strength_tablet=&#8221;1px&#8221; header_2_text_shadow_horizontal_length_tablet=&#8221;0px&#8221; header_2_text_shadow_vertical_length_tablet=&#8221;0px&#8221; header_2_text_shadow_blur_strength_tablet=&#8221;1px&#8221; header_3_text_shadow_horizontal_length_tablet=&#8221;0px&#8221; header_3_text_shadow_vertical_length_tablet=&#8221;0px&#8221; header_3_text_shadow_blur_strength_tablet=&#8221;1px&#8221; header_4_text_shadow_horizontal_length_tablet=&#8221;0px&#8221; header_4_text_shadow_vertical_length_tablet=&#8221;0px&#8221; header_4_text_shadow_blur_strength_tablet=&#8221;1px&#8221; header_5_text_shadow_horizontal_length_tablet=&#8221;0px&#8221; header_5_text_shadow_vertical_length_tablet=&#8221;0px&#8221; header_5_text_shadow_blur_strength_tablet=&#8221;1px&#8221; header_6_text_shadow_horizontal_length_tablet=&#8221;0px&#8221; header_6_text_shadow_vertical_length_tablet=&#8221;0px&#8221; header_6_text_shadow_blur_strength_tablet=&#8221;1px&#8221; box_shadow_horizontal_tablet=&#8221;0px&#8221; box_shadow_vertical_tablet=&#8221;0px&#8221; box_shadow_blur_tablet=&#8221;40px&#8221; box_shadow_spread_tablet=&#8221;0px&#8221; saved_tabs=&#8221;all&#8221; global_colors_info=&#8221;{}&#8221; sticky_enabled=&#8221;0&#8243;]<\/p>\n<p><span style=\"font-size: 16px\">Lahti-Wesij\u00e4rvi Rotaryklubi on aktiivinen Lahden talousalueen yleishy\u00f6dyllinen rekister\u00f6ity yhdistys. Vierailemme alueen yrityksiss\u00e4 ja toimipaikoissa. Teemme kansainv\u00e4lisen Rotaryn humanitaarisia projekteja, osallistumme nuorisovaihtoon ja edist\u00e4mme l\u00e4hiseudun perheiden hyvinvointia mm. osallistumalla Lahden Joulupuu -ker\u00e4ykseen.\u00a0<\/span><span style=\"font-size: 16px\">Klubimme on perustettu 2005. Sponsoriklubimme on Lahden Rotaryklubi. Klubissamme on 19 j\u00e4sent\u00e4. Olemme osa Keski-Suomen rotarypiiri\u00e4 1390.<\/span><\/p>\n<p><a href=\"https:\/\/vimeo.com\/469739803\"><strong>Katso klubivideo<\/strong><\/a><\/p>\n<h4>Wesij\u00e4rvi Lahden alueen topografisessa<br \/>kartassa vuodelta 1875<\/h4>\n<p>&nbsp;<\/p>\n<p><img loading=\"lazy\" decoding=\"async\" class=\"wp-image-1656 alignnone size-medium\" src=\"https:\/\/rotary.fi\/lahtiwesijarvi\/wp-content\/uploads\/sites\/60\/2019\/01\/dsc04951-1-300x256.jpeg\" alt=\"\" width=\"520\" height=\"444\" srcset=\"https:\/\/rotary.fi\/lahtiwesijarvi\/wp-content\/uploads\/sites\/60\/2019\/01\/dsc04951-1-300x256.jpeg 300w, https:\/\/rotary.fi\/lahtiwesijarvi\/wp-content\/uploads\/sites\/60\/2019\/01\/dsc04951-1.jpeg 703w\" sizes=\"(max-width: 520px) 100vw, 520px\" \/><\/p>\n<p>Yli 11 500 sitten Lahti oli merenrantakaupunki. Salpausselk\u00e4\u00e4 huuhteli meri nimelt\u00e4 Yoldiameri. J\u00e4\u00e4kauden j\u00e4lkeen Vesij\u00e4rvi oli samaa j\u00e4rve\u00e4 P\u00e4ij\u00e4nteen kanssa. N. 6 000 vuotta sitten Vesij\u00e4rvi kuroutui omaksi j\u00e4rvekseen. Vesij\u00e4rvi peitti nykyisen Kisapuiston ja vanhan linja-autoaseman alueen \u00a0ja ylettyi Jalkarannantien toiselle puolelle.<br \/><a href=\"http:\/\/www.vesku.net\/vesijarvi\/synty-ja-pinnan-saately\" target=\"_blank\" rel=\"noopener noreferrer\" data-cke-saved-href=\"http:\/\/www.vesku.net\/vesijarvi\/synty-ja-pinnan-saately\"><i>L\u00e4hde: Vesij\u00e4rven yst\u00e4v\u00e4t ry:n kotisivut<\/i><\/a><\/p>\n<p>&nbsp;<\/p>\n<p>&nbsp;<\/p>\n<p><i><img loading=\"lazy\" decoding=\"async\" class=\"wp-image-1655 alignnone size-full\" src=\"https:\/\/rotary.fi\/lahtiwesijarvi\/wp-content\/uploads\/sites\/60\/2019\/01\/lahti-wesijarvi-standaari.jpg\" alt=\"\" width=\"196\" height=\"283\" \/><\/i><\/p>\n<p>&nbsp;<\/p>\n<p><span style=\"color: #019fcb;font-family: 'Roboto Slab', Georgia, 'Times New Roman', serif;font-size: 28px\">Lahti Wesij\u00e4rvi -Rotaryklubin p\u00f6yt\u00e4standaari<\/span><\/p>\n<p><span style=\"font-size: 16px\">Viirin kuva-aiheena on Lahden Vesij\u00e4rven satama-alue lintuperspektiivist\u00e4 katsottuna. Viiri on laserleikattu koivu- ja tammiviilusta, jotka on kiinnitetty vanerilevylle. Standaarin on suunnitellut Tanja Wetterstedt, joka opiskeli Lahden Muotoiluinstituutissa.<\/span><\/p>\n<p>&nbsp;<\/p>\n<h4>Harrastus, jolla on tarkoitus<\/h4>\n<p>&nbsp;<\/p>\n<p><span style=\"font-size: 16px\">\u00a0Olemme keskittyneet nuorisovaihdon tukemiseen. J\u00e4rjest\u00e4mme nuoria Rotaryn kansainv\u00e4liseen kokovuotiseen nuorisovaihtoon. Kes\u00e4vaihto ja leirivaihto ovat hyvi\u00e4 vaihtoehtoja lyhyempiin jaksoihin. Meid\u00e4n mielest\u00e4mme nuorisovaihto on mit\u00e4 parhainta ruohonjuuritason kansainv\u00e4listymis- ja rauhankasvatusta.<\/span><\/p>\n<p><img loading=\"lazy\" decoding=\"async\" class=\"wp-image-3659 alignnone size-large\" src=\"https:\/\/rotary.fi\/lahtiwesijarvi\/wp-content\/uploads\/sites\/60\/2022\/07\/dsc05474-1024x576.jpg\" alt=\"\" width=\"1024\" height=\"576\" \/><\/p>\n<p>&nbsp;<\/p>\n<p>&nbsp;<\/p>\n<p><span style=\"font-size: 16px\">Olemme ShelterBox tuki ry:n (<a href=\"https:\/\/www.shelterboxtuki.fi\">ShelterBox Suomi<\/a>) perustajataho. Toimimme vastuuteht\u00e4viss\u00e4 tukiyhdistyksen hallitusty\u00f6ss\u00e4 , jossa ovat kaikki Suomen rotarypiirit edustettuina. \u00a0Puheenjohtajana on klubistamme Tapio Vihersaari. Katastrofiapu ShelterBox auttaa kaikkein suurimmassa h\u00e4d\u00e4ss\u00e4 olevien perheiden majoittumisessa.<\/span><\/p>\n<p>&nbsp;<\/p>\n<p><img loading=\"lazy\" decoding=\"async\" class=\"wp-image-2239 alignnone size-medium\" src=\"https:\/\/rotary.fi\/lahtiwesijarvi\/wp-content\/uploads\/sites\/60\/2019\/01\/img_20190126_125758-1-300x255.jpg\" alt=\"\" width=\"542\" height=\"461\" srcset=\"https:\/\/rotary.fi\/lahtiwesijarvi\/wp-content\/uploads\/sites\/60\/2019\/01\/img_20190126_125758-1-300x255.jpg 300w, https:\/\/rotary.fi\/lahtiwesijarvi\/wp-content\/uploads\/sites\/60\/2019\/01\/img_20190126_125758-1-768x654.jpg 768w, https:\/\/rotary.fi\/lahtiwesijarvi\/wp-content\/uploads\/sites\/60\/2019\/01\/img_20190126_125758-1-1024x872.jpg 1024w, https:\/\/rotary.fi\/lahtiwesijarvi\/wp-content\/uploads\/sites\/60\/2019\/01\/img_20190126_125758-1-1080x920.jpg 1080w, https:\/\/rotary.fi\/lahtiwesijarvi\/wp-content\/uploads\/sites\/60\/2019\/01\/img_20190126_125758-1.jpg 1280w\" sizes=\"(max-width: 542px) 100vw, 542px\" \/><\/p>\n<p>&nbsp;<\/p>\n<p><span style=\"font-size: 16px\">Klubimme j\u00e4senet toimivat sek\u00e4 rotarypiirin, ett\u00e4 Rotary Internationalin vastuunalaisissa teht\u00e4viss\u00e4.<\/span><\/p>\n<p>&nbsp;<\/p>\n<h4>Palkittu klubi<\/h4>\n<p><img loading=\"lazy\" decoding=\"async\" class=\"wp-image-3609 alignnone size-large\" src=\"https:\/\/rotary.fi\/lahtiwesijarvi\/wp-content\/uploads\/sites\/60\/2022\/04\/lahti-wesijarvirk100phf-1024x759.jpg\" alt=\"\" width=\"1024\" height=\"759\" srcset=\"https:\/\/rotary.fi\/lahtiwesijarvi\/wp-content\/uploads\/sites\/60\/2022\/04\/lahti-wesijarvirk100phf-980x726.jpg 980w, https:\/\/rotary.fi\/lahtiwesijarvi\/wp-content\/uploads\/sites\/60\/2022\/04\/lahti-wesijarvirk100phf-480x356.jpg 480w\" sizes=\"(min-width: 0px) and (max-width: 480px) 480px, (min-width: 481px) and (max-width: 980px) 980px, (min-width: 981px) 1024px, 100vw\" \/><br \/>Klubi vastaanotti 100% PHF-lipun piirikonferenssissa 2022<br \/><span style=\"font-size: 16px;color: #263b4c;font-family: 'Open Sans', Helvetica, Arial, Lucida, sans-serif\">Membership &amp; Development and Extension Award 2004-2005<\/span><\/p>\n<h4 style=\"text-align: left\"><span style=\"font-size: 16px;color: #263b4c;font-family: 'Open Sans', Helvetica, Arial, Lucida, sans-serif\">Piirin paras The Rotary Foundation Annual Fund per capita lahjoittaja 2013-2014, 2014-2015, 2015-2016, 2017-2018.<\/span><\/h4>\n<p><img loading=\"lazy\" decoding=\"async\" class=\"wp-image-3579 alignnone \" src=\"https:\/\/rotary.fi\/lahtiwesijarvi\/wp-content\/uploads\/sites\/60\/2022\/01\/dsc03287-1024x658.jpg\" alt=\"\" width=\"482\" height=\"310\" \/><br \/>EREY 100%, 100 USD 100% ja Annual Fund piirin II Bannerit kaudelta 2020-2021sek\u00e4 2021-2022<\/p>\n<p><img loading=\"lazy\" decoding=\"async\" class=\"wp-image-3782 size-large\" src=\"https:\/\/rotary.fi\/lahtiwesijarvi\/wp-content\/uploads\/sites\/60\/2022\/10\/dsc06987-1024x576.jpg\" alt=\"\" width=\"1024\" height=\"576\" srcset=\"https:\/\/rotary.fi\/lahtiwesijarvi\/wp-content\/uploads\/sites\/60\/2022\/10\/dsc06987-980x551.jpg 980w, https:\/\/rotary.fi\/lahtiwesijarvi\/wp-content\/uploads\/sites\/60\/2022\/10\/dsc06987-480x270.jpg 480w\" sizes=\"(min-width: 0px) and (max-width: 480px) 480px, (min-width: 481px) and (max-width: 980px) 980px, (min-width: 981px) 1024px, 100vw\" \/> Rotary Citationit 2020-2021 jaettiin piirin 1390 syysseminaarissa Vanajaveden ja Lahti-Wesij\u00e4rven Rotaryklubeille[\/caption]<\/p>\n<p style=\"text-align: left\">Presidential Citation Gold 2015-2016, 2017-2018, Rotary Citation 2019-2020, 2020-2021, 2021-2022, 2022-2023, 2023-2024 sek\u00e4 Club Exellent Award 2024-2025.<\/p>\n<p><img loading=\"lazy\" decoding=\"async\" class=\"wp-image-1690 alignnone size-medium\" src=\"https:\/\/rotary.fi\/lahtiwesijarvi\/wp-content\/uploads\/sites\/60\/2019\/01\/dsc08142-260x300.jpeg\" alt=\"\" width=\"385\" height=\"444\" srcset=\"https:\/\/rotary.fi\/lahtiwesijarvi\/wp-content\/uploads\/sites\/60\/2019\/01\/dsc08142-260x300.jpeg 260w, https:\/\/rotary.fi\/lahtiwesijarvi\/wp-content\/uploads\/sites\/60\/2019\/01\/dsc08142.jpeg 325w\" sizes=\"(max-width: 385px) 100vw, 385px\" \/><\/p>\n<p>Vuoden Pes\u00e4nrakentajat piirin kiertopalkinto 2015-2016<\/p>\n<p><span style=\"font-size: 16px\">\u00a0<\/span><span style=\"font-size: 16px\">Pid\u00e4mme arvossa kansainv\u00e4lisen Rotary Internationalin ponnisteluja ja j\u00e4rjest\u00f6n arvokasta ty\u00f6t\u00e4 muun muassa polion h\u00e4vitt\u00e4miseksi maapallolta. Pelk\u00e4st\u00e4\u00e4n t\u00e4h\u00e4n ty\u00f6h\u00f6n Rotary International on suunnannut runsaasti vapaaehtoisvoimaa sek\u00e4 yli 1,4 miljardia US-dollaria Rotarys\u00e4\u00e4ti\u00f6n kautta.<\/span><\/p>\n<p>&nbsp;<\/p>\n<p><span style=\"color: #019fcb;font-family: 'Roboto Slab', Georgia, 'Times New Roman', serif;font-size: 28px\">Vaikuttava kansainv\u00e4linen verkosto<\/span><\/p>\n<p>&nbsp;<\/p>\n<p><span style=\"font-size: 16px\">Rotary on Chicagossa 23.2.1905 perustettu kansainv\u00e4linen palvelu- ja hyv\u00e4ntekev\u00e4isyysorganisaatio. Rotary Internationalin kotipaikka on Evanston, Illinoisin osavaltiossa USA:ssa. Tunnuslauseemme on &#8221;Palvelu itsekkyyden edelle&#8221; (Service Above Self).<\/span><\/p>\n<p><span style=\"font-size: 16px\">Rotaryyn kuuluu 1,4 miljoona rotaria ja rotaractoria 35 000 klubissa yli 200 maassa. Rotary on merkitt\u00e4v\u00e4 kansainv\u00e4linen palvelu- ja hyv\u00e4ntekev\u00e4isyysj\u00e4rjest\u00f6. Suomi on jaettu viiteen Rotarypiiriin, joista yhteen kuuluvat my\u00f6s Viron klubit. Suomessa ja Virossa on yhteens\u00e4 260 klubia, joissa runsaat 8 000 rotaria.<\/span><\/p>\n<p>&nbsp;<\/p>\n<p>&nbsp;<\/p>\n<p>&nbsp;<\/p>\n<p>&nbsp;<\/p>\n<p>[\/et_pb_text][\/et_pb_column_inner][\/et_pb_row_inner][\/et_pb_column][et_pb_column type=&#8221;1_3&#8243; _builder_version=&#8221;4.16&#8243; custom_padding=&#8221;|||&#8221; global_colors_info=&#8221;{}&#8221; custom_padding__hover=&#8221;|||&#8221;][et_pb_sidebar area=&#8221;sidebar-1&#8243; module_class=&#8221;sivupalkki_sisalto&#8221; _builder_version=&#8221;4.16&#8243; locked=&#8221;on&#8221; global_colors_info=&#8221;{}&#8221;]<br \/>\n[\/et_pb_sidebar][\/et_pb_column][\/et_pb_section][et_pb_section fb_built=&#8221;1&#8243; _builder_version=&#8221;4.16&#8243; global_colors_info=&#8221;{}&#8221;][\/et_pb_section][et_pb_section fb_built=&#8221;1&#8243; _builder_version=&#8221;4.16&#8243; global_colors_info=&#8221;{}&#8221;][\/et_pb_section][et_pb_section fb_built=&#8221;1&#8243; _builder_version=&#8221;4.16&#8243; global_colors_info=&#8221;{}&#8221;][\/et_pb_section]<\/p>\n","protected":false},"excerpt":{"rendered":"<p>\u00a0 \u00a0 \u00a0Keit\u00e4 olemme Lahti-Wesij\u00e4rvi Rotaryklubi on aktiivinen Lahden talousalueen yleishy\u00f6dyllinen rekister\u00f6ity yhdistys. Vierailemme alueen yrityksiss\u00e4 ja toimipaikoissa. Teemme kansainv\u00e4lisen Rotaryn humanitaarisia projekteja, osallistumme nuorisovaihtoon ja edist\u00e4mme l\u00e4hiseudun perheiden hyvinvointia mm. osallistumalla Lahden Joulupuu -ker\u00e4ykseen.\u00a0Klubimme on perustettu 2005. Sponsoriklubimme on Lahden Rotaryklubi. Klubissamme on 19 j\u00e4sent\u00e4. Olemme osa Keski-Suomen rotarypiiri\u00e4 1390. Katso klubivideo Wesij\u00e4rvi Lahden [&hellip;]<\/p>\n","protected":false},"author":1,"featured_media":0,"parent":0,"menu_order":0,"comment_status":"closed","ping_status":"closed","template":"","meta":{"_acf_changed":false,"_et_pb_use_builder":"on","_et_pb_old_content":"","_et_gb_content_width":"","footnotes":""},"class_list":["post-129","page","type-page","status-publish","hentry"],"acf":[],"yoast_head":"<!-- This site is optimized with the Yoast SEO plugin v27.0 - https:\/\/yoast.com\/product\/yoast-seo-wordpress\/ -->\n<title>Keit\u00e4 olemme - Lahti-Wesij\u00e4rvi<\/title>\n<meta name=\"robots\" content=\"index, follow, max-snippet:-1, max-image-preview:large, max-video-preview:-1\" \/>\n<link rel=\"canonical\" href=\"https:\/\/rotary.fi\/lahtiwesijarvi\/keita-olemme\/\" \/>\n<meta property=\"og:locale\" content=\"fi_FI\" \/>\n<meta property=\"og:type\" content=\"article\" \/>\n<meta property=\"og:title\" content=\"Keit\u00e4 olemme - Lahti-Wesij\u00e4rvi\" \/>\n<meta property=\"og:description\" content=\"\u00a0 \u00a0 \u00a0Keit\u00e4 olemme Lahti-Wesij\u00e4rvi Rotaryklubi on aktiivinen Lahden talousalueen yleishy\u00f6dyllinen rekister\u00f6ity yhdistys. Vierailemme alueen yrityksiss\u00e4 ja toimipaikoissa. Teemme kansainv\u00e4lisen Rotaryn humanitaarisia projekteja, osallistumme nuorisovaihtoon ja edist\u00e4mme l\u00e4hiseudun perheiden hyvinvointia mm. osallistumalla Lahden Joulupuu -ker\u00e4ykseen.\u00a0Klubimme on perustettu 2005. Sponsoriklubimme on Lahden Rotaryklubi. Klubissamme on 19 j\u00e4sent\u00e4. Olemme osa Keski-Suomen rotarypiiri\u00e4 1390. Katso klubivideo Wesij\u00e4rvi Lahden [&hellip;]\" \/>\n<meta property=\"og:url\" content=\"https:\/\/rotary.fi\/lahtiwesijarvi\/keita-olemme\/\" \/>\n<meta property=\"og:site_name\" content=\"Lahti-Wesij\u00e4rvi\" \/>\n<meta property=\"article:modified_time\" content=\"2025-09-04T13:58:59+00:00\" \/>\n<meta property=\"og:image\" content=\"https:\/\/rotary.fi\/lahtiwesijarvi\/wp-content\/uploads\/sites\/60\/2019\/01\/dsc04951-1.jpeg\" \/>\n\t<meta property=\"og:image:width\" content=\"703\" \/>\n\t<meta property=\"og:image:height\" content=\"600\" \/>\n\t<meta property=\"og:image:type\" content=\"image\/jpeg\" \/>\n<meta name=\"twitter:card\" content=\"summary_large_image\" \/>\n<meta name=\"twitter:label1\" content=\"Arvioitu lukuaika\" \/>\n\t<meta name=\"twitter:data1\" content=\"5 minuuttia\" \/>\n<script type=\"application\/ld+json\" class=\"yoast-schema-graph\">{\"@context\":\"https:\/\/schema.org\",\"@graph\":[{\"@type\":\"WebPage\",\"@id\":\"https:\/\/rotary.fi\/lahtiwesijarvi\/keita-olemme\/\",\"url\":\"https:\/\/rotary.fi\/lahtiwesijarvi\/keita-olemme\/\",\"name\":\"Keit\u00e4 olemme - Lahti-Wesij\u00e4rvi\",\"isPartOf\":{\"@id\":\"https:\/\/rotary.fi\/lahtiwesijarvi\/#website\"},\"primaryImageOfPage\":{\"@id\":\"https:\/\/rotary.fi\/lahtiwesijarvi\/keita-olemme\/#primaryimage\"},\"image\":{\"@id\":\"https:\/\/rotary.fi\/lahtiwesijarvi\/keita-olemme\/#primaryimage\"},\"thumbnailUrl\":\"https:\/\/rotary.fi\/lahtiwesijarvi\/wp-content\/uploads\/sites\/60\/2019\/01\/dsc04951-1-300x256.jpeg\",\"datePublished\":\"2018-08-10T10:41:39+00:00\",\"dateModified\":\"2025-09-04T13:58:59+00:00\",\"breadcrumb\":{\"@id\":\"https:\/\/rotary.fi\/lahtiwesijarvi\/keita-olemme\/#breadcrumb\"},\"inLanguage\":\"fi\",\"potentialAction\":[{\"@type\":\"ReadAction\",\"target\":[\"https:\/\/rotary.fi\/lahtiwesijarvi\/keita-olemme\/\"]}]},{\"@type\":\"ImageObject\",\"inLanguage\":\"fi\",\"@id\":\"https:\/\/rotary.fi\/lahtiwesijarvi\/keita-olemme\/#primaryimage\",\"url\":\"https:\/\/rotary.fi\/lahtiwesijarvi\/wp-content\/uploads\/sites\/60\/2019\/01\/dsc04951-1.jpeg\",\"contentUrl\":\"https:\/\/rotary.fi\/lahtiwesijarvi\/wp-content\/uploads\/sites\/60\/2019\/01\/dsc04951-1.jpeg\",\"width\":703,\"height\":600},{\"@type\":\"BreadcrumbList\",\"@id\":\"https:\/\/rotary.fi\/lahtiwesijarvi\/keita-olemme\/#breadcrumb\",\"itemListElement\":[{\"@type\":\"ListItem\",\"position\":1,\"name\":\"Home\",\"item\":\"https:\/\/rotary.fi\/lahtiwesijarvi\/\"},{\"@type\":\"ListItem\",\"position\":2,\"name\":\"Keit\u00e4 olemme\"}]},{\"@type\":\"WebSite\",\"@id\":\"https:\/\/rotary.fi\/lahtiwesijarvi\/#website\",\"url\":\"https:\/\/rotary.fi\/lahtiwesijarvi\/\",\"name\":\"Lahti-Wesij\u00e4rvi\",\"description\":\"Uusi Rotary klubisivusto\",\"potentialAction\":[{\"@type\":\"SearchAction\",\"target\":{\"@type\":\"EntryPoint\",\"urlTemplate\":\"https:\/\/rotary.fi\/lahtiwesijarvi\/?s={search_term_string}\"},\"query-input\":{\"@type\":\"PropertyValueSpecification\",\"valueRequired\":true,\"valueName\":\"search_term_string\"}}],\"inLanguage\":\"fi\"}]}<\/script>\n<!-- \/ Yoast SEO plugin. -->","yoast_head_json":{"title":"Keit\u00e4 olemme - Lahti-Wesij\u00e4rvi","robots":{"index":"index","follow":"follow","max-snippet":"max-snippet:-1","max-image-preview":"max-image-preview:large","max-video-preview":"max-video-preview:-1"},"canonical":"https:\/\/rotary.fi\/lahtiwesijarvi\/keita-olemme\/","og_locale":"fi_FI","og_type":"article","og_title":"Keit\u00e4 olemme - Lahti-Wesij\u00e4rvi","og_description":"\u00a0 \u00a0 \u00a0Keit\u00e4 olemme Lahti-Wesij\u00e4rvi Rotaryklubi on aktiivinen Lahden talousalueen yleishy\u00f6dyllinen rekister\u00f6ity yhdistys. Vierailemme alueen yrityksiss\u00e4 ja toimipaikoissa. Teemme kansainv\u00e4lisen Rotaryn humanitaarisia projekteja, osallistumme nuorisovaihtoon ja edist\u00e4mme l\u00e4hiseudun perheiden hyvinvointia mm. osallistumalla Lahden Joulupuu -ker\u00e4ykseen.\u00a0Klubimme on perustettu 2005. Sponsoriklubimme on Lahden Rotaryklubi. Klubissamme on 19 j\u00e4sent\u00e4. Olemme osa Keski-Suomen rotarypiiri\u00e4 1390. Katso klubivideo Wesij\u00e4rvi Lahden [&hellip;]","og_url":"https:\/\/rotary.fi\/lahtiwesijarvi\/keita-olemme\/","og_site_name":"Lahti-Wesij\u00e4rvi","article_modified_time":"2025-09-04T13:58:59+00:00","og_image":[{"width":703,"height":600,"url":"https:\/\/rotary.fi\/lahtiwesijarvi\/wp-content\/uploads\/sites\/60\/2019\/01\/dsc04951-1.jpeg","type":"image\/jpeg"}],"twitter_card":"summary_large_image","twitter_misc":{"Arvioitu lukuaika":"5 minuuttia"},"schema":{"@context":"https:\/\/schema.org","@graph":[{"@type":"WebPage","@id":"https:\/\/rotary.fi\/lahtiwesijarvi\/keita-olemme\/","url":"https:\/\/rotary.fi\/lahtiwesijarvi\/keita-olemme\/","name":"Keit\u00e4 olemme - Lahti-Wesij\u00e4rvi","isPartOf":{"@id":"https:\/\/rotary.fi\/lahtiwesijarvi\/#website"},"primaryImageOfPage":{"@id":"https:\/\/rotary.fi\/lahtiwesijarvi\/keita-olemme\/#primaryimage"},"image":{"@id":"https:\/\/rotary.fi\/lahtiwesijarvi\/keita-olemme\/#primaryimage"},"thumbnailUrl":"https:\/\/rotary.fi\/lahtiwesijarvi\/wp-content\/uploads\/sites\/60\/2019\/01\/dsc04951-1-300x256.jpeg","datePublished":"2018-08-10T10:41:39+00:00","dateModified":"2025-09-04T13:58:59+00:00","breadcrumb":{"@id":"https:\/\/rotary.fi\/lahtiwesijarvi\/keita-olemme\/#breadcrumb"},"inLanguage":"fi","potentialAction":[{"@type":"ReadAction","target":["https:\/\/rotary.fi\/lahtiwesijarvi\/keita-olemme\/"]}]},{"@type":"ImageObject","inLanguage":"fi","@id":"https:\/\/rotary.fi\/lahtiwesijarvi\/keita-olemme\/#primaryimage","url":"https:\/\/rotary.fi\/lahtiwesijarvi\/wp-content\/uploads\/sites\/60\/2019\/01\/dsc04951-1.jpeg","contentUrl":"https:\/\/rotary.fi\/lahtiwesijarvi\/wp-content\/uploads\/sites\/60\/2019\/01\/dsc04951-1.jpeg","width":703,"height":600},{"@type":"BreadcrumbList","@id":"https:\/\/rotary.fi\/lahtiwesijarvi\/keita-olemme\/#breadcrumb","itemListElement":[{"@type":"ListItem","position":1,"name":"Home","item":"https:\/\/rotary.fi\/lahtiwesijarvi\/"},{"@type":"ListItem","position":2,"name":"Keit\u00e4 olemme"}]},{"@type":"WebSite","@id":"https:\/\/rotary.fi\/lahtiwesijarvi\/#website","url":"https:\/\/rotary.fi\/lahtiwesijarvi\/","name":"Lahti-Wesij\u00e4rvi","description":"Uusi Rotary klubisivusto","potentialAction":[{"@type":"SearchAction","target":{"@type":"EntryPoint","urlTemplate":"https:\/\/rotary.fi\/lahtiwesijarvi\/?s={search_term_string}"},"query-input":{"@type":"PropertyValueSpecification","valueRequired":true,"valueName":"search_term_string"}}],"inLanguage":"fi"}]}},"lang":"fi","translations":{"fi":129},"pll_sync_post":[],"_links":{"self":[{"href":"https:\/\/rotary.fi\/lahtiwesijarvi\/wp-json\/wp\/v2\/pages\/129","targetHints":{"allow":["GET"]}}],"collection":[{"href":"https:\/\/rotary.fi\/lahtiwesijarvi\/wp-json\/wp\/v2\/pages"}],"about":[{"href":"https:\/\/rotary.fi\/lahtiwesijarvi\/wp-json\/wp\/v2\/types\/page"}],"author":[{"embeddable":true,"href":"https:\/\/rotary.fi\/lahtiwesijarvi\/wp-json\/wp\/v2\/users\/1"}],"replies":[{"embeddable":true,"href":"https:\/\/rotary.fi\/lahtiwesijarvi\/wp-json\/wp\/v2\/comments?post=129"}],"version-history":[{"count":10,"href":"https:\/\/rotary.fi\/lahtiwesijarvi\/wp-json\/wp\/v2\/pages\/129\/revisions"}],"predecessor-version":[{"id":4282,"href":"https:\/\/rotary.fi\/lahtiwesijarvi\/wp-json\/wp\/v2\/pages\/129\/revisions\/4282"}],"wp:attachment":[{"href":"https:\/\/rotary.fi\/lahtiwesijarvi\/wp-json\/wp\/v2\/media?parent=129"}],"curies":[{"name":"wp","href":"https:\/\/api.w.org\/{rel}","templated":true}]}}