{"id":160,"date":"2018-08-13T09:49:16","date_gmt":"2018-08-13T06:49:16","guid":{"rendered":"https:\/\/rotary.fi\/lahtiwellamo\/?page_id=160"},"modified":"2020-03-01T11:10:23","modified_gmt":"2020-03-01T09:10:23","slug":"yhteiset-projektit","status":"publish","type":"page","link":"https:\/\/rotary.fi\/lahtiwellamo\/mita-teemme\/yhteiset-projektit\/","title":{"rendered":"Yhteiset projektit"},"content":{"rendered":"<p>[et_pb_section fb_built=&#8221;1&#8243; module_class=&#8221;jumbotron-page&#8221; _builder_version=&#8221;3.22&#8243; background_image=&#8221;https:\/\/rotary.fi\/lahtiwellamo\/wp-content\/uploads\/sites\/52\/2018\/10\/rotary_klubit_alasivu_paakuva_15.jpg&#8221;][et_pb_row _builder_version=&#8221;3.25&#8243; background_size=&#8221;initial&#8221; background_position=&#8221;top_left&#8221; background_repeat=&#8221;repeat&#8221;][et_pb_column type=&#8221;4_4&#8243; _builder_version=&#8221;3.25&#8243; custom_padding=&#8221;|||&#8221; custom_padding__hover=&#8221;|||&#8221;][et_pb_text admin_label=&#8221;P\u00e4\u00e4otsikko&#8221; _builder_version=&#8221;3.27.4&#8243; text_orientation=&#8221;center&#8221; background_layout=&#8221;dark&#8221;]<\/p>\n<h1>Yhteiset projektit<\/h1>\n<p>[\/et_pb_text][\/et_pb_column][\/et_pb_row][\/et_pb_section][et_pb_section fb_built=&#8221;1&#8243; specialty=&#8221;on&#8221; module_class_2=&#8221;sivupalkki&#8221; _builder_version=&#8221;3.22&#8243;][et_pb_column type=&#8221;2_3&#8243; specialty_columns=&#8221;2&#8243; _builder_version=&#8221;3.25&#8243; custom_padding=&#8221;|||&#8221; custom_padding__hover=&#8221;|||&#8221;][et_pb_row_inner admin_label=&#8221;Rivi&#8221; _builder_version=&#8221;4.1&#8243; background_enable_image=&#8221;off&#8221;][et_pb_column_inner saved_specialty_column_type=&#8221;2_3&#8243; _builder_version=&#8221;3.25&#8243; custom_padding=&#8221;|||&#8221; custom_padding__hover=&#8221;|||&#8221;][et_pb_text admin_label=&#8221;Otsikko&#8221; _builder_version=&#8221;3.27.4&#8243; text_orientation=&#8221;center&#8221;]<\/p>\n<h1>Joulupuu-ker\u00e4ys<\/h1>\n<p>[\/et_pb_text][et_pb_text _builder_version=&#8221;4.1&#8243; custom_padding=&#8221;||0px|||&#8221; hover_enabled=&#8221;0&#8243;]<\/p>\n<p><span>Osana klubimme palveluprojektitoimintaa osallistumme yhdess\u00e4 Lahden alueen muiden Rotaryklubien kanssa Joulupuu-ker\u00e4ykseen. T\u00e4ll\u00e4 hyv\u00e4ntekev\u00e4isyystempauksella ker\u00e4\u00e4mme lahjoja lastensuojelun ja erityisen tuen piiriss\u00e4 oleville lapsille, joilla voi olla rajallinen mahdollisuus saada joululahjoja. T\u00e4llaisia lapsia on kuntien ja kaupunkien lastensuojelun asiakkaina maanlaajuisesti kymmeni\u00e4 tuhansia. Lahjat jaetaan perille saajilleen luotettavien tahojen, kuten seurakunnan kautta. Lahjat menev\u00e4t suoraan perheille ja lapsille ilman v\u00e4lik\u00e4si\u00e4 tai kuluja. Joulupuun j\u00e4rjest\u00e4j\u00e4n\u00e4 toimii Lahden nuorkauppakamari \u00a0ja Rotaryn ollessa t\u00e4rke\u00e4 paikallinen yhteisty\u00f6kumppani.<\/span><\/p>\n<p>\u00a0<img loading=\"lazy\" decoding=\"async\" src=\"https:\/\/rotary.fi\/lahtiwellamo\/wp-content\/uploads\/sites\/52\/2020\/03\/joulupuu_5525-225x300.jpg\" width=\"225\" height=\"300\" alt=\"\" class=\"wp-image-1574 alignnone size-medium\" \/><img loading=\"lazy\" decoding=\"async\" src=\"https:\/\/rotary.fi\/lahtiwellamo\/wp-content\/uploads\/sites\/52\/2020\/03\/joulupuu_5527-225x300.jpg\" width=\"225\" height=\"300\" alt=\"\" class=\"wp-image-1573 alignnone size-medium\" \/><img loading=\"lazy\" decoding=\"async\" src=\"https:\/\/rotary.fi\/lahtiwellamo\/wp-content\/uploads\/sites\/52\/2020\/03\/joulupuu_5526-225x300.jpg\" width=\"225\" height=\"300\" alt=\"\" class=\"wp-image-1575 alignnone size-medium\" \/><\/p>\n<p><span>14.12.2019 osallistuimme Joulupuu-ker\u00e4ykseen kauppakeskus Karismassa, jolloin Lahti-Wellamolle oli koko p\u00e4iv\u00e4n p\u00e4ivystysvuoro klo 9.00 \u2013 19.00 v\u00e4lill\u00e4. Meit\u00e4 oli 10 rotaria suorittamassa t\u00e4t\u00e4 palveluty\u00f6t\u00e4. Olimme osanneet varata oikean p\u00e4iv\u00e4n, sill\u00e4 meid\u00e4n ei tarvinnut seisoskella k\u00e4det taskussa vaan ker\u00e4ykseen osallistuttiin eritt\u00e4in aktiivisesti: meilt\u00e4 toimitettiin p\u00e4iv\u00e4n mittaan s\u00e4kkikaupalla lahjoituksia, joita kertyi noin 350 kpl! T\u00e4m\u00e4 oli ollut Karisman ker\u00e4yspisteen paras tuotto! Suuri kiitos kaikille talkooty\u00f6h\u00f6n osallistuneille<\/span><span>. <\/span><\/p>\n<p>&nbsp;<\/p>\n<p>&nbsp;<\/p>\n<p>&nbsp;<\/p>\n<p><span>Saimme kaikki oikein hyv\u00e4n joulumielen.<\/span><\/p>\n<p>&nbsp;<\/p>\n<p>&nbsp;<\/p>\n<p>&nbsp;<\/p>\n<p>&nbsp;<\/p>\n<p>&nbsp;<\/p>\n<p>&nbsp;<\/p>\n<p>&nbsp;<\/p>\n<p>[\/et_pb_text][\/et_pb_column_inner][\/et_pb_row_inner][\/et_pb_column][et_pb_column type=&#8221;1_3&#8243; _builder_version=&#8221;3.25&#8243; custom_padding=&#8221;|||&#8221; custom_padding__hover=&#8221;|||&#8221;][et_pb_sidebar area=&#8221;sidebar-1&#8243; module_class=&#8221;sivupalkki_sisalto&#8221; _builder_version=&#8221;3.4.1&#8243; locked=&#8221;on&#8221;]<br \/>\n[\/et_pb_sidebar][\/et_pb_column][\/et_pb_section]<\/p>\n","protected":false},"excerpt":{"rendered":"<p>Yhteiset projektit Joulupuu-ker\u00e4ysOsana klubimme palveluprojektitoimintaa osallistumme yhdess\u00e4 Lahden alueen muiden Rotaryklubien kanssa Joulupuu-ker\u00e4ykseen. T\u00e4ll\u00e4 hyv\u00e4ntekev\u00e4isyystempauksella ker\u00e4\u00e4mme lahjoja lastensuojelun ja erityisen tuen piiriss\u00e4 oleville lapsille, joilla voi olla rajallinen mahdollisuus saada joululahjoja. T\u00e4llaisia lapsia on kuntien ja kaupunkien lastensuojelun asiakkaina maanlaajuisesti kymmeni\u00e4 tuhansia. Lahjat jaetaan perille saajilleen luotettavien tahojen, kuten seurakunnan kautta. Lahjat menev\u00e4t suoraan perheille [&hellip;]<\/p>\n","protected":false},"author":1,"featured_media":1574,"parent":77,"menu_order":0,"comment_status":"closed","ping_status":"closed","template":"","meta":{"_acf_changed":false,"_et_pb_use_builder":"on","_et_pb_old_content":"","_et_gb_content_width":"","footnotes":""},"class_list":["post-160","page","type-page","status-publish","has-post-thumbnail","hentry"],"acf":[],"yoast_head":"<!-- This site is optimized with the Yoast SEO plugin v27.0 - https:\/\/yoast.com\/product\/yoast-seo-wordpress\/ -->\n<title>Yhteiset projektit - Rotary Lahti-Wellamo<\/title>\n<meta name=\"robots\" content=\"index, follow, max-snippet:-1, max-image-preview:large, max-video-preview:-1\" \/>\n<link rel=\"canonical\" href=\"https:\/\/rotary.fi\/lahtiwellamo\/mita-teemme\/yhteiset-projektit\/\" \/>\n<meta property=\"og:locale\" content=\"fi_FI\" \/>\n<meta property=\"og:type\" content=\"article\" \/>\n<meta property=\"og:title\" content=\"Yhteiset projektit - Rotary Lahti-Wellamo\" \/>\n<meta property=\"og:description\" content=\"Yhteiset projektit Joulupuu-ker\u00e4ysOsana klubimme palveluprojektitoimintaa osallistumme yhdess\u00e4 Lahden alueen muiden Rotaryklubien kanssa Joulupuu-ker\u00e4ykseen. T\u00e4ll\u00e4 hyv\u00e4ntekev\u00e4isyystempauksella ker\u00e4\u00e4mme lahjoja lastensuojelun ja erityisen tuen piiriss\u00e4 oleville lapsille, joilla voi olla rajallinen mahdollisuus saada joululahjoja. T\u00e4llaisia lapsia on kuntien ja kaupunkien lastensuojelun asiakkaina maanlaajuisesti kymmeni\u00e4 tuhansia. Lahjat jaetaan perille saajilleen luotettavien tahojen, kuten seurakunnan kautta. Lahjat menev\u00e4t suoraan perheille [&hellip;]\" \/>\n<meta property=\"og:url\" content=\"https:\/\/rotary.fi\/lahtiwellamo\/mita-teemme\/yhteiset-projektit\/\" \/>\n<meta property=\"og:site_name\" content=\"Rotary Lahti-Wellamo\" \/>\n<meta property=\"article:modified_time\" content=\"2020-03-01T09:10:23+00:00\" \/>\n<meta property=\"og:image\" content=\"https:\/\/rotary.fi\/lahtiwellamo\/wp-content\/uploads\/sites\/52\/2020\/03\/joulupuu_5525.jpg\" \/>\n\t<meta property=\"og:image:width\" content=\"1536\" \/>\n\t<meta property=\"og:image:height\" content=\"2048\" \/>\n\t<meta property=\"og:image:type\" content=\"image\/jpeg\" \/>\n<meta name=\"twitter:card\" content=\"summary_large_image\" \/>\n<meta name=\"twitter:label1\" content=\"Arvioitu lukuaika\" \/>\n\t<meta name=\"twitter:data1\" content=\"2 minuuttia\" \/>\n<script type=\"application\/ld+json\" class=\"yoast-schema-graph\">{\"@context\":\"https:\/\/schema.org\",\"@graph\":[{\"@type\":\"WebPage\",\"@id\":\"https:\/\/rotary.fi\/lahtiwellamo\/mita-teemme\/yhteiset-projektit\/\",\"url\":\"https:\/\/rotary.fi\/lahtiwellamo\/mita-teemme\/yhteiset-projektit\/\",\"name\":\"Yhteiset projektit - Rotary Lahti-Wellamo\",\"isPartOf\":{\"@id\":\"https:\/\/rotary.fi\/lahtiwellamo\/#website\"},\"primaryImageOfPage\":{\"@id\":\"https:\/\/rotary.fi\/lahtiwellamo\/mita-teemme\/yhteiset-projektit\/#primaryimage\"},\"image\":{\"@id\":\"https:\/\/rotary.fi\/lahtiwellamo\/mita-teemme\/yhteiset-projektit\/#primaryimage\"},\"thumbnailUrl\":\"https:\/\/rotary.fi\/lahtiwellamo\/wp-content\/uploads\/sites\/52\/2020\/03\/joulupuu_5525.jpg\",\"datePublished\":\"2018-08-13T06:49:16+00:00\",\"dateModified\":\"2020-03-01T09:10:23+00:00\",\"breadcrumb\":{\"@id\":\"https:\/\/rotary.fi\/lahtiwellamo\/mita-teemme\/yhteiset-projektit\/#breadcrumb\"},\"inLanguage\":\"fi\",\"potentialAction\":[{\"@type\":\"ReadAction\",\"target\":[\"https:\/\/rotary.fi\/lahtiwellamo\/mita-teemme\/yhteiset-projektit\/\"]}]},{\"@type\":\"ImageObject\",\"inLanguage\":\"fi\",\"@id\":\"https:\/\/rotary.fi\/lahtiwellamo\/mita-teemme\/yhteiset-projektit\/#primaryimage\",\"url\":\"https:\/\/rotary.fi\/lahtiwellamo\/wp-content\/uploads\/sites\/52\/2020\/03\/joulupuu_5525.jpg\",\"contentUrl\":\"https:\/\/rotary.fi\/lahtiwellamo\/wp-content\/uploads\/sites\/52\/2020\/03\/joulupuu_5525.jpg\",\"width\":1536,\"height\":2048},{\"@type\":\"BreadcrumbList\",\"@id\":\"https:\/\/rotary.fi\/lahtiwellamo\/mita-teemme\/yhteiset-projektit\/#breadcrumb\",\"itemListElement\":[{\"@type\":\"ListItem\",\"position\":1,\"name\":\"Home\",\"item\":\"https:\/\/rotary.fi\/lahtiwellamo\/\"},{\"@type\":\"ListItem\",\"position\":2,\"name\":\"Mit\u00e4 teemme\",\"item\":\"https:\/\/rotary.fi\/lahtiwellamo\/mita-teemme\/\"},{\"@type\":\"ListItem\",\"position\":3,\"name\":\"Yhteiset projektit\"}]},{\"@type\":\"WebSite\",\"@id\":\"https:\/\/rotary.fi\/lahtiwellamo\/#website\",\"url\":\"https:\/\/rotary.fi\/lahtiwellamo\/\",\"name\":\"Rotary Lahti-Wellamo\",\"description\":\"Uusi Rotary klubisivusto\",\"potentialAction\":[{\"@type\":\"SearchAction\",\"target\":{\"@type\":\"EntryPoint\",\"urlTemplate\":\"https:\/\/rotary.fi\/lahtiwellamo\/?s={search_term_string}\"},\"query-input\":{\"@type\":\"PropertyValueSpecification\",\"valueRequired\":true,\"valueName\":\"search_term_string\"}}],\"inLanguage\":\"fi\"}]}<\/script>\n<!-- \/ Yoast SEO plugin. -->","yoast_head_json":{"title":"Yhteiset projektit - Rotary Lahti-Wellamo","robots":{"index":"index","follow":"follow","max-snippet":"max-snippet:-1","max-image-preview":"max-image-preview:large","max-video-preview":"max-video-preview:-1"},"canonical":"https:\/\/rotary.fi\/lahtiwellamo\/mita-teemme\/yhteiset-projektit\/","og_locale":"fi_FI","og_type":"article","og_title":"Yhteiset projektit - Rotary Lahti-Wellamo","og_description":"Yhteiset projektit Joulupuu-ker\u00e4ysOsana klubimme palveluprojektitoimintaa osallistumme yhdess\u00e4 Lahden alueen muiden Rotaryklubien kanssa Joulupuu-ker\u00e4ykseen. T\u00e4ll\u00e4 hyv\u00e4ntekev\u00e4isyystempauksella ker\u00e4\u00e4mme lahjoja lastensuojelun ja erityisen tuen piiriss\u00e4 oleville lapsille, joilla voi olla rajallinen mahdollisuus saada joululahjoja. T\u00e4llaisia lapsia on kuntien ja kaupunkien lastensuojelun asiakkaina maanlaajuisesti kymmeni\u00e4 tuhansia. Lahjat jaetaan perille saajilleen luotettavien tahojen, kuten seurakunnan kautta. Lahjat menev\u00e4t suoraan perheille [&hellip;]","og_url":"https:\/\/rotary.fi\/lahtiwellamo\/mita-teemme\/yhteiset-projektit\/","og_site_name":"Rotary Lahti-Wellamo","article_modified_time":"2020-03-01T09:10:23+00:00","og_image":[{"width":1536,"height":2048,"url":"https:\/\/rotary.fi\/lahtiwellamo\/wp-content\/uploads\/sites\/52\/2020\/03\/joulupuu_5525.jpg","type":"image\/jpeg"}],"twitter_card":"summary_large_image","twitter_misc":{"Arvioitu lukuaika":"2 minuuttia"},"schema":{"@context":"https:\/\/schema.org","@graph":[{"@type":"WebPage","@id":"https:\/\/rotary.fi\/lahtiwellamo\/mita-teemme\/yhteiset-projektit\/","url":"https:\/\/rotary.fi\/lahtiwellamo\/mita-teemme\/yhteiset-projektit\/","name":"Yhteiset projektit - Rotary Lahti-Wellamo","isPartOf":{"@id":"https:\/\/rotary.fi\/lahtiwellamo\/#website"},"primaryImageOfPage":{"@id":"https:\/\/rotary.fi\/lahtiwellamo\/mita-teemme\/yhteiset-projektit\/#primaryimage"},"image":{"@id":"https:\/\/rotary.fi\/lahtiwellamo\/mita-teemme\/yhteiset-projektit\/#primaryimage"},"thumbnailUrl":"https:\/\/rotary.fi\/lahtiwellamo\/wp-content\/uploads\/sites\/52\/2020\/03\/joulupuu_5525.jpg","datePublished":"2018-08-13T06:49:16+00:00","dateModified":"2020-03-01T09:10:23+00:00","breadcrumb":{"@id":"https:\/\/rotary.fi\/lahtiwellamo\/mita-teemme\/yhteiset-projektit\/#breadcrumb"},"inLanguage":"fi","potentialAction":[{"@type":"ReadAction","target":["https:\/\/rotary.fi\/lahtiwellamo\/mita-teemme\/yhteiset-projektit\/"]}]},{"@type":"ImageObject","inLanguage":"fi","@id":"https:\/\/rotary.fi\/lahtiwellamo\/mita-teemme\/yhteiset-projektit\/#primaryimage","url":"https:\/\/rotary.fi\/lahtiwellamo\/wp-content\/uploads\/sites\/52\/2020\/03\/joulupuu_5525.jpg","contentUrl":"https:\/\/rotary.fi\/lahtiwellamo\/wp-content\/uploads\/sites\/52\/2020\/03\/joulupuu_5525.jpg","width":1536,"height":2048},{"@type":"BreadcrumbList","@id":"https:\/\/rotary.fi\/lahtiwellamo\/mita-teemme\/yhteiset-projektit\/#breadcrumb","itemListElement":[{"@type":"ListItem","position":1,"name":"Home","item":"https:\/\/rotary.fi\/lahtiwellamo\/"},{"@type":"ListItem","position":2,"name":"Mit\u00e4 teemme","item":"https:\/\/rotary.fi\/lahtiwellamo\/mita-teemme\/"},{"@type":"ListItem","position":3,"name":"Yhteiset projektit"}]},{"@type":"WebSite","@id":"https:\/\/rotary.fi\/lahtiwellamo\/#website","url":"https:\/\/rotary.fi\/lahtiwellamo\/","name":"Rotary Lahti-Wellamo","description":"Uusi Rotary klubisivusto","potentialAction":[{"@type":"SearchAction","target":{"@type":"EntryPoint","urlTemplate":"https:\/\/rotary.fi\/lahtiwellamo\/?s={search_term_string}"},"query-input":{"@type":"PropertyValueSpecification","valueRequired":true,"valueName":"search_term_string"}}],"inLanguage":"fi"}]}},"lang":"fi","translations":{"fi":160},"pll_sync_post":[],"_links":{"self":[{"href":"https:\/\/rotary.fi\/lahtiwellamo\/wp-json\/wp\/v2\/pages\/160","targetHints":{"allow":["GET"]}}],"collection":[{"href":"https:\/\/rotary.fi\/lahtiwellamo\/wp-json\/wp\/v2\/pages"}],"about":[{"href":"https:\/\/rotary.fi\/lahtiwellamo\/wp-json\/wp\/v2\/types\/page"}],"author":[{"embeddable":true,"href":"https:\/\/rotary.fi\/lahtiwellamo\/wp-json\/wp\/v2\/users\/1"}],"replies":[{"embeddable":true,"href":"https:\/\/rotary.fi\/lahtiwellamo\/wp-json\/wp\/v2\/comments?post=160"}],"version-history":[{"count":13,"href":"https:\/\/rotary.fi\/lahtiwellamo\/wp-json\/wp\/v2\/pages\/160\/revisions"}],"predecessor-version":[{"id":1591,"href":"https:\/\/rotary.fi\/lahtiwellamo\/wp-json\/wp\/v2\/pages\/160\/revisions\/1591"}],"up":[{"embeddable":true,"href":"https:\/\/rotary.fi\/lahtiwellamo\/wp-json\/wp\/v2\/pages\/77"}],"wp:featuredmedia":[{"embeddable":true,"href":"https:\/\/rotary.fi\/lahtiwellamo\/wp-json\/wp\/v2\/media\/1574"}],"wp:attachment":[{"href":"https:\/\/rotary.fi\/lahtiwellamo\/wp-json\/wp\/v2\/media?parent=160"}],"curies":[{"name":"wp","href":"https:\/\/api.w.org\/{rel}","templated":true}]}}