{"id":132,"date":"2018-08-10T13:59:56","date_gmt":"2018-08-10T10:59:56","guid":{"rendered":"https:\/\/rotary.fi\/klubi2\/?page_id=132"},"modified":"2022-08-13T16:49:12","modified_gmt":"2022-08-13T13:49:12","slug":"hallitus-ja-toimihenkilot","status":"publish","type":"page","link":"https:\/\/rotary.fi\/lahtiwellamo\/keita-olemme\/hallitus-ja-toimihenkilot\/","title":{"rendered":"Hallitus ja toimihenkil\u00f6t 2022 &#8211; 2023"},"content":{"rendered":"<p style=\"font-weight: 400\">Yrj\u00f6 Tolvanen, Presidentti \u00a0p. +358 400 727 456, <a>tolvanen@sci.fi<\/a><\/p>\n<p style=\"font-weight: 400\">Matti Haara, Varapresidentti<\/p>\n<p>Roope Kivek\u00e4s, Palveluprojektit<\/p>\n<p style=\"font-weight: 400\">Reijo Soininen, Sihteeri<\/p>\n<p style=\"font-weight: 400\">Jukka Kalliokoski, Rahastonhoitaja<\/p>\n<p style=\"font-weight: 400\">Mika Kaunomaki, Rotarys\u00e4\u00e4ti\u00f6asiamies<\/p>\n<p style=\"font-weight: 400\">Jorma Kyckling, Nuorisovaihtoasiamies<\/p>\n<p style=\"font-weight: 400\">Jyri Kettunen, \u00a0Past presidentti<\/p>\n","protected":false},"excerpt":{"rendered":"<p>Yrj\u00f6 Tolvanen, Presidentti \u00a0p. +358 400 727 456, tolvanen@sci.fi Matti Haara, Varapresidentti Roope Kivek\u00e4s, Palveluprojektit Reijo Soininen, Sihteeri Jukka Kalliokoski, Rahastonhoitaja Mika Kaunomaki, Rotarys\u00e4\u00e4ti\u00f6asiamies Jorma Kyckling, Nuorisovaihtoasiamies Jyri Kettunen, \u00a0Past presidentti<\/p>\n","protected":false},"author":1,"featured_media":0,"parent":129,"menu_order":0,"comment_status":"closed","ping_status":"closed","template":"","meta":{"_acf_changed":false,"_et_pb_use_builder":"off","_et_pb_old_content":"","_et_gb_content_width":"","footnotes":""},"class_list":["post-132","page","type-page","status-publish","hentry"],"acf":[],"yoast_head":"<!-- This site is optimized with the Yoast SEO plugin v27.0 - https:\/\/yoast.com\/product\/yoast-seo-wordpress\/ -->\n<title>Hallitus ja toimihenkil\u00f6t 2022 - 2023 - Rotary Lahti-Wellamo<\/title>\n<meta name=\"robots\" content=\"index, follow, max-snippet:-1, max-image-preview:large, max-video-preview:-1\" \/>\n<link rel=\"canonical\" href=\"https:\/\/rotary.fi\/lahtiwellamo\/keita-olemme\/hallitus-ja-toimihenkilot\/\" \/>\n<meta property=\"og:locale\" content=\"fi_FI\" \/>\n<meta property=\"og:type\" content=\"article\" \/>\n<meta property=\"og:title\" content=\"Hallitus ja toimihenkil\u00f6t 2022 - 2023 - Rotary Lahti-Wellamo\" \/>\n<meta property=\"og:description\" content=\"Yrj\u00f6 Tolvanen, Presidentti \u00a0p. +358 400 727 456, tolvanen@sci.fi Matti Haara, Varapresidentti Roope Kivek\u00e4s, Palveluprojektit Reijo Soininen, Sihteeri Jukka Kalliokoski, Rahastonhoitaja Mika Kaunomaki, Rotarys\u00e4\u00e4ti\u00f6asiamies Jorma Kyckling, Nuorisovaihtoasiamies Jyri Kettunen, \u00a0Past presidentti\" \/>\n<meta property=\"og:url\" content=\"https:\/\/rotary.fi\/lahtiwellamo\/keita-olemme\/hallitus-ja-toimihenkilot\/\" \/>\n<meta property=\"og:site_name\" content=\"Rotary Lahti-Wellamo\" \/>\n<meta property=\"article:modified_time\" content=\"2022-08-13T13:49:12+00:00\" \/>\n<meta name=\"twitter:card\" content=\"summary_large_image\" \/>\n<meta name=\"twitter:label1\" content=\"Arvioitu lukuaika\" \/>\n\t<meta name=\"twitter:data1\" content=\"1 minuutti\" \/>\n<script type=\"application\/ld+json\" class=\"yoast-schema-graph\">{\"@context\":\"https:\/\/schema.org\",\"@graph\":[{\"@type\":\"WebPage\",\"@id\":\"https:\/\/rotary.fi\/lahtiwellamo\/keita-olemme\/hallitus-ja-toimihenkilot\/\",\"url\":\"https:\/\/rotary.fi\/lahtiwellamo\/keita-olemme\/hallitus-ja-toimihenkilot\/\",\"name\":\"Hallitus ja toimihenkil\u00f6t 2022 - 2023 - Rotary Lahti-Wellamo\",\"isPartOf\":{\"@id\":\"https:\/\/rotary.fi\/lahtiwellamo\/#website\"},\"datePublished\":\"2018-08-10T10:59:56+00:00\",\"dateModified\":\"2022-08-13T13:49:12+00:00\",\"breadcrumb\":{\"@id\":\"https:\/\/rotary.fi\/lahtiwellamo\/keita-olemme\/hallitus-ja-toimihenkilot\/#breadcrumb\"},\"inLanguage\":\"fi\",\"potentialAction\":[{\"@type\":\"ReadAction\",\"target\":[\"https:\/\/rotary.fi\/lahtiwellamo\/keita-olemme\/hallitus-ja-toimihenkilot\/\"]}]},{\"@type\":\"BreadcrumbList\",\"@id\":\"https:\/\/rotary.fi\/lahtiwellamo\/keita-olemme\/hallitus-ja-toimihenkilot\/#breadcrumb\",\"itemListElement\":[{\"@type\":\"ListItem\",\"position\":1,\"name\":\"Home\",\"item\":\"https:\/\/rotary.fi\/lahtiwellamo\/\"},{\"@type\":\"ListItem\",\"position\":2,\"name\":\"Keit\u00e4 olemme\",\"item\":\"https:\/\/rotary.fi\/lahtiwellamo\/keita-olemme\/\"},{\"@type\":\"ListItem\",\"position\":3,\"name\":\"Hallitus ja toimihenkil\u00f6t 2022 &#8211; 2023\"}]},{\"@type\":\"WebSite\",\"@id\":\"https:\/\/rotary.fi\/lahtiwellamo\/#website\",\"url\":\"https:\/\/rotary.fi\/lahtiwellamo\/\",\"name\":\"Rotary Lahti-Wellamo\",\"description\":\"Uusi Rotary klubisivusto\",\"potentialAction\":[{\"@type\":\"SearchAction\",\"target\":{\"@type\":\"EntryPoint\",\"urlTemplate\":\"https:\/\/rotary.fi\/lahtiwellamo\/?s={search_term_string}\"},\"query-input\":{\"@type\":\"PropertyValueSpecification\",\"valueRequired\":true,\"valueName\":\"search_term_string\"}}],\"inLanguage\":\"fi\"}]}<\/script>\n<!-- \/ Yoast SEO plugin. -->","yoast_head_json":{"title":"Hallitus ja toimihenkil\u00f6t 2022 - 2023 - Rotary Lahti-Wellamo","robots":{"index":"index","follow":"follow","max-snippet":"max-snippet:-1","max-image-preview":"max-image-preview:large","max-video-preview":"max-video-preview:-1"},"canonical":"https:\/\/rotary.fi\/lahtiwellamo\/keita-olemme\/hallitus-ja-toimihenkilot\/","og_locale":"fi_FI","og_type":"article","og_title":"Hallitus ja toimihenkil\u00f6t 2022 - 2023 - Rotary Lahti-Wellamo","og_description":"Yrj\u00f6 Tolvanen, Presidentti \u00a0p. +358 400 727 456, tolvanen@sci.fi Matti Haara, Varapresidentti Roope Kivek\u00e4s, Palveluprojektit Reijo Soininen, Sihteeri Jukka Kalliokoski, Rahastonhoitaja Mika Kaunomaki, Rotarys\u00e4\u00e4ti\u00f6asiamies Jorma Kyckling, Nuorisovaihtoasiamies Jyri Kettunen, \u00a0Past presidentti","og_url":"https:\/\/rotary.fi\/lahtiwellamo\/keita-olemme\/hallitus-ja-toimihenkilot\/","og_site_name":"Rotary Lahti-Wellamo","article_modified_time":"2022-08-13T13:49:12+00:00","twitter_card":"summary_large_image","twitter_misc":{"Arvioitu lukuaika":"1 minuutti"},"schema":{"@context":"https:\/\/schema.org","@graph":[{"@type":"WebPage","@id":"https:\/\/rotary.fi\/lahtiwellamo\/keita-olemme\/hallitus-ja-toimihenkilot\/","url":"https:\/\/rotary.fi\/lahtiwellamo\/keita-olemme\/hallitus-ja-toimihenkilot\/","name":"Hallitus ja toimihenkil\u00f6t 2022 - 2023 - Rotary Lahti-Wellamo","isPartOf":{"@id":"https:\/\/rotary.fi\/lahtiwellamo\/#website"},"datePublished":"2018-08-10T10:59:56+00:00","dateModified":"2022-08-13T13:49:12+00:00","breadcrumb":{"@id":"https:\/\/rotary.fi\/lahtiwellamo\/keita-olemme\/hallitus-ja-toimihenkilot\/#breadcrumb"},"inLanguage":"fi","potentialAction":[{"@type":"ReadAction","target":["https:\/\/rotary.fi\/lahtiwellamo\/keita-olemme\/hallitus-ja-toimihenkilot\/"]}]},{"@type":"BreadcrumbList","@id":"https:\/\/rotary.fi\/lahtiwellamo\/keita-olemme\/hallitus-ja-toimihenkilot\/#breadcrumb","itemListElement":[{"@type":"ListItem","position":1,"name":"Home","item":"https:\/\/rotary.fi\/lahtiwellamo\/"},{"@type":"ListItem","position":2,"name":"Keit\u00e4 olemme","item":"https:\/\/rotary.fi\/lahtiwellamo\/keita-olemme\/"},{"@type":"ListItem","position":3,"name":"Hallitus ja toimihenkil\u00f6t 2022 &#8211; 2023"}]},{"@type":"WebSite","@id":"https:\/\/rotary.fi\/lahtiwellamo\/#website","url":"https:\/\/rotary.fi\/lahtiwellamo\/","name":"Rotary Lahti-Wellamo","description":"Uusi Rotary klubisivusto","potentialAction":[{"@type":"SearchAction","target":{"@type":"EntryPoint","urlTemplate":"https:\/\/rotary.fi\/lahtiwellamo\/?s={search_term_string}"},"query-input":{"@type":"PropertyValueSpecification","valueRequired":true,"valueName":"search_term_string"}}],"inLanguage":"fi"}]}},"lang":"fi","translations":{"fi":132},"pll_sync_post":[],"_links":{"self":[{"href":"https:\/\/rotary.fi\/lahtiwellamo\/wp-json\/wp\/v2\/pages\/132","targetHints":{"allow":["GET"]}}],"collection":[{"href":"https:\/\/rotary.fi\/lahtiwellamo\/wp-json\/wp\/v2\/pages"}],"about":[{"href":"https:\/\/rotary.fi\/lahtiwellamo\/wp-json\/wp\/v2\/types\/page"}],"author":[{"embeddable":true,"href":"https:\/\/rotary.fi\/lahtiwellamo\/wp-json\/wp\/v2\/users\/1"}],"replies":[{"embeddable":true,"href":"https:\/\/rotary.fi\/lahtiwellamo\/wp-json\/wp\/v2\/comments?post=132"}],"version-history":[{"count":10,"href":"https:\/\/rotary.fi\/lahtiwellamo\/wp-json\/wp\/v2\/pages\/132\/revisions"}],"predecessor-version":[{"id":1905,"href":"https:\/\/rotary.fi\/lahtiwellamo\/wp-json\/wp\/v2\/pages\/132\/revisions\/1905"}],"up":[{"embeddable":true,"href":"https:\/\/rotary.fi\/lahtiwellamo\/wp-json\/wp\/v2\/pages\/129"}],"wp:attachment":[{"href":"https:\/\/rotary.fi\/lahtiwellamo\/wp-json\/wp\/v2\/media?parent=132"}],"curies":[{"name":"wp","href":"https:\/\/api.w.org\/{rel}","templated":true}]}}