{"id":129,"date":"2018-08-10T13:41:39","date_gmt":"2018-08-10T10:41:39","guid":{"rendered":"https:\/\/rotary.fi\/klubi2\/?page_id=129"},"modified":"2020-01-12T13:39:39","modified_gmt":"2020-01-12T11:39:39","slug":"keita-olemme","status":"publish","type":"page","link":"https:\/\/rotary.fi\/lahtiwellamo\/keita-olemme\/","title":{"rendered":"Keit\u00e4 olemme"},"content":{"rendered":"<p>[et_pb_section fb_built=&#8221;1&#8243; module_class=&#8221;jumbotron-page&#8221; _builder_version=&#8221;4.0.8&#8243; background_image=&#8221;https:\/\/rotary.fi\/lahtiwellamo\/wp-content\/uploads\/sites\/52\/2020\/01\/packard-museo.jpg&#8221; hover_enabled=&#8221;0&#8243;][et_pb_row _builder_version=&#8221;3.25&#8243; background_size=&#8221;initial&#8221; background_position=&#8221;top_left&#8221; background_repeat=&#8221;repeat&#8221;][et_pb_column type=&#8221;4_4&#8243; _builder_version=&#8221;3.25&#8243; custom_padding=&#8221;|||&#8221; custom_padding__hover=&#8221;|||&#8221;][\/et_pb_column][\/et_pb_row][\/et_pb_section][et_pb_section fb_built=&#8221;1&#8243; specialty=&#8221;on&#8221; module_class_2=&#8221;sivupalkki&#8221; _builder_version=&#8221;3.22&#8243;][et_pb_column type=&#8221;2_3&#8243; specialty_columns=&#8221;2&#8243; _builder_version=&#8221;3.25&#8243; custom_padding=&#8221;|||&#8221; custom_padding__hover=&#8221;|||&#8221;][et_pb_row_inner admin_label=&#8221;Rivi&#8221; _builder_version=&#8221;3.25&#8243;][et_pb_column_inner saved_specialty_column_type=&#8221;2_3&#8243; _builder_version=&#8221;3.25&#8243; custom_padding=&#8221;|||&#8221; custom_padding__hover=&#8221;|||&#8221;][et_pb_text admin_label=&#8221;Otsikko&#8221; _builder_version=&#8221;3.27.4&#8243; text_orientation=&#8221;center&#8221;]<\/p>\n<h1>Keit\u00e4 olemme<\/h1>\n<p>[\/et_pb_text][et_pb_text _builder_version=&#8221;4.0.8&#8243;]<\/p>\n<p><span style=\"font-size: 16px\">Rotaryklubi Lahti-Wellamo on aktiivinen lahtelainen rotaryklubi. Kokoonnumme joka torstai lounaskokoukseen klo 11.45-13:00 \u00a0tapaamaan toisiamme, kuulemaan kiinnostavia esitelmi\u00e4 ja edist\u00e4m\u00e4\u00e4n hyv\u00e4\u00e4 omalla paikkakunnallamme. Kev\u00e4tkauden 2020 avaamme Hennalan varuskunnan enstiseen sotilaskotiin perustetussa Wanhassa Sodessa. K\u00e4ymme my\u00f6s vierailemassa erilaisissa kohteissa. Tuemme kansainv\u00e4lisen Rotaryn humanitaarisia projekteja, osallistumme nuorisovaihtoon ja edist\u00e4mme l\u00e4hiseudun hyvinvointia.<\/span><\/p>\n<p>Lahti-Wellamo rotaryklubi ry syntyi vuonna 2015, kun kaksi lahtelaista rotayklubia yhdisti vuosikymmenten pituisen toiminnallisen osaamisen ja kokemukset. \u00a0Klubissamme on 48 j\u00e4sent\u00e4. Olemme osa piiri\u00e4 1390.\u00a0<\/p>\n<p>&nbsp;<\/p>\n<h4>Harrastus, jolla on tarkoitus<\/h4>\n<p>Olemme keskittyneet nuorisovaihdon tukemiseen. J\u00e4rjest\u00e4mme nuoria Rotaryn kansainv\u00e4liseen nuorisovaihtoon yhteisty\u00f6ss\u00e4 muiden lahtelaisten klubien kanssa. Meid\u00e4n mielest\u00e4mme nuorisovaihto on mit\u00e4 parhainta ruohonjuuritason kansainv\u00e4listymis- ja rauhankasvatusta.<\/p>\n<p>&nbsp;<\/p>\n<p>\u00a0<span style=\"font-size: 16px\">Paikallisesti tuemme esimerkiksi:<\/span><\/p>\n<p>* Sylvia-koti (9-vuotinen perusopetusta antava erityiskoulu. Koulun j\u00e4lkeen voi jatkaa kolmen vuoden ajan nuorisoasteella ja suorittaa ty\u00f6harjoittelua Sylvia-kodin ty\u00f6pajoissa)<\/p>\n<p>* Lahden Klubitalo (pyrkii parantamaan mielenterveyskuntoutujien el\u00e4m\u00e4nlaatua, v\u00e4hent\u00e4m\u00e4\u00e4n sairaalahoidon tarvetta ja tukemaan opiskelussa ja ty\u00f6llistymisess\u00e4)<\/p>\n<p>* 2-asteen opinnot (Tv\u00e4rminne-projekti, jolla tuetaan lukioiden biologian opintoja. Opiskelijat perehtyv\u00e4t Tv\u00e4rminnen tutkimusasemalla It\u00e4meren tutkimukseen ja suojeluun).<\/p>\n<p>&nbsp;<\/p>\n<p>\u00a0<span style=\"font-size: 16px\">Pid\u00e4mme arvossa kansainv\u00e4lisen Rotary Internationalin ponnisteluja ja j\u00e4rjest\u00f6n arvokasta ty\u00f6t\u00e4 muun muassa polion h\u00e4vitt\u00e4miseksi maapallolta. Pelk\u00e4st\u00e4\u00e4n t\u00e4h\u00e4n ty\u00f6h\u00f6n Rotary on suunnannut runsaasti vapaaehtoisvoimaa sek\u00e4 yli 1,2 miljardia US-dollaria.<\/span><\/p>\n<p>&nbsp;<\/p>\n<h4>Vaikuttava kansainv\u00e4linen verkosto<\/h4>\n<p>Rotary on Chicagossa 23.2.1905 perustettu kansainv\u00e4linen palvelu- ja hyv\u00e4ntekev\u00e4isyysorganisaatio. Rotary Internationalin kotipaikka on Evanston, USA:n osavaltiossa Illinoisissa. Tunnuslauseemme on Palvelu itsekkyyden edelle (Service Above Self).<\/p>\n<p>Rotaryyn kuuluu 1,2 miljoona j\u00e4sent\u00e4 35 000 klubissa yli 200 maassa. Rotary on merkitt\u00e4v\u00e4 kansainv\u00e4linen palvelu- ja hyv\u00e4ntekev\u00e4isyysj\u00e4rjest\u00f6. Suomi on jaettu kuuteen rotarypiiriin, joista yhteen kuuluvat my\u00f6s Viron klubit. Suomessa ja Virossa on yhteens\u00e4 300 klubia, joissa runsaat 10\u00a0000 rotaria.<\/p>\n<p>[\/et_pb_text][\/et_pb_column_inner][\/et_pb_row_inner][\/et_pb_column][et_pb_column type=&#8221;1_3&#8243; _builder_version=&#8221;3.25&#8243; custom_padding=&#8221;|||&#8221; custom_padding__hover=&#8221;|||&#8221;][et_pb_sidebar area=&#8221;sidebar-1&#8243; module_class=&#8221;sivupalkki_sisalto&#8221; _builder_version=&#8221;3.4.1&#8243; locked=&#8221;on&#8221;]<br \/>\n[\/et_pb_sidebar][\/et_pb_column][\/et_pb_section]<\/p>\n","protected":false},"excerpt":{"rendered":"<p>Keit\u00e4 olemme Rotaryklubi Lahti-Wellamo on aktiivinen lahtelainen rotaryklubi. Kokoonnumme joka torstai lounaskokoukseen klo 11.45-13:00 \u00a0tapaamaan toisiamme, kuulemaan kiinnostavia esitelmi\u00e4 ja edist\u00e4m\u00e4\u00e4n hyv\u00e4\u00e4 omalla paikkakunnallamme. Kev\u00e4tkauden 2020 avaamme Hennalan varuskunnan enstiseen sotilaskotiin perustetussa Wanhassa Sodessa. K\u00e4ymme my\u00f6s vierailemassa erilaisissa kohteissa. Tuemme kansainv\u00e4lisen Rotaryn humanitaarisia projekteja, osallistumme nuorisovaihtoon ja edist\u00e4mme l\u00e4hiseudun hyvinvointia. Lahti-Wellamo rotaryklubi ry syntyi vuonna [&hellip;]<\/p>\n","protected":false},"author":1,"featured_media":0,"parent":0,"menu_order":0,"comment_status":"closed","ping_status":"closed","template":"","meta":{"_acf_changed":false,"_et_pb_use_builder":"on","_et_pb_old_content":"","_et_gb_content_width":"","footnotes":""},"class_list":["post-129","page","type-page","status-publish","hentry"],"acf":[],"yoast_head":"<!-- This site is optimized with the Yoast SEO plugin v27.4 - https:\/\/yoast.com\/product\/yoast-seo-wordpress\/ -->\n<title>Keit\u00e4 olemme - Rotary Lahti-Wellamo<\/title>\n<meta name=\"robots\" content=\"index, follow, max-snippet:-1, max-image-preview:large, max-video-preview:-1\" \/>\n<link rel=\"canonical\" href=\"https:\/\/rotary.fi\/lahtiwellamo\/keita-olemme\/\" \/>\n<meta property=\"og:locale\" content=\"fi_FI\" \/>\n<meta property=\"og:type\" content=\"article\" \/>\n<meta property=\"og:title\" content=\"Keit\u00e4 olemme - Rotary Lahti-Wellamo\" \/>\n<meta property=\"og:description\" content=\"Keit\u00e4 olemme Rotaryklubi Lahti-Wellamo on aktiivinen lahtelainen rotaryklubi. Kokoonnumme joka torstai lounaskokoukseen klo 11.45-13:00 \u00a0tapaamaan toisiamme, kuulemaan kiinnostavia esitelmi\u00e4 ja edist\u00e4m\u00e4\u00e4n hyv\u00e4\u00e4 omalla paikkakunnallamme. Kev\u00e4tkauden 2020 avaamme Hennalan varuskunnan enstiseen sotilaskotiin perustetussa Wanhassa Sodessa. K\u00e4ymme my\u00f6s vierailemassa erilaisissa kohteissa. Tuemme kansainv\u00e4lisen Rotaryn humanitaarisia projekteja, osallistumme nuorisovaihtoon ja edist\u00e4mme l\u00e4hiseudun hyvinvointia. Lahti-Wellamo rotaryklubi ry syntyi vuonna [&hellip;]\" \/>\n<meta property=\"og:url\" content=\"https:\/\/rotary.fi\/lahtiwellamo\/keita-olemme\/\" \/>\n<meta property=\"og:site_name\" content=\"Rotary Lahti-Wellamo\" \/>\n<meta property=\"article:modified_time\" content=\"2020-01-12T11:39:39+00:00\" \/>\n<meta name=\"twitter:card\" content=\"summary_large_image\" \/>\n<meta name=\"twitter:label1\" content=\"Arvioitu lukuaika\" \/>\n\t<meta name=\"twitter:data1\" content=\"2 minuuttia\" \/>\n<script type=\"application\/ld+json\" class=\"yoast-schema-graph\">{\"@context\":\"https:\\\/\\\/schema.org\",\"@graph\":[{\"@type\":\"WebPage\",\"@id\":\"https:\\\/\\\/rotary.fi\\\/lahtiwellamo\\\/keita-olemme\\\/\",\"url\":\"https:\\\/\\\/rotary.fi\\\/lahtiwellamo\\\/keita-olemme\\\/\",\"name\":\"Keit\u00e4 olemme - Rotary Lahti-Wellamo\",\"isPartOf\":{\"@id\":\"https:\\\/\\\/rotary.fi\\\/lahtiwellamo\\\/#website\"},\"datePublished\":\"2018-08-10T10:41:39+00:00\",\"dateModified\":\"2020-01-12T11:39:39+00:00\",\"breadcrumb\":{\"@id\":\"https:\\\/\\\/rotary.fi\\\/lahtiwellamo\\\/keita-olemme\\\/#breadcrumb\"},\"inLanguage\":\"fi\",\"potentialAction\":[{\"@type\":\"ReadAction\",\"target\":[\"https:\\\/\\\/rotary.fi\\\/lahtiwellamo\\\/keita-olemme\\\/\"]}]},{\"@type\":\"BreadcrumbList\",\"@id\":\"https:\\\/\\\/rotary.fi\\\/lahtiwellamo\\\/keita-olemme\\\/#breadcrumb\",\"itemListElement\":[{\"@type\":\"ListItem\",\"position\":1,\"name\":\"Home\",\"item\":\"https:\\\/\\\/rotary.fi\\\/lahtiwellamo\\\/\"},{\"@type\":\"ListItem\",\"position\":2,\"name\":\"Keit\u00e4 olemme\"}]},{\"@type\":\"WebSite\",\"@id\":\"https:\\\/\\\/rotary.fi\\\/lahtiwellamo\\\/#website\",\"url\":\"https:\\\/\\\/rotary.fi\\\/lahtiwellamo\\\/\",\"name\":\"Rotary Lahti-Wellamo\",\"description\":\"Uusi Rotary klubisivusto\",\"potentialAction\":[{\"@type\":\"SearchAction\",\"target\":{\"@type\":\"EntryPoint\",\"urlTemplate\":\"https:\\\/\\\/rotary.fi\\\/lahtiwellamo\\\/?s={search_term_string}\"},\"query-input\":{\"@type\":\"PropertyValueSpecification\",\"valueRequired\":true,\"valueName\":\"search_term_string\"}}],\"inLanguage\":\"fi\"}]}<\/script>\n<!-- \/ Yoast SEO plugin. -->","yoast_head_json":{"title":"Keit\u00e4 olemme - Rotary Lahti-Wellamo","robots":{"index":"index","follow":"follow","max-snippet":"max-snippet:-1","max-image-preview":"max-image-preview:large","max-video-preview":"max-video-preview:-1"},"canonical":"https:\/\/rotary.fi\/lahtiwellamo\/keita-olemme\/","og_locale":"fi_FI","og_type":"article","og_title":"Keit\u00e4 olemme - Rotary Lahti-Wellamo","og_description":"Keit\u00e4 olemme Rotaryklubi Lahti-Wellamo on aktiivinen lahtelainen rotaryklubi. Kokoonnumme joka torstai lounaskokoukseen klo 11.45-13:00 \u00a0tapaamaan toisiamme, kuulemaan kiinnostavia esitelmi\u00e4 ja edist\u00e4m\u00e4\u00e4n hyv\u00e4\u00e4 omalla paikkakunnallamme. Kev\u00e4tkauden 2020 avaamme Hennalan varuskunnan enstiseen sotilaskotiin perustetussa Wanhassa Sodessa. K\u00e4ymme my\u00f6s vierailemassa erilaisissa kohteissa. Tuemme kansainv\u00e4lisen Rotaryn humanitaarisia projekteja, osallistumme nuorisovaihtoon ja edist\u00e4mme l\u00e4hiseudun hyvinvointia. Lahti-Wellamo rotaryklubi ry syntyi vuonna [&hellip;]","og_url":"https:\/\/rotary.fi\/lahtiwellamo\/keita-olemme\/","og_site_name":"Rotary Lahti-Wellamo","article_modified_time":"2020-01-12T11:39:39+00:00","twitter_card":"summary_large_image","twitter_misc":{"Arvioitu lukuaika":"2 minuuttia"},"schema":{"@context":"https:\/\/schema.org","@graph":[{"@type":"WebPage","@id":"https:\/\/rotary.fi\/lahtiwellamo\/keita-olemme\/","url":"https:\/\/rotary.fi\/lahtiwellamo\/keita-olemme\/","name":"Keit\u00e4 olemme - Rotary Lahti-Wellamo","isPartOf":{"@id":"https:\/\/rotary.fi\/lahtiwellamo\/#website"},"datePublished":"2018-08-10T10:41:39+00:00","dateModified":"2020-01-12T11:39:39+00:00","breadcrumb":{"@id":"https:\/\/rotary.fi\/lahtiwellamo\/keita-olemme\/#breadcrumb"},"inLanguage":"fi","potentialAction":[{"@type":"ReadAction","target":["https:\/\/rotary.fi\/lahtiwellamo\/keita-olemme\/"]}]},{"@type":"BreadcrumbList","@id":"https:\/\/rotary.fi\/lahtiwellamo\/keita-olemme\/#breadcrumb","itemListElement":[{"@type":"ListItem","position":1,"name":"Home","item":"https:\/\/rotary.fi\/lahtiwellamo\/"},{"@type":"ListItem","position":2,"name":"Keit\u00e4 olemme"}]},{"@type":"WebSite","@id":"https:\/\/rotary.fi\/lahtiwellamo\/#website","url":"https:\/\/rotary.fi\/lahtiwellamo\/","name":"Rotary Lahti-Wellamo","description":"Uusi Rotary klubisivusto","potentialAction":[{"@type":"SearchAction","target":{"@type":"EntryPoint","urlTemplate":"https:\/\/rotary.fi\/lahtiwellamo\/?s={search_term_string}"},"query-input":{"@type":"PropertyValueSpecification","valueRequired":true,"valueName":"search_term_string"}}],"inLanguage":"fi"}]}},"lang":"fi","translations":{"fi":129},"pll_sync_post":[],"_links":{"self":[{"href":"https:\/\/rotary.fi\/lahtiwellamo\/wp-json\/wp\/v2\/pages\/129","targetHints":{"allow":["GET"]}}],"collection":[{"href":"https:\/\/rotary.fi\/lahtiwellamo\/wp-json\/wp\/v2\/pages"}],"about":[{"href":"https:\/\/rotary.fi\/lahtiwellamo\/wp-json\/wp\/v2\/types\/page"}],"author":[{"embeddable":true,"href":"https:\/\/rotary.fi\/lahtiwellamo\/wp-json\/wp\/v2\/users\/1"}],"replies":[{"embeddable":true,"href":"https:\/\/rotary.fi\/lahtiwellamo\/wp-json\/wp\/v2\/comments?post=129"}],"version-history":[{"count":17,"href":"https:\/\/rotary.fi\/lahtiwellamo\/wp-json\/wp\/v2\/pages\/129\/revisions"}],"predecessor-version":[{"id":1656,"href":"https:\/\/rotary.fi\/lahtiwellamo\/wp-json\/wp\/v2\/pages\/129\/revisions\/1656"}],"wp:attachment":[{"href":"https:\/\/rotary.fi\/lahtiwellamo\/wp-json\/wp\/v2\/media?parent=129"}],"curies":[{"name":"wp","href":"https:\/\/api.w.org\/{rel}","templated":true}]}}