{"id":156,"date":"2018-08-13T09:46:59","date_gmt":"2018-08-13T06:46:59","guid":{"rendered":"https:\/\/rotary.fi\/lahtisalpausselka\/?page_id=156"},"modified":"2023-08-28T12:34:53","modified_gmt":"2023-08-28T09:34:53","slug":"projektit","status":"publish","type":"page","link":"https:\/\/rotary.fi\/lahtisalpausselka\/mita-teemme\/projektit\/","title":{"rendered":"Projektit"},"content":{"rendered":"<p>[et_pb_section fb_built=&#8221;1&#8243; module_class=&#8221;jumbotron-page&#8221; _builder_version=&#8221;4.16&#8243; background_image=&#8221;https:\/\/rotary.fi\/lahtisalpausselka\/wp-content\/uploads\/sites\/57\/2018\/08\/rotary_klubit_alasivu_paakuva_5.jpg&#8221; global_colors_info=&#8221;{}&#8221;][et_pb_row _builder_version=&#8221;4.16&#8243; background_size=&#8221;initial&#8221; background_position=&#8221;top_left&#8221; background_repeat=&#8221;repeat&#8221; global_colors_info=&#8221;{}&#8221;][et_pb_column type=&#8221;4_4&#8243; _builder_version=&#8221;4.16&#8243; custom_padding=&#8221;|||&#8221; global_colors_info=&#8221;{}&#8221; custom_padding__hover=&#8221;|||&#8221;][et_pb_text admin_label=&#8221;P\u00e4\u00e4otsikko&#8221; _builder_version=&#8221;4.16&#8243; text_orientation=&#8221;center&#8221; background_layout=&#8221;dark&#8221; global_colors_info=&#8221;{}&#8221;]<\/p>\n<h1>Projektit<\/h1>\n<p>[\/et_pb_text][\/et_pb_column][\/et_pb_row][\/et_pb_section][et_pb_section fb_built=&#8221;1&#8243; specialty=&#8221;on&#8221; module_class_2=&#8221;sivupalkki&#8221; _builder_version=&#8221;4.16&#8243; inner_max_width=&#8221;none&#8221; global_colors_info=&#8221;{}&#8221;][et_pb_column type=&#8221;2_3&#8243; specialty_columns=&#8221;2&#8243; _builder_version=&#8221;4.16&#8243; custom_padding=&#8221;|||&#8221; global_colors_info=&#8221;{}&#8221; custom_padding__hover=&#8221;|||&#8221;][et_pb_row_inner admin_label=&#8221;Rivi&#8221; _builder_version=&#8221;4.16&#8243; global_colors_info=&#8221;{}&#8221;][et_pb_column_inner saved_specialty_column_type=&#8221;2_3&#8243; _builder_version=&#8221;4.16&#8243; custom_padding=&#8221;|||&#8221; global_colors_info=&#8221;{}&#8221; custom_padding__hover=&#8221;|||&#8221;][et_pb_text admin_label=&#8221;Projektit &#8211; Otsikko&#8221; _builder_version=&#8221;4.16&#8243; text_orientation=&#8221;center&#8221; global_colors_info=&#8221;{}&#8221;]<\/p>\n<h1>Projektit<\/h1>\n<p>[\/et_pb_text][et_pb_text _builder_version=&#8221;4.16&#8243; z_index_tablet=&#8221;500&#8243; global_colors_info=&#8221;{}&#8221; custom_padding=&#8221;||6px|||&#8221;]<\/p>\n<p><strong>Rotary on palveluj\u00e4rjest\u00f6. Toimimme tunnuslauseemme Palvelu itsekkyyden edelle (Service above self) mukaisesti paikallisesti ja maailmanlaajuisesti. Kansainv\u00e4linen humanit\u00e4\u00e4rinen palvelumme toteutuu Rotarys\u00e4\u00e4ti\u00f6mme koordinoimana ja hyv\u00e4ksyttyjen kumppaneiden kanssa.<\/strong><\/p>\n<p><strong><a href=\"https:\/\/rotary.fi\/lahtisalpausselka\/etusivu\/keita-olemme\/jorma-ja-martha-sihvola-saatio\/\">Jorma ja M\u00e4rtha Sihvola -s\u00e4\u00e4ti\u00f6<\/a><\/strong><\/p>\n<p class=\"Textbody\">\n<p class=\"Textbody\"><strong>SYLVIA-KOTI, LAHDEN KLUBITALO JA NUORTEN TOISEN ASTEEN OPETUS<\/strong> ovat paikallisen palveluty\u00f6mme pysyv\u00e4t kohteet.<span>\u00a0<\/span><\/p>\n<div class=\"page\" title=\"Page 1\">\u00a0<\/div>\n<div class=\"page\" title=\"Page 1\">\n<div class=\"layoutArea\">\n<div class=\"column\">\n<p class=\"Textbody\">SYLVIA-KOTI<\/p>\n<p class=\"Textbody\">Sylvia-koti yhdistys perustettiin toimintaa j\u00e4rjest\u00e4m\u00e4\u00e4n vuonna<span>\u00a0<\/span><span class=\"StrongEmphasis\">1958<\/span>. Lahteen Sylvia-Koti avattiin<span>\u00a0<\/span><span class=\"StrongEmphasis\">1970<\/span>. L\u00e4ht\u00f6kohtana oli muodostaa yhteis\u00f6, jossa kehitysvammaiset lapset voisivat k\u00e4yd\u00e4 Steinerpedagogista erityiskoulua ja asua yhteis\u00f6llisesti talonvanhempien kanssa. Nuorille ja aikuisille oli tarkoitus rakentaa ty\u00f6pajoja.<\/p>\n<p class=\"Textbody\">N\u00e4ill\u00e4 periaatteilla toimitaan edelleen. Sylvia-Kodissa tarjotaan\u00a0 ty\u00f6toimintaa, asumispalvelua, perus- ja jatko-opetusta erityist\u00e4 tukea tarvitseville henkil\u00f6ille. Kaiken toiminnan perusajatus on, ett\u00e4 turvallinen arki ja monipuoliset harrastusmahdollisuudet luovat el\u00e4m\u00e4lle vahvan perustan.<\/p>\n<p class=\"Textbody\">Sylvia-kodin koulu on 9-vuotinen perusopetusta antava erityiskoulu , jossa kasvava ja kehittyv\u00e4 lapsi kohdataan kokonaisvaltaisesti. Sylvia-Kodin Kaupunkikyl\u00e4ss\u00e4 vietet\u00e4\u00e4n yksil\u00f6llist\u00e4 el\u00e4m\u00e4\u00e4 yhteis\u00f6ss\u00e4. Ty\u00f6toiminnassa erilaiset ihmiset kohtaavat toisensa. Lahdessa Kaupunkikyl\u00e4 ja erityiskoulu sijaitsee Renkom\u00e4ess\u00e4 Kyl\u00e4kadulla.<\/p>\n<p class=\"Textbody\">\n<p class=\"Textbody\"><span class=\"StrongEmphasis\">LAHDEN KLUBITALO<\/span><b><\/b><\/p>\n<p class=\"Textbody\">Klubitalot ovat mielenterveyskuntoutujien ja palkatun henkil\u00f6kunnan muodostamia yhdenvertaisia yhteis\u00f6j\u00e4. Ne t\u00e4ydent\u00e4v\u00e4t psykososiaalisia palveluja ja edist\u00e4v\u00e4t kuntoutujaj\u00e4senten toipumista. Klubitalot tarjoavat j\u00e4senilleen tavoitteellista toimintaa arkeen, vertaistukea ja yksil\u00f6llist\u00e4 ohjausta. Monen j\u00e4senen kohdalla tavoitteena on<span>\u00a0<\/span><a href=\"https:\/\/suomenklubitalot.fi\/tule-mukaan\/tukea-tyoelamaan\/\">ty\u00f6el\u00e4m\u00e4\u00e4n<\/a><span>\u00a0<\/span>tai<span>\u00a0<\/span><a href=\"https:\/\/suomenklubitalot.fi\/tule-mukaan\/tukea-opintoihin\/\">opintoihin palaaminen<\/a>.<span>\u00a0<\/span><span class=\"StrongEmphasis\">Taloilla keskityt\u00e4\u00e4n yksil\u00f6n vahvuuksiin, ei diagnooseihin.<span>\u00a0<\/span><\/span>\u00a0Toiminnan jatkuvuuden kannalta on t\u00e4rke\u00e4\u00e4, ett\u00e4 t\u00e4t\u00e4 ty\u00f6t\u00e4 raportoidaan ulosp\u00e4in ja Klubitalot pystyv\u00e4t arvioimaan ja todentamaan my\u00f6s omaa vaikuttavuuttaan.<\/p>\n<p class=\"Textbody\">\n<p class=\"Textbody\"><img loading=\"lazy\" decoding=\"async\" class=\"wp-image-1551 size-medium aligncenter\" src=\"https:\/\/rotary.fi\/lahtiwellamo\/wp-content\/uploads\/sites\/52\/2020\/02\/3f3f1e75-e15a-4d26-8581-a2d37e3d7c08-300x225.jpg\" alt=\"\" width=\"394\" height=\"295\" \/><\/p>\n<p class=\"Standard\">Klubitaloty\u00f6 on maailmanlaajuista, Klubitaloja on 32 maassa, yhteens\u00e4 noin 300, joiden kansainv\u00e4linen kattoj\u00e4rjest\u00f6 on Clubhouse International. Suomessa Kllubitaloja on 23, joissa on yhteens\u00e4 noin 6000 j\u00e4sent\u00e4. Lahden klubitalo sijaitsee Vuorikadulla.<\/p>\n<p class=\"Textbody\">NUORTEN TOISEN ASTEEN OPETUS<\/p>\n<p class=\"Standard\">Rotaryklubimme palvelutoiminnan kolmas pitk\u00e4j\u00e4nteinen avustaminen kohdentuu 2- asteen lukio- ja ammattiopiskelijoihin. T\u00e4ll\u00e4 hetkell\u00e4 avustamme Lahden ja Heinolan lukioiden biologian opetusta. Avustuskohteemme on biologian kentt\u00e4kurssi Tv\u00e4rminnen tutkimusasemalla. Tutkimusasemalla opiskelijat perehtyv\u00e4t It\u00e4meren tutkimukseen ja\u00a0 suojeluun. Kursilla opitaan It\u00e4meren tyypillist\u00e4 lajistoa ja lajien v\u00e4lisi\u00e4 vuorovaikutuksia, perehdyt\u00e4\u00e4n It\u00e4meren tutkimukseen ja syvennet\u00e4\u00e4n tietoa It\u00e4meren erityispiirteist\u00e4, tilasta ja suojelusta<\/p>\n<p class=\"Standard\">Kentt\u00e4kurssin kaltaiset kurssit mahdollistavat perusteellisen tutustumisen paljon aikaa viev\u00e4\u00e4n tutkimusty\u00f6h\u00f6n. Kokemalla ja tekem\u00e4ll\u00e4 opiskelijat oppivat tieteellisen tutkimuksen periaatteita ja k\u00e4yt\u00e4nteit\u00e4. Erityisesti uudet opetussuunnitelmat edellytt\u00e4v\u00e4t lukioiden ja korkeakoulujen yhteisty\u00f6n lis\u00e4\u00e4mist\u00e4.<\/p>\n<p class=\"Standard\">Kentt\u00e4kurssi toteutetaan kev\u00e4tlukukaudella vuosittain. Rotaryklubimme tavoitteena on mahdollistaa v\u00e4h\u00e4varaisten opiskelijoiden osallistuminen Tv\u00e4rminnen kurssimatkaan.<\/p>\n<p>&nbsp;<\/p>\n<\/div>\n<\/div>\n<\/div>\n<p>&nbsp;<\/p>\n<p><strong>Osallistumme my\u00f6s l\u00e4hiklubien kanssa yhteisiin projekteihin.<\/strong><span>\u00a0<\/span><\/p>\n<p>\u2022 Lahden alueen ukrainalaispakolaisten tuki<\/p>\n<div class=\"page\" title=\"Page 1\">\n<div class=\"layoutArea\">\n<div class=\"column\">\n<p>\u2022 Va\u0308ha\u0308varaisille lapsille suunnattu \u201cJoulupuu Lahti\u201d kera\u0308ys<\/p>\n<p><span>\u2022 DuuniExpo; amk-opiskelijoiden ja\u0308rjesta\u0308ma\u0308 rekrytointitapahtuma<\/span><\/p>\n<p>\u2022 RYLA; nuorten johtajuuskoulutus<\/p>\n<\/div>\n<\/div>\n<\/div>\n<p>&nbsp;<\/p>\n<p>[\/et_pb_text][\/et_pb_column_inner][\/et_pb_row_inner][\/et_pb_column][et_pb_column type=&#8221;1_3&#8243; _builder_version=&#8221;4.16&#8243; custom_padding=&#8221;|||&#8221; global_colors_info=&#8221;{}&#8221; custom_padding__hover=&#8221;|||&#8221;][et_pb_sidebar area=&#8221;sidebar-1&#8243; module_class=&#8221;sivupalkki_sisalto&#8221; _builder_version=&#8221;4.16&#8243; locked=&#8221;on&#8221; global_colors_info=&#8221;{}&#8221;]<br \/>\n[\/et_pb_sidebar][\/et_pb_column][\/et_pb_section]<\/p>\n","protected":false},"excerpt":{"rendered":"<p>Projektit Projektit Rotary on palveluj\u00e4rjest\u00f6. Toimimme tunnuslauseemme Palvelu itsekkyyden edelle (Service above self) mukaisesti paikallisesti ja maailmanlaajuisesti. Kansainv\u00e4linen humanit\u00e4\u00e4rinen palvelumme toteutuu Rotarys\u00e4\u00e4ti\u00f6mme koordinoimana ja hyv\u00e4ksyttyjen kumppaneiden kanssa. Jorma ja M\u00e4rtha Sihvola -s\u00e4\u00e4ti\u00f6 SYLVIA-KOTI, LAHDEN KLUBITALO JA NUORTEN TOISEN ASTEEN OPETUS ovat paikallisen palveluty\u00f6mme pysyv\u00e4t kohteet.\u00a0 \u00a0 SYLVIA-KOTI Sylvia-koti yhdistys perustettiin toimintaa j\u00e4rjest\u00e4m\u00e4\u00e4n vuonna\u00a01958. Lahteen Sylvia-Koti [&hellip;]<\/p>\n","protected":false},"author":1,"featured_media":0,"parent":77,"menu_order":0,"comment_status":"closed","ping_status":"closed","template":"","meta":{"_acf_changed":false,"_et_pb_use_builder":"on","_et_pb_old_content":"","_et_gb_content_width":"","footnotes":""},"class_list":["post-156","page","type-page","status-publish","hentry"],"acf":[],"yoast_head":"<!-- This site is optimized with the Yoast SEO plugin v27.4 - https:\/\/yoast.com\/product\/yoast-seo-wordpress\/ -->\n<title>Projektit - Lahti-Salpausselk\u00e4<\/title>\n<meta name=\"robots\" content=\"index, follow, max-snippet:-1, max-image-preview:large, max-video-preview:-1\" \/>\n<link rel=\"canonical\" href=\"https:\/\/rotary.fi\/lahtisalpausselka\/mita-teemme\/projektit\/\" \/>\n<meta property=\"og:locale\" content=\"fi_FI\" \/>\n<meta property=\"og:type\" content=\"article\" \/>\n<meta property=\"og:title\" content=\"Projektit - Lahti-Salpausselk\u00e4\" \/>\n<meta property=\"og:description\" content=\"Projektit Projektit Rotary on palveluj\u00e4rjest\u00f6. Toimimme tunnuslauseemme Palvelu itsekkyyden edelle (Service above self) mukaisesti paikallisesti ja maailmanlaajuisesti. Kansainv\u00e4linen humanit\u00e4\u00e4rinen palvelumme toteutuu Rotarys\u00e4\u00e4ti\u00f6mme koordinoimana ja hyv\u00e4ksyttyjen kumppaneiden kanssa. Jorma ja M\u00e4rtha Sihvola -s\u00e4\u00e4ti\u00f6 SYLVIA-KOTI, LAHDEN KLUBITALO JA NUORTEN TOISEN ASTEEN OPETUS ovat paikallisen palveluty\u00f6mme pysyv\u00e4t kohteet.\u00a0 \u00a0 SYLVIA-KOTI Sylvia-koti yhdistys perustettiin toimintaa j\u00e4rjest\u00e4m\u00e4\u00e4n vuonna\u00a01958. Lahteen Sylvia-Koti [&hellip;]\" \/>\n<meta property=\"og:url\" content=\"https:\/\/rotary.fi\/lahtisalpausselka\/mita-teemme\/projektit\/\" \/>\n<meta property=\"og:site_name\" content=\"Lahti-Salpausselk\u00e4\" \/>\n<meta property=\"article:modified_time\" content=\"2023-08-28T09:34:53+00:00\" \/>\n<meta property=\"og:image\" content=\"https:\/\/rotary.fi\/lahtiwellamo\/wp-content\/uploads\/sites\/52\/2020\/02\/3f3f1e75-e15a-4d26-8581-a2d37e3d7c08-300x225.jpg\" \/>\n<meta name=\"twitter:card\" content=\"summary_large_image\" \/>\n<meta name=\"twitter:label1\" content=\"Arvioitu lukuaika\" \/>\n\t<meta name=\"twitter:data1\" content=\"2 minuuttia\" \/>\n<script type=\"application\/ld+json\" class=\"yoast-schema-graph\">{\"@context\":\"https:\\\/\\\/schema.org\",\"@graph\":[{\"@type\":\"WebPage\",\"@id\":\"https:\\\/\\\/rotary.fi\\\/lahtisalpausselka\\\/mita-teemme\\\/projektit\\\/\",\"url\":\"https:\\\/\\\/rotary.fi\\\/lahtisalpausselka\\\/mita-teemme\\\/projektit\\\/\",\"name\":\"Projektit - Lahti-Salpausselk\u00e4\",\"isPartOf\":{\"@id\":\"https:\\\/\\\/rotary.fi\\\/lahtisalpausselka\\\/#website\"},\"primaryImageOfPage\":{\"@id\":\"https:\\\/\\\/rotary.fi\\\/lahtisalpausselka\\\/mita-teemme\\\/projektit\\\/#primaryimage\"},\"image\":{\"@id\":\"https:\\\/\\\/rotary.fi\\\/lahtisalpausselka\\\/mita-teemme\\\/projektit\\\/#primaryimage\"},\"thumbnailUrl\":\"https:\\\/\\\/rotary.fi\\\/lahtiwellamo\\\/wp-content\\\/uploads\\\/sites\\\/52\\\/2020\\\/02\\\/3f3f1e75-e15a-4d26-8581-a2d37e3d7c08-300x225.jpg\",\"datePublished\":\"2018-08-13T06:46:59+00:00\",\"dateModified\":\"2023-08-28T09:34:53+00:00\",\"breadcrumb\":{\"@id\":\"https:\\\/\\\/rotary.fi\\\/lahtisalpausselka\\\/mita-teemme\\\/projektit\\\/#breadcrumb\"},\"inLanguage\":\"fi\",\"potentialAction\":[{\"@type\":\"ReadAction\",\"target\":[\"https:\\\/\\\/rotary.fi\\\/lahtisalpausselka\\\/mita-teemme\\\/projektit\\\/\"]}]},{\"@type\":\"ImageObject\",\"inLanguage\":\"fi\",\"@id\":\"https:\\\/\\\/rotary.fi\\\/lahtisalpausselka\\\/mita-teemme\\\/projektit\\\/#primaryimage\",\"url\":\"https:\\\/\\\/rotary.fi\\\/lahtiwellamo\\\/wp-content\\\/uploads\\\/sites\\\/52\\\/2020\\\/02\\\/3f3f1e75-e15a-4d26-8581-a2d37e3d7c08-300x225.jpg\",\"contentUrl\":\"https:\\\/\\\/rotary.fi\\\/lahtiwellamo\\\/wp-content\\\/uploads\\\/sites\\\/52\\\/2020\\\/02\\\/3f3f1e75-e15a-4d26-8581-a2d37e3d7c08-300x225.jpg\"},{\"@type\":\"BreadcrumbList\",\"@id\":\"https:\\\/\\\/rotary.fi\\\/lahtisalpausselka\\\/mita-teemme\\\/projektit\\\/#breadcrumb\",\"itemListElement\":[{\"@type\":\"ListItem\",\"position\":1,\"name\":\"Home\",\"item\":\"https:\\\/\\\/rotary.fi\\\/lahtisalpausselka\\\/\"},{\"@type\":\"ListItem\",\"position\":2,\"name\":\"Mit\u00e4 teemme\",\"item\":\"https:\\\/\\\/rotary.fi\\\/lahtisalpausselka\\\/mita-teemme\\\/\"},{\"@type\":\"ListItem\",\"position\":3,\"name\":\"Projektit\"}]},{\"@type\":\"WebSite\",\"@id\":\"https:\\\/\\\/rotary.fi\\\/lahtisalpausselka\\\/#website\",\"url\":\"https:\\\/\\\/rotary.fi\\\/lahtisalpausselka\\\/\",\"name\":\"Lahti-Salpausselk\u00e4\",\"description\":\"Uusi Rotary klubisivusto\",\"potentialAction\":[{\"@type\":\"SearchAction\",\"target\":{\"@type\":\"EntryPoint\",\"urlTemplate\":\"https:\\\/\\\/rotary.fi\\\/lahtisalpausselka\\\/?s={search_term_string}\"},\"query-input\":{\"@type\":\"PropertyValueSpecification\",\"valueRequired\":true,\"valueName\":\"search_term_string\"}}],\"inLanguage\":\"fi\"}]}<\/script>\n<!-- \/ Yoast SEO plugin. -->","yoast_head_json":{"title":"Projektit - Lahti-Salpausselk\u00e4","robots":{"index":"index","follow":"follow","max-snippet":"max-snippet:-1","max-image-preview":"max-image-preview:large","max-video-preview":"max-video-preview:-1"},"canonical":"https:\/\/rotary.fi\/lahtisalpausselka\/mita-teemme\/projektit\/","og_locale":"fi_FI","og_type":"article","og_title":"Projektit - Lahti-Salpausselk\u00e4","og_description":"Projektit Projektit Rotary on palveluj\u00e4rjest\u00f6. Toimimme tunnuslauseemme Palvelu itsekkyyden edelle (Service above self) mukaisesti paikallisesti ja maailmanlaajuisesti. Kansainv\u00e4linen humanit\u00e4\u00e4rinen palvelumme toteutuu Rotarys\u00e4\u00e4ti\u00f6mme koordinoimana ja hyv\u00e4ksyttyjen kumppaneiden kanssa. Jorma ja M\u00e4rtha Sihvola -s\u00e4\u00e4ti\u00f6 SYLVIA-KOTI, LAHDEN KLUBITALO JA NUORTEN TOISEN ASTEEN OPETUS ovat paikallisen palveluty\u00f6mme pysyv\u00e4t kohteet.\u00a0 \u00a0 SYLVIA-KOTI Sylvia-koti yhdistys perustettiin toimintaa j\u00e4rjest\u00e4m\u00e4\u00e4n vuonna\u00a01958. Lahteen Sylvia-Koti [&hellip;]","og_url":"https:\/\/rotary.fi\/lahtisalpausselka\/mita-teemme\/projektit\/","og_site_name":"Lahti-Salpausselk\u00e4","article_modified_time":"2023-08-28T09:34:53+00:00","og_image":[{"url":"https:\/\/rotary.fi\/lahtiwellamo\/wp-content\/uploads\/sites\/52\/2020\/02\/3f3f1e75-e15a-4d26-8581-a2d37e3d7c08-300x225.jpg","type":"","width":"","height":""}],"twitter_card":"summary_large_image","twitter_misc":{"Arvioitu lukuaika":"2 minuuttia"},"schema":{"@context":"https:\/\/schema.org","@graph":[{"@type":"WebPage","@id":"https:\/\/rotary.fi\/lahtisalpausselka\/mita-teemme\/projektit\/","url":"https:\/\/rotary.fi\/lahtisalpausselka\/mita-teemme\/projektit\/","name":"Projektit - Lahti-Salpausselk\u00e4","isPartOf":{"@id":"https:\/\/rotary.fi\/lahtisalpausselka\/#website"},"primaryImageOfPage":{"@id":"https:\/\/rotary.fi\/lahtisalpausselka\/mita-teemme\/projektit\/#primaryimage"},"image":{"@id":"https:\/\/rotary.fi\/lahtisalpausselka\/mita-teemme\/projektit\/#primaryimage"},"thumbnailUrl":"https:\/\/rotary.fi\/lahtiwellamo\/wp-content\/uploads\/sites\/52\/2020\/02\/3f3f1e75-e15a-4d26-8581-a2d37e3d7c08-300x225.jpg","datePublished":"2018-08-13T06:46:59+00:00","dateModified":"2023-08-28T09:34:53+00:00","breadcrumb":{"@id":"https:\/\/rotary.fi\/lahtisalpausselka\/mita-teemme\/projektit\/#breadcrumb"},"inLanguage":"fi","potentialAction":[{"@type":"ReadAction","target":["https:\/\/rotary.fi\/lahtisalpausselka\/mita-teemme\/projektit\/"]}]},{"@type":"ImageObject","inLanguage":"fi","@id":"https:\/\/rotary.fi\/lahtisalpausselka\/mita-teemme\/projektit\/#primaryimage","url":"https:\/\/rotary.fi\/lahtiwellamo\/wp-content\/uploads\/sites\/52\/2020\/02\/3f3f1e75-e15a-4d26-8581-a2d37e3d7c08-300x225.jpg","contentUrl":"https:\/\/rotary.fi\/lahtiwellamo\/wp-content\/uploads\/sites\/52\/2020\/02\/3f3f1e75-e15a-4d26-8581-a2d37e3d7c08-300x225.jpg"},{"@type":"BreadcrumbList","@id":"https:\/\/rotary.fi\/lahtisalpausselka\/mita-teemme\/projektit\/#breadcrumb","itemListElement":[{"@type":"ListItem","position":1,"name":"Home","item":"https:\/\/rotary.fi\/lahtisalpausselka\/"},{"@type":"ListItem","position":2,"name":"Mit\u00e4 teemme","item":"https:\/\/rotary.fi\/lahtisalpausselka\/mita-teemme\/"},{"@type":"ListItem","position":3,"name":"Projektit"}]},{"@type":"WebSite","@id":"https:\/\/rotary.fi\/lahtisalpausselka\/#website","url":"https:\/\/rotary.fi\/lahtisalpausselka\/","name":"Lahti-Salpausselk\u00e4","description":"Uusi Rotary klubisivusto","potentialAction":[{"@type":"SearchAction","target":{"@type":"EntryPoint","urlTemplate":"https:\/\/rotary.fi\/lahtisalpausselka\/?s={search_term_string}"},"query-input":{"@type":"PropertyValueSpecification","valueRequired":true,"valueName":"search_term_string"}}],"inLanguage":"fi"}]}},"lang":"fi","translations":{"fi":156},"pll_sync_post":[],"_links":{"self":[{"href":"https:\/\/rotary.fi\/lahtisalpausselka\/wp-json\/wp\/v2\/pages\/156","targetHints":{"allow":["GET"]}}],"collection":[{"href":"https:\/\/rotary.fi\/lahtisalpausselka\/wp-json\/wp\/v2\/pages"}],"about":[{"href":"https:\/\/rotary.fi\/lahtisalpausselka\/wp-json\/wp\/v2\/types\/page"}],"author":[{"embeddable":true,"href":"https:\/\/rotary.fi\/lahtisalpausselka\/wp-json\/wp\/v2\/users\/1"}],"replies":[{"embeddable":true,"href":"https:\/\/rotary.fi\/lahtisalpausselka\/wp-json\/wp\/v2\/comments?post=156"}],"version-history":[{"count":9,"href":"https:\/\/rotary.fi\/lahtisalpausselka\/wp-json\/wp\/v2\/pages\/156\/revisions"}],"predecessor-version":[{"id":1558,"href":"https:\/\/rotary.fi\/lahtisalpausselka\/wp-json\/wp\/v2\/pages\/156\/revisions\/1558"}],"up":[{"embeddable":true,"href":"https:\/\/rotary.fi\/lahtisalpausselka\/wp-json\/wp\/v2\/pages\/77"}],"wp:attachment":[{"href":"https:\/\/rotary.fi\/lahtisalpausselka\/wp-json\/wp\/v2\/media?parent=156"}],"curies":[{"name":"wp","href":"https:\/\/api.w.org\/{rel}","templated":true}]}}