{"id":15,"date":"2018-08-08T14:36:36","date_gmt":"2018-08-08T11:36:36","guid":{"rendered":"https:\/\/rotary.fi\/klubi2\/?page_id=15"},"modified":"2024-10-21T18:56:41","modified_gmt":"2024-10-21T15:56:41","slug":"etusivu","status":"publish","type":"page","link":"https:\/\/rotary.fi\/lahtisalpausselka\/","title":{"rendered":"Etusivu"},"content":{"rendered":"<p>[et_pb_section fb_built=&#8221;1&#8243; module_class=&#8221;jumbotron-page&#8221; _builder_version=&#8221;4.16&#8243; background_image=&#8221;https:\/\/rotary.fi\/lahtisalpausselka\/wp-content\/uploads\/sites\/57\/2019\/04\/lahti-maisemakuva-etusivulle.jpg&#8221; global_colors_info=&#8221;{}&#8221;][et_pb_row _builder_version=&#8221;4.16&#8243; background_size=&#8221;initial&#8221; background_position=&#8221;top_left&#8221; background_repeat=&#8221;repeat&#8221; global_colors_info=&#8221;{}&#8221;][et_pb_column type=&#8221;4_4&#8243; _builder_version=&#8221;4.16&#8243; custom_padding=&#8221;|||&#8221; global_colors_info=&#8221;{}&#8221; custom_padding__hover=&#8221;|||&#8221;][et_pb_text admin_label=&#8221;P\u00e4\u00e4otsikko&#8221; _builder_version=&#8221;4.16&#8243; text_orientation=&#8221;center&#8221; background_layout=&#8221;dark&#8221; custom_padding=&#8221;5px|||||&#8221; z_index_tablet=&#8221;500&#8243; global_colors_info=&#8221;{}&#8221;]<\/p>\n<h1>\u00a0 <span style=\"color: #edf000\">Rotaryklubi Lahti &#8211; Salpausselk\u00e4 ry<\/span><\/h1>\n<p>[\/et_pb_text][\/et_pb_column][\/et_pb_row][\/et_pb_section][et_pb_section fb_built=&#8221;1&#8243; specialty=&#8221;on&#8221; module_class_2=&#8221;sivupalkki&#8221; _builder_version=&#8221;4.16&#8243; inner_max_width=&#8221;none&#8221; global_colors_info=&#8221;{}&#8221;][et_pb_column type=&#8221;2_3&#8243; specialty_columns=&#8221;2&#8243; _builder_version=&#8221;4.16&#8243; custom_padding=&#8221;|||&#8221; global_colors_info=&#8221;{}&#8221; custom_padding__hover=&#8221;|||&#8221;][et_pb_row_inner admin_label=&#8221;Rivi&#8221; _builder_version=&#8221;4.16&#8243; custom_margin=&#8221;|||8px||&#8221; global_colors_info=&#8221;{}&#8221;][et_pb_column_inner saved_specialty_column_type=&#8221;2_3&#8243; _builder_version=&#8221;4.16&#8243; custom_padding=&#8221;|||&#8221; global_colors_info=&#8221;{}&#8221; custom_padding__hover=&#8221;|||&#8221;][et_pb_text admin_label=&#8221;Ilo esitell\u00e4 &#8211; Otsikko&#8221; _builder_version=&#8221;4.16&#8243; text_orientation=&#8221;center&#8221; z_index_tablet=&#8221;500&#8243; global_colors_info=&#8221;{}&#8221;]<\/p>\n<h4>Rotaryklubi Lahti &#8211; Salpausselk\u00e4 ry<\/h4>\n<h1><\/h1>\n<p style=\"text-align: left\">\u00a0Rotaryklubi Lahti-Salpausselk\u00e4 ry on Lahden alueen toiseksi vanhin rotaryklubi. Klubimme\u00a0 on perustettu 24.2.1955.<\/p>\n<p style=\"text-align: left\">Kokoonnumme joka torstai lounaskokoukseen klo 11:45-13:00 Lahden Upseerikerholle <span>tapaamaan toisiamme ja kuulemaan kiinnostavia esitelmi\u00e4.<\/span><\/p>\n<p style=\"text-align: left\"><span>Osallistumme Rotaryn nuorisovaihtoon ja edist\u00e4mme l\u00e4hiseudun hyvinvointia palveluprojekteillamme ja osallistumalla Lahden alueen rotaryklubien yhteisiin hyv\u00e4ntekev\u00e4isyyshankkeisiin, sek\u00e4 tuemme<\/span><span class=\"Apple-converted-space\">\u00a0<\/span><span>kansainv\u00e4lisen Rotary -j\u00e4rjest\u00f6n humanitaarisia projekteja.<\/span><\/p>\n<p style=\"text-align: left\">\n<p style=\"text-align: left\"><a href=\"https:\/\/rotary.fi\/lahtisalpausselka\/ajankohtaista\/tapahtumakalenteri\/\">T\u00e4st\u00e4 n\u00e4et tulevat kokouksemme, ja my\u00f6s jo olleet.<\/a><\/p>\n<p style=\"text-align: left\"><a href=\"https:\/\/www.facebook.com\/groups\/360840704017854\">Klubilla on j\u00e4senille tarkoitetut Facebook -sivut.<\/a><\/p>\n<p style=\"text-align: left\">\n<p style=\"text-align: left\">Rotaryklubit Lahti-Wellamo ja Lahti-Salpausselk\u00e4 yhdistyiv\u00e4t 2023 uudeksi Rotaryklubi Lahti-Salpausselk\u00e4 ry:ksi. T\u00e4st\u00e4 n\u00e4et <a href=\"https:\/\/rotary.fi\/lahtiwellamo\/\">Wellamon historiaa ja nettisivut<\/a>.<\/p>\n<p style=\"text-align: left\">\n<p style=\"text-align: left\">Klubimme on osa <a href=\"https:\/\/rotary.fi\/d1390\/\">Rotary -piiri\u00e4 1390<\/a>.\u00a0<\/p>\n<p style=\"text-align: left\">\n<p>[\/et_pb_text][et_pb_image src=&#8221;https:\/\/rotary.fi\/lahtisalpausselka\/wp-content\/uploads\/sites\/57\/2023\/10\/salpausselan-roatryviiri.jpg&#8221; title_text=&#8221;Salpaussel\u00e4n roatryviiri&#8221; _builder_version=&#8221;4.22.1&#8243; _module_preset=&#8221;default&#8221; global_colors_info=&#8221;{}&#8221;][\/et_pb_image][\/et_pb_column_inner][\/et_pb_row_inner][\/et_pb_column][et_pb_column type=&#8221;1_3&#8243; _builder_version=&#8221;4.16&#8243; custom_padding=&#8221;|||&#8221; global_colors_info=&#8221;{}&#8221; custom_padding__hover=&#8221;|||&#8221;][et_pb_sidebar area=&#8221;sidebar-1&#8243; module_class=&#8221;sivupalkki_sisalto&#8221; _builder_version=&#8221;4.16&#8243; locked=&#8221;on&#8221; global_colors_info=&#8221;{}&#8221;]<br \/>\n[\/et_pb_sidebar][\/et_pb_column][\/et_pb_section]<\/p>\n","protected":false},"excerpt":{"rendered":"<p>\u00a0 Rotaryklubi Lahti &#8211; Salpausselk\u00e4 ryRotaryklubi Lahti &#8211; Salpausselk\u00e4 ry \u00a0Rotaryklubi Lahti-Salpausselk\u00e4 ry on Lahden alueen toiseksi vanhin rotaryklubi. Klubimme\u00a0 on perustettu 24.2.1955. Kokoonnumme joka torstai lounaskokoukseen klo 11:45-13:00 Lahden Upseerikerholle tapaamaan toisiamme ja kuulemaan kiinnostavia esitelmi\u00e4. Osallistumme Rotaryn nuorisovaihtoon ja edist\u00e4mme l\u00e4hiseudun hyvinvointia palveluprojekteillamme ja osallistumalla Lahden alueen rotaryklubien yhteisiin hyv\u00e4ntekev\u00e4isyyshankkeisiin, sek\u00e4 tuemme\u00a0kansainv\u00e4lisen Rotary [&hellip;]<\/p>\n","protected":false},"author":1,"featured_media":1412,"parent":0,"menu_order":0,"comment_status":"closed","ping_status":"closed","template":"","meta":{"_acf_changed":false,"_et_pb_use_builder":"on","_et_pb_old_content":"","_et_gb_content_width":"","footnotes":""},"class_list":["post-15","page","type-page","status-publish","has-post-thumbnail","hentry"],"acf":[],"yoast_head":"<!-- This site is optimized with the Yoast SEO plugin v27.4 - https:\/\/yoast.com\/product\/yoast-seo-wordpress\/ -->\n<title>Etusivu - Lahti-Salpausselk\u00e4<\/title>\n<meta name=\"robots\" content=\"index, follow, max-snippet:-1, max-image-preview:large, max-video-preview:-1\" \/>\n<link rel=\"canonical\" href=\"https:\/\/rotary.fi\/lahtisalpausselka\/\" \/>\n<meta property=\"og:locale\" content=\"fi_FI\" \/>\n<meta property=\"og:type\" content=\"article\" \/>\n<meta property=\"og:title\" content=\"Etusivu - Lahti-Salpausselk\u00e4\" \/>\n<meta property=\"og:description\" content=\"\u00a0 Rotaryklubi Lahti - Salpausselk\u00e4 ryRotaryklubi Lahti - Salpausselk\u00e4 ry \u00a0Rotaryklubi Lahti-Salpausselk\u00e4 ry on Lahden alueen toiseksi vanhin rotaryklubi. Klubimme\u00a0 on perustettu 24.2.1955. Kokoonnumme joka torstai lounaskokoukseen klo 11:45-13:00 Lahden Upseerikerholle tapaamaan toisiamme ja kuulemaan kiinnostavia esitelmi\u00e4. Osallistumme Rotaryn nuorisovaihtoon ja edist\u00e4mme l\u00e4hiseudun hyvinvointia palveluprojekteillamme ja osallistumalla Lahden alueen rotaryklubien yhteisiin hyv\u00e4ntekev\u00e4isyyshankkeisiin, sek\u00e4 tuemme\u00a0kansainv\u00e4lisen Rotary [&hellip;]\" \/>\n<meta property=\"og:url\" content=\"https:\/\/rotary.fi\/lahtisalpausselka\/\" \/>\n<meta property=\"og:site_name\" content=\"Lahti-Salpausselk\u00e4\" \/>\n<meta property=\"article:modified_time\" content=\"2024-10-21T15:56:41+00:00\" \/>\n<meta property=\"og:image\" content=\"https:\/\/rotary.fi\/lahtisalpausselka\/wp-content\/uploads\/sites\/57\/2019\/04\/lahti-maisemakuva-etusivulle.jpg\" \/>\n\t<meta property=\"og:image:width\" content=\"2048\" \/>\n\t<meta property=\"og:image:height\" content=\"1365\" \/>\n\t<meta property=\"og:image:type\" content=\"image\/jpeg\" \/>\n<meta name=\"twitter:card\" content=\"summary_large_image\" \/>\n<meta name=\"twitter:label1\" content=\"Arvioitu lukuaika\" \/>\n\t<meta name=\"twitter:data1\" content=\"2 minuuttia\" \/>\n<script type=\"application\/ld+json\" class=\"yoast-schema-graph\">{\"@context\":\"https:\\\/\\\/schema.org\",\"@graph\":[{\"@type\":\"WebPage\",\"@id\":\"https:\\\/\\\/rotary.fi\\\/lahtisalpausselka\\\/\",\"url\":\"https:\\\/\\\/rotary.fi\\\/lahtisalpausselka\\\/\",\"name\":\"Etusivu - Lahti-Salpausselk\u00e4\",\"isPartOf\":{\"@id\":\"https:\\\/\\\/rotary.fi\\\/lahtisalpausselka\\\/#website\"},\"primaryImageOfPage\":{\"@id\":\"https:\\\/\\\/rotary.fi\\\/lahtisalpausselka\\\/#primaryimage\"},\"image\":{\"@id\":\"https:\\\/\\\/rotary.fi\\\/lahtisalpausselka\\\/#primaryimage\"},\"thumbnailUrl\":\"https:\\\/\\\/rotary.fi\\\/lahtisalpausselka\\\/wp-content\\\/uploads\\\/sites\\\/57\\\/2019\\\/04\\\/lahti-maisemakuva-etusivulle.jpg\",\"datePublished\":\"2018-08-08T11:36:36+00:00\",\"dateModified\":\"2024-10-21T15:56:41+00:00\",\"breadcrumb\":{\"@id\":\"https:\\\/\\\/rotary.fi\\\/lahtisalpausselka\\\/#breadcrumb\"},\"inLanguage\":\"fi\",\"potentialAction\":[{\"@type\":\"ReadAction\",\"target\":[\"https:\\\/\\\/rotary.fi\\\/lahtisalpausselka\\\/\"]}]},{\"@type\":\"ImageObject\",\"inLanguage\":\"fi\",\"@id\":\"https:\\\/\\\/rotary.fi\\\/lahtisalpausselka\\\/#primaryimage\",\"url\":\"https:\\\/\\\/rotary.fi\\\/lahtisalpausselka\\\/wp-content\\\/uploads\\\/sites\\\/57\\\/2019\\\/04\\\/lahti-maisemakuva-etusivulle.jpg\",\"contentUrl\":\"https:\\\/\\\/rotary.fi\\\/lahtisalpausselka\\\/wp-content\\\/uploads\\\/sites\\\/57\\\/2019\\\/04\\\/lahti-maisemakuva-etusivulle.jpg\",\"width\":2048,\"height\":1365,\"caption\":\"Lahti - Salpausselk\u00e4 Rotary-klubi\"},{\"@type\":\"BreadcrumbList\",\"@id\":\"https:\\\/\\\/rotary.fi\\\/lahtisalpausselka\\\/#breadcrumb\",\"itemListElement\":[{\"@type\":\"ListItem\",\"position\":1,\"name\":\"Home\",\"item\":\"https:\\\/\\\/rotary.fi\\\/lahtisalpausselka\\\/\"},{\"@type\":\"ListItem\",\"position\":2,\"name\":\"Etusivu\"}]},{\"@type\":\"WebSite\",\"@id\":\"https:\\\/\\\/rotary.fi\\\/lahtisalpausselka\\\/#website\",\"url\":\"https:\\\/\\\/rotary.fi\\\/lahtisalpausselka\\\/\",\"name\":\"Lahti-Salpausselk\u00e4\",\"description\":\"Uusi Rotary klubisivusto\",\"potentialAction\":[{\"@type\":\"SearchAction\",\"target\":{\"@type\":\"EntryPoint\",\"urlTemplate\":\"https:\\\/\\\/rotary.fi\\\/lahtisalpausselka\\\/?s={search_term_string}\"},\"query-input\":{\"@type\":\"PropertyValueSpecification\",\"valueRequired\":true,\"valueName\":\"search_term_string\"}}],\"inLanguage\":\"fi\"}]}<\/script>\n<!-- \/ Yoast SEO plugin. -->","yoast_head_json":{"title":"Etusivu - Lahti-Salpausselk\u00e4","robots":{"index":"index","follow":"follow","max-snippet":"max-snippet:-1","max-image-preview":"max-image-preview:large","max-video-preview":"max-video-preview:-1"},"canonical":"https:\/\/rotary.fi\/lahtisalpausselka\/","og_locale":"fi_FI","og_type":"article","og_title":"Etusivu - Lahti-Salpausselk\u00e4","og_description":"\u00a0 Rotaryklubi Lahti - Salpausselk\u00e4 ryRotaryklubi Lahti - Salpausselk\u00e4 ry \u00a0Rotaryklubi Lahti-Salpausselk\u00e4 ry on Lahden alueen toiseksi vanhin rotaryklubi. Klubimme\u00a0 on perustettu 24.2.1955. Kokoonnumme joka torstai lounaskokoukseen klo 11:45-13:00 Lahden Upseerikerholle tapaamaan toisiamme ja kuulemaan kiinnostavia esitelmi\u00e4. Osallistumme Rotaryn nuorisovaihtoon ja edist\u00e4mme l\u00e4hiseudun hyvinvointia palveluprojekteillamme ja osallistumalla Lahden alueen rotaryklubien yhteisiin hyv\u00e4ntekev\u00e4isyyshankkeisiin, sek\u00e4 tuemme\u00a0kansainv\u00e4lisen Rotary [&hellip;]","og_url":"https:\/\/rotary.fi\/lahtisalpausselka\/","og_site_name":"Lahti-Salpausselk\u00e4","article_modified_time":"2024-10-21T15:56:41+00:00","og_image":[{"width":2048,"height":1365,"url":"https:\/\/rotary.fi\/lahtisalpausselka\/wp-content\/uploads\/sites\/57\/2019\/04\/lahti-maisemakuva-etusivulle.jpg","type":"image\/jpeg"}],"twitter_card":"summary_large_image","twitter_misc":{"Arvioitu lukuaika":"2 minuuttia"},"schema":{"@context":"https:\/\/schema.org","@graph":[{"@type":"WebPage","@id":"https:\/\/rotary.fi\/lahtisalpausselka\/","url":"https:\/\/rotary.fi\/lahtisalpausselka\/","name":"Etusivu - Lahti-Salpausselk\u00e4","isPartOf":{"@id":"https:\/\/rotary.fi\/lahtisalpausselka\/#website"},"primaryImageOfPage":{"@id":"https:\/\/rotary.fi\/lahtisalpausselka\/#primaryimage"},"image":{"@id":"https:\/\/rotary.fi\/lahtisalpausselka\/#primaryimage"},"thumbnailUrl":"https:\/\/rotary.fi\/lahtisalpausselka\/wp-content\/uploads\/sites\/57\/2019\/04\/lahti-maisemakuva-etusivulle.jpg","datePublished":"2018-08-08T11:36:36+00:00","dateModified":"2024-10-21T15:56:41+00:00","breadcrumb":{"@id":"https:\/\/rotary.fi\/lahtisalpausselka\/#breadcrumb"},"inLanguage":"fi","potentialAction":[{"@type":"ReadAction","target":["https:\/\/rotary.fi\/lahtisalpausselka\/"]}]},{"@type":"ImageObject","inLanguage":"fi","@id":"https:\/\/rotary.fi\/lahtisalpausselka\/#primaryimage","url":"https:\/\/rotary.fi\/lahtisalpausselka\/wp-content\/uploads\/sites\/57\/2019\/04\/lahti-maisemakuva-etusivulle.jpg","contentUrl":"https:\/\/rotary.fi\/lahtisalpausselka\/wp-content\/uploads\/sites\/57\/2019\/04\/lahti-maisemakuva-etusivulle.jpg","width":2048,"height":1365,"caption":"Lahti - Salpausselk\u00e4 Rotary-klubi"},{"@type":"BreadcrumbList","@id":"https:\/\/rotary.fi\/lahtisalpausselka\/#breadcrumb","itemListElement":[{"@type":"ListItem","position":1,"name":"Home","item":"https:\/\/rotary.fi\/lahtisalpausselka\/"},{"@type":"ListItem","position":2,"name":"Etusivu"}]},{"@type":"WebSite","@id":"https:\/\/rotary.fi\/lahtisalpausselka\/#website","url":"https:\/\/rotary.fi\/lahtisalpausselka\/","name":"Lahti-Salpausselk\u00e4","description":"Uusi Rotary klubisivusto","potentialAction":[{"@type":"SearchAction","target":{"@type":"EntryPoint","urlTemplate":"https:\/\/rotary.fi\/lahtisalpausselka\/?s={search_term_string}"},"query-input":{"@type":"PropertyValueSpecification","valueRequired":true,"valueName":"search_term_string"}}],"inLanguage":"fi"}]}},"lang":"fi","translations":{"fi":15},"pll_sync_post":[],"_links":{"self":[{"href":"https:\/\/rotary.fi\/lahtisalpausselka\/wp-json\/wp\/v2\/pages\/15","targetHints":{"allow":["GET"]}}],"collection":[{"href":"https:\/\/rotary.fi\/lahtisalpausselka\/wp-json\/wp\/v2\/pages"}],"about":[{"href":"https:\/\/rotary.fi\/lahtisalpausselka\/wp-json\/wp\/v2\/types\/page"}],"author":[{"embeddable":true,"href":"https:\/\/rotary.fi\/lahtisalpausselka\/wp-json\/wp\/v2\/users\/1"}],"replies":[{"embeddable":true,"href":"https:\/\/rotary.fi\/lahtisalpausselka\/wp-json\/wp\/v2\/comments?post=15"}],"version-history":[{"count":11,"href":"https:\/\/rotary.fi\/lahtisalpausselka\/wp-json\/wp\/v2\/pages\/15\/revisions"}],"predecessor-version":[{"id":1915,"href":"https:\/\/rotary.fi\/lahtisalpausselka\/wp-json\/wp\/v2\/pages\/15\/revisions\/1915"}],"wp:featuredmedia":[{"embeddable":true,"href":"https:\/\/rotary.fi\/lahtisalpausselka\/wp-json\/wp\/v2\/media\/1412"}],"wp:attachment":[{"href":"https:\/\/rotary.fi\/lahtisalpausselka\/wp-json\/wp\/v2\/media?parent=15"}],"curies":[{"name":"wp","href":"https:\/\/api.w.org\/{rel}","templated":true}]}}