{"id":142,"date":"2018-08-10T14:04:45","date_gmt":"2018-08-10T11:04:45","guid":{"rendered":"https:\/\/rotary.fi\/klubi2\/?page_id=142"},"modified":"2025-08-28T15:28:38","modified_gmt":"2025-08-28T12:28:38","slug":"jorma-ja-martha-sihvola-saatio","status":"publish","type":"page","link":"https:\/\/rotary.fi\/lahtisalpausselka\/etusivu\/keita-olemme\/jorma-ja-martha-sihvola-saatio\/","title":{"rendered":"Jorma ja M\u00e4rtha Sihvolan S\u00e4\u00e4ti\u00f6 sr"},"content":{"rendered":"<p>[et_pb_section fb_built=&#8221;1&#8243; module_class=&#8221;jumbotron-page&#8221; _builder_version=&#8221;4.16&#8243; background_image=&#8221;https:\/\/rotary.fi\/lahtisalpausselka\/wp-content\/uploads\/sites\/57\/2018\/10\/rotary_klubit_alasivu_paakuva_14.jpg&#8221; global_colors_info=&#8221;{}&#8221;][et_pb_row _builder_version=&#8221;4.16&#8243; background_size=&#8221;initial&#8221; background_position=&#8221;top_left&#8221; background_repeat=&#8221;repeat&#8221; global_colors_info=&#8221;{}&#8221;][et_pb_column type=&#8221;4_4&#8243; _builder_version=&#8221;4.16&#8243; custom_padding=&#8221;|||&#8221; global_colors_info=&#8221;{}&#8221; custom_padding__hover=&#8221;|||&#8221;][et_pb_text admin_label=&#8221;P\u00e4\u00e4otsikko&#8221; _builder_version=&#8221;4.16&#8243; text_orientation=&#8221;center&#8221; background_layout=&#8221;dark&#8221; z_index_tablet=&#8221;500&#8243; global_colors_info=&#8221;{}&#8221;]<\/p>\n<h1>\u00a0Jorma ja M\u00e4rtha Sihvolan S\u00e4\u00e4ti\u00f6 sr<\/h1>\n<p>[\/et_pb_text][\/et_pb_column][\/et_pb_row][\/et_pb_section][et_pb_section fb_built=&#8221;1&#8243; specialty=&#8221;on&#8221; module_class_2=&#8221;sivupalkki&#8221; _builder_version=&#8221;4.16&#8243; inner_max_width=&#8221;none&#8221; global_colors_info=&#8221;{}&#8221;][et_pb_column type=&#8221;2_3&#8243; specialty_columns=&#8221;2&#8243; _builder_version=&#8221;4.16&#8243; custom_padding=&#8221;|||&#8221; global_colors_info=&#8221;{}&#8221; custom_padding__hover=&#8221;|||&#8221;][et_pb_row_inner admin_label=&#8221;Rivi&#8221; _builder_version=&#8221;4.16&#8243; custom_margin=&#8221;|||-2px||&#8221; global_colors_info=&#8221;{}&#8221;][et_pb_column_inner saved_specialty_column_type=&#8221;2_3&#8243; _builder_version=&#8221;4.16&#8243; custom_padding=&#8221;|||&#8221; global_colors_info=&#8221;{}&#8221; custom_padding__hover=&#8221;|||&#8221;][et_pb_text admin_label=&#8221;Ilo esitell\u00e4 &#8211; Otsikko&#8221; _builder_version=&#8221;4.16&#8243; text_orientation=&#8221;center&#8221; z_index_tablet=&#8221;500&#8243; global_colors_info=&#8221;{}&#8221;]<\/p>\n<h1>Jorma ja M\u00e4rtha Sihvolan S\u00e4\u00e4ti\u00f6 sr<\/h1>\n<p>[\/et_pb_text][et_pb_text _builder_version=&#8221;4.16&#8243; z_index_tablet=&#8221;500&#8243; global_colors_info=&#8221;{}&#8221;]<\/p>\n<p>Klubimme pitk\u00e4aikainen j\u00e4sen Jorma Sihvola ja h\u00e4nen puolisonsa M\u00e4rtha Sihvola lahjoittivat vuonna 2000 s\u00e4\u00e4ti\u00f6n perusp\u00e4\u00e4omaksi kaksi miljoonaa markkaa.<\/p>\n<p>S\u00e4\u00e4ti\u00f6n tarkoituksena on tukea Lahden, Hollolan, Asikkalan ja Padasjoen lukioissa ylioppilastutkinnon tai muun korkeakouluopintoihin oikeuttavan opintosuorituksen saavuttaneiden ja my\u00f6hemmin v\u00e4hint\u00e4\u00e4n alemman korkea-asteen tutkinnon suorittaneiden jatko-opintoja ja tutkimusty\u00f6t\u00e4 ulkomaisissa yliopistoissa, korkeakouluissa ja tutkimuslaitoksissa sek\u00e4 osallistumista ulkomaisten tutkimuslaitosten tutkimusprojekteihin.<\/p>\n<p>S\u00e4\u00e4ti\u00f6n hallitukseen valitaan Lahden alueen rotareita. Rotaryklubi Lahti-Salpausselk\u00e4 ry:n hallitus toimii nimitysvaliokuntana. P\u00e4\u00e4t\u00f6kset tekee s\u00e4\u00e4ti\u00f6n hallitus.<\/p>\n<p>\u00a0<span style=\"font-size: 16px\">Vuonna 2020 s\u00e4\u00e4ti\u00f6 t\u00e4ytti 20 vuotta. 2023 menness\u00e4 apurahoja on my\u00f6nnetty yhteens\u00e4 92 hakijalle ja yhteens\u00e4 250.000 euron arvosta. Tuetut opinnot ovat valtaosin tohtori- ja maisteritasoa, ja eri opinto- ja tutkimusalat ovat hyvin laajasti edustettuina.<\/span><\/p>\n<p>\u00a0<span style=\"font-size: 16px\">Viime vuosina apurahoja on my\u00f6nnetty mm. seuraaviin tutkimusaiheisiin:<\/span><\/p>\n<ul>\n<li>Kriittiset raaka-aineet<\/li>\n<li>Neuropsykiatriset h\u00e4iri\u00f6t<\/li>\n<li>Yritysoikeus<\/li>\n<li>Kiertotalous<\/li>\n<li>Sekulaarit maailmankuvat<\/li>\n<li>Merinovillan k\u00e4ytt\u00f6 taiteessa ja tuotemuotoilussa<\/li>\n<li>Terveydenhuollon asiakkaille suunnattujen palveluiden suunnittelu<\/li>\n<\/ul>\n<blockquote>\n<p>\u00a0<span style=\"font-size: 16px\">Jorma ja M\u00e4rtha Sihvolasta voit lukea lis\u00e4\u00e4 esimerkiksi <\/span><a href=\"https:\/\/data.nationallibrary.fi\/bib\/me\/W00090831200\"><em style=\"font-size: 16px\">Ty\u00f6n suuret persoonat<\/em><\/a><span style=\"font-size: 16px\"> -kirjasta (toimittanut Raija Savioja). Siell\u00e4 Jormasta kerrotaan seuraavaa: \u201dKieliopintojen, ty\u00f6n sek\u00e4 matkailun kautta Jorma Sihvola on k\u00e4ynyt 80:ssa maassa. H\u00e4n on ty\u00f6skennelyt mm. USA:n Suomen l\u00e4hetyst\u00f6n palveluksessa. Siell\u00e4 h\u00e4nen teht\u00e4viins\u00e4 kuului esim. salas\u00e4hkeiden avaaminen ja koodaus Suomen sotien aikana. Vuonna 1950 h\u00e4net kutsuttiin Suomeen is\u00e4ns\u00e4 perustaman J.G.Sihvola Osakeyhti\u00f6\u00f6n toimitusjohtajaksi. Sihvolan baarit olivat ensimm\u00e4isi\u00e4 Amerikan-tyylisi\u00e4 j\u00e4\u00e4tel\u00f6baareja Suomessa. Niiden myynti-idean Jorma oli saanut Amerikasta.\u201d <a href=\"https:\/\/rotary.fi\/lahtisalpausselka\/wp-content\/uploads\/sites\/57\/2023\/11\/Saatio-esitelma-Rotary-16.11.2023-.pdf\">Katso my\u00f6s esitys s\u00e4\u00e4ti\u00f6n historiasta t\u00e4st\u00e4 linkist\u00e4<\/a>.<\/span><\/p>\n<\/blockquote>\n<p><span style=\"font-size: 16px\"><strong>S\u00e4\u00e4ti\u00f6n hallitukseen<\/strong> kuuluvat Lahti-Salpausselk\u00e4 Rotaryklubin j\u00e4senet\u00a0<strong>ekonomi Jorma Korhonen (pj), pankinjohtaja Erkko Koskela (vpj) ja\u00a0asianajaja emerita Marja-Liisa Starckjohann.<\/strong><\/span><\/p>\n<p><a href=\"https:\/\/rotary.fi\/lahtisalpausselka\/wp-content\/uploads\/sites\/57\/2023\/11\/Saation-saannot-10.9.2019PRH-ote.pdf\">S\u00e4\u00e4ti\u00f6n s\u00e4\u00e4nn\u00f6t (10.9.2019)<\/a><span style=\"font-size: 16px\"><strong><\/strong><\/span><\/p>\n<p><strong><span style=\"text-decoration: underline\">Apurahojen haku\u00a0<\/span>\u00a0 \u00a0\u00a0\u00a0\u00a0\u00a0\u00a0\u00a0\u00a0\u00a0\u00a0 <\/strong><\/p>\n<p>Apurahat my\u00f6nnet\u00e4\u00e4n vuosittain kes\u00e4kuussa. Hakuaika on toukokuun loppuun. Vapaamuotoiset s\u00e4\u00e4ti\u00f6lle osoitetut hakemukset l\u00e4hetet\u00e4\u00e4n osoitteella<\/p>\n<p>Peurankatu 6, 15200 Lahti tai erkko.koskela(at)gmail.com<\/p>\n<p><strong>Lis\u00e4tietoja antavat:<\/strong>\u00a0<\/p>\n<p>Erkko Koskela 050 352 4671,<\/p>\n<p>Marja-Liisa Starckjohann 0400 843 474\u00a0 \u00a0ja\u00a0<\/p>\n<p>Jorma Korhonen 0500 600 215.<\/p>\n<p>[\/et_pb_text][\/et_pb_column_inner][\/et_pb_row_inner][\/et_pb_column][et_pb_column type=&#8221;1_3&#8243; _builder_version=&#8221;4.16&#8243; custom_padding=&#8221;|||&#8221; global_colors_info=&#8221;{}&#8221; custom_padding__hover=&#8221;|||&#8221;][et_pb_sidebar area=&#8221;sidebar-1&#8243; module_class=&#8221;sivupalkki_sisalto&#8221; _builder_version=&#8221;4.16&#8243; locked=&#8221;on&#8221; global_colors_info=&#8221;{}&#8221;]<br \/>\n[\/et_pb_sidebar][\/et_pb_column][\/et_pb_section]<\/p>\n","protected":false},"excerpt":{"rendered":"<p>\u00a0Jorma ja M\u00e4rtha Sihvolan S\u00e4\u00e4ti\u00f6 srJorma ja M\u00e4rtha Sihvolan S\u00e4\u00e4ti\u00f6 srKlubimme pitk\u00e4aikainen j\u00e4sen Jorma Sihvola ja h\u00e4nen puolisonsa M\u00e4rtha Sihvola lahjoittivat vuonna 2000 s\u00e4\u00e4ti\u00f6n perusp\u00e4\u00e4omaksi kaksi miljoonaa markkaa. S\u00e4\u00e4ti\u00f6n tarkoituksena on tukea Lahden, Hollolan, Asikkalan ja Padasjoen lukioissa ylioppilastutkinnon tai muun korkeakouluopintoihin oikeuttavan opintosuorituksen saavuttaneiden ja my\u00f6hemmin v\u00e4hint\u00e4\u00e4n alemman korkea-asteen tutkinnon suorittaneiden jatko-opintoja ja tutkimusty\u00f6t\u00e4 [&hellip;]<\/p>\n","protected":false},"author":1,"featured_media":0,"parent":129,"menu_order":0,"comment_status":"closed","ping_status":"closed","template":"","meta":{"_acf_changed":false,"_et_pb_use_builder":"on","_et_pb_old_content":"","_et_gb_content_width":"","footnotes":""},"class_list":["post-142","page","type-page","status-publish","hentry"],"acf":[],"yoast_head":"<!-- This site is optimized with the Yoast SEO plugin v27.4 - https:\/\/yoast.com\/product\/yoast-seo-wordpress\/ -->\n<title>Jorma ja M\u00e4rtha Sihvolan S\u00e4\u00e4ti\u00f6 sr - Lahti-Salpausselk\u00e4<\/title>\n<meta name=\"robots\" content=\"index, follow, max-snippet:-1, max-image-preview:large, max-video-preview:-1\" \/>\n<link rel=\"canonical\" href=\"https:\/\/rotary.fi\/lahtisalpausselka\/etusivu\/keita-olemme\/jorma-ja-martha-sihvola-saatio\/\" \/>\n<meta property=\"og:locale\" content=\"fi_FI\" \/>\n<meta property=\"og:type\" content=\"article\" \/>\n<meta property=\"og:title\" content=\"Jorma ja M\u00e4rtha Sihvolan S\u00e4\u00e4ti\u00f6 sr - Lahti-Salpausselk\u00e4\" \/>\n<meta property=\"og:description\" content=\"\u00a0Jorma ja M\u00e4rtha Sihvolan S\u00e4\u00e4ti\u00f6 srJorma ja M\u00e4rtha Sihvolan S\u00e4\u00e4ti\u00f6 srKlubimme pitk\u00e4aikainen j\u00e4sen Jorma Sihvola ja h\u00e4nen puolisonsa M\u00e4rtha Sihvola lahjoittivat vuonna 2000 s\u00e4\u00e4ti\u00f6n perusp\u00e4\u00e4omaksi kaksi miljoonaa markkaa. S\u00e4\u00e4ti\u00f6n tarkoituksena on tukea Lahden, Hollolan, Asikkalan ja Padasjoen lukioissa ylioppilastutkinnon tai muun korkeakouluopintoihin oikeuttavan opintosuorituksen saavuttaneiden ja my\u00f6hemmin v\u00e4hint\u00e4\u00e4n alemman korkea-asteen tutkinnon suorittaneiden jatko-opintoja ja tutkimusty\u00f6t\u00e4 [&hellip;]\" \/>\n<meta property=\"og:url\" content=\"https:\/\/rotary.fi\/lahtisalpausselka\/etusivu\/keita-olemme\/jorma-ja-martha-sihvola-saatio\/\" \/>\n<meta property=\"og:site_name\" content=\"Lahti-Salpausselk\u00e4\" \/>\n<meta property=\"article:modified_time\" content=\"2025-08-28T12:28:38+00:00\" \/>\n<meta name=\"twitter:card\" content=\"summary_large_image\" \/>\n<meta name=\"twitter:label1\" content=\"Arvioitu lukuaika\" \/>\n\t<meta name=\"twitter:data1\" content=\"3 minuuttia\" \/>\n<script type=\"application\/ld+json\" class=\"yoast-schema-graph\">{\"@context\":\"https:\\\/\\\/schema.org\",\"@graph\":[{\"@type\":\"WebPage\",\"@id\":\"https:\\\/\\\/rotary.fi\\\/lahtisalpausselka\\\/etusivu\\\/keita-olemme\\\/jorma-ja-martha-sihvola-saatio\\\/\",\"url\":\"https:\\\/\\\/rotary.fi\\\/lahtisalpausselka\\\/etusivu\\\/keita-olemme\\\/jorma-ja-martha-sihvola-saatio\\\/\",\"name\":\"Jorma ja M\u00e4rtha Sihvolan S\u00e4\u00e4ti\u00f6 sr - Lahti-Salpausselk\u00e4\",\"isPartOf\":{\"@id\":\"https:\\\/\\\/rotary.fi\\\/lahtisalpausselka\\\/#website\"},\"datePublished\":\"2018-08-10T11:04:45+00:00\",\"dateModified\":\"2025-08-28T12:28:38+00:00\",\"breadcrumb\":{\"@id\":\"https:\\\/\\\/rotary.fi\\\/lahtisalpausselka\\\/etusivu\\\/keita-olemme\\\/jorma-ja-martha-sihvola-saatio\\\/#breadcrumb\"},\"inLanguage\":\"fi\",\"potentialAction\":[{\"@type\":\"ReadAction\",\"target\":[\"https:\\\/\\\/rotary.fi\\\/lahtisalpausselka\\\/etusivu\\\/keita-olemme\\\/jorma-ja-martha-sihvola-saatio\\\/\"]}]},{\"@type\":\"BreadcrumbList\",\"@id\":\"https:\\\/\\\/rotary.fi\\\/lahtisalpausselka\\\/etusivu\\\/keita-olemme\\\/jorma-ja-martha-sihvola-saatio\\\/#breadcrumb\",\"itemListElement\":[{\"@type\":\"ListItem\",\"position\":1,\"name\":\"Home\",\"item\":\"https:\\\/\\\/rotary.fi\\\/lahtisalpausselka\\\/\"},{\"@type\":\"ListItem\",\"position\":2,\"name\":\"Etusivu\",\"item\":\"https:\\\/\\\/rotary.fi\\\/lahtisalpausselka\\\/\"},{\"@type\":\"ListItem\",\"position\":3,\"name\":\"Lahti-Salpausselk\u00e4 rotaryklubista\",\"item\":\"https:\\\/\\\/rotary.fi\\\/lahtisalpausselka\\\/etusivu\\\/keita-olemme\\\/\"},{\"@type\":\"ListItem\",\"position\":4,\"name\":\"Jorma ja M\u00e4rtha Sihvolan S\u00e4\u00e4ti\u00f6 sr\"}]},{\"@type\":\"WebSite\",\"@id\":\"https:\\\/\\\/rotary.fi\\\/lahtisalpausselka\\\/#website\",\"url\":\"https:\\\/\\\/rotary.fi\\\/lahtisalpausselka\\\/\",\"name\":\"Lahti-Salpausselk\u00e4\",\"description\":\"Uusi Rotary klubisivusto\",\"potentialAction\":[{\"@type\":\"SearchAction\",\"target\":{\"@type\":\"EntryPoint\",\"urlTemplate\":\"https:\\\/\\\/rotary.fi\\\/lahtisalpausselka\\\/?s={search_term_string}\"},\"query-input\":{\"@type\":\"PropertyValueSpecification\",\"valueRequired\":true,\"valueName\":\"search_term_string\"}}],\"inLanguage\":\"fi\"}]}<\/script>\n<!-- \/ Yoast SEO plugin. -->","yoast_head_json":{"title":"Jorma ja M\u00e4rtha Sihvolan S\u00e4\u00e4ti\u00f6 sr - Lahti-Salpausselk\u00e4","robots":{"index":"index","follow":"follow","max-snippet":"max-snippet:-1","max-image-preview":"max-image-preview:large","max-video-preview":"max-video-preview:-1"},"canonical":"https:\/\/rotary.fi\/lahtisalpausselka\/etusivu\/keita-olemme\/jorma-ja-martha-sihvola-saatio\/","og_locale":"fi_FI","og_type":"article","og_title":"Jorma ja M\u00e4rtha Sihvolan S\u00e4\u00e4ti\u00f6 sr - Lahti-Salpausselk\u00e4","og_description":"\u00a0Jorma ja M\u00e4rtha Sihvolan S\u00e4\u00e4ti\u00f6 srJorma ja M\u00e4rtha Sihvolan S\u00e4\u00e4ti\u00f6 srKlubimme pitk\u00e4aikainen j\u00e4sen Jorma Sihvola ja h\u00e4nen puolisonsa M\u00e4rtha Sihvola lahjoittivat vuonna 2000 s\u00e4\u00e4ti\u00f6n perusp\u00e4\u00e4omaksi kaksi miljoonaa markkaa. S\u00e4\u00e4ti\u00f6n tarkoituksena on tukea Lahden, Hollolan, Asikkalan ja Padasjoen lukioissa ylioppilastutkinnon tai muun korkeakouluopintoihin oikeuttavan opintosuorituksen saavuttaneiden ja my\u00f6hemmin v\u00e4hint\u00e4\u00e4n alemman korkea-asteen tutkinnon suorittaneiden jatko-opintoja ja tutkimusty\u00f6t\u00e4 [&hellip;]","og_url":"https:\/\/rotary.fi\/lahtisalpausselka\/etusivu\/keita-olemme\/jorma-ja-martha-sihvola-saatio\/","og_site_name":"Lahti-Salpausselk\u00e4","article_modified_time":"2025-08-28T12:28:38+00:00","twitter_card":"summary_large_image","twitter_misc":{"Arvioitu lukuaika":"3 minuuttia"},"schema":{"@context":"https:\/\/schema.org","@graph":[{"@type":"WebPage","@id":"https:\/\/rotary.fi\/lahtisalpausselka\/etusivu\/keita-olemme\/jorma-ja-martha-sihvola-saatio\/","url":"https:\/\/rotary.fi\/lahtisalpausselka\/etusivu\/keita-olemme\/jorma-ja-martha-sihvola-saatio\/","name":"Jorma ja M\u00e4rtha Sihvolan S\u00e4\u00e4ti\u00f6 sr - Lahti-Salpausselk\u00e4","isPartOf":{"@id":"https:\/\/rotary.fi\/lahtisalpausselka\/#website"},"datePublished":"2018-08-10T11:04:45+00:00","dateModified":"2025-08-28T12:28:38+00:00","breadcrumb":{"@id":"https:\/\/rotary.fi\/lahtisalpausselka\/etusivu\/keita-olemme\/jorma-ja-martha-sihvola-saatio\/#breadcrumb"},"inLanguage":"fi","potentialAction":[{"@type":"ReadAction","target":["https:\/\/rotary.fi\/lahtisalpausselka\/etusivu\/keita-olemme\/jorma-ja-martha-sihvola-saatio\/"]}]},{"@type":"BreadcrumbList","@id":"https:\/\/rotary.fi\/lahtisalpausselka\/etusivu\/keita-olemme\/jorma-ja-martha-sihvola-saatio\/#breadcrumb","itemListElement":[{"@type":"ListItem","position":1,"name":"Home","item":"https:\/\/rotary.fi\/lahtisalpausselka\/"},{"@type":"ListItem","position":2,"name":"Etusivu","item":"https:\/\/rotary.fi\/lahtisalpausselka\/"},{"@type":"ListItem","position":3,"name":"Lahti-Salpausselk\u00e4 rotaryklubista","item":"https:\/\/rotary.fi\/lahtisalpausselka\/etusivu\/keita-olemme\/"},{"@type":"ListItem","position":4,"name":"Jorma ja M\u00e4rtha Sihvolan S\u00e4\u00e4ti\u00f6 sr"}]},{"@type":"WebSite","@id":"https:\/\/rotary.fi\/lahtisalpausselka\/#website","url":"https:\/\/rotary.fi\/lahtisalpausselka\/","name":"Lahti-Salpausselk\u00e4","description":"Uusi Rotary klubisivusto","potentialAction":[{"@type":"SearchAction","target":{"@type":"EntryPoint","urlTemplate":"https:\/\/rotary.fi\/lahtisalpausselka\/?s={search_term_string}"},"query-input":{"@type":"PropertyValueSpecification","valueRequired":true,"valueName":"search_term_string"}}],"inLanguage":"fi"}]}},"lang":"fi","translations":{"fi":142},"pll_sync_post":[],"_links":{"self":[{"href":"https:\/\/rotary.fi\/lahtisalpausselka\/wp-json\/wp\/v2\/pages\/142","targetHints":{"allow":["GET"]}}],"collection":[{"href":"https:\/\/rotary.fi\/lahtisalpausselka\/wp-json\/wp\/v2\/pages"}],"about":[{"href":"https:\/\/rotary.fi\/lahtisalpausselka\/wp-json\/wp\/v2\/types\/page"}],"author":[{"embeddable":true,"href":"https:\/\/rotary.fi\/lahtisalpausselka\/wp-json\/wp\/v2\/users\/1"}],"replies":[{"embeddable":true,"href":"https:\/\/rotary.fi\/lahtisalpausselka\/wp-json\/wp\/v2\/comments?post=142"}],"version-history":[{"count":10,"href":"https:\/\/rotary.fi\/lahtisalpausselka\/wp-json\/wp\/v2\/pages\/142\/revisions"}],"predecessor-version":[{"id":2106,"href":"https:\/\/rotary.fi\/lahtisalpausselka\/wp-json\/wp\/v2\/pages\/142\/revisions\/2106"}],"up":[{"embeddable":true,"href":"https:\/\/rotary.fi\/lahtisalpausselka\/wp-json\/wp\/v2\/pages\/129"}],"wp:attachment":[{"href":"https:\/\/rotary.fi\/lahtisalpausselka\/wp-json\/wp\/v2\/media?parent=142"}],"curies":[{"name":"wp","href":"https:\/\/api.w.org\/{rel}","templated":true}]}}