{"id":132,"date":"2018-08-10T13:59:56","date_gmt":"2018-08-10T10:59:56","guid":{"rendered":"https:\/\/rotary.fi\/klubi2\/?page_id=132"},"modified":"2025-08-28T15:26:49","modified_gmt":"2025-08-28T12:26:49","slug":"hallitus-ja-toimihenkilot","status":"publish","type":"page","link":"https:\/\/rotary.fi\/lahtisalpausselka\/etusivu\/keita-olemme\/hallitus-ja-toimihenkilot\/","title":{"rendered":"Hallitus ja toimihenkil\u00f6t"},"content":{"rendered":"<p>[et_pb_section fb_built=&#8221;1&#8243; module_class=&#8221;jumbotron-page&#8221; _builder_version=&#8221;4.16&#8243; background_image=&#8221;https:\/\/rotary.fi\/lahtisalpausselka\/wp-content\/uploads\/sites\/57\/2018\/10\/rotary_klubit_alasivu_paakuva_12.jpg&#8221; global_colors_info=&#8221;{}&#8221;][et_pb_row _builder_version=&#8221;4.16&#8243; background_size=&#8221;initial&#8221; background_position=&#8221;top_left&#8221; background_repeat=&#8221;repeat&#8221; global_colors_info=&#8221;{}&#8221;][et_pb_column type=&#8221;4_4&#8243; _builder_version=&#8221;4.16&#8243; custom_padding=&#8221;|||&#8221; global_colors_info=&#8221;{}&#8221; custom_padding__hover=&#8221;|||&#8221;][et_pb_text admin_label=&#8221;P\u00e4\u00e4otsikko&#8221; _builder_version=&#8221;4.16&#8243; text_orientation=&#8221;center&#8221; background_layout=&#8221;dark&#8221; z_index_tablet=&#8221;500&#8243; global_colors_info=&#8221;{}&#8221;]<\/p>\n<h1>Hallitus ja toimihenkil\u00f6t<\/h1>\n<p>[\/et_pb_text][\/et_pb_column][\/et_pb_row][\/et_pb_section][et_pb_section fb_built=&#8221;1&#8243; specialty=&#8221;on&#8221; module_class_2=&#8221;sivupalkki&#8221; _builder_version=&#8221;4.16&#8243; inner_max_width=&#8221;none&#8221; global_colors_info=&#8221;{}&#8221;][et_pb_column type=&#8221;2_3&#8243; specialty_columns=&#8221;2&#8243; _builder_version=&#8221;4.16&#8243; custom_padding=&#8221;|||&#8221; global_colors_info=&#8221;{}&#8221; custom_padding__hover=&#8221;|||&#8221;][et_pb_row_inner admin_label=&#8221;Rivi&#8221; _builder_version=&#8221;4.16&#8243; global_colors_info=&#8221;{}&#8221;][et_pb_column_inner saved_specialty_column_type=&#8221;2_3&#8243; _builder_version=&#8221;4.16&#8243; custom_padding=&#8221;|||&#8221; global_colors_info=&#8221;{}&#8221; custom_padding__hover=&#8221;|||&#8221;][et_pb_text admin_label=&#8221;Otsikko&#8221; _builder_version=&#8221;4.16&#8243; text_orientation=&#8221;center&#8221; global_colors_info=&#8221;{}&#8221;]<\/p>\n<h1>Hallitus ja toimihenkil\u00f6t<\/h1>\n<p>[\/et_pb_text][\/et_pb_column_inner][\/et_pb_row_inner][et_pb_row_inner column_structure=&#8221;1_2,1_2&#8243; admin_label=&#8221;Rivi&#8221; _builder_version=&#8221;4.16&#8243; global_colors_info=&#8221;{}&#8221;][et_pb_column_inner type=&#8221;1_2&#8243; saved_specialty_column_type=&#8221;2_3&#8243; _builder_version=&#8221;4.16&#8243; custom_padding=&#8221;|||&#8221; global_colors_info=&#8221;{}&#8221; custom_padding__hover=&#8221;|||&#8221;][\/et_pb_column_inner][et_pb_column_inner type=&#8221;1_2&#8243; saved_specialty_column_type=&#8221;2_3&#8243; _builder_version=&#8221;4.16&#8243; custom_padding=&#8221;|||&#8221; global_colors_info=&#8221;{}&#8221; custom_padding__hover=&#8221;|||&#8221;][et_pb_text _builder_version=&#8221;4.16&#8243; z_index_tablet=&#8221;500&#8243; global_colors_info=&#8221;{}&#8221;]<\/p>\n<h2>Hallitus 2025 &#8211; 2026<\/h2>\n<ul>\n<li><strong>Presidentti <\/strong>Pekka Kotiaho<\/li>\n<li>\n<p><a href=\"mailto:pekka.kotiaho@kotiahot.fi\">pekka.kotiaho@kotiahot.fi<\/a><\/p>\n<\/li>\n<li>\n<p>p. +358 40 75 95 176<\/p>\n<\/li>\n<li><strong>Tuleva presidentti<\/strong> valitaan my\u00f6hemmin<\/li>\n<li><strong>Varapresidentti ja j\u00e4senviestint\u00e4<\/strong> Jukka Hertti<\/li>\n<li><strong>Edellinen presidentti<\/strong> Pekka Kotiaho<\/li>\n<li><strong>Sihteeri ja Facebook<\/strong> Reijo Soininen<\/li>\n<li><strong>Nettisivut<\/strong> Yrj\u00f6 Tolvanen<\/li>\n<li><strong>S\u00e4\u00e4ti\u00f6asiamies<\/strong> Mika Kaunom\u00e4ki<\/li>\n<li><strong>Rahastonhoitaja<\/strong> Jukka Kalliokoski<\/li>\n<li><strong>Klubimestari<\/strong> Hannu Lainpelto<\/li>\n<li><strong>Nuorisovaihtokummi<\/strong> nuorisovaihtotiimin j\u00e4sen<\/li>\n<li><strong>Nuorisovaihtotiimi<\/strong> Jyri Kettunen, Roope Kivek\u00e4s, Virpi Kumpulainen<\/li>\n<li><strong>Nuorisovaihtovastaava <\/strong>Yrj\u00f6 Tolvanen<\/li>\n<li><strong>Toiminnantarkastaja<\/strong> Auvo Hyyrynen<\/li>\n<\/ul>\n<p>&nbsp;<\/p>\n<p>[\/et_pb_text][\/et_pb_column_inner][\/et_pb_row_inner][\/et_pb_column][et_pb_column type=&#8221;1_3&#8243; _builder_version=&#8221;4.16&#8243; custom_padding=&#8221;|||&#8221; global_colors_info=&#8221;{}&#8221; custom_padding__hover=&#8221;|||&#8221;][et_pb_sidebar area=&#8221;sidebar-1&#8243; module_class=&#8221;sivupalkki_sisalto&#8221; _builder_version=&#8221;4.16&#8243; locked=&#8221;on&#8221; global_colors_info=&#8221;{}&#8221;]<br \/>\n[\/et_pb_sidebar][\/et_pb_column][\/et_pb_section]<\/p>\n","protected":false},"excerpt":{"rendered":"<p>Hallitus ja toimihenkil\u00f6t Hallitus ja toimihenkil\u00f6t Hallitus 2025 &#8211; 2026 Presidentti Pekka Kotiaho pekka.kotiaho@kotiahot.fi p. +358 40 75 95 176 Tuleva presidentti valitaan my\u00f6hemmin Varapresidentti ja j\u00e4senviestint\u00e4 Jukka Hertti Edellinen presidentti Pekka Kotiaho Sihteeri ja Facebook Reijo Soininen Nettisivut Yrj\u00f6 Tolvanen S\u00e4\u00e4ti\u00f6asiamies Mika Kaunom\u00e4ki Rahastonhoitaja Jukka Kalliokoski Klubimestari Hannu Lainpelto Nuorisovaihtokummi nuorisovaihtotiimin j\u00e4sen Nuorisovaihtotiimi Jyri [&hellip;]<\/p>\n","protected":false},"author":1,"featured_media":0,"parent":129,"menu_order":0,"comment_status":"closed","ping_status":"closed","template":"","meta":{"_acf_changed":false,"_et_pb_use_builder":"on","_et_pb_old_content":"","_et_gb_content_width":"","footnotes":""},"class_list":["post-132","page","type-page","status-publish","hentry"],"acf":[],"yoast_head":"<!-- This site is optimized with the Yoast SEO plugin v27.0 - https:\/\/yoast.com\/product\/yoast-seo-wordpress\/ -->\n<title>Hallitus ja toimihenkil\u00f6t - Lahti-Salpausselk\u00e4<\/title>\n<meta name=\"robots\" content=\"index, follow, max-snippet:-1, max-image-preview:large, max-video-preview:-1\" \/>\n<link rel=\"canonical\" href=\"https:\/\/rotary.fi\/lahtisalpausselka\/etusivu\/keita-olemme\/hallitus-ja-toimihenkilot\/\" \/>\n<meta property=\"og:locale\" content=\"fi_FI\" \/>\n<meta property=\"og:type\" content=\"article\" \/>\n<meta property=\"og:title\" content=\"Hallitus ja toimihenkil\u00f6t - Lahti-Salpausselk\u00e4\" \/>\n<meta property=\"og:description\" content=\"Hallitus ja toimihenkil\u00f6t Hallitus ja toimihenkil\u00f6t Hallitus 2025 - 2026 Presidentti Pekka Kotiaho pekka.kotiaho@kotiahot.fi p. +358 40 75 95 176 Tuleva presidentti valitaan my\u00f6hemmin Varapresidentti ja j\u00e4senviestint\u00e4 Jukka Hertti Edellinen presidentti Pekka Kotiaho Sihteeri ja Facebook Reijo Soininen Nettisivut Yrj\u00f6 Tolvanen S\u00e4\u00e4ti\u00f6asiamies Mika Kaunom\u00e4ki Rahastonhoitaja Jukka Kalliokoski Klubimestari Hannu Lainpelto Nuorisovaihtokummi nuorisovaihtotiimin j\u00e4sen Nuorisovaihtotiimi Jyri [&hellip;]\" \/>\n<meta property=\"og:url\" content=\"https:\/\/rotary.fi\/lahtisalpausselka\/etusivu\/keita-olemme\/hallitus-ja-toimihenkilot\/\" \/>\n<meta property=\"og:site_name\" content=\"Lahti-Salpausselk\u00e4\" \/>\n<meta property=\"article:modified_time\" content=\"2025-08-28T12:26:49+00:00\" \/>\n<meta name=\"twitter:card\" content=\"summary_large_image\" \/>\n<meta name=\"twitter:label1\" content=\"Arvioitu lukuaika\" \/>\n\t<meta name=\"twitter:data1\" content=\"2 minuuttia\" \/>\n<script type=\"application\/ld+json\" class=\"yoast-schema-graph\">{\"@context\":\"https:\/\/schema.org\",\"@graph\":[{\"@type\":\"WebPage\",\"@id\":\"https:\/\/rotary.fi\/lahtisalpausselka\/etusivu\/keita-olemme\/hallitus-ja-toimihenkilot\/\",\"url\":\"https:\/\/rotary.fi\/lahtisalpausselka\/etusivu\/keita-olemme\/hallitus-ja-toimihenkilot\/\",\"name\":\"Hallitus ja toimihenkil\u00f6t - Lahti-Salpausselk\u00e4\",\"isPartOf\":{\"@id\":\"https:\/\/rotary.fi\/lahtisalpausselka\/#website\"},\"datePublished\":\"2018-08-10T10:59:56+00:00\",\"dateModified\":\"2025-08-28T12:26:49+00:00\",\"breadcrumb\":{\"@id\":\"https:\/\/rotary.fi\/lahtisalpausselka\/etusivu\/keita-olemme\/hallitus-ja-toimihenkilot\/#breadcrumb\"},\"inLanguage\":\"fi\",\"potentialAction\":[{\"@type\":\"ReadAction\",\"target\":[\"https:\/\/rotary.fi\/lahtisalpausselka\/etusivu\/keita-olemme\/hallitus-ja-toimihenkilot\/\"]}]},{\"@type\":\"BreadcrumbList\",\"@id\":\"https:\/\/rotary.fi\/lahtisalpausselka\/etusivu\/keita-olemme\/hallitus-ja-toimihenkilot\/#breadcrumb\",\"itemListElement\":[{\"@type\":\"ListItem\",\"position\":1,\"name\":\"Home\",\"item\":\"https:\/\/rotary.fi\/lahtisalpausselka\/\"},{\"@type\":\"ListItem\",\"position\":2,\"name\":\"Etusivu\",\"item\":\"https:\/\/rotary.fi\/lahtisalpausselka\/\"},{\"@type\":\"ListItem\",\"position\":3,\"name\":\"Lahti-Salpausselk\u00e4 rotaryklubista\",\"item\":\"https:\/\/rotary.fi\/lahtisalpausselka\/etusivu\/keita-olemme\/\"},{\"@type\":\"ListItem\",\"position\":4,\"name\":\"Hallitus ja toimihenkil\u00f6t\"}]},{\"@type\":\"WebSite\",\"@id\":\"https:\/\/rotary.fi\/lahtisalpausselka\/#website\",\"url\":\"https:\/\/rotary.fi\/lahtisalpausselka\/\",\"name\":\"Lahti-Salpausselk\u00e4\",\"description\":\"Uusi Rotary klubisivusto\",\"potentialAction\":[{\"@type\":\"SearchAction\",\"target\":{\"@type\":\"EntryPoint\",\"urlTemplate\":\"https:\/\/rotary.fi\/lahtisalpausselka\/?s={search_term_string}\"},\"query-input\":{\"@type\":\"PropertyValueSpecification\",\"valueRequired\":true,\"valueName\":\"search_term_string\"}}],\"inLanguage\":\"fi\"}]}<\/script>\n<!-- \/ Yoast SEO plugin. -->","yoast_head_json":{"title":"Hallitus ja toimihenkil\u00f6t - Lahti-Salpausselk\u00e4","robots":{"index":"index","follow":"follow","max-snippet":"max-snippet:-1","max-image-preview":"max-image-preview:large","max-video-preview":"max-video-preview:-1"},"canonical":"https:\/\/rotary.fi\/lahtisalpausselka\/etusivu\/keita-olemme\/hallitus-ja-toimihenkilot\/","og_locale":"fi_FI","og_type":"article","og_title":"Hallitus ja toimihenkil\u00f6t - Lahti-Salpausselk\u00e4","og_description":"Hallitus ja toimihenkil\u00f6t Hallitus ja toimihenkil\u00f6t Hallitus 2025 - 2026 Presidentti Pekka Kotiaho pekka.kotiaho@kotiahot.fi p. +358 40 75 95 176 Tuleva presidentti valitaan my\u00f6hemmin Varapresidentti ja j\u00e4senviestint\u00e4 Jukka Hertti Edellinen presidentti Pekka Kotiaho Sihteeri ja Facebook Reijo Soininen Nettisivut Yrj\u00f6 Tolvanen S\u00e4\u00e4ti\u00f6asiamies Mika Kaunom\u00e4ki Rahastonhoitaja Jukka Kalliokoski Klubimestari Hannu Lainpelto Nuorisovaihtokummi nuorisovaihtotiimin j\u00e4sen Nuorisovaihtotiimi Jyri [&hellip;]","og_url":"https:\/\/rotary.fi\/lahtisalpausselka\/etusivu\/keita-olemme\/hallitus-ja-toimihenkilot\/","og_site_name":"Lahti-Salpausselk\u00e4","article_modified_time":"2025-08-28T12:26:49+00:00","twitter_card":"summary_large_image","twitter_misc":{"Arvioitu lukuaika":"2 minuuttia"},"schema":{"@context":"https:\/\/schema.org","@graph":[{"@type":"WebPage","@id":"https:\/\/rotary.fi\/lahtisalpausselka\/etusivu\/keita-olemme\/hallitus-ja-toimihenkilot\/","url":"https:\/\/rotary.fi\/lahtisalpausselka\/etusivu\/keita-olemme\/hallitus-ja-toimihenkilot\/","name":"Hallitus ja toimihenkil\u00f6t - Lahti-Salpausselk\u00e4","isPartOf":{"@id":"https:\/\/rotary.fi\/lahtisalpausselka\/#website"},"datePublished":"2018-08-10T10:59:56+00:00","dateModified":"2025-08-28T12:26:49+00:00","breadcrumb":{"@id":"https:\/\/rotary.fi\/lahtisalpausselka\/etusivu\/keita-olemme\/hallitus-ja-toimihenkilot\/#breadcrumb"},"inLanguage":"fi","potentialAction":[{"@type":"ReadAction","target":["https:\/\/rotary.fi\/lahtisalpausselka\/etusivu\/keita-olemme\/hallitus-ja-toimihenkilot\/"]}]},{"@type":"BreadcrumbList","@id":"https:\/\/rotary.fi\/lahtisalpausselka\/etusivu\/keita-olemme\/hallitus-ja-toimihenkilot\/#breadcrumb","itemListElement":[{"@type":"ListItem","position":1,"name":"Home","item":"https:\/\/rotary.fi\/lahtisalpausselka\/"},{"@type":"ListItem","position":2,"name":"Etusivu","item":"https:\/\/rotary.fi\/lahtisalpausselka\/"},{"@type":"ListItem","position":3,"name":"Lahti-Salpausselk\u00e4 rotaryklubista","item":"https:\/\/rotary.fi\/lahtisalpausselka\/etusivu\/keita-olemme\/"},{"@type":"ListItem","position":4,"name":"Hallitus ja toimihenkil\u00f6t"}]},{"@type":"WebSite","@id":"https:\/\/rotary.fi\/lahtisalpausselka\/#website","url":"https:\/\/rotary.fi\/lahtisalpausselka\/","name":"Lahti-Salpausselk\u00e4","description":"Uusi Rotary klubisivusto","potentialAction":[{"@type":"SearchAction","target":{"@type":"EntryPoint","urlTemplate":"https:\/\/rotary.fi\/lahtisalpausselka\/?s={search_term_string}"},"query-input":{"@type":"PropertyValueSpecification","valueRequired":true,"valueName":"search_term_string"}}],"inLanguage":"fi"}]}},"lang":"fi","translations":{"fi":132},"pll_sync_post":[],"_links":{"self":[{"href":"https:\/\/rotary.fi\/lahtisalpausselka\/wp-json\/wp\/v2\/pages\/132","targetHints":{"allow":["GET"]}}],"collection":[{"href":"https:\/\/rotary.fi\/lahtisalpausselka\/wp-json\/wp\/v2\/pages"}],"about":[{"href":"https:\/\/rotary.fi\/lahtisalpausselka\/wp-json\/wp\/v2\/types\/page"}],"author":[{"embeddable":true,"href":"https:\/\/rotary.fi\/lahtisalpausselka\/wp-json\/wp\/v2\/users\/1"}],"replies":[{"embeddable":true,"href":"https:\/\/rotary.fi\/lahtisalpausselka\/wp-json\/wp\/v2\/comments?post=132"}],"version-history":[{"count":9,"href":"https:\/\/rotary.fi\/lahtisalpausselka\/wp-json\/wp\/v2\/pages\/132\/revisions"}],"predecessor-version":[{"id":2105,"href":"https:\/\/rotary.fi\/lahtisalpausselka\/wp-json\/wp\/v2\/pages\/132\/revisions\/2105"}],"up":[{"embeddable":true,"href":"https:\/\/rotary.fi\/lahtisalpausselka\/wp-json\/wp\/v2\/pages\/129"}],"wp:attachment":[{"href":"https:\/\/rotary.fi\/lahtisalpausselka\/wp-json\/wp\/v2\/media?parent=132"}],"curies":[{"name":"wp","href":"https:\/\/api.w.org\/{rel}","templated":true}]}}