{"id":2042,"date":"2020-02-21T08:38:48","date_gmt":"2020-02-21T06:38:48","guid":{"rendered":"https:\/\/rotary.fi\/lahtilaune\/?page_id=2042"},"modified":"2026-02-23T11:13:23","modified_gmt":"2026-02-23T09:13:23","slug":"klubin-ohjelma-2025-26","status":"publish","type":"page","link":"https:\/\/rotary.fi\/lahtilaune\/klubin-ohjelma-2025-26\/","title":{"rendered":"Klubin ohjelma 2025-26"},"content":{"rendered":"<p>[et_pb_section fb_built=&#8221;1&#8243; _builder_version=&#8221;4.16&#8243; global_colors_info=&#8221;{}&#8221;][et_pb_row _builder_version=&#8221;4.16&#8243; custom_padding=&#8221;|||1px||&#8221; global_colors_info=&#8221;{}&#8221;][et_pb_column type=&#8221;4_4&#8243; _builder_version=&#8221;4.16&#8243; global_colors_info=&#8221;{}&#8221;][et_pb_text _builder_version=&#8221;4.27.4&#8243; text_line_height=&#8221;1.9em&#8221; global_colors_info=&#8221;{}&#8221;]<\/p>\n<p><strong style=\"color: #019fcb;font-family: 'Roboto Slab', Georgia, 'Times New Roman', serif;font-size: 48px\"><\/strong><\/p>\n<p><strong style=\"color: #019fcb;font-family: 'Roboto Slab', Georgia, 'Times New Roman', serif;font-size: 48px\">KEVATKAUSI 2026<\/strong><span><\/span><\/p>\n<p><span><\/span><\/p>\n<p><span>13.01.\u00a0Klubikauden\u00a0avaus\u00a0<\/span><\/p>\n<p><span>27.01. Posti-\u00a0ja\u00a0lenn\u00e4tinlaitoksen\u00a0historia\u00a0<\/span><\/p>\n<p><span>10.02.\u00a0Rotaryty\u00f6kalut\u00a0workshop\u00a0<\/span><\/p>\n<p><span>24.02.\u00a0Klubilaisen\u00a0esitelm\u00e4,\u00a0vieraita\u00a0Australiasta\u00a0<\/span><\/p>\n<p><span>10.03. Marian egoesitelm\u00e4\u00a0<\/span><\/p>\n<p><span>18.03. IC: Jyri H\u00e4k\u00e4mies, EK, Lahti\u00a0Salpausselk\u00e4\u00a0RK\u00a0<\/span><\/p>\n<p><span>24.03. Kev\u00e4tkokous\u00a0<\/span><\/p>\n<p><span>07.04.\u00a0 Pekka:\u00a0Portugalilaisia\u00a0unelmia\u00a0<\/span><\/p>\n<p><span>09.04. IC: Mikko M\u00e4kel\u00e4, Fazerin strategiajohtaja, Lahden RK\u00a0<\/span><\/p>\n<p><span>21.04. Sofian v\u00e4it\u00f6skirja\u00a0<\/span><\/p>\n<p><span>29.04. Niko\u00a0Kyyn\u00e4r\u00e4inen,\u00a0Lahden\u00a0kaupunki,\u00a0Lahden\u00a0RK\u00a0<\/span><\/p>\n<p><span>05.05. Lahti International klubivierailu\u00a0<\/span><\/p>\n<p><span>19.05. Yritysvierailu\u00a0<\/span><\/p>\n<p><span>02.06.\u00a0K\u00e4\u00e4tyjen\u00a0vaihto\u00a0<\/span><\/p>\n<p><strong style=\"color: #019fcb;font-family: 'Roboto Slab', Georgia, 'Times New Roman', serif;font-size: 48px\"><\/strong><\/p>\n<p><strong style=\"color: #019fcb;font-family: 'Roboto Slab', Georgia, 'Times New Roman', serif;font-size: 48px\"><\/strong><\/p>\n<p><strong style=\"color: #019fcb;font-family: 'Roboto Slab', Georgia, 'Times New Roman', serif;font-size: 48px\"><\/strong><\/p>\n<p><strong style=\"color: #019fcb;font-family: 'Roboto Slab', Georgia, 'Times New Roman', serif;font-size: 48px\">SYYSKAUSI 2025<\/strong><\/p>\n<p data-start=\"126\" data-end=\"185\"><strong data-start=\"126\" data-end=\"132\">33<\/strong> | <strong data-start=\"135\" data-end=\"145\">12.08.<\/strong> | Tiistai | Klubikauden avaus | Eliel<\/p>\n<p data-start=\"187\" data-end=\"294\"><strong data-start=\"187\" data-end=\"193\">35<\/strong> | <strong data-start=\"196\" data-end=\"206\">26.08.<\/strong> | Tiistai | Piirikuvern\u00f6\u00f6rin vierailu<br data-start=\"244\" data-end=\"247\" \/>Vaihto-oppilaan esitelm\u00e4, Venla Laine | Eliel<\/p>\n<p data-start=\"296\" data-end=\"412\"><strong data-start=\"296\" data-end=\"302\">37<\/strong> | <strong data-start=\"305\" data-end=\"315\">09.09.<\/strong> | Tiistai | Kalevalainen j\u00e4senkorjaus, Arto J\u00e4ppinen<br data-start=\"368\" data-end=\"371\" \/>Vaihto-oppilaan esitelm\u00e4, Louna | Eliel<\/p>\n<p data-start=\"414\" data-end=\"671\"><strong data-start=\"414\" data-end=\"420\">37<\/strong> | <strong data-start=\"423\" data-end=\"433\">13.09.<\/strong> | Lauantai | Syysretki, l\u00e4tt\u00e4hatulla Heinolaan<br data-start=\"480\" data-end=\"483\" \/><a data-start=\"483\" data-end=\"599\" class=\"decorated-link cursor-pointer\" rel=\"noopener\" target=\"_new\">https:\/\/topparoikka.nettisivut.fi\/museojunallaheinolaan\/<\/a><\/p>\n<p data-start=\"673\" data-end=\"780\"><strong data-start=\"673\" data-end=\"679\">38<\/strong> | <strong data-start=\"682\" data-end=\"692\">21.09.<\/strong> | Sunnuntai | Sieniretki, valmistaudutaan ti 23.09. tapaamiseen | Messil\u00e4n golfkentt\u00e4<\/p>\n<p data-start=\"782\" data-end=\"870\"><strong data-start=\"782\" data-end=\"788\">39<\/strong> | <strong data-start=\"791\" data-end=\"801\">23.09.<\/strong> | Tiistai | Multiculti, sienien valmistus | Multiculti 16:30\u201321:30<\/p>\n<p data-start=\"872\" data-end=\"942\"><strong data-start=\"872\" data-end=\"878\">41<\/strong> | <strong data-start=\"881\" data-end=\"891\">07.10.<\/strong> | Tiistai | Egoesitelm\u00e4, Sofia Heikkonen | Eliel<\/p>\n<p data-start=\"944\" data-end=\"996\"><strong data-start=\"944\" data-end=\"950\">43<\/strong> | <strong data-start=\"953\" data-end=\"963\">21.10.<\/strong> | Tiistai | Syyskokous | Eliel<\/p>\n<p data-start=\"998\" data-end=\"1080\"><strong data-start=\"998\" data-end=\"1004\">45<\/strong> | <strong data-start=\"1007\" data-end=\"1017\">04.11.<\/strong> | Tiistai | Puhelinlaitos Suomessa 170 vuotta, Antti | Eliel<\/p>\n<p data-start=\"1082\" data-end=\"1215\"><strong data-start=\"1082\" data-end=\"1088\">47<\/strong> | <strong data-start=\"1091\" data-end=\"1101\">18.11.<\/strong> | Tiistai | Vaihto-oppilaan esitelm\u00e4, Asuka;<br data-start=\"1146\" data-end=\"1149\" \/>Vierailija Maa- ja Mets\u00e4talousministeri\u00f6 (varmistettava) | Eliel<\/p>\n<p data-start=\"1217\" data-end=\"1287\"><strong data-start=\"1217\" data-end=\"1223\">49<\/strong> | <strong data-start=\"1226\" data-end=\"1236\">02.12.<\/strong> | Tiistai | Itsen\u00e4isyysp\u00e4iv\u00e4juhla, Eliel | Eliel<\/p>\n<p data-start=\"1289\" data-end=\"1341\"><strong data-start=\"1289\" data-end=\"1295\">51<\/strong> | <strong data-start=\"1298\" data-end=\"1308\">16.12.<\/strong> | Tiistai | Joulujuhla | Eliel<\/p>\n<p><strong style=\"color: #019fcb;font-family: 'Roboto Slab', Georgia, 'Times New Roman', serif;font-size: 48px\"><\/strong><\/p>\n<p><strong style=\"color: #019fcb;font-family: 'Roboto Slab', Georgia, 'Times New Roman', serif;font-size: 48px\"><\/strong><\/p>\n<p><strong style=\"color: #019fcb;font-family: 'Roboto Slab', Georgia, 'Times New Roman', serif;font-size: 48px\"><\/strong><\/p>\n<p><strong style=\"color: #019fcb;font-family: 'Roboto Slab', Georgia, 'Times New Roman', serif;font-size: 48px\"><\/strong><\/p>\n<p><strong style=\"color: #019fcb;font-family: 'Roboto Slab', Georgia, 'Times New Roman', serif;font-size: 48px\"><\/strong><\/p>\n<p><strong style=\"color: #019fcb;font-family: 'Roboto Slab', Georgia, 'Times New Roman', serif;font-size: 48px\"><\/strong><\/p>\n<p><strong style=\"color: #019fcb;font-family: 'Roboto Slab', Georgia, 'Times New Roman', serif;font-size: 48px\"><\/strong><\/p>\n<p><strong style=\"color: #019fcb;font-family: 'Roboto Slab', Georgia, 'Times New Roman', serif;font-size: 48px\"><\/strong><\/p>\n<p>[\/et_pb_text][\/et_pb_column][\/et_pb_row][\/et_pb_section]<\/p>\n","protected":false},"excerpt":{"rendered":"<p>KEVATKAUSI 2026 13.01.\u00a0Klubikauden\u00a0avaus\u00a0 27.01. Posti-\u00a0ja\u00a0lenn\u00e4tinlaitoksen\u00a0historia\u00a0 10.02.\u00a0Rotaryty\u00f6kalut\u00a0workshop\u00a0 24.02.\u00a0Klubilaisen\u00a0esitelm\u00e4,\u00a0vieraita\u00a0Australiasta\u00a0 10.03. Marian egoesitelm\u00e4\u00a0 18.03. IC: Jyri H\u00e4k\u00e4mies, EK, Lahti\u00a0Salpausselk\u00e4\u00a0RK\u00a0 24.03. Kev\u00e4tkokous\u00a0 07.04.\u00a0 Pekka:\u00a0Portugalilaisia\u00a0unelmia\u00a0 09.04. IC: Mikko M\u00e4kel\u00e4, Fazerin strategiajohtaja, Lahden RK\u00a0 21.04. Sofian v\u00e4it\u00f6skirja\u00a0 29.04. Niko\u00a0Kyyn\u00e4r\u00e4inen,\u00a0Lahden\u00a0kaupunki,\u00a0Lahden\u00a0RK\u00a0 05.05. Lahti International klubivierailu\u00a0 19.05. Yritysvierailu\u00a0 02.06.\u00a0K\u00e4\u00e4tyjen\u00a0vaihto\u00a0 SYYSKAUSI 2025 33 | 12.08. | Tiistai | Klubikauden avaus | Eliel 35 | 26.08. [&hellip;]<\/p>\n","protected":false},"author":68,"featured_media":0,"parent":0,"menu_order":0,"comment_status":"closed","ping_status":"closed","template":"","meta":{"_acf_changed":false,"_et_pb_use_builder":"on","_et_pb_old_content":"","_et_gb_content_width":"","footnotes":""},"class_list":["post-2042","page","type-page","status-publish","hentry"],"acf":[],"yoast_head":"<!-- This site is optimized with the Yoast SEO plugin v27.0 - https:\/\/yoast.com\/product\/yoast-seo-wordpress\/ -->\n<title>Klubin ohjelma 2025-26 - Lahti-Launeen Rotaryklubi ry<\/title>\n<meta name=\"robots\" content=\"index, follow, max-snippet:-1, max-image-preview:large, max-video-preview:-1\" \/>\n<link rel=\"canonical\" href=\"https:\/\/rotary.fi\/lahtilaune\/klubin-ohjelma-2025-26\/\" \/>\n<meta property=\"og:locale\" content=\"fi_FI\" \/>\n<meta property=\"og:type\" content=\"article\" \/>\n<meta property=\"og:title\" content=\"Klubin ohjelma 2025-26 - Lahti-Launeen Rotaryklubi ry\" \/>\n<meta property=\"og:description\" content=\"KEVATKAUSI 2026 13.01.\u00a0Klubikauden\u00a0avaus\u00a0 27.01. Posti-\u00a0ja\u00a0lenn\u00e4tinlaitoksen\u00a0historia\u00a0 10.02.\u00a0Rotaryty\u00f6kalut\u00a0workshop\u00a0 24.02.\u00a0Klubilaisen\u00a0esitelm\u00e4,\u00a0vieraita\u00a0Australiasta\u00a0 10.03. Marian egoesitelm\u00e4\u00a0 18.03. IC: Jyri H\u00e4k\u00e4mies, EK, Lahti\u00a0Salpausselk\u00e4\u00a0RK\u00a0 24.03. Kev\u00e4tkokous\u00a0 07.04.\u00a0 Pekka:\u00a0Portugalilaisia\u00a0unelmia\u00a0 09.04. IC: Mikko M\u00e4kel\u00e4, Fazerin strategiajohtaja, Lahden RK\u00a0 21.04. Sofian v\u00e4it\u00f6skirja\u00a0 29.04. Niko\u00a0Kyyn\u00e4r\u00e4inen,\u00a0Lahden\u00a0kaupunki,\u00a0Lahden\u00a0RK\u00a0 05.05. Lahti International klubivierailu\u00a0 19.05. Yritysvierailu\u00a0 02.06.\u00a0K\u00e4\u00e4tyjen\u00a0vaihto\u00a0 SYYSKAUSI 2025 33 | 12.08. | Tiistai | Klubikauden avaus | Eliel 35 | 26.08. [&hellip;]\" \/>\n<meta property=\"og:url\" content=\"https:\/\/rotary.fi\/lahtilaune\/klubin-ohjelma-2025-26\/\" \/>\n<meta property=\"og:site_name\" content=\"Lahti-Launeen Rotaryklubi ry\" \/>\n<meta property=\"article:modified_time\" content=\"2026-02-23T09:13:23+00:00\" \/>\n<meta name=\"twitter:card\" content=\"summary_large_image\" \/>\n<meta name=\"twitter:label1\" content=\"Arvioitu lukuaika\" \/>\n\t<meta name=\"twitter:data1\" content=\"2 minuuttia\" \/>\n<script type=\"application\/ld+json\" class=\"yoast-schema-graph\">{\"@context\":\"https:\/\/schema.org\",\"@graph\":[{\"@type\":\"WebPage\",\"@id\":\"https:\/\/rotary.fi\/lahtilaune\/klubin-ohjelma-2025-26\/\",\"url\":\"https:\/\/rotary.fi\/lahtilaune\/klubin-ohjelma-2025-26\/\",\"name\":\"Klubin ohjelma 2025-26 - Lahti-Launeen Rotaryklubi ry\",\"isPartOf\":{\"@id\":\"https:\/\/rotary.fi\/lahtilaune\/#website\"},\"datePublished\":\"2020-02-21T06:38:48+00:00\",\"dateModified\":\"2026-02-23T09:13:23+00:00\",\"breadcrumb\":{\"@id\":\"https:\/\/rotary.fi\/lahtilaune\/klubin-ohjelma-2025-26\/#breadcrumb\"},\"inLanguage\":\"fi\",\"potentialAction\":[{\"@type\":\"ReadAction\",\"target\":[\"https:\/\/rotary.fi\/lahtilaune\/klubin-ohjelma-2025-26\/\"]}]},{\"@type\":\"BreadcrumbList\",\"@id\":\"https:\/\/rotary.fi\/lahtilaune\/klubin-ohjelma-2025-26\/#breadcrumb\",\"itemListElement\":[{\"@type\":\"ListItem\",\"position\":1,\"name\":\"Home\",\"item\":\"https:\/\/rotary.fi\/lahtilaune\/\"},{\"@type\":\"ListItem\",\"position\":2,\"name\":\"Klubin ohjelma 2025-26\"}]},{\"@type\":\"WebSite\",\"@id\":\"https:\/\/rotary.fi\/lahtilaune\/#website\",\"url\":\"https:\/\/rotary.fi\/lahtilaune\/\",\"name\":\"Lahti-Launeen Rotaryklubi ry\",\"description\":\"Uusi Rotary klubisivusto\",\"potentialAction\":[{\"@type\":\"SearchAction\",\"target\":{\"@type\":\"EntryPoint\",\"urlTemplate\":\"https:\/\/rotary.fi\/lahtilaune\/?s={search_term_string}\"},\"query-input\":{\"@type\":\"PropertyValueSpecification\",\"valueRequired\":true,\"valueName\":\"search_term_string\"}}],\"inLanguage\":\"fi\"}]}<\/script>\n<!-- \/ Yoast SEO plugin. -->","yoast_head_json":{"title":"Klubin ohjelma 2025-26 - Lahti-Launeen Rotaryklubi ry","robots":{"index":"index","follow":"follow","max-snippet":"max-snippet:-1","max-image-preview":"max-image-preview:large","max-video-preview":"max-video-preview:-1"},"canonical":"https:\/\/rotary.fi\/lahtilaune\/klubin-ohjelma-2025-26\/","og_locale":"fi_FI","og_type":"article","og_title":"Klubin ohjelma 2025-26 - Lahti-Launeen Rotaryklubi ry","og_description":"KEVATKAUSI 2026 13.01.\u00a0Klubikauden\u00a0avaus\u00a0 27.01. Posti-\u00a0ja\u00a0lenn\u00e4tinlaitoksen\u00a0historia\u00a0 10.02.\u00a0Rotaryty\u00f6kalut\u00a0workshop\u00a0 24.02.\u00a0Klubilaisen\u00a0esitelm\u00e4,\u00a0vieraita\u00a0Australiasta\u00a0 10.03. Marian egoesitelm\u00e4\u00a0 18.03. IC: Jyri H\u00e4k\u00e4mies, EK, Lahti\u00a0Salpausselk\u00e4\u00a0RK\u00a0 24.03. Kev\u00e4tkokous\u00a0 07.04.\u00a0 Pekka:\u00a0Portugalilaisia\u00a0unelmia\u00a0 09.04. IC: Mikko M\u00e4kel\u00e4, Fazerin strategiajohtaja, Lahden RK\u00a0 21.04. Sofian v\u00e4it\u00f6skirja\u00a0 29.04. Niko\u00a0Kyyn\u00e4r\u00e4inen,\u00a0Lahden\u00a0kaupunki,\u00a0Lahden\u00a0RK\u00a0 05.05. Lahti International klubivierailu\u00a0 19.05. Yritysvierailu\u00a0 02.06.\u00a0K\u00e4\u00e4tyjen\u00a0vaihto\u00a0 SYYSKAUSI 2025 33 | 12.08. | Tiistai | Klubikauden avaus | Eliel 35 | 26.08. [&hellip;]","og_url":"https:\/\/rotary.fi\/lahtilaune\/klubin-ohjelma-2025-26\/","og_site_name":"Lahti-Launeen Rotaryklubi ry","article_modified_time":"2026-02-23T09:13:23+00:00","twitter_card":"summary_large_image","twitter_misc":{"Arvioitu lukuaika":"2 minuuttia"},"schema":{"@context":"https:\/\/schema.org","@graph":[{"@type":"WebPage","@id":"https:\/\/rotary.fi\/lahtilaune\/klubin-ohjelma-2025-26\/","url":"https:\/\/rotary.fi\/lahtilaune\/klubin-ohjelma-2025-26\/","name":"Klubin ohjelma 2025-26 - Lahti-Launeen Rotaryklubi ry","isPartOf":{"@id":"https:\/\/rotary.fi\/lahtilaune\/#website"},"datePublished":"2020-02-21T06:38:48+00:00","dateModified":"2026-02-23T09:13:23+00:00","breadcrumb":{"@id":"https:\/\/rotary.fi\/lahtilaune\/klubin-ohjelma-2025-26\/#breadcrumb"},"inLanguage":"fi","potentialAction":[{"@type":"ReadAction","target":["https:\/\/rotary.fi\/lahtilaune\/klubin-ohjelma-2025-26\/"]}]},{"@type":"BreadcrumbList","@id":"https:\/\/rotary.fi\/lahtilaune\/klubin-ohjelma-2025-26\/#breadcrumb","itemListElement":[{"@type":"ListItem","position":1,"name":"Home","item":"https:\/\/rotary.fi\/lahtilaune\/"},{"@type":"ListItem","position":2,"name":"Klubin ohjelma 2025-26"}]},{"@type":"WebSite","@id":"https:\/\/rotary.fi\/lahtilaune\/#website","url":"https:\/\/rotary.fi\/lahtilaune\/","name":"Lahti-Launeen Rotaryklubi ry","description":"Uusi Rotary klubisivusto","potentialAction":[{"@type":"SearchAction","target":{"@type":"EntryPoint","urlTemplate":"https:\/\/rotary.fi\/lahtilaune\/?s={search_term_string}"},"query-input":{"@type":"PropertyValueSpecification","valueRequired":true,"valueName":"search_term_string"}}],"inLanguage":"fi"}]}},"lang":"fi","translations":{"fi":2042},"pll_sync_post":[],"_links":{"self":[{"href":"https:\/\/rotary.fi\/lahtilaune\/wp-json\/wp\/v2\/pages\/2042","targetHints":{"allow":["GET"]}}],"collection":[{"href":"https:\/\/rotary.fi\/lahtilaune\/wp-json\/wp\/v2\/pages"}],"about":[{"href":"https:\/\/rotary.fi\/lahtilaune\/wp-json\/wp\/v2\/types\/page"}],"author":[{"embeddable":true,"href":"https:\/\/rotary.fi\/lahtilaune\/wp-json\/wp\/v2\/users\/68"}],"replies":[{"embeddable":true,"href":"https:\/\/rotary.fi\/lahtilaune\/wp-json\/wp\/v2\/comments?post=2042"}],"version-history":[{"count":10,"href":"https:\/\/rotary.fi\/lahtilaune\/wp-json\/wp\/v2\/pages\/2042\/revisions"}],"predecessor-version":[{"id":3023,"href":"https:\/\/rotary.fi\/lahtilaune\/wp-json\/wp\/v2\/pages\/2042\/revisions\/3023"}],"wp:attachment":[{"href":"https:\/\/rotary.fi\/lahtilaune\/wp-json\/wp\/v2\/media?parent=2042"}],"curies":[{"name":"wp","href":"https:\/\/api.w.org\/{rel}","templated":true}]}}