{"id":295,"date":"2018-10-25T08:25:11","date_gmt":"2018-10-25T05:25:11","guid":{"rendered":"https:\/\/rotary.fi\/lahdenrotary\/?page_id=295"},"modified":"2023-09-05T01:13:53","modified_gmt":"2023-09-04T22:13:53","slug":"laakaripankki","status":"publish","type":"page","link":"https:\/\/rotary.fi\/lahdenrotary\/mita-teemme\/laakaripankki\/","title":{"rendered":"L\u00e4\u00e4k\u00e4ripankki"},"content":{"rendered":"<p>[et_pb_section fb_built=&#8221;1&#8243; module_class=&#8221;jumbotron-page&#8221; _builder_version=&#8221;4.16&#8243; background_image=&#8221;https:\/\/rotary.fi\/lahdenrotary\/wp-content\/uploads\/sites\/237\/2018\/10\/rotary_klubit_alasivu_paakuva_14.jpg&#8221; global_colors_info=&#8221;{}&#8221;][et_pb_row _builder_version=&#8221;4.16&#8243; background_size=&#8221;initial&#8221; background_position=&#8221;top_left&#8221; background_repeat=&#8221;repeat&#8221; global_colors_info=&#8221;{}&#8221;][et_pb_column type=&#8221;4_4&#8243; _builder_version=&#8221;4.16&#8243; custom_padding=&#8221;|||&#8221; global_colors_info=&#8221;{}&#8221; custom_padding__hover=&#8221;|||&#8221;][et_pb_text admin_label=&#8221;P\u00e4\u00e4otsikko&#8221; _builder_version=&#8221;4.16&#8243; text_orientation=&#8221;center&#8221; background_layout=&#8221;dark&#8221; global_colors_info=&#8221;{}&#8221;]<\/p>\n<h1>L\u00e4\u00e4k\u00e4ripankki<\/h1>\n<p>[\/et_pb_text][\/et_pb_column][\/et_pb_row][\/et_pb_section][et_pb_section fb_built=&#8221;1&#8243; specialty=&#8221;on&#8221; module_class_2=&#8221;sivupalkki&#8221; _builder_version=&#8221;4.16&#8243; global_colors_info=&#8221;{}&#8221;][et_pb_column type=&#8221;2_3&#8243; specialty_columns=&#8221;2&#8243; _builder_version=&#8221;4.16&#8243; custom_padding=&#8221;|||&#8221; global_colors_info=&#8221;{}&#8221; parallax__hover=&#8221;off&#8221; parallax_method__hover=&#8221;on&#8221; custom_padding__hover=&#8221;|||&#8221;][et_pb_row_inner admin_label=&#8221;Rivi&#8221; _builder_version=&#8221;4.16&#8243; global_colors_info=&#8221;{}&#8221;][et_pb_column_inner saved_specialty_column_type=&#8221;2_3&#8243; _builder_version=&#8221;4.16&#8243; custom_padding=&#8221;|||&#8221; global_colors_info=&#8221;{}&#8221; parallax__hover=&#8221;off&#8221; parallax_method__hover=&#8221;on&#8221; custom_padding__hover=&#8221;|||&#8221;][et_pb_text admin_label=&#8221;L\u00e4\u00e4k\u00e4ripankki &#8211; Otsikko&#8221; _builder_version=&#8221;4.16&#8243; text_orientation=&#8221;center&#8221; global_colors_info=&#8221;{}&#8221;]<\/p>\n<h1>RYLA &#8211; Rotary Youth Leadership Awards<\/h1>\n<p>[\/et_pb_text][et_pb_text _builder_version=&#8221;4.22.1&#8243; global_colors_info=&#8221;{}&#8221;]<\/p>\n<p>&nbsp;<\/p>\n<p>Rotary Youth Leadership Awards, RYLA, on Rotaryn nuorisotoimintamuoto, jolla koulutamme aloitekykyisi\u00e4 ja aktiivisia nuoria omatoimisuuteen ja johtajuuteen.<br \/>RYLA:n tavoitteena on saattaa johtamisesta kiinnostuneet korkeakouluopiskelijat yhteen P\u00e4ij\u00e4t-H\u00e4meen yritysten kanssa ja siten osaltaan edesauttaa alueen kansainv\u00e4listymist\u00e4 tarjoamalla opiskelijoille mahdollisuuksia tutustua yrityksiin oppilast\u00f6iden, haastatteluiden, lopput\u00f6iden ja kes\u00e4t\u00f6iden kautta.<\/p>\n<p>Opiskelijalle: RYLA auttaa ja helpottaa johtamisen opiskelujasi tarjoamalla mahdollisuuden tutustua helposti alueella vaikuttavien yritysten toimintaan ja niiden johtamiseen. Samalla parannat my\u00f6s mahdollisuuksia p\u00e4\u00e4st\u00e4 tekem\u00e4\u00e4n yrityksiin p\u00e4\u00e4tt\u00f6t\u00f6it\u00e4 ja ty\u00f6llisty\u00e4 Lahden alueelle. Paneelikeskustelut ja haastattelumahdollisuudet syvent\u00e4v\u00e4t ja laajentavat konkreettisella tavalla johtamisen opintoja.<\/p>\n<p>Tutustu piirimme RYLA-toimintaan olemalla yhteydess\u00e4 <a href=\"mailto:lahtiryla@gmail.com\">lahtiryla@gmail.com<\/a><\/p>\n<p>&nbsp;<\/p>\n<p><strong><span style=\"color: #0c71c3\">RYLA in English\u00a0<\/span><\/strong><\/p>\n<p>The Rotary Youth Leadership Awards, RYLA, is Rotary&#8217;s form of youth activity, with which we train proactive and active young people in self-reliance and leadership.<br \/>RYLA&#8217;s goal is to bring university students interested in management together with companies in P\u00e4ij\u00e4t-H\u00e4me and thus contribute to the internationalization of the region by offering students opportunities to get to know companies through student projects, interviews, final projects, and summer jobs.<\/p>\n<p>For students: RYLA helps and facilitates your management studies by offering the opportunity to easily familiarize yourself with the operations and management of influential companies in the region. At the same time, you also improve the chances of getting into companies to do finishing work and get a job in the Lahti area. Panel discussions and interview opportunities deepen and expand management studies in a concrete way.<\/p>\n<p>Get to know our district&#8217;s RYLA activities by contacting: <a href=\"mailto:lahtiryla@gmail.comm\">lahtiryla@gmail.com\u00a0<\/a><\/p>\n<p>[\/et_pb_text][\/et_pb_column_inner][\/et_pb_row_inner][\/et_pb_column][et_pb_column type=&#8221;1_3&#8243; module_class=&#8221;sivupalkki&#8221; _builder_version=&#8221;4.16&#8243; custom_padding=&#8221;|||&#8221; global_colors_info=&#8221;{}&#8221; parallax__hover=&#8221;off&#8221; parallax_method__hover=&#8221;on&#8221; module_class__hover=&#8221;sivupalkki&#8221; custom_padding__hover=&#8221;|||&#8221;][et_pb_sidebar area=&#8221;sidebar-1&#8243; module_class=&#8221;sivupalkki_sisalto&#8221; _builder_version=&#8221;4.16&#8243; locked=&#8221;on&#8221; global_colors_info=&#8221;{}&#8221;][\/et_pb_sidebar][\/et_pb_column][\/et_pb_section][et_pb_section fb_built=&#8221;1&#8243; _builder_version=&#8221;4.20.0&#8243; _module_preset=&#8221;default&#8221; global_colors_info=&#8221;{}&#8221;][\/et_pb_section]<\/p>\n","protected":false},"excerpt":{"rendered":"<p>L\u00e4\u00e4k\u00e4ripankki RYLA &#8211; Rotary Youth Leadership Awards&nbsp; Rotary Youth Leadership Awards, RYLA, on Rotaryn nuorisotoimintamuoto, jolla koulutamme aloitekykyisi\u00e4 ja aktiivisia nuoria omatoimisuuteen ja johtajuuteen.RYLA:n tavoitteena on saattaa johtamisesta kiinnostuneet korkeakouluopiskelijat yhteen P\u00e4ij\u00e4t-H\u00e4meen yritysten kanssa ja siten osaltaan edesauttaa alueen kansainv\u00e4listymist\u00e4 tarjoamalla opiskelijoille mahdollisuuksia tutustua yrityksiin oppilast\u00f6iden, haastatteluiden, lopput\u00f6iden ja kes\u00e4t\u00f6iden kautta. Opiskelijalle: RYLA auttaa ja [&hellip;]<\/p>\n","protected":false},"author":1,"featured_media":0,"parent":77,"menu_order":0,"comment_status":"closed","ping_status":"closed","template":"","meta":{"_acf_changed":false,"_et_pb_use_builder":"on","_et_pb_old_content":"","_et_gb_content_width":"","footnotes":""},"class_list":["post-295","page","type-page","status-publish","hentry"],"acf":[],"yoast_head":"<!-- This site is optimized with the Yoast SEO plugin v27.4 - https:\/\/yoast.com\/product\/yoast-seo-wordpress\/ -->\n<title>L\u00e4\u00e4k\u00e4ripankki - Lahden Rotaryklubi ry<\/title>\n<meta name=\"robots\" content=\"index, follow, max-snippet:-1, max-image-preview:large, max-video-preview:-1\" \/>\n<link rel=\"canonical\" href=\"https:\/\/rotary.fi\/lahdenrotary\/mita-teemme\/laakaripankki\/\" \/>\n<meta property=\"og:locale\" content=\"fi_FI\" \/>\n<meta property=\"og:type\" content=\"article\" \/>\n<meta property=\"og:title\" content=\"L\u00e4\u00e4k\u00e4ripankki - Lahden Rotaryklubi ry\" \/>\n<meta property=\"og:description\" content=\"L\u00e4\u00e4k\u00e4ripankki RYLA - Rotary Youth Leadership Awards&nbsp; Rotary Youth Leadership Awards, RYLA, on Rotaryn nuorisotoimintamuoto, jolla koulutamme aloitekykyisi\u00e4 ja aktiivisia nuoria omatoimisuuteen ja johtajuuteen.RYLA:n tavoitteena on saattaa johtamisesta kiinnostuneet korkeakouluopiskelijat yhteen P\u00e4ij\u00e4t-H\u00e4meen yritysten kanssa ja siten osaltaan edesauttaa alueen kansainv\u00e4listymist\u00e4 tarjoamalla opiskelijoille mahdollisuuksia tutustua yrityksiin oppilast\u00f6iden, haastatteluiden, lopput\u00f6iden ja kes\u00e4t\u00f6iden kautta. Opiskelijalle: RYLA auttaa ja [&hellip;]\" \/>\n<meta property=\"og:url\" content=\"https:\/\/rotary.fi\/lahdenrotary\/mita-teemme\/laakaripankki\/\" \/>\n<meta property=\"og:site_name\" content=\"Lahden Rotaryklubi ry\" \/>\n<meta property=\"article:modified_time\" content=\"2023-09-04T22:13:53+00:00\" \/>\n<meta name=\"twitter:card\" content=\"summary_large_image\" \/>\n<meta name=\"twitter:label1\" content=\"Arvioitu lukuaika\" \/>\n\t<meta name=\"twitter:data1\" content=\"3 minuuttia\" \/>\n<script type=\"application\/ld+json\" class=\"yoast-schema-graph\">{\"@context\":\"https:\\\/\\\/schema.org\",\"@graph\":[{\"@type\":\"WebPage\",\"@id\":\"https:\\\/\\\/rotary.fi\\\/lahdenrotary\\\/mita-teemme\\\/laakaripankki\\\/\",\"url\":\"https:\\\/\\\/rotary.fi\\\/lahdenrotary\\\/mita-teemme\\\/laakaripankki\\\/\",\"name\":\"L\u00e4\u00e4k\u00e4ripankki - Lahden Rotaryklubi ry\",\"isPartOf\":{\"@id\":\"https:\\\/\\\/rotary.fi\\\/lahdenrotary\\\/#website\"},\"datePublished\":\"2018-10-25T05:25:11+00:00\",\"dateModified\":\"2023-09-04T22:13:53+00:00\",\"breadcrumb\":{\"@id\":\"https:\\\/\\\/rotary.fi\\\/lahdenrotary\\\/mita-teemme\\\/laakaripankki\\\/#breadcrumb\"},\"inLanguage\":\"fi\",\"potentialAction\":[{\"@type\":\"ReadAction\",\"target\":[\"https:\\\/\\\/rotary.fi\\\/lahdenrotary\\\/mita-teemme\\\/laakaripankki\\\/\"]}]},{\"@type\":\"BreadcrumbList\",\"@id\":\"https:\\\/\\\/rotary.fi\\\/lahdenrotary\\\/mita-teemme\\\/laakaripankki\\\/#breadcrumb\",\"itemListElement\":[{\"@type\":\"ListItem\",\"position\":1,\"name\":\"Home\",\"item\":\"https:\\\/\\\/rotary.fi\\\/lahdenrotary\\\/\"},{\"@type\":\"ListItem\",\"position\":2,\"name\":\"Mit\u00e4 teemme\",\"item\":\"https:\\\/\\\/rotary.fi\\\/lahdenrotary\\\/mita-teemme\\\/\"},{\"@type\":\"ListItem\",\"position\":3,\"name\":\"L\u00e4\u00e4k\u00e4ripankki\"}]},{\"@type\":\"WebSite\",\"@id\":\"https:\\\/\\\/rotary.fi\\\/lahdenrotary\\\/#website\",\"url\":\"https:\\\/\\\/rotary.fi\\\/lahdenrotary\\\/\",\"name\":\"Lahden Rotaryklubi ry\",\"description\":\"Uusi Rotary klubisivusto\",\"potentialAction\":[{\"@type\":\"SearchAction\",\"target\":{\"@type\":\"EntryPoint\",\"urlTemplate\":\"https:\\\/\\\/rotary.fi\\\/lahdenrotary\\\/?s={search_term_string}\"},\"query-input\":{\"@type\":\"PropertyValueSpecification\",\"valueRequired\":true,\"valueName\":\"search_term_string\"}}],\"inLanguage\":\"fi\"}]}<\/script>\n<!-- \/ Yoast SEO plugin. -->","yoast_head_json":{"title":"L\u00e4\u00e4k\u00e4ripankki - Lahden Rotaryklubi ry","robots":{"index":"index","follow":"follow","max-snippet":"max-snippet:-1","max-image-preview":"max-image-preview:large","max-video-preview":"max-video-preview:-1"},"canonical":"https:\/\/rotary.fi\/lahdenrotary\/mita-teemme\/laakaripankki\/","og_locale":"fi_FI","og_type":"article","og_title":"L\u00e4\u00e4k\u00e4ripankki - Lahden Rotaryklubi ry","og_description":"L\u00e4\u00e4k\u00e4ripankki RYLA - Rotary Youth Leadership Awards&nbsp; Rotary Youth Leadership Awards, RYLA, on Rotaryn nuorisotoimintamuoto, jolla koulutamme aloitekykyisi\u00e4 ja aktiivisia nuoria omatoimisuuteen ja johtajuuteen.RYLA:n tavoitteena on saattaa johtamisesta kiinnostuneet korkeakouluopiskelijat yhteen P\u00e4ij\u00e4t-H\u00e4meen yritysten kanssa ja siten osaltaan edesauttaa alueen kansainv\u00e4listymist\u00e4 tarjoamalla opiskelijoille mahdollisuuksia tutustua yrityksiin oppilast\u00f6iden, haastatteluiden, lopput\u00f6iden ja kes\u00e4t\u00f6iden kautta. Opiskelijalle: RYLA auttaa ja [&hellip;]","og_url":"https:\/\/rotary.fi\/lahdenrotary\/mita-teemme\/laakaripankki\/","og_site_name":"Lahden Rotaryklubi ry","article_modified_time":"2023-09-04T22:13:53+00:00","twitter_card":"summary_large_image","twitter_misc":{"Arvioitu lukuaika":"3 minuuttia"},"schema":{"@context":"https:\/\/schema.org","@graph":[{"@type":"WebPage","@id":"https:\/\/rotary.fi\/lahdenrotary\/mita-teemme\/laakaripankki\/","url":"https:\/\/rotary.fi\/lahdenrotary\/mita-teemme\/laakaripankki\/","name":"L\u00e4\u00e4k\u00e4ripankki - Lahden Rotaryklubi ry","isPartOf":{"@id":"https:\/\/rotary.fi\/lahdenrotary\/#website"},"datePublished":"2018-10-25T05:25:11+00:00","dateModified":"2023-09-04T22:13:53+00:00","breadcrumb":{"@id":"https:\/\/rotary.fi\/lahdenrotary\/mita-teemme\/laakaripankki\/#breadcrumb"},"inLanguage":"fi","potentialAction":[{"@type":"ReadAction","target":["https:\/\/rotary.fi\/lahdenrotary\/mita-teemme\/laakaripankki\/"]}]},{"@type":"BreadcrumbList","@id":"https:\/\/rotary.fi\/lahdenrotary\/mita-teemme\/laakaripankki\/#breadcrumb","itemListElement":[{"@type":"ListItem","position":1,"name":"Home","item":"https:\/\/rotary.fi\/lahdenrotary\/"},{"@type":"ListItem","position":2,"name":"Mit\u00e4 teemme","item":"https:\/\/rotary.fi\/lahdenrotary\/mita-teemme\/"},{"@type":"ListItem","position":3,"name":"L\u00e4\u00e4k\u00e4ripankki"}]},{"@type":"WebSite","@id":"https:\/\/rotary.fi\/lahdenrotary\/#website","url":"https:\/\/rotary.fi\/lahdenrotary\/","name":"Lahden Rotaryklubi ry","description":"Uusi Rotary klubisivusto","potentialAction":[{"@type":"SearchAction","target":{"@type":"EntryPoint","urlTemplate":"https:\/\/rotary.fi\/lahdenrotary\/?s={search_term_string}"},"query-input":{"@type":"PropertyValueSpecification","valueRequired":true,"valueName":"search_term_string"}}],"inLanguage":"fi"}]}},"lang":"fi","translations":{"fi":295,"en":1460},"pll_sync_post":[],"_links":{"self":[{"href":"https:\/\/rotary.fi\/lahdenrotary\/wp-json\/wp\/v2\/pages\/295","targetHints":{"allow":["GET"]}}],"collection":[{"href":"https:\/\/rotary.fi\/lahdenrotary\/wp-json\/wp\/v2\/pages"}],"about":[{"href":"https:\/\/rotary.fi\/lahdenrotary\/wp-json\/wp\/v2\/types\/page"}],"author":[{"embeddable":true,"href":"https:\/\/rotary.fi\/lahdenrotary\/wp-json\/wp\/v2\/users\/1"}],"replies":[{"embeddable":true,"href":"https:\/\/rotary.fi\/lahdenrotary\/wp-json\/wp\/v2\/comments?post=295"}],"version-history":[{"count":9,"href":"https:\/\/rotary.fi\/lahdenrotary\/wp-json\/wp\/v2\/pages\/295\/revisions"}],"predecessor-version":[{"id":1920,"href":"https:\/\/rotary.fi\/lahdenrotary\/wp-json\/wp\/v2\/pages\/295\/revisions\/1920"}],"up":[{"embeddable":true,"href":"https:\/\/rotary.fi\/lahdenrotary\/wp-json\/wp\/v2\/pages\/77"}],"wp:attachment":[{"href":"https:\/\/rotary.fi\/lahdenrotary\/wp-json\/wp\/v2\/media?parent=295"}],"curies":[{"name":"wp","href":"https:\/\/api.w.org\/{rel}","templated":true}]}}