{"id":1983,"date":"2023-11-25T20:46:33","date_gmt":"2023-11-25T18:46:33","guid":{"rendered":"https:\/\/rotary.fi\/lahdenrotary\/?page_id=1983"},"modified":"2023-11-30T14:02:03","modified_gmt":"2023-11-30T12:02:03","slug":"ystavyystoiminta","status":"publish","type":"page","link":"https:\/\/rotary.fi\/lahdenrotary\/mita-teemme\/nuorisovaihto\/ystavyystoiminta\/","title":{"rendered":"Yst\u00e4vyystoiminta"},"content":{"rendered":"<p>[et_pb_section fb_built=&#8221;1&#8243; module_class=&#8221;jumbotron-page&#8221; _builder_version=&#8221;4.16&#8243; background_image=&#8221;https:\/\/rotary.fi\/lahdenrotary\/wp-content\/uploads\/sites\/237\/2018\/10\/rotary_klubit_alasivu_paakuva_10.jpg&#8221; locked=&#8221;off&#8221; global_colors_info=&#8221;{}&#8221;][et_pb_row _builder_version=&#8221;4.16&#8243; background_size=&#8221;initial&#8221; background_position=&#8221;top_left&#8221; background_repeat=&#8221;repeat&#8221; global_colors_info=&#8221;{}&#8221;][et_pb_column type=&#8221;4_4&#8243; _builder_version=&#8221;4.16&#8243; custom_padding=&#8221;|||&#8221; global_colors_info=&#8221;{}&#8221; custom_padding__hover=&#8221;|||&#8221;][et_pb_text admin_label=&#8221;P\u00e4\u00e4otsikko&#8221; _builder_version=&#8221;4.22.1&#8243; text_orientation=&#8221;center&#8221; background_layout=&#8221;dark&#8221; global_colors_info=&#8221;{}&#8221;]<\/p>\n<h1>Yst\u00e4vyystoiminta<\/h1>\n<p>[\/et_pb_text][\/et_pb_column][\/et_pb_row][\/et_pb_section][et_pb_section fb_built=&#8221;1&#8243; _builder_version=&#8221;4.22.1&#8243; _module_preset=&#8221;default&#8221; global_colors_info=&#8221;{}&#8221;][et_pb_row _builder_version=&#8221;4.22.1&#8243; _module_preset=&#8221;default&#8221; custom_margin=&#8221;|auto|-26px|auto||&#8221; global_colors_info=&#8221;{}&#8221;][et_pb_column type=&#8221;4_4&#8243; _builder_version=&#8221;4.22.1&#8243; _module_preset=&#8221;default&#8221; global_colors_info=&#8221;{}&#8221;][et_pb_text admin_label=&#8221;LUT\/LAB&#8221; _builder_version=&#8221;4.22.1&#8243; _module_preset=&#8221;default&#8221; header_font_size=&#8221;35px&#8221; header_2_font_size=&#8221;25px&#8221; header_3_font_size=&#8221;20px&#8221; header_4_font_size=&#8221;15px&#8221; header_5_font_size=&#8221;13px&#8221; header_6_text_color=&#8221;#000000&#8243; header_6_font_size=&#8221;12px&#8221; hover_enabled=&#8221;0&#8243; global_colors_info=&#8221;{}&#8221; sticky_enabled=&#8221;0&#8243;]<\/p>\n<h2><strong>LUT \/ LAB-yst\u00e4v\u00e4toimintaan<\/strong><\/h2>\n<p>&nbsp;<\/p>\n<p>LUT ja LAB kehitt\u00e4v\u00e4t aikuisten ja opiskelijoiden v\u00e4list\u00e4 yst\u00e4v\u00e4toimintaa Lahteen. Yst\u00e4v\u00e4toiminnan tavoitteena on antaa ulkomaalaisille opiskelijoille mahdollisuus tutustua suomalaiseen kulttuuriin ja arkiel\u00e4m\u00e4\u00e4n. Vastavuoroisesti kotoinen arkemme kansainv\u00e4listyy, kun ulkomaalaiset opiskelijat tutustuttavat meit\u00e4 omaan maahansa ja kulttuuriinsa.<\/p>\n<p>Yst\u00e4v\u00e4perheiksi toivotaan kaikenik\u00e4isi\u00e4 ja -kokoisia perheit\u00e4 aina yksinasuvista suurperheisiin.\u00a0Yst\u00e4v\u00e4opiskelijaksi voi saada LUT-yliopiston tai LAB-ammattikorkeakoulun kansainv\u00e4lisen vaihto- tai tutkinto-opiskelijan.\u00a0Yst\u00e4v\u00e4perheelt\u00e4 ei odoteta mit\u00e4\u00e4n erityist\u00e4 ohjelmaa tai rahallisia uhrauksia, kahvittelu tai muu ajanvietto yhdess\u00e4 sovittuina ajankohtina riitt\u00e4\u00e4. Tapaamisia voi j\u00e4rjest\u00e4\u00e4 kerran viikossa, kerran kuukaudessa tai harvemmin, samalla tavalla kuin arkisessa el\u00e4m\u00e4ss\u00e4kin yst\u00e4vien kanssa sovitaan. Mit\u00e4 vaadittuun kielitaitoon tulee, peruskoulun englanninkielen taidolla ja hyv\u00e4ll\u00e4 tahdolla p\u00e4\u00e4see jo pitk\u00e4lle.<\/p>\n<p>Lahdessa yst\u00e4v\u00e4toiminta k\u00e4ynnistyi syksyll\u00e4 2023 ja t\u00e4ll\u00e4 hetkell\u00e4 etsimme paikallisia perheit\u00e4 ja aikuisia tutustumaan toimintaan. Ilmoittaudu mukaan!<\/p>\n<p><strong>Pia Kuosmanen, Lahden Rotaract-klubi<br \/><a href=\"mailto:pia.kuosmanen@ltky.fi\">pia.kuosmanen(a)ltky.fi<\/a><br \/>+358-44-9794090<br \/><\/strong><\/p>\n<p>&nbsp;<\/p>\n<p>Yst\u00e4v\u00e4toiminnasta l\u00f6ytyy lis\u00e4\u00e4 tietoa osoitteessa:<br \/><a href=\"https:\/\/elab.lab.fi\/fi\/opiskelijaelama\/kansainvalinen-ystavatoiminta\">https:\/\/elab.lab.fi\/fi\/opiskelijaelama\/kansainvalinen-ystavatoiminta<br \/><\/a><a href=\"https:\/\/elut.lut.fi\/fi\/opiskelijaelama\/kansainvalinen-ystavatoiminta\">https:\/\/elut.lut.fi\/fi\/opiskelijaelama\/kansainvalinen-ystavatoiminta<\/a><\/p>\n<p>[\/et_pb_text][et_pb_image src=&#8221;https:\/\/rotary.fi\/lahdenrotary\/wp-content\/uploads\/sites\/237\/2023\/11\/kansainvalinen-ystavatoiminta-lahti-02.png&#8221; title_text=&#8221;Kansainvalinen-ystavatoiminta_LAHTI_02&#8243; _builder_version=&#8221;4.22.1&#8243; _module_preset=&#8221;default&#8221; global_colors_info=&#8221;{}&#8221;][\/et_pb_image][et_pb_divider show_divider=&#8221;off&#8221; _builder_version=&#8221;4.22.1&#8243; _module_preset=&#8221;default&#8221; global_colors_info=&#8221;{}&#8221;][\/et_pb_divider][\/et_pb_column][\/et_pb_row][\/et_pb_section]<\/p>\n","protected":false},"excerpt":{"rendered":"<p>Yst\u00e4vyystoimintaLUT \/ LAB-yst\u00e4v\u00e4toimintaan &nbsp; LUT ja LAB kehitt\u00e4v\u00e4t aikuisten ja opiskelijoiden v\u00e4list\u00e4 yst\u00e4v\u00e4toimintaa Lahteen. Yst\u00e4v\u00e4toiminnan tavoitteena on antaa ulkomaalaisille opiskelijoille mahdollisuus tutustua suomalaiseen kulttuuriin ja arkiel\u00e4m\u00e4\u00e4n. Vastavuoroisesti kotoinen arkemme kansainv\u00e4listyy, kun ulkomaalaiset opiskelijat tutustuttavat meit\u00e4 omaan maahansa ja kulttuuriinsa. Yst\u00e4v\u00e4perheiksi toivotaan kaikenik\u00e4isi\u00e4 ja -kokoisia perheit\u00e4 aina yksinasuvista suurperheisiin.\u00a0Yst\u00e4v\u00e4opiskelijaksi voi saada LUT-yliopiston tai LAB-ammattikorkeakoulun kansainv\u00e4lisen vaihto- [&hellip;]<\/p>\n","protected":false},"author":619,"featured_media":0,"parent":154,"menu_order":0,"comment_status":"closed","ping_status":"closed","template":"","meta":{"_acf_changed":false,"_et_pb_use_builder":"on","_et_pb_old_content":"","_et_gb_content_width":"","footnotes":""},"class_list":["post-1983","page","type-page","status-publish","hentry"],"acf":[],"yoast_head":"<!-- This site is optimized with the Yoast SEO plugin v27.0 - https:\/\/yoast.com\/product\/yoast-seo-wordpress\/ -->\n<title>Yst\u00e4vyystoiminta - Lahden Rotaryklubi ry<\/title>\n<meta name=\"robots\" content=\"index, follow, max-snippet:-1, max-image-preview:large, max-video-preview:-1\" \/>\n<link rel=\"canonical\" href=\"https:\/\/rotary.fi\/lahdenrotary\/mita-teemme\/nuorisovaihto\/ystavyystoiminta\/\" \/>\n<meta property=\"og:locale\" content=\"fi_FI\" \/>\n<meta property=\"og:type\" content=\"article\" \/>\n<meta property=\"og:title\" content=\"Yst\u00e4vyystoiminta - Lahden Rotaryklubi ry\" \/>\n<meta property=\"og:description\" content=\"Yst\u00e4vyystoimintaLUT \/ LAB-yst\u00e4v\u00e4toimintaan &nbsp; LUT ja LAB kehitt\u00e4v\u00e4t aikuisten ja opiskelijoiden v\u00e4list\u00e4 yst\u00e4v\u00e4toimintaa Lahteen. Yst\u00e4v\u00e4toiminnan tavoitteena on antaa ulkomaalaisille opiskelijoille mahdollisuus tutustua suomalaiseen kulttuuriin ja arkiel\u00e4m\u00e4\u00e4n. Vastavuoroisesti kotoinen arkemme kansainv\u00e4listyy, kun ulkomaalaiset opiskelijat tutustuttavat meit\u00e4 omaan maahansa ja kulttuuriinsa. Yst\u00e4v\u00e4perheiksi toivotaan kaikenik\u00e4isi\u00e4 ja -kokoisia perheit\u00e4 aina yksinasuvista suurperheisiin.\u00a0Yst\u00e4v\u00e4opiskelijaksi voi saada LUT-yliopiston tai LAB-ammattikorkeakoulun kansainv\u00e4lisen vaihto- [&hellip;]\" \/>\n<meta property=\"og:url\" content=\"https:\/\/rotary.fi\/lahdenrotary\/mita-teemme\/nuorisovaihto\/ystavyystoiminta\/\" \/>\n<meta property=\"og:site_name\" content=\"Lahden Rotaryklubi ry\" \/>\n<meta property=\"article:modified_time\" content=\"2023-11-30T12:02:03+00:00\" \/>\n<meta name=\"twitter:card\" content=\"summary_large_image\" \/>\n<meta name=\"twitter:label1\" content=\"Arvioitu lukuaika\" \/>\n\t<meta name=\"twitter:data1\" content=\"2 minuuttia\" \/>\n<script type=\"application\/ld+json\" class=\"yoast-schema-graph\">{\"@context\":\"https:\/\/schema.org\",\"@graph\":[{\"@type\":\"WebPage\",\"@id\":\"https:\/\/rotary.fi\/lahdenrotary\/mita-teemme\/nuorisovaihto\/ystavyystoiminta\/\",\"url\":\"https:\/\/rotary.fi\/lahdenrotary\/mita-teemme\/nuorisovaihto\/ystavyystoiminta\/\",\"name\":\"Yst\u00e4vyystoiminta - Lahden Rotaryklubi ry\",\"isPartOf\":{\"@id\":\"https:\/\/rotary.fi\/lahdenrotary\/#website\"},\"datePublished\":\"2023-11-25T18:46:33+00:00\",\"dateModified\":\"2023-11-30T12:02:03+00:00\",\"breadcrumb\":{\"@id\":\"https:\/\/rotary.fi\/lahdenrotary\/mita-teemme\/nuorisovaihto\/ystavyystoiminta\/#breadcrumb\"},\"inLanguage\":\"fi\",\"potentialAction\":[{\"@type\":\"ReadAction\",\"target\":[\"https:\/\/rotary.fi\/lahdenrotary\/mita-teemme\/nuorisovaihto\/ystavyystoiminta\/\"]}]},{\"@type\":\"BreadcrumbList\",\"@id\":\"https:\/\/rotary.fi\/lahdenrotary\/mita-teemme\/nuorisovaihto\/ystavyystoiminta\/#breadcrumb\",\"itemListElement\":[{\"@type\":\"ListItem\",\"position\":1,\"name\":\"Home\",\"item\":\"https:\/\/rotary.fi\/lahdenrotary\/\"},{\"@type\":\"ListItem\",\"position\":2,\"name\":\"Mit\u00e4 teemme\",\"item\":\"https:\/\/rotary.fi\/lahdenrotary\/mita-teemme\/\"},{\"@type\":\"ListItem\",\"position\":3,\"name\":\"Nuorisovaihto\",\"item\":\"https:\/\/rotary.fi\/lahdenrotary\/mita-teemme\/nuorisovaihto\/\"},{\"@type\":\"ListItem\",\"position\":4,\"name\":\"Yst\u00e4vyystoiminta\"}]},{\"@type\":\"WebSite\",\"@id\":\"https:\/\/rotary.fi\/lahdenrotary\/#website\",\"url\":\"https:\/\/rotary.fi\/lahdenrotary\/\",\"name\":\"Lahden Rotaryklubi ry\",\"description\":\"Uusi Rotary klubisivusto\",\"potentialAction\":[{\"@type\":\"SearchAction\",\"target\":{\"@type\":\"EntryPoint\",\"urlTemplate\":\"https:\/\/rotary.fi\/lahdenrotary\/?s={search_term_string}\"},\"query-input\":{\"@type\":\"PropertyValueSpecification\",\"valueRequired\":true,\"valueName\":\"search_term_string\"}}],\"inLanguage\":\"fi\"}]}<\/script>\n<!-- \/ Yoast SEO plugin. -->","yoast_head_json":{"title":"Yst\u00e4vyystoiminta - Lahden Rotaryklubi ry","robots":{"index":"index","follow":"follow","max-snippet":"max-snippet:-1","max-image-preview":"max-image-preview:large","max-video-preview":"max-video-preview:-1"},"canonical":"https:\/\/rotary.fi\/lahdenrotary\/mita-teemme\/nuorisovaihto\/ystavyystoiminta\/","og_locale":"fi_FI","og_type":"article","og_title":"Yst\u00e4vyystoiminta - Lahden Rotaryklubi ry","og_description":"Yst\u00e4vyystoimintaLUT \/ LAB-yst\u00e4v\u00e4toimintaan &nbsp; LUT ja LAB kehitt\u00e4v\u00e4t aikuisten ja opiskelijoiden v\u00e4list\u00e4 yst\u00e4v\u00e4toimintaa Lahteen. Yst\u00e4v\u00e4toiminnan tavoitteena on antaa ulkomaalaisille opiskelijoille mahdollisuus tutustua suomalaiseen kulttuuriin ja arkiel\u00e4m\u00e4\u00e4n. Vastavuoroisesti kotoinen arkemme kansainv\u00e4listyy, kun ulkomaalaiset opiskelijat tutustuttavat meit\u00e4 omaan maahansa ja kulttuuriinsa. Yst\u00e4v\u00e4perheiksi toivotaan kaikenik\u00e4isi\u00e4 ja -kokoisia perheit\u00e4 aina yksinasuvista suurperheisiin.\u00a0Yst\u00e4v\u00e4opiskelijaksi voi saada LUT-yliopiston tai LAB-ammattikorkeakoulun kansainv\u00e4lisen vaihto- [&hellip;]","og_url":"https:\/\/rotary.fi\/lahdenrotary\/mita-teemme\/nuorisovaihto\/ystavyystoiminta\/","og_site_name":"Lahden Rotaryklubi ry","article_modified_time":"2023-11-30T12:02:03+00:00","twitter_card":"summary_large_image","twitter_misc":{"Arvioitu lukuaika":"2 minuuttia"},"schema":{"@context":"https:\/\/schema.org","@graph":[{"@type":"WebPage","@id":"https:\/\/rotary.fi\/lahdenrotary\/mita-teemme\/nuorisovaihto\/ystavyystoiminta\/","url":"https:\/\/rotary.fi\/lahdenrotary\/mita-teemme\/nuorisovaihto\/ystavyystoiminta\/","name":"Yst\u00e4vyystoiminta - Lahden Rotaryklubi ry","isPartOf":{"@id":"https:\/\/rotary.fi\/lahdenrotary\/#website"},"datePublished":"2023-11-25T18:46:33+00:00","dateModified":"2023-11-30T12:02:03+00:00","breadcrumb":{"@id":"https:\/\/rotary.fi\/lahdenrotary\/mita-teemme\/nuorisovaihto\/ystavyystoiminta\/#breadcrumb"},"inLanguage":"fi","potentialAction":[{"@type":"ReadAction","target":["https:\/\/rotary.fi\/lahdenrotary\/mita-teemme\/nuorisovaihto\/ystavyystoiminta\/"]}]},{"@type":"BreadcrumbList","@id":"https:\/\/rotary.fi\/lahdenrotary\/mita-teemme\/nuorisovaihto\/ystavyystoiminta\/#breadcrumb","itemListElement":[{"@type":"ListItem","position":1,"name":"Home","item":"https:\/\/rotary.fi\/lahdenrotary\/"},{"@type":"ListItem","position":2,"name":"Mit\u00e4 teemme","item":"https:\/\/rotary.fi\/lahdenrotary\/mita-teemme\/"},{"@type":"ListItem","position":3,"name":"Nuorisovaihto","item":"https:\/\/rotary.fi\/lahdenrotary\/mita-teemme\/nuorisovaihto\/"},{"@type":"ListItem","position":4,"name":"Yst\u00e4vyystoiminta"}]},{"@type":"WebSite","@id":"https:\/\/rotary.fi\/lahdenrotary\/#website","url":"https:\/\/rotary.fi\/lahdenrotary\/","name":"Lahden Rotaryklubi ry","description":"Uusi Rotary klubisivusto","potentialAction":[{"@type":"SearchAction","target":{"@type":"EntryPoint","urlTemplate":"https:\/\/rotary.fi\/lahdenrotary\/?s={search_term_string}"},"query-input":{"@type":"PropertyValueSpecification","valueRequired":true,"valueName":"search_term_string"}}],"inLanguage":"fi"}]}},"lang":"fi","translations":{"fi":1983},"pll_sync_post":[],"_links":{"self":[{"href":"https:\/\/rotary.fi\/lahdenrotary\/wp-json\/wp\/v2\/pages\/1983","targetHints":{"allow":["GET"]}}],"collection":[{"href":"https:\/\/rotary.fi\/lahdenrotary\/wp-json\/wp\/v2\/pages"}],"about":[{"href":"https:\/\/rotary.fi\/lahdenrotary\/wp-json\/wp\/v2\/types\/page"}],"author":[{"embeddable":true,"href":"https:\/\/rotary.fi\/lahdenrotary\/wp-json\/wp\/v2\/users\/619"}],"replies":[{"embeddable":true,"href":"https:\/\/rotary.fi\/lahdenrotary\/wp-json\/wp\/v2\/comments?post=1983"}],"version-history":[{"count":9,"href":"https:\/\/rotary.fi\/lahdenrotary\/wp-json\/wp\/v2\/pages\/1983\/revisions"}],"predecessor-version":[{"id":2338,"href":"https:\/\/rotary.fi\/lahdenrotary\/wp-json\/wp\/v2\/pages\/1983\/revisions\/2338"}],"up":[{"embeddable":true,"href":"https:\/\/rotary.fi\/lahdenrotary\/wp-json\/wp\/v2\/pages\/154"}],"wp:attachment":[{"href":"https:\/\/rotary.fi\/lahdenrotary\/wp-json\/wp\/v2\/media?parent=1983"}],"curies":[{"name":"wp","href":"https:\/\/api.w.org\/{rel}","templated":true}]}}