{"id":1876,"date":"2023-09-05T00:03:52","date_gmt":"2023-09-04T21:03:52","guid":{"rendered":"https:\/\/rotary.fi\/lahdenrotary\/?page_id=1876"},"modified":"2025-08-31T23:31:49","modified_gmt":"2025-08-31T20:31:49","slug":"isantaperheeksi","status":"publish","type":"page","link":"https:\/\/rotary.fi\/lahdenrotary\/mita-teemme\/nuorisovaihto\/isantaperheeksi\/","title":{"rendered":"Is\u00e4nt\u00e4perheeksi"},"content":{"rendered":"<p>[et_pb_section fb_built=&#8221;1&#8243; module_class=&#8221;jumbotron-page&#8221; _builder_version=&#8221;4.16&#8243; background_image=&#8221;https:\/\/rotary.fi\/lahdenrotary\/wp-content\/uploads\/sites\/237\/2018\/10\/rotary_klubit_alasivu_paakuva_9.jpg&#8221; global_colors_info=&#8221;{}&#8221;][et_pb_row _builder_version=&#8221;4.16&#8243; background_size=&#8221;initial&#8221; background_position=&#8221;top_left&#8221; background_repeat=&#8221;repeat&#8221; global_colors_info=&#8221;{}&#8221;][et_pb_column type=&#8221;4_4&#8243; _builder_version=&#8221;4.16&#8243; custom_padding=&#8221;|||&#8221; global_colors_info=&#8221;{}&#8221; custom_padding__hover=&#8221;|||&#8221;][et_pb_text admin_label=&#8221;P\u00e4\u00e4otsikko&#8221; _builder_version=&#8221;4.22.1&#8243; header_font_size=&#8221;60px&#8221; text_orientation=&#8221;center&#8221; background_layout=&#8221;dark&#8221; global_colors_info=&#8221;{}&#8221;]<\/p>\n<h1><strong>Is\u00e4nt\u00e4perheeksi<\/strong><\/h1>\n<p>[\/et_pb_text][\/et_pb_column][\/et_pb_row][\/et_pb_section][et_pb_section fb_built=&#8221;1&#8243; specialty=&#8221;on&#8221; module_class_2=&#8221;sivupalkki&#8221; _builder_version=&#8221;4.16&#8243; global_colors_info=&#8221;{}&#8221;][et_pb_column type=&#8221;2_3&#8243; specialty_columns=&#8221;2&#8243; _builder_version=&#8221;4.16&#8243; custom_padding=&#8221;|||&#8221; global_colors_info=&#8221;{}&#8221; parallax__hover=&#8221;off&#8221; parallax_method__hover=&#8221;on&#8221; custom_padding__hover=&#8221;|||&#8221;][et_pb_row_inner admin_label=&#8221;Rivi&#8221; _builder_version=&#8221;4.16&#8243; global_colors_info=&#8221;{}&#8221;][et_pb_column_inner saved_specialty_column_type=&#8221;2_3&#8243; _builder_version=&#8221;4.16&#8243; custom_padding=&#8221;|||&#8221; global_colors_info=&#8221;{}&#8221; parallax__hover=&#8221;off&#8221; parallax_method__hover=&#8221;on&#8221; custom_padding__hover=&#8221;|||&#8221;][et_pb_text admin_label=&#8221;Kiinnostaako tarjota koti? &#8211; Otsikko&#8221; _builder_version=&#8221;4.27.0&#8243; text_orientation=&#8221;center&#8221; custom_padding=&#8221;8px|||||&#8221; global_colors_info=&#8221;{}&#8221;]<\/p>\n<h3>Kiinnostaako sinua tarjota koti nuorisovaihtoon tulevalle?<\/h3>\n<p>[\/et_pb_text][et_pb_text _builder_version=&#8221;4.27.0&#8243; header_font_size=&#8221;35px&#8221; header_2_font_size=&#8221;25px&#8221; header_3_font_size=&#8221;20px&#8221; header_4_font_size=&#8221;15px&#8221; header_5_font_size=&#8221;13px&#8221; header_6_font_size=&#8221;12px&#8221; global_colors_info=&#8221;{}&#8221;]<\/p>\n<p>Hyv\u00e4 yst\u00e4v\u00e4,<\/p>\n<p>Kiinnostaako Sinua, perhett\u00e4si, lapsiesi perheit\u00e4, tai laajaa verkostoasi (yst\u00e4v\u00e4t, sukulaiset, liikekumppanit, ty\u00f6toverit jne.) tarjota koti nuorisovaihtoon tulevalle vaihto-oppilaallemme rotarykausilla 2026-2027?\u200b<\/p>\n<blockquote class=\"wp-embedded-content\" data-secret=\"DMZldcmwbf\"><p><a href=\"https:\/\/rye.fi\/isantaperheeksi\/miksi-isantaperheeksi\/\">Miksi is\u00e4nt\u00e4perheeksi<\/a><\/p><\/blockquote>\n<p><iframe loading=\"lazy\" class=\"wp-embedded-content\" sandbox=\"allow-scripts\" security=\"restricted\" style=\"position: absolute; visibility: hidden;\" title=\"&#8221;Miksi is\u00e4nt\u00e4perheeksi&#8221; &#8212; Youth Exchange Finland &amp; Estonia\" src=\"https:\/\/rye.fi\/isantaperheeksi\/miksi-isantaperheeksi\/embed\/#?secret=5YjdE60Oiu#?secret=DMZldcmwbf\" data-secret=\"DMZldcmwbf\" width=\"600\" height=\"338\" frameborder=\"0\" marginwidth=\"0\" marginheight=\"0\" scrolling=\"no\"><\/iframe><\/p>\n<p>Yksi rotarytoiminnan n\u00e4kyv\u00e4 muoto on nuorisovaihdon organisointi. Kiinnostaisiko sinua tarjota vaihtoon tulevalle koti noin 3-4 kuukaudeksi? My\u00f6s lyhyemm\u00e4tkin ajat mahdollisia.<\/p>\n<p>Ota yhteytt\u00e4 Nastolan Rotaryklubin nuorisovaihtoasiamies Juha Virtalaan, puh. 040 5538682, juha.virtala(a)dnainternet.net<\/p>\n<p>Rotaryklubit huolehtivat mm. saapuvan vaihto-oppilaan koulukustannuksista. Nuori saa my\u00f6s pient\u00e4 kuukausirahaa rotaryklubiltaan. Vastaanottava perhe ottaa nuoren perheenj\u00e4senekseen. Perhe ei saa rahallista korvausta nuoren yll\u00e4pidosta. Sen sijaan tulee mahdollisuus tarjota koti, tutustua uuteen kulttuuriin ja oppia kielt\u00e4. Nuori on vaihtovuoden aikana yleens\u00e4 kolmessa perheess\u00e4, noin nelj\u00e4 kuukautta jokaisessa, joten saapuville vaihto-oppilaille tarvitaan jatkuvasti is\u00e4nt\u00e4perheit\u00e4.<\/p>\n<p>Kun haluat tarjota turvallisen kodin Suomeen saapuvalle nuorelle, ota yhteytt\u00e4 klubimme nuorisovaihtoasiamieheen. Rotaryn nuorisovaihto on valvottua ja sertifioitua toimintaa. Lis\u00e4tietoja Rotaryn nuorisovaihdon sivulta <a href=\"https:\/\/rye.fi\/\">www.rye.fi<\/a><\/p>\n<p>Vaihtovuoden yksi tavoite on vaihto-oppilaan suomenkielen oppiminen, eli voitte puhua reilusti suomea vaihto-oppilaan kanssa.<\/p>\n<p>&nbsp;<\/p>\n<p><strong>HY\u00d6TY IS\u00c4NT\u00c4PERHEELLE:<\/strong><\/p>\n<p>Is\u00e4nt\u00e4perhe saa n\u00e4in vieraan kielen &#8221;opettajan&#8221; ja p\u00e4\u00e4see samalla tutustumaan vaihto-oppilaan omaan kulttuuriin, matkailuun, maantieteeseen ja maan tapoihin.<\/p>\n<p>Is\u00e4nt\u00e4perheen t\u00e4rkein teht\u00e4v\u00e4 on olla l\u00e4sn\u00e4 vaihto-oppilaan el\u00e4m\u00e4ss\u00e4 ja tarjota h\u00e4nelle koti kaukana kotoa. Perheet ovat nyky-yhteiskunnassa kovin monimuotoisia ja niinp\u00e4 my\u00f6s is\u00e4nt\u00e4perheiksi sopivat monenlaiset perheet. Usein ajatellaan, ett\u00e4 perheess\u00e4 pit\u00e4isi olla omia teini-ik\u00e4isi\u00e4 nuoria, jotta se olisi sopiva is\u00e4nn\u00f6im\u00e4\u00e4n vaihto-oppilasta. Se ei kuitenkaan ole vaatimuksena, sill\u00e4 kokemus on osoittanut, ett\u00e4 monissa eri el\u00e4m\u00e4ntilanteissa olevat perheet onnistuvat teht\u00e4v\u00e4ss\u00e4, mik\u00e4li heill\u00e4 vain on mahdollisuus antaa aikaa ja olla l\u00e4sn\u00e4 oppilaalle. Siis muistakaa, el\u00e4kel\u00e4isetkin, joilta on jo omat lapset l\u00e4hteneet kotoa tai lapsettomat paritkin ovat hyvi\u00e4 is\u00e4nt\u00e4perheit\u00e4.<\/p>\n<p>&nbsp;<\/p>\n<p><strong>Is\u00e4nt\u00e4perheiden haastatteluja l\u00f6ytyy Instagramistamme.<\/strong><\/p>\n<p>Haastattelu <a href=\"https:\/\/www.instagram.com\/p\/CzrJWs6Kdtr\/?utm_source=ig_web_copy_link&amp;igshid=MzRlODBiNWFlZA==\">osa 1<\/a>, <a href=\"https:\/\/www.instagram.com\/p\/CzrJcO_K8t5\/?utm_source=ig_web_copy_link&amp;igshid=MzRlODBiNWFlZA==\">osa 2<\/a> ja <a href=\"https:\/\/www.instagram.com\/p\/Cz8LyMBquBb\/?utm_source=ig_web_copy_link&amp;igshid=MzRlODBiNWFlZA==\">osa 3<\/a><\/p>\n<p>[\/et_pb_text][et_pb_divider show_divider=&#8221;off&#8221; admin_label=&#8221;Jakaja&#8221; _builder_version=&#8221;4.22.1&#8243; _module_preset=&#8221;default&#8221; global_colors_info=&#8221;{}&#8221;][\/et_pb_divider][et_pb_image src=&#8221;https:\/\/rotary.fi\/lahdenrotary\/wp-content\/uploads\/sites\/237\/2023\/08\/isantaperhemainos-01.jpg&#8221; title_text=&#8221;is\u00e4nt\u00e4perhemainos_01&#8243; _builder_version=&#8221;4.22.1&#8243; _module_preset=&#8221;default&#8221; global_colors_info=&#8221;{}&#8221;][\/et_pb_image][\/et_pb_column_inner][\/et_pb_row_inner][\/et_pb_column][et_pb_column type=&#8221;1_3&#8243; module_class=&#8221;sivupalkki&#8221; _builder_version=&#8221;4.16&#8243; custom_padding=&#8221;|||&#8221; global_colors_info=&#8221;{}&#8221; parallax__hover=&#8221;off&#8221; parallax_method__hover=&#8221;on&#8221; module_class__hover=&#8221;sivupalkki&#8221; custom_padding__hover=&#8221;|||&#8221;][et_pb_sidebar area=&#8221;sidebar-1&#8243; module_class=&#8221;sivupalkki_sisalto&#8221; _builder_version=&#8221;4.16&#8243; locked=&#8221;on&#8221; global_colors_info=&#8221;{}&#8221;][\/et_pb_sidebar][\/et_pb_column][\/et_pb_section]<\/p>\n","protected":false},"excerpt":{"rendered":"<p>Is\u00e4nt\u00e4perheeksi Kiinnostaako sinua tarjota koti nuorisovaihtoon tulevalle? Hyv\u00e4 yst\u00e4v\u00e4, Kiinnostaako Sinua, perhett\u00e4si, lapsiesi perheit\u00e4, tai laajaa verkostoasi (yst\u00e4v\u00e4t, sukulaiset, liikekumppanit, ty\u00f6toverit jne.) tarjota koti nuorisovaihtoon tulevalle vaihto-oppilaallemme rotarykausilla 2026-2027?\u200b https:\/\/rye.fi\/isantaperheeksi\/miksi-isantaperheeksi\/ Yksi rotarytoiminnan n\u00e4kyv\u00e4 muoto on nuorisovaihdon organisointi. Kiinnostaisiko sinua tarjota vaihtoon tulevalle koti noin 3-4 kuukaudeksi? My\u00f6s lyhyemm\u00e4tkin ajat mahdollisia. Ota yhteytt\u00e4 Nastolan Rotaryklubin nuorisovaihtoasiamies [&hellip;]<\/p>\n","protected":false},"author":619,"featured_media":0,"parent":154,"menu_order":0,"comment_status":"closed","ping_status":"closed","template":"","meta":{"_acf_changed":false,"_et_pb_use_builder":"on","_et_pb_old_content":"","_et_gb_content_width":"","footnotes":""},"class_list":["post-1876","page","type-page","status-publish","hentry"],"acf":[],"yoast_head":"<!-- This site is optimized with the Yoast SEO plugin v27.4 - https:\/\/yoast.com\/product\/yoast-seo-wordpress\/ -->\n<title>Is\u00e4nt\u00e4perheeksi - Lahden Rotaryklubi ry<\/title>\n<meta name=\"robots\" content=\"index, follow, max-snippet:-1, max-image-preview:large, max-video-preview:-1\" \/>\n<link rel=\"canonical\" href=\"https:\/\/rotary.fi\/lahdenrotary\/mita-teemme\/nuorisovaihto\/isantaperheeksi\/\" \/>\n<meta property=\"og:locale\" content=\"fi_FI\" \/>\n<meta property=\"og:type\" content=\"article\" \/>\n<meta property=\"og:title\" content=\"Is\u00e4nt\u00e4perheeksi - Lahden Rotaryklubi ry\" \/>\n<meta property=\"og:description\" content=\"Is\u00e4nt\u00e4perheeksi Kiinnostaako sinua tarjota koti nuorisovaihtoon tulevalle? Hyv\u00e4 yst\u00e4v\u00e4, Kiinnostaako Sinua, perhett\u00e4si, lapsiesi perheit\u00e4, tai laajaa verkostoasi (yst\u00e4v\u00e4t, sukulaiset, liikekumppanit, ty\u00f6toverit jne.) tarjota koti nuorisovaihtoon tulevalle vaihto-oppilaallemme rotarykausilla 2026-2027?\u200b https:\/\/rye.fi\/isantaperheeksi\/miksi-isantaperheeksi\/ Yksi rotarytoiminnan n\u00e4kyv\u00e4 muoto on nuorisovaihdon organisointi. Kiinnostaisiko sinua tarjota vaihtoon tulevalle koti noin 3-4 kuukaudeksi? My\u00f6s lyhyemm\u00e4tkin ajat mahdollisia. Ota yhteytt\u00e4 Nastolan Rotaryklubin nuorisovaihtoasiamies [&hellip;]\" \/>\n<meta property=\"og:url\" content=\"https:\/\/rotary.fi\/lahdenrotary\/mita-teemme\/nuorisovaihto\/isantaperheeksi\/\" \/>\n<meta property=\"og:site_name\" content=\"Lahden Rotaryklubi ry\" \/>\n<meta property=\"article:modified_time\" content=\"2025-08-31T20:31:49+00:00\" \/>\n<meta name=\"twitter:card\" content=\"summary_large_image\" \/>\n<meta name=\"twitter:label1\" content=\"Arvioitu lukuaika\" \/>\n\t<meta name=\"twitter:data1\" content=\"3 minuuttia\" \/>\n<script type=\"application\/ld+json\" class=\"yoast-schema-graph\">{\"@context\":\"https:\\\/\\\/schema.org\",\"@graph\":[{\"@type\":\"WebPage\",\"@id\":\"https:\\\/\\\/rotary.fi\\\/lahdenrotary\\\/mita-teemme\\\/nuorisovaihto\\\/isantaperheeksi\\\/\",\"url\":\"https:\\\/\\\/rotary.fi\\\/lahdenrotary\\\/mita-teemme\\\/nuorisovaihto\\\/isantaperheeksi\\\/\",\"name\":\"Is\u00e4nt\u00e4perheeksi - Lahden Rotaryklubi ry\",\"isPartOf\":{\"@id\":\"https:\\\/\\\/rotary.fi\\\/lahdenrotary\\\/#website\"},\"datePublished\":\"2023-09-04T21:03:52+00:00\",\"dateModified\":\"2025-08-31T20:31:49+00:00\",\"breadcrumb\":{\"@id\":\"https:\\\/\\\/rotary.fi\\\/lahdenrotary\\\/mita-teemme\\\/nuorisovaihto\\\/isantaperheeksi\\\/#breadcrumb\"},\"inLanguage\":\"fi\",\"potentialAction\":[{\"@type\":\"ReadAction\",\"target\":[\"https:\\\/\\\/rotary.fi\\\/lahdenrotary\\\/mita-teemme\\\/nuorisovaihto\\\/isantaperheeksi\\\/\"]}]},{\"@type\":\"BreadcrumbList\",\"@id\":\"https:\\\/\\\/rotary.fi\\\/lahdenrotary\\\/mita-teemme\\\/nuorisovaihto\\\/isantaperheeksi\\\/#breadcrumb\",\"itemListElement\":[{\"@type\":\"ListItem\",\"position\":1,\"name\":\"Home\",\"item\":\"https:\\\/\\\/rotary.fi\\\/lahdenrotary\\\/\"},{\"@type\":\"ListItem\",\"position\":2,\"name\":\"Mit\u00e4 teemme\",\"item\":\"https:\\\/\\\/rotary.fi\\\/lahdenrotary\\\/mita-teemme\\\/\"},{\"@type\":\"ListItem\",\"position\":3,\"name\":\"Nuorisovaihto\",\"item\":\"https:\\\/\\\/rotary.fi\\\/lahdenrotary\\\/mita-teemme\\\/nuorisovaihto\\\/\"},{\"@type\":\"ListItem\",\"position\":4,\"name\":\"Is\u00e4nt\u00e4perheeksi\"}]},{\"@type\":\"WebSite\",\"@id\":\"https:\\\/\\\/rotary.fi\\\/lahdenrotary\\\/#website\",\"url\":\"https:\\\/\\\/rotary.fi\\\/lahdenrotary\\\/\",\"name\":\"Lahden Rotaryklubi ry\",\"description\":\"Uusi Rotary klubisivusto\",\"potentialAction\":[{\"@type\":\"SearchAction\",\"target\":{\"@type\":\"EntryPoint\",\"urlTemplate\":\"https:\\\/\\\/rotary.fi\\\/lahdenrotary\\\/?s={search_term_string}\"},\"query-input\":{\"@type\":\"PropertyValueSpecification\",\"valueRequired\":true,\"valueName\":\"search_term_string\"}}],\"inLanguage\":\"fi\"}]}<\/script>\n<!-- \/ Yoast SEO plugin. -->","yoast_head_json":{"title":"Is\u00e4nt\u00e4perheeksi - Lahden Rotaryklubi ry","robots":{"index":"index","follow":"follow","max-snippet":"max-snippet:-1","max-image-preview":"max-image-preview:large","max-video-preview":"max-video-preview:-1"},"canonical":"https:\/\/rotary.fi\/lahdenrotary\/mita-teemme\/nuorisovaihto\/isantaperheeksi\/","og_locale":"fi_FI","og_type":"article","og_title":"Is\u00e4nt\u00e4perheeksi - Lahden Rotaryklubi ry","og_description":"Is\u00e4nt\u00e4perheeksi Kiinnostaako sinua tarjota koti nuorisovaihtoon tulevalle? Hyv\u00e4 yst\u00e4v\u00e4, Kiinnostaako Sinua, perhett\u00e4si, lapsiesi perheit\u00e4, tai laajaa verkostoasi (yst\u00e4v\u00e4t, sukulaiset, liikekumppanit, ty\u00f6toverit jne.) tarjota koti nuorisovaihtoon tulevalle vaihto-oppilaallemme rotarykausilla 2026-2027?\u200b https:\/\/rye.fi\/isantaperheeksi\/miksi-isantaperheeksi\/ Yksi rotarytoiminnan n\u00e4kyv\u00e4 muoto on nuorisovaihdon organisointi. Kiinnostaisiko sinua tarjota vaihtoon tulevalle koti noin 3-4 kuukaudeksi? My\u00f6s lyhyemm\u00e4tkin ajat mahdollisia. Ota yhteytt\u00e4 Nastolan Rotaryklubin nuorisovaihtoasiamies [&hellip;]","og_url":"https:\/\/rotary.fi\/lahdenrotary\/mita-teemme\/nuorisovaihto\/isantaperheeksi\/","og_site_name":"Lahden Rotaryklubi ry","article_modified_time":"2025-08-31T20:31:49+00:00","twitter_card":"summary_large_image","twitter_misc":{"Arvioitu lukuaika":"3 minuuttia"},"schema":{"@context":"https:\/\/schema.org","@graph":[{"@type":"WebPage","@id":"https:\/\/rotary.fi\/lahdenrotary\/mita-teemme\/nuorisovaihto\/isantaperheeksi\/","url":"https:\/\/rotary.fi\/lahdenrotary\/mita-teemme\/nuorisovaihto\/isantaperheeksi\/","name":"Is\u00e4nt\u00e4perheeksi - Lahden Rotaryklubi ry","isPartOf":{"@id":"https:\/\/rotary.fi\/lahdenrotary\/#website"},"datePublished":"2023-09-04T21:03:52+00:00","dateModified":"2025-08-31T20:31:49+00:00","breadcrumb":{"@id":"https:\/\/rotary.fi\/lahdenrotary\/mita-teemme\/nuorisovaihto\/isantaperheeksi\/#breadcrumb"},"inLanguage":"fi","potentialAction":[{"@type":"ReadAction","target":["https:\/\/rotary.fi\/lahdenrotary\/mita-teemme\/nuorisovaihto\/isantaperheeksi\/"]}]},{"@type":"BreadcrumbList","@id":"https:\/\/rotary.fi\/lahdenrotary\/mita-teemme\/nuorisovaihto\/isantaperheeksi\/#breadcrumb","itemListElement":[{"@type":"ListItem","position":1,"name":"Home","item":"https:\/\/rotary.fi\/lahdenrotary\/"},{"@type":"ListItem","position":2,"name":"Mit\u00e4 teemme","item":"https:\/\/rotary.fi\/lahdenrotary\/mita-teemme\/"},{"@type":"ListItem","position":3,"name":"Nuorisovaihto","item":"https:\/\/rotary.fi\/lahdenrotary\/mita-teemme\/nuorisovaihto\/"},{"@type":"ListItem","position":4,"name":"Is\u00e4nt\u00e4perheeksi"}]},{"@type":"WebSite","@id":"https:\/\/rotary.fi\/lahdenrotary\/#website","url":"https:\/\/rotary.fi\/lahdenrotary\/","name":"Lahden Rotaryklubi ry","description":"Uusi Rotary klubisivusto","potentialAction":[{"@type":"SearchAction","target":{"@type":"EntryPoint","urlTemplate":"https:\/\/rotary.fi\/lahdenrotary\/?s={search_term_string}"},"query-input":{"@type":"PropertyValueSpecification","valueRequired":true,"valueName":"search_term_string"}}],"inLanguage":"fi"}]}},"lang":"fi","translations":{"fi":1876},"pll_sync_post":[],"_links":{"self":[{"href":"https:\/\/rotary.fi\/lahdenrotary\/wp-json\/wp\/v2\/pages\/1876","targetHints":{"allow":["GET"]}}],"collection":[{"href":"https:\/\/rotary.fi\/lahdenrotary\/wp-json\/wp\/v2\/pages"}],"about":[{"href":"https:\/\/rotary.fi\/lahdenrotary\/wp-json\/wp\/v2\/types\/page"}],"author":[{"embeddable":true,"href":"https:\/\/rotary.fi\/lahdenrotary\/wp-json\/wp\/v2\/users\/619"}],"replies":[{"embeddable":true,"href":"https:\/\/rotary.fi\/lahdenrotary\/wp-json\/wp\/v2\/comments?post=1876"}],"version-history":[{"count":10,"href":"https:\/\/rotary.fi\/lahdenrotary\/wp-json\/wp\/v2\/pages\/1876\/revisions"}],"predecessor-version":[{"id":2850,"href":"https:\/\/rotary.fi\/lahdenrotary\/wp-json\/wp\/v2\/pages\/1876\/revisions\/2850"}],"up":[{"embeddable":true,"href":"https:\/\/rotary.fi\/lahdenrotary\/wp-json\/wp\/v2\/pages\/154"}],"wp:attachment":[{"href":"https:\/\/rotary.fi\/lahdenrotary\/wp-json\/wp\/v2\/media?parent=1876"}],"curies":[{"name":"wp","href":"https:\/\/api.w.org\/{rel}","templated":true}]}}