{"id":1869,"date":"2023-09-05T00:02:24","date_gmt":"2023-09-04T21:02:24","guid":{"rendered":"https:\/\/rotary.fi\/lahdenrotary\/?page_id=1869"},"modified":"2025-08-31T23:29:31","modified_gmt":"2025-08-31T20:29:31","slug":"miten-hakeutua","status":"publish","type":"page","link":"https:\/\/rotary.fi\/lahdenrotary\/mita-teemme\/nuorisovaihto\/miten-hakeutua\/","title":{"rendered":"Miten hakeutua?"},"content":{"rendered":"<p>[et_pb_section fb_built=&#8221;1&#8243; module_class=&#8221;jumbotron-page&#8221; _builder_version=&#8221;4.16&#8243; background_image=&#8221;https:\/\/rotary.fi\/lahdenrotary\/wp-content\/uploads\/sites\/237\/2018\/10\/rotary_klubit_alasivu_paakuva_9.jpg&#8221; global_colors_info=&#8221;{}&#8221;][et_pb_row _builder_version=&#8221;4.16&#8243; background_size=&#8221;initial&#8221; background_position=&#8221;top_left&#8221; background_repeat=&#8221;repeat&#8221; global_colors_info=&#8221;{}&#8221;][et_pb_column type=&#8221;4_4&#8243; _builder_version=&#8221;4.16&#8243; custom_padding=&#8221;|||&#8221; global_colors_info=&#8221;{}&#8221; custom_padding__hover=&#8221;|||&#8221;][et_pb_text admin_label=&#8221;P\u00e4\u00e4otsikko&#8221; _builder_version=&#8221;4.22.1&#8243; header_font_size=&#8221;60px&#8221; text_orientation=&#8221;center&#8221; background_layout=&#8221;dark&#8221; global_colors_info=&#8221;{}&#8221;]<\/p>\n<h1><strong>Miten hakeutua?<\/strong><\/h1>\n<p>[\/et_pb_text][\/et_pb_column][\/et_pb_row][\/et_pb_section][et_pb_section fb_built=&#8221;1&#8243; specialty=&#8221;on&#8221; module_class_2=&#8221;sivupalkki&#8221; _builder_version=&#8221;4.16&#8243; global_colors_info=&#8221;{}&#8221;][et_pb_column type=&#8221;2_3&#8243; specialty_columns=&#8221;2&#8243; _builder_version=&#8221;4.16&#8243; custom_padding=&#8221;|||&#8221; global_colors_info=&#8221;{}&#8221; parallax__hover=&#8221;off&#8221; parallax_method__hover=&#8221;on&#8221; custom_padding__hover=&#8221;|||&#8221;][et_pb_row_inner admin_label=&#8221;Rivi&#8221; _builder_version=&#8221;4.16&#8243; global_colors_info=&#8221;{}&#8221;][et_pb_column_inner saved_specialty_column_type=&#8221;2_3&#8243; _builder_version=&#8221;4.16&#8243; custom_padding=&#8221;|||&#8221; global_colors_info=&#8221;{}&#8221; parallax__hover=&#8221;off&#8221; parallax_method__hover=&#8221;on&#8221; custom_padding__hover=&#8221;|||&#8221;][et_pb_text admin_label=&#8221;Kiinnostuitko nuorisovaihdosta? &#8211; Otsikko&#8221; _builder_version=&#8221;4.22.1&#8243; text_orientation=&#8221;center&#8221; global_colors_info=&#8221;{}&#8221;]<\/p>\n<h2>Kiinnostuitko nuorisovaihdosta?<\/h2>\n<p>[\/et_pb_text][et_pb_divider show_divider=&#8221;off&#8221; _builder_version=&#8221;4.22.1&#8243; _module_preset=&#8221;default&#8221; global_colors_info=&#8221;{}&#8221;][\/et_pb_divider][et_pb_text _builder_version=&#8221;4.27.0&#8243; header_font_size=&#8221;35px&#8221; header_2_font_size=&#8221;25px&#8221; header_3_font_size=&#8221;20px&#8221; header_4_font_size=&#8221;15px&#8221; header_5_font_size=&#8221;13px&#8221; header_6_font_size=&#8221;12px&#8221; global_colors_info=&#8221;{}&#8221;]<\/p>\n<blockquote>\n<p><span class=\"m_-7271016930210030576gmail-s1\">Rotaryn kautta voit p\u00e4\u00e4st\u00e4 vuosivaihtoon, kes\u00e4vaihtoon tai leirivaihtoon. N\u00e4ist\u00e4 eri vaihtomuodoista voit<\/span><span class=\"m_-7271016930210030576gmail-apple-converted-space\">\u00a0<\/span><span class=\"m_-7271016930210030576gmail-s1\">lukea lis\u00e4\u00e4 Suomen Rotaryn\u00a0<\/span><a href=\"https:\/\/rotary.fi\/mita-teemme\/nuorisopalvelut\/nuorisovaihto\/\" target=\"_blank\" rel=\"noopener\" data-saferedirecturl=\"https:\/\/www.google.com\/url?q=https:\/\/rotary.fi\/mita-teemme\/nuorisopalvelut\/nuorisovaihto\/&amp;source=gmail&amp;ust=1701418655090000&amp;usg=AOvVaw2iYA3yVOwbkynjaJBfs9O7\"><span class=\"m_-7271016930210030576gmail-s2\">nuorisovaihdon<\/span><\/a><span class=\"m_-7271016930210030576gmail-s1\">\u00a0sivuilta.<\/span><span class=\"m_-7271016930210030576gmail-s3\">\u00a0<\/span><span class=\"m_-7271016930210030576gmail-s1\">Hakuaika seuraavan vuoden vaihtoihin on edelt\u00e4v\u00e4n\u00e4 syksyn\u00e4, elo-syyskuussa. Useimmat vuosivaihtoon hakevat aloittavat haun aikaan lukion 1. vuoden ja vaihto-oppilasvuosi alkaa mukaan valituille vuoden kuluttua elokuussa. Jos kiinnostuit, katso\u00a0<a href=\"http:\/\/rye.fi\/\" target=\"_blank\" rel=\"noopener\" data-saferedirecturl=\"https:\/\/www.google.com\/url?q=http:\/\/rye.fi&amp;source=gmail&amp;ust=1701418655090000&amp;usg=AOvVaw1vhXXHPkUNusyTBevyOua5\">rye.fi<\/a> -sivuilta hakuprosessista ja ohjeista vapaamuotoisen hakemuksen tekemiseen. Lis\u00e4tietoja voit kysy\u00e4 l\u00e4hett\u00e4m\u00e4ll\u00e4 s\u00e4hk\u00f6postia Lahden seudun rotaryklubien yhteiseen s\u00e4hk\u00f6postiin:\u00a0lahenseudun.rye(a)gmail.com\u00a0\u00a0<\/span><\/p>\n<p>&nbsp;<\/p>\n<p>Jos kiinnostuit, ota yhteytt\u00e4 klubimme nuorisovaihtoasiamieheen ja kysy l\u00e4het\u00e4mmek\u00f6 vaihto-oppilaan tulevana vuonna.<\/p>\n<\/blockquote>\n<p>&nbsp;<\/p>\n<p><span class=\"m_-7271016930210030576gmail-s1\">Lahden seudun rotaryklubit toimivat yhteisty\u00f6ss\u00e4, niin ett\u00e4 eri klubien nuorisovaihtoasiamiehet yhdess\u00e4 k\u00e4sittelev\u00e4t vastaanotetut vuosivaihdon hakemukset, haastattelevat kaikki hakeneet ja tekev\u00e4t valinnat.\u00a0<b>Kaudelle <span data-teams=\"true\">2026-2027<\/span> vuosivaihtoon haluavien vapaamuotoiset hakemukset pit\u00e4\u00e4 j\u00e4tt\u00e4\u00e4 tuohon samaan yhteiseen s\u00e4hk\u00f6postiin lahenseudun.rye(a)gmail.com viimeist\u00e4\u00e4n syyskuun 2025 loppuun menness\u00e4. <\/b>Vuosivaihtoon hakeneet haastatellaan lokakuun alussa ja pian sen j\u00e4lkeen hakijat saavat tiet\u00e4\u00e4, ovatko tulleet valituiksi mukaan. Kes\u00e4vaihtoon hakijat j\u00e4tt\u00e4v\u00e4t my\u00f6s vapaamuotoisen hakemuksen samoihin aikoihin, mink\u00e4 j\u00e4lkeen kes\u00e4vaihdon hakuprosessi on hieman erilainen.<\/span><u><\/u><u><\/u><\/p>\n<p>Kukin Rotaryklubi p\u00e4\u00e4tt\u00e4\u00e4 itsen\u00e4isesti vuosittain, onko se mukana nuorisovaihdossa l\u00e4hett\u00e4m\u00e4ss\u00e4 oppilasta \/ oppilaita vuosivaihtoon, kes\u00e4- ja leirivaihtoon. Lahden Rotaryklubi ja Nastolan Rotaryklubi osallistuvat t\u00e4ll\u00e4 hetkell\u00e4 (kaudella 2024-2025) vain vuosivaihdon j\u00e4rjest\u00e4miseen.<\/p>\n<p><strong>HUOM! Lahden Rotaryklubi on p\u00e4\u00e4tt\u00e4nyt, ett\u00e4 se ei osallistu ollenkaan nuorisovaihtoon tulevalla kaudella 2025-2026.<\/strong><\/p>\n<p>&nbsp;<\/p>\n<h3><u><\/u>Etsimme <span class=\"m_-7271016930210030576gmail-s1\">Lahteen tuleville Rotary-vaihto-oppilaille is\u00e4nt\u00e4perheit\u00e4!<\/span><u><\/u><u><\/u><\/h3>\n<p><span class=\"m_-7271016930210030576gmail-s1\">Koska nuorisovaihdossa on nimenomaan kyse vaihdosta, t\u00e4k\u00e4l\u00e4isen vuosivaihto-oppilaan p\u00e4\u00e4semiseen maailmalle liittyy ulkomaalaisen vaihto-oppilaan tuleminen Lahteen kouluvuoden ajaksi. Koska Rotary-vaihto-oppilaat asuvat useammassa is\u00e4nt\u00e4perheess\u00e4, tarvitaan joka vuosi perheit\u00e4, jotka ovat valmiita ottamaan uuden mielenkiintoisen perheenj\u00e4senen hoiviinsa muutamaksi kuukaudeksi. Eli is\u00e4nt\u00e4perheen\u00e4 olemisesta kiinnostuneet: ottakaa my\u00f6s yhteytt\u00e4 nuorisovaihtoasiamieheen!<\/span><\/p>\n<p>&nbsp;<\/p>\n<h3>Kysy rohkeasti lis\u00e4\u00e4 Rotaryn nuorisovaihdosta!<\/h3>\n<p>&nbsp;<\/p>\n<p style=\"font-weight: 400\"><strong>Nastolan Rotaryklubin<\/strong><strong>\u00a0nuorisovaihtoasiamies:<\/strong><\/p>\n<p>Juha Virtala<br \/>puh. 040 553 8682<br \/>juha.virtala(a)dnainternet.net<\/p>\n<p>Lahden Rotaryklubi ja Nastolan Rotaryklubi ovat tehneet kausilla 2023-2024 ja 2024-2025, sek\u00e4 syksyll\u00e4 2025 yhteisty\u00f6t\u00e4 nuorisovaihdossa, yhteisty\u00f6 jatkuu siis taas kaudella 2026-2027.<\/p>\n<p>&nbsp;<\/p>\n<p style=\"font-weight: 400\">Rotary-nuorisovaihdosta l\u00f6ytyy lis\u00e4tietoja osoitteesta\u00a0<a href=\"https:\/\/rye.fi\/\" data-saferedirecturl=\"https:\/\/www.google.com\/url?q=https:\/\/rye.fi\/&amp;source=gmail&amp;ust=1701418655090000&amp;usg=AOvVaw0FDTbCkupKbgEtQL6Pg8lj\">www.rye.fi<\/a><\/p>\n<p>[\/et_pb_text][\/et_pb_column_inner][\/et_pb_row_inner][\/et_pb_column][et_pb_column type=&#8221;1_3&#8243; module_class=&#8221;sivupalkki&#8221; _builder_version=&#8221;4.16&#8243; custom_padding=&#8221;|||&#8221; global_colors_info=&#8221;{}&#8221; parallax__hover=&#8221;off&#8221; parallax_method__hover=&#8221;on&#8221; module_class__hover=&#8221;sivupalkki&#8221; custom_padding__hover=&#8221;|||&#8221;][et_pb_sidebar area=&#8221;sidebar-1&#8243; module_class=&#8221;sivupalkki_sisalto&#8221; _builder_version=&#8221;4.16&#8243; locked=&#8221;on&#8221; global_colors_info=&#8221;{}&#8221;][\/et_pb_sidebar][\/et_pb_column][\/et_pb_section]<\/p>\n","protected":false},"excerpt":{"rendered":"<p>Miten hakeutua?Kiinnostuitko nuorisovaihdosta? Rotaryn kautta voit p\u00e4\u00e4st\u00e4 vuosivaihtoon, kes\u00e4vaihtoon tai leirivaihtoon. N\u00e4ist\u00e4 eri vaihtomuodoista voit\u00a0lukea lis\u00e4\u00e4 Suomen Rotaryn\u00a0nuorisovaihdon\u00a0sivuilta.\u00a0Hakuaika seuraavan vuoden vaihtoihin on edelt\u00e4v\u00e4n\u00e4 syksyn\u00e4, elo-syyskuussa. Useimmat vuosivaihtoon hakevat aloittavat haun aikaan lukion 1. vuoden ja vaihto-oppilasvuosi alkaa mukaan valituille vuoden kuluttua elokuussa. Jos kiinnostuit, katso\u00a0rye.fi -sivuilta hakuprosessista ja ohjeista vapaamuotoisen hakemuksen tekemiseen. Lis\u00e4tietoja voit kysy\u00e4 [&hellip;]<\/p>\n","protected":false},"author":619,"featured_media":0,"parent":154,"menu_order":0,"comment_status":"closed","ping_status":"closed","template":"","meta":{"_acf_changed":false,"_et_pb_use_builder":"on","_et_pb_old_content":"","_et_gb_content_width":"","footnotes":""},"class_list":["post-1869","page","type-page","status-publish","hentry"],"acf":[],"yoast_head":"<!-- This site is optimized with the Yoast SEO plugin v27.0 - https:\/\/yoast.com\/product\/yoast-seo-wordpress\/ -->\n<title>Miten hakeutua? - Lahden Rotaryklubi ry<\/title>\n<meta name=\"robots\" content=\"index, follow, max-snippet:-1, max-image-preview:large, max-video-preview:-1\" \/>\n<link rel=\"canonical\" href=\"https:\/\/rotary.fi\/lahdenrotary\/mita-teemme\/nuorisovaihto\/miten-hakeutua\/\" \/>\n<meta property=\"og:locale\" content=\"fi_FI\" \/>\n<meta property=\"og:type\" content=\"article\" \/>\n<meta property=\"og:title\" content=\"Miten hakeutua? - Lahden Rotaryklubi ry\" \/>\n<meta property=\"og:description\" content=\"Miten hakeutua?Kiinnostuitko nuorisovaihdosta? Rotaryn kautta voit p\u00e4\u00e4st\u00e4 vuosivaihtoon, kes\u00e4vaihtoon tai leirivaihtoon. N\u00e4ist\u00e4 eri vaihtomuodoista voit\u00a0lukea lis\u00e4\u00e4 Suomen Rotaryn\u00a0nuorisovaihdon\u00a0sivuilta.\u00a0Hakuaika seuraavan vuoden vaihtoihin on edelt\u00e4v\u00e4n\u00e4 syksyn\u00e4, elo-syyskuussa. Useimmat vuosivaihtoon hakevat aloittavat haun aikaan lukion 1. vuoden ja vaihto-oppilasvuosi alkaa mukaan valituille vuoden kuluttua elokuussa. Jos kiinnostuit, katso\u00a0rye.fi -sivuilta hakuprosessista ja ohjeista vapaamuotoisen hakemuksen tekemiseen. Lis\u00e4tietoja voit kysy\u00e4 [&hellip;]\" \/>\n<meta property=\"og:url\" content=\"https:\/\/rotary.fi\/lahdenrotary\/mita-teemme\/nuorisovaihto\/miten-hakeutua\/\" \/>\n<meta property=\"og:site_name\" content=\"Lahden Rotaryklubi ry\" \/>\n<meta property=\"article:modified_time\" content=\"2025-08-31T20:29:31+00:00\" \/>\n<meta name=\"twitter:card\" content=\"summary_large_image\" \/>\n<meta name=\"twitter:label1\" content=\"Arvioitu lukuaika\" \/>\n\t<meta name=\"twitter:data1\" content=\"2 minuuttia\" \/>\n<script type=\"application\/ld+json\" class=\"yoast-schema-graph\">{\"@context\":\"https:\/\/schema.org\",\"@graph\":[{\"@type\":\"WebPage\",\"@id\":\"https:\/\/rotary.fi\/lahdenrotary\/mita-teemme\/nuorisovaihto\/miten-hakeutua\/\",\"url\":\"https:\/\/rotary.fi\/lahdenrotary\/mita-teemme\/nuorisovaihto\/miten-hakeutua\/\",\"name\":\"Miten hakeutua? - Lahden Rotaryklubi ry\",\"isPartOf\":{\"@id\":\"https:\/\/rotary.fi\/lahdenrotary\/#website\"},\"datePublished\":\"2023-09-04T21:02:24+00:00\",\"dateModified\":\"2025-08-31T20:29:31+00:00\",\"breadcrumb\":{\"@id\":\"https:\/\/rotary.fi\/lahdenrotary\/mita-teemme\/nuorisovaihto\/miten-hakeutua\/#breadcrumb\"},\"inLanguage\":\"fi\",\"potentialAction\":[{\"@type\":\"ReadAction\",\"target\":[\"https:\/\/rotary.fi\/lahdenrotary\/mita-teemme\/nuorisovaihto\/miten-hakeutua\/\"]}]},{\"@type\":\"BreadcrumbList\",\"@id\":\"https:\/\/rotary.fi\/lahdenrotary\/mita-teemme\/nuorisovaihto\/miten-hakeutua\/#breadcrumb\",\"itemListElement\":[{\"@type\":\"ListItem\",\"position\":1,\"name\":\"Home\",\"item\":\"https:\/\/rotary.fi\/lahdenrotary\/\"},{\"@type\":\"ListItem\",\"position\":2,\"name\":\"Mit\u00e4 teemme\",\"item\":\"https:\/\/rotary.fi\/lahdenrotary\/mita-teemme\/\"},{\"@type\":\"ListItem\",\"position\":3,\"name\":\"Nuorisovaihto\",\"item\":\"https:\/\/rotary.fi\/lahdenrotary\/mita-teemme\/nuorisovaihto\/\"},{\"@type\":\"ListItem\",\"position\":4,\"name\":\"Miten hakeutua?\"}]},{\"@type\":\"WebSite\",\"@id\":\"https:\/\/rotary.fi\/lahdenrotary\/#website\",\"url\":\"https:\/\/rotary.fi\/lahdenrotary\/\",\"name\":\"Lahden Rotaryklubi ry\",\"description\":\"Uusi Rotary klubisivusto\",\"potentialAction\":[{\"@type\":\"SearchAction\",\"target\":{\"@type\":\"EntryPoint\",\"urlTemplate\":\"https:\/\/rotary.fi\/lahdenrotary\/?s={search_term_string}\"},\"query-input\":{\"@type\":\"PropertyValueSpecification\",\"valueRequired\":true,\"valueName\":\"search_term_string\"}}],\"inLanguage\":\"fi\"}]}<\/script>\n<!-- \/ Yoast SEO plugin. -->","yoast_head_json":{"title":"Miten hakeutua? - Lahden Rotaryklubi ry","robots":{"index":"index","follow":"follow","max-snippet":"max-snippet:-1","max-image-preview":"max-image-preview:large","max-video-preview":"max-video-preview:-1"},"canonical":"https:\/\/rotary.fi\/lahdenrotary\/mita-teemme\/nuorisovaihto\/miten-hakeutua\/","og_locale":"fi_FI","og_type":"article","og_title":"Miten hakeutua? - Lahden Rotaryklubi ry","og_description":"Miten hakeutua?Kiinnostuitko nuorisovaihdosta? Rotaryn kautta voit p\u00e4\u00e4st\u00e4 vuosivaihtoon, kes\u00e4vaihtoon tai leirivaihtoon. N\u00e4ist\u00e4 eri vaihtomuodoista voit\u00a0lukea lis\u00e4\u00e4 Suomen Rotaryn\u00a0nuorisovaihdon\u00a0sivuilta.\u00a0Hakuaika seuraavan vuoden vaihtoihin on edelt\u00e4v\u00e4n\u00e4 syksyn\u00e4, elo-syyskuussa. Useimmat vuosivaihtoon hakevat aloittavat haun aikaan lukion 1. vuoden ja vaihto-oppilasvuosi alkaa mukaan valituille vuoden kuluttua elokuussa. Jos kiinnostuit, katso\u00a0rye.fi -sivuilta hakuprosessista ja ohjeista vapaamuotoisen hakemuksen tekemiseen. Lis\u00e4tietoja voit kysy\u00e4 [&hellip;]","og_url":"https:\/\/rotary.fi\/lahdenrotary\/mita-teemme\/nuorisovaihto\/miten-hakeutua\/","og_site_name":"Lahden Rotaryklubi ry","article_modified_time":"2025-08-31T20:29:31+00:00","twitter_card":"summary_large_image","twitter_misc":{"Arvioitu lukuaika":"2 minuuttia"},"schema":{"@context":"https:\/\/schema.org","@graph":[{"@type":"WebPage","@id":"https:\/\/rotary.fi\/lahdenrotary\/mita-teemme\/nuorisovaihto\/miten-hakeutua\/","url":"https:\/\/rotary.fi\/lahdenrotary\/mita-teemme\/nuorisovaihto\/miten-hakeutua\/","name":"Miten hakeutua? - Lahden Rotaryklubi ry","isPartOf":{"@id":"https:\/\/rotary.fi\/lahdenrotary\/#website"},"datePublished":"2023-09-04T21:02:24+00:00","dateModified":"2025-08-31T20:29:31+00:00","breadcrumb":{"@id":"https:\/\/rotary.fi\/lahdenrotary\/mita-teemme\/nuorisovaihto\/miten-hakeutua\/#breadcrumb"},"inLanguage":"fi","potentialAction":[{"@type":"ReadAction","target":["https:\/\/rotary.fi\/lahdenrotary\/mita-teemme\/nuorisovaihto\/miten-hakeutua\/"]}]},{"@type":"BreadcrumbList","@id":"https:\/\/rotary.fi\/lahdenrotary\/mita-teemme\/nuorisovaihto\/miten-hakeutua\/#breadcrumb","itemListElement":[{"@type":"ListItem","position":1,"name":"Home","item":"https:\/\/rotary.fi\/lahdenrotary\/"},{"@type":"ListItem","position":2,"name":"Mit\u00e4 teemme","item":"https:\/\/rotary.fi\/lahdenrotary\/mita-teemme\/"},{"@type":"ListItem","position":3,"name":"Nuorisovaihto","item":"https:\/\/rotary.fi\/lahdenrotary\/mita-teemme\/nuorisovaihto\/"},{"@type":"ListItem","position":4,"name":"Miten hakeutua?"}]},{"@type":"WebSite","@id":"https:\/\/rotary.fi\/lahdenrotary\/#website","url":"https:\/\/rotary.fi\/lahdenrotary\/","name":"Lahden Rotaryklubi ry","description":"Uusi Rotary klubisivusto","potentialAction":[{"@type":"SearchAction","target":{"@type":"EntryPoint","urlTemplate":"https:\/\/rotary.fi\/lahdenrotary\/?s={search_term_string}"},"query-input":{"@type":"PropertyValueSpecification","valueRequired":true,"valueName":"search_term_string"}}],"inLanguage":"fi"}]}},"lang":"fi","translations":{"fi":1869},"pll_sync_post":[],"_links":{"self":[{"href":"https:\/\/rotary.fi\/lahdenrotary\/wp-json\/wp\/v2\/pages\/1869","targetHints":{"allow":["GET"]}}],"collection":[{"href":"https:\/\/rotary.fi\/lahdenrotary\/wp-json\/wp\/v2\/pages"}],"about":[{"href":"https:\/\/rotary.fi\/lahdenrotary\/wp-json\/wp\/v2\/types\/page"}],"author":[{"embeddable":true,"href":"https:\/\/rotary.fi\/lahdenrotary\/wp-json\/wp\/v2\/users\/619"}],"replies":[{"embeddable":true,"href":"https:\/\/rotary.fi\/lahdenrotary\/wp-json\/wp\/v2\/comments?post=1869"}],"version-history":[{"count":10,"href":"https:\/\/rotary.fi\/lahdenrotary\/wp-json\/wp\/v2\/pages\/1869\/revisions"}],"predecessor-version":[{"id":2845,"href":"https:\/\/rotary.fi\/lahdenrotary\/wp-json\/wp\/v2\/pages\/1869\/revisions\/2845"}],"up":[{"embeddable":true,"href":"https:\/\/rotary.fi\/lahdenrotary\/wp-json\/wp\/v2\/pages\/154"}],"wp:attachment":[{"href":"https:\/\/rotary.fi\/lahdenrotary\/wp-json\/wp\/v2\/media?parent=1869"}],"curies":[{"name":"wp","href":"https:\/\/api.w.org\/{rel}","templated":true}]}}