{"id":179,"date":"2018-08-13T10:43:11","date_gmt":"2018-08-13T07:43:11","guid":{"rendered":"https:\/\/rotary.fi\/lahdenrotary\/?page_id=179"},"modified":"2023-11-30T12:35:59","modified_gmt":"2023-11-30T10:35:59","slug":"ryla","status":"publish","type":"page","link":"https:\/\/rotary.fi\/lahdenrotary\/mita-teemme\/ryla\/","title":{"rendered":"RYLA &#8211; Johtajuuskoulutus nuorille"},"content":{"rendered":"<p>[et_pb_section fb_built=&#8221;1&#8243; module_class=&#8221;jumbotron-page&#8221; _builder_version=&#8221;4.16&#8243; background_image=&#8221;https:\/\/rotary.fi\/lahdenrotary\/wp-content\/uploads\/sites\/237\/2018\/10\/rotary_klubit_alasivu_paakuva_10.jpg&#8221; global_colors_info=&#8221;{}&#8221;][et_pb_row _builder_version=&#8221;4.16&#8243; background_size=&#8221;initial&#8221; background_position=&#8221;top_left&#8221; background_repeat=&#8221;repeat&#8221; global_colors_info=&#8221;{}&#8221;][et_pb_column type=&#8221;4_4&#8243; _builder_version=&#8221;4.16&#8243; custom_padding=&#8221;|||&#8221; global_colors_info=&#8221;{}&#8221; custom_padding__hover=&#8221;|||&#8221;][et_pb_text admin_label=&#8221;P\u00e4\u00e4otsikko&#8221; _builder_version=&#8221;4.16&#8243; text_orientation=&#8221;center&#8221; background_layout=&#8221;dark&#8221; global_colors_info=&#8221;{}&#8221;]<\/p>\n<h1>RYLA<\/h1>\n<p>[\/et_pb_text][\/et_pb_column][\/et_pb_row][\/et_pb_section][et_pb_section fb_built=&#8221;1&#8243; specialty=&#8221;on&#8221; module_class_2=&#8221;sivupalkki&#8221; _builder_version=&#8221;4.22.1&#8243; global_colors_info=&#8221;{}&#8221;][et_pb_column type=&#8221;2_3&#8243; specialty_columns=&#8221;2&#8243; _builder_version=&#8221;4.16&#8243; custom_padding=&#8221;|||&#8221; global_colors_info=&#8221;{}&#8221; parallax__hover=&#8221;off&#8221; parallax_method__hover=&#8221;on&#8221; custom_padding__hover=&#8221;|||&#8221;][et_pb_row_inner admin_label=&#8221;Rivi&#8221; _builder_version=&#8221;4.22.1&#8243; global_colors_info=&#8221;{}&#8221;][et_pb_column_inner saved_specialty_column_type=&#8221;2_3&#8243; _builder_version=&#8221;4.16&#8243; custom_padding=&#8221;|||&#8221; global_colors_info=&#8221;{}&#8221; parallax__hover=&#8221;off&#8221; parallax_method__hover=&#8221;on&#8221; custom_padding__hover=&#8221;|||&#8221;][et_pb_text admin_label=&#8221;Otsikko&#8221; _builder_version=&#8221;4.22.1&#8243; text_orientation=&#8221;center&#8221; global_colors_info=&#8221;{}&#8221;]<\/p>\n<h1>Rotary Youth Leadership Awards<\/h1>\n<p>[\/et_pb_text][et_pb_divider _builder_version=&#8221;4.22.1&#8243; _module_preset=&#8221;default&#8221; show_divider=&#8221;off&#8221; hover_enabled=&#8221;0&#8243; sticky_enabled=&#8221;0&#8243;][\/et_pb_divider][et_pb_text admin_label=&#8221;RYLA&#8221; _builder_version=&#8221;4.22.1&#8243; header_font_size=&#8221;35px&#8221; header_2_font_size=&#8221;25px&#8221; header_3_font_size=&#8221;20px&#8221; header_4_font_size=&#8221;15px&#8221; header_5_font_size=&#8221;13px&#8221; header_6_text_color=&#8221;#000000&#8243; header_6_font_size=&#8221;12px&#8221; custom_margin=&#8221;||||false|false&#8221; custom_padding=&#8221;||20px||false|false&#8221; global_colors_info=&#8221;{}&#8221;]<\/p>\n<p>Rotary Youth Leadership Awards, RYLA, on Rotaryn nuorisotoimintamuoto, jolla koulutamme aloitekykyisi\u00e4 ja aktiivisia nuoria omatoimisuuteen ja johtajuuteen. RYLA j\u00e4rjestet\u00e4\u00e4n yhteisty\u00f6ss\u00e4 Kanta-Hollolan, Lahti-Launeen, Lahti-Salpaussel\u00e4n, Lahti-Wellamon ja Lahti-Wesij\u00e4rvi sek\u00e4 Nastolan Rotary klubien kanssa.<\/p>\n<p>RYLA:n tavoitteena on saattaa johtamisesta ja yritt\u00e4misest\u00e4 kiinnostuneet korkeakouluopiskelijat yhteen P\u00e4ij\u00e4t-H\u00e4meen yritysten kanssa ja siten osaltaan edesauttaa alueen kansainv\u00e4listymist\u00e4 tarjoamalla opiskelijoille mahdollisuuksia tutustua yrityksiin oppilast\u00f6iden, haastatteluiden, lopput\u00f6iden ja kes\u00e4t\u00f6iden kautta.<\/p>\n<p>Opiskelijalle: RYLA auttaa ja helpottaa johtamisen opiskelujasi tarjoamalla mahdollisuuden tutustua helposti alueella vaikuttavien yritysten toimintaan ja niiden johtamiseen. Samalla parannat my\u00f6s mahdollisuuksia p\u00e4\u00e4st\u00e4 tekem\u00e4\u00e4n yrityksiin p\u00e4\u00e4tt\u00f6t\u00f6it\u00e4 ja ty\u00f6llisty\u00e4 Lahden alueelle. Paneelikeskustelut ja haastattelumahdollisuudet syvent\u00e4v\u00e4t ja laajentavat konkreettisella tavalla johtamisen opintoja.<\/p>\n<p>&nbsp;<\/p>\n<h4>Tutustu tarkemmin toimintaamme esittelyvideon avulla:<\/h4>\n<p><iframe loading=\"lazy\" title=\"What the RYLA?\" src=\"https:\/\/player.vimeo.com\/video\/800950735?h=171b05888a&amp;dnt=1&amp;app_id=122963\" width=\"1080\" height=\"608\" frameborder=\"0\" allow=\"autoplay; fullscreen; picture-in-picture\"><\/iframe><\/p>\n<p>&nbsp;<\/p>\n<h4>Kiinnostuitko, ota yhteytt\u00e4:<\/h4>\n<p>Lahden Rotaryklubi ry<br \/>Markku Lappalainen<br \/>RYLA-vastaava<br \/>ryla.rotarylahti(a)gmail.com<\/p>\n<p>[\/et_pb_text][et_pb_text admin_label=&#8221;Duuniexpo 2023&#8243; _builder_version=&#8221;4.22.1&#8243; header_font_size=&#8221;35px&#8221; header_2_font_size=&#8221;25px&#8221; header_3_font_size=&#8221;20px&#8221; header_4_font_size=&#8221;15px&#8221; header_5_font_size=&#8221;13px&#8221; header_6_font=&#8221;||||||||&#8221; header_6_text_color=&#8221;#000000&#8243; header_6_font_size=&#8221;12px&#8221; custom_margin=&#8221;||||true|false&#8221; custom_padding=&#8221;20px||20px||true|false&#8221; locked=&#8221;off&#8221; global_colors_info=&#8221;{}&#8221;]<\/p>\n<h2>DuuniExpo 2023<\/h2>\n<p>RYLA-tiimi osallistui Kanta-Hollolan, Lahti-Launeen, Lahti-Salpaussel\u00e4n, Lahti-Wellamon ja Lahti-Wesij\u00e4rvi sek\u00e4 Nastolan Rotary-klubien klubien tukemana omalla osastolla AMK-opiskelijoiden j\u00e4rjest\u00e4mille DuuniExpo 2023 -messuille 15.2.2023 Mukkulan kampuksella. Osastoilla k\u00e4yneet opiskelijat olivat eritt\u00e4in kiinnostuneita Rotary- ja Rotaract-toiminnasta. Kysymyksi\u00e4 tuli niin vaihto-oppilas ty\u00f6st\u00e4 kuin kuinka liitty\u00e4 mukaan sek\u00e4 Rotary ty\u00f6n sis\u00e4ll\u00f6st\u00e4.<\/p>\n<p>Rotary toiminnan esittelyn tukemiseksi teimme tapahtumaan mobiilipelin, jota pelasi yhteens\u00e4 noin 150 joukkuetta. Joukkueissa oli 1-5 osallistujaa. Ryla-toiminnan tukemiseksi painatettiin ja jaettiin n. 500 esitett\u00e4 osastolla vierailleille opiskelijoille. N\u00e4kyvyytt\u00e4 ja yleist\u00e4 tietoutta saimme osastolta jaettua hyvin ja opiskelijoita osastolla oli runsaasti.<\/p>\n<p>&nbsp;<\/p>\n<p style=\"text-align: center\"><img loading=\"lazy\" decoding=\"async\" class=\"wp-image-1642 alignnone \" src=\"https:\/\/rotary.fi\/lahdenrotary\/wp-content\/uploads\/sites\/237\/2023\/08\/duuniexpo2023-02-1-200x300.jpg\" alt=\"\" width=\"301\" height=\"452\" \/> <img loading=\"lazy\" decoding=\"async\" class=\"wp-image-1643 alignnone \" src=\"https:\/\/rotary.fi\/lahdenrotary\/wp-content\/uploads\/sites\/237\/2023\/08\/duuniexpo2023-01-1-200x300.jpg\" alt=\"\" width=\"301\" height=\"452\" \/><\/p>\n<p style=\"text-align: center\">Kuvia osastosta. Kuvissa Mavi Villatoro, Pia Kuosmanen, Markku Lappalainen ja Erja Hakkarainen.<\/p>\n<p>&nbsp;<\/p>\n<p><img loading=\"lazy\" decoding=\"async\" class=\"wp-image-1633 size-full aligncenter\" src=\"https:\/\/rotary.fi\/lahdenrotary\/wp-content\/uploads\/sites\/237\/2023\/08\/ryla-challenge-lahti.png\" alt=\"\" width=\"642\" height=\"314\" srcset=\"https:\/\/rotary.fi\/lahdenrotary\/wp-content\/uploads\/sites\/237\/2023\/08\/ryla-challenge-lahti.png 642w, https:\/\/rotary.fi\/lahdenrotary\/wp-content\/uploads\/sites\/237\/2023\/08\/ryla-challenge-lahti-480x235.png 480w\" sizes=\"(min-width: 0px) and (max-width: 480px) 480px, (min-width: 481px) 642px, 100vw\" \/><\/p>\n<p style=\"text-align: center\">Messuosastolla esitelty peli on yh\u00e4 pelattavissa. Kokeile itse!<\/p>\n<p>[\/et_pb_text][et_pb_text admin_label=&#8221;RYLA 2021-2022&#8243; _builder_version=&#8221;4.22.1&#8243; header_font_size=&#8221;35px&#8221; header_2_font_size=&#8221;25px&#8221; header_3_font_size=&#8221;20px&#8221; header_4_font_size=&#8221;15px&#8221; header_5_font_size=&#8221;13px&#8221; header_6_font=&#8221;||||||||&#8221; header_6_text_color=&#8221;#000000&#8243; header_6_font_size=&#8221;12px&#8221; custom_margin=&#8221;||||true|false&#8221; custom_padding=&#8221;20px||20px||true|false&#8221; locked=&#8221;off&#8221; global_colors_info=&#8221;{}&#8221;]<\/p>\n<h2>RYLA &#8211; Nuorten johtajuuskoulutus 2021-2022<\/h2>\n<p>Kaudella 2021-2022 klubimme RYLA-vastaava Markku Lappalainen jatkoi t\u00e4ll\u00e4 kaudella RYLA toiminnan eteenp\u00e4in viemist\u00e4 yhdess\u00e4 LUT:n ja LAB:n kanssa, sek\u00e4 viiden muun Lahden alueen rotaryklubin tuella. J\u00e4rjestimme RYLA -paneelikeskustelun pe 08.10.2021 LUT Mukkulan kampuksella Lahdessa, aulan tapahtuma areenalla, ilman l\u00e4sn\u00e4 olevaa yleis\u00f6\u00e4 (THL-ohjeet). Tilaisuus striimattiin ja linkki l\u00e4hetykseen toteutettiin YouTube -kanavalla LiveLahti. Aiheena oli: Yrityksen kasvun johtaminen, muutosjohtaminen ja kansainv\u00e4listyminen.<\/p>\n<p>Panelisteina olivat:<br \/>\u2022 Essi Alaluukas, Rantalainen<br \/>\u2022 Pekka Laitio, Itella<br \/>\u2022 Topi Paananen, Peikko<br \/>\u2022 Pekka Tommola, Stora Enso<br \/>\u2022 Daniel Ward, Eurokangas<br \/>Alustajana toimi: Pentti Rauhala, PhD<br \/>Moderaattorina: Markku Lappalainen<br \/>Striimauksen hoiti: Jukka Mustonen, FISTE.<\/p>\n<p><iframe loading=\"lazy\" title=\"Kansainv\u00e4listyminen -  RYLA-paneelikeskustelu 8.10.2021\" width=\"1080\" height=\"608\" src=\"https:\/\/www.youtube.com\/embed\/MyuUfC_WI1k?feature=oembed\"  allow=\"accelerometer; autoplay; clipboard-write; encrypted-media; gyroscope; picture-in-picture; web-share\" allowfullscreen><\/iframe><\/p>\n<p>[\/et_pb_text][\/et_pb_column_inner][\/et_pb_row_inner][\/et_pb_column][et_pb_column type=&#8221;1_3&#8243; module_class=&#8221;sivupalkki&#8221; _builder_version=&#8221;4.16&#8243; custom_padding=&#8221;|||&#8221; global_colors_info=&#8221;{}&#8221; parallax__hover=&#8221;off&#8221; parallax_method__hover=&#8221;on&#8221; module_class__hover=&#8221;sivupalkki&#8221; custom_padding__hover=&#8221;|||&#8221;][et_pb_sidebar area=&#8221;sidebar-1&#8243; module_class=&#8221;sivupalkki_sisalto&#8221; _builder_version=&#8221;4.16&#8243; locked=&#8221;on&#8221; global_colors_info=&#8221;{}&#8221;][\/et_pb_sidebar][\/et_pb_column][\/et_pb_section]<\/p>\n","protected":false},"excerpt":{"rendered":"<p>RYLA Rotary Youth Leadership AwardsRotary Youth Leadership Awards, RYLA, on Rotaryn nuorisotoimintamuoto, jolla koulutamme aloitekykyisi\u00e4 ja aktiivisia nuoria omatoimisuuteen ja johtajuuteen. RYLA j\u00e4rjestet\u00e4\u00e4n yhteisty\u00f6ss\u00e4 Kanta-Hollolan, Lahti-Launeen, Lahti-Salpaussel\u00e4n, Lahti-Wellamon ja Lahti-Wesij\u00e4rvi sek\u00e4 Nastolan Rotary klubien kanssa. RYLA:n tavoitteena on saattaa johtamisesta ja yritt\u00e4misest\u00e4 kiinnostuneet korkeakouluopiskelijat yhteen P\u00e4ij\u00e4t-H\u00e4meen yritysten kanssa ja siten osaltaan edesauttaa alueen kansainv\u00e4listymist\u00e4 tarjoamalla [&hellip;]<\/p>\n","protected":false},"author":1,"featured_media":0,"parent":77,"menu_order":0,"comment_status":"closed","ping_status":"closed","template":"","meta":{"_acf_changed":false,"_et_pb_use_builder":"on","_et_pb_old_content":"","_et_gb_content_width":"","footnotes":""},"class_list":["post-179","page","type-page","status-publish","hentry"],"acf":[],"yoast_head":"<!-- This site is optimized with the Yoast SEO plugin v27.0 - https:\/\/yoast.com\/product\/yoast-seo-wordpress\/ -->\n<title>RYLA - Johtajuuskoulutus nuorille - Lahden Rotaryklubi ry<\/title>\n<meta name=\"robots\" content=\"index, follow, max-snippet:-1, max-image-preview:large, max-video-preview:-1\" \/>\n<link rel=\"canonical\" href=\"https:\/\/rotary.fi\/lahdenrotary\/mita-teemme\/ryla\/\" \/>\n<meta property=\"og:locale\" content=\"fi_FI\" \/>\n<meta property=\"og:type\" content=\"article\" \/>\n<meta property=\"og:title\" content=\"RYLA - Johtajuuskoulutus nuorille - Lahden Rotaryklubi ry\" \/>\n<meta property=\"og:description\" content=\"RYLA Rotary Youth Leadership AwardsRotary Youth Leadership Awards, RYLA, on Rotaryn nuorisotoimintamuoto, jolla koulutamme aloitekykyisi\u00e4 ja aktiivisia nuoria omatoimisuuteen ja johtajuuteen. RYLA j\u00e4rjestet\u00e4\u00e4n yhteisty\u00f6ss\u00e4 Kanta-Hollolan, Lahti-Launeen, Lahti-Salpaussel\u00e4n, Lahti-Wellamon ja Lahti-Wesij\u00e4rvi sek\u00e4 Nastolan Rotary klubien kanssa. RYLA:n tavoitteena on saattaa johtamisesta ja yritt\u00e4misest\u00e4 kiinnostuneet korkeakouluopiskelijat yhteen P\u00e4ij\u00e4t-H\u00e4meen yritysten kanssa ja siten osaltaan edesauttaa alueen kansainv\u00e4listymist\u00e4 tarjoamalla [&hellip;]\" \/>\n<meta property=\"og:url\" content=\"https:\/\/rotary.fi\/lahdenrotary\/mita-teemme\/ryla\/\" \/>\n<meta property=\"og:site_name\" content=\"Lahden Rotaryklubi ry\" \/>\n<meta property=\"article:modified_time\" content=\"2023-11-30T10:35:59+00:00\" \/>\n<meta property=\"og:image\" content=\"https:\/\/rotary.fi\/lahdenrotary\/wp-content\/uploads\/sites\/237\/2023\/08\/duuniexpo2023-02-1-200x300.jpg\" \/>\n<meta name=\"twitter:card\" content=\"summary_large_image\" \/>\n<meta name=\"twitter:label1\" content=\"Arvioitu lukuaika\" \/>\n\t<meta name=\"twitter:data1\" content=\"4 minuuttia\" \/>\n<script type=\"application\/ld+json\" class=\"yoast-schema-graph\">{\"@context\":\"https:\/\/schema.org\",\"@graph\":[{\"@type\":\"WebPage\",\"@id\":\"https:\/\/rotary.fi\/lahdenrotary\/mita-teemme\/ryla\/\",\"url\":\"https:\/\/rotary.fi\/lahdenrotary\/mita-teemme\/ryla\/\",\"name\":\"RYLA - Johtajuuskoulutus nuorille - Lahden Rotaryklubi ry\",\"isPartOf\":{\"@id\":\"https:\/\/rotary.fi\/lahdenrotary\/#website\"},\"primaryImageOfPage\":{\"@id\":\"https:\/\/rotary.fi\/lahdenrotary\/mita-teemme\/ryla\/#primaryimage\"},\"image\":{\"@id\":\"https:\/\/rotary.fi\/lahdenrotary\/mita-teemme\/ryla\/#primaryimage\"},\"thumbnailUrl\":\"https:\/\/rotary.fi\/lahdenrotary\/wp-content\/uploads\/sites\/237\/2023\/08\/duuniexpo2023-02-1-200x300.jpg\",\"datePublished\":\"2018-08-13T07:43:11+00:00\",\"dateModified\":\"2023-11-30T10:35:59+00:00\",\"breadcrumb\":{\"@id\":\"https:\/\/rotary.fi\/lahdenrotary\/mita-teemme\/ryla\/#breadcrumb\"},\"inLanguage\":\"fi\",\"potentialAction\":[{\"@type\":\"ReadAction\",\"target\":[\"https:\/\/rotary.fi\/lahdenrotary\/mita-teemme\/ryla\/\"]}]},{\"@type\":\"ImageObject\",\"inLanguage\":\"fi\",\"@id\":\"https:\/\/rotary.fi\/lahdenrotary\/mita-teemme\/ryla\/#primaryimage\",\"url\":\"https:\/\/rotary.fi\/lahdenrotary\/wp-content\/uploads\/sites\/237\/2023\/08\/duuniexpo2023-02-1.jpg\",\"contentUrl\":\"https:\/\/rotary.fi\/lahdenrotary\/wp-content\/uploads\/sites\/237\/2023\/08\/duuniexpo2023-02-1.jpg\",\"width\":1153,\"height\":1730},{\"@type\":\"BreadcrumbList\",\"@id\":\"https:\/\/rotary.fi\/lahdenrotary\/mita-teemme\/ryla\/#breadcrumb\",\"itemListElement\":[{\"@type\":\"ListItem\",\"position\":1,\"name\":\"Home\",\"item\":\"https:\/\/rotary.fi\/lahdenrotary\/\"},{\"@type\":\"ListItem\",\"position\":2,\"name\":\"Mit\u00e4 teemme\",\"item\":\"https:\/\/rotary.fi\/lahdenrotary\/mita-teemme\/\"},{\"@type\":\"ListItem\",\"position\":3,\"name\":\"RYLA &#8211; Johtajuuskoulutus nuorille\"}]},{\"@type\":\"WebSite\",\"@id\":\"https:\/\/rotary.fi\/lahdenrotary\/#website\",\"url\":\"https:\/\/rotary.fi\/lahdenrotary\/\",\"name\":\"Lahden Rotaryklubi ry\",\"description\":\"Uusi Rotary klubisivusto\",\"potentialAction\":[{\"@type\":\"SearchAction\",\"target\":{\"@type\":\"EntryPoint\",\"urlTemplate\":\"https:\/\/rotary.fi\/lahdenrotary\/?s={search_term_string}\"},\"query-input\":{\"@type\":\"PropertyValueSpecification\",\"valueRequired\":true,\"valueName\":\"search_term_string\"}}],\"inLanguage\":\"fi\"}]}<\/script>\n<!-- \/ Yoast SEO plugin. -->","yoast_head_json":{"title":"RYLA - Johtajuuskoulutus nuorille - Lahden Rotaryklubi ry","robots":{"index":"index","follow":"follow","max-snippet":"max-snippet:-1","max-image-preview":"max-image-preview:large","max-video-preview":"max-video-preview:-1"},"canonical":"https:\/\/rotary.fi\/lahdenrotary\/mita-teemme\/ryla\/","og_locale":"fi_FI","og_type":"article","og_title":"RYLA - Johtajuuskoulutus nuorille - Lahden Rotaryklubi ry","og_description":"RYLA Rotary Youth Leadership AwardsRotary Youth Leadership Awards, RYLA, on Rotaryn nuorisotoimintamuoto, jolla koulutamme aloitekykyisi\u00e4 ja aktiivisia nuoria omatoimisuuteen ja johtajuuteen. RYLA j\u00e4rjestet\u00e4\u00e4n yhteisty\u00f6ss\u00e4 Kanta-Hollolan, Lahti-Launeen, Lahti-Salpaussel\u00e4n, Lahti-Wellamon ja Lahti-Wesij\u00e4rvi sek\u00e4 Nastolan Rotary klubien kanssa. RYLA:n tavoitteena on saattaa johtamisesta ja yritt\u00e4misest\u00e4 kiinnostuneet korkeakouluopiskelijat yhteen P\u00e4ij\u00e4t-H\u00e4meen yritysten kanssa ja siten osaltaan edesauttaa alueen kansainv\u00e4listymist\u00e4 tarjoamalla [&hellip;]","og_url":"https:\/\/rotary.fi\/lahdenrotary\/mita-teemme\/ryla\/","og_site_name":"Lahden Rotaryklubi ry","article_modified_time":"2023-11-30T10:35:59+00:00","og_image":[{"url":"https:\/\/rotary.fi\/lahdenrotary\/wp-content\/uploads\/sites\/237\/2023\/08\/duuniexpo2023-02-1-200x300.jpg","type":"","width":"","height":""}],"twitter_card":"summary_large_image","twitter_misc":{"Arvioitu lukuaika":"4 minuuttia"},"schema":{"@context":"https:\/\/schema.org","@graph":[{"@type":"WebPage","@id":"https:\/\/rotary.fi\/lahdenrotary\/mita-teemme\/ryla\/","url":"https:\/\/rotary.fi\/lahdenrotary\/mita-teemme\/ryla\/","name":"RYLA - Johtajuuskoulutus nuorille - Lahden Rotaryklubi ry","isPartOf":{"@id":"https:\/\/rotary.fi\/lahdenrotary\/#website"},"primaryImageOfPage":{"@id":"https:\/\/rotary.fi\/lahdenrotary\/mita-teemme\/ryla\/#primaryimage"},"image":{"@id":"https:\/\/rotary.fi\/lahdenrotary\/mita-teemme\/ryla\/#primaryimage"},"thumbnailUrl":"https:\/\/rotary.fi\/lahdenrotary\/wp-content\/uploads\/sites\/237\/2023\/08\/duuniexpo2023-02-1-200x300.jpg","datePublished":"2018-08-13T07:43:11+00:00","dateModified":"2023-11-30T10:35:59+00:00","breadcrumb":{"@id":"https:\/\/rotary.fi\/lahdenrotary\/mita-teemme\/ryla\/#breadcrumb"},"inLanguage":"fi","potentialAction":[{"@type":"ReadAction","target":["https:\/\/rotary.fi\/lahdenrotary\/mita-teemme\/ryla\/"]}]},{"@type":"ImageObject","inLanguage":"fi","@id":"https:\/\/rotary.fi\/lahdenrotary\/mita-teemme\/ryla\/#primaryimage","url":"https:\/\/rotary.fi\/lahdenrotary\/wp-content\/uploads\/sites\/237\/2023\/08\/duuniexpo2023-02-1.jpg","contentUrl":"https:\/\/rotary.fi\/lahdenrotary\/wp-content\/uploads\/sites\/237\/2023\/08\/duuniexpo2023-02-1.jpg","width":1153,"height":1730},{"@type":"BreadcrumbList","@id":"https:\/\/rotary.fi\/lahdenrotary\/mita-teemme\/ryla\/#breadcrumb","itemListElement":[{"@type":"ListItem","position":1,"name":"Home","item":"https:\/\/rotary.fi\/lahdenrotary\/"},{"@type":"ListItem","position":2,"name":"Mit\u00e4 teemme","item":"https:\/\/rotary.fi\/lahdenrotary\/mita-teemme\/"},{"@type":"ListItem","position":3,"name":"RYLA &#8211; Johtajuuskoulutus nuorille"}]},{"@type":"WebSite","@id":"https:\/\/rotary.fi\/lahdenrotary\/#website","url":"https:\/\/rotary.fi\/lahdenrotary\/","name":"Lahden Rotaryklubi ry","description":"Uusi Rotary klubisivusto","potentialAction":[{"@type":"SearchAction","target":{"@type":"EntryPoint","urlTemplate":"https:\/\/rotary.fi\/lahdenrotary\/?s={search_term_string}"},"query-input":{"@type":"PropertyValueSpecification","valueRequired":true,"valueName":"search_term_string"}}],"inLanguage":"fi"}]}},"lang":"fi","translations":{"fi":179,"en":1477},"pll_sync_post":[],"_links":{"self":[{"href":"https:\/\/rotary.fi\/lahdenrotary\/wp-json\/wp\/v2\/pages\/179","targetHints":{"allow":["GET"]}}],"collection":[{"href":"https:\/\/rotary.fi\/lahdenrotary\/wp-json\/wp\/v2\/pages"}],"about":[{"href":"https:\/\/rotary.fi\/lahdenrotary\/wp-json\/wp\/v2\/types\/page"}],"author":[{"embeddable":true,"href":"https:\/\/rotary.fi\/lahdenrotary\/wp-json\/wp\/v2\/users\/1"}],"replies":[{"embeddable":true,"href":"https:\/\/rotary.fi\/lahdenrotary\/wp-json\/wp\/v2\/comments?post=179"}],"version-history":[{"count":10,"href":"https:\/\/rotary.fi\/lahdenrotary\/wp-json\/wp\/v2\/pages\/179\/revisions"}],"predecessor-version":[{"id":2322,"href":"https:\/\/rotary.fi\/lahdenrotary\/wp-json\/wp\/v2\/pages\/179\/revisions\/2322"}],"up":[{"embeddable":true,"href":"https:\/\/rotary.fi\/lahdenrotary\/wp-json\/wp\/v2\/pages\/77"}],"wp:attachment":[{"href":"https:\/\/rotary.fi\/lahdenrotary\/wp-json\/wp\/v2\/media?parent=179"}],"curies":[{"name":"wp","href":"https:\/\/api.w.org\/{rel}","templated":true}]}}