{"id":165,"date":"2018-08-13T09:52:52","date_gmt":"2018-08-13T06:52:52","guid":{"rendered":"https:\/\/rotary.fi\/lahdenrotary\/?page_id=165"},"modified":"2025-08-31T23:37:25","modified_gmt":"2025-08-31T20:37:25","slug":"yhteistyo","status":"publish","type":"page","link":"https:\/\/rotary.fi\/lahdenrotary\/mita-teemme\/yhteistyo\/","title":{"rendered":"Yhteisty\u00f6"},"content":{"rendered":"<p>[et_pb_section fb_built=&#8221;1&#8243; module_class=&#8221;jumbotron-page&#8221; _builder_version=&#8221;4.22.1&#8243; background_image=&#8221;https:\/\/rotary.fi\/lahdenrotary\/wp-content\/uploads\/sites\/237\/2023\/09\/lahden-satama.jpg&#8221; global_colors_info=&#8221;{}&#8221;][et_pb_row _builder_version=&#8221;4.22.1&#8243; background_size=&#8221;initial&#8221; background_position=&#8221;top_left&#8221; background_repeat=&#8221;repeat&#8221; global_colors_info=&#8221;{}&#8221;][et_pb_column type=&#8221;4_4&#8243; _builder_version=&#8221;4.16&#8243; custom_padding=&#8221;|||&#8221; global_colors_info=&#8221;{}&#8221; custom_padding__hover=&#8221;|||&#8221;][et_pb_text admin_label=&#8221;P\u00e4\u00e4otsikko&#8221; _builder_version=&#8221;4.22.1&#8243; text_orientation=&#8221;center&#8221; background_layout=&#8221;dark&#8221; global_colors_info=&#8221;{}&#8221;]<\/p>\n<h1>Yhteisty\u00f6<\/h1>\n<p>[\/et_pb_text][\/et_pb_column][\/et_pb_row][\/et_pb_section][et_pb_section fb_built=&#8221;1&#8243; specialty=&#8221;on&#8221; module_class_2=&#8221;sivupalkki&#8221; _builder_version=&#8221;4.22.1&#8243; global_colors_info=&#8221;{}&#8221;][et_pb_column type=&#8221;2_3&#8243; specialty_columns=&#8221;2&#8243; _builder_version=&#8221;4.16&#8243; custom_padding=&#8221;|||&#8221; global_colors_info=&#8221;{}&#8221; parallax__hover=&#8221;off&#8221; parallax_method__hover=&#8221;on&#8221; custom_padding__hover=&#8221;|||&#8221;][et_pb_row_inner column_structure=&#8221;1_2,1_2&#8243; admin_label=&#8221;Rivi&#8221; _builder_version=&#8221;4.22.1&#8243; locked=&#8221;off&#8221; global_colors_info=&#8221;{}&#8221;][et_pb_column_inner type=&#8221;1_2&#8243; saved_specialty_column_type=&#8221;2_3&#8243; _builder_version=&#8221;4.22.1&#8243; custom_padding=&#8221;|0px||0px|false|false&#8221; global_colors_info=&#8221;{}&#8221; custom_padding__hover=&#8221;|||&#8221;][et_pb_image src=&#8221;https:\/\/rotary.fi\/lahdenrotary\/wp-content\/uploads\/sites\/237\/2023\/08\/shelterboxtuki-01.jpg&#8221; title_text=&#8221;shelterboxtuki_01&#8243; admin_label=&#8221;Shelterbox &#8211; kuva&#8221; _builder_version=&#8221;4.22.1&#8243; _module_preset=&#8221;default&#8221; custom_margin=&#8221;|-40px|||false|false&#8221; global_colors_info=&#8221;{}&#8221;][\/et_pb_image][\/et_pb_column_inner][et_pb_column_inner type=&#8221;1_2&#8243; saved_specialty_column_type=&#8221;2_3&#8243; _builder_version=&#8221;4.22.1&#8243; _module_preset=&#8221;default&#8221; global_colors_info=&#8221;{}&#8221;][et_pb_text admin_label=&#8221;Shelterbox &#8211; teksti&#8221; _builder_version=&#8221;4.22.1&#8243; header_font_size=&#8221;35px&#8221; header_2_font_size=&#8221;25px&#8221; header_3_font_size=&#8221;20px&#8221; header_4_font_size=&#8221;15px&#8221; header_5_font_size=&#8221;13px&#8221; header_6_text_color=&#8221;#000000&#8243; header_6_font_size=&#8221;12px&#8221; custom_margin=&#8221;|||-116px|false|false&#8221; custom_padding=&#8221;|||0px|false|false&#8221; global_colors_info=&#8221;{}&#8221;]<\/p>\n<h1><a href=\"https:\/\/www.shelterboxtuki.fi\/\"><strong>ShelterBox-katastrofiapu<\/strong><\/a><\/h1>\n<p>Liity j\u00e4seneksi ja auta meit\u00e4 auttamaan!<br \/>Katso ShelterBoxtuki ry:n <a href=\"http:\/\/www.shelterboxtuki.fi\/\">kotisivu<\/a><\/p>\n<p><strong>Ota yhteytt\u00e4:<br \/><\/strong>Lahden seutu<strong><br \/><\/strong>Tapio Vihersaari (H\u00e4meenkoski\/Hollola)<br \/><a href=\"mailto:tapio.vihersaari@shelterboxtuki.fi\">tapio.vihersaari(a)shelterboxtuki.fi<\/a><br \/>(6 toiminnan esittelij\u00e4\u00e4 ja rotaract k\u00e4ytett\u00e4viss\u00e4nne tilaisuuksiin ja varainkeruuseen)<\/p>\n<p>[\/et_pb_text][\/et_pb_column_inner][\/et_pb_row_inner][et_pb_row_inner _builder_version=&#8221;4.22.1&#8243; _module_preset=&#8221;default&#8221; global_colors_info=&#8221;{}&#8221;][et_pb_column_inner saved_specialty_column_type=&#8221;2_3&#8243; _builder_version=&#8221;4.22.1&#8243; _module_preset=&#8221;default&#8221; global_colors_info=&#8221;{}&#8221;][et_pb_divider _builder_version=&#8221;4.22.1&#8243; _module_preset=&#8221;default&#8221; global_colors_info=&#8221;{}&#8221;][\/et_pb_divider][et_pb_text admin_label=&#8221;Nuorisovaihto&#8221; _builder_version=&#8221;4.22.1&#8243; _module_preset=&#8221;default&#8221; global_colors_info=&#8221;{}&#8221;]<\/p>\n<p>Klubimme toimii aktiivisesti nuorisovaihdossa, RYLA-toiminnassa (Rotary Youth Leadership Awards), sek\u00e4 useissa palvelu- ja hyv\u00e4ntekev\u00e4isyysprojekteissa.\u00a0Ty\u00f6t\u00e4mme ovat tukeneet monet yhteisty\u00f6kumppanit, yritykset ja lukuisat yksityishenkil\u00f6t mm<strong>.<\/strong><\/p>\n<p>Nuorisovaihdossa olemme tehneet yhteisty\u00f6t\u00e4 Lahden alueen klubien kanssa.<\/p>\n<p>Yhteisi\u00e4 vaihto-oppilaita meill\u00e4 on ollut Rotary Lahti-Salpausselk\u00e4 klubin (ent. Wellamo) ja Nastolan Rotaryklubin kanssa.<\/p>\n<p><strong>Klubimme nuorisovaihtotoimintaa ovat tukeneet\/tukevat<\/strong><\/p>\n<p>Host-perheet Lahden, Nastolan, Hollolan ja K\u00e4rk\u00f6l\u00e4n alueella.<\/p>\n<p><a href=\"https:\/\/datatronic.fi\/\">Datatronic<\/a><\/p>\n<p>&nbsp;<\/p>\n<p>[\/et_pb_text][et_pb_divider _builder_version=&#8221;4.22.1&#8243; _module_preset=&#8221;default&#8221; global_colors_info=&#8221;{}&#8221;][\/et_pb_divider][et_pb_text admin_label=&#8221;Joulupuu&#8221; _builder_version=&#8221;4.22.1&#8243; _module_preset=&#8221;default&#8221; global_colors_info=&#8221;{}&#8221;]<\/p>\n<h3 style=\"text-align: center\">Joulupuu-palveluprojektissa ty\u00f6t\u00e4mme ovat tukeneet\/tukevat<\/h3>\n<p>&nbsp;<\/p>\n<p>&nbsp;<\/p>\n<p style=\"text-align: center\"><a href=\"https:\/\/jcilahti.fi\/\">Lahden Nuorkauppakamari<\/a><\/p>\n<p style=\"text-align: center\"><img loading=\"lazy\" decoding=\"async\" class=\"wp-image-2375  aligncenter\" src=\"https:\/\/rotary.fi\/lahdenrotary\/wp-content\/uploads\/sites\/237\/2023\/12\/jci-lahti-lnkk-logo-01-1024x139.png\" alt=\"\" width=\"670\" height=\"91\" \/><\/p>\n<p>&nbsp;<\/p>\n<p style=\"text-align: center\"><a href=\"https:\/\/dila.fi\/\">Lahden Diakonialaitos<\/a><\/p>\n<p style=\"text-align: center\"><img loading=\"lazy\" decoding=\"async\" class=\"wp-image-2381 size-full aligncenter\" src=\"https:\/\/rotary.fi\/lahdenrotary\/wp-content\/uploads\/sites\/237\/2023\/12\/dila-logo-01.png\" alt=\"\" width=\"378\" height=\"138\" srcset=\"https:\/\/rotary.fi\/lahdenrotary\/wp-content\/uploads\/sites\/237\/2023\/12\/dila-logo-01.png 378w, https:\/\/rotary.fi\/lahdenrotary\/wp-content\/uploads\/sites\/237\/2023\/12\/dila-logo-01-300x110.png 300w\" sizes=\"(max-width: 378px) 100vw, 378px\" \/><\/p>\n<p>&nbsp;<\/p>\n<p style=\"text-align: center\"><a href=\"https:\/\/www.lahdenseurakunnat.fi\/\">Lahden seurakuntayhtym\u00e4<\/a><img loading=\"lazy\" decoding=\"async\" class=\"wp-image-2380  aligncenter\" src=\"https:\/\/rotary.fi\/lahdenrotary\/wp-content\/uploads\/sites\/237\/2023\/12\/lahden-seurakunnat-logo-01-1024x380.png\" alt=\"\" width=\"547\" height=\"203\" \/><\/p>\n<p>&nbsp;<\/p>\n<p style=\"text-align: center\"><a href=\"https:\/\/lahti.4h.fi\/\">Lahden 4H-yhdistys ry<\/a><\/p>\n<p><img loading=\"lazy\" decoding=\"async\" class=\"wp-image-2390  aligncenter\" src=\"https:\/\/rotary.fi\/lahdenrotary\/wp-content\/uploads\/sites\/237\/2023\/12\/4hlahti-logo-01-1024x329.png\" alt=\"\" width=\"439\" height=\"141\" \/><\/p>\n<p>&nbsp;<\/p>\n<p>&nbsp;<\/p>\n<p style=\"text-align: center\"><a href=\"https:\/\/rotary.fi\/\">Rotary<\/a><\/p>\n<p><img loading=\"lazy\" decoding=\"async\" class=\"wp-image-2510  aligncenter\" src=\"https:\/\/rotary.fi\/lahdenrotary\/wp-content\/uploads\/sites\/237\/2023\/12\/rotary-international-logo-01-1024x385.png\" alt=\"\" width=\"420\" height=\"158\" \/><\/p>\n<p>&nbsp;<\/p>\n<p style=\"text-align: center\"><a href=\"https:\/\/www.inspis.info\/\">Inspis Lahti ry<\/a><\/p>\n<p><img loading=\"lazy\" decoding=\"async\" class=\"wp-image-2513  aligncenter\" src=\"https:\/\/rotary.fi\/lahdenrotary\/wp-content\/uploads\/sites\/237\/2023\/12\/inspis-logo-01.jpg\" alt=\"\" width=\"399\" height=\"269\" \/><\/p>\n<p>&nbsp;<\/p>\n<p style=\"text-align: center\"><a href=\"http:\/\/www.idus.fi\">Idus<\/a><\/p>\n<p><img loading=\"lazy\" decoding=\"async\" class=\"wp-image-2511  aligncenter\" src=\"https:\/\/rotary.fi\/lahdenrotary\/wp-content\/uploads\/sites\/237\/2023\/12\/idus-logo-01-1024x432.png\" alt=\"\" width=\"452\" height=\"191\" \/><\/p>\n<p>&nbsp;<\/p>\n<p style=\"text-align: center\"><a href=\"https:\/\/www.erpahvityo.fi\/\">ER-Pahvity\u00f6<\/a><\/p>\n<p><img loading=\"lazy\" decoding=\"async\" class=\"wp-image-2512  aligncenter\" src=\"https:\/\/rotary.fi\/lahdenrotary\/wp-content\/uploads\/sites\/237\/2023\/12\/er-pahvityo-logo-01.png\" alt=\"\" width=\"276\" height=\"192\" \/><\/p>\n<p>&nbsp;<\/p>\n<p style=\"text-align: center\">PHHYKY<\/p>\n<p style=\"text-align: center\">LAMK sosiaaliala<\/p>\n<p style=\"text-align: center\">Lahden alueen muut rotaryklubit<\/p>\n<p style=\"text-align: center\">[\/et_pb_text][et_pb_divider _builder_version=&#8221;4.22.1&#8243; _module_preset=&#8221;default&#8221; global_colors_info=&#8221;{}&#8221;][\/et_pb_divider][et_pb_text admin_label=&#8221;Koulupuu&#8221; _builder_version=&#8221;4.22.1&#8243; _module_preset=&#8221;default&#8221; global_colors_info=&#8221;{}&#8221;]<\/p>\n<h3 style=\"text-align: center\">Koulupuu-palveluprojektissa ty\u00f6t\u00e4mme ovat tukeneet<\/h3>\n<p>&nbsp;<\/p>\n<p>&nbsp;<\/p>\n<p style=\"text-align: center\"><a href=\"https:\/\/www.ocmritarikunta.fi\/\">P\u00e4ij\u00e4t-H\u00e4meen Konstantinus Yhdistys ry<\/a><\/p>\n<p><img loading=\"lazy\" decoding=\"async\" class=\"wp-image-2379 size-full aligncenter\" src=\"https:\/\/rotary.fi\/lahdenrotary\/wp-content\/uploads\/sites\/237\/2023\/12\/konstantinus-yhdistys-logo-01.png\" alt=\"\" width=\"150\" height=\"150\" \/><\/p>\n<p style=\"margin: 0cm;vertical-align: baseline;text-align: center\"><span style=\"font-family: 'Open Sans',sans-serif;color: #263b4c\">Yhdistys antoi merkitt\u00e4v\u00e4n rahalahjoituksen aikanaan Koulupuu\u00a0-projektiin. Koulupuu oli Lahden alueen rotareiden yhteinen hanke, joka tuki v\u00e4h\u00e4varaisten perheiden nuorten toisen asteen opintoja avustamalla kirjojen, tietokoneiden ja muiden opiskelutarvikkeiden hankinnassa.<\/span><\/p>\n<p>&nbsp;<\/p>\n<p style=\"text-align: center\"><a href=\"https:\/\/datatronic.fi\/\">Datatronic<\/a><\/p>\n<p><img loading=\"lazy\" decoding=\"async\" class=\"wp-image-2376  aligncenter\" src=\"https:\/\/rotary.fi\/lahdenrotary\/wp-content\/uploads\/sites\/237\/2023\/12\/datatronic-logo-rgb-1024x174.png\" alt=\"\" width=\"718\" height=\"122\" \/><\/p>\n<p>&nbsp;<\/p>\n<p style=\"text-align: center\">P\u00e4ij\u00e4t-H\u00e4meen hyvinvointikuntayhtym\u00e4n lapsiperhety\u00f6<\/p>\n<p style=\"text-align: center\">Rotary Foundation piiriapuraha<\/p>\n<p style=\"text-align: center\">Lahden alueen muut rotaryklubit<\/p>\n<p style=\"text-align: center\">[\/et_pb_text][et_pb_divider _builder_version=&#8221;4.22.1&#8243; _module_preset=&#8221;default&#8221; global_colors_info=&#8221;{}&#8221;][\/et_pb_divider][et_pb_text admin_label=&#8221;RYLA&#8221; _builder_version=&#8221;4.27.0&#8243; _module_preset=&#8221;default&#8221; global_colors_info=&#8221;{}&#8221;]<\/p>\n<h3 style=\"text-align: center\">RYLA-projektissa ty\u00f6t\u00e4mme ovat tukeneet\/tukevat<\/h3>\n<p>&nbsp;<\/p>\n<p>&nbsp;<\/p>\n<p style=\"text-align: center\"><a href=\"https:\/\/www.toplinemedia.fi\/\">TopLine Media Oy<\/a><br \/>DuuniExpossa 2023-2025 sponsorina (osastomateriaalit ja peli)<br \/><img loading=\"lazy\" decoding=\"async\" class=\"aligncenter wp-image-2411\" src=\"https:\/\/rotary.fi\/lahdenrotary\/wp-content\/uploads\/sites\/237\/2023\/12\/toplinemedia-logo-01-1024x312.png\" alt=\"\" width=\"666\" height=\"203\" \/><\/p>\n<p style=\"text-align: center\"><a href=\"https:\/\/www.acgnystrom.fi\/\">ACG Nystr\u00f6m Oy<\/a><br \/>DuuniExpossa 2023-2025 sponsorina (kalusteet)<\/p>\n<p><img loading=\"lazy\" decoding=\"async\" class=\"wp-image-2378 aligncenter\" src=\"https:\/\/rotary.fi\/lahdenrotary\/wp-content\/uploads\/sites\/237\/2023\/12\/acg-nystrom-logo-01-1024x257.png\" alt=\"\" width=\"553\" height=\"139\" \/><\/p>\n<p>&nbsp;<\/p>\n<p style=\"text-align: center\">Oy Finnish Satellite Television Ltd<\/p>\n<p><img loading=\"lazy\" decoding=\"async\" class=\"wp-image-2377 aligncenter\" src=\"https:\/\/rotary.fi\/lahdenrotary\/wp-content\/uploads\/sites\/237\/2023\/12\/fiste-logo-01.png\" alt=\"\" width=\"175\" height=\"56\" \/><\/p>\n<p style=\"text-align: center\">[\/et_pb_text][et_pb_divider _builder_version=&#8221;4.22.1&#8243; _module_preset=&#8221;default&#8221; global_colors_info=&#8221;{}&#8221;][\/et_pb_divider][et_pb_text admin_label=&#8221;Kiitos&#8221; _builder_version=&#8221;4.27.0&#8243; _module_preset=&#8221;default&#8221; global_colors_info=&#8221;{}&#8221;]<\/p>\n<h3 style=\"text-align: center\">Kiit\u00e4mme l\u00e4mpim\u00e4sti toimintamme tukijoita!<\/h3>\n<p>&nbsp;<\/p>\n<p style=\"text-align: center\">Kun haluat osallistua rotareiden ty\u00f6h\u00f6n lahjoittamalla aikaasi tai varoja, ota yst\u00e4v\u00e4llisesti yhteytt\u00e4 klubimme presidenttiin Hannu Uusitaloon, puh. 040 190 1214, hannu.uusitalo(a)tuni.fi<\/p>\n<p>&nbsp;<\/p>\n<p>[\/et_pb_text][\/et_pb_column_inner][\/et_pb_row_inner][\/et_pb_column][et_pb_column type=&#8221;1_3&#8243; module_class=&#8221;sivupalkki&#8221; _builder_version=&#8221;4.16&#8243; custom_padding=&#8221;|||&#8221; global_colors_info=&#8221;{}&#8221; parallax__hover=&#8221;off&#8221; parallax_method__hover=&#8221;on&#8221; module_class__hover=&#8221;sivupalkki&#8221; custom_padding__hover=&#8221;|||&#8221;][et_pb_sidebar area=&#8221;sidebar-1&#8243; module_class=&#8221;sivupalkki_sisalto&#8221; _builder_version=&#8221;4.16&#8243; locked=&#8221;off&#8221; global_colors_info=&#8221;{}&#8221;][\/et_pb_sidebar][\/et_pb_column][\/et_pb_section]<\/p>\n","protected":false},"excerpt":{"rendered":"<p>Yhteisty\u00f6ShelterBox-katastrofiapu Liity j\u00e4seneksi ja auta meit\u00e4 auttamaan!Katso ShelterBoxtuki ry:n kotisivu Ota yhteytt\u00e4:Lahden seutuTapio Vihersaari (H\u00e4meenkoski\/Hollola)tapio.vihersaari(a)shelterboxtuki.fi(6 toiminnan esittelij\u00e4\u00e4 ja rotaract k\u00e4ytett\u00e4viss\u00e4nne tilaisuuksiin ja varainkeruuseen)Klubimme toimii aktiivisesti nuorisovaihdossa, RYLA-toiminnassa (Rotary Youth Leadership Awards), sek\u00e4 useissa palvelu- ja hyv\u00e4ntekev\u00e4isyysprojekteissa.\u00a0Ty\u00f6t\u00e4mme ovat tukeneet monet yhteisty\u00f6kumppanit, yritykset ja lukuisat yksityishenkil\u00f6t mm. Nuorisovaihdossa olemme tehneet yhteisty\u00f6t\u00e4 Lahden alueen klubien kanssa. Yhteisi\u00e4 vaihto-oppilaita [&hellip;]<\/p>\n","protected":false},"author":1,"featured_media":0,"parent":77,"menu_order":0,"comment_status":"closed","ping_status":"closed","template":"","meta":{"_acf_changed":false,"_et_pb_use_builder":"on","_et_pb_old_content":"","_et_gb_content_width":"","footnotes":""},"class_list":["post-165","page","type-page","status-publish","hentry"],"acf":[],"yoast_head":"<!-- This site is optimized with the Yoast SEO plugin v27.4 - https:\/\/yoast.com\/product\/yoast-seo-wordpress\/ -->\n<title>Yhteisty\u00f6 - Lahden Rotaryklubi ry<\/title>\n<meta name=\"robots\" content=\"index, follow, max-snippet:-1, max-image-preview:large, max-video-preview:-1\" \/>\n<link rel=\"canonical\" href=\"https:\/\/rotary.fi\/lahdenrotary\/mita-teemme\/yhteistyo\/\" \/>\n<meta property=\"og:locale\" content=\"fi_FI\" \/>\n<meta property=\"og:type\" content=\"article\" \/>\n<meta property=\"og:title\" content=\"Yhteisty\u00f6 - Lahden Rotaryklubi ry\" \/>\n<meta property=\"og:description\" content=\"Yhteisty\u00f6ShelterBox-katastrofiapu Liity j\u00e4seneksi ja auta meit\u00e4 auttamaan!Katso ShelterBoxtuki ry:n kotisivu Ota yhteytt\u00e4:Lahden seutuTapio Vihersaari (H\u00e4meenkoski\/Hollola)tapio.vihersaari(a)shelterboxtuki.fi(6 toiminnan esittelij\u00e4\u00e4 ja rotaract k\u00e4ytett\u00e4viss\u00e4nne tilaisuuksiin ja varainkeruuseen)Klubimme toimii aktiivisesti nuorisovaihdossa, RYLA-toiminnassa (Rotary Youth Leadership Awards), sek\u00e4 useissa palvelu- ja hyv\u00e4ntekev\u00e4isyysprojekteissa.\u00a0Ty\u00f6t\u00e4mme ovat tukeneet monet yhteisty\u00f6kumppanit, yritykset ja lukuisat yksityishenkil\u00f6t mm. Nuorisovaihdossa olemme tehneet yhteisty\u00f6t\u00e4 Lahden alueen klubien kanssa. Yhteisi\u00e4 vaihto-oppilaita [&hellip;]\" \/>\n<meta property=\"og:url\" content=\"https:\/\/rotary.fi\/lahdenrotary\/mita-teemme\/yhteistyo\/\" \/>\n<meta property=\"og:site_name\" content=\"Lahden Rotaryklubi ry\" \/>\n<meta property=\"article:modified_time\" content=\"2025-08-31T20:37:25+00:00\" \/>\n<meta property=\"og:image\" content=\"https:\/\/rotary.fi\/lahdenrotary\/wp-content\/uploads\/sites\/237\/2023\/12\/jci-lahti-lnkk-logo-01-1024x139.png\" \/>\n<meta name=\"twitter:card\" content=\"summary_large_image\" \/>\n<meta name=\"twitter:label1\" content=\"Arvioitu lukuaika\" \/>\n\t<meta name=\"twitter:data1\" content=\"5 minuuttia\" \/>\n<script type=\"application\/ld+json\" class=\"yoast-schema-graph\">{\"@context\":\"https:\\\/\\\/schema.org\",\"@graph\":[{\"@type\":\"WebPage\",\"@id\":\"https:\\\/\\\/rotary.fi\\\/lahdenrotary\\\/mita-teemme\\\/yhteistyo\\\/\",\"url\":\"https:\\\/\\\/rotary.fi\\\/lahdenrotary\\\/mita-teemme\\\/yhteistyo\\\/\",\"name\":\"Yhteisty\u00f6 - Lahden Rotaryklubi ry\",\"isPartOf\":{\"@id\":\"https:\\\/\\\/rotary.fi\\\/lahdenrotary\\\/#website\"},\"primaryImageOfPage\":{\"@id\":\"https:\\\/\\\/rotary.fi\\\/lahdenrotary\\\/mita-teemme\\\/yhteistyo\\\/#primaryimage\"},\"image\":{\"@id\":\"https:\\\/\\\/rotary.fi\\\/lahdenrotary\\\/mita-teemme\\\/yhteistyo\\\/#primaryimage\"},\"thumbnailUrl\":\"https:\\\/\\\/rotary.fi\\\/lahdenrotary\\\/wp-content\\\/uploads\\\/sites\\\/237\\\/2023\\\/12\\\/jci-lahti-lnkk-logo-01-1024x139.png\",\"datePublished\":\"2018-08-13T06:52:52+00:00\",\"dateModified\":\"2025-08-31T20:37:25+00:00\",\"breadcrumb\":{\"@id\":\"https:\\\/\\\/rotary.fi\\\/lahdenrotary\\\/mita-teemme\\\/yhteistyo\\\/#breadcrumb\"},\"inLanguage\":\"fi\",\"potentialAction\":[{\"@type\":\"ReadAction\",\"target\":[\"https:\\\/\\\/rotary.fi\\\/lahdenrotary\\\/mita-teemme\\\/yhteistyo\\\/\"]}]},{\"@type\":\"ImageObject\",\"inLanguage\":\"fi\",\"@id\":\"https:\\\/\\\/rotary.fi\\\/lahdenrotary\\\/mita-teemme\\\/yhteistyo\\\/#primaryimage\",\"url\":\"https:\\\/\\\/rotary.fi\\\/lahdenrotary\\\/wp-content\\\/uploads\\\/sites\\\/237\\\/2023\\\/12\\\/jci-lahti-lnkk-logo-01.png\",\"contentUrl\":\"https:\\\/\\\/rotary.fi\\\/lahdenrotary\\\/wp-content\\\/uploads\\\/sites\\\/237\\\/2023\\\/12\\\/jci-lahti-lnkk-logo-01.png\",\"width\":1157,\"height\":157},{\"@type\":\"BreadcrumbList\",\"@id\":\"https:\\\/\\\/rotary.fi\\\/lahdenrotary\\\/mita-teemme\\\/yhteistyo\\\/#breadcrumb\",\"itemListElement\":[{\"@type\":\"ListItem\",\"position\":1,\"name\":\"Home\",\"item\":\"https:\\\/\\\/rotary.fi\\\/lahdenrotary\\\/\"},{\"@type\":\"ListItem\",\"position\":2,\"name\":\"Mit\u00e4 teemme\",\"item\":\"https:\\\/\\\/rotary.fi\\\/lahdenrotary\\\/mita-teemme\\\/\"},{\"@type\":\"ListItem\",\"position\":3,\"name\":\"Yhteisty\u00f6\"}]},{\"@type\":\"WebSite\",\"@id\":\"https:\\\/\\\/rotary.fi\\\/lahdenrotary\\\/#website\",\"url\":\"https:\\\/\\\/rotary.fi\\\/lahdenrotary\\\/\",\"name\":\"Lahden Rotaryklubi ry\",\"description\":\"Uusi Rotary klubisivusto\",\"potentialAction\":[{\"@type\":\"SearchAction\",\"target\":{\"@type\":\"EntryPoint\",\"urlTemplate\":\"https:\\\/\\\/rotary.fi\\\/lahdenrotary\\\/?s={search_term_string}\"},\"query-input\":{\"@type\":\"PropertyValueSpecification\",\"valueRequired\":true,\"valueName\":\"search_term_string\"}}],\"inLanguage\":\"fi\"}]}<\/script>\n<!-- \/ Yoast SEO plugin. -->","yoast_head_json":{"title":"Yhteisty\u00f6 - Lahden Rotaryklubi ry","robots":{"index":"index","follow":"follow","max-snippet":"max-snippet:-1","max-image-preview":"max-image-preview:large","max-video-preview":"max-video-preview:-1"},"canonical":"https:\/\/rotary.fi\/lahdenrotary\/mita-teemme\/yhteistyo\/","og_locale":"fi_FI","og_type":"article","og_title":"Yhteisty\u00f6 - Lahden Rotaryklubi ry","og_description":"Yhteisty\u00f6ShelterBox-katastrofiapu Liity j\u00e4seneksi ja auta meit\u00e4 auttamaan!Katso ShelterBoxtuki ry:n kotisivu Ota yhteytt\u00e4:Lahden seutuTapio Vihersaari (H\u00e4meenkoski\/Hollola)tapio.vihersaari(a)shelterboxtuki.fi(6 toiminnan esittelij\u00e4\u00e4 ja rotaract k\u00e4ytett\u00e4viss\u00e4nne tilaisuuksiin ja varainkeruuseen)Klubimme toimii aktiivisesti nuorisovaihdossa, RYLA-toiminnassa (Rotary Youth Leadership Awards), sek\u00e4 useissa palvelu- ja hyv\u00e4ntekev\u00e4isyysprojekteissa.\u00a0Ty\u00f6t\u00e4mme ovat tukeneet monet yhteisty\u00f6kumppanit, yritykset ja lukuisat yksityishenkil\u00f6t mm. Nuorisovaihdossa olemme tehneet yhteisty\u00f6t\u00e4 Lahden alueen klubien kanssa. Yhteisi\u00e4 vaihto-oppilaita [&hellip;]","og_url":"https:\/\/rotary.fi\/lahdenrotary\/mita-teemme\/yhteistyo\/","og_site_name":"Lahden Rotaryklubi ry","article_modified_time":"2025-08-31T20:37:25+00:00","og_image":[{"url":"https:\/\/rotary.fi\/lahdenrotary\/wp-content\/uploads\/sites\/237\/2023\/12\/jci-lahti-lnkk-logo-01-1024x139.png","type":"","width":"","height":""}],"twitter_card":"summary_large_image","twitter_misc":{"Arvioitu lukuaika":"5 minuuttia"},"schema":{"@context":"https:\/\/schema.org","@graph":[{"@type":"WebPage","@id":"https:\/\/rotary.fi\/lahdenrotary\/mita-teemme\/yhteistyo\/","url":"https:\/\/rotary.fi\/lahdenrotary\/mita-teemme\/yhteistyo\/","name":"Yhteisty\u00f6 - Lahden Rotaryklubi ry","isPartOf":{"@id":"https:\/\/rotary.fi\/lahdenrotary\/#website"},"primaryImageOfPage":{"@id":"https:\/\/rotary.fi\/lahdenrotary\/mita-teemme\/yhteistyo\/#primaryimage"},"image":{"@id":"https:\/\/rotary.fi\/lahdenrotary\/mita-teemme\/yhteistyo\/#primaryimage"},"thumbnailUrl":"https:\/\/rotary.fi\/lahdenrotary\/wp-content\/uploads\/sites\/237\/2023\/12\/jci-lahti-lnkk-logo-01-1024x139.png","datePublished":"2018-08-13T06:52:52+00:00","dateModified":"2025-08-31T20:37:25+00:00","breadcrumb":{"@id":"https:\/\/rotary.fi\/lahdenrotary\/mita-teemme\/yhteistyo\/#breadcrumb"},"inLanguage":"fi","potentialAction":[{"@type":"ReadAction","target":["https:\/\/rotary.fi\/lahdenrotary\/mita-teemme\/yhteistyo\/"]}]},{"@type":"ImageObject","inLanguage":"fi","@id":"https:\/\/rotary.fi\/lahdenrotary\/mita-teemme\/yhteistyo\/#primaryimage","url":"https:\/\/rotary.fi\/lahdenrotary\/wp-content\/uploads\/sites\/237\/2023\/12\/jci-lahti-lnkk-logo-01.png","contentUrl":"https:\/\/rotary.fi\/lahdenrotary\/wp-content\/uploads\/sites\/237\/2023\/12\/jci-lahti-lnkk-logo-01.png","width":1157,"height":157},{"@type":"BreadcrumbList","@id":"https:\/\/rotary.fi\/lahdenrotary\/mita-teemme\/yhteistyo\/#breadcrumb","itemListElement":[{"@type":"ListItem","position":1,"name":"Home","item":"https:\/\/rotary.fi\/lahdenrotary\/"},{"@type":"ListItem","position":2,"name":"Mit\u00e4 teemme","item":"https:\/\/rotary.fi\/lahdenrotary\/mita-teemme\/"},{"@type":"ListItem","position":3,"name":"Yhteisty\u00f6"}]},{"@type":"WebSite","@id":"https:\/\/rotary.fi\/lahdenrotary\/#website","url":"https:\/\/rotary.fi\/lahdenrotary\/","name":"Lahden Rotaryklubi ry","description":"Uusi Rotary klubisivusto","potentialAction":[{"@type":"SearchAction","target":{"@type":"EntryPoint","urlTemplate":"https:\/\/rotary.fi\/lahdenrotary\/?s={search_term_string}"},"query-input":{"@type":"PropertyValueSpecification","valueRequired":true,"valueName":"search_term_string"}}],"inLanguage":"fi"}]}},"lang":"fi","translations":{"fi":165,"en":1462},"pll_sync_post":[],"_links":{"self":[{"href":"https:\/\/rotary.fi\/lahdenrotary\/wp-json\/wp\/v2\/pages\/165","targetHints":{"allow":["GET"]}}],"collection":[{"href":"https:\/\/rotary.fi\/lahdenrotary\/wp-json\/wp\/v2\/pages"}],"about":[{"href":"https:\/\/rotary.fi\/lahdenrotary\/wp-json\/wp\/v2\/types\/page"}],"author":[{"embeddable":true,"href":"https:\/\/rotary.fi\/lahdenrotary\/wp-json\/wp\/v2\/users\/1"}],"replies":[{"embeddable":true,"href":"https:\/\/rotary.fi\/lahdenrotary\/wp-json\/wp\/v2\/comments?post=165"}],"version-history":[{"count":10,"href":"https:\/\/rotary.fi\/lahdenrotary\/wp-json\/wp\/v2\/pages\/165\/revisions"}],"predecessor-version":[{"id":2852,"href":"https:\/\/rotary.fi\/lahdenrotary\/wp-json\/wp\/v2\/pages\/165\/revisions\/2852"}],"up":[{"embeddable":true,"href":"https:\/\/rotary.fi\/lahdenrotary\/wp-json\/wp\/v2\/pages\/77"}],"wp:attachment":[{"href":"https:\/\/rotary.fi\/lahdenrotary\/wp-json\/wp\/v2\/media?parent=165"}],"curies":[{"name":"wp","href":"https:\/\/api.w.org\/{rel}","templated":true}]}}