{"id":163,"date":"2018-08-13T09:51:14","date_gmt":"2018-08-13T06:51:14","guid":{"rendered":"https:\/\/rotary.fi\/lahdenrotary\/?page_id=163"},"modified":"2023-11-29T21:20:38","modified_gmt":"2023-11-29T19:20:38","slug":"rotaract","status":"publish","type":"page","link":"https:\/\/rotary.fi\/lahdenrotary\/mita-teemme\/rotaract\/","title":{"rendered":"Rotaract"},"content":{"rendered":"<p>[et_pb_section fb_built=&#8221;1&#8243; module_class=&#8221;jumbotron-page&#8221; _builder_version=&#8221;4.16&#8243; background_image=&#8221;https:\/\/rotary.fi\/lahdenrotary\/wp-content\/uploads\/sites\/237\/2018\/10\/rotary_klubit_alasivu_paakuva_10.jpg&#8221; global_colors_info=&#8221;{}&#8221;][et_pb_row _builder_version=&#8221;4.16&#8243; background_size=&#8221;initial&#8221; background_position=&#8221;top_left&#8221; background_repeat=&#8221;repeat&#8221; global_colors_info=&#8221;{}&#8221;][et_pb_column type=&#8221;4_4&#8243; _builder_version=&#8221;4.16&#8243; custom_padding=&#8221;|||&#8221; global_colors_info=&#8221;{}&#8221; custom_padding__hover=&#8221;|||&#8221;][et_pb_text admin_label=&#8221;P\u00e4\u00e4otsikko&#8221; _builder_version=&#8221;4.22.1&#8243; text_orientation=&#8221;center&#8221; background_layout=&#8221;dark&#8221; hover_enabled=&#8221;0&#8243; global_colors_info=&#8221;{}&#8221; sticky_enabled=&#8221;0&#8243;]<\/p>\n<h1>Rotaract<\/h1>\n<p>[\/et_pb_text][\/et_pb_column][\/et_pb_row][\/et_pb_section][et_pb_section fb_built=&#8221;1&#8243; specialty=&#8221;on&#8221; module_class_2=&#8221;sivupalkki&#8221; _builder_version=&#8221;4.16&#8243; global_colors_info=&#8221;{}&#8221;][et_pb_column type=&#8221;2_3&#8243; specialty_columns=&#8221;2&#8243; _builder_version=&#8221;4.16&#8243; custom_padding=&#8221;|||&#8221; global_colors_info=&#8221;{}&#8221; parallax__hover=&#8221;off&#8221; parallax_method__hover=&#8221;on&#8221; custom_padding__hover=&#8221;|||&#8221;][et_pb_row_inner admin_label=&#8221;Rivi&#8221; _builder_version=&#8221;4.16&#8243; global_colors_info=&#8221;{}&#8221;][et_pb_column_inner saved_specialty_column_type=&#8221;2_3&#8243; _builder_version=&#8221;4.16&#8243; custom_padding=&#8221;|||&#8221; global_colors_info=&#8221;{}&#8221; parallax__hover=&#8221;off&#8221; parallax_method__hover=&#8221;on&#8221; custom_padding__hover=&#8221;|||&#8221;][et_pb_text admin_label=&#8221;Rotaract Otsikko&#8221; _builder_version=&#8221;4.22.1&#8243; header_font_size=&#8221;35px&#8221; text_orientation=&#8221;center&#8221; global_colors_info=&#8221;{}&#8221;]<\/p>\n<h1><strong>Rotaract \u2013 verkostoitumista ja innostavia palveluprojekteja nuorille aikuisille <\/strong><\/h1>\n<p>[\/et_pb_text][et_pb_text admin_label=&#8221;Rotaract Teksti&#8221; _builder_version=&#8221;4.22.1&#8243; global_colors_info=&#8221;{}&#8221;]<\/p>\n<p>Rotaract kokoaa 18\u201330 -vuotiaita nuoria palvelutoimintaan, jossa p\u00e4\u00e4see verkostoitumaan, harjoittelemaan johtamis- ja yhteisty\u00f6taitoja sek\u00e4 vaikuttamaan ymp\u00e4rist\u00f6n hyvinvointiin erilaisten palveluprojektien avulla. Rotaractoreiden motto on sama kuin rotareiden: palvelu itsekkyyden edelle.<\/p>\n<p>Rotaractklubin ohjelmassa voi olla yhteis\u00f6palveluprojektien suunnittelua ja toteuttamista sek\u00e4 verkostoitumistapaamisia paikkakunnalla, kansallisesti tai kansainv\u00e4lisesti. Monipuolisen verkoston ja tapaamisten kautta nuorella on mahdollisuus solmia elinik\u00e4isi\u00e4 yst\u00e4vyyssuhteita niin Suomessa kuin maailmanlaajuisesti. Rotaractklubeja on yli 180 maassa ja j\u00e4seni\u00e4 11 000 klubissa yhteens\u00e4 noin 250 000. Suomessa rotaractklubeja on perustettu p\u00e4\u00e4asiassa suurimpiin kaupunkeihin.<\/p>\n<p>Lahden Rotaract toivottaa jokaisen nuoren tervetulleeksi mukaan toimintaan. J\u00e4senen\u00e4 p\u00e4\u00e4set tutustumaan Rotary-maailmaan nuoren yhteis\u00f6n kautta vain pienell\u00e4 j\u00e4senmaksulla. Toimintamme on j\u00e4sentemme n\u00e4k\u00f6ist\u00e4 ja kaikki ideat ovat tervetulleita toteutettaviksi yhdess\u00e4. Ajankohtaista tietoa klubin toiminnasta ja tapahtumista l\u00f6yd\u00e4t Instagramista. Jos toiminta rotaractorina kiinnostaa, olethan meihin rohkeasti yhteydess\u00e4!<\/p>\n<p>Email: rotaract.lahti(a)gmail.com<br \/>Facebook: Rotaract Lahti<br \/>Instagram: @rotaractlahti<\/p>\n<p>[\/et_pb_text][et_pb_divider show_divider=&#8221;off&#8221; _builder_version=&#8221;4.22.1&#8243; _module_preset=&#8221;default&#8221; global_colors_info=&#8221;{}&#8221;][\/et_pb_divider][et_pb_text admin_label=&#8221;Rotaract Title&#8221; _builder_version=&#8221;4.22.1&#8243; header_font_size=&#8221;35px&#8221; text_orientation=&#8221;center&#8221; global_colors_info=&#8221;{}&#8221;]<\/p>\n<h1><strong>Rotaract &#8211; networking and inspiring service projects for young adults<\/strong><\/h1>\n<p>[\/et_pb_text][et_pb_text admin_label=&#8221;Rotaract Text&#8221; _builder_version=&#8221;4.22.1&#8243; global_colors_info=&#8221;{}&#8221;]<\/p>\n<p>Rotaract gathers 18-30-year-old young people in service activities, where they can network, practice leadership and cooperation skills, and influence the well-being of the environment through various service projects. The motto of Rotaractors is the same as that of Rotarians: service before selfishness.<\/p>\n<p>The Rotaract club&#8217;s program can include planning and implementing community service projects as well as networking meetings locally, nationally or internationally. Through diverse networks and meetings, young people have the opportunity to make lifelong friendships both in Finland and worldwide. There are Rotaract clubs in more than 180 countries and members in 11,000 clubs totaling approximately 250,000 people. In Finland, Rotaract clubs have been established mainly in larger cities.<\/p>\n<p>Lahti Rotaract welcomes every young person to join the activity. As a member, you get to know the world of Rotary through the young community for only a small membership fee. Our activities are based on the views of our members and all ideas are welcome to be implemented together. You can find up-to-date information about the club&#8217;s activities and events on Instagram. If you are interested in working as a rotaractor, feel free to contact us!<\/p>\n<p>Email: rotaract.lahti(a)gmail.com<br \/>Facebook: Rotaract Lahti<br \/>Instagram: @rotaractlahti<\/p>\n<p>[\/et_pb_text][\/et_pb_column_inner][\/et_pb_row_inner][\/et_pb_column][et_pb_column type=&#8221;1_3&#8243; module_class=&#8221;sivupalkki&#8221; _builder_version=&#8221;4.16&#8243; custom_padding=&#8221;|||&#8221; global_colors_info=&#8221;{}&#8221; parallax__hover=&#8221;off&#8221; parallax_method__hover=&#8221;on&#8221; module_class__hover=&#8221;sivupalkki&#8221; custom_padding__hover=&#8221;|||&#8221;][et_pb_sidebar area=&#8221;sidebar-1&#8243; module_class=&#8221;sivupalkki_sisalto&#8221; _builder_version=&#8221;4.16&#8243; locked=&#8221;on&#8221; global_colors_info=&#8221;{}&#8221;][\/et_pb_sidebar][\/et_pb_column][\/et_pb_section]<\/p>\n","protected":false},"excerpt":{"rendered":"<p>RotaractRotaract \u2013 verkostoitumista ja innostavia palveluprojekteja nuorille aikuisille Rotaract kokoaa 18\u201330 -vuotiaita nuoria palvelutoimintaan, jossa p\u00e4\u00e4see verkostoitumaan, harjoittelemaan johtamis- ja yhteisty\u00f6taitoja sek\u00e4 vaikuttamaan ymp\u00e4rist\u00f6n hyvinvointiin erilaisten palveluprojektien avulla. Rotaractoreiden motto on sama kuin rotareiden: palvelu itsekkyyden edelle. Rotaractklubin ohjelmassa voi olla yhteis\u00f6palveluprojektien suunnittelua ja toteuttamista sek\u00e4 verkostoitumistapaamisia paikkakunnalla, kansallisesti tai kansainv\u00e4lisesti. Monipuolisen verkoston ja tapaamisten [&hellip;]<\/p>\n","protected":false},"author":1,"featured_media":0,"parent":77,"menu_order":0,"comment_status":"closed","ping_status":"closed","template":"","meta":{"_acf_changed":false,"_et_pb_use_builder":"on","_et_pb_old_content":"","_et_gb_content_width":"","footnotes":""},"class_list":["post-163","page","type-page","status-publish","hentry"],"acf":[],"yoast_head":"<!-- This site is optimized with the Yoast SEO plugin v27.0 - https:\/\/yoast.com\/product\/yoast-seo-wordpress\/ -->\n<title>Rotaract - Lahden Rotaryklubi ry<\/title>\n<meta name=\"robots\" content=\"index, follow, max-snippet:-1, max-image-preview:large, max-video-preview:-1\" \/>\n<link rel=\"canonical\" href=\"https:\/\/rotary.fi\/lahdenrotary\/mita-teemme\/rotaract\/\" \/>\n<meta property=\"og:locale\" content=\"fi_FI\" \/>\n<meta property=\"og:type\" content=\"article\" \/>\n<meta property=\"og:title\" content=\"Rotaract - Lahden Rotaryklubi ry\" \/>\n<meta property=\"og:description\" content=\"RotaractRotaract \u2013 verkostoitumista ja innostavia palveluprojekteja nuorille aikuisille Rotaract kokoaa 18\u201330 -vuotiaita nuoria palvelutoimintaan, jossa p\u00e4\u00e4see verkostoitumaan, harjoittelemaan johtamis- ja yhteisty\u00f6taitoja sek\u00e4 vaikuttamaan ymp\u00e4rist\u00f6n hyvinvointiin erilaisten palveluprojektien avulla. Rotaractoreiden motto on sama kuin rotareiden: palvelu itsekkyyden edelle. Rotaractklubin ohjelmassa voi olla yhteis\u00f6palveluprojektien suunnittelua ja toteuttamista sek\u00e4 verkostoitumistapaamisia paikkakunnalla, kansallisesti tai kansainv\u00e4lisesti. Monipuolisen verkoston ja tapaamisten [&hellip;]\" \/>\n<meta property=\"og:url\" content=\"https:\/\/rotary.fi\/lahdenrotary\/mita-teemme\/rotaract\/\" \/>\n<meta property=\"og:site_name\" content=\"Lahden Rotaryklubi ry\" \/>\n<meta property=\"article:modified_time\" content=\"2023-11-29T19:20:38+00:00\" \/>\n<meta name=\"twitter:card\" content=\"summary_large_image\" \/>\n<meta name=\"twitter:label1\" content=\"Arvioitu lukuaika\" \/>\n\t<meta name=\"twitter:data1\" content=\"3 minuuttia\" \/>\n<script type=\"application\/ld+json\" class=\"yoast-schema-graph\">{\"@context\":\"https:\/\/schema.org\",\"@graph\":[{\"@type\":\"WebPage\",\"@id\":\"https:\/\/rotary.fi\/lahdenrotary\/mita-teemme\/rotaract\/\",\"url\":\"https:\/\/rotary.fi\/lahdenrotary\/mita-teemme\/rotaract\/\",\"name\":\"Rotaract - Lahden Rotaryklubi ry\",\"isPartOf\":{\"@id\":\"https:\/\/rotary.fi\/lahdenrotary\/#website\"},\"datePublished\":\"2018-08-13T06:51:14+00:00\",\"dateModified\":\"2023-11-29T19:20:38+00:00\",\"breadcrumb\":{\"@id\":\"https:\/\/rotary.fi\/lahdenrotary\/mita-teemme\/rotaract\/#breadcrumb\"},\"inLanguage\":\"fi\",\"potentialAction\":[{\"@type\":\"ReadAction\",\"target\":[\"https:\/\/rotary.fi\/lahdenrotary\/mita-teemme\/rotaract\/\"]}]},{\"@type\":\"BreadcrumbList\",\"@id\":\"https:\/\/rotary.fi\/lahdenrotary\/mita-teemme\/rotaract\/#breadcrumb\",\"itemListElement\":[{\"@type\":\"ListItem\",\"position\":1,\"name\":\"Home\",\"item\":\"https:\/\/rotary.fi\/lahdenrotary\/\"},{\"@type\":\"ListItem\",\"position\":2,\"name\":\"Mit\u00e4 teemme\",\"item\":\"https:\/\/rotary.fi\/lahdenrotary\/mita-teemme\/\"},{\"@type\":\"ListItem\",\"position\":3,\"name\":\"Rotaract\"}]},{\"@type\":\"WebSite\",\"@id\":\"https:\/\/rotary.fi\/lahdenrotary\/#website\",\"url\":\"https:\/\/rotary.fi\/lahdenrotary\/\",\"name\":\"Lahden Rotaryklubi ry\",\"description\":\"Uusi Rotary klubisivusto\",\"potentialAction\":[{\"@type\":\"SearchAction\",\"target\":{\"@type\":\"EntryPoint\",\"urlTemplate\":\"https:\/\/rotary.fi\/lahdenrotary\/?s={search_term_string}\"},\"query-input\":{\"@type\":\"PropertyValueSpecification\",\"valueRequired\":true,\"valueName\":\"search_term_string\"}}],\"inLanguage\":\"fi\"}]}<\/script>\n<!-- \/ Yoast SEO plugin. -->","yoast_head_json":{"title":"Rotaract - Lahden Rotaryklubi ry","robots":{"index":"index","follow":"follow","max-snippet":"max-snippet:-1","max-image-preview":"max-image-preview:large","max-video-preview":"max-video-preview:-1"},"canonical":"https:\/\/rotary.fi\/lahdenrotary\/mita-teemme\/rotaract\/","og_locale":"fi_FI","og_type":"article","og_title":"Rotaract - Lahden Rotaryklubi ry","og_description":"RotaractRotaract \u2013 verkostoitumista ja innostavia palveluprojekteja nuorille aikuisille Rotaract kokoaa 18\u201330 -vuotiaita nuoria palvelutoimintaan, jossa p\u00e4\u00e4see verkostoitumaan, harjoittelemaan johtamis- ja yhteisty\u00f6taitoja sek\u00e4 vaikuttamaan ymp\u00e4rist\u00f6n hyvinvointiin erilaisten palveluprojektien avulla. Rotaractoreiden motto on sama kuin rotareiden: palvelu itsekkyyden edelle. Rotaractklubin ohjelmassa voi olla yhteis\u00f6palveluprojektien suunnittelua ja toteuttamista sek\u00e4 verkostoitumistapaamisia paikkakunnalla, kansallisesti tai kansainv\u00e4lisesti. Monipuolisen verkoston ja tapaamisten [&hellip;]","og_url":"https:\/\/rotary.fi\/lahdenrotary\/mita-teemme\/rotaract\/","og_site_name":"Lahden Rotaryklubi ry","article_modified_time":"2023-11-29T19:20:38+00:00","twitter_card":"summary_large_image","twitter_misc":{"Arvioitu lukuaika":"3 minuuttia"},"schema":{"@context":"https:\/\/schema.org","@graph":[{"@type":"WebPage","@id":"https:\/\/rotary.fi\/lahdenrotary\/mita-teemme\/rotaract\/","url":"https:\/\/rotary.fi\/lahdenrotary\/mita-teemme\/rotaract\/","name":"Rotaract - Lahden Rotaryklubi ry","isPartOf":{"@id":"https:\/\/rotary.fi\/lahdenrotary\/#website"},"datePublished":"2018-08-13T06:51:14+00:00","dateModified":"2023-11-29T19:20:38+00:00","breadcrumb":{"@id":"https:\/\/rotary.fi\/lahdenrotary\/mita-teemme\/rotaract\/#breadcrumb"},"inLanguage":"fi","potentialAction":[{"@type":"ReadAction","target":["https:\/\/rotary.fi\/lahdenrotary\/mita-teemme\/rotaract\/"]}]},{"@type":"BreadcrumbList","@id":"https:\/\/rotary.fi\/lahdenrotary\/mita-teemme\/rotaract\/#breadcrumb","itemListElement":[{"@type":"ListItem","position":1,"name":"Home","item":"https:\/\/rotary.fi\/lahdenrotary\/"},{"@type":"ListItem","position":2,"name":"Mit\u00e4 teemme","item":"https:\/\/rotary.fi\/lahdenrotary\/mita-teemme\/"},{"@type":"ListItem","position":3,"name":"Rotaract"}]},{"@type":"WebSite","@id":"https:\/\/rotary.fi\/lahdenrotary\/#website","url":"https:\/\/rotary.fi\/lahdenrotary\/","name":"Lahden Rotaryklubi ry","description":"Uusi Rotary klubisivusto","potentialAction":[{"@type":"SearchAction","target":{"@type":"EntryPoint","urlTemplate":"https:\/\/rotary.fi\/lahdenrotary\/?s={search_term_string}"},"query-input":{"@type":"PropertyValueSpecification","valueRequired":true,"valueName":"search_term_string"}}],"inLanguage":"fi"}]}},"lang":"fi","translations":{"fi":163,"en":1458},"pll_sync_post":[],"_links":{"self":[{"href":"https:\/\/rotary.fi\/lahdenrotary\/wp-json\/wp\/v2\/pages\/163","targetHints":{"allow":["GET"]}}],"collection":[{"href":"https:\/\/rotary.fi\/lahdenrotary\/wp-json\/wp\/v2\/pages"}],"about":[{"href":"https:\/\/rotary.fi\/lahdenrotary\/wp-json\/wp\/v2\/types\/page"}],"author":[{"embeddable":true,"href":"https:\/\/rotary.fi\/lahdenrotary\/wp-json\/wp\/v2\/users\/1"}],"replies":[{"embeddable":true,"href":"https:\/\/rotary.fi\/lahdenrotary\/wp-json\/wp\/v2\/comments?post=163"}],"version-history":[{"count":9,"href":"https:\/\/rotary.fi\/lahdenrotary\/wp-json\/wp\/v2\/pages\/163\/revisions"}],"predecessor-version":[{"id":2220,"href":"https:\/\/rotary.fi\/lahdenrotary\/wp-json\/wp\/v2\/pages\/163\/revisions\/2220"}],"up":[{"embeddable":true,"href":"https:\/\/rotary.fi\/lahdenrotary\/wp-json\/wp\/v2\/pages\/77"}],"wp:attachment":[{"href":"https:\/\/rotary.fi\/lahdenrotary\/wp-json\/wp\/v2\/media?parent=163"}],"curies":[{"name":"wp","href":"https:\/\/api.w.org\/{rel}","templated":true}]}}