{"id":1492,"date":"2019-02-21T13:32:18","date_gmt":"2019-02-21T11:32:18","guid":{"rendered":"https:\/\/rotary.fi\/lahdenrotary\/?page_id=1492"},"modified":"2019-02-21T13:32:18","modified_gmt":"2019-02-21T11:32:18","slug":"news-and-features","status":"publish","type":"page","link":"https:\/\/rotary.fi\/lahdenrotary\/en\/news-and-features\/","title":{"rendered":"News and Features"},"content":{"rendered":"<p>[et_pb_section bb_built=&#8221;1&#8243; _builder_version=&#8221;3.4.1&#8243; background_image=&#8221;https:\/\/rotary.fi\/wp-content\/uploads\/2018\/02\/paakuva-sisasivu1.jpg&#8221; next_background_color=&#8221;#ffffff&#8221; module_class=&#8221;jumbotron-page&#8221;][et_pb_row][et_pb_column type=&#8221;4_4&#8243;][et_pb_text admin_label=&#8221;P\u00e4\u00e4otsikko: News and Features&#8221; _builder_version=&#8221;3.19.5&#8243; text_orientation=&#8221;center&#8221; background_layout=&#8221;dark&#8221;]<\/p>\n<h1>News and Features<\/h1>\n<p>[\/et_pb_text][\/et_pb_column][\/et_pb_row][\/et_pb_section][et_pb_section bb_built=&#8221;1&#8243; specialty=&#8221;on&#8221; prev_background_color=&#8221;#000000&#8243; _builder_version=&#8221;3.4.1&#8243; module_class_2=&#8221;sivupalkki&#8221; locked=&#8221;off&#8221;][et_pb_column type=&#8221;2_3&#8243; specialty_columns=&#8221;2&#8243;][et_pb_row_inner admin_label=&#8221;Rivi&#8221; locked=&#8221;off&#8221; parent_locked=&#8221;off&#8221;][et_pb_column_inner type=&#8221;4_4&#8243; saved_specialty_column_type=&#8221;2_3&#8243;][et_pb_text admin_label=&#8221;Otsikko: News and Features&#8221; _builder_version=&#8221;3.19.5&#8243; text_orientation=&#8221;center&#8221; parent_locked=&#8221;off&#8221;]<\/p>\n<h1>News and Features<\/h1>\n<p>[\/et_pb_text][et_pb_code admin_label=&#8221;Ajankohtaisten listaus&#8221; _builder_version=&#8221;3.19.5&#8243; module_class=&#8221;kaikki_ajankohtaiset&#8221; parent_locked=&#8221;off&#8221;]<ul class=\"display-posts-listing\"><li class=\"listing-item\"><a class=\"title\" href=\"https:\/\/rotary.fi\/lahdenrotary\/ajankohtaiset\/rotarit-esittaytyvat-duuniexpossa-28-1-2026-klo-9-30-15-30\/\">Rotarit esitt\u00e4ytyv\u00e4t Duuniexpossa 28.1.2026 klo 9.30-15.30<\/a> <span class=\"date\">26.1. 2026<\/span><\/li><li class=\"listing-item\"><a class=\"title\" href=\"https:\/\/rotary.fi\/lahdenrotary\/ajankohtaiset\/etsimme-neljaa-isantaperhetta-vaihto-oppilaallemme-ajalle-elokuu-2026-kesakuu-2027\/\">Etsimme nelj\u00e4\u00e4 is\u00e4nt\u00e4perhett\u00e4 vaihto-oppilaallemme ajalle elokuu 2026 &#8211; kes\u00e4kuu 2027<\/a> <span class=\"date\">31.8. 2025<\/span><\/li><li class=\"listing-item\"><a class=\"title\" href=\"https:\/\/rotary.fi\/lahdenrotary\/ajankohtaiset\/ic-kokous-26-3-puhujana-jyri-hakamies\/\">IC-kokous 26.3. puhujana Jyri H\u00e4k\u00e4mies<\/a> <span class=\"date\">7.2. 2025<\/span><\/li><li class=\"listing-item\"><a class=\"title\" href=\"https:\/\/rotary.fi\/lahdenrotary\/ajankohtaiset\/etsimme-kahta-isantaperhetta-vaihto-oppilaallemme\/\">Etsimme kahta is\u00e4nt\u00e4perhett\u00e4 vaihto-oppilaallemme ajalle touko-elokuu 2025 tai syys-joulukuu 2025<\/a> <span class=\"date\">1.9. 2024<\/span><\/li><li class=\"listing-item\"><a class=\"title\" href=\"https:\/\/rotary.fi\/lahdenrotary\/ajankohtaiset\/lahden-rotaryklubin-syksyn-ohjelma-on-julkaistu\/\">Lahden Rotaryklubin syksyn ohjelma on julkaistu<\/a> <span class=\"date\">31.8. 2024<\/span><\/li><li class=\"listing-item\"><a class=\"title\" href=\"https:\/\/rotary.fi\/lahdenrotary\/ajankohtaiset\/rotary-tayttaa-120-vuotta\/\">Rotary t\u00e4ytt\u00e4\u00e4 120 vuotta<\/a> <span class=\"date\">27.8. 2024<\/span><\/li><li class=\"listing-item\"><a class=\"title\" href=\"https:\/\/rotary.fi\/lahdenrotary\/ajankohtaiset\/kutsu-lahden-rotarien-golfmestaruuskilpailut-2-9-2024-klo-13-messilassa\/\">KUTSU: Lahden rotarien golfmestaruuskilpailut 2.9.2024 klo 13 Messil\u00e4ss\u00e4<\/a> <span class=\"date\">26.8. 2024<\/span><\/li><li class=\"listing-item\"><a class=\"title\" href=\"https:\/\/rotary.fi\/lahdenrotary\/ajankohtaiset\/rotary-citation-palkinto-lahden-rotaryklubille\/\">Rotary Citation -palkinto Lahden Rotaryklubille<\/a> <span class=\"date\">26.8. 2024<\/span><\/li><li class=\"listing-item\"><a class=\"title\" href=\"https:\/\/rotary.fi\/lahdenrotary\/ajankohtaiset\/wappuetkot-seurahuoneella-26-4\/\">Wappuetkot Seurahuoneella 26.4. &#8211; HUOM! ilmoittautumiset 22.4. menness\u00e4<\/a> <span class=\"date\">15.4. 2024<\/span><\/li><li class=\"listing-item\"><a class=\"title\" href=\"https:\/\/rotary.fi\/lahdenrotary\/ajankohtaiset\/kutsu-17-4-klo-koti-vaihto-oppilaalle-on-kylpy-kansainvalisyyteen\/\">Kutsu: 17.4. klo 18-20 Koti vaihto-oppilaalle on kylpy kansainv\u00e4lisyyteen<\/a> <span class=\"date\">15.4. 2024<\/span><\/li><li class=\"listing-item\"><a class=\"title\" href=\"https:\/\/rotary.fi\/lahdenrotary\/ajankohtaiset\/duuniexpo-2024-messut\/\">Duuniexpo 2024-messut 7.2.<\/a> <span class=\"date\">31.1. 2024<\/span><\/li><li class=\"listing-item\"><a class=\"title\" href=\"https:\/\/rotary.fi\/lahdenrotary\/ajankohtaiset\/yritysvierailu-finlandia-kirja-oyn-villahteen-toimipisteelle-8-2-klo-17\/\">Yritysvierailu Finlandia Kirja Oy:n Vill\u00e4hteen toimipisteelle 8.2. klo 17<\/a> <span class=\"date\">30.1. 2024<\/span><\/li><li class=\"listing-item\"><a class=\"title\" href=\"https:\/\/rotary.fi\/lahdenrotary\/ajankohtaiset\/kutsu-vierailemaan-kanta-hollolan-klubin-viikkokoukseen-14-2-klo-11-45\/\">Kutsu vierailemaan Kanta-Hollolan klubin viikkokokoukseen 14.2. klo 11.45<\/a> <span class=\"date\">29.12. 2023<\/span><\/li><li class=\"listing-item\"><a class=\"title\" href=\"https:\/\/rotary.fi\/lahdenrotary\/ajankohtaiset\/piirin-1390-rotarysaatiokoulutus-21-1-2024-hollolassa\/\">Piirin 1390 rotarys\u00e4\u00e4ti\u00f6koulutus 21.1.2024 Hollolassa<\/a> <span class=\"date\">29.12. 2023<\/span><\/li><li class=\"listing-item\"><a class=\"title\" href=\"https:\/\/rotary.fi\/lahdenrotary\/ajankohtaiset\/kutsu-vierailemaan-salpausselan-klubin-viikkokoukseen-25-1-2024\/\">Kutsu vierailemaan Salpaussel\u00e4n klubin viikkokokoukseen 25.1.2024<\/a> <span class=\"date\">29.12. 2023<\/span><\/li><li class=\"listing-item\"><a class=\"title\" href=\"https:\/\/rotary.fi\/lahdenrotary\/ajankohtaiset\/kummilapsemme-sumaq-sallyn-joulutervehdys\/\">Kummilapsemme Sumaq Sallyn joulutervehdys<\/a> <span class=\"date\">17.12. 2023<\/span><\/li><li class=\"listing-item\"><a class=\"title\" href=\"https:\/\/rotary.fi\/lahdenrotary\/ajankohtaiset\/bjorn-saven-finnish-american-scholarship-stipendi-haettavissa\/\">Bj\u00f6rn Sav\u00e9n Finnish American Scholarship -stipendi haettavissa 31.1.2024 menness\u00e4<\/a> <span class=\"date\">17.12. 2023<\/span><\/li><li class=\"listing-item\"><a class=\"title\" href=\"https:\/\/rotary.fi\/lahdenrotary\/ajankohtaiset\/saara-ja-bjorn-wahlroosin-saation-ja-samn-apurahasaation-stipendi-haettavissa\/\">Saara ja Bj\u00f6rn Wahlroosin s\u00e4\u00e4ti\u00f6n ja SAM:n apurahas\u00e4\u00e4ti\u00f6n stipendi haettavissa 31.1.2024 menness\u00e4<\/a> <span class=\"date\">17.12. 2023<\/span><\/li><li class=\"listing-item\"><a class=\"title\" href=\"https:\/\/rotary.fi\/lahdenrotary\/ajankohtaiset\/piiristipendit-haettavissa-19-1-2024-saakka\/\">Piiristipendit haettavissa 19.1.2024 menness\u00e4<\/a> <span class=\"date\">17.12. 2023<\/span><\/li><li class=\"listing-item\"><a class=\"title\" href=\"https:\/\/rotary.fi\/lahdenrotary\/ajankohtaiset\/pentti-rauhalalle-suomen-leijonan-i-luokan-ritarimerkki\/\">Pentti Rauhalalle Suomen Leijonan I luokan ritarimerkki<\/a> <span class=\"date\">17.12. 2023<\/span><\/li><li class=\"listing-item\"><a class=\"title\" href=\"https:\/\/rotary.fi\/lahdenrotary\/ajankohtaiset\/joulupuu-kerays-2023\/\">Joulupuu-ker\u00e4ys 2023 jatkuu verkossa 26.12.2023 saakka<\/a> <span class=\"date\">30.11. 2023<\/span><\/li><li class=\"listing-item\"><a class=\"title\" href=\"https:\/\/rotary.fi\/lahdenrotary\/ajankohtaiset\/tule-isantaperheeksi\/\">Tule is\u00e4nt\u00e4perheeksi<\/a> <span class=\"date\">30.11. 2023<\/span><\/li><li class=\"listing-item\"><a class=\"title\" href=\"https:\/\/rotary.fi\/lahdenrotary\/ajankohtaiset\/kansainvalistymista-ystavyystoiminnasta\/\">Kansainv\u00e4listymist\u00e4 yst\u00e4vyystoiminnasta<\/a> <span class=\"date\">30.11. 2023<\/span><\/li><li class=\"listing-item\"><a class=\"title\" href=\"https:\/\/rotary.fi\/lahdenrotary\/ajankohtaiset\/rotary-norden-lehti-on-uudistunut\/\">Rotary Norden lehti on uudistunut<\/a> <span class=\"date\">30.11. 2023<\/span><\/li><li class=\"listing-item\"><a class=\"title\" href=\"https:\/\/rotary.fi\/lahdenrotary\/ajankohtaiset\/piirin-1390-piirin-kiertopalkinto-pesanrakentaja-vuoden-ansioituneelle-klubille\/\">Piirin 1390 kiertopalkinto Pes\u00e4nrakentaja Lahden Rotaryklubille<\/a> <span class=\"date\">4.9. 2023<\/span><\/li><li class=\"listing-item\"><a class=\"title\" href=\"https:\/\/rotary.fi\/lahdenrotary\/en\/presidentin_uutiset\/the-next-executive-board-of-finlands-rotary-service-elected\/\">The next Executive Board of Finland\u2019s Rotary Service elected<\/a> <span class=\"date\">5.3. 2019<\/span><\/li><li class=\"listing-item\"><a class=\"title\" href=\"https:\/\/rotary.fi\/lahdenrotary\/en\/presidentin_uutiset\/have-a-good-rotary-foundation-month\/\">Have a Good Rotary Foundation Month!<\/a> <span class=\"date\">5.3. 2019<\/span><\/li><li class=\"listing-item\"><a class=\"title\" href=\"https:\/\/rotary.fi\/lahdenrotary\/presidentin_uutiset\/hyvaa-rotarysaation-kuukautta\/\">Hyv\u00e4\u00e4 Rotarys\u00e4\u00e4ti\u00f6n kuukautta!<\/a> <span class=\"date\">30.11. 2018<\/span><\/li><li class=\"listing-item\"><a class=\"title\" href=\"https:\/\/rotary.fi\/lahdenrotary\/presidentin_uutiset\/suomen-rotarypalvelun-tuleva-hallitus-valittu\/\">Suomen Rotarypalvelun tuleva hallitus valittu<\/a> <span class=\"date\">25.11. 2018<\/span><\/li><\/ul>[\/et_pb_code][\/et_pb_column_inner][\/et_pb_row_inner][\/et_pb_column][et_pb_column type=&#8221;1_3&#8243;][et_pb_sidebar _builder_version=&#8221;3.4.1&#8243; area=&#8221;sidebar-1&#8243; module_class=&#8221;sivupalkki_sisalto&#8221; parent_locked=&#8221;off&#8221; \/][\/et_pb_column][\/et_pb_section]<\/p>\n","protected":false},"excerpt":{"rendered":"<p>[et_pb_section bb_built=&#8221;1&#8243; _builder_version=&#8221;3.4.1&#8243; background_image=&#8221;https:\/\/rotary.fi\/wp-content\/uploads\/2018\/02\/paakuva-sisasivu1.jpg&#8221; next_background_color=&#8221;#ffffff&#8221; module_class=&#8221;jumbotron-page&#8221;][et_pb_row][et_pb_column type=&#8221;4_4&#8243;][et_pb_text admin_label=&#8221;P\u00e4\u00e4otsikko: News and Features&#8221; _builder_version=&#8221;3.19.5&#8243; text_orientation=&#8221;center&#8221; background_layout=&#8221;dark&#8221;] News and Features [\/et_pb_text][\/et_pb_column][\/et_pb_row][\/et_pb_section][et_pb_section bb_built=&#8221;1&#8243; specialty=&#8221;on&#8221; prev_background_color=&#8221;#000000&#8243; _builder_version=&#8221;3.4.1&#8243; module_class_2=&#8221;sivupalkki&#8221; locked=&#8221;off&#8221;][et_pb_column type=&#8221;2_3&#8243; specialty_columns=&#8221;2&#8243;][et_pb_row_inner admin_label=&#8221;Rivi&#8221; locked=&#8221;off&#8221; parent_locked=&#8221;off&#8221;][et_pb_column_inner type=&#8221;4_4&#8243; saved_specialty_column_type=&#8221;2_3&#8243;][et_pb_text admin_label=&#8221;Otsikko: News and Features&#8221; _builder_version=&#8221;3.19.5&#8243; text_orientation=&#8221;center&#8221; parent_locked=&#8221;off&#8221;] News and Features [\/et_pb_text][et_pb_code admin_label=&#8221;Ajankohtaisten listaus&#8221; _builder_version=&#8221;3.19.5&#8243; module_class=&#8221;kaikki_ajankohtaiset&#8221; parent_locked=&#8221;off&#8221;][\/et_pb_code][\/et_pb_column_inner][\/et_pb_row_inner][\/et_pb_column][et_pb_column type=&#8221;1_3&#8243;][et_pb_sidebar _builder_version=&#8221;3.4.1&#8243; area=&#8221;sidebar-1&#8243; module_class=&#8221;sivupalkki_sisalto&#8221; parent_locked=&#8221;off&#8221; \/][\/et_pb_column][\/et_pb_section]<\/p>\n","protected":false},"author":1,"featured_media":0,"parent":0,"menu_order":0,"comment_status":"closed","ping_status":"closed","template":"","meta":{"_acf_changed":false,"_et_pb_use_builder":"on","_et_pb_old_content":"","_et_gb_content_width":"","footnotes":""},"class_list":["post-1492","page","type-page","status-publish","hentry"],"acf":[],"yoast_head":"<!-- This site is optimized with the Yoast SEO plugin v27.4 - https:\/\/yoast.com\/product\/yoast-seo-wordpress\/ -->\n<title>News and Features - Lahden Rotaryklubi ry<\/title>\n<meta name=\"robots\" content=\"index, follow, max-snippet:-1, max-image-preview:large, max-video-preview:-1\" \/>\n<link rel=\"canonical\" href=\"https:\/\/rotary.fi\/lahdenrotary\/en\/news-and-features\/\" \/>\n<meta property=\"og:locale\" content=\"fi_FI\" \/>\n<meta property=\"og:type\" content=\"article\" \/>\n<meta property=\"og:title\" content=\"News and Features - Lahden Rotaryklubi ry\" \/>\n<meta property=\"og:description\" content=\"[et_pb_section bb_built=&#8221;1&#8243; _builder_version=&#8221;3.4.1&#8243; background_image=&#8221;https:\/\/rotary.fi\/wp-content\/uploads\/2018\/02\/paakuva-sisasivu1.jpg&#8221; next_background_color=&#8221;#ffffff&#8221; module_class=&#8221;jumbotron-page&#8221;][et_pb_row][et_pb_column type=&#8221;4_4&#8243;][et_pb_text admin_label=&#8221;P\u00e4\u00e4otsikko: News and Features&#8221; _builder_version=&#8221;3.19.5&#8243; text_orientation=&#8221;center&#8221; background_layout=&#8221;dark&#8221;] News and Features [\/et_pb_text][\/et_pb_column][\/et_pb_row][\/et_pb_section][et_pb_section bb_built=&#8221;1&#8243; specialty=&#8221;on&#8221; prev_background_color=&#8221;#000000&#8243; _builder_version=&#8221;3.4.1&#8243; module_class_2=&#8221;sivupalkki&#8221; locked=&#8221;off&#8221;][et_pb_column type=&#8221;2_3&#8243; specialty_columns=&#8221;2&#8243;][et_pb_row_inner admin_label=&#8221;Rivi&#8221; locked=&#8221;off&#8221; parent_locked=&#8221;off&#8221;][et_pb_column_inner type=&#8221;4_4&#8243; saved_specialty_column_type=&#8221;2_3&#8243;][et_pb_text admin_label=&#8221;Otsikko: News and Features&#8221; _builder_version=&#8221;3.19.5&#8243; text_orientation=&#8221;center&#8221; parent_locked=&#8221;off&#8221;] News and Features [\/et_pb_text][et_pb_code admin_label=&#8221;Ajankohtaisten listaus&#8221; _builder_version=&#8221;3.19.5&#8243; module_class=&#8221;kaikki_ajankohtaiset&#8221; parent_locked=&#8221;off&#8221;][\/et_pb_code][\/et_pb_column_inner][\/et_pb_row_inner][\/et_pb_column][et_pb_column type=&#8221;1_3&#8243;][et_pb_sidebar _builder_version=&#8221;3.4.1&#8243; area=&#8221;sidebar-1&#8243; module_class=&#8221;sivupalkki_sisalto&#8221; parent_locked=&#8221;off&#8221; \/][\/et_pb_column][\/et_pb_section]\" \/>\n<meta property=\"og:url\" content=\"https:\/\/rotary.fi\/lahdenrotary\/en\/news-and-features\/\" \/>\n<meta property=\"og:site_name\" content=\"Lahden Rotaryklubi ry\" \/>\n<meta name=\"twitter:card\" content=\"summary_large_image\" \/>\n<meta name=\"twitter:label1\" content=\"Arvioitu lukuaika\" \/>\n\t<meta name=\"twitter:data1\" content=\"1 minuutti\" \/>\n<script type=\"application\/ld+json\" class=\"yoast-schema-graph\">{\"@context\":\"https:\\\/\\\/schema.org\",\"@graph\":[{\"@type\":\"WebPage\",\"@id\":\"https:\\\/\\\/rotary.fi\\\/lahdenrotary\\\/en\\\/news-and-features\\\/\",\"url\":\"https:\\\/\\\/rotary.fi\\\/lahdenrotary\\\/en\\\/news-and-features\\\/\",\"name\":\"News and Features - Lahden Rotaryklubi ry\",\"isPartOf\":{\"@id\":\"https:\\\/\\\/rotary.fi\\\/lahdenrotary\\\/#website\"},\"datePublished\":\"2019-02-21T11:32:18+00:00\",\"breadcrumb\":{\"@id\":\"https:\\\/\\\/rotary.fi\\\/lahdenrotary\\\/en\\\/news-and-features\\\/#breadcrumb\"},\"inLanguage\":\"fi\",\"potentialAction\":[{\"@type\":\"ReadAction\",\"target\":[\"https:\\\/\\\/rotary.fi\\\/lahdenrotary\\\/en\\\/news-and-features\\\/\"]}]},{\"@type\":\"BreadcrumbList\",\"@id\":\"https:\\\/\\\/rotary.fi\\\/lahdenrotary\\\/en\\\/news-and-features\\\/#breadcrumb\",\"itemListElement\":[{\"@type\":\"ListItem\",\"position\":1,\"name\":\"Home\",\"item\":\"https:\\\/\\\/rotary.fi\\\/lahdenrotary\\\/\"},{\"@type\":\"ListItem\",\"position\":2,\"name\":\"News and Features\"}]},{\"@type\":\"WebSite\",\"@id\":\"https:\\\/\\\/rotary.fi\\\/lahdenrotary\\\/#website\",\"url\":\"https:\\\/\\\/rotary.fi\\\/lahdenrotary\\\/\",\"name\":\"Lahden Rotaryklubi ry\",\"description\":\"Uusi Rotary klubisivusto\",\"potentialAction\":[{\"@type\":\"SearchAction\",\"target\":{\"@type\":\"EntryPoint\",\"urlTemplate\":\"https:\\\/\\\/rotary.fi\\\/lahdenrotary\\\/?s={search_term_string}\"},\"query-input\":{\"@type\":\"PropertyValueSpecification\",\"valueRequired\":true,\"valueName\":\"search_term_string\"}}],\"inLanguage\":\"fi\"}]}<\/script>\n<!-- \/ Yoast SEO plugin. -->","yoast_head_json":{"title":"News and Features - Lahden Rotaryklubi ry","robots":{"index":"index","follow":"follow","max-snippet":"max-snippet:-1","max-image-preview":"max-image-preview:large","max-video-preview":"max-video-preview:-1"},"canonical":"https:\/\/rotary.fi\/lahdenrotary\/en\/news-and-features\/","og_locale":"fi_FI","og_type":"article","og_title":"News and Features - Lahden Rotaryklubi ry","og_description":"[et_pb_section bb_built=&#8221;1&#8243; _builder_version=&#8221;3.4.1&#8243; background_image=&#8221;https:\/\/rotary.fi\/wp-content\/uploads\/2018\/02\/paakuva-sisasivu1.jpg&#8221; next_background_color=&#8221;#ffffff&#8221; module_class=&#8221;jumbotron-page&#8221;][et_pb_row][et_pb_column type=&#8221;4_4&#8243;][et_pb_text admin_label=&#8221;P\u00e4\u00e4otsikko: News and Features&#8221; _builder_version=&#8221;3.19.5&#8243; text_orientation=&#8221;center&#8221; background_layout=&#8221;dark&#8221;] News and Features [\/et_pb_text][\/et_pb_column][\/et_pb_row][\/et_pb_section][et_pb_section bb_built=&#8221;1&#8243; specialty=&#8221;on&#8221; prev_background_color=&#8221;#000000&#8243; _builder_version=&#8221;3.4.1&#8243; module_class_2=&#8221;sivupalkki&#8221; locked=&#8221;off&#8221;][et_pb_column type=&#8221;2_3&#8243; specialty_columns=&#8221;2&#8243;][et_pb_row_inner admin_label=&#8221;Rivi&#8221; locked=&#8221;off&#8221; parent_locked=&#8221;off&#8221;][et_pb_column_inner type=&#8221;4_4&#8243; saved_specialty_column_type=&#8221;2_3&#8243;][et_pb_text admin_label=&#8221;Otsikko: News and Features&#8221; _builder_version=&#8221;3.19.5&#8243; text_orientation=&#8221;center&#8221; parent_locked=&#8221;off&#8221;] News and Features [\/et_pb_text][et_pb_code admin_label=&#8221;Ajankohtaisten listaus&#8221; _builder_version=&#8221;3.19.5&#8243; module_class=&#8221;kaikki_ajankohtaiset&#8221; parent_locked=&#8221;off&#8221;][\/et_pb_code][\/et_pb_column_inner][\/et_pb_row_inner][\/et_pb_column][et_pb_column type=&#8221;1_3&#8243;][et_pb_sidebar _builder_version=&#8221;3.4.1&#8243; area=&#8221;sidebar-1&#8243; module_class=&#8221;sivupalkki_sisalto&#8221; parent_locked=&#8221;off&#8221; \/][\/et_pb_column][\/et_pb_section]","og_url":"https:\/\/rotary.fi\/lahdenrotary\/en\/news-and-features\/","og_site_name":"Lahden Rotaryklubi ry","twitter_card":"summary_large_image","twitter_misc":{"Arvioitu lukuaika":"1 minuutti"},"schema":{"@context":"https:\/\/schema.org","@graph":[{"@type":"WebPage","@id":"https:\/\/rotary.fi\/lahdenrotary\/en\/news-and-features\/","url":"https:\/\/rotary.fi\/lahdenrotary\/en\/news-and-features\/","name":"News and Features - Lahden Rotaryklubi ry","isPartOf":{"@id":"https:\/\/rotary.fi\/lahdenrotary\/#website"},"datePublished":"2019-02-21T11:32:18+00:00","breadcrumb":{"@id":"https:\/\/rotary.fi\/lahdenrotary\/en\/news-and-features\/#breadcrumb"},"inLanguage":"fi","potentialAction":[{"@type":"ReadAction","target":["https:\/\/rotary.fi\/lahdenrotary\/en\/news-and-features\/"]}]},{"@type":"BreadcrumbList","@id":"https:\/\/rotary.fi\/lahdenrotary\/en\/news-and-features\/#breadcrumb","itemListElement":[{"@type":"ListItem","position":1,"name":"Home","item":"https:\/\/rotary.fi\/lahdenrotary\/"},{"@type":"ListItem","position":2,"name":"News and Features"}]},{"@type":"WebSite","@id":"https:\/\/rotary.fi\/lahdenrotary\/#website","url":"https:\/\/rotary.fi\/lahdenrotary\/","name":"Lahden Rotaryklubi ry","description":"Uusi Rotary klubisivusto","potentialAction":[{"@type":"SearchAction","target":{"@type":"EntryPoint","urlTemplate":"https:\/\/rotary.fi\/lahdenrotary\/?s={search_term_string}"},"query-input":{"@type":"PropertyValueSpecification","valueRequired":true,"valueName":"search_term_string"}}],"inLanguage":"fi"}]}},"lang":"en","translations":{"en":1492,"fi":94},"pll_sync_post":[],"_links":{"self":[{"href":"https:\/\/rotary.fi\/lahdenrotary\/wp-json\/wp\/v2\/pages\/1492","targetHints":{"allow":["GET"]}}],"collection":[{"href":"https:\/\/rotary.fi\/lahdenrotary\/wp-json\/wp\/v2\/pages"}],"about":[{"href":"https:\/\/rotary.fi\/lahdenrotary\/wp-json\/wp\/v2\/types\/page"}],"author":[{"embeddable":true,"href":"https:\/\/rotary.fi\/lahdenrotary\/wp-json\/wp\/v2\/users\/1"}],"replies":[{"embeddable":true,"href":"https:\/\/rotary.fi\/lahdenrotary\/wp-json\/wp\/v2\/comments?post=1492"}],"version-history":[{"count":1,"href":"https:\/\/rotary.fi\/lahdenrotary\/wp-json\/wp\/v2\/pages\/1492\/revisions"}],"predecessor-version":[{"id":1493,"href":"https:\/\/rotary.fi\/lahdenrotary\/wp-json\/wp\/v2\/pages\/1492\/revisions\/1493"}],"wp:attachment":[{"href":"https:\/\/rotary.fi\/lahdenrotary\/wp-json\/wp\/v2\/media?parent=1492"}],"curies":[{"name":"wp","href":"https:\/\/api.w.org\/{rel}","templated":true}]}}