{"id":1424,"date":"2019-02-20T12:41:18","date_gmt":"2019-02-20T10:41:18","guid":{"rendered":"https:\/\/rotary.fi\/lahdenrotary\/?page_id=1424"},"modified":"2019-02-20T12:43:58","modified_gmt":"2019-02-20T10:43:58","slug":"who-we-are","status":"publish","type":"page","link":"https:\/\/rotary.fi\/lahdenrotary\/en\/who-we-are\/","title":{"rendered":"Who We Are"},"content":{"rendered":"<p>[et_pb_section bb_built=&#8221;1&#8243; module_class=&#8221;jumbotron-page&#8221; _builder_version=&#8221;3.17.2&#8243; background_image=&#8221;https:\/\/rotary.fi\/lahdenrotary\/wp-content\/uploads\/sites\/237\/2018\/10\/rotary_klubit_alasivu_paakuva_12.jpg&#8221; next_background_color=&#8221;#ffffff&#8221;][et_pb_row _builder_version=&#8221;3.0.48&#8243; background_size=&#8221;initial&#8221; background_position=&#8221;top_left&#8221; background_repeat=&#8221;repeat&#8221;][et_pb_column type=&#8221;4_4&#8243;][et_pb_text admin_label=&#8221;P\u00e4\u00e4otsikko: Who We Are&#8221; _builder_version=&#8221;3.19.5&#8243; text_orientation=&#8221;center&#8221; background_layout=&#8221;dark&#8221;]<\/p>\n<h1>Who We Are<\/h1>\n<p>[\/et_pb_text][\/et_pb_column][\/et_pb_row][\/et_pb_section][et_pb_section bb_built=&#8221;1&#8243; specialty=&#8221;on&#8221; module_class_2=&#8221;sivupalkki&#8221; _builder_version=&#8221;3.4.1&#8243; prev_background_color=&#8221;#000000&#8243;][et_pb_column type=&#8221;2_3&#8243; specialty_columns=&#8221;2&#8243;][et_pb_row_inner admin_label=&#8221;Rivi&#8221; _builder_version=&#8221;3.0.47&#8243;][et_pb_column_inner type=&#8221;4_4&#8243; saved_specialty_column_type=&#8221;2_3&#8243;][et_pb_text admin_label=&#8221;Otsikko: Who We Are&#8221; _builder_version=&#8221;3.19.5&#8243; text_orientation=&#8221;center&#8221;]<\/p>\n<h1>Who We Are<\/h1>\n<p>[\/et_pb_text][et_pb_text _builder_version=&#8221;3.19.5&#8243;]<\/p>\n<p><strong><span style=\"color: #8300e9;\">NOTE. Presenting your club starts with mostly the same info as the introduction text on the front page. In this example we have used the maximum number of characters, including spaces. The recommended number of characters per page is 1,400 &#8211; 2,000. Update this basic information page by replacing the club\u2019s name and details with those of your own club..<\/span><\/strong><\/p>\n<p>Rotary Club Lakeuden Rotaryklubi is an active Rotary club located in Sein\u00e4joki, Finnish Southern Ostrobothnia.\u00a0 We meet at lunch from 11.30 am to 12.30 at Hotel-Restaurant Alma every Monday, to see each other, listen to interesting presentations and promote doing good in our town. We also visit various places and companies. We support humanitarian projects carried out by the international Rotary organisation, participate in Youth Exchange, and promote the well-being of our vicinity.<\/p>\n<p>Our club was established 16 September, 1982. Our sponsor club is RC T\u00f6rn\u00e4v\u00e4n Rotaryklubi (Sein\u00e4joki). We have 35 members, and we belong to District 1380. (Link to this web address.)<\/p>\n<p>\u00a0<\/p>\n<h4>A Hobby with a Purpose<\/h4>\n<p>We concentrate on supporting Youth Exchange. We help youngsters to participate in the Rotary International Youth Exchange every second year, like our partner club T\u00f6rn\u00e4v\u00e4n Rotaryklubi. We believe that youth exchange is the best grassroots internationalization and peace education.<\/p>\n<p>We also highlight important social development needs. We have emphasized the importance\u00a0 of accessibility through a sign language theatre project. Annually, we organise a public speaking\/oratory competition for high school students of the Southern Ostrobothnia region. This is done in connection with the grand fair Opinlakeusmessut and in co-operation with RC T\u00f6rn\u00e4v\u00e4 and non-Rotarian oral communication experts.<\/p>\n<p>We set a high value on the efforts of Rotary International and on this organisation\u2019s valuable work in eradicating polio from the world. Rotary has invested a lot of voluntary work and more than 1.2 billion US dollars for this work only.<\/p>\n<p>\u00a0<\/p>\n<h4>An Influential International Organisation<\/h4>\n<p>Rotary was established 23 February 1905 in Chicago. It is an international service and charity organisation. The homestead of Rotary International is Evanston, Illinois. Our motto is Service Above Self.<\/p>\n<p>Rotary has 1.2 million members in 35,000 clubs in more than 200 countries. Rotary is a remarkable international service and charity organisation.\u00a0 Finland is divided into six Rotary districts, one of which includes the Estonian clubs.\u00a0 In Finland and Estonia, there are 300 clubs altogether, with more than 10,000 Rotarians.<\/p>\n<p>[\/et_pb_text][\/et_pb_column_inner][\/et_pb_row_inner][\/et_pb_column][et_pb_column type=&#8221;1_3&#8243;][et_pb_sidebar area=&#8221;sidebar-1&#8243; module_class=&#8221;sivupalkki_sisalto&#8221; _builder_version=&#8221;3.4.1&#8243; locked=&#8221;on&#8221;]<\/p>\n<p>[\/et_pb_sidebar][\/et_pb_column][\/et_pb_section]<\/p>\n","protected":false},"excerpt":{"rendered":"<p>Who We Are Who We Are NOTE. Presenting your club starts with mostly the same info as the introduction text on the front page. In this example we have used the maximum number of characters, including spaces. The recommended number of characters per page is 1,400 &#8211; 2,000. Update this basic information page by replacing [&hellip;]<\/p>\n","protected":false},"author":1,"featured_media":0,"parent":0,"menu_order":0,"comment_status":"closed","ping_status":"closed","template":"","meta":{"_acf_changed":false,"_et_pb_use_builder":"on","_et_pb_old_content":"","_et_gb_content_width":"","footnotes":""},"class_list":["post-1424","page","type-page","status-publish","hentry"],"acf":[],"yoast_head":"<!-- This site is optimized with the Yoast SEO plugin v27.0 - https:\/\/yoast.com\/product\/yoast-seo-wordpress\/ -->\n<title>Who We Are - Lahden Rotaryklubi ry<\/title>\n<meta name=\"robots\" content=\"index, follow, max-snippet:-1, max-image-preview:large, max-video-preview:-1\" \/>\n<link rel=\"canonical\" href=\"https:\/\/rotary.fi\/lahdenrotary\/en\/who-we-are\/\" \/>\n<meta property=\"og:locale\" content=\"fi_FI\" \/>\n<meta property=\"og:type\" content=\"article\" \/>\n<meta property=\"og:title\" content=\"Who We Are - Lahden Rotaryklubi ry\" \/>\n<meta property=\"og:description\" content=\"Who We Are Who We Are NOTE. Presenting your club starts with mostly the same info as the introduction text on the front page. In this example we have used the maximum number of characters, including spaces. The recommended number of characters per page is 1,400 - 2,000. Update this basic information page by replacing [&hellip;]\" \/>\n<meta property=\"og:url\" content=\"https:\/\/rotary.fi\/lahdenrotary\/en\/who-we-are\/\" \/>\n<meta property=\"og:site_name\" content=\"Lahden Rotaryklubi ry\" \/>\n<meta property=\"article:modified_time\" content=\"2019-02-20T10:43:58+00:00\" \/>\n<meta name=\"twitter:card\" content=\"summary_large_image\" \/>\n<meta name=\"twitter:label1\" content=\"Arvioitu lukuaika\" \/>\n\t<meta name=\"twitter:data1\" content=\"3 minuuttia\" \/>\n<script type=\"application\/ld+json\" class=\"yoast-schema-graph\">{\"@context\":\"https:\/\/schema.org\",\"@graph\":[{\"@type\":\"WebPage\",\"@id\":\"https:\/\/rotary.fi\/lahdenrotary\/en\/who-we-are\/\",\"url\":\"https:\/\/rotary.fi\/lahdenrotary\/en\/who-we-are\/\",\"name\":\"Who We Are - Lahden Rotaryklubi ry\",\"isPartOf\":{\"@id\":\"https:\/\/rotary.fi\/lahdenrotary\/#website\"},\"datePublished\":\"2019-02-20T10:41:18+00:00\",\"dateModified\":\"2019-02-20T10:43:58+00:00\",\"breadcrumb\":{\"@id\":\"https:\/\/rotary.fi\/lahdenrotary\/en\/who-we-are\/#breadcrumb\"},\"inLanguage\":\"fi\",\"potentialAction\":[{\"@type\":\"ReadAction\",\"target\":[\"https:\/\/rotary.fi\/lahdenrotary\/en\/who-we-are\/\"]}]},{\"@type\":\"BreadcrumbList\",\"@id\":\"https:\/\/rotary.fi\/lahdenrotary\/en\/who-we-are\/#breadcrumb\",\"itemListElement\":[{\"@type\":\"ListItem\",\"position\":1,\"name\":\"Home\",\"item\":\"https:\/\/rotary.fi\/lahdenrotary\/\"},{\"@type\":\"ListItem\",\"position\":2,\"name\":\"Who We Are\"}]},{\"@type\":\"WebSite\",\"@id\":\"https:\/\/rotary.fi\/lahdenrotary\/#website\",\"url\":\"https:\/\/rotary.fi\/lahdenrotary\/\",\"name\":\"Lahden Rotaryklubi ry\",\"description\":\"Uusi Rotary klubisivusto\",\"potentialAction\":[{\"@type\":\"SearchAction\",\"target\":{\"@type\":\"EntryPoint\",\"urlTemplate\":\"https:\/\/rotary.fi\/lahdenrotary\/?s={search_term_string}\"},\"query-input\":{\"@type\":\"PropertyValueSpecification\",\"valueRequired\":true,\"valueName\":\"search_term_string\"}}],\"inLanguage\":\"fi\"}]}<\/script>\n<!-- \/ Yoast SEO plugin. -->","yoast_head_json":{"title":"Who We Are - Lahden Rotaryklubi ry","robots":{"index":"index","follow":"follow","max-snippet":"max-snippet:-1","max-image-preview":"max-image-preview:large","max-video-preview":"max-video-preview:-1"},"canonical":"https:\/\/rotary.fi\/lahdenrotary\/en\/who-we-are\/","og_locale":"fi_FI","og_type":"article","og_title":"Who We Are - Lahden Rotaryklubi ry","og_description":"Who We Are Who We Are NOTE. Presenting your club starts with mostly the same info as the introduction text on the front page. In this example we have used the maximum number of characters, including spaces. The recommended number of characters per page is 1,400 - 2,000. Update this basic information page by replacing [&hellip;]","og_url":"https:\/\/rotary.fi\/lahdenrotary\/en\/who-we-are\/","og_site_name":"Lahden Rotaryklubi ry","article_modified_time":"2019-02-20T10:43:58+00:00","twitter_card":"summary_large_image","twitter_misc":{"Arvioitu lukuaika":"3 minuuttia"},"schema":{"@context":"https:\/\/schema.org","@graph":[{"@type":"WebPage","@id":"https:\/\/rotary.fi\/lahdenrotary\/en\/who-we-are\/","url":"https:\/\/rotary.fi\/lahdenrotary\/en\/who-we-are\/","name":"Who We Are - Lahden Rotaryklubi ry","isPartOf":{"@id":"https:\/\/rotary.fi\/lahdenrotary\/#website"},"datePublished":"2019-02-20T10:41:18+00:00","dateModified":"2019-02-20T10:43:58+00:00","breadcrumb":{"@id":"https:\/\/rotary.fi\/lahdenrotary\/en\/who-we-are\/#breadcrumb"},"inLanguage":"fi","potentialAction":[{"@type":"ReadAction","target":["https:\/\/rotary.fi\/lahdenrotary\/en\/who-we-are\/"]}]},{"@type":"BreadcrumbList","@id":"https:\/\/rotary.fi\/lahdenrotary\/en\/who-we-are\/#breadcrumb","itemListElement":[{"@type":"ListItem","position":1,"name":"Home","item":"https:\/\/rotary.fi\/lahdenrotary\/"},{"@type":"ListItem","position":2,"name":"Who We Are"}]},{"@type":"WebSite","@id":"https:\/\/rotary.fi\/lahdenrotary\/#website","url":"https:\/\/rotary.fi\/lahdenrotary\/","name":"Lahden Rotaryklubi ry","description":"Uusi Rotary klubisivusto","potentialAction":[{"@type":"SearchAction","target":{"@type":"EntryPoint","urlTemplate":"https:\/\/rotary.fi\/lahdenrotary\/?s={search_term_string}"},"query-input":{"@type":"PropertyValueSpecification","valueRequired":true,"valueName":"search_term_string"}}],"inLanguage":"fi"}]}},"lang":"en","translations":{"en":1424,"fi":129},"pll_sync_post":[],"_links":{"self":[{"href":"https:\/\/rotary.fi\/lahdenrotary\/wp-json\/wp\/v2\/pages\/1424","targetHints":{"allow":["GET"]}}],"collection":[{"href":"https:\/\/rotary.fi\/lahdenrotary\/wp-json\/wp\/v2\/pages"}],"about":[{"href":"https:\/\/rotary.fi\/lahdenrotary\/wp-json\/wp\/v2\/types\/page"}],"author":[{"embeddable":true,"href":"https:\/\/rotary.fi\/lahdenrotary\/wp-json\/wp\/v2\/users\/1"}],"replies":[{"embeddable":true,"href":"https:\/\/rotary.fi\/lahdenrotary\/wp-json\/wp\/v2\/comments?post=1424"}],"version-history":[{"count":3,"href":"https:\/\/rotary.fi\/lahdenrotary\/wp-json\/wp\/v2\/pages\/1424\/revisions"}],"predecessor-version":[{"id":1427,"href":"https:\/\/rotary.fi\/lahdenrotary\/wp-json\/wp\/v2\/pages\/1424\/revisions\/1427"}],"wp:attachment":[{"href":"https:\/\/rotary.fi\/lahdenrotary\/wp-json\/wp\/v2\/media?parent=1424"}],"curies":[{"name":"wp","href":"https:\/\/api.w.org\/{rel}","templated":true}]}}