{"id":142,"date":"2018-08-10T14:04:45","date_gmt":"2018-08-10T11:04:45","guid":{"rendered":"https:\/\/rotary.fi\/klubi2\/?page_id=142"},"modified":"2025-08-31T23:15:43","modified_gmt":"2025-08-31T20:15:43","slug":"ilo-esitella","status":"publish","type":"page","link":"https:\/\/rotary.fi\/lahdenrotary\/keita-olemme\/ilo-esitella\/","title":{"rendered":"Klubin historia"},"content":{"rendered":"<p>[et_pb_section fb_built=&#8221;1&#8243; module_class=&#8221;jumbotron-page&#8221; _builder_version=&#8221;4.22.1&#8243; background_image=&#8221;https:\/\/rotary.fi\/lahdenrotary\/wp-content\/uploads\/sites\/237\/2023\/09\/mariankatu.jpg&#8221; global_colors_info=&#8221;{}&#8221;][et_pb_row _builder_version=&#8221;4.16&#8243; background_size=&#8221;initial&#8221; background_position=&#8221;top_left&#8221; background_repeat=&#8221;repeat&#8221; global_colors_info=&#8221;{}&#8221;][et_pb_column type=&#8221;4_4&#8243; _builder_version=&#8221;4.16&#8243; custom_padding=&#8221;|||&#8221; global_colors_info=&#8221;{}&#8221; custom_padding__hover=&#8221;|||&#8221;][et_pb_text admin_label=&#8221;P\u00e4\u00e4otsikko&#8221; _builder_version=&#8221;4.22.1&#8243; text_orientation=&#8221;center&#8221; background_layout=&#8221;dark&#8221; global_colors_info=&#8221;{}&#8221;]<\/p>\n<h1>Klubin historia<\/h1>\n<p>[\/et_pb_text][\/et_pb_column][\/et_pb_row][\/et_pb_section][et_pb_section fb_built=&#8221;1&#8243; specialty=&#8221;on&#8221; module_class_2=&#8221;sivupalkki&#8221; _builder_version=&#8221;4.16&#8243; global_colors_info=&#8221;{}&#8221;][et_pb_column type=&#8221;2_3&#8243; specialty_columns=&#8221;2&#8243; _builder_version=&#8221;4.16&#8243; custom_padding=&#8221;|||&#8221; global_colors_info=&#8221;{}&#8221; parallax__hover=&#8221;off&#8221; parallax_method__hover=&#8221;on&#8221; custom_padding__hover=&#8221;|||&#8221;][et_pb_row_inner admin_label=&#8221;Rivi&#8221; _builder_version=&#8221;4.16&#8243; global_colors_info=&#8221;{}&#8221;][et_pb_column_inner saved_specialty_column_type=&#8221;2_3&#8243; _builder_version=&#8221;4.16&#8243; custom_padding=&#8221;|||&#8221; global_colors_info=&#8221;{}&#8221; parallax__hover=&#8221;off&#8221; parallax_method__hover=&#8221;on&#8221; custom_padding__hover=&#8221;|||&#8221;][et_pb_text admin_label=&#8221;Ilo esitell\u00e4 &#8211; Otsikko&#8221; _builder_version=&#8221;4.22.1&#8243; text_orientation=&#8221;center&#8221; global_colors_info=&#8221;{}&#8221;]<\/p>\n<h1>Historia<\/h1>\n<p>[\/et_pb_text][et_pb_text _builder_version=&#8221;4.27.4&#8243; custom_padding=&#8221;||0px|||&#8221; hover_enabled=&#8221;0&#8243; global_colors_info=&#8221;{}&#8221; sticky_enabled=&#8221;0&#8243;]<\/p>\n<h1><img loading=\"lazy\" decoding=\"async\" class=\"wp-image-2819 size-medium aligncenter\" src=\"https:\/\/rotary.fi\/lahdenrotary\/wp-content\/uploads\/sites\/237\/2025\/08\/80v-500px-300x300.png\" alt=\"\" width=\"300\" height=\"300\" \/><\/h1>\n<h4><\/h4>\n<h4>Rotary saapuu Lahteen<\/h4>\n<p>Suomen ensimm\u00e4iset rotaryklubit perustettiin Helsinkiin 1926 ja Turkuun 1929. Seuraavalla vuosikymmenell\u00e4 klubeja syntyi Viipuriin, Tampereelle, Ouluun, Vaasaan, Poriin ja H\u00e4meenlinnaan.<\/p>\n<p>Sota pys\u00e4ytti rotaryliikkeen etenemisen vuosiksi 1940 \u2013 1944. V\u00e4lirauhan aikana kev\u00e4\u00e4ll\u00e4 1941 h\u00e4meenlinnalaiset rotarit ryhtyiv\u00e4t toimeen rotaryklubin perustamiseksi Lahteen. Puuhamiehen\u00e4 oli innokas rotari, maaherra Sigurd Mattson. H\u00e4n kutsui koolle valmistelevan kokouksen, johon osallistuivat mm. kaupunginvaltuuston puheenjohtaja K. T. Numminen, kaupunginjohtaja Uuno Takki, pastori Ensio Partanen ja insin\u00f6\u00f6ri Arvi Hauvonen.<\/p>\n<p>Jatkosodan jalkoihin j\u00e4\u00e4nyt hanke nousi uudelleen esille v\u00e4litt\u00f6m\u00e4sti sodan loputtua syksyll\u00e4 1944. Saatujen tietojen perusteella aloite tuli piirikuvern\u00f6\u00f6ri Jon Hartmanilta. Hartman l\u00e4hestyi kirjeell\u00e4 lahtelaista asianajajaa Kaarlo V. Holmaa lokakuussa 1944, jossa h\u00e4n viittaa Holmalta kuukautta aikaisemmin saatuun kirjeeseen Holmalta. Hartman toteaa, ett\u00e4 Lahdessa l\u00f6ytynee mahdollisuuksia saada rotaryklubi perustettua. Samalla Hartman tiedusteli Holmalta \u201dottaisitteko vastaan toimen valtuutettuna ty\u00f6skennell\u00e4 asian hyv\u00e4ksi\u201d.<\/p>\n<p>Rotarykuvern\u00f6\u00f6ri Hartman esitt\u00e4m\u00e4t perustelut olivat varmasti osaltaan vaikuttamassa siihen, ett\u00e4 vuonna 1945 Suomeen perustettiin kahdeksan uutta klubia eli yht\u00e4 monta kuin 1920- ja 1930-luvulla yhteens\u00e4.<\/p>\n<p>Jostain syyst\u00e4 Holma ei vastannut piirikuvern\u00f6\u00f6rin kirjeeseen. Marraskuun 18. p\u00e4iv\u00e4n\u00e4 Hartman l\u00e4hetti uuden kirjeen, jossa h\u00e4n pyysi Holmaa ehdottamaan tilalleen jonkun soveliaan henkil\u00f6n, ellei h\u00e4n itse tahtonut ottaa rotaryklubin muodostamista vaivakseen. Historia ei kerro toimiko Holman Hartmanin pyyt\u00e4m\u00e4ll\u00e4 tavalla, mutta h\u00e4n oli kuitenkin 17 muun lahtelaisen vaikuttajan kanssa perustamassa Lahden rotaryklubia toukokuussa 1945.<\/p>\n<p>Knut J. Vuorimiehen ja Artturi Arjalan lis\u00e4ksi klubin perustavaan kokoukseen Lahden Seurahuoneella 12. toukokuuta 1945 osallistuivat seuraavat henkil\u00f6t: tohtori Eino Arvela, tehtailija Aukusti Asko-Avonius, insin\u00f6\u00f6ri Arvi Hauvonen, varatuomari Kaarlo V. Holma, apteekkari Antero Hyttinen, lehtori Yrj\u00f6 Kaloniemi, varatuomari Ossi Kivek\u00e4s, insin\u00f6\u00f6ri Torsten Lindroos, johtaja Allan Ljungberg, eversti Gustav Magnusson, tehtailija Jussi Mononen, dipl.ins. Pauli Mustakallio, fil. maisteri Eino Niittynen, liikennetarkastaja Eero Pinomaa, kauppat. kand. Leo Valtari ja johtaja \u00c5ke Wahlroos.<\/p>\n<p>Helsingin rotaryklubista paikalla olivat professori Kaarlo Kaira ja insin\u00f6\u00f6ri Paul Thorwall, H\u00e4meenlinnasta maaherra Sigurd Mattson, tilanomistaja Erik Grenman ja kauppat. kand. V\u00e4in\u00f6 V. Virtanen. Puheenjohtajana toimi maaherra Mattson. N\u00e4in syntyi Suomen 13. rotaryklubi \u2013 12., jos Viipuria ei lasketa mukaan. Rotary matrikkelin mukaan kummina toimi Helsingin klubi, mutta ensimm\u00e4isen vuosikertomuksen mukaan olisi ollut H\u00e4meenlinnan klubi.<\/p>\n<p>Lahden rotaryklubin ensimm\u00e4inen presidentti oli hankkeen puuhamies, pankinjohtaja Knut J. Vuorimies. RI:n j\u00e4seneksi Lahden rotaryklubi hyv\u00e4ksyttiin 4.6.1945 numerolla 6008. Ensimm\u00e4inen lounaskokous pidettiin keskiviikkona Lahden Seurahuoneella 19. syyskuuta 1945. My\u00f6hemmin lounaskokous siirtyi perjantaille.<\/p>\n<p>L\u00e4hde: Hyv\u00e4n tuulen klubi \u2013 Lahden rotaryklubi 1945-1995<\/p>\n<p>[\/et_pb_text][et_pb_divider show_divider=&#8221;off&#8221; _builder_version=&#8221;4.22.1&#8243; _module_preset=&#8221;default&#8221; global_colors_info=&#8221;{}&#8221;][\/et_pb_divider][\/et_pb_column_inner][\/et_pb_row_inner][\/et_pb_column][et_pb_column type=&#8221;1_3&#8243; module_class=&#8221;sivupalkki&#8221; _builder_version=&#8221;4.16&#8243; custom_padding=&#8221;|||&#8221; global_colors_info=&#8221;{}&#8221; parallax__hover=&#8221;off&#8221; parallax_method__hover=&#8221;on&#8221; module_class__hover=&#8221;sivupalkki&#8221; custom_padding__hover=&#8221;|||&#8221;][et_pb_sidebar area=&#8221;sidebar-1&#8243; module_class=&#8221;sivupalkki_sisalto&#8221; _builder_version=&#8221;4.16&#8243; locked=&#8221;on&#8221; global_colors_info=&#8221;{}&#8221;][\/et_pb_sidebar][\/et_pb_column][\/et_pb_section]<\/p>\n","protected":false},"excerpt":{"rendered":"<p>Klubin historia Historia Rotary saapuu Lahteen Suomen ensimm\u00e4iset rotaryklubit perustettiin Helsinkiin 1926 ja Turkuun 1929. Seuraavalla vuosikymmenell\u00e4 klubeja syntyi Viipuriin, Tampereelle, Ouluun, Vaasaan, Poriin ja H\u00e4meenlinnaan. Sota pys\u00e4ytti rotaryliikkeen etenemisen vuosiksi 1940 \u2013 1944. V\u00e4lirauhan aikana kev\u00e4\u00e4ll\u00e4 1941 h\u00e4meenlinnalaiset rotarit ryhtyiv\u00e4t toimeen rotaryklubin perustamiseksi Lahteen. Puuhamiehen\u00e4 oli innokas rotari, maaherra Sigurd Mattson. H\u00e4n kutsui koolle [&hellip;]<\/p>\n","protected":false},"author":1,"featured_media":0,"parent":129,"menu_order":0,"comment_status":"closed","ping_status":"closed","template":"","meta":{"_acf_changed":false,"_et_pb_use_builder":"on","_et_pb_old_content":"","_et_gb_content_width":"","footnotes":""},"class_list":["post-142","page","type-page","status-publish","hentry"],"acf":[],"yoast_head":"<!-- This site is optimized with the Yoast SEO plugin v27.4 - https:\/\/yoast.com\/product\/yoast-seo-wordpress\/ -->\n<title>Klubin historia - Lahden Rotaryklubi ry<\/title>\n<meta name=\"robots\" content=\"index, follow, max-snippet:-1, max-image-preview:large, max-video-preview:-1\" \/>\n<link rel=\"canonical\" href=\"https:\/\/rotary.fi\/lahdenrotary\/keita-olemme\/ilo-esitella\/\" \/>\n<meta property=\"og:locale\" content=\"fi_FI\" \/>\n<meta property=\"og:type\" content=\"article\" \/>\n<meta property=\"og:title\" content=\"Klubin historia - Lahden Rotaryklubi ry\" \/>\n<meta property=\"og:description\" content=\"Klubin historia Historia Rotary saapuu Lahteen Suomen ensimm\u00e4iset rotaryklubit perustettiin Helsinkiin 1926 ja Turkuun 1929. Seuraavalla vuosikymmenell\u00e4 klubeja syntyi Viipuriin, Tampereelle, Ouluun, Vaasaan, Poriin ja H\u00e4meenlinnaan. Sota pys\u00e4ytti rotaryliikkeen etenemisen vuosiksi 1940 \u2013 1944. V\u00e4lirauhan aikana kev\u00e4\u00e4ll\u00e4 1941 h\u00e4meenlinnalaiset rotarit ryhtyiv\u00e4t toimeen rotaryklubin perustamiseksi Lahteen. Puuhamiehen\u00e4 oli innokas rotari, maaherra Sigurd Mattson. H\u00e4n kutsui koolle [&hellip;]\" \/>\n<meta property=\"og:url\" content=\"https:\/\/rotary.fi\/lahdenrotary\/keita-olemme\/ilo-esitella\/\" \/>\n<meta property=\"og:site_name\" content=\"Lahden Rotaryklubi ry\" \/>\n<meta property=\"article:modified_time\" content=\"2025-08-31T20:15:43+00:00\" \/>\n<meta property=\"og:image\" content=\"https:\/\/rotary.fi\/lahdenrotary\/wp-content\/uploads\/sites\/237\/2025\/08\/80v-500px.png\" \/>\n\t<meta property=\"og:image:width\" content=\"500\" \/>\n\t<meta property=\"og:image:height\" content=\"500\" \/>\n\t<meta property=\"og:image:type\" content=\"image\/png\" \/>\n<meta name=\"twitter:card\" content=\"summary_large_image\" \/>\n<meta name=\"twitter:label1\" content=\"Arvioitu lukuaika\" \/>\n\t<meta name=\"twitter:data1\" content=\"3 minuuttia\" \/>\n<script type=\"application\/ld+json\" class=\"yoast-schema-graph\">{\"@context\":\"https:\\\/\\\/schema.org\",\"@graph\":[{\"@type\":\"WebPage\",\"@id\":\"https:\\\/\\\/rotary.fi\\\/lahdenrotary\\\/keita-olemme\\\/ilo-esitella\\\/\",\"url\":\"https:\\\/\\\/rotary.fi\\\/lahdenrotary\\\/keita-olemme\\\/ilo-esitella\\\/\",\"name\":\"Klubin historia - Lahden Rotaryklubi ry\",\"isPartOf\":{\"@id\":\"https:\\\/\\\/rotary.fi\\\/lahdenrotary\\\/#website\"},\"primaryImageOfPage\":{\"@id\":\"https:\\\/\\\/rotary.fi\\\/lahdenrotary\\\/keita-olemme\\\/ilo-esitella\\\/#primaryimage\"},\"image\":{\"@id\":\"https:\\\/\\\/rotary.fi\\\/lahdenrotary\\\/keita-olemme\\\/ilo-esitella\\\/#primaryimage\"},\"thumbnailUrl\":\"https:\\\/\\\/rotary.fi\\\/lahdenrotary\\\/wp-content\\\/uploads\\\/sites\\\/237\\\/2025\\\/08\\\/80v-500px-300x300.png\",\"datePublished\":\"2018-08-10T11:04:45+00:00\",\"dateModified\":\"2025-08-31T20:15:43+00:00\",\"breadcrumb\":{\"@id\":\"https:\\\/\\\/rotary.fi\\\/lahdenrotary\\\/keita-olemme\\\/ilo-esitella\\\/#breadcrumb\"},\"inLanguage\":\"fi\",\"potentialAction\":[{\"@type\":\"ReadAction\",\"target\":[\"https:\\\/\\\/rotary.fi\\\/lahdenrotary\\\/keita-olemme\\\/ilo-esitella\\\/\"]}]},{\"@type\":\"ImageObject\",\"inLanguage\":\"fi\",\"@id\":\"https:\\\/\\\/rotary.fi\\\/lahdenrotary\\\/keita-olemme\\\/ilo-esitella\\\/#primaryimage\",\"url\":\"https:\\\/\\\/rotary.fi\\\/lahdenrotary\\\/wp-content\\\/uploads\\\/sites\\\/237\\\/2025\\\/08\\\/80v-500px.png\",\"contentUrl\":\"https:\\\/\\\/rotary.fi\\\/lahdenrotary\\\/wp-content\\\/uploads\\\/sites\\\/237\\\/2025\\\/08\\\/80v-500px.png\",\"width\":500,\"height\":500},{\"@type\":\"BreadcrumbList\",\"@id\":\"https:\\\/\\\/rotary.fi\\\/lahdenrotary\\\/keita-olemme\\\/ilo-esitella\\\/#breadcrumb\",\"itemListElement\":[{\"@type\":\"ListItem\",\"position\":1,\"name\":\"Home\",\"item\":\"https:\\\/\\\/rotary.fi\\\/lahdenrotary\\\/\"},{\"@type\":\"ListItem\",\"position\":2,\"name\":\"Keit\u00e4 olemme\",\"item\":\"https:\\\/\\\/rotary.fi\\\/lahdenrotary\\\/keita-olemme\\\/\"},{\"@type\":\"ListItem\",\"position\":3,\"name\":\"Klubin historia\"}]},{\"@type\":\"WebSite\",\"@id\":\"https:\\\/\\\/rotary.fi\\\/lahdenrotary\\\/#website\",\"url\":\"https:\\\/\\\/rotary.fi\\\/lahdenrotary\\\/\",\"name\":\"Lahden Rotaryklubi ry\",\"description\":\"Uusi Rotary klubisivusto\",\"potentialAction\":[{\"@type\":\"SearchAction\",\"target\":{\"@type\":\"EntryPoint\",\"urlTemplate\":\"https:\\\/\\\/rotary.fi\\\/lahdenrotary\\\/?s={search_term_string}\"},\"query-input\":{\"@type\":\"PropertyValueSpecification\",\"valueRequired\":true,\"valueName\":\"search_term_string\"}}],\"inLanguage\":\"fi\"}]}<\/script>\n<!-- \/ Yoast SEO plugin. -->","yoast_head_json":{"title":"Klubin historia - Lahden Rotaryklubi ry","robots":{"index":"index","follow":"follow","max-snippet":"max-snippet:-1","max-image-preview":"max-image-preview:large","max-video-preview":"max-video-preview:-1"},"canonical":"https:\/\/rotary.fi\/lahdenrotary\/keita-olemme\/ilo-esitella\/","og_locale":"fi_FI","og_type":"article","og_title":"Klubin historia - Lahden Rotaryklubi ry","og_description":"Klubin historia Historia Rotary saapuu Lahteen Suomen ensimm\u00e4iset rotaryklubit perustettiin Helsinkiin 1926 ja Turkuun 1929. Seuraavalla vuosikymmenell\u00e4 klubeja syntyi Viipuriin, Tampereelle, Ouluun, Vaasaan, Poriin ja H\u00e4meenlinnaan. Sota pys\u00e4ytti rotaryliikkeen etenemisen vuosiksi 1940 \u2013 1944. V\u00e4lirauhan aikana kev\u00e4\u00e4ll\u00e4 1941 h\u00e4meenlinnalaiset rotarit ryhtyiv\u00e4t toimeen rotaryklubin perustamiseksi Lahteen. Puuhamiehen\u00e4 oli innokas rotari, maaherra Sigurd Mattson. H\u00e4n kutsui koolle [&hellip;]","og_url":"https:\/\/rotary.fi\/lahdenrotary\/keita-olemme\/ilo-esitella\/","og_site_name":"Lahden Rotaryklubi ry","article_modified_time":"2025-08-31T20:15:43+00:00","og_image":[{"width":500,"height":500,"url":"https:\/\/rotary.fi\/lahdenrotary\/wp-content\/uploads\/sites\/237\/2025\/08\/80v-500px.png","type":"image\/png"}],"twitter_card":"summary_large_image","twitter_misc":{"Arvioitu lukuaika":"3 minuuttia"},"schema":{"@context":"https:\/\/schema.org","@graph":[{"@type":"WebPage","@id":"https:\/\/rotary.fi\/lahdenrotary\/keita-olemme\/ilo-esitella\/","url":"https:\/\/rotary.fi\/lahdenrotary\/keita-olemme\/ilo-esitella\/","name":"Klubin historia - Lahden Rotaryklubi ry","isPartOf":{"@id":"https:\/\/rotary.fi\/lahdenrotary\/#website"},"primaryImageOfPage":{"@id":"https:\/\/rotary.fi\/lahdenrotary\/keita-olemme\/ilo-esitella\/#primaryimage"},"image":{"@id":"https:\/\/rotary.fi\/lahdenrotary\/keita-olemme\/ilo-esitella\/#primaryimage"},"thumbnailUrl":"https:\/\/rotary.fi\/lahdenrotary\/wp-content\/uploads\/sites\/237\/2025\/08\/80v-500px-300x300.png","datePublished":"2018-08-10T11:04:45+00:00","dateModified":"2025-08-31T20:15:43+00:00","breadcrumb":{"@id":"https:\/\/rotary.fi\/lahdenrotary\/keita-olemme\/ilo-esitella\/#breadcrumb"},"inLanguage":"fi","potentialAction":[{"@type":"ReadAction","target":["https:\/\/rotary.fi\/lahdenrotary\/keita-olemme\/ilo-esitella\/"]}]},{"@type":"ImageObject","inLanguage":"fi","@id":"https:\/\/rotary.fi\/lahdenrotary\/keita-olemme\/ilo-esitella\/#primaryimage","url":"https:\/\/rotary.fi\/lahdenrotary\/wp-content\/uploads\/sites\/237\/2025\/08\/80v-500px.png","contentUrl":"https:\/\/rotary.fi\/lahdenrotary\/wp-content\/uploads\/sites\/237\/2025\/08\/80v-500px.png","width":500,"height":500},{"@type":"BreadcrumbList","@id":"https:\/\/rotary.fi\/lahdenrotary\/keita-olemme\/ilo-esitella\/#breadcrumb","itemListElement":[{"@type":"ListItem","position":1,"name":"Home","item":"https:\/\/rotary.fi\/lahdenrotary\/"},{"@type":"ListItem","position":2,"name":"Keit\u00e4 olemme","item":"https:\/\/rotary.fi\/lahdenrotary\/keita-olemme\/"},{"@type":"ListItem","position":3,"name":"Klubin historia"}]},{"@type":"WebSite","@id":"https:\/\/rotary.fi\/lahdenrotary\/#website","url":"https:\/\/rotary.fi\/lahdenrotary\/","name":"Lahden Rotaryklubi ry","description":"Uusi Rotary klubisivusto","potentialAction":[{"@type":"SearchAction","target":{"@type":"EntryPoint","urlTemplate":"https:\/\/rotary.fi\/lahdenrotary\/?s={search_term_string}"},"query-input":{"@type":"PropertyValueSpecification","valueRequired":true,"valueName":"search_term_string"}}],"inLanguage":"fi"}]}},"lang":"fi","translations":{"fi":142,"en":1438},"pll_sync_post":[],"_links":{"self":[{"href":"https:\/\/rotary.fi\/lahdenrotary\/wp-json\/wp\/v2\/pages\/142","targetHints":{"allow":["GET"]}}],"collection":[{"href":"https:\/\/rotary.fi\/lahdenrotary\/wp-json\/wp\/v2\/pages"}],"about":[{"href":"https:\/\/rotary.fi\/lahdenrotary\/wp-json\/wp\/v2\/types\/page"}],"author":[{"embeddable":true,"href":"https:\/\/rotary.fi\/lahdenrotary\/wp-json\/wp\/v2\/users\/1"}],"replies":[{"embeddable":true,"href":"https:\/\/rotary.fi\/lahdenrotary\/wp-json\/wp\/v2\/comments?post=142"}],"version-history":[{"count":10,"href":"https:\/\/rotary.fi\/lahdenrotary\/wp-json\/wp\/v2\/pages\/142\/revisions"}],"predecessor-version":[{"id":2840,"href":"https:\/\/rotary.fi\/lahdenrotary\/wp-json\/wp\/v2\/pages\/142\/revisions\/2840"}],"up":[{"embeddable":true,"href":"https:\/\/rotary.fi\/lahdenrotary\/wp-json\/wp\/v2\/pages\/129"}],"wp:attachment":[{"href":"https:\/\/rotary.fi\/lahdenrotary\/wp-json\/wp\/v2\/media?parent=142"}],"curies":[{"name":"wp","href":"https:\/\/api.w.org\/{rel}","templated":true}]}}