{"id":138,"date":"2018-08-10T14:01:44","date_gmt":"2018-08-10T11:01:44","guid":{"rendered":"https:\/\/rotary.fi\/klubi2\/?page_id=138"},"modified":"2025-08-31T22:33:47","modified_gmt":"2025-08-31T19:33:47","slug":"vuositeema","status":"publish","type":"page","link":"https:\/\/rotary.fi\/lahdenrotary\/keita-olemme\/vuositeema\/","title":{"rendered":"Vuositeema"},"content":{"rendered":"<p>[et_pb_section fb_built=&#8221;1&#8243; module_class=&#8221;jumbotron-page&#8221; _builder_version=&#8221;4.22.1&#8243; background_image=&#8221;https:\/\/rotary.fi\/lahdenrotary\/wp-content\/uploads\/sites\/237\/2018\/10\/rotary_klubit_alasivu_paakuva_13.jpg&#8221; global_colors_info=&#8221;{}&#8221;][et_pb_row _builder_version=&#8221;4.16&#8243; background_size=&#8221;initial&#8221; background_position=&#8221;top_left&#8221; background_repeat=&#8221;repeat&#8221; global_colors_info=&#8221;{}&#8221;][et_pb_column type=&#8221;4_4&#8243; _builder_version=&#8221;4.16&#8243; custom_padding=&#8221;|||&#8221; global_colors_info=&#8221;{}&#8221; custom_padding__hover=&#8221;|||&#8221;][et_pb_text admin_label=&#8221;P\u00e4\u00e4otsikko&#8221; _builder_version=&#8221;4.16&#8243; text_orientation=&#8221;center&#8221; background_layout=&#8221;dark&#8221; global_colors_info=&#8221;{}&#8221;]<\/p>\n<h1>Vuositeema<\/h1>\n<p>&nbsp;<\/p>\n<p>[\/et_pb_text][\/et_pb_column][\/et_pb_row][\/et_pb_section][et_pb_section fb_built=&#8221;1&#8243; specialty=&#8221;on&#8221; module_class_2=&#8221;sivupalkki&#8221; _builder_version=&#8221;4.16&#8243; global_colors_info=&#8221;{}&#8221;][et_pb_column type=&#8221;2_3&#8243; specialty_columns=&#8221;2&#8243; _builder_version=&#8221;4.16&#8243; custom_padding=&#8221;|||&#8221; global_colors_info=&#8221;{}&#8221; custom_padding__hover=&#8221;|||&#8221;][et_pb_row_inner admin_label=&#8221;Rivi&#8221; _builder_version=&#8221;4.16&#8243; global_colors_info=&#8221;{}&#8221;][et_pb_column_inner saved_specialty_column_type=&#8221;2_3&#8243; _builder_version=&#8221;4.16&#8243; custom_padding=&#8221;|||&#8221; global_colors_info=&#8221;{}&#8221; custom_padding__hover=&#8221;|||&#8221;][et_pb_image src=&#8221;https:\/\/rotary.fi\/lahdenrotary\/wp-content\/uploads\/sites\/237\/2025\/08\/slogan.png&#8221; title_text=&#8221;slogan&#8221; _builder_version=&#8221;4.27.4&#8243; _module_preset=&#8221;default&#8221; width=&#8221;70%&#8221; max_width=&#8221;70%&#8221; module_alignment=&#8221;center&#8221; hover_enabled=&#8221;0&#8243; global_colors_info=&#8221;{}&#8221; sticky_enabled=&#8221;0&#8243;][\/et_pb_image][et_pb_divider show_divider=&#8221;off&#8221; _builder_version=&#8221;4.22.1&#8243; _module_preset=&#8221;default&#8221; global_colors_info=&#8221;{}&#8221;][\/et_pb_divider][et_pb_text admin_label=&#8221;Rotary Internationalin vuositeema &#8211; Otsikko&#8221; _builder_version=&#8221;4.27.4&#8243; text_orientation=&#8221;center&#8221; hover_enabled=&#8221;0&#8243; global_colors_info=&#8221;{}&#8221; sticky_enabled=&#8221;0&#8243;]<\/p>\n<h1>Rotary Internationalin vuositeema<\/h1>\n<p>[\/et_pb_text][et_pb_text _builder_version=&#8221;4.27.4&#8243; hover_enabled=&#8221;0&#8243; global_colors_info=&#8221;{}&#8221; sticky_enabled=&#8221;0&#8243;]<\/p>\n<p><a href=\"https:\/\/my.rotary.org\/en\/news-media\/office-president\/ri-president\">Rotary Internationalin presidentti<\/a>\u00a02025\u20132026 Francesco Arezzon Rotary-kauden vuositeema on\u00a0\u201dUnite for Good\u201d.<\/p>\n<p>Lue lis\u00e4\u00e4 englanniksi:\u00a0<a href=\"https:\/\/www.rotary.org\/en\/francesco-arezzo-of-italy-selected-to-be-2025-26-rotary-international-president\">https:\/\/www.rotary.org\/en\/francesco-arezzo-of-italy-selected-to-be-2025-26-rotary-international-president<\/a><\/p>\n<p>[\/et_pb_text][\/et_pb_column_inner][\/et_pb_row_inner][et_pb_row_inner admin_label=&#8221;Rivi&#8221; _builder_version=&#8221;4.16&#8243; global_colors_info=&#8221;{}&#8221;][et_pb_column_inner saved_specialty_column_type=&#8221;2_3&#8243; _builder_version=&#8221;4.16&#8243; custom_padding=&#8221;|||&#8221; global_colors_info=&#8221;{}&#8221; custom_padding__hover=&#8221;|||&#8221;][et_pb_text admin_label=&#8221;Klubin vuositeema &#8211; Otsikko&#8221; _builder_version=&#8221;4.27.4&#8243; text_orientation=&#8221;center&#8221; hover_enabled=&#8221;0&#8243; global_colors_info=&#8221;{}&#8221; sticky_enabled=&#8221;0&#8243;]<\/p>\n<h4>Lahden Rotaryklubin vuositeema<\/h4>\n<p>[\/et_pb_text][et_pb_text _builder_version=&#8221;4.27.4&#8243; hover_enabled=&#8221;0&#8243; global_colors_info=&#8221;{}&#8221; sticky_enabled=&#8221;0&#8243;]<\/p>\n<p class=\"p1\">Rotaryvuoden \u201dUnite for Good\u201d \u2026 \u201dYhdess\u00e4 hyv\u00e4n puolesta\u201d on hieno, aktiivinen ja tulevaisuuden uskoa korostava teema. 80-vuotiaan \u201dHyv\u00e4n tuulen klubin\u201d vuoden ohjelmassa teema tulee esiin monella tavalla ja kolmen keskeisen kokonaisuuden kautta. Lapset ja nuoret, yritt\u00e4jyys ja kehittyv\u00e4n l\u00e4\u00e4ketieteen mahdollisuudet. Yhdess\u00e4 kohti parempaa huomista tavoitellaan huomioimalla lapset ja nuoret tarjoamalla heille mahdollisuuksia kehitt\u00e4\u00e4 itse\u00e4\u00e4n aktiivisiksi yhteiskunnan j\u00e4seniksi.<\/p>\n<p class=\"p1\">Alakouluik\u00e4isten syrj\u00e4ytymist\u00e4 ehk\u00e4isev\u00e4 ja harrastustoimintaa tukeva PANSE-hankkeemme tavoitteena on luoda mahdollisimman monelle P\u00e4ij\u00e4t-H\u00e4meen lapselle mahdollisuus ohjattuun ja turvalliseen liikuntaharrastukseen. Rotaryn nuorisovaihto on perinteinen ja erinomainen esimerkki n\u00e4ist\u00e4 tavoitteistamme. RYLA-toimintamme kohdistuu varttuneempiin opiskeleviin nuoriin. Tavoitteenamme on tukea opiskelijoiden integroitumista yritysmaailmaan, P\u00e4ij\u00e4t-H\u00e4meeseen ja sen yrityksiin. Hankkeemme ovat my\u00f6s erinomaisia esimerkkej\u00e4 yhdess\u00e4 tekemisest\u00e4 ja sen voimasta. Hankkeita ei tehd\u00e4 yksin vaan yhdess\u00e4 p\u00e4ij\u00e4th\u00e4m\u00e4l\u00e4isten Rotaryklubien kanssa. Yritt\u00e4jyys on keskeisess\u00e4 asemassa hyv\u00e4n luomisessa ja hyvinvointivaltion yll\u00e4pidossa. RYLA on my\u00f6s esimerkki nuorten kannustamisessa yritt\u00e4jyyden polulle. Kehittyv\u00e4 l\u00e4\u00e4ketiede, digitalisaatio ja teko\u00e4lysovellutukset luovat uusia keinoja ei ainoastaan sairauksien tehokkaampaan hoitoon, vaan my\u00f6s ratkaisuja ik\u00e4\u00e4ntyv\u00e4n v\u00e4est\u00f6n terveyspalveluiden tuottamiseen. Viikkokokousohjelmat heijastelevat n\u00e4it\u00e4 kysymyksi\u00e4, unohtamatta historiaamme eli miten t\u00e4m\u00e4nhetkinen hyv\u00e4 ja hyvinvointi on luotu.<\/p>\n<p class=\"p1\">Vuosi on my\u00f6s klubimme 80-vuotisjuhlavuosi. Sit\u00e4kin on hyv\u00e4 juhlia!<\/p>\n<p>[\/et_pb_text][et_pb_divider show_divider=&#8221;off&#8221; _builder_version=&#8221;4.22.1&#8243; _module_preset=&#8221;default&#8221; global_colors_info=&#8221;{}&#8221;][\/et_pb_divider][et_pb_text admin_label=&#8221;Klubin vuositeema &#8211; Otsikko&#8221; _builder_version=&#8221;4.27.4&#8243; text_orientation=&#8221;center&#8221; hover_enabled=&#8221;0&#8243; global_colors_info=&#8221;{}&#8221; sticky_enabled=&#8221;0&#8243;]<\/p>\n<h4>Vuoden 2025\u20132026 presidentin viesti, joka julkistettiin Rotary Internationalin vuoden 2025 yleiskokouksessa helmikuussa, pysyy yhten\u00e4isen\u00e4 hyv\u00e4n puolesta -viestin\u00e4 , joka kehottaa Rotaryn j\u00e4seni\u00e4 olemaan yhten\u00e4isyyden voima maailmassa, joka on yh\u00e4 jakautuneempi politiikan, maantieteen ja ideologian mukaan. Palveluprojektien kautta Rotary tuo yhteen ihmisi\u00e4 kaikista taustoista \u2013 roduista, uskonnoista ja ammateista \u2013 yhteisess\u00e4 teht\u00e4v\u00e4ss\u00e4 tehd\u00e4 hyv\u00e4\u00e4 yhteis\u00f6iss\u00e4\u00e4n.<\/h4>\n<p>[\/et_pb_text][et_pb_text _builder_version=&#8221;4.27.4&#8243; hover_enabled=&#8221;0&#8243; global_colors_info=&#8221;{}&#8221; sticky_enabled=&#8221;0&#8243;]<\/p>\n<p>Hallitus piti ylim\u00e4\u00e4r\u00e4isen istunnon RI:n tulevan presidentin M\u00e1rio C\u00e9sar Martins de Camargon odottamattoman eron j\u00e4lkeen 8. kes\u00e4kuuta . RI:n s\u00e4\u00e4nn\u00f6st\u00f6n ja k\u00e4yt\u00e4nt\u00f6jen mukaisesti hallitus valitsi uuden presidentin ehdokkaiden joukosta, joita Rotary Internationalin presidentin nimityskomitea k\u00e4sitteli elokuussa 2023.<\/p>\n<p>Francesco Arezzo on yksityisvastaanotolla ty\u00f6skentelev\u00e4 oikomishoidon erikoishammasl\u00e4\u00e4k\u00e4ri. H\u00e4n toimii aktiivisesti kansainv\u00e4lisesti Italian, Euroopan ja Amerikan oikomishoidon yhdistysten j\u00e4senen\u00e4. H\u00e4n on Italian hammasl\u00e4\u00e4k\u00e4reiden kansallisen yhdistyksen varapuheenjohtaja Ragusan maakunnassa ja oli Italian kansalliss\u00e4\u00e4ti\u00f6n Ragusan valtuuskunnan perustaja ja johtaja seitsem\u00e4n vuoden ajan. H\u00e4n on Maltan ritarikunnan Kunnian ja Kuuliaisuuden Ritari.<\/p>\n<p>Arezzo on ollut Rotaryn j\u00e4sen yli 30 vuotta. H\u00e4n on toiminut Rotaryn yhteisen strategisen suunnittelukomitean varapuheenjohtajana sek\u00e4 RI:n johtajana, oppimisen ohjaajana ja piirikonferenssin puheenjohtajan edustajana.<\/p>\n<p>Arezzo on Rotary-s\u00e4\u00e4ti\u00f6n merkitt\u00e4v\u00e4 lahjoittaja ja hyv\u00e4ntekij\u00e4. H\u00e4nen kumppaninsa Anna Maria Criscione on matkailualan yritt\u00e4j\u00e4. Heill\u00e4 on kaksi lasta.<\/p>\n<p>[\/et_pb_text][\/et_pb_column_inner][\/et_pb_row_inner][\/et_pb_column][et_pb_column type=&#8221;1_3&#8243; _builder_version=&#8221;4.16&#8243; custom_padding=&#8221;|||&#8221; global_colors_info=&#8221;{}&#8221; custom_padding__hover=&#8221;|||&#8221;][et_pb_sidebar area=&#8221;sidebar-1&#8243; module_class=&#8221;sivupalkki_sisalto&#8221; _builder_version=&#8221;4.16&#8243; locked=&#8221;on&#8221; global_colors_info=&#8221;{}&#8221;][\/et_pb_sidebar][\/et_pb_column][\/et_pb_section]<\/p>\n","protected":false},"excerpt":{"rendered":"<p>Vuositeema &nbsp; Rotary Internationalin vuositeemaRotary Internationalin presidentti\u00a02025\u20132026 Francesco Arezzon Rotary-kauden vuositeema on\u00a0\u201dUnite for Good\u201d. Lue lis\u00e4\u00e4 englanniksi:\u00a0https:\/\/www.rotary.org\/en\/francesco-arezzo-of-italy-selected-to-be-2025-26-rotary-international-presidentLahden Rotaryklubin vuositeemaRotaryvuoden \u201dUnite for Good\u201d \u2026 \u201dYhdess\u00e4 hyv\u00e4n puolesta\u201d on hieno, aktiivinen ja tulevaisuuden uskoa korostava teema. 80-vuotiaan \u201dHyv\u00e4n tuulen klubin\u201d vuoden ohjelmassa teema tulee esiin monella tavalla ja kolmen keskeisen kokonaisuuden kautta. Lapset ja nuoret, yritt\u00e4jyys ja [&hellip;]<\/p>\n","protected":false},"author":1,"featured_media":0,"parent":129,"menu_order":0,"comment_status":"closed","ping_status":"closed","template":"","meta":{"_acf_changed":false,"_et_pb_use_builder":"on","_et_pb_old_content":"","_et_gb_content_width":"","footnotes":""},"class_list":["post-138","page","type-page","status-publish","hentry"],"acf":[],"yoast_head":"<!-- This site is optimized with the Yoast SEO plugin v27.0 - https:\/\/yoast.com\/product\/yoast-seo-wordpress\/ -->\n<title>Vuositeema - Lahden Rotaryklubi ry<\/title>\n<meta name=\"robots\" content=\"index, follow, max-snippet:-1, max-image-preview:large, max-video-preview:-1\" \/>\n<link rel=\"canonical\" href=\"https:\/\/rotary.fi\/lahdenrotary\/keita-olemme\/vuositeema\/\" \/>\n<meta property=\"og:locale\" content=\"fi_FI\" \/>\n<meta property=\"og:type\" content=\"article\" \/>\n<meta property=\"og:title\" content=\"Vuositeema - Lahden Rotaryklubi ry\" \/>\n<meta property=\"og:description\" content=\"Vuositeema &nbsp; Rotary Internationalin vuositeemaRotary Internationalin presidentti\u00a02025\u20132026 Francesco Arezzon Rotary-kauden vuositeema on\u00a0\u201dUnite for Good\u201d. Lue lis\u00e4\u00e4 englanniksi:\u00a0https:\/\/www.rotary.org\/en\/francesco-arezzo-of-italy-selected-to-be-2025-26-rotary-international-presidentLahden Rotaryklubin vuositeemaRotaryvuoden \u201dUnite for Good\u201d \u2026 \u201dYhdess\u00e4 hyv\u00e4n puolesta\u201d on hieno, aktiivinen ja tulevaisuuden uskoa korostava teema. 80-vuotiaan \u201dHyv\u00e4n tuulen klubin\u201d vuoden ohjelmassa teema tulee esiin monella tavalla ja kolmen keskeisen kokonaisuuden kautta. Lapset ja nuoret, yritt\u00e4jyys ja [&hellip;]\" \/>\n<meta property=\"og:url\" content=\"https:\/\/rotary.fi\/lahdenrotary\/keita-olemme\/vuositeema\/\" \/>\n<meta property=\"og:site_name\" content=\"Lahden Rotaryklubi ry\" \/>\n<meta property=\"article:modified_time\" content=\"2025-08-31T19:33:47+00:00\" \/>\n<meta name=\"twitter:card\" content=\"summary_large_image\" \/>\n<meta name=\"twitter:label1\" content=\"Arvioitu lukuaika\" \/>\n\t<meta name=\"twitter:data1\" content=\"4 minuuttia\" \/>\n<script type=\"application\/ld+json\" class=\"yoast-schema-graph\">{\"@context\":\"https:\/\/schema.org\",\"@graph\":[{\"@type\":\"WebPage\",\"@id\":\"https:\/\/rotary.fi\/lahdenrotary\/keita-olemme\/vuositeema\/\",\"url\":\"https:\/\/rotary.fi\/lahdenrotary\/keita-olemme\/vuositeema\/\",\"name\":\"Vuositeema - Lahden Rotaryklubi ry\",\"isPartOf\":{\"@id\":\"https:\/\/rotary.fi\/lahdenrotary\/#website\"},\"datePublished\":\"2018-08-10T11:01:44+00:00\",\"dateModified\":\"2025-08-31T19:33:47+00:00\",\"breadcrumb\":{\"@id\":\"https:\/\/rotary.fi\/lahdenrotary\/keita-olemme\/vuositeema\/#breadcrumb\"},\"inLanguage\":\"fi\",\"potentialAction\":[{\"@type\":\"ReadAction\",\"target\":[\"https:\/\/rotary.fi\/lahdenrotary\/keita-olemme\/vuositeema\/\"]}]},{\"@type\":\"BreadcrumbList\",\"@id\":\"https:\/\/rotary.fi\/lahdenrotary\/keita-olemme\/vuositeema\/#breadcrumb\",\"itemListElement\":[{\"@type\":\"ListItem\",\"position\":1,\"name\":\"Home\",\"item\":\"https:\/\/rotary.fi\/lahdenrotary\/\"},{\"@type\":\"ListItem\",\"position\":2,\"name\":\"Keit\u00e4 olemme\",\"item\":\"https:\/\/rotary.fi\/lahdenrotary\/keita-olemme\/\"},{\"@type\":\"ListItem\",\"position\":3,\"name\":\"Vuositeema\"}]},{\"@type\":\"WebSite\",\"@id\":\"https:\/\/rotary.fi\/lahdenrotary\/#website\",\"url\":\"https:\/\/rotary.fi\/lahdenrotary\/\",\"name\":\"Lahden Rotaryklubi ry\",\"description\":\"Uusi Rotary klubisivusto\",\"potentialAction\":[{\"@type\":\"SearchAction\",\"target\":{\"@type\":\"EntryPoint\",\"urlTemplate\":\"https:\/\/rotary.fi\/lahdenrotary\/?s={search_term_string}\"},\"query-input\":{\"@type\":\"PropertyValueSpecification\",\"valueRequired\":true,\"valueName\":\"search_term_string\"}}],\"inLanguage\":\"fi\"}]}<\/script>\n<!-- \/ Yoast SEO plugin. -->","yoast_head_json":{"title":"Vuositeema - Lahden Rotaryklubi ry","robots":{"index":"index","follow":"follow","max-snippet":"max-snippet:-1","max-image-preview":"max-image-preview:large","max-video-preview":"max-video-preview:-1"},"canonical":"https:\/\/rotary.fi\/lahdenrotary\/keita-olemme\/vuositeema\/","og_locale":"fi_FI","og_type":"article","og_title":"Vuositeema - Lahden Rotaryklubi ry","og_description":"Vuositeema &nbsp; Rotary Internationalin vuositeemaRotary Internationalin presidentti\u00a02025\u20132026 Francesco Arezzon Rotary-kauden vuositeema on\u00a0\u201dUnite for Good\u201d. Lue lis\u00e4\u00e4 englanniksi:\u00a0https:\/\/www.rotary.org\/en\/francesco-arezzo-of-italy-selected-to-be-2025-26-rotary-international-presidentLahden Rotaryklubin vuositeemaRotaryvuoden \u201dUnite for Good\u201d \u2026 \u201dYhdess\u00e4 hyv\u00e4n puolesta\u201d on hieno, aktiivinen ja tulevaisuuden uskoa korostava teema. 80-vuotiaan \u201dHyv\u00e4n tuulen klubin\u201d vuoden ohjelmassa teema tulee esiin monella tavalla ja kolmen keskeisen kokonaisuuden kautta. Lapset ja nuoret, yritt\u00e4jyys ja [&hellip;]","og_url":"https:\/\/rotary.fi\/lahdenrotary\/keita-olemme\/vuositeema\/","og_site_name":"Lahden Rotaryklubi ry","article_modified_time":"2025-08-31T19:33:47+00:00","twitter_card":"summary_large_image","twitter_misc":{"Arvioitu lukuaika":"4 minuuttia"},"schema":{"@context":"https:\/\/schema.org","@graph":[{"@type":"WebPage","@id":"https:\/\/rotary.fi\/lahdenrotary\/keita-olemme\/vuositeema\/","url":"https:\/\/rotary.fi\/lahdenrotary\/keita-olemme\/vuositeema\/","name":"Vuositeema - Lahden Rotaryklubi ry","isPartOf":{"@id":"https:\/\/rotary.fi\/lahdenrotary\/#website"},"datePublished":"2018-08-10T11:01:44+00:00","dateModified":"2025-08-31T19:33:47+00:00","breadcrumb":{"@id":"https:\/\/rotary.fi\/lahdenrotary\/keita-olemme\/vuositeema\/#breadcrumb"},"inLanguage":"fi","potentialAction":[{"@type":"ReadAction","target":["https:\/\/rotary.fi\/lahdenrotary\/keita-olemme\/vuositeema\/"]}]},{"@type":"BreadcrumbList","@id":"https:\/\/rotary.fi\/lahdenrotary\/keita-olemme\/vuositeema\/#breadcrumb","itemListElement":[{"@type":"ListItem","position":1,"name":"Home","item":"https:\/\/rotary.fi\/lahdenrotary\/"},{"@type":"ListItem","position":2,"name":"Keit\u00e4 olemme","item":"https:\/\/rotary.fi\/lahdenrotary\/keita-olemme\/"},{"@type":"ListItem","position":3,"name":"Vuositeema"}]},{"@type":"WebSite","@id":"https:\/\/rotary.fi\/lahdenrotary\/#website","url":"https:\/\/rotary.fi\/lahdenrotary\/","name":"Lahden Rotaryklubi ry","description":"Uusi Rotary klubisivusto","potentialAction":[{"@type":"SearchAction","target":{"@type":"EntryPoint","urlTemplate":"https:\/\/rotary.fi\/lahdenrotary\/?s={search_term_string}"},"query-input":{"@type":"PropertyValueSpecification","valueRequired":true,"valueName":"search_term_string"}}],"inLanguage":"fi"}]}},"lang":"fi","translations":{"fi":138,"en":1430},"pll_sync_post":[],"_links":{"self":[{"href":"https:\/\/rotary.fi\/lahdenrotary\/wp-json\/wp\/v2\/pages\/138","targetHints":{"allow":["GET"]}}],"collection":[{"href":"https:\/\/rotary.fi\/lahdenrotary\/wp-json\/wp\/v2\/pages"}],"about":[{"href":"https:\/\/rotary.fi\/lahdenrotary\/wp-json\/wp\/v2\/types\/page"}],"author":[{"embeddable":true,"href":"https:\/\/rotary.fi\/lahdenrotary\/wp-json\/wp\/v2\/users\/1"}],"replies":[{"embeddable":true,"href":"https:\/\/rotary.fi\/lahdenrotary\/wp-json\/wp\/v2\/comments?post=138"}],"version-history":[{"count":10,"href":"https:\/\/rotary.fi\/lahdenrotary\/wp-json\/wp\/v2\/pages\/138\/revisions"}],"predecessor-version":[{"id":2828,"href":"https:\/\/rotary.fi\/lahdenrotary\/wp-json\/wp\/v2\/pages\/138\/revisions\/2828"}],"up":[{"embeddable":true,"href":"https:\/\/rotary.fi\/lahdenrotary\/wp-json\/wp\/v2\/pages\/129"}],"wp:attachment":[{"href":"https:\/\/rotary.fi\/lahdenrotary\/wp-json\/wp\/v2\/media?parent=138"}],"curies":[{"name":"wp","href":"https:\/\/api.w.org\/{rel}","templated":true}]}}