{"id":132,"date":"2018-08-10T13:59:56","date_gmt":"2018-08-10T10:59:56","guid":{"rendered":"https:\/\/rotary.fi\/klubi2\/?page_id=132"},"modified":"2025-10-06T20:53:53","modified_gmt":"2025-10-06T17:53:53","slug":"hallitus-ja-toimihenkilot","status":"publish","type":"page","link":"https:\/\/rotary.fi\/lahdenrotary\/keita-olemme\/hallitus-ja-toimihenkilot\/","title":{"rendered":"Hallitus ja toimihenkil\u00f6t"},"content":{"rendered":"<p>[et_pb_section fb_built=&#8221;1&#8243; admin_label=&#8221;Osio&#8221; module_class=&#8221;jumbotron-page&#8221; _builder_version=&#8221;4.27.4&#8243; background_image=&#8221;https:\/\/rotary.fi\/lahdenrotary\/wp-content\/uploads\/sites\/237\/2023\/09\/lahden-satama.jpg&#8221; global_colors_info=&#8221;{}&#8221;][et_pb_row admin_label=&#8221;Rivi&#8221; _builder_version=&#8221;4.27.4&#8243; background_size=&#8221;initial&#8221; background_position=&#8221;top_left&#8221; background_repeat=&#8221;repeat&#8221; global_colors_info=&#8221;{}&#8221;][et_pb_column type=&#8221;4_4&#8243; _builder_version=&#8221;4.16&#8243; custom_padding=&#8221;|||&#8221; global_colors_info=&#8221;{}&#8221; custom_padding__hover=&#8221;|||&#8221;][et_pb_text admin_label=&#8221;P\u00e4\u00e4otsikko&#8221; _builder_version=&#8221;4.27.4&#8243; header_font_size=&#8221;60px&#8221; text_orientation=&#8221;center&#8221; background_layout=&#8221;dark&#8221; min_height=&#8221;80px&#8221; global_colors_info=&#8221;{}&#8221;]<\/p>\n<h1>Hallitus ja toimihenkil\u00f6t<\/h1>\n<p>[\/et_pb_text][\/et_pb_column][\/et_pb_row][\/et_pb_section][et_pb_section fb_built=&#8221;1&#8243; specialty=&#8221;on&#8221; module_class_2=&#8221;sivupalkki&#8221; admin_label=&#8221;Osio&#8221; _builder_version=&#8221;4.27.4&#8243; global_colors_info=&#8221;{}&#8221;][et_pb_column type=&#8221;2_3&#8243; specialty_columns=&#8221;2&#8243; _builder_version=&#8221;4.16&#8243; custom_padding=&#8221;|||&#8221; global_colors_info=&#8221;{}&#8221; parallax__hover=&#8221;off&#8221; parallax_method__hover=&#8221;on&#8221; custom_padding__hover=&#8221;|||&#8221;][et_pb_row_inner column_structure=&#8221;1_2,1_2&#8243; admin_label=&#8221;Rivi&#8221; _builder_version=&#8221;4.27.4&#8243; global_colors_info=&#8221;{}&#8221;][et_pb_column_inner type=&#8221;1_2&#8243; saved_specialty_column_type=&#8221;2_3&#8243; _builder_version=&#8221;4.16&#8243; custom_padding=&#8221;|||&#8221; global_colors_info=&#8221;{}&#8221; parallax__hover=&#8221;off&#8221; parallax_method__hover=&#8221;on&#8221; custom_padding__hover=&#8221;|||&#8221;][et_pb_team_member name=&#8221;Hannu Uusitalo&#8221; position=&#8221;Presidentti&#8221; image_url=&#8221;https:\/\/rotary.fi\/lahdenrotary\/wp-content\/uploads\/sites\/237\/2025\/08\/hannu-uusitalo.jpg&#8221; admin_label=&#8221;Presidentti&#8221; _builder_version=&#8221;4.27.4&#8243; header_font_size=&#8221;18px&#8221; position_text_color=&#8221;#000000&#8243; width=&#8221;100%&#8221; max_width=&#8221;85%&#8221; custom_padding=&#8221;|150px||||&#8221; global_colors_info=&#8221;{}&#8221;]<\/p>\n<p>Lahden Rotaryklubi ry<br \/>040 190 1214<br \/>hannu.uusitalo@tuni.fi<\/p>\n<p>[\/et_pb_team_member][\/et_pb_column_inner][et_pb_column_inner type=&#8221;1_2&#8243; saved_specialty_column_type=&#8221;2_3&#8243; _builder_version=&#8221;4.16&#8243; custom_padding=&#8221;|||&#8221; global_colors_info=&#8221;{}&#8221; parallax__hover=&#8221;off&#8221; parallax_method__hover=&#8221;on&#8221; custom_padding__hover=&#8221;|||&#8221;][et_pb_text _builder_version=&#8221;4.27.4&#8243; header_font_size=&#8221;35px&#8221; header_2_font_size=&#8221;25px&#8221; header_3_font_size=&#8221;20px&#8221; header_5_font_size=&#8221;13px&#8221; header_6_text_color=&#8221;#000000&#8243; header_6_font_size=&#8221;12px&#8221; custom_margin=&#8221;|||-145px||&#8221; custom_padding=&#8221;|||0px||&#8221; global_colors_info=&#8221;{}&#8221;]<\/p>\n<h1>Hallitus kaudella 2025-2026<\/h1>\n<p>&nbsp;<\/p>\n<p><strong>Presidentti 2025-2026<br \/><\/strong>Hannu Uusitalo<\/p>\n<p><strong>Varapresidentti 2025-2026<br \/><\/strong>P\u00e4\u00e4tet\u00e4\u00e4n syyskokouksessa 2025<\/p>\n<p><strong>Tuleva presidentti 2025-2026<br \/><\/strong>P\u00e4\u00e4tet\u00e4\u00e4n syyskokouksessa 2025<\/p>\n<p><strong>Past Presidentti<br \/><\/strong>Erja Hakkarainen<\/p>\n<p><strong>Sihteeri, klubimestari, rotarys\u00e4\u00e4ti\u00f6komitean\u00a0pj<b>.<\/b><br \/><\/strong>Juha-Pekka Ker\u00e4nen<\/p>\n<p><strong>Rahastonhoitaja<br \/><\/strong>Pia Hemmil\u00e4<\/p>\n<p><strong>IT-vastaava,\u00a0<\/strong><strong>luokite- ja\u00a0<\/strong><strong>j\u00e4senyyskomitean pj.<br \/><\/strong>Pasi Tolvanen<\/p>\n<p><strong>Nettisivuvastaava<br \/><\/strong>Erja Hakkarainen<\/p>\n<p><strong>RYLA-vastaava<br \/><\/strong>Markku Lappalainen<\/p>\n<p><strong>Vaihto-oppilaskummi<br \/><\/strong>Mari Kuparinen<\/p>\n<p><strong>Hallituksen j\u00e4sen<br \/><\/strong>Juha M\u00e4\u00e4tt\u00e4<\/p>\n<h1>Nuorisovaihtotiimi syksyll\u00e4 2025<\/h1>\n<p>&nbsp;<\/p>\n<p>Lahden Rotaryklubi ja Nastolan Rotaryklubi tekev\u00e4t kausilla 2023-2024 ja 2024-2025 sek\u00e4 syksyll\u00e4 2025 yhteisty\u00f6t\u00e4 nuorisovaihdossa, yhteisty\u00f6 jatkuu taas kaudella 2026-2027.<\/p>\n<p><strong>Nastolan Rotaryklubin nuorisovaihtoasiamies<\/strong><br \/>Juha Virtala<br \/>puh. 040 553 8682<br \/>juha.virtala(a)dnainternet.net<\/p>\n<p><strong>Vaihto-oppilaskummi (nainen)<br \/><\/strong>Mari Kuparinen<br \/>mari.kuparinen(a)phnet.fi<span data-teams=\"true\"><br \/><\/span>044 371 9450<\/p>\n<p><strong>Vaihto-oppilaskummi (mies), varalle<br \/><\/strong>Toni Eklund<br \/>044 338 9059<br \/>toni.eklund(a)bassohr.fi<\/p>\n<p><span data-teams=\"true\"> <strong>Vaihto-oppilaskummi (mies), varalla rotarykausi 2026-2027<br \/><\/strong>Hannu Uusitalo<br \/>040 190 1214<br \/>hannu.uusitalo(a)tuni.fi<\/span><\/p>\n<p>Nuorisovaihtotiimi huolehtii Lahdessa olevan klubin vaihto-oppilaan hyvinvoinnista vaihtovuoden aikana.<\/p>\n<p>&nbsp;<\/p>\n<p>[\/et_pb_text][\/et_pb_column_inner][\/et_pb_row_inner][\/et_pb_column][et_pb_column type=&#8221;1_3&#8243; module_class=&#8221;sivupalkki&#8221; _builder_version=&#8221;4.16&#8243; custom_padding=&#8221;|||&#8221; global_colors_info=&#8221;{}&#8221; parallax__hover=&#8221;off&#8221; parallax_method__hover=&#8221;on&#8221; module_class__hover=&#8221;sivupalkki&#8221; custom_padding__hover=&#8221;|||&#8221;][et_pb_sidebar area=&#8221;sidebar-1&#8243; module_class=&#8221;sivupalkki_sisalto&#8221; _builder_version=&#8221;4.16&#8243; locked=&#8221;on&#8221; global_colors_info=&#8221;{}&#8221;][\/et_pb_sidebar][\/et_pb_column][\/et_pb_section]<\/p>\n","protected":false},"excerpt":{"rendered":"<p>Hallitus ja toimihenkil\u00f6tLahden Rotaryklubi ry040 190 1214hannu.uusitalo@tuni.fiHallitus kaudella 2025-2026 &nbsp; Presidentti 2025-2026Hannu Uusitalo Varapresidentti 2025-2026P\u00e4\u00e4tet\u00e4\u00e4n syyskokouksessa 2025 Tuleva presidentti 2025-2026P\u00e4\u00e4tet\u00e4\u00e4n syyskokouksessa 2025 Past PresidenttiErja Hakkarainen Sihteeri, klubimestari, rotarys\u00e4\u00e4ti\u00f6komitean\u00a0pj.Juha-Pekka Ker\u00e4nen RahastonhoitajaPia Hemmil\u00e4 IT-vastaava,\u00a0luokite- ja\u00a0j\u00e4senyyskomitean pj.Pasi Tolvanen NettisivuvastaavaErja Hakkarainen RYLA-vastaavaMarkku Lappalainen Vaihto-oppilaskummiMari Kuparinen Hallituksen j\u00e4senJuha M\u00e4\u00e4tt\u00e4 Nuorisovaihtotiimi syksyll\u00e4 2025 &nbsp; Lahden Rotaryklubi ja Nastolan Rotaryklubi tekev\u00e4t kausilla [&hellip;]<\/p>\n","protected":false},"author":1,"featured_media":0,"parent":129,"menu_order":0,"comment_status":"closed","ping_status":"closed","template":"","meta":{"_acf_changed":false,"_et_pb_use_builder":"on","_et_pb_old_content":"","_et_gb_content_width":"","footnotes":""},"class_list":["post-132","page","type-page","status-publish","hentry"],"acf":[],"yoast_head":"<!-- This site is optimized with the Yoast SEO plugin v27.0 - https:\/\/yoast.com\/product\/yoast-seo-wordpress\/ -->\n<title>Hallitus ja toimihenkil\u00f6t - Lahden Rotaryklubi ry<\/title>\n<meta name=\"robots\" content=\"index, follow, max-snippet:-1, max-image-preview:large, max-video-preview:-1\" \/>\n<link rel=\"canonical\" href=\"https:\/\/rotary.fi\/lahdenrotary\/keita-olemme\/hallitus-ja-toimihenkilot\/\" \/>\n<meta property=\"og:locale\" content=\"fi_FI\" \/>\n<meta property=\"og:type\" content=\"article\" \/>\n<meta property=\"og:title\" content=\"Hallitus ja toimihenkil\u00f6t - Lahden Rotaryklubi ry\" \/>\n<meta property=\"og:description\" content=\"Hallitus ja toimihenkil\u00f6tLahden Rotaryklubi ry040 190 1214hannu.uusitalo@tuni.fiHallitus kaudella 2025-2026 &nbsp; Presidentti 2025-2026Hannu Uusitalo Varapresidentti 2025-2026P\u00e4\u00e4tet\u00e4\u00e4n syyskokouksessa 2025 Tuleva presidentti 2025-2026P\u00e4\u00e4tet\u00e4\u00e4n syyskokouksessa 2025 Past PresidenttiErja Hakkarainen Sihteeri, klubimestari, rotarys\u00e4\u00e4ti\u00f6komitean\u00a0pj.Juha-Pekka Ker\u00e4nen RahastonhoitajaPia Hemmil\u00e4 IT-vastaava,\u00a0luokite- ja\u00a0j\u00e4senyyskomitean pj.Pasi Tolvanen NettisivuvastaavaErja Hakkarainen RYLA-vastaavaMarkku Lappalainen Vaihto-oppilaskummiMari Kuparinen Hallituksen j\u00e4senJuha M\u00e4\u00e4tt\u00e4 Nuorisovaihtotiimi syksyll\u00e4 2025 &nbsp; Lahden Rotaryklubi ja Nastolan Rotaryklubi tekev\u00e4t kausilla [&hellip;]\" \/>\n<meta property=\"og:url\" content=\"https:\/\/rotary.fi\/lahdenrotary\/keita-olemme\/hallitus-ja-toimihenkilot\/\" \/>\n<meta property=\"og:site_name\" content=\"Lahden Rotaryklubi ry\" \/>\n<meta property=\"article:modified_time\" content=\"2025-10-06T17:53:53+00:00\" \/>\n<meta name=\"twitter:card\" content=\"summary_large_image\" \/>\n<meta name=\"twitter:label1\" content=\"Arvioitu lukuaika\" \/>\n\t<meta name=\"twitter:data1\" content=\"2 minuuttia\" \/>\n<script type=\"application\/ld+json\" class=\"yoast-schema-graph\">{\"@context\":\"https:\/\/schema.org\",\"@graph\":[{\"@type\":\"WebPage\",\"@id\":\"https:\/\/rotary.fi\/lahdenrotary\/keita-olemme\/hallitus-ja-toimihenkilot\/\",\"url\":\"https:\/\/rotary.fi\/lahdenrotary\/keita-olemme\/hallitus-ja-toimihenkilot\/\",\"name\":\"Hallitus ja toimihenkil\u00f6t - Lahden Rotaryklubi ry\",\"isPartOf\":{\"@id\":\"https:\/\/rotary.fi\/lahdenrotary\/#website\"},\"datePublished\":\"2018-08-10T10:59:56+00:00\",\"dateModified\":\"2025-10-06T17:53:53+00:00\",\"breadcrumb\":{\"@id\":\"https:\/\/rotary.fi\/lahdenrotary\/keita-olemme\/hallitus-ja-toimihenkilot\/#breadcrumb\"},\"inLanguage\":\"fi\",\"potentialAction\":[{\"@type\":\"ReadAction\",\"target\":[\"https:\/\/rotary.fi\/lahdenrotary\/keita-olemme\/hallitus-ja-toimihenkilot\/\"]}]},{\"@type\":\"BreadcrumbList\",\"@id\":\"https:\/\/rotary.fi\/lahdenrotary\/keita-olemme\/hallitus-ja-toimihenkilot\/#breadcrumb\",\"itemListElement\":[{\"@type\":\"ListItem\",\"position\":1,\"name\":\"Home\",\"item\":\"https:\/\/rotary.fi\/lahdenrotary\/\"},{\"@type\":\"ListItem\",\"position\":2,\"name\":\"Keit\u00e4 olemme\",\"item\":\"https:\/\/rotary.fi\/lahdenrotary\/keita-olemme\/\"},{\"@type\":\"ListItem\",\"position\":3,\"name\":\"Hallitus ja toimihenkil\u00f6t\"}]},{\"@type\":\"WebSite\",\"@id\":\"https:\/\/rotary.fi\/lahdenrotary\/#website\",\"url\":\"https:\/\/rotary.fi\/lahdenrotary\/\",\"name\":\"Lahden Rotaryklubi ry\",\"description\":\"Uusi Rotary klubisivusto\",\"potentialAction\":[{\"@type\":\"SearchAction\",\"target\":{\"@type\":\"EntryPoint\",\"urlTemplate\":\"https:\/\/rotary.fi\/lahdenrotary\/?s={search_term_string}\"},\"query-input\":{\"@type\":\"PropertyValueSpecification\",\"valueRequired\":true,\"valueName\":\"search_term_string\"}}],\"inLanguage\":\"fi\"}]}<\/script>\n<!-- \/ Yoast SEO plugin. -->","yoast_head_json":{"title":"Hallitus ja toimihenkil\u00f6t - Lahden Rotaryklubi ry","robots":{"index":"index","follow":"follow","max-snippet":"max-snippet:-1","max-image-preview":"max-image-preview:large","max-video-preview":"max-video-preview:-1"},"canonical":"https:\/\/rotary.fi\/lahdenrotary\/keita-olemme\/hallitus-ja-toimihenkilot\/","og_locale":"fi_FI","og_type":"article","og_title":"Hallitus ja toimihenkil\u00f6t - Lahden Rotaryklubi ry","og_description":"Hallitus ja toimihenkil\u00f6tLahden Rotaryklubi ry040 190 1214hannu.uusitalo@tuni.fiHallitus kaudella 2025-2026 &nbsp; Presidentti 2025-2026Hannu Uusitalo Varapresidentti 2025-2026P\u00e4\u00e4tet\u00e4\u00e4n syyskokouksessa 2025 Tuleva presidentti 2025-2026P\u00e4\u00e4tet\u00e4\u00e4n syyskokouksessa 2025 Past PresidenttiErja Hakkarainen Sihteeri, klubimestari, rotarys\u00e4\u00e4ti\u00f6komitean\u00a0pj.Juha-Pekka Ker\u00e4nen RahastonhoitajaPia Hemmil\u00e4 IT-vastaava,\u00a0luokite- ja\u00a0j\u00e4senyyskomitean pj.Pasi Tolvanen NettisivuvastaavaErja Hakkarainen RYLA-vastaavaMarkku Lappalainen Vaihto-oppilaskummiMari Kuparinen Hallituksen j\u00e4senJuha M\u00e4\u00e4tt\u00e4 Nuorisovaihtotiimi syksyll\u00e4 2025 &nbsp; Lahden Rotaryklubi ja Nastolan Rotaryklubi tekev\u00e4t kausilla [&hellip;]","og_url":"https:\/\/rotary.fi\/lahdenrotary\/keita-olemme\/hallitus-ja-toimihenkilot\/","og_site_name":"Lahden Rotaryklubi ry","article_modified_time":"2025-10-06T17:53:53+00:00","twitter_card":"summary_large_image","twitter_misc":{"Arvioitu lukuaika":"2 minuuttia"},"schema":{"@context":"https:\/\/schema.org","@graph":[{"@type":"WebPage","@id":"https:\/\/rotary.fi\/lahdenrotary\/keita-olemme\/hallitus-ja-toimihenkilot\/","url":"https:\/\/rotary.fi\/lahdenrotary\/keita-olemme\/hallitus-ja-toimihenkilot\/","name":"Hallitus ja toimihenkil\u00f6t - Lahden Rotaryklubi ry","isPartOf":{"@id":"https:\/\/rotary.fi\/lahdenrotary\/#website"},"datePublished":"2018-08-10T10:59:56+00:00","dateModified":"2025-10-06T17:53:53+00:00","breadcrumb":{"@id":"https:\/\/rotary.fi\/lahdenrotary\/keita-olemme\/hallitus-ja-toimihenkilot\/#breadcrumb"},"inLanguage":"fi","potentialAction":[{"@type":"ReadAction","target":["https:\/\/rotary.fi\/lahdenrotary\/keita-olemme\/hallitus-ja-toimihenkilot\/"]}]},{"@type":"BreadcrumbList","@id":"https:\/\/rotary.fi\/lahdenrotary\/keita-olemme\/hallitus-ja-toimihenkilot\/#breadcrumb","itemListElement":[{"@type":"ListItem","position":1,"name":"Home","item":"https:\/\/rotary.fi\/lahdenrotary\/"},{"@type":"ListItem","position":2,"name":"Keit\u00e4 olemme","item":"https:\/\/rotary.fi\/lahdenrotary\/keita-olemme\/"},{"@type":"ListItem","position":3,"name":"Hallitus ja toimihenkil\u00f6t"}]},{"@type":"WebSite","@id":"https:\/\/rotary.fi\/lahdenrotary\/#website","url":"https:\/\/rotary.fi\/lahdenrotary\/","name":"Lahden Rotaryklubi ry","description":"Uusi Rotary klubisivusto","potentialAction":[{"@type":"SearchAction","target":{"@type":"EntryPoint","urlTemplate":"https:\/\/rotary.fi\/lahdenrotary\/?s={search_term_string}"},"query-input":{"@type":"PropertyValueSpecification","valueRequired":true,"valueName":"search_term_string"}}],"inLanguage":"fi"}]}},"lang":"fi","translations":{"fi":132,"en":1428},"pll_sync_post":[],"_links":{"self":[{"href":"https:\/\/rotary.fi\/lahdenrotary\/wp-json\/wp\/v2\/pages\/132","targetHints":{"allow":["GET"]}}],"collection":[{"href":"https:\/\/rotary.fi\/lahdenrotary\/wp-json\/wp\/v2\/pages"}],"about":[{"href":"https:\/\/rotary.fi\/lahdenrotary\/wp-json\/wp\/v2\/types\/page"}],"author":[{"embeddable":true,"href":"https:\/\/rotary.fi\/lahdenrotary\/wp-json\/wp\/v2\/users\/1"}],"replies":[{"embeddable":true,"href":"https:\/\/rotary.fi\/lahdenrotary\/wp-json\/wp\/v2\/comments?post=132"}],"version-history":[{"count":12,"href":"https:\/\/rotary.fi\/lahdenrotary\/wp-json\/wp\/v2\/pages\/132\/revisions"}],"predecessor-version":[{"id":2881,"href":"https:\/\/rotary.fi\/lahdenrotary\/wp-json\/wp\/v2\/pages\/132\/revisions\/2881"}],"up":[{"embeddable":true,"href":"https:\/\/rotary.fi\/lahdenrotary\/wp-json\/wp\/v2\/pages\/129"}],"wp:attachment":[{"href":"https:\/\/rotary.fi\/lahdenrotary\/wp-json\/wp\/v2\/media?parent=132"}],"curies":[{"name":"wp","href":"https:\/\/api.w.org\/{rel}","templated":true}]}}