{"id":129,"date":"2018-08-10T13:41:39","date_gmt":"2018-08-10T10:41:39","guid":{"rendered":"https:\/\/rotary.fi\/klubi2\/?page_id=129"},"modified":"2025-08-31T15:37:40","modified_gmt":"2025-08-31T12:37:40","slug":"keita-olemme","status":"publish","type":"page","link":"https:\/\/rotary.fi\/lahdenrotary\/keita-olemme\/","title":{"rendered":"Keit\u00e4 olemme"},"content":{"rendered":"<p>[et_pb_section fb_built=&#8221;1&#8243; module_class=&#8221;jumbotron-page&#8221; _builder_version=&#8221;4.27.4&#8243; background_image=&#8221;https:\/\/rotary.fi\/lahdenrotary\/wp-content\/uploads\/sites\/237\/2023\/09\/kansikuva-lahti.jpg&#8221; hover_enabled=&#8221;0&#8243; global_colors_info=&#8221;{}&#8221; sticky_enabled=&#8221;0&#8243;][et_pb_row _builder_version=&#8221;4.27.4&#8243; background_size=&#8221;initial&#8221; background_position=&#8221;top_left&#8221; background_repeat=&#8221;repeat&#8221; hover_enabled=&#8221;0&#8243; global_colors_info=&#8221;{}&#8221; sticky_enabled=&#8221;0&#8243;][et_pb_column type=&#8221;4_4&#8243; _builder_version=&#8221;4.16&#8243; custom_padding=&#8221;|||&#8221; global_colors_info=&#8221;{}&#8221; custom_padding__hover=&#8221;|||&#8221;][et_pb_text admin_label=&#8221;P\u00e4\u00e4otsikko&#8221; _builder_version=&#8221;4.22.1&#8243; text_orientation=&#8221;center&#8221; background_layout=&#8221;dark&#8221; global_colors_info=&#8221;{}&#8221;]<\/p>\n<h1>Keit\u00e4 olemme<\/h1>\n<p>[\/et_pb_text][\/et_pb_column][\/et_pb_row][\/et_pb_section][et_pb_section fb_built=&#8221;1&#8243; specialty=&#8221;on&#8221; module_class_2=&#8221;sivupalkki&#8221; _builder_version=&#8221;4.22.1&#8243; global_colors_info=&#8221;{}&#8221;][et_pb_column type=&#8221;2_3&#8243; specialty_columns=&#8221;2&#8243; _builder_version=&#8221;4.16&#8243; custom_padding=&#8221;|||&#8221; global_colors_info=&#8221;{}&#8221; custom_padding__hover=&#8221;|||&#8221;][et_pb_row_inner admin_label=&#8221;Rivi&#8221; _builder_version=&#8221;4.27.4&#8243; hover_enabled=&#8221;0&#8243; global_colors_info=&#8221;{}&#8221; sticky_enabled=&#8221;0&#8243;][et_pb_column_inner saved_specialty_column_type=&#8221;2_3&#8243; _builder_version=&#8221;4.16&#8243; custom_padding=&#8221;|||&#8221; global_colors_info=&#8221;{}&#8221; custom_padding__hover=&#8221;|||&#8221;][et_pb_text admin_label=&#8221;Otsikko&#8221; _builder_version=&#8221;4.22.1&#8243; text_orientation=&#8221;center&#8221; global_colors_info=&#8221;{}&#8221;]<\/p>\n<h1>Keit\u00e4 olemme<\/h1>\n<p>&nbsp;<\/p>\n<p>[\/et_pb_text][et_pb_text admin_label=&#8221;Teksti&#8221; _builder_version=&#8221;4.27.4&#8243; hover_enabled=&#8221;0&#8243; global_colors_info=&#8221;{}&#8221; sticky_enabled=&#8221;0&#8243;]<\/p>\n<p>Lahden Rotaryklubi on aktiivinen lahtelainen rotaryklubi. Kokoonnumme joka perjantai lounaskokoukseen klo 11.45-13.00 Ravintola Taivaanrannan Kellarikabinettiin tapaamaan toisiamme, kuulemaan kiinnostavia esitelmi\u00e4 ja edist\u00e4m\u00e4\u00e4n hyv\u00e4\u00e4 omalla paikkakunnallamme. Tuemme kansainv\u00e4lisen Rotaryn humanitaarisia projekteja mm. tekem\u00e4ll\u00e4 rahalahjoituksia Rotarys\u00e4\u00e4ti\u00f6n kautta. Osallistumme aktiivisesti RYLA-toimintaan (Rotary Youth Leadership Awards) ja nuorisovaihtoon sek\u00e4 edist\u00e4mme l\u00e4hiseudun hyvinvointia erilaisissa paikallisissa projekteissa yhdess\u00e4 muiden Lahden alueen rotaryklubien kanssa.<\/p>\n<p>Lahden Rotaryklubi on hyv\u00e4ksytty Rotary Internationalin j\u00e4seneksi 4.6.1945. Klubimme on siten Suomen 13. vanhin rotaryklubi, ja Lahden vanhin klubi. Klubissamme on 43 j\u00e4sent\u00e4 ja 2 kunniaj\u00e4sent\u00e4. Olemme osa piiri\u00e4 1390.<\/p>\n<p>&nbsp;<\/p>\n<h4>Harrastus, jolla on tarkoitus<\/h4>\n<p>&nbsp;<\/p>\n<p>Olemme olleet useampana vuotena mukana nuorisovaihdossa. Olemme j\u00e4rjest\u00e4neet nuoria Rotaryn kansainv\u00e4liseen kokovuotiseen nuorisovaihtoon tarvittaessa yhteisty\u00f6ss\u00e4 muiden Lahtelaisten klubien kanssa. Meid\u00e4n mielest\u00e4mme nuorisovaihto on mit\u00e4 parhainta ruohonjuuritason kansainv\u00e4listymis- ja rauhankasvatusta.<\/p>\n<p>Yhdess\u00e4 kohti parempaa huomista klubimme tavoittelee huomioimalla lapset ja nuoret tarjoamalla heille mahdollisuuksia kehitt\u00e4\u00e4 itse\u00e4\u00e4n aktiivisiksi yhteiskunnan j\u00e4seniksi. Alakouluik\u00e4isten syrj\u00e4ytymist\u00e4 ehk\u00e4isev\u00e4 ja harrastustoimintaa tukeva PANSE-hankkeemme tavoitteena on luoda mahdollisimman monelle P\u00e4ij\u00e4t-H\u00e4meen lapselle mahdollisuus ohjattuun ja turvalliseen liikuntaharrastukseen. PANSE-projektimme tarkoitus on tukea lasten ja nuorten p\u00e4\u00e4sy\u00e4 liikuntaharrastuksen pariin turvallisessa ja ammattitaitoisessa ymp\u00e4rist\u00f6ss\u00e4.Lahden Ahkera ry on tukemme kohde t\u00e4ss\u00e4 ty\u00f6ss\u00e4.T\u00e4ll\u00e4 hetkell\u00e4 (01.09.2025 tilanteessa) olemme tulouttaneet varoja Lahden Ahkera ry:lle PANSE-projektiin jo 8450 eur.<\/p>\n<p>My\u00f6skin er\u00e4s keskeinen projektimme on opiskelijoiden johtamistaitojen kehitt\u00e4minen erilaisin paikallisin projektein (RYLA). Nostamme my\u00f6s esiin t\u00e4rkeit\u00e4 sosiaalisia kehitt\u00e4mistarpeita. Rotarys\u00e4\u00e4ti\u00f6lahjoituksissamme klubimme on kohdentanut lahjoituksiaan rotaryn keskitt\u00e4misalueista erityisesti puhdas vesi ja sanitaatio -hankkeisiin.<\/p>\n<p>Paikallisesti olemme mukana j\u00e4rjest\u00e4m\u00e4ss\u00e4 vuosittain Joulupuu -ker\u00e4yst\u00e4 v\u00e4h\u00e4varaisten joululahjoihin lahjakorttien muodossa. Samoin olemme tukeneet rahallisesti paikallisia projekteja mm. Pelastusarmeijan Lahden Osastoa, kohteena paikallisesti Lahden ja Hollolan alueen kaikkein v\u00e4h\u00e4varaisimmat perheet ja henkil\u00f6t. My\u00f6s Lahteen ja l\u00e4hialueille saapuneet pakolaiset ovat saaneet paikallisesti apuamme. Olemme my\u00f6s lahjoittaneet paikallisesti vesireppuja Lahden alueen kouluille. Muutoinkin haluamme edist\u00e4\u00e4 ymp\u00e4rist\u00f6kasvatusta ja ymp\u00e4rist\u00f6n tilaa.<\/p>\n<p>Pid\u00e4mme arvossa kansainv\u00e4lisen Rotary Internationalin ponnisteluja ja j\u00e4rjest\u00f6n arvokasta ty\u00f6t\u00e4 muun muassa polion h\u00e4vitt\u00e4miseksi maapallolta. Pelk\u00e4st\u00e4\u00e4n t\u00e4h\u00e4n ty\u00f6h\u00f6n Rotary on suunnannut runsaasti vapaaehtoisvoimaa sek\u00e4 yli 1,2 miljardia US-dollaria.<\/p>\n<p>&nbsp;<\/p>\n<h4>Vaikuttava kansainv\u00e4linen verkosto<\/h4>\n<p>&nbsp;<\/p>\n<p>Rotary on Chicagossa 23.2.1905 perustettu kansainv\u00e4linen palvelu- ja hyv\u00e4ntekev\u00e4isyysorganisaatio. Rotary Internationalin kotipaikka on Evanston, USA:n osavaltiossa Illinoisissa. Tunnuslauseemme on Palvelu itsekkyyden edelle (Service Above Self).<\/p>\n<p>Rotaryyn kuuluu 1,2 miljoona j\u00e4sent\u00e4 35 000 klubissa yli 200 maassa. Rotary on merkitt\u00e4v\u00e4 kansainv\u00e4linen palvelu- ja hyv\u00e4ntekev\u00e4isyysj\u00e4rjest\u00f6. Suomessa on viisi rotarypiiri\u00e4, joihin kuuluu Suomen lis\u00e4ksi Viro. Suomessa ja Virossa on yhteens\u00e4 300 klubia, joissa runsaat 10 000 rotaria.<\/p>\n<p>&nbsp;<\/p>\n<h4>Testaa rotarytietoutesi:<\/h4>\n<p>&nbsp;<\/p>\n<p><img loading=\"lazy\" decoding=\"async\" class=\"wp-image-1917 alignnone size-full\" src=\"https:\/\/rotary.fi\/lahdenrotary\/wp-content\/uploads\/sites\/237\/2023\/09\/rotarytietous-peli-seppo-01.png\" alt=\"\" width=\"1042\" height=\"502\" srcset=\"https:\/\/rotary.fi\/lahdenrotary\/wp-content\/uploads\/sites\/237\/2023\/09\/rotarytietous-peli-seppo-01.png 1042w, https:\/\/rotary.fi\/lahdenrotary\/wp-content\/uploads\/sites\/237\/2023\/09\/rotarytietous-peli-seppo-01-980x472.png 980w, https:\/\/rotary.fi\/lahdenrotary\/wp-content\/uploads\/sites\/237\/2023\/09\/rotarytietous-peli-seppo-01-480x231.png 480w\" sizes=\"(min-width: 0px) and (max-width: 480px) 480px, (min-width: 481px) and (max-width: 980px) 980px, (min-width: 981px) 1042px, 100vw\" \/><\/p>\n<p>&nbsp;<\/p>\n<p>[\/et_pb_text][\/et_pb_column_inner][\/et_pb_row_inner][\/et_pb_column][et_pb_column type=&#8221;1_3&#8243; _builder_version=&#8221;4.16&#8243; custom_padding=&#8221;|||&#8221; global_colors_info=&#8221;{}&#8221; custom_padding__hover=&#8221;|||&#8221;][et_pb_sidebar area=&#8221;sidebar-1&#8243; module_class=&#8221;sivupalkki_sisalto&#8221; _builder_version=&#8221;4.16&#8243; locked=&#8221;on&#8221; global_colors_info=&#8221;{}&#8221;]<\/p>\n<p>[\/et_pb_sidebar][\/et_pb_column][\/et_pb_section]<\/p>\n","protected":false},"excerpt":{"rendered":"<p>Keit\u00e4 olemmeKeit\u00e4 olemme &nbsp;Lahden Rotaryklubi on aktiivinen lahtelainen rotaryklubi. Kokoonnumme joka perjantai lounaskokoukseen klo 11.45-13.00 Ravintola Taivaanrannan Kellarikabinettiin tapaamaan toisiamme, kuulemaan kiinnostavia esitelmi\u00e4 ja edist\u00e4m\u00e4\u00e4n hyv\u00e4\u00e4 omalla paikkakunnallamme. Tuemme kansainv\u00e4lisen Rotaryn humanitaarisia projekteja mm. tekem\u00e4ll\u00e4 rahalahjoituksia Rotarys\u00e4\u00e4ti\u00f6n kautta. Osallistumme aktiivisesti RYLA-toimintaan (Rotary Youth Leadership Awards) ja nuorisovaihtoon sek\u00e4 edist\u00e4mme l\u00e4hiseudun hyvinvointia erilaisissa paikallisissa projekteissa yhdess\u00e4 [&hellip;]<\/p>\n","protected":false},"author":1,"featured_media":0,"parent":0,"menu_order":0,"comment_status":"closed","ping_status":"closed","template":"","meta":{"_acf_changed":false,"_et_pb_use_builder":"on","_et_pb_old_content":"","_et_gb_content_width":"","footnotes":""},"class_list":["post-129","page","type-page","status-publish","hentry"],"acf":[],"yoast_head":"<!-- This site is optimized with the Yoast SEO plugin v27.0 - https:\/\/yoast.com\/product\/yoast-seo-wordpress\/ -->\n<title>Keit\u00e4 olemme - Lahden Rotaryklubi ry<\/title>\n<meta name=\"robots\" content=\"index, follow, max-snippet:-1, max-image-preview:large, max-video-preview:-1\" \/>\n<link rel=\"canonical\" href=\"https:\/\/rotary.fi\/lahdenrotary\/keita-olemme\/\" \/>\n<meta property=\"og:locale\" content=\"fi_FI\" \/>\n<meta property=\"og:type\" content=\"article\" \/>\n<meta property=\"og:title\" content=\"Keit\u00e4 olemme - Lahden Rotaryklubi ry\" \/>\n<meta property=\"og:description\" content=\"Keit\u00e4 olemmeKeit\u00e4 olemme &nbsp;Lahden Rotaryklubi on aktiivinen lahtelainen rotaryklubi. Kokoonnumme joka perjantai lounaskokoukseen klo 11.45-13.00 Ravintola Taivaanrannan Kellarikabinettiin tapaamaan toisiamme, kuulemaan kiinnostavia esitelmi\u00e4 ja edist\u00e4m\u00e4\u00e4n hyv\u00e4\u00e4 omalla paikkakunnallamme. Tuemme kansainv\u00e4lisen Rotaryn humanitaarisia projekteja mm. tekem\u00e4ll\u00e4 rahalahjoituksia Rotarys\u00e4\u00e4ti\u00f6n kautta. Osallistumme aktiivisesti RYLA-toimintaan (Rotary Youth Leadership Awards) ja nuorisovaihtoon sek\u00e4 edist\u00e4mme l\u00e4hiseudun hyvinvointia erilaisissa paikallisissa projekteissa yhdess\u00e4 [&hellip;]\" \/>\n<meta property=\"og:url\" content=\"https:\/\/rotary.fi\/lahdenrotary\/keita-olemme\/\" \/>\n<meta property=\"og:site_name\" content=\"Lahden Rotaryklubi ry\" \/>\n<meta property=\"article:modified_time\" content=\"2025-08-31T12:37:40+00:00\" \/>\n<meta property=\"og:image\" content=\"https:\/\/rotary.fi\/lahdenrotary\/wp-content\/uploads\/sites\/237\/2023\/09\/rotarytietous-peli-seppo-01.png\" \/>\n\t<meta property=\"og:image:width\" content=\"1042\" \/>\n\t<meta property=\"og:image:height\" content=\"502\" \/>\n\t<meta property=\"og:image:type\" content=\"image\/png\" \/>\n<meta name=\"twitter:card\" content=\"summary_large_image\" \/>\n<meta name=\"twitter:label1\" content=\"Arvioitu lukuaika\" \/>\n\t<meta name=\"twitter:data1\" content=\"4 minuuttia\" \/>\n<script type=\"application\/ld+json\" class=\"yoast-schema-graph\">{\"@context\":\"https:\/\/schema.org\",\"@graph\":[{\"@type\":\"WebPage\",\"@id\":\"https:\/\/rotary.fi\/lahdenrotary\/keita-olemme\/\",\"url\":\"https:\/\/rotary.fi\/lahdenrotary\/keita-olemme\/\",\"name\":\"Keit\u00e4 olemme - Lahden Rotaryklubi ry\",\"isPartOf\":{\"@id\":\"https:\/\/rotary.fi\/lahdenrotary\/#website\"},\"primaryImageOfPage\":{\"@id\":\"https:\/\/rotary.fi\/lahdenrotary\/keita-olemme\/#primaryimage\"},\"image\":{\"@id\":\"https:\/\/rotary.fi\/lahdenrotary\/keita-olemme\/#primaryimage\"},\"thumbnailUrl\":\"https:\/\/rotary.fi\/lahdenrotary\/wp-content\/uploads\/sites\/237\/2023\/09\/rotarytietous-peli-seppo-01.png\",\"datePublished\":\"2018-08-10T10:41:39+00:00\",\"dateModified\":\"2025-08-31T12:37:40+00:00\",\"breadcrumb\":{\"@id\":\"https:\/\/rotary.fi\/lahdenrotary\/keita-olemme\/#breadcrumb\"},\"inLanguage\":\"fi\",\"potentialAction\":[{\"@type\":\"ReadAction\",\"target\":[\"https:\/\/rotary.fi\/lahdenrotary\/keita-olemme\/\"]}]},{\"@type\":\"ImageObject\",\"inLanguage\":\"fi\",\"@id\":\"https:\/\/rotary.fi\/lahdenrotary\/keita-olemme\/#primaryimage\",\"url\":\"https:\/\/rotary.fi\/lahdenrotary\/wp-content\/uploads\/sites\/237\/2023\/09\/rotarytietous-peli-seppo-01.png\",\"contentUrl\":\"https:\/\/rotary.fi\/lahdenrotary\/wp-content\/uploads\/sites\/237\/2023\/09\/rotarytietous-peli-seppo-01.png\",\"width\":1042,\"height\":502},{\"@type\":\"BreadcrumbList\",\"@id\":\"https:\/\/rotary.fi\/lahdenrotary\/keita-olemme\/#breadcrumb\",\"itemListElement\":[{\"@type\":\"ListItem\",\"position\":1,\"name\":\"Home\",\"item\":\"https:\/\/rotary.fi\/lahdenrotary\/\"},{\"@type\":\"ListItem\",\"position\":2,\"name\":\"Keit\u00e4 olemme\"}]},{\"@type\":\"WebSite\",\"@id\":\"https:\/\/rotary.fi\/lahdenrotary\/#website\",\"url\":\"https:\/\/rotary.fi\/lahdenrotary\/\",\"name\":\"Lahden Rotaryklubi ry\",\"description\":\"Uusi Rotary klubisivusto\",\"potentialAction\":[{\"@type\":\"SearchAction\",\"target\":{\"@type\":\"EntryPoint\",\"urlTemplate\":\"https:\/\/rotary.fi\/lahdenrotary\/?s={search_term_string}\"},\"query-input\":{\"@type\":\"PropertyValueSpecification\",\"valueRequired\":true,\"valueName\":\"search_term_string\"}}],\"inLanguage\":\"fi\"}]}<\/script>\n<!-- \/ Yoast SEO plugin. -->","yoast_head_json":{"title":"Keit\u00e4 olemme - Lahden Rotaryklubi ry","robots":{"index":"index","follow":"follow","max-snippet":"max-snippet:-1","max-image-preview":"max-image-preview:large","max-video-preview":"max-video-preview:-1"},"canonical":"https:\/\/rotary.fi\/lahdenrotary\/keita-olemme\/","og_locale":"fi_FI","og_type":"article","og_title":"Keit\u00e4 olemme - Lahden Rotaryklubi ry","og_description":"Keit\u00e4 olemmeKeit\u00e4 olemme &nbsp;Lahden Rotaryklubi on aktiivinen lahtelainen rotaryklubi. Kokoonnumme joka perjantai lounaskokoukseen klo 11.45-13.00 Ravintola Taivaanrannan Kellarikabinettiin tapaamaan toisiamme, kuulemaan kiinnostavia esitelmi\u00e4 ja edist\u00e4m\u00e4\u00e4n hyv\u00e4\u00e4 omalla paikkakunnallamme. Tuemme kansainv\u00e4lisen Rotaryn humanitaarisia projekteja mm. tekem\u00e4ll\u00e4 rahalahjoituksia Rotarys\u00e4\u00e4ti\u00f6n kautta. Osallistumme aktiivisesti RYLA-toimintaan (Rotary Youth Leadership Awards) ja nuorisovaihtoon sek\u00e4 edist\u00e4mme l\u00e4hiseudun hyvinvointia erilaisissa paikallisissa projekteissa yhdess\u00e4 [&hellip;]","og_url":"https:\/\/rotary.fi\/lahdenrotary\/keita-olemme\/","og_site_name":"Lahden Rotaryklubi ry","article_modified_time":"2025-08-31T12:37:40+00:00","og_image":[{"width":1042,"height":502,"url":"https:\/\/rotary.fi\/lahdenrotary\/wp-content\/uploads\/sites\/237\/2023\/09\/rotarytietous-peli-seppo-01.png","type":"image\/png"}],"twitter_card":"summary_large_image","twitter_misc":{"Arvioitu lukuaika":"4 minuuttia"},"schema":{"@context":"https:\/\/schema.org","@graph":[{"@type":"WebPage","@id":"https:\/\/rotary.fi\/lahdenrotary\/keita-olemme\/","url":"https:\/\/rotary.fi\/lahdenrotary\/keita-olemme\/","name":"Keit\u00e4 olemme - Lahden Rotaryklubi ry","isPartOf":{"@id":"https:\/\/rotary.fi\/lahdenrotary\/#website"},"primaryImageOfPage":{"@id":"https:\/\/rotary.fi\/lahdenrotary\/keita-olemme\/#primaryimage"},"image":{"@id":"https:\/\/rotary.fi\/lahdenrotary\/keita-olemme\/#primaryimage"},"thumbnailUrl":"https:\/\/rotary.fi\/lahdenrotary\/wp-content\/uploads\/sites\/237\/2023\/09\/rotarytietous-peli-seppo-01.png","datePublished":"2018-08-10T10:41:39+00:00","dateModified":"2025-08-31T12:37:40+00:00","breadcrumb":{"@id":"https:\/\/rotary.fi\/lahdenrotary\/keita-olemme\/#breadcrumb"},"inLanguage":"fi","potentialAction":[{"@type":"ReadAction","target":["https:\/\/rotary.fi\/lahdenrotary\/keita-olemme\/"]}]},{"@type":"ImageObject","inLanguage":"fi","@id":"https:\/\/rotary.fi\/lahdenrotary\/keita-olemme\/#primaryimage","url":"https:\/\/rotary.fi\/lahdenrotary\/wp-content\/uploads\/sites\/237\/2023\/09\/rotarytietous-peli-seppo-01.png","contentUrl":"https:\/\/rotary.fi\/lahdenrotary\/wp-content\/uploads\/sites\/237\/2023\/09\/rotarytietous-peli-seppo-01.png","width":1042,"height":502},{"@type":"BreadcrumbList","@id":"https:\/\/rotary.fi\/lahdenrotary\/keita-olemme\/#breadcrumb","itemListElement":[{"@type":"ListItem","position":1,"name":"Home","item":"https:\/\/rotary.fi\/lahdenrotary\/"},{"@type":"ListItem","position":2,"name":"Keit\u00e4 olemme"}]},{"@type":"WebSite","@id":"https:\/\/rotary.fi\/lahdenrotary\/#website","url":"https:\/\/rotary.fi\/lahdenrotary\/","name":"Lahden Rotaryklubi ry","description":"Uusi Rotary klubisivusto","potentialAction":[{"@type":"SearchAction","target":{"@type":"EntryPoint","urlTemplate":"https:\/\/rotary.fi\/lahdenrotary\/?s={search_term_string}"},"query-input":{"@type":"PropertyValueSpecification","valueRequired":true,"valueName":"search_term_string"}}],"inLanguage":"fi"}]}},"lang":"fi","translations":{"fi":129,"en":1424},"pll_sync_post":[],"_links":{"self":[{"href":"https:\/\/rotary.fi\/lahdenrotary\/wp-json\/wp\/v2\/pages\/129","targetHints":{"allow":["GET"]}}],"collection":[{"href":"https:\/\/rotary.fi\/lahdenrotary\/wp-json\/wp\/v2\/pages"}],"about":[{"href":"https:\/\/rotary.fi\/lahdenrotary\/wp-json\/wp\/v2\/types\/page"}],"author":[{"embeddable":true,"href":"https:\/\/rotary.fi\/lahdenrotary\/wp-json\/wp\/v2\/users\/1"}],"replies":[{"embeddable":true,"href":"https:\/\/rotary.fi\/lahdenrotary\/wp-json\/wp\/v2\/comments?post=129"}],"version-history":[{"count":11,"href":"https:\/\/rotary.fi\/lahdenrotary\/wp-json\/wp\/v2\/pages\/129\/revisions"}],"predecessor-version":[{"id":2808,"href":"https:\/\/rotary.fi\/lahdenrotary\/wp-json\/wp\/v2\/pages\/129\/revisions\/2808"}],"wp:attachment":[{"href":"https:\/\/rotary.fi\/lahdenrotary\/wp-json\/wp\/v2\/media?parent=129"}],"curies":[{"name":"wp","href":"https:\/\/api.w.org\/{rel}","templated":true}]}}