{"id":2681,"date":"2026-01-23T13:18:37","date_gmt":"2026-01-23T11:18:37","guid":{"rendered":"https:\/\/rotary.fi\/kyrosjarvi\/?page_id=2681"},"modified":"2026-01-23T14:04:23","modified_gmt":"2026-01-23T12:04:23","slug":"rrc26","status":"publish","type":"page","link":"https:\/\/rotary.fi\/kyrosjarvi\/mita-teemme\/rrc26\/","title":{"rendered":"Rotating Rotary Camp (RRC) 2026"},"content":{"rendered":"<p>[et_pb_section fb_built=&#8221;1&#8243; module_class=&#8221;jumbotron-page&#8221; _builder_version=&#8221;4.16&#8243; background_image=&#8221;https:\/\/rotary.fi\/kyrosjarvi\/wp-content\/uploads\/sites\/89\/2018\/10\/rotary_klubit_alasivu_paakuva_9.jpg&#8221; global_colors_info=&#8221;{}&#8221;][et_pb_row _builder_version=&#8221;4.16&#8243; background_size=&#8221;initial&#8221; background_position=&#8221;top_left&#8221; background_repeat=&#8221;repeat&#8221; global_colors_info=&#8221;{}&#8221;][et_pb_column type=&#8221;4_4&#8243; _builder_version=&#8221;4.16&#8243; custom_padding=&#8221;|||&#8221; global_colors_info=&#8221;{}&#8221; custom_padding__hover=&#8221;|||&#8221;][et_pb_text admin_label=&#8221;P\u00e4\u00e4otsikko&#8221; _builder_version=&#8221;4.16&#8243; text_orientation=&#8221;center&#8221; background_layout=&#8221;dark&#8221; global_colors_info=&#8221;{}&#8221;]<\/p>\n<h1>Rotating Rotary Camp (RRC)<\/h1>\n<p>[\/et_pb_text][\/et_pb_column][\/et_pb_row][\/et_pb_section][et_pb_section fb_built=&#8221;1&#8243; specialty=&#8221;on&#8221; module_class_2=&#8221;sivupalkki&#8221; _builder_version=&#8221;4.16&#8243; global_colors_info=&#8221;{}&#8221;][et_pb_column type=&#8221;2_3&#8243; specialty_columns=&#8221;2&#8243; _builder_version=&#8221;4.16&#8243; custom_padding=&#8221;|||&#8221; global_colors_info=&#8221;{}&#8221; parallax__hover=&#8221;off&#8221; parallax_method__hover=&#8221;on&#8221; custom_padding__hover=&#8221;|||&#8221;][et_pb_row_inner admin_label=&#8221;Rivi&#8221; _builder_version=&#8221;4.16&#8243; global_colors_info=&#8221;{}&#8221;][et_pb_column_inner saved_specialty_column_type=&#8221;2_3&#8243; _builder_version=&#8221;4.16&#8243; custom_padding=&#8221;|||&#8221; global_colors_info=&#8221;{}&#8221; parallax__hover=&#8221;off&#8221; parallax_method__hover=&#8221;on&#8221; custom_padding__hover=&#8221;|||&#8221;][et_pb_text _builder_version=&#8221;4.16&#8243; global_colors_info=&#8221;{}&#8221;]<\/p>\n<p><span style=\"font-size: 16px\"><\/span><\/p>\n<h3 data-path-to-node=\"23\">Yhdist\u00e4mme voimamme nuorten tulevaisuuden puolesta<\/h3>\n<p data-path-to-node=\"5\">Rotating Rotary Camp (RRC) on\u00a0 uudenlainen, innovatiivinen l\u00e4hestymistapa nuorisovaihtoon. Se ei ole vain leiri, vaan liikkeell\u00e4 oleva el\u00e4mys, joka tuo yhteen suomalaiset rotarit ja thaimaalaiset nuoret ainutlaatuisella tavalla.<\/p>\n<p data-path-to-node=\"6\">Hanke toteutetaan elo-syyskuussa 2026, ja sen tavoitteena on tarjota el\u00e4m\u00e4n mullistava kokemus v\u00e4h\u00e4varaisille, mutta motivoituneille nuorille aikuisille.<\/p>\n<p data-path-to-node=\"7\"><b data-path-to-node=\"7\" data-index-in-node=\"0\">Tutustu hankkeen viralliseen sivustoon:<\/b> <a target=\"_blank\" rel=\"noopener\" href=\"https:\/\/rrc.camp\/\" class=\"ng-star-inserted\" data-hveid=\"0\" data-ved=\"0CAAQ_4QMahgKEwjoheqygqGSAxUAAAAAHQAAAAAQqQE\">https:\/\/rrc.camp\/<\/a><\/p>\n<blockquote data-path-to-node=\"28\"><\/blockquote>\n<p>[\/et_pb_text][et_pb_text _builder_version=&#8221;4.16&#8243; locked=&#8221;off&#8221; global_colors_info=&#8221;{}&#8221;]<\/p>\n<h3 data-path-to-node=\"38\">Mik\u00e4 on RRC?<\/h3>\n<p data-path-to-node=\"10\">RRC on &#8221;liikkuva leiri&#8221;. Perinteisen leirikeskuksen sijaan tapahtumapaikkana on koko Suomi.<\/p>\n<ul data-path-to-node=\"11\">\n<li>\n<p data-path-to-node=\"11,0,0\"><b data-path-to-node=\"11,0,0\" data-index-in-node=\"0\">Ryhm\u00e4:<\/b> 8\u201310 thaimaalaista nuorta aikuista.<\/p>\n<\/li>\n<li>\n<p data-path-to-node=\"11,1,0\"><b data-path-to-node=\"11,1,0\" data-index-in-node=\"0\">Matka:<\/b> Ryhm\u00e4 matkustaa pikkubussilla halki Suomen 14 vuorokauden ajan.<\/p>\n<\/li>\n<li>\n<p data-path-to-node=\"11,2,0\"><b data-path-to-node=\"11,2,0\" data-index-in-node=\"0\">Is\u00e4nnyys:<\/b> Paikalliset Rotaryklubit reitin varrella is\u00e4nn\u00f6iv\u00e4t ryhm\u00e4\u00e4 vuorotellen, kukin 24 tunnin ajan.<\/p>\n<\/li>\n<\/ul>\n<p data-path-to-node=\"12\">T\u00e4m\u00e4 on <strong>Jaettu is\u00e4nnyys<\/strong> -malli parhaimmillaan: kun jaamme vastuun, jokainen klubi p\u00e4\u00e4see osalliseksi kansainv\u00e4lisest\u00e4 tunnelmasta ilman raskasta pitk\u00e4kestoista sitoutumista.<\/p>\n<ul data-path-to-node=\"40\"><\/ul>\n<blockquote data-path-to-node=\"28\"><\/blockquote>\n<p>[\/et_pb_text][et_pb_image src=&#8221;https:\/\/rotary.fi\/kyrosjarvi\/wp-content\/uploads\/sites\/89\/2026\/01\/rotating-rotary-camp-2026-infograafi.png&#8221; _builder_version=&#8221;4.27.4&#8243; _module_preset=&#8221;default&#8221; title_text=&#8221;Rotating Rotary Camp 2026. infograafi&#8221; hover_enabled=&#8221;0&#8243; sticky_enabled=&#8221;0&#8243;][\/et_pb_image][et_pb_text _builder_version=&#8221;4.16&#8243; locked=&#8221;off&#8221; global_colors_info=&#8221;{}&#8221;]<\/p>\n<h3 data-path-to-node=\"15\">Kenelle ja miksi?\u00a0<\/h3>\n<p>Kohderyhm\u00e4n\u00e4mme ovat nuoret, joita kutsumme nimell\u00e4 Tulevaisuuden rakentajiksi. He ovat lahjakkaita ja opiskeluhaluisia nuoria, joilla ei taloudellisten syiden vuoksi olisi muuten mahdollisuutta kansainv\u00e4listymiseen.<\/p>\n<p>RRC toimii heille ponnahduslautana:<\/p>\n<p>&#8211; Koulutus: Mahdollisuus n\u00e4hd\u00e4 maailmaa ja oppia uutta.<br \/>&#8211; Verkostot: Kulttuurivaihto ja elinik\u00e4iset yst\u00e4vyyssuhteet.<br \/>&#8211; Rauha: Kansainv\u00e4lisen ymm\u00e4rryksen syvent\u00e4minen ruohonjuuritasolla.<\/p>\n<blockquote data-path-to-node=\"28\"><\/blockquote>\n<p>[\/et_pb_text][et_pb_text _builder_version=&#8221;4.16&#8243; locked=&#8221;off&#8221; global_colors_info=&#8221;{}&#8221;]<\/p>\n<h3 data-path-to-node=\"15\">Katso tarina RRC:n takana<\/h3>\n<p>Kuva kertoo enemm\u00e4n kuin tuhat sanaa. Olemme koonneet lyhyen esittelyvideon, joka avaa &#8221;Tulevaisuuden rakentajat&#8221;\u00a0 -ajattelua ja n\u00e4ytt\u00e4\u00e4, millainen on leirin tunnelma tien p\u00e4\u00e4ll\u00e4. Katso video alta ja inspiroidu!<\/p>\n<blockquote data-path-to-node=\"28\"><\/blockquote>\n<p>[\/et_pb_text][et_pb_video src=&#8221;https:\/\/www.youtube.com\/watch?v=m81UzmtQaRs&#8221; _builder_version=&#8221;4.27.4&#8243; _module_preset=&#8221;default&#8221; hover_enabled=&#8221;0&#8243; sticky_enabled=&#8221;0&#8243;][\/et_pb_video][et_pb_text _builder_version=&#8221;4.27.4&#8243; hover_enabled=&#8221;0&#8243; locked=&#8221;off&#8221; global_colors_info=&#8221;{}&#8221; sticky_enabled=&#8221;0&#8243;]<\/p>\n<h3 data-path-to-node=\"15\"><\/h3>\n<h3 data-path-to-node=\"15\">Yhteisty\u00f6kumppanimme<\/h3>\n<p data-path-to-node=\"25\">Hankkeen onnistumisen takana on vahva kansainv\u00e4linen yhteisty\u00f6. Thaimaan p\u00e4\u00e4ss\u00e4 keskeisen\u00e4 kumppaninamme toimii <b data-path-to-node=\"25\" data-index-in-node=\"112\">Dr. Beatrice &#8221;Bea&#8221; Loesch<\/b> (PhD, Master&#8217;s in Mechanical Engineering).<\/p>\n<p data-path-to-node=\"26\">Bean johdolla ja h\u00e4nen <i data-path-to-node=\"26\" data-index-in-node=\"23\">Excellence with Kindness<\/i> -filosofiansa mukaisesti valitsemme mukaan juuri ne nuoret, jotka hy\u00f6tyv\u00e4t kokemuksesta eniten ja viev\u00e4t hyv\u00e4n sanoman mukanaan kotimaahansa.<\/p>\n<h3 data-path-to-node=\"27\">Tiekartta vuoteen 2026<\/h3>\n<ul data-path-to-node=\"28\">\n<li>\n<p data-path-to-node=\"28,0,0\"><b data-path-to-node=\"28,0,0\" data-index-in-node=\"0\">Valmistelu:<\/b> Klubien sitouttaminen ja reitin suunnittelu (k\u00e4ynniss\u00e4).<\/p>\n<\/li>\n<li>\n<p data-path-to-node=\"28,1,0\"><b data-path-to-node=\"28,1,0\" data-index-in-node=\"0\">Valinta:<\/b> Osallistujien haku ja valinta yhteisty\u00f6ss\u00e4 Thaimaan rotareiden kanssa.<\/p>\n<\/li>\n<li>\n<p data-path-to-node=\"28,2,0\"><b data-path-to-node=\"28,2,0\" data-index-in-node=\"0\">Toteutus:<\/b> Elokuu\/Syyskuu 2026.<\/p>\n<\/li>\n<\/ul>\n<h3 data-path-to-node=\"29\">Tule mukaan tekem\u00e4\u00e4n hyv\u00e4\u00e4!<\/h3>\n<p data-path-to-node=\"30\">T\u00e4m\u00e4 hanke tarjoaa Rotarylle poikkeuksellista n\u00e4kyvyytt\u00e4 ja konkreettisen tavan edist\u00e4\u00e4 rauhaa. Haluatko klubisi mukaan reitille tai tukea hanketta muulla tavoin?<\/p>\n<blockquote data-path-to-node=\"28\"><\/blockquote>\n<p>[\/et_pb_text][et_pb_text _builder_version=&#8221;4.16&#8243; custom_padding=&#8221;||0px|||&#8221; locked=&#8221;off&#8221; global_colors_info=&#8221;{}&#8221;]<\/p>\n<blockquote>\n<ul data-path-to-node=\"40\"><\/ul>\n<p><span style=\"font-size: 16px\"><strong>Ota yhteytt\u00e4:<\/strong><\/span><\/p>\n<p>Projektip\u00e4\u00e4llikk\u00f6:<br \/><strong>Harri J\u00e4rvinen<\/strong><br \/><a href=\"mailto:harrijarvinen.senior@gmail.com,\">harrijarvinen.senior@gmail.com,<\/a> +358 40 5458040<\/p>\n<\/blockquote>\n<p>[\/et_pb_text][\/et_pb_column_inner][\/et_pb_row_inner][\/et_pb_column][et_pb_column type=&#8221;1_3&#8243; module_class=&#8221;sivupalkki&#8221; _builder_version=&#8221;4.16&#8243; custom_padding=&#8221;|||&#8221; global_colors_info=&#8221;{}&#8221; parallax__hover=&#8221;off&#8221; parallax_method__hover=&#8221;on&#8221; module_class__hover=&#8221;sivupalkki&#8221; custom_padding__hover=&#8221;|||&#8221;][et_pb_sidebar area=&#8221;sidebar-1&#8243; module_class=&#8221;sivupalkki_sisalto&#8221; _builder_version=&#8221;4.16&#8243; locked=&#8221;on&#8221; global_colors_info=&#8221;{}&#8221;][\/et_pb_sidebar][\/et_pb_column][\/et_pb_section]<\/p>\n","protected":false},"excerpt":{"rendered":"<p>Rotating Rotary Camp (RRC) Yhdist\u00e4mme voimamme nuorten tulevaisuuden puolesta Rotating Rotary Camp (RRC) on\u00a0 uudenlainen, innovatiivinen l\u00e4hestymistapa nuorisovaihtoon. Se ei ole vain leiri, vaan liikkeell\u00e4 oleva el\u00e4mys, joka tuo yhteen suomalaiset rotarit ja thaimaalaiset nuoret ainutlaatuisella tavalla. Hanke toteutetaan elo-syyskuussa 2026, ja sen tavoitteena on tarjota el\u00e4m\u00e4n mullistava kokemus v\u00e4h\u00e4varaisille, mutta motivoituneille nuorille aikuisille. Tutustu [&hellip;]<\/p>\n","protected":false},"author":114,"featured_media":0,"parent":77,"menu_order":0,"comment_status":"closed","ping_status":"closed","template":"","meta":{"_acf_changed":false,"_et_pb_use_builder":"on","_et_pb_old_content":"","_et_gb_content_width":"","footnotes":""},"class_list":["post-2681","page","type-page","status-publish","hentry"],"acf":[],"yoast_head":"<!-- This site is optimized with the Yoast SEO plugin v27.4 - https:\/\/yoast.com\/product\/yoast-seo-wordpress\/ -->\n<title>Rotating Rotary Camp (RRC) 2026 - Kyr\u00f6sj\u00e4rven Rotaryklubi<\/title>\n<meta name=\"robots\" content=\"index, follow, max-snippet:-1, max-image-preview:large, max-video-preview:-1\" \/>\n<link rel=\"canonical\" href=\"https:\/\/rotary.fi\/kyrosjarvi\/mita-teemme\/rrc26\/\" \/>\n<meta property=\"og:locale\" content=\"fi_FI\" \/>\n<meta property=\"og:type\" content=\"article\" \/>\n<meta property=\"og:title\" content=\"Rotating Rotary Camp (RRC) 2026 - Kyr\u00f6sj\u00e4rven Rotaryklubi\" \/>\n<meta property=\"og:description\" content=\"Rotating Rotary Camp (RRC) Yhdist\u00e4mme voimamme nuorten tulevaisuuden puolesta Rotating Rotary Camp (RRC) on\u00a0 uudenlainen, innovatiivinen l\u00e4hestymistapa nuorisovaihtoon. Se ei ole vain leiri, vaan liikkeell\u00e4 oleva el\u00e4mys, joka tuo yhteen suomalaiset rotarit ja thaimaalaiset nuoret ainutlaatuisella tavalla. Hanke toteutetaan elo-syyskuussa 2026, ja sen tavoitteena on tarjota el\u00e4m\u00e4n mullistava kokemus v\u00e4h\u00e4varaisille, mutta motivoituneille nuorille aikuisille. Tutustu [&hellip;]\" \/>\n<meta property=\"og:url\" content=\"https:\/\/rotary.fi\/kyrosjarvi\/mita-teemme\/rrc26\/\" \/>\n<meta property=\"og:site_name\" content=\"Kyr\u00f6sj\u00e4rven Rotaryklubi\" \/>\n<meta property=\"article:modified_time\" content=\"2026-01-23T12:04:23+00:00\" \/>\n<meta name=\"twitter:card\" content=\"summary_large_image\" \/>\n<meta name=\"twitter:label1\" content=\"Arvioitu lukuaika\" \/>\n\t<meta name=\"twitter:data1\" content=\"3 minuuttia\" \/>\n<script type=\"application\/ld+json\" class=\"yoast-schema-graph\">{\"@context\":\"https:\\\/\\\/schema.org\",\"@graph\":[{\"@type\":\"WebPage\",\"@id\":\"https:\\\/\\\/rotary.fi\\\/kyrosjarvi\\\/mita-teemme\\\/rrc26\\\/\",\"url\":\"https:\\\/\\\/rotary.fi\\\/kyrosjarvi\\\/mita-teemme\\\/rrc26\\\/\",\"name\":\"Rotating Rotary Camp (RRC) 2026 - Kyr\u00f6sj\u00e4rven Rotaryklubi\",\"isPartOf\":{\"@id\":\"https:\\\/\\\/rotary.fi\\\/kyrosjarvi\\\/#website\"},\"datePublished\":\"2026-01-23T11:18:37+00:00\",\"dateModified\":\"2026-01-23T12:04:23+00:00\",\"breadcrumb\":{\"@id\":\"https:\\\/\\\/rotary.fi\\\/kyrosjarvi\\\/mita-teemme\\\/rrc26\\\/#breadcrumb\"},\"inLanguage\":\"fi\",\"potentialAction\":[{\"@type\":\"ReadAction\",\"target\":[\"https:\\\/\\\/rotary.fi\\\/kyrosjarvi\\\/mita-teemme\\\/rrc26\\\/\"]}]},{\"@type\":\"BreadcrumbList\",\"@id\":\"https:\\\/\\\/rotary.fi\\\/kyrosjarvi\\\/mita-teemme\\\/rrc26\\\/#breadcrumb\",\"itemListElement\":[{\"@type\":\"ListItem\",\"position\":1,\"name\":\"Home\",\"item\":\"https:\\\/\\\/rotary.fi\\\/kyrosjarvi\\\/\"},{\"@type\":\"ListItem\",\"position\":2,\"name\":\"Mit\u00e4 teemme\",\"item\":\"https:\\\/\\\/rotary.fi\\\/kyrosjarvi\\\/mita-teemme\\\/\"},{\"@type\":\"ListItem\",\"position\":3,\"name\":\"Rotating Rotary Camp (RRC) 2026\"}]},{\"@type\":\"WebSite\",\"@id\":\"https:\\\/\\\/rotary.fi\\\/kyrosjarvi\\\/#website\",\"url\":\"https:\\\/\\\/rotary.fi\\\/kyrosjarvi\\\/\",\"name\":\"Kyr\u00f6sj\u00e4rven Rotaryklubi\",\"description\":\"Uusi Rotary klubisivusto\",\"potentialAction\":[{\"@type\":\"SearchAction\",\"target\":{\"@type\":\"EntryPoint\",\"urlTemplate\":\"https:\\\/\\\/rotary.fi\\\/kyrosjarvi\\\/?s={search_term_string}\"},\"query-input\":{\"@type\":\"PropertyValueSpecification\",\"valueRequired\":true,\"valueName\":\"search_term_string\"}}],\"inLanguage\":\"fi\"}]}<\/script>\n<!-- \/ Yoast SEO plugin. -->","yoast_head_json":{"title":"Rotating Rotary Camp (RRC) 2026 - Kyr\u00f6sj\u00e4rven Rotaryklubi","robots":{"index":"index","follow":"follow","max-snippet":"max-snippet:-1","max-image-preview":"max-image-preview:large","max-video-preview":"max-video-preview:-1"},"canonical":"https:\/\/rotary.fi\/kyrosjarvi\/mita-teemme\/rrc26\/","og_locale":"fi_FI","og_type":"article","og_title":"Rotating Rotary Camp (RRC) 2026 - Kyr\u00f6sj\u00e4rven Rotaryklubi","og_description":"Rotating Rotary Camp (RRC) Yhdist\u00e4mme voimamme nuorten tulevaisuuden puolesta Rotating Rotary Camp (RRC) on\u00a0 uudenlainen, innovatiivinen l\u00e4hestymistapa nuorisovaihtoon. Se ei ole vain leiri, vaan liikkeell\u00e4 oleva el\u00e4mys, joka tuo yhteen suomalaiset rotarit ja thaimaalaiset nuoret ainutlaatuisella tavalla. Hanke toteutetaan elo-syyskuussa 2026, ja sen tavoitteena on tarjota el\u00e4m\u00e4n mullistava kokemus v\u00e4h\u00e4varaisille, mutta motivoituneille nuorille aikuisille. Tutustu [&hellip;]","og_url":"https:\/\/rotary.fi\/kyrosjarvi\/mita-teemme\/rrc26\/","og_site_name":"Kyr\u00f6sj\u00e4rven Rotaryklubi","article_modified_time":"2026-01-23T12:04:23+00:00","twitter_card":"summary_large_image","twitter_misc":{"Arvioitu lukuaika":"3 minuuttia"},"schema":{"@context":"https:\/\/schema.org","@graph":[{"@type":"WebPage","@id":"https:\/\/rotary.fi\/kyrosjarvi\/mita-teemme\/rrc26\/","url":"https:\/\/rotary.fi\/kyrosjarvi\/mita-teemme\/rrc26\/","name":"Rotating Rotary Camp (RRC) 2026 - Kyr\u00f6sj\u00e4rven Rotaryklubi","isPartOf":{"@id":"https:\/\/rotary.fi\/kyrosjarvi\/#website"},"datePublished":"2026-01-23T11:18:37+00:00","dateModified":"2026-01-23T12:04:23+00:00","breadcrumb":{"@id":"https:\/\/rotary.fi\/kyrosjarvi\/mita-teemme\/rrc26\/#breadcrumb"},"inLanguage":"fi","potentialAction":[{"@type":"ReadAction","target":["https:\/\/rotary.fi\/kyrosjarvi\/mita-teemme\/rrc26\/"]}]},{"@type":"BreadcrumbList","@id":"https:\/\/rotary.fi\/kyrosjarvi\/mita-teemme\/rrc26\/#breadcrumb","itemListElement":[{"@type":"ListItem","position":1,"name":"Home","item":"https:\/\/rotary.fi\/kyrosjarvi\/"},{"@type":"ListItem","position":2,"name":"Mit\u00e4 teemme","item":"https:\/\/rotary.fi\/kyrosjarvi\/mita-teemme\/"},{"@type":"ListItem","position":3,"name":"Rotating Rotary Camp (RRC) 2026"}]},{"@type":"WebSite","@id":"https:\/\/rotary.fi\/kyrosjarvi\/#website","url":"https:\/\/rotary.fi\/kyrosjarvi\/","name":"Kyr\u00f6sj\u00e4rven Rotaryklubi","description":"Uusi Rotary klubisivusto","potentialAction":[{"@type":"SearchAction","target":{"@type":"EntryPoint","urlTemplate":"https:\/\/rotary.fi\/kyrosjarvi\/?s={search_term_string}"},"query-input":{"@type":"PropertyValueSpecification","valueRequired":true,"valueName":"search_term_string"}}],"inLanguage":"fi"}]}},"lang":"fi","translations":{"fi":2681},"pll_sync_post":[],"_links":{"self":[{"href":"https:\/\/rotary.fi\/kyrosjarvi\/wp-json\/wp\/v2\/pages\/2681","targetHints":{"allow":["GET"]}}],"collection":[{"href":"https:\/\/rotary.fi\/kyrosjarvi\/wp-json\/wp\/v2\/pages"}],"about":[{"href":"https:\/\/rotary.fi\/kyrosjarvi\/wp-json\/wp\/v2\/types\/page"}],"author":[{"embeddable":true,"href":"https:\/\/rotary.fi\/kyrosjarvi\/wp-json\/wp\/v2\/users\/114"}],"replies":[{"embeddable":true,"href":"https:\/\/rotary.fi\/kyrosjarvi\/wp-json\/wp\/v2\/comments?post=2681"}],"version-history":[{"count":7,"href":"https:\/\/rotary.fi\/kyrosjarvi\/wp-json\/wp\/v2\/pages\/2681\/revisions"}],"predecessor-version":[{"id":2692,"href":"https:\/\/rotary.fi\/kyrosjarvi\/wp-json\/wp\/v2\/pages\/2681\/revisions\/2692"}],"up":[{"embeddable":true,"href":"https:\/\/rotary.fi\/kyrosjarvi\/wp-json\/wp\/v2\/pages\/77"}],"wp:attachment":[{"href":"https:\/\/rotary.fi\/kyrosjarvi\/wp-json\/wp\/v2\/media?parent=2681"}],"curies":[{"name":"wp","href":"https:\/\/api.w.org\/{rel}","templated":true}]}}