{"id":2590,"date":"2025-12-12T08:09:35","date_gmt":"2025-12-12T06:09:35","guid":{"rendered":"https:\/\/rotary.fi\/kyrosjarvi\/?page_id=2590"},"modified":"2025-12-12T10:35:42","modified_gmt":"2025-12-12T08:35:42","slug":"videot","status":"publish","type":"page","link":"https:\/\/rotary.fi\/kyrosjarvi\/videot\/","title":{"rendered":"Videot"},"content":{"rendered":"<p>[et_pb_section fb_built=&#8221;1&#8243; module_class=&#8221;jumbotron-page&#8221; _builder_version=&#8221;4.16&#8243; background_image=&#8221;https:\/\/rotary.fi\/kyrosjarvi\/wp-content\/uploads\/sites\/89\/2018\/10\/rotary_klubit_alasivu_paakuva_15.jpg&#8221; collapsed=&#8221;off&#8221; global_colors_info=&#8221;{}&#8221;][et_pb_row _builder_version=&#8221;4.16&#8243; background_size=&#8221;initial&#8221; background_position=&#8221;top_left&#8221; background_repeat=&#8221;repeat&#8221; global_colors_info=&#8221;{}&#8221;][et_pb_column type=&#8221;4_4&#8243; _builder_version=&#8221;4.16&#8243; custom_padding=&#8221;|||&#8221; global_colors_info=&#8221;{}&#8221; custom_padding__hover=&#8221;|||&#8221;][et_pb_text admin_label=&#8221;P\u00e4\u00e4otsikko&#8221; _builder_version=&#8221;4.16&#8243; text_orientation=&#8221;center&#8221; background_layout=&#8221;dark&#8221; global_colors_info=&#8221;{}&#8221;]<\/p>\n<h1>Videot<\/h1>\n<p>[\/et_pb_text][\/et_pb_column][\/et_pb_row][\/et_pb_section][et_pb_section fb_built=&#8221;1&#8243; specialty=&#8221;on&#8221; module_class_2=&#8221;sivupalkki&#8221; _builder_version=&#8221;4.16&#8243; global_colors_info=&#8221;{}&#8221;][et_pb_column type=&#8221;2_3&#8243; specialty_columns=&#8221;2&#8243; _builder_version=&#8221;4.16&#8243; custom_padding=&#8221;|||&#8221; global_colors_info=&#8221;{}&#8221; custom_padding__hover=&#8221;|||&#8221;][et_pb_row_inner admin_label=&#8221;Rivi&#8221; _builder_version=&#8221;4.16&#8243; global_colors_info=&#8221;{}&#8221;][et_pb_column_inner saved_specialty_column_type=&#8221;2_3&#8243; _builder_version=&#8221;4.16&#8243; custom_padding=&#8221;|||&#8221; global_colors_info=&#8221;{}&#8221; custom_padding__hover=&#8221;|||&#8221;][et_pb_text admin_label=&#8221;Otsikko ennen teksti\u00e4 &#8211; Yhteystiedot&#8221; _builder_version=&#8221;4.16&#8243; text_orientation=&#8221;center&#8221; global_colors_info=&#8221;{}&#8221;]<\/p>\n<h1>Nuorisovaihto- &amp; Rotaryvideot<\/h1>\n<p>[\/et_pb_text][\/et_pb_column_inner][\/et_pb_row_inner][et_pb_row_inner admin_label=&#8221;Rivi&#8221; _builder_version=&#8221;4.27.4&#8243; global_colors_info=&#8221;{}&#8221;][et_pb_column_inner saved_specialty_column_type=&#8221;2_3&#8243; _builder_version=&#8221;4.16&#8243; custom_padding=&#8221;|||&#8221; global_colors_info=&#8221;{}&#8221; custom_padding__hover=&#8221;|||&#8221;][et_pb_text _builder_version=&#8221;4.27.4&#8243; _module_preset=&#8221;default&#8221; global_colors_info=&#8221;{}&#8221;]<\/p>\n<p>Kyr\u00f6sj\u00e4rven Rotaryklubin Videot-sivulle kootaan klubin somesis\u00e4lt\u00f6j\u00e4. Videoiden avulla kerromme millaista nuorisovaihto-toimintaa klubissamme on ja mit\u00e4 kaikkea Rotary voi tarjota nuorille ja aikuisille.<\/p>\n<p>Videoita julkaistaan ensisijaisesti TikTokissa, mutta tuomme t\u00e4nne samat sis\u00e4ll\u00f6t. N\u00e4in videot l\u00f6ytyv\u00e4t helposti my\u00f6s niille, jotka eiv\u00e4t k\u00e4yt\u00e4 somekanavia aktiivisesti.<\/p>\n<p>[\/et_pb_text][\/et_pb_column_inner][\/et_pb_row_inner][et_pb_row_inner admin_label=&#8221;Rivi&#8221; _builder_version=&#8221;4.27.4&#8243; locked=&#8221;off&#8221; global_colors_info=&#8221;{}&#8221;][et_pb_column_inner saved_specialty_column_type=&#8221;2_3&#8243; _builder_version=&#8221;4.16&#8243; custom_padding=&#8221;|||&#8221; global_colors_info=&#8221;{}&#8221; custom_padding__hover=&#8221;|||&#8221;][et_pb_text _builder_version=&#8221;4.27.4&#8243; _module_preset=&#8221;default&#8221; global_colors_info=&#8221;{}&#8221;]<\/p>\n<h3><strong>Nuorisovaihto\u00a0<\/strong><\/h3>\n<p><strong><\/strong><\/p>\n<p>[\/et_pb_text][et_pb_text _builder_version=&#8221;4.27.4&#8243; _module_preset=&#8221;default&#8221; custom_padding=&#8221;||0px|||&#8221; hover_enabled=&#8221;0&#8243; global_colors_info=&#8221;{}&#8221; sticky_enabled=&#8221;0&#8243;]<\/p>\n<p>Nuorisovaihto on t\u00e4rke\u00e4 osa Kyr\u00f6sj\u00e4rven Rotaryklubin toimintaa. Lis\u00e4tietoa nuorisovaihdosta l\u00f6yd\u00e4t my\u00f6s Rotaryn valtakunnallisilta sivuilta:<br \/>Lue lis\u00e4\u00e4 nuorisovaihdosta rye.fi-sivuilta <a href=\"https:\/\/rye.fi\/\">https:\/\/rye.fi\/<\/a><\/p>\n<p>[\/et_pb_text][et_pb_text _builder_version=&#8221;4.27.4&#8243; _module_preset=&#8221;default&#8221; global_colors_info=&#8221;{}&#8221;]<\/p>\n<h3><strong>Videot tulossa pian\u00a0<\/strong><\/h3>\n<p><strong><\/strong><\/p>\n<p>[\/et_pb_text][et_pb_text _builder_version=&#8221;4.27.4&#8243; _module_preset=&#8221;default&#8221; custom_padding=&#8221;||2px|||&#8221; global_colors_info=&#8221;{}&#8221;]<\/p>\n<p>Ensimm\u00e4iset videot julkaistaan t\u00e4\u00e4ll\u00e4 l\u00e4hiaikoina. P\u00e4ivit\u00e4mme sivua sit\u00e4 mukaa kun uusia sis\u00e4lt\u00f6j\u00e4 valmistuu, joten k\u00e4yth\u00e4n katsomassa sivua uudelleen pian.<\/p>\n<p>[\/et_pb_text][\/et_pb_column_inner][\/et_pb_row_inner][et_pb_row_inner admin_label=&#8221;Rivi&#8221; _builder_version=&#8221;4.16&#8243; global_colors_info=&#8221;{}&#8221;][et_pb_column_inner saved_specialty_column_type=&#8221;2_3&#8243; _builder_version=&#8221;4.16&#8243; custom_padding=&#8221;|||&#8221; global_colors_info=&#8221;{}&#8221; custom_padding__hover=&#8221;|||&#8221;][\/et_pb_column_inner][\/et_pb_row_inner][\/et_pb_column][et_pb_column type=&#8221;1_3&#8243; _builder_version=&#8221;4.16&#8243; custom_padding=&#8221;|||&#8221; global_colors_info=&#8221;{}&#8221; custom_padding__hover=&#8221;|||&#8221;][et_pb_sidebar area=&#8221;sidebar-1&#8243; module_class=&#8221;sivupalkki_sisalto&#8221; _builder_version=&#8221;4.16&#8243; global_colors_info=&#8221;{}&#8221;]<\/p>\n<p>&nbsp;<\/p>\n<p>[\/et_pb_sidebar][\/et_pb_column][\/et_pb_section]<\/p>\n","protected":false},"excerpt":{"rendered":"<p>VideotNuorisovaihto- &amp; RotaryvideotKyr\u00f6sj\u00e4rven Rotaryklubin Videot-sivulle kootaan klubin somesis\u00e4lt\u00f6j\u00e4. Videoiden avulla kerromme millaista nuorisovaihto-toimintaa klubissamme on ja mit\u00e4 kaikkea Rotary voi tarjota nuorille ja aikuisille. Videoita julkaistaan ensisijaisesti TikTokissa, mutta tuomme t\u00e4nne samat sis\u00e4ll\u00f6t. N\u00e4in videot l\u00f6ytyv\u00e4t helposti my\u00f6s niille, jotka eiv\u00e4t k\u00e4yt\u00e4 somekanavia aktiivisesti.Nuorisovaihto\u00a0 Nuorisovaihto on t\u00e4rke\u00e4 osa Kyr\u00f6sj\u00e4rven Rotaryklubin toimintaa. Lis\u00e4tietoa nuorisovaihdosta l\u00f6yd\u00e4t my\u00f6s [&hellip;]<\/p>\n","protected":false},"author":114,"featured_media":0,"parent":0,"menu_order":0,"comment_status":"closed","ping_status":"closed","template":"","meta":{"_acf_changed":false,"_et_pb_use_builder":"on","_et_pb_old_content":"","_et_gb_content_width":"","footnotes":""},"class_list":["post-2590","page","type-page","status-publish","hentry"],"acf":[],"yoast_head":"<!-- This site is optimized with the Yoast SEO plugin v27.4 - https:\/\/yoast.com\/product\/yoast-seo-wordpress\/ -->\n<title>Videot - Kyr\u00f6sj\u00e4rven Rotaryklubi<\/title>\n<meta name=\"robots\" content=\"index, follow, max-snippet:-1, max-image-preview:large, max-video-preview:-1\" \/>\n<link rel=\"canonical\" href=\"https:\/\/rotary.fi\/kyrosjarvi\/videot\/\" \/>\n<meta property=\"og:locale\" content=\"fi_FI\" \/>\n<meta property=\"og:type\" content=\"article\" \/>\n<meta property=\"og:title\" content=\"Videot - Kyr\u00f6sj\u00e4rven Rotaryklubi\" \/>\n<meta property=\"og:description\" content=\"VideotNuorisovaihto- &amp; RotaryvideotKyr\u00f6sj\u00e4rven Rotaryklubin Videot-sivulle kootaan klubin somesis\u00e4lt\u00f6j\u00e4. Videoiden avulla kerromme millaista nuorisovaihto-toimintaa klubissamme on ja mit\u00e4 kaikkea Rotary voi tarjota nuorille ja aikuisille. Videoita julkaistaan ensisijaisesti TikTokissa, mutta tuomme t\u00e4nne samat sis\u00e4ll\u00f6t. N\u00e4in videot l\u00f6ytyv\u00e4t helposti my\u00f6s niille, jotka eiv\u00e4t k\u00e4yt\u00e4 somekanavia aktiivisesti.Nuorisovaihto\u00a0 Nuorisovaihto on t\u00e4rke\u00e4 osa Kyr\u00f6sj\u00e4rven Rotaryklubin toimintaa. Lis\u00e4tietoa nuorisovaihdosta l\u00f6yd\u00e4t my\u00f6s [&hellip;]\" \/>\n<meta property=\"og:url\" content=\"https:\/\/rotary.fi\/kyrosjarvi\/videot\/\" \/>\n<meta property=\"og:site_name\" content=\"Kyr\u00f6sj\u00e4rven Rotaryklubi\" \/>\n<meta property=\"article:modified_time\" content=\"2025-12-12T08:35:42+00:00\" \/>\n<meta name=\"twitter:card\" content=\"summary_large_image\" \/>\n<meta name=\"twitter:label1\" content=\"Arvioitu lukuaika\" \/>\n\t<meta name=\"twitter:data1\" content=\"1 minuutti\" \/>\n<script type=\"application\/ld+json\" class=\"yoast-schema-graph\">{\"@context\":\"https:\\\/\\\/schema.org\",\"@graph\":[{\"@type\":\"WebPage\",\"@id\":\"https:\\\/\\\/rotary.fi\\\/kyrosjarvi\\\/videot\\\/\",\"url\":\"https:\\\/\\\/rotary.fi\\\/kyrosjarvi\\\/videot\\\/\",\"name\":\"Videot - Kyr\u00f6sj\u00e4rven Rotaryklubi\",\"isPartOf\":{\"@id\":\"https:\\\/\\\/rotary.fi\\\/kyrosjarvi\\\/#website\"},\"datePublished\":\"2025-12-12T06:09:35+00:00\",\"dateModified\":\"2025-12-12T08:35:42+00:00\",\"breadcrumb\":{\"@id\":\"https:\\\/\\\/rotary.fi\\\/kyrosjarvi\\\/videot\\\/#breadcrumb\"},\"inLanguage\":\"fi\",\"potentialAction\":[{\"@type\":\"ReadAction\",\"target\":[\"https:\\\/\\\/rotary.fi\\\/kyrosjarvi\\\/videot\\\/\"]}]},{\"@type\":\"BreadcrumbList\",\"@id\":\"https:\\\/\\\/rotary.fi\\\/kyrosjarvi\\\/videot\\\/#breadcrumb\",\"itemListElement\":[{\"@type\":\"ListItem\",\"position\":1,\"name\":\"Home\",\"item\":\"https:\\\/\\\/rotary.fi\\\/kyrosjarvi\\\/\"},{\"@type\":\"ListItem\",\"position\":2,\"name\":\"Videot\"}]},{\"@type\":\"WebSite\",\"@id\":\"https:\\\/\\\/rotary.fi\\\/kyrosjarvi\\\/#website\",\"url\":\"https:\\\/\\\/rotary.fi\\\/kyrosjarvi\\\/\",\"name\":\"Kyr\u00f6sj\u00e4rven Rotaryklubi\",\"description\":\"Uusi Rotary klubisivusto\",\"potentialAction\":[{\"@type\":\"SearchAction\",\"target\":{\"@type\":\"EntryPoint\",\"urlTemplate\":\"https:\\\/\\\/rotary.fi\\\/kyrosjarvi\\\/?s={search_term_string}\"},\"query-input\":{\"@type\":\"PropertyValueSpecification\",\"valueRequired\":true,\"valueName\":\"search_term_string\"}}],\"inLanguage\":\"fi\"}]}<\/script>\n<!-- \/ Yoast SEO plugin. -->","yoast_head_json":{"title":"Videot - Kyr\u00f6sj\u00e4rven Rotaryklubi","robots":{"index":"index","follow":"follow","max-snippet":"max-snippet:-1","max-image-preview":"max-image-preview:large","max-video-preview":"max-video-preview:-1"},"canonical":"https:\/\/rotary.fi\/kyrosjarvi\/videot\/","og_locale":"fi_FI","og_type":"article","og_title":"Videot - Kyr\u00f6sj\u00e4rven Rotaryklubi","og_description":"VideotNuorisovaihto- &amp; RotaryvideotKyr\u00f6sj\u00e4rven Rotaryklubin Videot-sivulle kootaan klubin somesis\u00e4lt\u00f6j\u00e4. Videoiden avulla kerromme millaista nuorisovaihto-toimintaa klubissamme on ja mit\u00e4 kaikkea Rotary voi tarjota nuorille ja aikuisille. Videoita julkaistaan ensisijaisesti TikTokissa, mutta tuomme t\u00e4nne samat sis\u00e4ll\u00f6t. N\u00e4in videot l\u00f6ytyv\u00e4t helposti my\u00f6s niille, jotka eiv\u00e4t k\u00e4yt\u00e4 somekanavia aktiivisesti.Nuorisovaihto\u00a0 Nuorisovaihto on t\u00e4rke\u00e4 osa Kyr\u00f6sj\u00e4rven Rotaryklubin toimintaa. Lis\u00e4tietoa nuorisovaihdosta l\u00f6yd\u00e4t my\u00f6s [&hellip;]","og_url":"https:\/\/rotary.fi\/kyrosjarvi\/videot\/","og_site_name":"Kyr\u00f6sj\u00e4rven Rotaryklubi","article_modified_time":"2025-12-12T08:35:42+00:00","twitter_card":"summary_large_image","twitter_misc":{"Arvioitu lukuaika":"1 minuutti"},"schema":{"@context":"https:\/\/schema.org","@graph":[{"@type":"WebPage","@id":"https:\/\/rotary.fi\/kyrosjarvi\/videot\/","url":"https:\/\/rotary.fi\/kyrosjarvi\/videot\/","name":"Videot - Kyr\u00f6sj\u00e4rven Rotaryklubi","isPartOf":{"@id":"https:\/\/rotary.fi\/kyrosjarvi\/#website"},"datePublished":"2025-12-12T06:09:35+00:00","dateModified":"2025-12-12T08:35:42+00:00","breadcrumb":{"@id":"https:\/\/rotary.fi\/kyrosjarvi\/videot\/#breadcrumb"},"inLanguage":"fi","potentialAction":[{"@type":"ReadAction","target":["https:\/\/rotary.fi\/kyrosjarvi\/videot\/"]}]},{"@type":"BreadcrumbList","@id":"https:\/\/rotary.fi\/kyrosjarvi\/videot\/#breadcrumb","itemListElement":[{"@type":"ListItem","position":1,"name":"Home","item":"https:\/\/rotary.fi\/kyrosjarvi\/"},{"@type":"ListItem","position":2,"name":"Videot"}]},{"@type":"WebSite","@id":"https:\/\/rotary.fi\/kyrosjarvi\/#website","url":"https:\/\/rotary.fi\/kyrosjarvi\/","name":"Kyr\u00f6sj\u00e4rven Rotaryklubi","description":"Uusi Rotary klubisivusto","potentialAction":[{"@type":"SearchAction","target":{"@type":"EntryPoint","urlTemplate":"https:\/\/rotary.fi\/kyrosjarvi\/?s={search_term_string}"},"query-input":{"@type":"PropertyValueSpecification","valueRequired":true,"valueName":"search_term_string"}}],"inLanguage":"fi"}]}},"lang":"fi","translations":{"fi":2590},"pll_sync_post":[],"_links":{"self":[{"href":"https:\/\/rotary.fi\/kyrosjarvi\/wp-json\/wp\/v2\/pages\/2590","targetHints":{"allow":["GET"]}}],"collection":[{"href":"https:\/\/rotary.fi\/kyrosjarvi\/wp-json\/wp\/v2\/pages"}],"about":[{"href":"https:\/\/rotary.fi\/kyrosjarvi\/wp-json\/wp\/v2\/types\/page"}],"author":[{"embeddable":true,"href":"https:\/\/rotary.fi\/kyrosjarvi\/wp-json\/wp\/v2\/users\/114"}],"replies":[{"embeddable":true,"href":"https:\/\/rotary.fi\/kyrosjarvi\/wp-json\/wp\/v2\/comments?post=2590"}],"version-history":[{"count":9,"href":"https:\/\/rotary.fi\/kyrosjarvi\/wp-json\/wp\/v2\/pages\/2590\/revisions"}],"predecessor-version":[{"id":2607,"href":"https:\/\/rotary.fi\/kyrosjarvi\/wp-json\/wp\/v2\/pages\/2590\/revisions\/2607"}],"wp:attachment":[{"href":"https:\/\/rotary.fi\/kyrosjarvi\/wp-json\/wp\/v2\/media?parent=2590"}],"curies":[{"name":"wp","href":"https:\/\/api.w.org\/{rel}","templated":true}]}}