{"id":154,"date":"2018-08-13T09:35:27","date_gmt":"2018-08-13T06:35:27","guid":{"rendered":"https:\/\/rotary.fi\/kyrosjarvi\/?page_id=154"},"modified":"2026-01-10T17:43:56","modified_gmt":"2026-01-10T15:43:56","slug":"nuorisovaihto","status":"publish","type":"page","link":"https:\/\/rotary.fi\/kyrosjarvi\/mita-teemme\/nuorisovaihto\/","title":{"rendered":"Nuorisovaihto"},"content":{"rendered":"<p>[et_pb_section fb_built=&#8221;1&#8243; module_class=&#8221;jumbotron-page&#8221; _builder_version=&#8221;4.16&#8243; background_image=&#8221;https:\/\/rotary.fi\/kyrosjarvi\/wp-content\/uploads\/sites\/89\/2018\/10\/rotary_klubit_alasivu_paakuva_9.jpg&#8221; global_colors_info=&#8221;{}&#8221;][et_pb_row _builder_version=&#8221;4.16&#8243; background_size=&#8221;initial&#8221; background_position=&#8221;top_left&#8221; background_repeat=&#8221;repeat&#8221; global_colors_info=&#8221;{}&#8221;][et_pb_column type=&#8221;4_4&#8243; _builder_version=&#8221;4.16&#8243; custom_padding=&#8221;|||&#8221; global_colors_info=&#8221;{}&#8221; custom_padding__hover=&#8221;|||&#8221;][et_pb_text admin_label=&#8221;P\u00e4\u00e4otsikko&#8221; _builder_version=&#8221;4.16&#8243; text_orientation=&#8221;center&#8221; background_layout=&#8221;dark&#8221; global_colors_info=&#8221;{}&#8221;]<\/p>\n<h1>Nuorisovaihto<\/h1>\n<p>[\/et_pb_text][\/et_pb_column][\/et_pb_row][\/et_pb_section][et_pb_section fb_built=&#8221;1&#8243; specialty=&#8221;on&#8221; module_class_2=&#8221;sivupalkki&#8221; _builder_version=&#8221;4.16&#8243; global_colors_info=&#8221;{}&#8221;][et_pb_column type=&#8221;2_3&#8243; specialty_columns=&#8221;2&#8243; _builder_version=&#8221;4.16&#8243; custom_padding=&#8221;|||&#8221; global_colors_info=&#8221;{}&#8221; parallax__hover=&#8221;off&#8221; parallax_method__hover=&#8221;on&#8221; custom_padding__hover=&#8221;|||&#8221;][et_pb_row_inner admin_label=&#8221;Rivi&#8221; _builder_version=&#8221;4.16&#8243; global_colors_info=&#8221;{}&#8221;][et_pb_column_inner saved_specialty_column_type=&#8221;2_3&#8243; _builder_version=&#8221;4.16&#8243; custom_padding=&#8221;|||&#8221; global_colors_info=&#8221;{}&#8221; parallax__hover=&#8221;off&#8221; parallax_method__hover=&#8221;on&#8221; custom_padding__hover=&#8221;|||&#8221;][et_pb_text admin_label=&#8221;Nuorisovaihto &#8211; Otsikko&#8221; _builder_version=&#8221;4.16&#8243; text_orientation=&#8221;center&#8221; global_colors_info=&#8221;{}&#8221;]<\/p>\n<h1>Nuorisovaihto<\/h1>\n<p>[\/et_pb_text][et_pb_text _builder_version=&#8221;4.16&#8243; global_colors_info=&#8221;{}&#8221;]<\/p>\n<p><span style=\"font-size: 16px\"><\/span><\/p>\n<p data-path-to-node=\"20\"><b data-path-to-node=\"20\" data-index-in-node=\"11\">Rotary-nuorisovaihto on mahdollisuus, joka muuttaa el\u00e4m\u00e4n. Se on turvallinen, edullinen ja ainutlaatuinen tapa tutustua uuteen kulttuuriin pintaa syvemm\u00e4lt\u00e4.<\/b><\/p>\n<hr data-path-to-node=\"21\" \/>\n<p data-path-to-node=\"22\">\n<h3 data-path-to-node=\"23\">Haluatko n\u00e4hd\u00e4 maailmaa?<\/h3>\n<p data-path-to-node=\"24\">Rotaryn kautta et ole vain turisti. Asut paikallisessa perheess\u00e4, k\u00e4yt koulua ja el\u00e4t arkea uudessa kulttuurissa. Saat toisen kodin ja yst\u00e4vi\u00e4 loppuel\u00e4m\u00e4ksesi.<\/p>\n<p data-path-to-node=\"25\"><b data-path-to-node=\"25\" data-index-in-node=\"0\">Valitse oma tapasi l\u00e4hte\u00e4:<\/b><\/p>\n<ul data-path-to-node=\"26\">\n<li>\n<p data-path-to-node=\"26,0,0\"><b data-path-to-node=\"26,0,0\" data-index-in-node=\"0\">Vuosivaihto (12 kk):<\/b> Syv\u00e4sukellus kieleen ja kulttuuriin. Tarkoitettu 15\u201318-vuotiaille.<\/p>\n<\/li>\n<li>\n<p data-path-to-node=\"26,1,0\"><b data-path-to-node=\"26,1,0\" data-index-in-node=\"0\">Kes\u00e4vaihto:<\/b> Lyhyt vastavuoroinen vaihto kes\u00e4lomalla.<\/p>\n<\/li>\n<li>\n<p data-path-to-node=\"26,2,0\"><b data-path-to-node=\"26,2,0\" data-index-in-node=\"0\">Leirivaihto:<\/b> Kansainv\u00e4lisi\u00e4 teemaleirej\u00e4 ymp\u00e4ri Eurooppaa.<\/p>\n<\/li>\n<\/ul>\n<p data-path-to-node=\"27\"><b data-path-to-node=\"27\" data-index-in-node=\"0\">Mit\u00e4 se maksaa?<\/b> Rotary-vaihto on yksi edullisimmista tavoista l\u00e4hte\u00e4 maailmalle, sill\u00e4 toiminta perustuu vapaaehtoisuuteen. Perheet tai klubit eiv\u00e4t tavoittele voittoa. Maksat itse matkat, vakuutukset ja viisumit \u2013 me hoidamme verkostot ja koulutuksen.<\/p>\n<blockquote data-path-to-node=\"28\">\n<p data-path-to-node=\"28,0\"><i data-path-to-node=\"28,0\" data-index-in-node=\"0\">&#8221;Vaihdon j\u00e4lkeen et j\u00e4\u00e4 yksin. P\u00e4\u00e4set automaattisesti mukaan RotEx-toimintaan (entiset vaihto-oppilaat), jossa hauskuus ja kansainv\u00e4lisyys jatkuvat Suomessa!<\/i><\/p>\n<\/blockquote>\n<p>[\/et_pb_text][et_pb_text _builder_version=&#8221;4.16&#8243; locked=&#8221;off&#8221; global_colors_info=&#8221;{}&#8221;]<\/p>\n<h3 data-path-to-node=\"38\">N\u00e4in p\u00e4\u00e4set mukaan<\/h3>\n<p data-path-to-node=\"39\">Hakuaika seuraavan vuoden vaihtoihin on hakuvuotta edelt\u00e4v\u00e4n\u00e4 syksyn\u00e4 \u2013 prosessi on helppo:<\/p>\n<ul data-path-to-node=\"40\">\n<li>\n<p data-path-to-node=\"40,0,0\"><b data-path-to-node=\"40,0,0\" data-index-in-node=\"0\">Ota yhteytt\u00e4:<\/b> T\u00e4yt\u00e4 linkin takaa aukeava lomake tai laita viesti\u00e4. Se ei sido sinua mihink\u00e4\u00e4n.<\/p>\n<\/li>\n<li>\n<p data-path-to-node=\"40,1,0\"><b data-path-to-node=\"40,1,0\" data-index-in-node=\"0\">Jutellaan:<\/b> Kutsumme sinut ja vanhempasi rentoon haastatteluun.<\/p>\n<\/li>\n<li>\n<p data-path-to-node=\"40,2,0\"><b data-path-to-node=\"40,2,0\" data-index-in-node=\"0\">P\u00e4\u00e4t\u00f6s:<\/b> Jos tulet valituksi, me ja Suomen Rotary autamme kaikissa j\u00e4rjestelyiss\u00e4.<\/p>\n<\/li>\n<\/ul>\n<blockquote data-path-to-node=\"28\"><\/blockquote>\n<p>[\/et_pb_text][et_pb_button button_url=&#8221;https:\/\/forms.gle\/bYeWaW3YWR4pPhFG7&#8243; button_text=&#8221;T\u00e4yt\u00e4 lomake&#8221; _builder_version=&#8221;4.27.4&#8243; _module_preset=&#8221;default&#8221; hover_enabled=&#8221;0&#8243; global_colors_info=&#8221;{}&#8221; sticky_enabled=&#8221;0&#8243;][\/et_pb_button][et_pb_text _builder_version=&#8221;4.16&#8243; locked=&#8221;off&#8221; global_colors_info=&#8221;{}&#8221; custom_padding=&#8221;||0px|||&#8221;]<\/p>\n<blockquote>\n<ul data-path-to-node=\"40\"><\/ul>\n<p><span style=\"font-size: 16px\"><strong>Yhteystiedot:<\/strong><\/span><\/p>\n<p>Klubimme nuorisovaihtovastaava:<br \/><strong>Kauko Autio\u00a0<\/strong><br \/>kauko.a.autio@gmail.com<\/p>\n<\/blockquote>\n<p>[\/et_pb_text][et_pb_text _builder_version=&#8221;4.16&#8243; locked=&#8221;off&#8221; global_colors_info=&#8221;{}&#8221;]<\/p>\n<p data-path-to-node=\"39\">Suomen Rotaryn nuorisovaihdon sivuilta l\u00f6yd\u00e4t lis\u00e4tietoja:<\/p>\n<blockquote data-path-to-node=\"28\"><\/blockquote>\n<p>[\/et_pb_text][et_pb_button button_url=&#8221;https:\/\/rye.fi\/&#8221; url_new_window=&#8221;on&#8221; button_text=&#8221;Siirry Suomen Rotaryn nuorisovaihdon sivuille&#8221; _builder_version=&#8221;4.27.4&#8243; _module_preset=&#8221;default&#8221; global_colors_info=&#8221;{}&#8221;][\/et_pb_button][et_pb_divider _builder_version=&#8221;4.27.4&#8243; _module_preset=&#8221;default&#8221; global_colors_info=&#8221;{}&#8221;][\/et_pb_divider][et_pb_text module_id=&#8221;isantaperhe&#8221; _builder_version=&#8221;4.27.4&#8243; hover_enabled=&#8221;0&#8243; locked=&#8221;off&#8221; global_colors_info=&#8221;{}&#8221; custom_padding=&#8221;||1px|||&#8221; sticky_enabled=&#8221;0&#8243;]<\/p>\n<p><span style=\"font-size: 16px\"><\/span><\/p>\n<h3 data-path-to-node=\"31\">Tuo maailma kotiisi \u2013 Ryhtyk\u00e4\u00e4 is\u00e4nt\u00e4perheeksi<\/h3>\n<p data-path-to-node=\"32\">Haluaisitteko kansainv\u00e4listy\u00e4 kotisohvalta k\u00e4sin? Etsimme l\u00e4mminhenkisi\u00e4 perheit\u00e4 majoittamaan ulkomaalaisia nuoria.<\/p>\n<p data-path-to-node=\"33\"><b data-path-to-node=\"33\" data-index-in-node=\"0\">Mit\u00e4 odotamme teilt\u00e4?<\/b><\/p>\n<ul data-path-to-node=\"34\">\n<li>\n<p data-path-to-node=\"34,0,0\"><b data-path-to-node=\"34,0,0\" data-index-in-node=\"0\">Tavallinen arki:<\/b> Ei tarvita sirkushuveja. Nuori haluaa el\u00e4\u00e4 perheenj\u00e4senen\u00e4, ei vieraana.<\/p>\n<\/li>\n<li>\n<p data-path-to-node=\"34,1,0\"><b data-path-to-node=\"34,1,0\" data-index-in-node=\"0\">Uteliaisuus:<\/b> Halu tutustua uuteen ihmiseen ja kulttuuriin.<\/p>\n<\/li>\n<li>\n<p data-path-to-node=\"34,2,0\"><b data-path-to-node=\"34,2,0\" data-index-in-node=\"0\">Kesto:<\/b> Is\u00e4nt\u00e4perhejakso kest\u00e4\u00e4 yleens\u00e4 n. 3\u20134 kuukautta.<\/p>\n<\/li>\n<\/ul>\n<p data-path-to-node=\"35\"><b data-path-to-node=\"35\" data-index-in-node=\"0\">Mit\u00e4 saatte?<\/b> Uuden &#8221;perheenj\u00e4senen&#8221;, kielitaitoa koko perheelle ja ikimuistoisia hetki\u00e4.<\/p>\n<p><span>T\u00e4yt\u00e4 linkin takaa aukeava lomake tai laita viesti\u00e4. Se ei sido sinua mihink\u00e4\u00e4n.<\/span><\/p>\n<p>[\/et_pb_text][et_pb_button button_url=&#8221;https:\/\/forms.gle\/bYeWaW3YWR4pPhFG7&#8243; button_text=&#8221;T\u00e4yt\u00e4 lomake&#8221; _builder_version=&#8221;4.27.4&#8243; _module_preset=&#8221;default&#8221; global_colors_info=&#8221;{}&#8221; locked=&#8221;off&#8221;][\/et_pb_button][\/et_pb_column_inner][\/et_pb_row_inner][\/et_pb_column][et_pb_column type=&#8221;1_3&#8243; module_class=&#8221;sivupalkki&#8221; _builder_version=&#8221;4.16&#8243; custom_padding=&#8221;|||&#8221; global_colors_info=&#8221;{}&#8221; parallax__hover=&#8221;off&#8221; parallax_method__hover=&#8221;on&#8221; module_class__hover=&#8221;sivupalkki&#8221; custom_padding__hover=&#8221;|||&#8221;][et_pb_sidebar area=&#8221;sidebar-1&#8243; module_class=&#8221;sivupalkki_sisalto&#8221; _builder_version=&#8221;4.16&#8243; locked=&#8221;on&#8221; global_colors_info=&#8221;{}&#8221;][\/et_pb_sidebar][\/et_pb_column][\/et_pb_section]<\/p>\n","protected":false},"excerpt":{"rendered":"<p>Nuorisovaihto Nuorisovaihto Rotary-nuorisovaihto on mahdollisuus, joka muuttaa el\u00e4m\u00e4n. Se on turvallinen, edullinen ja ainutlaatuinen tapa tutustua uuteen kulttuuriin pintaa syvemm\u00e4lt\u00e4. Haluatko n\u00e4hd\u00e4 maailmaa? Rotaryn kautta et ole vain turisti. Asut paikallisessa perheess\u00e4, k\u00e4yt koulua ja el\u00e4t arkea uudessa kulttuurissa. Saat toisen kodin ja yst\u00e4vi\u00e4 loppuel\u00e4m\u00e4ksesi. Valitse oma tapasi l\u00e4hte\u00e4: Vuosivaihto (12 kk): Syv\u00e4sukellus kieleen ja [&hellip;]<\/p>\n","protected":false},"author":1,"featured_media":0,"parent":77,"menu_order":0,"comment_status":"closed","ping_status":"closed","template":"","meta":{"_acf_changed":false,"_et_pb_use_builder":"on","_et_pb_old_content":"","_et_gb_content_width":"","footnotes":""},"class_list":["post-154","page","type-page","status-publish","hentry"],"acf":[],"yoast_head":"<!-- This site is optimized with the Yoast SEO plugin v27.0 - https:\/\/yoast.com\/product\/yoast-seo-wordpress\/ -->\n<title>Nuorisovaihto - Kyr\u00f6sj\u00e4rven Rotaryklubi<\/title>\n<meta name=\"robots\" content=\"index, follow, max-snippet:-1, max-image-preview:large, max-video-preview:-1\" \/>\n<link rel=\"canonical\" href=\"https:\/\/rotary.fi\/kyrosjarvi\/mita-teemme\/nuorisovaihto\/\" \/>\n<meta property=\"og:locale\" content=\"fi_FI\" \/>\n<meta property=\"og:type\" content=\"article\" \/>\n<meta property=\"og:title\" content=\"Nuorisovaihto - Kyr\u00f6sj\u00e4rven Rotaryklubi\" \/>\n<meta property=\"og:description\" content=\"Nuorisovaihto Nuorisovaihto Rotary-nuorisovaihto on mahdollisuus, joka muuttaa el\u00e4m\u00e4n. Se on turvallinen, edullinen ja ainutlaatuinen tapa tutustua uuteen kulttuuriin pintaa syvemm\u00e4lt\u00e4. Haluatko n\u00e4hd\u00e4 maailmaa? Rotaryn kautta et ole vain turisti. Asut paikallisessa perheess\u00e4, k\u00e4yt koulua ja el\u00e4t arkea uudessa kulttuurissa. Saat toisen kodin ja yst\u00e4vi\u00e4 loppuel\u00e4m\u00e4ksesi. Valitse oma tapasi l\u00e4hte\u00e4: Vuosivaihto (12 kk): Syv\u00e4sukellus kieleen ja [&hellip;]\" \/>\n<meta property=\"og:url\" content=\"https:\/\/rotary.fi\/kyrosjarvi\/mita-teemme\/nuorisovaihto\/\" \/>\n<meta property=\"og:site_name\" content=\"Kyr\u00f6sj\u00e4rven Rotaryklubi\" \/>\n<meta property=\"article:modified_time\" content=\"2026-01-10T15:43:56+00:00\" \/>\n<meta name=\"twitter:card\" content=\"summary_large_image\" \/>\n<meta name=\"twitter:label1\" content=\"Arvioitu lukuaika\" \/>\n\t<meta name=\"twitter:data1\" content=\"2 minuuttia\" \/>\n<script type=\"application\/ld+json\" class=\"yoast-schema-graph\">{\"@context\":\"https:\/\/schema.org\",\"@graph\":[{\"@type\":\"WebPage\",\"@id\":\"https:\/\/rotary.fi\/kyrosjarvi\/mita-teemme\/nuorisovaihto\/\",\"url\":\"https:\/\/rotary.fi\/kyrosjarvi\/mita-teemme\/nuorisovaihto\/\",\"name\":\"Nuorisovaihto - Kyr\u00f6sj\u00e4rven Rotaryklubi\",\"isPartOf\":{\"@id\":\"https:\/\/rotary.fi\/kyrosjarvi\/#website\"},\"datePublished\":\"2018-08-13T06:35:27+00:00\",\"dateModified\":\"2026-01-10T15:43:56+00:00\",\"breadcrumb\":{\"@id\":\"https:\/\/rotary.fi\/kyrosjarvi\/mita-teemme\/nuorisovaihto\/#breadcrumb\"},\"inLanguage\":\"fi\",\"potentialAction\":[{\"@type\":\"ReadAction\",\"target\":[\"https:\/\/rotary.fi\/kyrosjarvi\/mita-teemme\/nuorisovaihto\/\"]}]},{\"@type\":\"BreadcrumbList\",\"@id\":\"https:\/\/rotary.fi\/kyrosjarvi\/mita-teemme\/nuorisovaihto\/#breadcrumb\",\"itemListElement\":[{\"@type\":\"ListItem\",\"position\":1,\"name\":\"Home\",\"item\":\"https:\/\/rotary.fi\/kyrosjarvi\/\"},{\"@type\":\"ListItem\",\"position\":2,\"name\":\"Mit\u00e4 teemme\",\"item\":\"https:\/\/rotary.fi\/kyrosjarvi\/mita-teemme\/\"},{\"@type\":\"ListItem\",\"position\":3,\"name\":\"Nuorisovaihto\"}]},{\"@type\":\"WebSite\",\"@id\":\"https:\/\/rotary.fi\/kyrosjarvi\/#website\",\"url\":\"https:\/\/rotary.fi\/kyrosjarvi\/\",\"name\":\"Kyr\u00f6sj\u00e4rven Rotaryklubi\",\"description\":\"Uusi Rotary klubisivusto\",\"potentialAction\":[{\"@type\":\"SearchAction\",\"target\":{\"@type\":\"EntryPoint\",\"urlTemplate\":\"https:\/\/rotary.fi\/kyrosjarvi\/?s={search_term_string}\"},\"query-input\":{\"@type\":\"PropertyValueSpecification\",\"valueRequired\":true,\"valueName\":\"search_term_string\"}}],\"inLanguage\":\"fi\"}]}<\/script>\n<!-- \/ Yoast SEO plugin. -->","yoast_head_json":{"title":"Nuorisovaihto - Kyr\u00f6sj\u00e4rven Rotaryklubi","robots":{"index":"index","follow":"follow","max-snippet":"max-snippet:-1","max-image-preview":"max-image-preview:large","max-video-preview":"max-video-preview:-1"},"canonical":"https:\/\/rotary.fi\/kyrosjarvi\/mita-teemme\/nuorisovaihto\/","og_locale":"fi_FI","og_type":"article","og_title":"Nuorisovaihto - Kyr\u00f6sj\u00e4rven Rotaryklubi","og_description":"Nuorisovaihto Nuorisovaihto Rotary-nuorisovaihto on mahdollisuus, joka muuttaa el\u00e4m\u00e4n. Se on turvallinen, edullinen ja ainutlaatuinen tapa tutustua uuteen kulttuuriin pintaa syvemm\u00e4lt\u00e4. Haluatko n\u00e4hd\u00e4 maailmaa? Rotaryn kautta et ole vain turisti. Asut paikallisessa perheess\u00e4, k\u00e4yt koulua ja el\u00e4t arkea uudessa kulttuurissa. Saat toisen kodin ja yst\u00e4vi\u00e4 loppuel\u00e4m\u00e4ksesi. Valitse oma tapasi l\u00e4hte\u00e4: Vuosivaihto (12 kk): Syv\u00e4sukellus kieleen ja [&hellip;]","og_url":"https:\/\/rotary.fi\/kyrosjarvi\/mita-teemme\/nuorisovaihto\/","og_site_name":"Kyr\u00f6sj\u00e4rven Rotaryklubi","article_modified_time":"2026-01-10T15:43:56+00:00","twitter_card":"summary_large_image","twitter_misc":{"Arvioitu lukuaika":"2 minuuttia"},"schema":{"@context":"https:\/\/schema.org","@graph":[{"@type":"WebPage","@id":"https:\/\/rotary.fi\/kyrosjarvi\/mita-teemme\/nuorisovaihto\/","url":"https:\/\/rotary.fi\/kyrosjarvi\/mita-teemme\/nuorisovaihto\/","name":"Nuorisovaihto - Kyr\u00f6sj\u00e4rven Rotaryklubi","isPartOf":{"@id":"https:\/\/rotary.fi\/kyrosjarvi\/#website"},"datePublished":"2018-08-13T06:35:27+00:00","dateModified":"2026-01-10T15:43:56+00:00","breadcrumb":{"@id":"https:\/\/rotary.fi\/kyrosjarvi\/mita-teemme\/nuorisovaihto\/#breadcrumb"},"inLanguage":"fi","potentialAction":[{"@type":"ReadAction","target":["https:\/\/rotary.fi\/kyrosjarvi\/mita-teemme\/nuorisovaihto\/"]}]},{"@type":"BreadcrumbList","@id":"https:\/\/rotary.fi\/kyrosjarvi\/mita-teemme\/nuorisovaihto\/#breadcrumb","itemListElement":[{"@type":"ListItem","position":1,"name":"Home","item":"https:\/\/rotary.fi\/kyrosjarvi\/"},{"@type":"ListItem","position":2,"name":"Mit\u00e4 teemme","item":"https:\/\/rotary.fi\/kyrosjarvi\/mita-teemme\/"},{"@type":"ListItem","position":3,"name":"Nuorisovaihto"}]},{"@type":"WebSite","@id":"https:\/\/rotary.fi\/kyrosjarvi\/#website","url":"https:\/\/rotary.fi\/kyrosjarvi\/","name":"Kyr\u00f6sj\u00e4rven Rotaryklubi","description":"Uusi Rotary klubisivusto","potentialAction":[{"@type":"SearchAction","target":{"@type":"EntryPoint","urlTemplate":"https:\/\/rotary.fi\/kyrosjarvi\/?s={search_term_string}"},"query-input":{"@type":"PropertyValueSpecification","valueRequired":true,"valueName":"search_term_string"}}],"inLanguage":"fi"}]}},"lang":"fi","translations":{"fi":154},"pll_sync_post":[],"_links":{"self":[{"href":"https:\/\/rotary.fi\/kyrosjarvi\/wp-json\/wp\/v2\/pages\/154","targetHints":{"allow":["GET"]}}],"collection":[{"href":"https:\/\/rotary.fi\/kyrosjarvi\/wp-json\/wp\/v2\/pages"}],"about":[{"href":"https:\/\/rotary.fi\/kyrosjarvi\/wp-json\/wp\/v2\/types\/page"}],"author":[{"embeddable":true,"href":"https:\/\/rotary.fi\/kyrosjarvi\/wp-json\/wp\/v2\/users\/1"}],"replies":[{"embeddable":true,"href":"https:\/\/rotary.fi\/kyrosjarvi\/wp-json\/wp\/v2\/comments?post=154"}],"version-history":[{"count":9,"href":"https:\/\/rotary.fi\/kyrosjarvi\/wp-json\/wp\/v2\/pages\/154\/revisions"}],"predecessor-version":[{"id":2657,"href":"https:\/\/rotary.fi\/kyrosjarvi\/wp-json\/wp\/v2\/pages\/154\/revisions\/2657"}],"up":[{"embeddable":true,"href":"https:\/\/rotary.fi\/kyrosjarvi\/wp-json\/wp\/v2\/pages\/77"}],"wp:attachment":[{"href":"https:\/\/rotary.fi\/kyrosjarvi\/wp-json\/wp\/v2\/media?parent=154"}],"curies":[{"name":"wp","href":"https:\/\/api.w.org\/{rel}","templated":true}]}}