{"id":77,"date":"2018-08-09T14:01:56","date_gmt":"2018-08-09T11:01:56","guid":{"rendered":"https:\/\/rotary.fi\/klubi2\/?page_id=77"},"modified":"2020-07-20T17:59:24","modified_gmt":"2020-07-20T14:59:24","slug":"mita-teemme","status":"publish","type":"page","link":"https:\/\/rotary.fi\/kuusankoski\/mita-teemme\/","title":{"rendered":"Mit\u00e4 teemme"},"content":{"rendered":"<p>[et_pb_section fb_built=&#8221;1&#8243; module_class=&#8221;jumbotron-page&#8221; _builder_version=&#8221;3.22&#8243; background_image=&#8221;https:\/\/rotary.fi\/kuusankoski\/wp-content\/uploads\/sites\/40\/2019\/01\/lyottila2.jpg&#8221;][et_pb_row _builder_version=&#8221;3.25&#8243; background_size=&#8221;initial&#8221; background_position=&#8221;top_left&#8221; background_repeat=&#8221;repeat&#8221;][et_pb_column type=&#8221;4_4&#8243; _builder_version=&#8221;3.25&#8243; custom_padding=&#8221;|||&#8221; custom_padding__hover=&#8221;|||&#8221;][et_pb_text admin_label=&#8221;P\u00e4\u00e4otsikko&#8221; _builder_version=&#8221;3.27.4&#8243; text_orientation=&#8221;center&#8221; background_layout=&#8221;dark&#8221;]<\/p>\n<h1>Mit\u00e4 teemme<\/h1>\n<p>[\/et_pb_text][\/et_pb_column][\/et_pb_row][\/et_pb_section][et_pb_section fb_built=&#8221;1&#8243; specialty=&#8221;on&#8221; module_class_2=&#8221;sivupalkki&#8221; _builder_version=&#8221;3.22&#8243;][et_pb_column type=&#8221;2_3&#8243; specialty_columns=&#8221;2&#8243; _builder_version=&#8221;3.25&#8243; custom_padding=&#8221;|||&#8221; custom_padding__hover=&#8221;|||&#8221;][et_pb_row_inner admin_label=&#8221;Rivi&#8221; _builder_version=&#8221;3.25&#8243;][et_pb_column_inner saved_specialty_column_type=&#8221;2_3&#8243; _builder_version=&#8221;3.25&#8243; custom_padding=&#8221;|||&#8221; custom_padding__hover=&#8221;|||&#8221;][et_pb_text admin_label=&#8221;Otsikko&#8221; _builder_version=&#8221;3.27.4&#8243; text_orientation=&#8221;center&#8221;]<\/p>\n<h1>Mit\u00e4 teemme<\/h1>\n<p>[\/et_pb_text][et_pb_text _builder_version=&#8221;3.27.4&#8243;]<\/p>\n<p>&nbsp;<\/p>\n<p>Rotarina voit vaikuttaa ja tehd\u00e4 monella tapaa hyv\u00e4\u00e4. Samalla saat ainutlaatuisen aidon sosiaalisen verkoston,\u00a0 yst\u00e4vi\u00e4 Kouvolasta, Suomesta ja maailmanlaajuisesti. Jos harrastat jotain aktiivisesti, voit verkottua\u00a0 samaa asiaa harrastavien rotarien kanssa ymp\u00e4ri maailman. N\u00e4ist\u00e4 harrastusryhmist\u00e4 l\u00f6ytyy mukavia tapaamisia\u00a0 ja tilaisuuksia.\u00a0 Rotari on my\u00f6s tervetullut\u00a0 mihin tahansa maailman 34.000 rotaryklubin kokoukseen, vaikka ty\u00f6- tai lomamatkoilla. Siell\u00e4 voi helposti tutustua my\u00f6s saman ammatin ihmisiin tai samoja asioita harrastaviin. \u00a0<\/p>\n<p>Klubin perustoimintaa on torstaisin pidett\u00e4v\u00e4t lounaskokoukset. Niiss\u00e4 tavoitteena on yhdess\u00e4 viihtyminen ja mielenkiintoisten kokousesitelmien kuuleminen.<\/p>\n<p>Klubilla on ja on ollut monia paikallisia hyv\u00e4ntekev\u00e4isyysprojekteja. Maailmanlaajuisesti tuemme Rotarys\u00e4\u00e4ti\u00f6n kautta rotaryn maailmanlaajuisia humanit\u00e4\u00e4risi\u00e4 projekteja. Niist\u00e4 t\u00e4rkein on ollut Polio -sairauden h\u00e4vitt\u00e4minen maailmasta. Tuemme my\u00f6s ShelterBoxia, joka tarjoaa maailman katastrofeissa kotinsa menett\u00e4neille ensimm\u00e4isen asunnon ja v\u00e4ltt\u00e4m\u00e4tt\u00f6m\u00e4t tarvikkeet el\u00e4m\u00e4n jatkamiseen.\u00a0<\/p>\n<p>Rotarys\u00e4\u00e4ti\u00f6 on valittu usean vuoden ajan maailman tehokkaimmaksi vapaaehtoisuuteen perustuvaksi hyv\u00e4ntekev\u00e4isyysj\u00e4rjest\u00f6ksi ja paikallisesti rotarit tekev\u00e4t paljon vapaaehtoisty\u00f6t\u00e4 projektien toteuttamiseksi.<\/p>\n<p>Rotaryst\u00e4 l\u00f6ytyy my\u00f6s jokaiselle\u00a0 erilaisia mielenkiintoisia kehitt\u00e4vi\u00e4 teht\u00e4vi\u00e4, joiden kautta\u00a0 l\u00f6yd\u00e4t my\u00f6s lis\u00e4\u00e4 yst\u00e4vi\u00e4.<\/p>\n<p>&nbsp;<\/p>\n<p>[\/et_pb_text][\/et_pb_column_inner][\/et_pb_row_inner][\/et_pb_column][et_pb_column type=&#8221;1_3&#8243; _builder_version=&#8221;3.25&#8243; custom_padding=&#8221;|||&#8221; custom_padding__hover=&#8221;|||&#8221;][et_pb_sidebar area=&#8221;sidebar-1&#8243; module_class=&#8221;sivupalkki_sisalto&#8221; _builder_version=&#8221;3.4.1&#8243; locked=&#8221;on&#8221;]<br \/>\n[\/et_pb_sidebar][\/et_pb_column][\/et_pb_section]<\/p>\n","protected":false},"excerpt":{"rendered":"<p>Mit\u00e4 teemme Mit\u00e4 teemme &nbsp; Rotarina voit vaikuttaa ja tehd\u00e4 monella tapaa hyv\u00e4\u00e4. Samalla saat ainutlaatuisen aidon sosiaalisen verkoston,\u00a0 yst\u00e4vi\u00e4 Kouvolasta, Suomesta ja maailmanlaajuisesti. Jos harrastat jotain aktiivisesti, voit verkottua\u00a0 samaa asiaa harrastavien rotarien kanssa ymp\u00e4ri maailman. N\u00e4ist\u00e4 harrastusryhmist\u00e4 l\u00f6ytyy mukavia tapaamisia\u00a0 ja tilaisuuksia.\u00a0 Rotari on my\u00f6s tervetullut\u00a0 mihin tahansa maailman 34.000 rotaryklubin kokoukseen, vaikka [&hellip;]<\/p>\n","protected":false},"author":1,"featured_media":0,"parent":0,"menu_order":0,"comment_status":"closed","ping_status":"closed","template":"","meta":{"_acf_changed":false,"_et_pb_use_builder":"on","_et_pb_old_content":"","_et_gb_content_width":"","footnotes":""},"class_list":["post-77","page","type-page","status-publish","hentry"],"acf":[],"yoast_head":"<!-- This site is optimized with the Yoast SEO plugin v27.0 - https:\/\/yoast.com\/product\/yoast-seo-wordpress\/ -->\n<title>Mit\u00e4 teemme - Kuusankosken Rotaryklubi<\/title>\n<meta name=\"robots\" content=\"index, follow, max-snippet:-1, max-image-preview:large, max-video-preview:-1\" \/>\n<link rel=\"canonical\" href=\"https:\/\/rotary.fi\/kuusankoski\/mita-teemme\/\" \/>\n<meta property=\"og:locale\" content=\"fi_FI\" \/>\n<meta property=\"og:type\" content=\"article\" \/>\n<meta property=\"og:title\" content=\"Mit\u00e4 teemme - Kuusankosken Rotaryklubi\" \/>\n<meta property=\"og:description\" content=\"Mit\u00e4 teemme Mit\u00e4 teemme &nbsp; Rotarina voit vaikuttaa ja tehd\u00e4 monella tapaa hyv\u00e4\u00e4. Samalla saat ainutlaatuisen aidon sosiaalisen verkoston,\u00a0 yst\u00e4vi\u00e4 Kouvolasta, Suomesta ja maailmanlaajuisesti. Jos harrastat jotain aktiivisesti, voit verkottua\u00a0 samaa asiaa harrastavien rotarien kanssa ymp\u00e4ri maailman. N\u00e4ist\u00e4 harrastusryhmist\u00e4 l\u00f6ytyy mukavia tapaamisia\u00a0 ja tilaisuuksia.\u00a0 Rotari on my\u00f6s tervetullut\u00a0 mihin tahansa maailman 34.000 rotaryklubin kokoukseen, vaikka [&hellip;]\" \/>\n<meta property=\"og:url\" content=\"https:\/\/rotary.fi\/kuusankoski\/mita-teemme\/\" \/>\n<meta property=\"og:site_name\" content=\"Kuusankosken Rotaryklubi\" \/>\n<meta property=\"article:modified_time\" content=\"2020-07-20T14:59:24+00:00\" \/>\n<meta name=\"twitter:card\" content=\"summary_large_image\" \/>\n<meta name=\"twitter:label1\" content=\"Arvioitu lukuaika\" \/>\n\t<meta name=\"twitter:data1\" content=\"2 minuuttia\" \/>\n<script type=\"application\/ld+json\" class=\"yoast-schema-graph\">{\"@context\":\"https:\/\/schema.org\",\"@graph\":[{\"@type\":\"WebPage\",\"@id\":\"https:\/\/rotary.fi\/kuusankoski\/mita-teemme\/\",\"url\":\"https:\/\/rotary.fi\/kuusankoski\/mita-teemme\/\",\"name\":\"Mit\u00e4 teemme - Kuusankosken Rotaryklubi\",\"isPartOf\":{\"@id\":\"https:\/\/rotary.fi\/kuusankoski\/#website\"},\"datePublished\":\"2018-08-09T11:01:56+00:00\",\"dateModified\":\"2020-07-20T14:59:24+00:00\",\"breadcrumb\":{\"@id\":\"https:\/\/rotary.fi\/kuusankoski\/mita-teemme\/#breadcrumb\"},\"inLanguage\":\"fi\",\"potentialAction\":[{\"@type\":\"ReadAction\",\"target\":[\"https:\/\/rotary.fi\/kuusankoski\/mita-teemme\/\"]}]},{\"@type\":\"BreadcrumbList\",\"@id\":\"https:\/\/rotary.fi\/kuusankoski\/mita-teemme\/#breadcrumb\",\"itemListElement\":[{\"@type\":\"ListItem\",\"position\":1,\"name\":\"Home\",\"item\":\"https:\/\/rotary.fi\/kuusankoski\/\"},{\"@type\":\"ListItem\",\"position\":2,\"name\":\"Mit\u00e4 teemme\"}]},{\"@type\":\"WebSite\",\"@id\":\"https:\/\/rotary.fi\/kuusankoski\/#website\",\"url\":\"https:\/\/rotary.fi\/kuusankoski\/\",\"name\":\"Kuusankosken Rotaryklubi\",\"description\":\"Uusi Rotary klubisivusto\",\"potentialAction\":[{\"@type\":\"SearchAction\",\"target\":{\"@type\":\"EntryPoint\",\"urlTemplate\":\"https:\/\/rotary.fi\/kuusankoski\/?s={search_term_string}\"},\"query-input\":{\"@type\":\"PropertyValueSpecification\",\"valueRequired\":true,\"valueName\":\"search_term_string\"}}],\"inLanguage\":\"fi\"}]}<\/script>\n<!-- \/ Yoast SEO plugin. -->","yoast_head_json":{"title":"Mit\u00e4 teemme - Kuusankosken Rotaryklubi","robots":{"index":"index","follow":"follow","max-snippet":"max-snippet:-1","max-image-preview":"max-image-preview:large","max-video-preview":"max-video-preview:-1"},"canonical":"https:\/\/rotary.fi\/kuusankoski\/mita-teemme\/","og_locale":"fi_FI","og_type":"article","og_title":"Mit\u00e4 teemme - Kuusankosken Rotaryklubi","og_description":"Mit\u00e4 teemme Mit\u00e4 teemme &nbsp; Rotarina voit vaikuttaa ja tehd\u00e4 monella tapaa hyv\u00e4\u00e4. Samalla saat ainutlaatuisen aidon sosiaalisen verkoston,\u00a0 yst\u00e4vi\u00e4 Kouvolasta, Suomesta ja maailmanlaajuisesti. Jos harrastat jotain aktiivisesti, voit verkottua\u00a0 samaa asiaa harrastavien rotarien kanssa ymp\u00e4ri maailman. N\u00e4ist\u00e4 harrastusryhmist\u00e4 l\u00f6ytyy mukavia tapaamisia\u00a0 ja tilaisuuksia.\u00a0 Rotari on my\u00f6s tervetullut\u00a0 mihin tahansa maailman 34.000 rotaryklubin kokoukseen, vaikka [&hellip;]","og_url":"https:\/\/rotary.fi\/kuusankoski\/mita-teemme\/","og_site_name":"Kuusankosken Rotaryklubi","article_modified_time":"2020-07-20T14:59:24+00:00","twitter_card":"summary_large_image","twitter_misc":{"Arvioitu lukuaika":"2 minuuttia"},"schema":{"@context":"https:\/\/schema.org","@graph":[{"@type":"WebPage","@id":"https:\/\/rotary.fi\/kuusankoski\/mita-teemme\/","url":"https:\/\/rotary.fi\/kuusankoski\/mita-teemme\/","name":"Mit\u00e4 teemme - Kuusankosken Rotaryklubi","isPartOf":{"@id":"https:\/\/rotary.fi\/kuusankoski\/#website"},"datePublished":"2018-08-09T11:01:56+00:00","dateModified":"2020-07-20T14:59:24+00:00","breadcrumb":{"@id":"https:\/\/rotary.fi\/kuusankoski\/mita-teemme\/#breadcrumb"},"inLanguage":"fi","potentialAction":[{"@type":"ReadAction","target":["https:\/\/rotary.fi\/kuusankoski\/mita-teemme\/"]}]},{"@type":"BreadcrumbList","@id":"https:\/\/rotary.fi\/kuusankoski\/mita-teemme\/#breadcrumb","itemListElement":[{"@type":"ListItem","position":1,"name":"Home","item":"https:\/\/rotary.fi\/kuusankoski\/"},{"@type":"ListItem","position":2,"name":"Mit\u00e4 teemme"}]},{"@type":"WebSite","@id":"https:\/\/rotary.fi\/kuusankoski\/#website","url":"https:\/\/rotary.fi\/kuusankoski\/","name":"Kuusankosken Rotaryklubi","description":"Uusi Rotary klubisivusto","potentialAction":[{"@type":"SearchAction","target":{"@type":"EntryPoint","urlTemplate":"https:\/\/rotary.fi\/kuusankoski\/?s={search_term_string}"},"query-input":{"@type":"PropertyValueSpecification","valueRequired":true,"valueName":"search_term_string"}}],"inLanguage":"fi"}]}},"lang":"fi","translations":{"fi":77},"pll_sync_post":[],"_links":{"self":[{"href":"https:\/\/rotary.fi\/kuusankoski\/wp-json\/wp\/v2\/pages\/77","targetHints":{"allow":["GET"]}}],"collection":[{"href":"https:\/\/rotary.fi\/kuusankoski\/wp-json\/wp\/v2\/pages"}],"about":[{"href":"https:\/\/rotary.fi\/kuusankoski\/wp-json\/wp\/v2\/types\/page"}],"author":[{"embeddable":true,"href":"https:\/\/rotary.fi\/kuusankoski\/wp-json\/wp\/v2\/users\/1"}],"replies":[{"embeddable":true,"href":"https:\/\/rotary.fi\/kuusankoski\/wp-json\/wp\/v2\/comments?post=77"}],"version-history":[{"count":12,"href":"https:\/\/rotary.fi\/kuusankoski\/wp-json\/wp\/v2\/pages\/77\/revisions"}],"predecessor-version":[{"id":2314,"href":"https:\/\/rotary.fi\/kuusankoski\/wp-json\/wp\/v2\/pages\/77\/revisions\/2314"}],"wp:attachment":[{"href":"https:\/\/rotary.fi\/kuusankoski\/wp-json\/wp\/v2\/media?parent=77"}],"curies":[{"name":"wp","href":"https:\/\/api.w.org\/{rel}","templated":true}]}}