{"id":156,"date":"2018-08-13T09:46:59","date_gmt":"2018-08-13T06:46:59","guid":{"rendered":"https:\/\/rotary.fi\/kuusankoski\/?page_id=156"},"modified":"2021-07-11T20:28:47","modified_gmt":"2021-07-11T17:28:47","slug":"projektit","status":"publish","type":"page","link":"https:\/\/rotary.fi\/kuusankoski\/mita-teemme\/projektit\/","title":{"rendered":"Projektit"},"content":{"rendered":"<p>[et_pb_section fb_built=&#8221;1&#8243; module_class=&#8221;jumbotron-page&#8221; _builder_version=&#8221;3.22.3&#8243; background_image=&#8221;https:\/\/rotary.fi\/kuusankoski\/wp-content\/uploads\/sites\/40\/2019\/01\/koulujemme-lahivedet-kymintehtaan-koulu-14-12-2.jpg&#8221;][et_pb_row _builder_version=&#8221;3.25&#8243; background_size=&#8221;initial&#8221; background_position=&#8221;top_left&#8221; background_repeat=&#8221;repeat&#8221;][et_pb_column type=&#8221;4_4&#8243; _builder_version=&#8221;3.25&#8243; custom_padding=&#8221;|||&#8221; custom_padding__hover=&#8221;|||&#8221;][et_pb_text admin_label=&#8221;P\u00e4\u00e4otsikko&#8221; _builder_version=&#8221;3.27.4&#8243; text_orientation=&#8221;center&#8221; background_layout=&#8221;dark&#8221;]<\/p>\n<h1>Projektit<\/h1>\n<p>[\/et_pb_text][\/et_pb_column][\/et_pb_row][\/et_pb_section][et_pb_section fb_built=&#8221;1&#8243; specialty=&#8221;on&#8221; module_class_2=&#8221;sivupalkki&#8221; _builder_version=&#8221;3.22.3&#8243;][et_pb_column type=&#8221;2_3&#8243; specialty_columns=&#8221;2&#8243; _builder_version=&#8221;3.25&#8243; custom_padding=&#8221;|||&#8221; custom_padding__hover=&#8221;|||&#8221;][et_pb_row_inner admin_label=&#8221;Rivi&#8221; _builder_version=&#8221;3.25&#8243;][et_pb_column_inner saved_specialty_column_type=&#8221;2_3&#8243; _builder_version=&#8221;3.25&#8243; custom_padding=&#8221;|||&#8221; custom_padding__hover=&#8221;|||&#8221;][et_pb_text admin_label=&#8221;Projektit &#8211; Otsikko&#8221; _builder_version=&#8221;3.27.4&#8243; text_orientation=&#8221;center&#8221;]<\/p>\n<h1>Klubin projekteja<\/h1>\n<p>[\/et_pb_text][et_pb_text _builder_version=&#8221;4.9.4&#8243;]<\/p>\n<p>Rotary on maailman suurimpia vapaaehtoisuuteen perustuvia palveluj\u00e4rjest\u00f6j\u00e4. Rotaryn tunnuslause on:<strong> Palvelu itsekkyyden edelle (Service above self).<\/strong> Klubimme toimii tunnuslause muistaen paikallisesti ja maailman laajuisesti. T\u00e4ss\u00e4 muutamia klubimme hyv\u00e4ntekev\u00e4isyysprojekteja.<\/p>\n<p><strong>Maailman laajuinen rotarien PolioPlus kampanja &#8211; tavoitteena Poliosairauden h\u00e4vitt\u00e4minen maailmasta jatkuva projekti<\/strong><\/p>\n<p>\u00a0Ollaan jo melkein perill\u00e4. 10.07.21 oli akuutteja sairaustapauksia en\u00e4\u00e4 Afganistanissa ja Pakistanissa molemmissa yksi. Viel\u00e4 t\u00e4ytyy jatkaa rokotuksia.\u00a0 Kuusankosken Rotaryklubi ja sen j\u00e4senet ovat vuodesta 1986 vuosittain tukeneet taloudellisesti t\u00e4t\u00e4 maailmanlaajuista Rotarien suurkampanjaa.\u00a0<strong><\/strong><\/p>\n<p><strong>Struven ketjun muistolaatta\u00a0 ja opastustaulu Elim\u00e4en Mustilassa\u00a0 2020<\/strong><\/p>\n<p>Klubin toimesta ideoitiin ja\u00a0 tehtiin maailmanperint\u00f6kohteen Struven ketjun\u00a0 opastustaulu Elim\u00e4en Mustilan Arboretumiin ja muistolaatta ketjun mittauspisteelle l\u00e4heisell\u00e4 Rappukalliolle. Struven ketjun Rappukallion mittauspiste on Werlan j\u00e4lkeen toinen Kouvolan maailmanperint\u00f6kohteista.\u00a0<\/p>\n<p><strong>Rotarytoiminnan ja ShelterBoxin esittely Kouvolan asuntomessuilla 12.07-11.08.2019\u00a0 \u00a0 \u00a0\u00a0<\/strong><\/p>\n<p>Kuuukauden ajan n\u00e4kyi Rotary ja ShelterBox Kouvolan asuntomessuilla. Esittelypaikkamme oli suosituimman kohteen Muusikontalon p\u00e4\u00e4dyss\u00e4 ja suurin osa n. 115.000 messuviraasta kulki esittelypisteemme vierest\u00e4 ja paljon k\u00e4vi my\u00f6s tutustumassa ShelterBoxiin. Esittelimme my\u00f6s erityisesti rotaryn nuorisovaihtoa. Esittelem\u00e4ss\u00e4 oli vuorollaan 36 rotaria, sek\u00e4 entisi\u00e4 ja nykyisi\u00e4 vaihto-oppilaita Kouvolan, Lahden, Lappeerannan ja Kiteen Rotaryklubeista. Mukana oli my\u00f6s Shelterboxtuki -yhdistys ja ja sen esittelij\u00f6it\u00e4.\u00a0<strong style=\"font-size: 16px\">\u00a0 \u00a0 \u00a0 \u00a0 \u00a0 \u00a0 \u00a0 \u00a0 \u00a0 \u00a0 \u00a0 \u00a0 \u00a0 \u00a0 \u00a0 \u00a0 \u00a0 \u00a0 \u00a0 \u00a0 \u00a0 \u00a0 \u00a0 \u00a0 \u00a0 \u00a0<\/strong><\/p>\n<p><strong>Siisti Biitsi Sompanen, Sopasen uimarannan siivous\u00a0 2018<\/strong><\/p>\n<p>Klubin ja UPM:n kanssa yhteinen ymp\u00e4rist\u00f6tapahtuma. Haastoimme tapahtumaan Voikkaan alakoulut ja mukana oli my\u00f6s Kouvola kaupunki sek\u00e4 Sukellusseura Vesikot. Siivosimme Sompasen uimarannan ja opetimme koululaisille mm. j\u00e4tteitten lajittelua. Tapahtuma on osa Kouvolan Siisti Siti haastetta.\u00a0\u00a0<strong><\/strong><\/p>\n<p><strong style=\"font-size: 16px\">SriLanka-\u00a0 jatkuva projekti\u00a0<\/strong><\/p>\n<p>Jo seitsem\u00e4n vuoden ajan klubimme on auttanut SriLankassa, p\u00e4\u00e4asiassa yhdess\u00e4 kyl\u00e4ss\u00e4, nuorten tytt\u00f6jen koulunk\u00e4ynti\u00e4 (koulupuku, kirjat yms.) sek\u00e4 j\u00e4te- ja ymp\u00e4rist\u00f6nhuollon kehitt\u00e4mist\u00e4. Vuonna 2019 autoimme vuoristokyliss\u00e4 asuvia k\u00f6yhi\u00e4 perheit\u00e4 vedensaannissa ja lahjoitimme s\u00e4hk\u00f6tt\u00f6miin koteihin viisi <span style=\"background-color: #ffffff;font-size: 16px\">auringon voimalla toimivaa\u00a0<\/span><span style=\"font-size: 16px\">Shelterbox valaisinta.<\/span><span style=\"font-size: 16px\">\u00a0<\/span><\/p>\n<p><strong style=\"font-size: 16px\">K\u00e4yt\u00f6st\u00e4 poistettujen koulukalusteiden vienti Viron maaseutukouluihin &#8211; jatkuva projekti<\/strong><\/p>\n<p>Klubimme toimitti yhdess\u00e4 Kuopion seudun ja Heinolan rotaryklubien ja Viron P\u00e4rnun rotaryklubin kanssa Suomessa lopetetuista kouluista h\u00e4vitett\u00e4v\u00e4ksi joutuvia koulukalusteita Viroon, jaettavaksi Viron maaseutukouluille.<\/p>\n<p><strong>Pikkuiset projekti 2019<\/strong><\/p>\n<p>Lahjoitimme\u00a0 Kouvolan \u00e4itiysneuvoloille siki\u00f6nukkesarjan. Niiden avulla voidaan havainnollisesti mm. kouluissa opettaa nuorille tyt\u00f6ille miten tupakointi ja alkoholi vaikuttavat nuoren \u00e4idin siki\u00f6n kehitykseen.<\/p>\n<p><strong style=\"font-size: 16px\">Hyv\u00e4t tavat ja ty\u00f6el\u00e4m\u00e4- jatkuva projekti<\/strong><\/p>\n<p>K\u00e4vimme Kymintehtaan koululla kertomassa 6. luokkalaisille nuorille siit\u00e4 miten kannattaa k\u00e4ytt\u00e4yty\u00e4 ty\u00f6t\u00e4 hakiessa, sosiaalisessa mediassa, ty\u00f6el\u00e4m\u00e4ss\u00e4 ja taloudenpidossa (laskut, pikavipit, yms).<\/p>\n<p><strong>Koulujemme l\u00e4hivedet &#8211; jatkuva projekti<\/strong><\/p>\n<p><strong><\/strong>Yhteinen projekti UPM-Kymmenen kanssa.\u00a0 Lahjoitimme Kouvolan 12 koululle repulliset laboratoriov\u00e4lineit\u00e4, joilla oppilaat voivat opettajan kanssa seurata valitsemansa l\u00e4hivesist\u00f6n tilaa ottamalla vesist\u00f6n\u00e4ytteit\u00e4 ja raportoimilla niist\u00e4 nettiin.<\/p>\n<p><strong>Harrastusmahdollisuuksia nuorille &#8211; jatkuva projekti<\/strong><\/p>\n<p>Yhdess\u00e4 Kouvolan kaupungin etsiv\u00e4n nuorisoty\u00f6n kanssa veimme syrj\u00e4ytymisvaarassa olevia nuoria tutustumaan erilaisiin harrastusmahdollisuuksiin, kuten s\u00e4hlyyn, jousiammuntaan, golfiin, kalastukseen, ym.<\/p>\n<p>&nbsp;<\/p>\n<p>&nbsp;<\/p>\n<p><strong><\/strong><\/p>\n<p>[\/et_pb_text][et_pb_image src=&#8221;https:\/\/rotary.fi\/kuusankoski\/wp-content\/uploads\/sites\/40\/2019\/01\/sri2.jpg&#8221; align_tablet=&#8221;center&#8221; align_phone=&#8221;&#8221; align_last_edited=&#8221;on|desktop&#8221; _builder_version=&#8221;3.23&#8243; background_image=&#8221;https:\/\/rotary.fi\/kuusankoski\/wp-content\/uploads\/sites\/40\/2019\/01\/img_1091.jpg&#8221;][\/et_pb_image][\/et_pb_column_inner][\/et_pb_row_inner][\/et_pb_column][et_pb_column type=&#8221;1_3&#8243; _builder_version=&#8221;3.25&#8243; custom_padding=&#8221;|||&#8221; custom_padding__hover=&#8221;|||&#8221;][et_pb_sidebar area=&#8221;sidebar-1&#8243; module_class=&#8221;sivupalkki_sisalto&#8221; _builder_version=&#8221;3.4.1&#8243; locked=&#8221;on&#8221;]<br \/>\n[\/et_pb_sidebar][\/et_pb_column][\/et_pb_section]<\/p>\n","protected":false},"excerpt":{"rendered":"<p>Projektit Klubin projektejaRotary on maailman suurimpia vapaaehtoisuuteen perustuvia palveluj\u00e4rjest\u00f6j\u00e4. Rotaryn tunnuslause on: Palvelu itsekkyyden edelle (Service above self). Klubimme toimii tunnuslause muistaen paikallisesti ja maailman laajuisesti. T\u00e4ss\u00e4 muutamia klubimme hyv\u00e4ntekev\u00e4isyysprojekteja. Maailman laajuinen rotarien PolioPlus kampanja &#8211; tavoitteena Poliosairauden h\u00e4vitt\u00e4minen maailmasta jatkuva projekti \u00a0Ollaan jo melkein perill\u00e4. 10.07.21 oli akuutteja sairaustapauksia en\u00e4\u00e4 Afganistanissa ja Pakistanissa molemmissa [&hellip;]<\/p>\n","protected":false},"author":1,"featured_media":0,"parent":77,"menu_order":0,"comment_status":"closed","ping_status":"closed","template":"","meta":{"_acf_changed":false,"_et_pb_use_builder":"on","_et_pb_old_content":"","_et_gb_content_width":"","footnotes":""},"class_list":["post-156","page","type-page","status-publish","hentry"],"acf":[],"yoast_head":"<!-- This site is optimized with the Yoast SEO plugin v27.4 - https:\/\/yoast.com\/product\/yoast-seo-wordpress\/ -->\n<title>Projektit - Kuusankosken Rotaryklubi<\/title>\n<meta name=\"robots\" content=\"index, follow, max-snippet:-1, max-image-preview:large, max-video-preview:-1\" \/>\n<link rel=\"canonical\" href=\"https:\/\/rotary.fi\/kuusankoski\/mita-teemme\/projektit\/\" \/>\n<meta property=\"og:locale\" content=\"fi_FI\" \/>\n<meta property=\"og:type\" content=\"article\" \/>\n<meta property=\"og:title\" content=\"Projektit - Kuusankosken Rotaryklubi\" \/>\n<meta property=\"og:description\" content=\"Projektit Klubin projektejaRotary on maailman suurimpia vapaaehtoisuuteen perustuvia palveluj\u00e4rjest\u00f6j\u00e4. Rotaryn tunnuslause on: Palvelu itsekkyyden edelle (Service above self). Klubimme toimii tunnuslause muistaen paikallisesti ja maailman laajuisesti. T\u00e4ss\u00e4 muutamia klubimme hyv\u00e4ntekev\u00e4isyysprojekteja. Maailman laajuinen rotarien PolioPlus kampanja - tavoitteena Poliosairauden h\u00e4vitt\u00e4minen maailmasta jatkuva projekti \u00a0Ollaan jo melkein perill\u00e4. 10.07.21 oli akuutteja sairaustapauksia en\u00e4\u00e4 Afganistanissa ja Pakistanissa molemmissa [&hellip;]\" \/>\n<meta property=\"og:url\" content=\"https:\/\/rotary.fi\/kuusankoski\/mita-teemme\/projektit\/\" \/>\n<meta property=\"og:site_name\" content=\"Kuusankosken Rotaryklubi\" \/>\n<meta property=\"article:modified_time\" content=\"2021-07-11T17:28:47+00:00\" \/>\n<meta name=\"twitter:card\" content=\"summary_large_image\" \/>\n<meta name=\"twitter:label1\" content=\"Arvioitu lukuaika\" \/>\n\t<meta name=\"twitter:data1\" content=\"3 minuuttia\" \/>\n<script type=\"application\/ld+json\" class=\"yoast-schema-graph\">{\"@context\":\"https:\\\/\\\/schema.org\",\"@graph\":[{\"@type\":\"WebPage\",\"@id\":\"https:\\\/\\\/rotary.fi\\\/kuusankoski\\\/mita-teemme\\\/projektit\\\/\",\"url\":\"https:\\\/\\\/rotary.fi\\\/kuusankoski\\\/mita-teemme\\\/projektit\\\/\",\"name\":\"Projektit - Kuusankosken Rotaryklubi\",\"isPartOf\":{\"@id\":\"https:\\\/\\\/rotary.fi\\\/kuusankoski\\\/#website\"},\"datePublished\":\"2018-08-13T06:46:59+00:00\",\"dateModified\":\"2021-07-11T17:28:47+00:00\",\"breadcrumb\":{\"@id\":\"https:\\\/\\\/rotary.fi\\\/kuusankoski\\\/mita-teemme\\\/projektit\\\/#breadcrumb\"},\"inLanguage\":\"fi\",\"potentialAction\":[{\"@type\":\"ReadAction\",\"target\":[\"https:\\\/\\\/rotary.fi\\\/kuusankoski\\\/mita-teemme\\\/projektit\\\/\"]}]},{\"@type\":\"BreadcrumbList\",\"@id\":\"https:\\\/\\\/rotary.fi\\\/kuusankoski\\\/mita-teemme\\\/projektit\\\/#breadcrumb\",\"itemListElement\":[{\"@type\":\"ListItem\",\"position\":1,\"name\":\"Home\",\"item\":\"https:\\\/\\\/rotary.fi\\\/kuusankoski\\\/\"},{\"@type\":\"ListItem\",\"position\":2,\"name\":\"Mit\u00e4 teemme\",\"item\":\"https:\\\/\\\/rotary.fi\\\/kuusankoski\\\/mita-teemme\\\/\"},{\"@type\":\"ListItem\",\"position\":3,\"name\":\"Projektit\"}]},{\"@type\":\"WebSite\",\"@id\":\"https:\\\/\\\/rotary.fi\\\/kuusankoski\\\/#website\",\"url\":\"https:\\\/\\\/rotary.fi\\\/kuusankoski\\\/\",\"name\":\"Kuusankosken Rotaryklubi\",\"description\":\"Uusi Rotary klubisivusto\",\"potentialAction\":[{\"@type\":\"SearchAction\",\"target\":{\"@type\":\"EntryPoint\",\"urlTemplate\":\"https:\\\/\\\/rotary.fi\\\/kuusankoski\\\/?s={search_term_string}\"},\"query-input\":{\"@type\":\"PropertyValueSpecification\",\"valueRequired\":true,\"valueName\":\"search_term_string\"}}],\"inLanguage\":\"fi\"}]}<\/script>\n<!-- \/ Yoast SEO plugin. -->","yoast_head_json":{"title":"Projektit - Kuusankosken Rotaryklubi","robots":{"index":"index","follow":"follow","max-snippet":"max-snippet:-1","max-image-preview":"max-image-preview:large","max-video-preview":"max-video-preview:-1"},"canonical":"https:\/\/rotary.fi\/kuusankoski\/mita-teemme\/projektit\/","og_locale":"fi_FI","og_type":"article","og_title":"Projektit - Kuusankosken Rotaryklubi","og_description":"Projektit Klubin projektejaRotary on maailman suurimpia vapaaehtoisuuteen perustuvia palveluj\u00e4rjest\u00f6j\u00e4. Rotaryn tunnuslause on: Palvelu itsekkyyden edelle (Service above self). Klubimme toimii tunnuslause muistaen paikallisesti ja maailman laajuisesti. T\u00e4ss\u00e4 muutamia klubimme hyv\u00e4ntekev\u00e4isyysprojekteja. Maailman laajuinen rotarien PolioPlus kampanja - tavoitteena Poliosairauden h\u00e4vitt\u00e4minen maailmasta jatkuva projekti \u00a0Ollaan jo melkein perill\u00e4. 10.07.21 oli akuutteja sairaustapauksia en\u00e4\u00e4 Afganistanissa ja Pakistanissa molemmissa [&hellip;]","og_url":"https:\/\/rotary.fi\/kuusankoski\/mita-teemme\/projektit\/","og_site_name":"Kuusankosken Rotaryklubi","article_modified_time":"2021-07-11T17:28:47+00:00","twitter_card":"summary_large_image","twitter_misc":{"Arvioitu lukuaika":"3 minuuttia"},"schema":{"@context":"https:\/\/schema.org","@graph":[{"@type":"WebPage","@id":"https:\/\/rotary.fi\/kuusankoski\/mita-teemme\/projektit\/","url":"https:\/\/rotary.fi\/kuusankoski\/mita-teemme\/projektit\/","name":"Projektit - Kuusankosken Rotaryklubi","isPartOf":{"@id":"https:\/\/rotary.fi\/kuusankoski\/#website"},"datePublished":"2018-08-13T06:46:59+00:00","dateModified":"2021-07-11T17:28:47+00:00","breadcrumb":{"@id":"https:\/\/rotary.fi\/kuusankoski\/mita-teemme\/projektit\/#breadcrumb"},"inLanguage":"fi","potentialAction":[{"@type":"ReadAction","target":["https:\/\/rotary.fi\/kuusankoski\/mita-teemme\/projektit\/"]}]},{"@type":"BreadcrumbList","@id":"https:\/\/rotary.fi\/kuusankoski\/mita-teemme\/projektit\/#breadcrumb","itemListElement":[{"@type":"ListItem","position":1,"name":"Home","item":"https:\/\/rotary.fi\/kuusankoski\/"},{"@type":"ListItem","position":2,"name":"Mit\u00e4 teemme","item":"https:\/\/rotary.fi\/kuusankoski\/mita-teemme\/"},{"@type":"ListItem","position":3,"name":"Projektit"}]},{"@type":"WebSite","@id":"https:\/\/rotary.fi\/kuusankoski\/#website","url":"https:\/\/rotary.fi\/kuusankoski\/","name":"Kuusankosken Rotaryklubi","description":"Uusi Rotary klubisivusto","potentialAction":[{"@type":"SearchAction","target":{"@type":"EntryPoint","urlTemplate":"https:\/\/rotary.fi\/kuusankoski\/?s={search_term_string}"},"query-input":{"@type":"PropertyValueSpecification","valueRequired":true,"valueName":"search_term_string"}}],"inLanguage":"fi"}]}},"lang":"fi","translations":{"fi":156},"pll_sync_post":[],"_links":{"self":[{"href":"https:\/\/rotary.fi\/kuusankoski\/wp-json\/wp\/v2\/pages\/156","targetHints":{"allow":["GET"]}}],"collection":[{"href":"https:\/\/rotary.fi\/kuusankoski\/wp-json\/wp\/v2\/pages"}],"about":[{"href":"https:\/\/rotary.fi\/kuusankoski\/wp-json\/wp\/v2\/types\/page"}],"author":[{"embeddable":true,"href":"https:\/\/rotary.fi\/kuusankoski\/wp-json\/wp\/v2\/users\/1"}],"replies":[{"embeddable":true,"href":"https:\/\/rotary.fi\/kuusankoski\/wp-json\/wp\/v2\/comments?post=156"}],"version-history":[{"count":22,"href":"https:\/\/rotary.fi\/kuusankoski\/wp-json\/wp\/v2\/pages\/156\/revisions"}],"predecessor-version":[{"id":2617,"href":"https:\/\/rotary.fi\/kuusankoski\/wp-json\/wp\/v2\/pages\/156\/revisions\/2617"}],"up":[{"embeddable":true,"href":"https:\/\/rotary.fi\/kuusankoski\/wp-json\/wp\/v2\/pages\/77"}],"wp:attachment":[{"href":"https:\/\/rotary.fi\/kuusankoski\/wp-json\/wp\/v2\/media?parent=156"}],"curies":[{"name":"wp","href":"https:\/\/api.w.org\/{rel}","templated":true}]}}