{"id":142,"date":"2018-08-10T14:04:45","date_gmt":"2018-08-10T11:04:45","guid":{"rendered":"https:\/\/rotary.fi\/klubi2\/?page_id=142"},"modified":"2024-01-28T17:25:12","modified_gmt":"2024-01-28T15:25:12","slug":"ilo-esitella","status":"publish","type":"page","link":"https:\/\/rotary.fi\/kuusankoski\/keita-olemme\/ilo-esitella\/","title":{"rendered":"Ilo esitell\u00e4"},"content":{"rendered":"<p>[et_pb_section fb_built=&#8221;1&#8243; module_class=&#8221;jumbotron-page&#8221; _builder_version=&#8221;4.16&#8243; background_image=&#8221;https:\/\/rotary.fi\/kuusankoski\/wp-content\/uploads\/sites\/40\/2018\/10\/rotary_klubit_alasivu_paakuva_14.jpg&#8221; global_colors_info=&#8221;{}&#8221;][et_pb_row _builder_version=&#8221;4.16&#8243; background_size=&#8221;initial&#8221; background_position=&#8221;top_left&#8221; background_repeat=&#8221;repeat&#8221; global_colors_info=&#8221;{}&#8221;][et_pb_column type=&#8221;4_4&#8243; _builder_version=&#8221;4.16&#8243; custom_padding=&#8221;|||&#8221; global_colors_info=&#8221;{}&#8221; custom_padding__hover=&#8221;|||&#8221;][et_pb_text admin_label=&#8221;P\u00e4\u00e4otsikko&#8221; _builder_version=&#8221;4.16&#8243; text_orientation=&#8221;center&#8221; background_layout=&#8221;dark&#8221; global_colors_info=&#8221;{}&#8221;]<\/p>\n<h1><strong>Ilo esitell\u00e4<\/strong><\/h1>\n<p>[\/et_pb_text][\/et_pb_column][\/et_pb_row][\/et_pb_section][et_pb_section fb_built=&#8221;1&#8243; specialty=&#8221;on&#8221; module_class_2=&#8221;sivupalkki&#8221; _builder_version=&#8221;4.16&#8243; global_colors_info=&#8221;{}&#8221;][et_pb_column type=&#8221;2_3&#8243; specialty_columns=&#8221;2&#8243; _builder_version=&#8221;4.16&#8243; custom_padding=&#8221;|||&#8221; global_colors_info=&#8221;{}&#8221; custom_padding__hover=&#8221;|||&#8221;][et_pb_row_inner admin_label=&#8221;Rivi&#8221; _builder_version=&#8221;4.16&#8243; global_colors_info=&#8221;{}&#8221;][et_pb_column_inner saved_specialty_column_type=&#8221;2_3&#8243; _builder_version=&#8221;4.16&#8243; custom_padding=&#8221;|||&#8221; global_colors_info=&#8221;{}&#8221; custom_padding__hover=&#8221;|||&#8221;][et_pb_text admin_label=&#8221;Ilo esitell\u00e4 &#8211; Otsikko&#8221; _builder_version=&#8221;4.16&#8243; text_orientation=&#8221;center&#8221; global_colors_info=&#8221;{}&#8221;]<\/p>\n<h1>Ilo esitell\u00e4 kunnon kuusaalain<\/h1>\n<p>[\/et_pb_text][et_pb_text admin_label=&#8221;Teksti&#8221; _builder_version=&#8221;4.22.1&#8243; hover_enabled=&#8221;0&#8243; global_colors_info=&#8221;{}&#8221; sticky_enabled=&#8221;0&#8243;]<\/p>\n<p><img loading=\"lazy\" decoding=\"async\" class=\" wp-image-1591\" style=\"font-weight: bold\" src=\"https:\/\/rotary.fi\/kuusankoski\/wp-content\/uploads\/sites\/40\/2019\/01\/kunnon-kuusaalain2-2-300x227.jpg\" alt=\"\" width=\"269\" height=\"203\" \/><\/p>\n<p>Kunnon kuusaalain 2016\u00a0 arkkitehti Rurik Wasastjerna<\/p>\n<p><div id=\"attachment_1544\" style=\"width: 278px\" class=\"wp-caption alignnone\"><img loading=\"lazy\" decoding=\"async\" aria-describedby=\"caption-attachment-1544\" class=\" wp-image-1544\" src=\"https:\/\/rotary.fi\/kuusankoski\/wp-content\/uploads\/sites\/40\/2019\/01\/lassi-kujala-4-300x201.jpg\" alt=\"\" width=\"268\" height=\"180\" srcset=\"https:\/\/rotary.fi\/kuusankoski\/wp-content\/uploads\/sites\/40\/2019\/01\/lassi-kujala-4-300x201.jpg 300w, https:\/\/rotary.fi\/kuusankoski\/wp-content\/uploads\/sites\/40\/2019\/01\/lassi-kujala-4-768x515.jpg 768w, https:\/\/rotary.fi\/kuusankoski\/wp-content\/uploads\/sites\/40\/2019\/01\/lassi-kujala-4-1024x687.jpg 1024w, https:\/\/rotary.fi\/kuusankoski\/wp-content\/uploads\/sites\/40\/2019\/01\/lassi-kujala-4-1080x724.jpg 1080w, https:\/\/rotary.fi\/kuusankoski\/wp-content\/uploads\/sites\/40\/2019\/01\/lassi-kujala-4.jpg 1233w\" sizes=\"(max-width: 268px) 100vw, 268px\" \/><p id=\"caption-attachment-1544\" class=\"wp-caption-text\">Kunnon kuusaalain 2017 luontokuvaaja Lassi Kujala<\/p><\/div><div id=\"attachment_1739\" style=\"width: 282px\" class=\"wp-caption alignleft\"><img loading=\"lazy\" decoding=\"async\" aria-describedby=\"caption-attachment-1739\" class=\" wp-image-1739\" src=\"https:\/\/rotary.fi\/kuusankoski\/wp-content\/uploads\/sites\/40\/2019\/02\/kimmo-seppanen-e1549653958926.jpg\" alt=\"\" width=\"272\" height=\"181\" \/><p id=\"caption-attachment-1739\" class=\"wp-caption-text\">Kunnon kuusaalain 2018 kirastoemanuenssi Kimmo Sepp\u00e4nen<\/p><\/div><\/p>\n<h4>\u00a0<\/h4>\n<h4>\u00a0<\/h4>\n<h4>\u00a0<\/h4>\n<h4>\u00a0<\/h4>\n<p>&nbsp;<\/p>\n<p><div id=\"attachment_1768\" style=\"width: 310px\" class=\"wp-caption alignnone\"><img loading=\"lazy\" decoding=\"async\" aria-describedby=\"caption-attachment-1768\" class=\"size-medium wp-image-1768\" src=\"https:\/\/rotary.fi\/kuusankoski\/wp-content\/uploads\/sites\/40\/2019\/02\/n99dv4krraorlybhhtd82q_thumb_133d-300x206.jpg\" alt=\"\" width=\"300\" height=\"206\" srcset=\"https:\/\/rotary.fi\/kuusankoski\/wp-content\/uploads\/sites\/40\/2019\/02\/n99dv4krraorlybhhtd82q_thumb_133d-300x206.jpg 300w, https:\/\/rotary.fi\/kuusankoski\/wp-content\/uploads\/sites\/40\/2019\/02\/n99dv4krraorlybhhtd82q_thumb_133d-768x526.jpg 768w, https:\/\/rotary.fi\/kuusankoski\/wp-content\/uploads\/sites\/40\/2019\/02\/n99dv4krraorlybhhtd82q_thumb_133d-1024x702.jpg 1024w, https:\/\/rotary.fi\/kuusankoski\/wp-content\/uploads\/sites\/40\/2019\/02\/n99dv4krraorlybhhtd82q_thumb_133d.jpg 1071w\" sizes=\"(max-width: 300px) 100vw, 300px\" \/><p id=\"caption-attachment-1768\" class=\"wp-caption-text\">Kunnon kuusaalain 2019 Eijaleena Martikainen<\/p><\/div><div id=\"attachment_2274\" style=\"width: 221px\" class=\"wp-caption alignnone\"><img loading=\"lazy\" decoding=\"async\" aria-describedby=\"caption-attachment-2274\" class=\"wp-image-2274 size-medium\" src=\"https:\/\/rotary.fi\/kuusankoski\/wp-content\/uploads\/sites\/40\/2020\/07\/juhani-forsberg-kunnon-kuusaalain-211x300.jpg\" alt=\"\" width=\"211\" height=\"300\" srcset=\"https:\/\/rotary.fi\/kuusankoski\/wp-content\/uploads\/sites\/40\/2020\/07\/juhani-forsberg-kunnon-kuusaalain-211x300.jpg 211w, https:\/\/rotary.fi\/kuusankoski\/wp-content\/uploads\/sites\/40\/2020\/07\/juhani-forsberg-kunnon-kuusaalain.jpg 449w\" sizes=\"(max-width: 211px) 100vw, 211px\" \/><p id=\"caption-attachment-2274\" class=\"wp-caption-text\">Kunnon kuusaalain 2020 Juha Forsberg<\/p><\/div><\/p>\n<p>&nbsp;<\/p>\n<p><div id=\"attachment_2277\" style=\"width: 114px\" class=\"wp-caption alignnone\"><img loading=\"lazy\" decoding=\"async\" aria-describedby=\"caption-attachment-2277\" class=\"wp-image-2277 size-full\" src=\"https:\/\/rotary.fi\/kuusankoski\/wp-content\/uploads\/sites\/40\/2020\/07\/juhani-forsberg.jpg\" alt=\"\" width=\"104\" height=\"152\" \/><p id=\"caption-attachment-2277\" class=\"wp-caption-text\">Kunnon Kuuusaalain 2020 Juhani Forsberg<\/p><\/div><div id=\"attachment_2519\" style=\"width: 177px\" class=\"wp-caption alignnone\"><img loading=\"lazy\" decoding=\"async\" aria-describedby=\"caption-attachment-2519\" class=\"wp-image-2519 size-medium\" src=\"https:\/\/rotary.fi\/kuusankoski\/wp-content\/uploads\/sites\/40\/2021\/02\/reijo-virta-1-167x300.jpg\" alt=\"\" width=\"167\" height=\"300\" srcset=\"https:\/\/rotary.fi\/kuusankoski\/wp-content\/uploads\/sites\/40\/2021\/02\/reijo-virta-1-167x300.jpg 167w, https:\/\/rotary.fi\/kuusankoski\/wp-content\/uploads\/sites\/40\/2021\/02\/reijo-virta-1.jpg 171w\" sizes=\"(max-width: 167px) 100vw, 167px\" \/><p id=\"caption-attachment-2519\" class=\"wp-caption-text\">Kunnon kuusaalain 2021 Reijo Virta<\/p><\/div><\/p>\n<p><img loading=\"lazy\" decoding=\"async\" class=\"wp-image-2788 alignnone size-medium\" src=\"https:\/\/rotary.fi\/kuusankoski\/wp-content\/uploads\/sites\/40\/2022\/03\/img-0570-251x300.jpg\" alt=\"\" width=\"251\" height=\"300\" \/><\/p>\n<p>Kunnon kuusaalain 2022 vasemmalla\u00a0 \u00a0 \u00a0 \u00a0 \u00a0 \u00a0 \u00a0 \u00a0 \u00a0 \u00a0 \u00a0 \u00a0 \u00a0 \u00a0 \u00a0 \u00a0 \u00a0 \u00a0 \u00a0 \u00a0 \u00a0 \u00a0 \u00a0 \u00a0 \u00a0 \u00a0 \u00a0 \u00a0 \u00a0 \u00a0 \u00a0 \u00a0 \u00a0 \u00a0 \u00a0 \u00a0 \u00a0 \u00a0 \u00a0 \u00a0 \u00a0 \u00a0 \u00a0 \u00a0 \u00a0 \u00a0 \u00a0 \u00a0 \u00a0 \u00a0 Leena Eloj\u00e4rvi ja oikealla Ulla Nikula<\/p>\n<div id=\"attachment_3306\" style=\"width: 287px\" class=\"wp-caption alignnone\"><img loading=\"lazy\" decoding=\"async\" aria-describedby=\"caption-attachment-3306\" class=\"wp-image-3306 size-medium\" src=\"https:\/\/rotary.fi\/kuusankoski\/wp-content\/uploads\/sites\/40\/2024\/01\/img-1189-277x300.jpg\" alt=\"\" width=\"277\" height=\"300\" \/><p id=\"caption-attachment-3306\" class=\"wp-caption-text\">Kunnon kuusaalain 2023 Hannele L\u00f6ytty vas ja Vieno Viitakare<\/p><\/div>\n<p>&nbsp;<\/p>\n<h4>Klubimme jakaa vuosittain julkisen tunnustuksen henkil\u00f6lle,\u00a0 joka on tehnyt positiivisella tavalla Kuusankoskea tunnetuksi.<\/h4>\n<p>&nbsp;<\/p>\n<p>[\/et_pb_text][\/et_pb_column_inner][\/et_pb_row_inner][\/et_pb_column][et_pb_column type=&#8221;1_3&#8243; _builder_version=&#8221;4.16&#8243; custom_padding=&#8221;|||&#8221; global_colors_info=&#8221;{}&#8221; custom_padding__hover=&#8221;|||&#8221;][et_pb_sidebar area=&#8221;sidebar-1&#8243; module_class=&#8221;sivupalkki_sisalto&#8221; _builder_version=&#8221;4.16&#8243; locked=&#8221;on&#8221; global_colors_info=&#8221;{}&#8221;][\/et_pb_sidebar][\/et_pb_column][\/et_pb_section]<\/p>\n","protected":false},"excerpt":{"rendered":"<p>Ilo esitell\u00e4Ilo esitell\u00e4 kunnon kuusaalain Kunnon kuusaalain 2016\u00a0 arkkitehti Rurik Wasastjerna \u00a0 \u00a0 \u00a0 \u00a0 &nbsp; &nbsp; Kunnon kuusaalain 2022 vasemmalla\u00a0 \u00a0 \u00a0 \u00a0 \u00a0 \u00a0 \u00a0 \u00a0 \u00a0 \u00a0 \u00a0 \u00a0 \u00a0 \u00a0 \u00a0 \u00a0 \u00a0 \u00a0 \u00a0 \u00a0 \u00a0 \u00a0 \u00a0 \u00a0 \u00a0 \u00a0 \u00a0 \u00a0 \u00a0 \u00a0 \u00a0 \u00a0 \u00a0 \u00a0 \u00a0 [&hellip;]<\/p>\n","protected":false},"author":1,"featured_media":0,"parent":129,"menu_order":0,"comment_status":"closed","ping_status":"closed","template":"","meta":{"_acf_changed":false,"_et_pb_use_builder":"on","_et_pb_old_content":"","_et_gb_content_width":"","footnotes":""},"class_list":["post-142","page","type-page","status-publish","hentry"],"acf":[],"yoast_head":"<!-- This site is optimized with the Yoast SEO plugin v27.0 - https:\/\/yoast.com\/product\/yoast-seo-wordpress\/ -->\n<title>Ilo esitell\u00e4 - Kuusankosken Rotaryklubi<\/title>\n<meta name=\"robots\" content=\"index, follow, max-snippet:-1, max-image-preview:large, max-video-preview:-1\" \/>\n<link rel=\"canonical\" href=\"https:\/\/rotary.fi\/kuusankoski\/keita-olemme\/ilo-esitella\/\" \/>\n<meta property=\"og:locale\" content=\"fi_FI\" \/>\n<meta property=\"og:type\" content=\"article\" \/>\n<meta property=\"og:title\" content=\"Ilo esitell\u00e4 - Kuusankosken Rotaryklubi\" \/>\n<meta property=\"og:description\" content=\"Ilo esitell\u00e4Ilo esitell\u00e4 kunnon kuusaalain Kunnon kuusaalain 2016\u00a0 arkkitehti Rurik Wasastjerna \u00a0 \u00a0 \u00a0 \u00a0 &nbsp; &nbsp; Kunnon kuusaalain 2022 vasemmalla\u00a0 \u00a0 \u00a0 \u00a0 \u00a0 \u00a0 \u00a0 \u00a0 \u00a0 \u00a0 \u00a0 \u00a0 \u00a0 \u00a0 \u00a0 \u00a0 \u00a0 \u00a0 \u00a0 \u00a0 \u00a0 \u00a0 \u00a0 \u00a0 \u00a0 \u00a0 \u00a0 \u00a0 \u00a0 \u00a0 \u00a0 \u00a0 \u00a0 \u00a0 \u00a0 [&hellip;]\" \/>\n<meta property=\"og:url\" content=\"https:\/\/rotary.fi\/kuusankoski\/keita-olemme\/ilo-esitella\/\" \/>\n<meta property=\"og:site_name\" content=\"Kuusankosken Rotaryklubi\" \/>\n<meta property=\"article:modified_time\" content=\"2024-01-28T15:25:12+00:00\" \/>\n<meta property=\"og:image\" content=\"https:\/\/rotary.fi\/kuusankoski\/wp-content\/uploads\/sites\/40\/2019\/01\/kunnon-kuusaalain2-2-300x227.jpg\" \/>\n<meta name=\"twitter:card\" content=\"summary_large_image\" \/>\n<meta name=\"twitter:label1\" content=\"Arvioitu lukuaika\" \/>\n\t<meta name=\"twitter:data1\" content=\"2 minuuttia\" \/>\n<script type=\"application\/ld+json\" class=\"yoast-schema-graph\">{\"@context\":\"https:\/\/schema.org\",\"@graph\":[{\"@type\":\"WebPage\",\"@id\":\"https:\/\/rotary.fi\/kuusankoski\/keita-olemme\/ilo-esitella\/\",\"url\":\"https:\/\/rotary.fi\/kuusankoski\/keita-olemme\/ilo-esitella\/\",\"name\":\"Ilo esitell\u00e4 - Kuusankosken Rotaryklubi\",\"isPartOf\":{\"@id\":\"https:\/\/rotary.fi\/kuusankoski\/#website\"},\"primaryImageOfPage\":{\"@id\":\"https:\/\/rotary.fi\/kuusankoski\/keita-olemme\/ilo-esitella\/#primaryimage\"},\"image\":{\"@id\":\"https:\/\/rotary.fi\/kuusankoski\/keita-olemme\/ilo-esitella\/#primaryimage\"},\"thumbnailUrl\":\"https:\/\/rotary.fi\/kuusankoski\/wp-content\/uploads\/sites\/40\/2019\/01\/kunnon-kuusaalain2-2-300x227.jpg\",\"datePublished\":\"2018-08-10T11:04:45+00:00\",\"dateModified\":\"2024-01-28T15:25:12+00:00\",\"breadcrumb\":{\"@id\":\"https:\/\/rotary.fi\/kuusankoski\/keita-olemme\/ilo-esitella\/#breadcrumb\"},\"inLanguage\":\"fi\",\"potentialAction\":[{\"@type\":\"ReadAction\",\"target\":[\"https:\/\/rotary.fi\/kuusankoski\/keita-olemme\/ilo-esitella\/\"]}]},{\"@type\":\"ImageObject\",\"inLanguage\":\"fi\",\"@id\":\"https:\/\/rotary.fi\/kuusankoski\/keita-olemme\/ilo-esitella\/#primaryimage\",\"url\":\"https:\/\/rotary.fi\/kuusankoski\/wp-content\/uploads\/sites\/40\/2019\/01\/kunnon-kuusaalain2-2-e1549652211145.jpg\",\"contentUrl\":\"https:\/\/rotary.fi\/kuusankoski\/wp-content\/uploads\/sites\/40\/2019\/01\/kunnon-kuusaalain2-2-e1549652211145.jpg\",\"width\":158,\"height\":120,\"caption\":\"Kunnon kuusaalain arkkitehti Rurik Wasastjerna\"},{\"@type\":\"BreadcrumbList\",\"@id\":\"https:\/\/rotary.fi\/kuusankoski\/keita-olemme\/ilo-esitella\/#breadcrumb\",\"itemListElement\":[{\"@type\":\"ListItem\",\"position\":1,\"name\":\"Home\",\"item\":\"https:\/\/rotary.fi\/kuusankoski\/\"},{\"@type\":\"ListItem\",\"position\":2,\"name\":\"Keit\u00e4 olemme\",\"item\":\"https:\/\/rotary.fi\/kuusankoski\/keita-olemme\/\"},{\"@type\":\"ListItem\",\"position\":3,\"name\":\"Ilo esitell\u00e4\"}]},{\"@type\":\"WebSite\",\"@id\":\"https:\/\/rotary.fi\/kuusankoski\/#website\",\"url\":\"https:\/\/rotary.fi\/kuusankoski\/\",\"name\":\"Kuusankosken Rotaryklubi\",\"description\":\"Uusi Rotary klubisivusto\",\"potentialAction\":[{\"@type\":\"SearchAction\",\"target\":{\"@type\":\"EntryPoint\",\"urlTemplate\":\"https:\/\/rotary.fi\/kuusankoski\/?s={search_term_string}\"},\"query-input\":{\"@type\":\"PropertyValueSpecification\",\"valueRequired\":true,\"valueName\":\"search_term_string\"}}],\"inLanguage\":\"fi\"}]}<\/script>\n<!-- \/ Yoast SEO plugin. -->","yoast_head_json":{"title":"Ilo esitell\u00e4 - Kuusankosken Rotaryklubi","robots":{"index":"index","follow":"follow","max-snippet":"max-snippet:-1","max-image-preview":"max-image-preview:large","max-video-preview":"max-video-preview:-1"},"canonical":"https:\/\/rotary.fi\/kuusankoski\/keita-olemme\/ilo-esitella\/","og_locale":"fi_FI","og_type":"article","og_title":"Ilo esitell\u00e4 - Kuusankosken Rotaryklubi","og_description":"Ilo esitell\u00e4Ilo esitell\u00e4 kunnon kuusaalain Kunnon kuusaalain 2016\u00a0 arkkitehti Rurik Wasastjerna \u00a0 \u00a0 \u00a0 \u00a0 &nbsp; &nbsp; Kunnon kuusaalain 2022 vasemmalla\u00a0 \u00a0 \u00a0 \u00a0 \u00a0 \u00a0 \u00a0 \u00a0 \u00a0 \u00a0 \u00a0 \u00a0 \u00a0 \u00a0 \u00a0 \u00a0 \u00a0 \u00a0 \u00a0 \u00a0 \u00a0 \u00a0 \u00a0 \u00a0 \u00a0 \u00a0 \u00a0 \u00a0 \u00a0 \u00a0 \u00a0 \u00a0 \u00a0 \u00a0 \u00a0 [&hellip;]","og_url":"https:\/\/rotary.fi\/kuusankoski\/keita-olemme\/ilo-esitella\/","og_site_name":"Kuusankosken Rotaryklubi","article_modified_time":"2024-01-28T15:25:12+00:00","og_image":[{"url":"https:\/\/rotary.fi\/kuusankoski\/wp-content\/uploads\/sites\/40\/2019\/01\/kunnon-kuusaalain2-2-300x227.jpg","type":"","width":"","height":""}],"twitter_card":"summary_large_image","twitter_misc":{"Arvioitu lukuaika":"2 minuuttia"},"schema":{"@context":"https:\/\/schema.org","@graph":[{"@type":"WebPage","@id":"https:\/\/rotary.fi\/kuusankoski\/keita-olemme\/ilo-esitella\/","url":"https:\/\/rotary.fi\/kuusankoski\/keita-olemme\/ilo-esitella\/","name":"Ilo esitell\u00e4 - Kuusankosken Rotaryklubi","isPartOf":{"@id":"https:\/\/rotary.fi\/kuusankoski\/#website"},"primaryImageOfPage":{"@id":"https:\/\/rotary.fi\/kuusankoski\/keita-olemme\/ilo-esitella\/#primaryimage"},"image":{"@id":"https:\/\/rotary.fi\/kuusankoski\/keita-olemme\/ilo-esitella\/#primaryimage"},"thumbnailUrl":"https:\/\/rotary.fi\/kuusankoski\/wp-content\/uploads\/sites\/40\/2019\/01\/kunnon-kuusaalain2-2-300x227.jpg","datePublished":"2018-08-10T11:04:45+00:00","dateModified":"2024-01-28T15:25:12+00:00","breadcrumb":{"@id":"https:\/\/rotary.fi\/kuusankoski\/keita-olemme\/ilo-esitella\/#breadcrumb"},"inLanguage":"fi","potentialAction":[{"@type":"ReadAction","target":["https:\/\/rotary.fi\/kuusankoski\/keita-olemme\/ilo-esitella\/"]}]},{"@type":"ImageObject","inLanguage":"fi","@id":"https:\/\/rotary.fi\/kuusankoski\/keita-olemme\/ilo-esitella\/#primaryimage","url":"https:\/\/rotary.fi\/kuusankoski\/wp-content\/uploads\/sites\/40\/2019\/01\/kunnon-kuusaalain2-2-e1549652211145.jpg","contentUrl":"https:\/\/rotary.fi\/kuusankoski\/wp-content\/uploads\/sites\/40\/2019\/01\/kunnon-kuusaalain2-2-e1549652211145.jpg","width":158,"height":120,"caption":"Kunnon kuusaalain arkkitehti Rurik Wasastjerna"},{"@type":"BreadcrumbList","@id":"https:\/\/rotary.fi\/kuusankoski\/keita-olemme\/ilo-esitella\/#breadcrumb","itemListElement":[{"@type":"ListItem","position":1,"name":"Home","item":"https:\/\/rotary.fi\/kuusankoski\/"},{"@type":"ListItem","position":2,"name":"Keit\u00e4 olemme","item":"https:\/\/rotary.fi\/kuusankoski\/keita-olemme\/"},{"@type":"ListItem","position":3,"name":"Ilo esitell\u00e4"}]},{"@type":"WebSite","@id":"https:\/\/rotary.fi\/kuusankoski\/#website","url":"https:\/\/rotary.fi\/kuusankoski\/","name":"Kuusankosken Rotaryklubi","description":"Uusi Rotary klubisivusto","potentialAction":[{"@type":"SearchAction","target":{"@type":"EntryPoint","urlTemplate":"https:\/\/rotary.fi\/kuusankoski\/?s={search_term_string}"},"query-input":{"@type":"PropertyValueSpecification","valueRequired":true,"valueName":"search_term_string"}}],"inLanguage":"fi"}]}},"lang":"fi","translations":{"fi":142},"pll_sync_post":[],"_links":{"self":[{"href":"https:\/\/rotary.fi\/kuusankoski\/wp-json\/wp\/v2\/pages\/142","targetHints":{"allow":["GET"]}}],"collection":[{"href":"https:\/\/rotary.fi\/kuusankoski\/wp-json\/wp\/v2\/pages"}],"about":[{"href":"https:\/\/rotary.fi\/kuusankoski\/wp-json\/wp\/v2\/types\/page"}],"author":[{"embeddable":true,"href":"https:\/\/rotary.fi\/kuusankoski\/wp-json\/wp\/v2\/users\/1"}],"replies":[{"embeddable":true,"href":"https:\/\/rotary.fi\/kuusankoski\/wp-json\/wp\/v2\/comments?post=142"}],"version-history":[{"count":9,"href":"https:\/\/rotary.fi\/kuusankoski\/wp-json\/wp\/v2\/pages\/142\/revisions"}],"predecessor-version":[{"id":3313,"href":"https:\/\/rotary.fi\/kuusankoski\/wp-json\/wp\/v2\/pages\/142\/revisions\/3313"}],"up":[{"embeddable":true,"href":"https:\/\/rotary.fi\/kuusankoski\/wp-json\/wp\/v2\/pages\/129"}],"wp:attachment":[{"href":"https:\/\/rotary.fi\/kuusankoski\/wp-json\/wp\/v2\/media?parent=142"}],"curies":[{"name":"wp","href":"https:\/\/api.w.org\/{rel}","templated":true}]}}