{"id":129,"date":"2018-08-10T13:41:39","date_gmt":"2018-08-10T10:41:39","guid":{"rendered":"https:\/\/rotary.fi\/klubi2\/?page_id=129"},"modified":"2025-07-03T20:16:04","modified_gmt":"2025-07-03T17:16:04","slug":"keita-olemme","status":"publish","type":"page","link":"https:\/\/rotary.fi\/kuusankoski\/keita-olemme\/","title":{"rendered":"Keit\u00e4 olemme"},"content":{"rendered":"<p>[et_pb_section fb_built=&#8221;1&#8243; specialty=&#8221;on&#8221; module_class_2=&#8221;sivupalkki&#8221; _builder_version=&#8221;4.16&#8243; global_colors_info=&#8221;{}&#8221;][et_pb_column type=&#8221;2_3&#8243; specialty_columns=&#8221;2&#8243; _builder_version=&#8221;4.16&#8243; custom_padding=&#8221;|||&#8221; global_colors_info=&#8221;{}&#8221; custom_padding__hover=&#8221;|||&#8221;][et_pb_row_inner admin_label=&#8221;Rivi&#8221; _builder_version=&#8221;4.16&#8243; global_colors_info=&#8221;{}&#8221;][et_pb_column_inner saved_specialty_column_type=&#8221;2_3&#8243; _builder_version=&#8221;4.16&#8243; custom_padding=&#8221;|||&#8221; global_colors_info=&#8221;{}&#8221; parallax__hover=&#8221;off&#8221; parallax_method__hover=&#8221;on&#8221; custom_padding__hover=&#8221;|||&#8221;][et_pb_text admin_label=&#8221;Otsikko&#8221; _builder_version=&#8221;4.16&#8243; text_orientation=&#8221;center&#8221; global_colors_info=&#8221;{}&#8221;]<\/p>\n<h1>Keit\u00e4 olemme<\/h1>\n<p>[\/et_pb_text][et_pb_text admin_label=&#8221;Teksti&#8221; _builder_version=&#8221;4.16&#8243; global_colors_info=&#8221;{}&#8221;]<\/p>\n<p>Kuusankosken Rotaryklubi on 1954 perustettu aktiivinen Kouvolalainen rotaryklubi.\u00a0 Klubissamme on 30 rotaria. Toimintaamme leimaa yhdess\u00e4 viihtyminen,\u00a0 yst\u00e4v\u00e4llisyys,\u00a0 j\u00e4senten ja heid\u00e4n ammattitaidon arvostaminen ja rotaryperheitten huomioiminen. Viikottain kokoonnumme lounaskokoukseen perjantaisin klo 12-13 Kuusankoskella ravintola Koskelassa tai kerran kuukaudessa iltakokouksena eri paikoissa. Tarkemman ohjelman l\u00f6yd\u00e4t nettisivuiltamme\u00a0 t\u00e4st\u00e4 vierest\u00e4 Ajankohtaista kohdasta.<\/p>\n<p>Lounaskokouksessa tapaamme\u00a0 rotarykavereita, lounastamme yhdess\u00e4, sek\u00e4 kuulemme joko klubimme rotarin tai ulkopuolisen asiantuntijan kiinnostavasta aiheesta pit\u00e4m\u00e4n esitelm\u00e4n. Olemme toimineen Kuusankoskella jo yli 70 vuotta. Vaalimme Kuusankosken historiaa ja perinteit\u00e4. T\u00e4\u00e4ll\u00e4 on kaunis Kymijoki ja hienoa Suomen ja teollisuuden historiaa,\u00a0 Kuusankoskelaisittain sanottuna tervetuloa\u00a0 Kuusankoskelle: &#8221;Tuuppa Kuusaalle&#8221;.<\/p>\n<p>Ohjelmassamme on my\u00f6s yhteisi\u00e4 teatteri-, konsertti-, ooppera- ja elokuvamatkoja, sek\u00e4 joskus my\u00f6s ulkomaan matkoja. Teemme my\u00f6s vierailuja Kouvolan seudun yrityksiin, varuskuntiin, ym.<br \/>Klubin omat paikalliset hyv\u00e4ntekev\u00e4isyysprojektit\u00a0kohdistuvat p\u00e4\u00e4asiassa nuoriin sek\u00e4 ymp\u00e4rist\u00f6n- ja vesiensuojeluun.<\/p>\n<p>Klubin tuella nuoria on l\u00e4htenyt Kuusankoskelta l\u00e4hes joka toinen vuosi nuori\u00a0 lukuvuodeksi Rotaryn vuosivaihtoon ymp\u00e4ri maailmaa. Samoin klubin rotarit perheineen ovat huolehtineet is\u00e4nt\u00e4perhein\u00e4 Kuusankoskelle tulleista vaihto-oppilaista. Klubi ja sen j\u00e4senet tukevat vuosittain Rotarys\u00e4\u00e4ti\u00f6n toimintaa ja sen kautta rotarien maailmanlaajuisia hyv\u00e4ntekev\u00e4isyyshankkeita.<\/p>\n<p>Kouvolassa toimii kolme rotaryklubia Kuusankosken klubin lis\u00e4ksi, Kouvolan Rotaryklubi ja Elim\u00e4en Rotaryklubi.<\/p>\n<p>&nbsp;<\/p>\n<p>[\/et_pb_text][\/et_pb_column_inner][\/et_pb_row_inner][\/et_pb_column][et_pb_column type=&#8221;1_3&#8243; _builder_version=&#8221;4.16&#8243; custom_padding=&#8221;|||&#8221; global_colors_info=&#8221;{}&#8221; custom_padding__hover=&#8221;|||&#8221;][et_pb_sidebar area=&#8221;sidebar-1&#8243; module_class=&#8221;sivupalkki_sisalto&#8221; _builder_version=&#8221;4.16&#8243; locked=&#8221;on&#8221; global_colors_info=&#8221;{}&#8221;][\/et_pb_sidebar][\/et_pb_column][\/et_pb_section][et_pb_section fb_built=&#8221;1&#8243; _builder_version=&#8221;4.16&#8243; global_colors_info=&#8221;{}&#8221;][et_pb_row _builder_version=&#8221;4.16&#8243; background_size=&#8221;initial&#8221; background_position=&#8221;top_left&#8221; background_repeat=&#8221;repeat&#8221; global_colors_info=&#8221;{}&#8221;][et_pb_column _builder_version=&#8221;4.27.4&#8243; _module_preset=&#8221;default&#8221; type=&#8221;4_4&#8243;][et_pb_text admin_label=&#8221;Teksti&#8221; _builder_version=&#8221;4.16&#8243; background_size=&#8221;initial&#8221; background_position=&#8221;top_left&#8221; background_repeat=&#8221;repeat&#8221; width=&#8221;80%&#8221; max_width=&#8221;1080px&#8221; global_colors_info=&#8221;{}&#8221;]<\/p>\n<p style=\"text-align: left\"><span style=\"color: #0c71c3\"><strong>\u00a0 Harrastus, jolla on tarkoitus<\/strong><\/span><\/p>\n<p>Rotary tekee monella tapaa hyv\u00e4\u00e4. Niin my\u00f6s klubimme. Tuemme Rotarys\u00e4\u00e4ti\u00f6n kautta rotaryn kansainv\u00e4lisi\u00e4 hankkeita, joista t\u00e4rkein on Polion h\u00e4vitt\u00e4minen maailmasta &#8211; siin\u00e4 olemme jo l\u00e4hell\u00e4. Lis\u00e4ksi Rorary tukee mm. rauhan edist\u00e4misen\u00a0 ja konfliktien torjunnan koulutusta, lasten ja \u00e4itien terveydenhoitoa, ymp\u00e4rist\u00f6n ja vesien suojelua. Kansainv\u00e4lisiss\u00e4 projektissa on usein mukana kumppaneita mm. Unisef, YK, Maailman terveyss\u00e4\u00e4ti\u00f6, Bill ja Melinda Gatesin S\u00e4\u00e4ti\u00f6 ja eri valtiot. Rotary on valittu jo 5\u00a0 vuotena maailman tehokkaimmaksi vapaaehtoisuuteen perustuvaksi j\u00e4rjest\u00f6ksi.<\/p>\n<p>Rotareita on yli 1,2 miljoonaa. Se on my\u00f6s maailman suurimpia aitoja verkostoja &#8211; jokainen rotari on\u00a0 tervetullut vierailulle mihin tahansa maailman\u00a0 yli 35.000 klubista.\u00a0 Rauhaa Rotary edist\u00e4\u00e4\u00a0 jo olemassaolollaan, toimien yli 200\u00a0 maassa ja tehden vain hyv\u00e4\u00e4. Rotaryyn\u00a0 ei liity politiikka tai uskontoa,\u00a0 jokainen\u00a0 voi liitty\u00e4 j\u00e4seneksi,\u00a0 rotuun tai\u00a0 uskontoon katsomatta, kun hyv\u00e4ksyy rotaryn eettiset periaatteet.<\/p>\n<p><strong>Klubimme toimintaa<\/strong><\/p>\n<p>N\u00e4kyv\u00e4\u00e4 toimintaamme on klubimme nuorisovaihto. Kauttamme l\u00e4htee l\u00e4hes joka toinen vuosi nuori eri puolille maailmaa mm. USA. Meksiko, Australia, Eurooppa, nuoria lukuvuodeksi vuosivaihtoon. Asuen vuoden siell\u00e4 rotaryperheiss\u00e4\u00a0 ja opiskellen. Vastaavasti otamme Kuusankoskelle vuodeksi\u00a0 vaihto-oppilaita, jotka asuvat t\u00e4\u00e4ll\u00e4 rotaryperheiss\u00e4. Kes\u00e4isin nuoria l\u00e4htee kansainv\u00e4liseille kes\u00e4leirille, joita on eri teemoilla vuosittain yli 100.\u00a0 Rotaryn nuorisovaihto on turvallista ja edullista.<\/p>\n<p><strong>Klubimme projekteja<\/strong>:<\/p>\n<p><strong>Kunnon kuusaalain huomionosoitus<\/strong>\u00a0 12 vuoden ajan olemme antaneet julkisen tunnustuksen\u00a0 \u00a0Kuusankoskelaiselle henkil\u00f6lle,\u00a0 joka on tehnyt Kuusankoskea tunnetuksi tai toiminut toiminut Kuusankosken hyv\u00e4ksi.<\/p>\n<p>S<strong>inilev\u00e4seuranta,<\/strong> yhteisty\u00f6ss\u00e4 Suomen Ymp\u00e4rist\u00f6keskuksen ja Kouvolan kaupungin kanssa seuraamme viikoittain\u00a0 Sompasen ja S\u00e4kkien uimarantojen sinilev\u00e4tilannetta ja raportoimme sinilev\u00e4tilanteesta Suomen Ymp\u00e4rist\u00f6keskukselle sek\u00e4 Kouvolan kaupungin terveysviranomaisille.<\/p>\n<p><strong>Joulunajan yhteisty\u00f6 Kuusankosken seurakunnan Diakoniaty\u00f6n kanssa, <\/strong>usean vuoden ajan olemme lahjoittaneet yhdess\u00e4 v\u00e4h\u00e4varaisille perheille joulun alla lahjakortteja elintarvikeliikkeisiin<\/p>\n<p><strong>Hyv\u00e4 tavat ja ty\u00f6el\u00e4m\u00e4<\/strong>,\u00a0 olemme k\u00e4yneet koulussa kertomassa 6-luokkalisille, hyvist\u00e4 ja oikeista tavoista ty\u00f6t\u00e4 hakiessa, ty\u00f6ss\u00e4 ollessa, k\u00e4ytt\u00e4ytymisest\u00e4 netiss\u00e4, laskujen hoitamisen t\u00e4rkeydest\u00e4 ym.\u00a0 \u00a0 \u00a0 \u00a0 \u00a0 \u00a0 \u00a0 \u00a0 \u00a0 \u00a0 \u00a0 \u00a0 \u00a0 \u00a0 \u00a0 \u00a0 \u00a0 \u00a0 \u00a0 \u00a0 \u00a0 \u00a0 \u00a0 \u00a0 \u00a0 \u00a0 \u00a0 \u00a0 \u00a0 \u00a0<\/p>\n<p><strong>Harrastusmahdollisuuksia nuorille<\/strong>,\u00a0 yhdess\u00e4 Kouvolan kaupungin etsiv\u00e4n nuorisoty\u00f6n kanssa olemme vieneet syrj\u00e4ytymisvaarassa olevia nuoria tutustumaan erilaisiin harrastusmahdollisuuksiin\u00a0 esim. s\u00e4hly, golf, kalastus, jousiammunta ym. Olemme antaneet my\u00f6s taloudellista tukea harrastuksen aloittamiseen.<\/p>\n<p><strong>Koulujemme l\u00e4hivedet<\/strong>, yhdess\u00e4 UPM Kymmenen kanssa lahjoitimme Kouvolan 12 yl\u00e4koululle repulliset vesientutkimusv\u00e4lineit\u00e4 opastuksineen. V\u00e4lineill\u00e4 nuoret voivat opettajan opastuksella seurata valitsemansa l\u00e4hivesist\u00f6n tilaa ja sen muutosta sek\u00e4 raportoida tulokset nettiin.<\/p>\n<p><strong>Sri Lanka Nepali projekti <\/strong>olemme jo 11 vuoden ajan tukeneen\u00a0 mm. k\u00f6yhien perheitten nuorten tytt\u00f6jen koulunk\u00e4ynti\u00e4-koulupukuja, kirjoja yms. kyl\u00e4n j\u00e4te-\u00a0 ja ymp\u00e4rist\u00f6nhuollon j\u00e4rjest\u00e4mist\u00e4.<\/p>\n<p>\u00a0<strong>K\u00e4ytettyjen koulukalusteiden vienti Viroon<\/strong> P\u00e4rnun ymp\u00e4rist\u00f6n maaseutukouluille,\u00a0 yhdess\u00e4 mm. Kuopion ja Heinolan rotaryklubien kanssa koulujen k\u00e4yt\u00f6st\u00e4 poistettuja ja tuhottavaksi menevi\u00e4 koulukalusteita P\u00e4rnuun, jossa P\u00e4rnun rotaryklubi jakaa ne p\u00e4\u00e4asiassa\u00a0 ymp\u00e4rist\u00f6n maaseudun pienten koulujen k\u00e4ytt\u00f6\u00f6n.<strong>\u00a0 \u00a0 \u00a0 \u00a0 \u00a0 \u00a0 \u00a0 \u00a0 \u00a0 \u00a0 \u00a0 \u00a0 \u00a0 \u00a0 \u00a0 \u00a0 \u00a0 \u00a0 \u00a0 \u00a0 \u00a0 \u00a0 \u00a0 \u00a0 \u00a0 \u00a0 \u00a0 \u00a0 \u00a0 \u00a0 \u00a0 \u00a0 \u00a0 \u00a0 \u00a0 \u00a0 \u00a0 \u00a0 \u00a0 \u00a0 \u00a0 \u00a0 \u00a0 \u00a0 \u00a0 \u00a0 \u00a0 \u00a0 \u00a0 \u00a0 \u00a0 \u00a0 \u00a0 \u00a0 \u00a0 \u00a0 \u00a0 \u00a0 \u00a0 \u00a0 \u00a0 \u00a0 \u00a0 \u00a0 \u00a0\u00a0<\/strong><\/p>\n<p><strong>Pikkuiset projekti<\/strong>, lahjoitamme Kouvolan neuvoloille siki\u00f6nukkesarjan, jonka avulla voidaan kouluilla ja muualla n\u00e4ytt\u00e4\u00e4 konkreettisesti nuorille tyt\u00f6ille ja naisille n\u00e4ytt\u00e4\u00e4\u00a0 mit\u00e4 tupakointi ja alkoholi vaikuttaa siki\u00f6vauvan kehitykseen eri kehitysvaiheissa<\/p>\n<p>[\/et_pb_text][\/et_pb_column][\/et_pb_row][\/et_pb_section]<\/p>\n","protected":false},"excerpt":{"rendered":"<p>Keit\u00e4 olemmeKuusankosken Rotaryklubi on 1954 perustettu aktiivinen Kouvolalainen rotaryklubi.\u00a0 Klubissamme on 30 rotaria. Toimintaamme leimaa yhdess\u00e4 viihtyminen,\u00a0 yst\u00e4v\u00e4llisyys,\u00a0 j\u00e4senten ja heid\u00e4n ammattitaidon arvostaminen ja rotaryperheitten huomioiminen. Viikottain kokoonnumme lounaskokoukseen perjantaisin klo 12-13 Kuusankoskella ravintola Koskelassa tai kerran kuukaudessa iltakokouksena eri paikoissa. Tarkemman ohjelman l\u00f6yd\u00e4t nettisivuiltamme\u00a0 t\u00e4st\u00e4 vierest\u00e4 Ajankohtaista kohdasta. Lounaskokouksessa tapaamme\u00a0 rotarykavereita, lounastamme yhdess\u00e4, sek\u00e4 [&hellip;]<\/p>\n","protected":false},"author":1,"featured_media":0,"parent":0,"menu_order":0,"comment_status":"closed","ping_status":"closed","template":"","meta":{"_acf_changed":false,"_et_pb_use_builder":"on","_et_pb_old_content":"","_et_gb_content_width":"","footnotes":""},"class_list":["post-129","page","type-page","status-publish","hentry"],"acf":[],"yoast_head":"<!-- This site is optimized with the Yoast SEO plugin v27.0 - https:\/\/yoast.com\/product\/yoast-seo-wordpress\/ -->\n<title>Keit\u00e4 olemme - Kuusankosken Rotaryklubi<\/title>\n<meta name=\"robots\" content=\"index, follow, max-snippet:-1, max-image-preview:large, max-video-preview:-1\" \/>\n<link rel=\"canonical\" href=\"https:\/\/rotary.fi\/kuusankoski\/keita-olemme\/\" \/>\n<meta property=\"og:locale\" content=\"fi_FI\" \/>\n<meta property=\"og:type\" content=\"article\" \/>\n<meta property=\"og:title\" content=\"Keit\u00e4 olemme - Kuusankosken Rotaryklubi\" \/>\n<meta property=\"og:description\" content=\"Keit\u00e4 olemmeKuusankosken Rotaryklubi on 1954 perustettu aktiivinen Kouvolalainen rotaryklubi.\u00a0 Klubissamme on 30 rotaria. Toimintaamme leimaa yhdess\u00e4 viihtyminen,\u00a0 yst\u00e4v\u00e4llisyys,\u00a0 j\u00e4senten ja heid\u00e4n ammattitaidon arvostaminen ja rotaryperheitten huomioiminen. Viikottain kokoonnumme lounaskokoukseen perjantaisin klo 12-13 Kuusankoskella ravintola Koskelassa tai kerran kuukaudessa iltakokouksena eri paikoissa. Tarkemman ohjelman l\u00f6yd\u00e4t nettisivuiltamme\u00a0 t\u00e4st\u00e4 vierest\u00e4 Ajankohtaista kohdasta. Lounaskokouksessa tapaamme\u00a0 rotarykavereita, lounastamme yhdess\u00e4, sek\u00e4 [&hellip;]\" \/>\n<meta property=\"og:url\" content=\"https:\/\/rotary.fi\/kuusankoski\/keita-olemme\/\" \/>\n<meta property=\"og:site_name\" content=\"Kuusankosken Rotaryklubi\" \/>\n<meta property=\"article:modified_time\" content=\"2025-07-03T17:16:04+00:00\" \/>\n<meta name=\"twitter:card\" content=\"summary_large_image\" \/>\n<meta name=\"twitter:label1\" content=\"Arvioitu lukuaika\" \/>\n\t<meta name=\"twitter:data1\" content=\"5 minuuttia\" \/>\n<script type=\"application\/ld+json\" class=\"yoast-schema-graph\">{\"@context\":\"https:\/\/schema.org\",\"@graph\":[{\"@type\":\"WebPage\",\"@id\":\"https:\/\/rotary.fi\/kuusankoski\/keita-olemme\/\",\"url\":\"https:\/\/rotary.fi\/kuusankoski\/keita-olemme\/\",\"name\":\"Keit\u00e4 olemme - Kuusankosken Rotaryklubi\",\"isPartOf\":{\"@id\":\"https:\/\/rotary.fi\/kuusankoski\/#website\"},\"datePublished\":\"2018-08-10T10:41:39+00:00\",\"dateModified\":\"2025-07-03T17:16:04+00:00\",\"breadcrumb\":{\"@id\":\"https:\/\/rotary.fi\/kuusankoski\/keita-olemme\/#breadcrumb\"},\"inLanguage\":\"fi\",\"potentialAction\":[{\"@type\":\"ReadAction\",\"target\":[\"https:\/\/rotary.fi\/kuusankoski\/keita-olemme\/\"]}]},{\"@type\":\"BreadcrumbList\",\"@id\":\"https:\/\/rotary.fi\/kuusankoski\/keita-olemme\/#breadcrumb\",\"itemListElement\":[{\"@type\":\"ListItem\",\"position\":1,\"name\":\"Home\",\"item\":\"https:\/\/rotary.fi\/kuusankoski\/\"},{\"@type\":\"ListItem\",\"position\":2,\"name\":\"Keit\u00e4 olemme\"}]},{\"@type\":\"WebSite\",\"@id\":\"https:\/\/rotary.fi\/kuusankoski\/#website\",\"url\":\"https:\/\/rotary.fi\/kuusankoski\/\",\"name\":\"Kuusankosken Rotaryklubi\",\"description\":\"Uusi Rotary klubisivusto\",\"potentialAction\":[{\"@type\":\"SearchAction\",\"target\":{\"@type\":\"EntryPoint\",\"urlTemplate\":\"https:\/\/rotary.fi\/kuusankoski\/?s={search_term_string}\"},\"query-input\":{\"@type\":\"PropertyValueSpecification\",\"valueRequired\":true,\"valueName\":\"search_term_string\"}}],\"inLanguage\":\"fi\"}]}<\/script>\n<!-- \/ Yoast SEO plugin. -->","yoast_head_json":{"title":"Keit\u00e4 olemme - Kuusankosken Rotaryklubi","robots":{"index":"index","follow":"follow","max-snippet":"max-snippet:-1","max-image-preview":"max-image-preview:large","max-video-preview":"max-video-preview:-1"},"canonical":"https:\/\/rotary.fi\/kuusankoski\/keita-olemme\/","og_locale":"fi_FI","og_type":"article","og_title":"Keit\u00e4 olemme - Kuusankosken Rotaryklubi","og_description":"Keit\u00e4 olemmeKuusankosken Rotaryklubi on 1954 perustettu aktiivinen Kouvolalainen rotaryklubi.\u00a0 Klubissamme on 30 rotaria. Toimintaamme leimaa yhdess\u00e4 viihtyminen,\u00a0 yst\u00e4v\u00e4llisyys,\u00a0 j\u00e4senten ja heid\u00e4n ammattitaidon arvostaminen ja rotaryperheitten huomioiminen. Viikottain kokoonnumme lounaskokoukseen perjantaisin klo 12-13 Kuusankoskella ravintola Koskelassa tai kerran kuukaudessa iltakokouksena eri paikoissa. Tarkemman ohjelman l\u00f6yd\u00e4t nettisivuiltamme\u00a0 t\u00e4st\u00e4 vierest\u00e4 Ajankohtaista kohdasta. Lounaskokouksessa tapaamme\u00a0 rotarykavereita, lounastamme yhdess\u00e4, sek\u00e4 [&hellip;]","og_url":"https:\/\/rotary.fi\/kuusankoski\/keita-olemme\/","og_site_name":"Kuusankosken Rotaryklubi","article_modified_time":"2025-07-03T17:16:04+00:00","twitter_card":"summary_large_image","twitter_misc":{"Arvioitu lukuaika":"5 minuuttia"},"schema":{"@context":"https:\/\/schema.org","@graph":[{"@type":"WebPage","@id":"https:\/\/rotary.fi\/kuusankoski\/keita-olemme\/","url":"https:\/\/rotary.fi\/kuusankoski\/keita-olemme\/","name":"Keit\u00e4 olemme - Kuusankosken Rotaryklubi","isPartOf":{"@id":"https:\/\/rotary.fi\/kuusankoski\/#website"},"datePublished":"2018-08-10T10:41:39+00:00","dateModified":"2025-07-03T17:16:04+00:00","breadcrumb":{"@id":"https:\/\/rotary.fi\/kuusankoski\/keita-olemme\/#breadcrumb"},"inLanguage":"fi","potentialAction":[{"@type":"ReadAction","target":["https:\/\/rotary.fi\/kuusankoski\/keita-olemme\/"]}]},{"@type":"BreadcrumbList","@id":"https:\/\/rotary.fi\/kuusankoski\/keita-olemme\/#breadcrumb","itemListElement":[{"@type":"ListItem","position":1,"name":"Home","item":"https:\/\/rotary.fi\/kuusankoski\/"},{"@type":"ListItem","position":2,"name":"Keit\u00e4 olemme"}]},{"@type":"WebSite","@id":"https:\/\/rotary.fi\/kuusankoski\/#website","url":"https:\/\/rotary.fi\/kuusankoski\/","name":"Kuusankosken Rotaryklubi","description":"Uusi Rotary klubisivusto","potentialAction":[{"@type":"SearchAction","target":{"@type":"EntryPoint","urlTemplate":"https:\/\/rotary.fi\/kuusankoski\/?s={search_term_string}"},"query-input":{"@type":"PropertyValueSpecification","valueRequired":true,"valueName":"search_term_string"}}],"inLanguage":"fi"}]}},"lang":"fi","translations":{"fi":129},"pll_sync_post":[],"_links":{"self":[{"href":"https:\/\/rotary.fi\/kuusankoski\/wp-json\/wp\/v2\/pages\/129","targetHints":{"allow":["GET"]}}],"collection":[{"href":"https:\/\/rotary.fi\/kuusankoski\/wp-json\/wp\/v2\/pages"}],"about":[{"href":"https:\/\/rotary.fi\/kuusankoski\/wp-json\/wp\/v2\/types\/page"}],"author":[{"embeddable":true,"href":"https:\/\/rotary.fi\/kuusankoski\/wp-json\/wp\/v2\/users\/1"}],"replies":[{"embeddable":true,"href":"https:\/\/rotary.fi\/kuusankoski\/wp-json\/wp\/v2\/comments?post=129"}],"version-history":[{"count":9,"href":"https:\/\/rotary.fi\/kuusankoski\/wp-json\/wp\/v2\/pages\/129\/revisions"}],"predecessor-version":[{"id":3796,"href":"https:\/\/rotary.fi\/kuusankoski\/wp-json\/wp\/v2\/pages\/129\/revisions\/3796"}],"wp:attachment":[{"href":"https:\/\/rotary.fi\/kuusankoski\/wp-json\/wp\/v2\/media?parent=129"}],"curies":[{"name":"wp","href":"https:\/\/api.w.org\/{rel}","templated":true}]}}