{"id":165,"date":"2018-08-13T09:52:52","date_gmt":"2018-08-13T06:52:52","guid":{"rendered":"https:\/\/rotary.fi\/kuusamo\/?page_id=165"},"modified":"2020-09-17T12:51:37","modified_gmt":"2020-09-17T09:51:37","slug":"yhteistyo","status":"publish","type":"page","link":"https:\/\/rotary.fi\/kuusamo\/mita-teemme\/yhteistyo\/","title":{"rendered":"Yhteisty\u00f6"},"content":{"rendered":"<p>[et_pb_section fb_built=&#8221;1&#8243; module_class=&#8221;jumbotron-page&#8221; _builder_version=&#8221;3.22&#8243; background_image=&#8221;https:\/\/rotary.fi\/kuusamo\/wp-content\/uploads\/sites\/86\/2018\/08\/rotary_klubit_alasivu_paakuva_6.jpg&#8221;][et_pb_row _builder_version=&#8221;3.25&#8243; background_size=&#8221;initial&#8221; background_position=&#8221;top_left&#8221; background_repeat=&#8221;repeat&#8221;][et_pb_column type=&#8221;4_4&#8243; _builder_version=&#8221;3.0.47&#8243; custom_padding=&#8221;|||&#8221; custom_padding__hover=&#8221;|||&#8221;][et_pb_text admin_label=&#8221;P\u00e4\u00e4otsikko&#8221; _builder_version=&#8221;3.27.4&#8243; text_orientation=&#8221;center&#8221; background_layout=&#8221;dark&#8221;]<\/p>\n<h1>Yhteisty\u00f6<\/h1>\n<p>[\/et_pb_text][\/et_pb_column][\/et_pb_row][\/et_pb_section][et_pb_section fb_built=&#8221;1&#8243; specialty=&#8221;on&#8221; module_class_2=&#8221;sivupalkki&#8221; _builder_version=&#8221;3.22&#8243; inner_max_width=&#8221;none&#8221;][et_pb_column type=&#8221;2_3&#8243; specialty_columns=&#8221;2&#8243; _builder_version=&#8221;3.25&#8243; custom_padding=&#8221;|||&#8221; custom_padding__hover=&#8221;|||&#8221;][et_pb_row_inner admin_label=&#8221;Rivi&#8221; _builder_version=&#8221;3.25&#8243;][et_pb_column_inner saved_specialty_column_type=&#8221;2_3&#8243; _builder_version=&#8221;3.0.47&#8243; custom_padding=&#8221;|||&#8221; custom_padding__hover=&#8221;|||&#8221;][et_pb_text admin_label=&#8221;Otsikko&#8221; _builder_version=&#8221;3.27.4&#8243; text_orientation=&#8221;center&#8221;]<\/p>\n<h1>Yhteisty\u00f6<\/h1>\n<p>[\/et_pb_text][et_pb_text _builder_version=&#8221;4.4.8&#8243; hover_enabled=&#8221;0&#8243; z_index_tablet=&#8221;500&#8243; box_shadow_horizontal_tablet=&#8221;0px&#8221; box_shadow_vertical_tablet=&#8221;0px&#8221; box_shadow_blur_tablet=&#8221;40px&#8221; box_shadow_spread_tablet=&#8221;0px&#8221;]<\/p>\n<p>Klubimme toimii aktiivisesti nuorisovaihdossa sek\u00e4 palvelu- ja hyv\u00e4ntekev\u00e4isyysprojekteissa. Ty\u00f6t\u00e4mme ovat tukeneet monet yhteisty\u00f6kumppanit.<\/p>\n<p><strong>Ty\u00f6t\u00e4mme ovat tukeneet<\/strong><br \/>Kuusamon Rotarykubin j\u00e4senet. Rahoitusta saadaan j\u00e4senilt\u00e4 j\u00e4senmaksun muodossa (131 euroa\/vuosi). Lis\u00e4ksi j\u00e4senet osallistuvat vapaaehtoisesti viikottain j\u00e4rjestettyihin arpajaisiin. Niiden tuotto on toimikausittain noin 1000 euroa. J\u00e4senet osallistuvat kalenterimyyntiin, jonka vuosituotto on noin 2000 euroa. Vuosikalenterin vuosituotto on noin 1000 euroa. J\u00e4senet tekev\u00e4t talkooty\u00f6ll\u00e4 erilaisia projekteja.\u00a0<\/p>\n<p><a href=\"https:\/\/www.holidayclubresorts.com\/fi\/kohteet\/kuusamon-tropiikki\/\">Kuusamon Tropiikki:<\/a> Olemme saaneet viihtyis\u00e4n kokoustilan viikottain sek\u00e4 yhteyshenkil\u00f6n, jonka kautta olemme voineet pyyt\u00e4\u00e4 lis\u00e4palveluja.<\/p>\n<p><a href=\"https:\/\/www.ruskalaukka.fi\/\">Ruska Laukka:<\/a> Saamme ratsastaa ja paistaa makkaraa takkatulen \u00e4\u00e4rell\u00e4. Tilaisuuden tuoton Ruska Laukka lahjoittaa Rotaryn kautta hyv\u00e4ntekev\u00e4isyyteen.\u00a0<\/p>\n<p><a href=\"http:\/\/www.kao.fi\">Kainuun ammattioppilaitos (KAO):<\/a> Hoiditte hienosti Joululugaala 2018 -tilaisuuden j\u00e4rjestely\u00e4 ja koristelut.\u00a0<\/p>\n<p><a href=\"https:\/\/luovi.fi\/paikkakunta\/oulu\/\">Luovi Oulu:<\/a> Oppilasty\u00f6n\u00e4 hoitui upeat kutsut ja esitteet Joulugaala 2018 -tilaisuuteen.\u00a0<\/p>\n<p><a href=\"https:\/\/hengarilla-womens-clothing-store.business.site\/\">Hengarilla:<\/a> J\u00e4rjestitte upean muotin\u00e4yt\u00f6ksen Joulugaala 2018 -tilaisuuteen.\u00a0<\/p>\n<p>Kuljetusliike Erkki Pasanen: Saimme tavaroiden kuljetuksen hyv\u00e4ntekev\u00e4isyystilaisuuteen.\u00a0<\/p>\n<p><strong>Kiit\u00e4mme l\u00e4mpim\u00e4sti Rotarytoiminnalle t\u00e4rke\u00e4st\u00e4 tuesta!<\/strong><\/p>\n<p>Kun haluat osallistua rotareiden ty\u00f6h\u00f6n lahjoittamalla aikaasi tai varoja, ota yst\u00e4v\u00e4llisesti yhteytt\u00e4 klubimme presidentti Eero Nevalaan, nevala.eero@gmail.com<\/p>\n<p>[\/et_pb_text][\/et_pb_column_inner][\/et_pb_row_inner][\/et_pb_column][et_pb_column type=&#8221;1_3&#8243; _builder_version=&#8221;3.25&#8243; custom_padding=&#8221;|||&#8221; custom_padding__hover=&#8221;|||&#8221;][et_pb_sidebar area=&#8221;sidebar-1&#8243; module_class=&#8221;sivupalkki_sisalto&#8221; _builder_version=&#8221;3.4.1&#8243; locked=&#8221;off&#8221;]<br \/>\n[\/et_pb_sidebar][\/et_pb_column][\/et_pb_section]<\/p>\n","protected":false},"excerpt":{"rendered":"<p>Yhteisty\u00f6 Yhteisty\u00f6 Klubimme toimii aktiivisesti nuorisovaihdossa sek\u00e4 palvelu- ja hyv\u00e4ntekev\u00e4isyysprojekteissa. Ty\u00f6t\u00e4mme ovat tukeneet monet yhteisty\u00f6kumppanit. Ty\u00f6t\u00e4mme ovat tukeneetKuusamon Rotarykubin j\u00e4senet. Rahoitusta saadaan j\u00e4senilt\u00e4 j\u00e4senmaksun muodossa (131 euroa\/vuosi). Lis\u00e4ksi j\u00e4senet osallistuvat vapaaehtoisesti viikottain j\u00e4rjestettyihin arpajaisiin. Niiden tuotto on toimikausittain noin 1000 euroa. J\u00e4senet osallistuvat kalenterimyyntiin, jonka vuosituotto on noin 2000 euroa. Vuosikalenterin vuosituotto on noin 1000 [&hellip;]<\/p>\n","protected":false},"author":1,"featured_media":0,"parent":77,"menu_order":0,"comment_status":"closed","ping_status":"closed","template":"","meta":{"_acf_changed":false,"_et_pb_use_builder":"on","_et_pb_old_content":"","_et_gb_content_width":"","footnotes":""},"class_list":["post-165","page","type-page","status-publish","hentry"],"acf":[],"yoast_head":"<!-- This site is optimized with the Yoast SEO plugin v27.0 - https:\/\/yoast.com\/product\/yoast-seo-wordpress\/ -->\n<title>Yhteisty\u00f6 - Kuusamon Rotaryklubi<\/title>\n<meta name=\"robots\" content=\"index, follow, max-snippet:-1, max-image-preview:large, max-video-preview:-1\" \/>\n<link rel=\"canonical\" href=\"https:\/\/rotary.fi\/kuusamo\/mita-teemme\/yhteistyo\/\" \/>\n<meta property=\"og:locale\" content=\"fi_FI\" \/>\n<meta property=\"og:type\" content=\"article\" \/>\n<meta property=\"og:title\" content=\"Yhteisty\u00f6 - Kuusamon Rotaryklubi\" \/>\n<meta property=\"og:description\" content=\"Yhteisty\u00f6 Yhteisty\u00f6 Klubimme toimii aktiivisesti nuorisovaihdossa sek\u00e4 palvelu- ja hyv\u00e4ntekev\u00e4isyysprojekteissa. Ty\u00f6t\u00e4mme ovat tukeneet monet yhteisty\u00f6kumppanit. Ty\u00f6t\u00e4mme ovat tukeneetKuusamon Rotarykubin j\u00e4senet. Rahoitusta saadaan j\u00e4senilt\u00e4 j\u00e4senmaksun muodossa (131 euroa\/vuosi). Lis\u00e4ksi j\u00e4senet osallistuvat vapaaehtoisesti viikottain j\u00e4rjestettyihin arpajaisiin. Niiden tuotto on toimikausittain noin 1000 euroa. J\u00e4senet osallistuvat kalenterimyyntiin, jonka vuosituotto on noin 2000 euroa. Vuosikalenterin vuosituotto on noin 1000 [&hellip;]\" \/>\n<meta property=\"og:url\" content=\"https:\/\/rotary.fi\/kuusamo\/mita-teemme\/yhteistyo\/\" \/>\n<meta property=\"og:site_name\" content=\"Kuusamon Rotaryklubi\" \/>\n<meta property=\"article:modified_time\" content=\"2020-09-17T09:51:37+00:00\" \/>\n<meta name=\"twitter:card\" content=\"summary_large_image\" \/>\n<meta name=\"twitter:label1\" content=\"Arvioitu lukuaika\" \/>\n\t<meta name=\"twitter:data1\" content=\"2 minuuttia\" \/>\n<script type=\"application\/ld+json\" class=\"yoast-schema-graph\">{\"@context\":\"https:\/\/schema.org\",\"@graph\":[{\"@type\":\"WebPage\",\"@id\":\"https:\/\/rotary.fi\/kuusamo\/mita-teemme\/yhteistyo\/\",\"url\":\"https:\/\/rotary.fi\/kuusamo\/mita-teemme\/yhteistyo\/\",\"name\":\"Yhteisty\u00f6 - Kuusamon Rotaryklubi\",\"isPartOf\":{\"@id\":\"https:\/\/rotary.fi\/kuusamo\/#website\"},\"datePublished\":\"2018-08-13T06:52:52+00:00\",\"dateModified\":\"2020-09-17T09:51:37+00:00\",\"breadcrumb\":{\"@id\":\"https:\/\/rotary.fi\/kuusamo\/mita-teemme\/yhteistyo\/#breadcrumb\"},\"inLanguage\":\"fi\",\"potentialAction\":[{\"@type\":\"ReadAction\",\"target\":[\"https:\/\/rotary.fi\/kuusamo\/mita-teemme\/yhteistyo\/\"]}]},{\"@type\":\"BreadcrumbList\",\"@id\":\"https:\/\/rotary.fi\/kuusamo\/mita-teemme\/yhteistyo\/#breadcrumb\",\"itemListElement\":[{\"@type\":\"ListItem\",\"position\":1,\"name\":\"Home\",\"item\":\"https:\/\/rotary.fi\/kuusamo\/\"},{\"@type\":\"ListItem\",\"position\":2,\"name\":\"Mit\u00e4 teemme\",\"item\":\"https:\/\/rotary.fi\/kuusamo\/mita-teemme\/\"},{\"@type\":\"ListItem\",\"position\":3,\"name\":\"Yhteisty\u00f6\"}]},{\"@type\":\"WebSite\",\"@id\":\"https:\/\/rotary.fi\/kuusamo\/#website\",\"url\":\"https:\/\/rotary.fi\/kuusamo\/\",\"name\":\"Kuusamon Rotaryklubi\",\"description\":\"Uusi Rotary klubisivusto\",\"potentialAction\":[{\"@type\":\"SearchAction\",\"target\":{\"@type\":\"EntryPoint\",\"urlTemplate\":\"https:\/\/rotary.fi\/kuusamo\/?s={search_term_string}\"},\"query-input\":{\"@type\":\"PropertyValueSpecification\",\"valueRequired\":true,\"valueName\":\"search_term_string\"}}],\"inLanguage\":\"fi\"}]}<\/script>\n<!-- \/ Yoast SEO plugin. -->","yoast_head_json":{"title":"Yhteisty\u00f6 - Kuusamon Rotaryklubi","robots":{"index":"index","follow":"follow","max-snippet":"max-snippet:-1","max-image-preview":"max-image-preview:large","max-video-preview":"max-video-preview:-1"},"canonical":"https:\/\/rotary.fi\/kuusamo\/mita-teemme\/yhteistyo\/","og_locale":"fi_FI","og_type":"article","og_title":"Yhteisty\u00f6 - Kuusamon Rotaryklubi","og_description":"Yhteisty\u00f6 Yhteisty\u00f6 Klubimme toimii aktiivisesti nuorisovaihdossa sek\u00e4 palvelu- ja hyv\u00e4ntekev\u00e4isyysprojekteissa. Ty\u00f6t\u00e4mme ovat tukeneet monet yhteisty\u00f6kumppanit. Ty\u00f6t\u00e4mme ovat tukeneetKuusamon Rotarykubin j\u00e4senet. Rahoitusta saadaan j\u00e4senilt\u00e4 j\u00e4senmaksun muodossa (131 euroa\/vuosi). Lis\u00e4ksi j\u00e4senet osallistuvat vapaaehtoisesti viikottain j\u00e4rjestettyihin arpajaisiin. Niiden tuotto on toimikausittain noin 1000 euroa. J\u00e4senet osallistuvat kalenterimyyntiin, jonka vuosituotto on noin 2000 euroa. Vuosikalenterin vuosituotto on noin 1000 [&hellip;]","og_url":"https:\/\/rotary.fi\/kuusamo\/mita-teemme\/yhteistyo\/","og_site_name":"Kuusamon Rotaryklubi","article_modified_time":"2020-09-17T09:51:37+00:00","twitter_card":"summary_large_image","twitter_misc":{"Arvioitu lukuaika":"2 minuuttia"},"schema":{"@context":"https:\/\/schema.org","@graph":[{"@type":"WebPage","@id":"https:\/\/rotary.fi\/kuusamo\/mita-teemme\/yhteistyo\/","url":"https:\/\/rotary.fi\/kuusamo\/mita-teemme\/yhteistyo\/","name":"Yhteisty\u00f6 - Kuusamon Rotaryklubi","isPartOf":{"@id":"https:\/\/rotary.fi\/kuusamo\/#website"},"datePublished":"2018-08-13T06:52:52+00:00","dateModified":"2020-09-17T09:51:37+00:00","breadcrumb":{"@id":"https:\/\/rotary.fi\/kuusamo\/mita-teemme\/yhteistyo\/#breadcrumb"},"inLanguage":"fi","potentialAction":[{"@type":"ReadAction","target":["https:\/\/rotary.fi\/kuusamo\/mita-teemme\/yhteistyo\/"]}]},{"@type":"BreadcrumbList","@id":"https:\/\/rotary.fi\/kuusamo\/mita-teemme\/yhteistyo\/#breadcrumb","itemListElement":[{"@type":"ListItem","position":1,"name":"Home","item":"https:\/\/rotary.fi\/kuusamo\/"},{"@type":"ListItem","position":2,"name":"Mit\u00e4 teemme","item":"https:\/\/rotary.fi\/kuusamo\/mita-teemme\/"},{"@type":"ListItem","position":3,"name":"Yhteisty\u00f6"}]},{"@type":"WebSite","@id":"https:\/\/rotary.fi\/kuusamo\/#website","url":"https:\/\/rotary.fi\/kuusamo\/","name":"Kuusamon Rotaryklubi","description":"Uusi Rotary klubisivusto","potentialAction":[{"@type":"SearchAction","target":{"@type":"EntryPoint","urlTemplate":"https:\/\/rotary.fi\/kuusamo\/?s={search_term_string}"},"query-input":{"@type":"PropertyValueSpecification","valueRequired":true,"valueName":"search_term_string"}}],"inLanguage":"fi"}]}},"lang":"fi","translations":{"fi":165},"pll_sync_post":[],"_links":{"self":[{"href":"https:\/\/rotary.fi\/kuusamo\/wp-json\/wp\/v2\/pages\/165","targetHints":{"allow":["GET"]}}],"collection":[{"href":"https:\/\/rotary.fi\/kuusamo\/wp-json\/wp\/v2\/pages"}],"about":[{"href":"https:\/\/rotary.fi\/kuusamo\/wp-json\/wp\/v2\/types\/page"}],"author":[{"embeddable":true,"href":"https:\/\/rotary.fi\/kuusamo\/wp-json\/wp\/v2\/users\/1"}],"replies":[{"embeddable":true,"href":"https:\/\/rotary.fi\/kuusamo\/wp-json\/wp\/v2\/comments?post=165"}],"version-history":[{"count":15,"href":"https:\/\/rotary.fi\/kuusamo\/wp-json\/wp\/v2\/pages\/165\/revisions"}],"predecessor-version":[{"id":2204,"href":"https:\/\/rotary.fi\/kuusamo\/wp-json\/wp\/v2\/pages\/165\/revisions\/2204"}],"up":[{"embeddable":true,"href":"https:\/\/rotary.fi\/kuusamo\/wp-json\/wp\/v2\/pages\/77"}],"wp:attachment":[{"href":"https:\/\/rotary.fi\/kuusamo\/wp-json\/wp\/v2\/media?parent=165"}],"curies":[{"name":"wp","href":"https:\/\/api.w.org\/{rel}","templated":true}]}}