{"id":160,"date":"2018-08-13T09:49:16","date_gmt":"2018-08-13T06:49:16","guid":{"rendered":"https:\/\/rotary.fi\/kuusamo\/?page_id=160"},"modified":"2020-09-17T12:45:51","modified_gmt":"2020-09-17T09:45:51","slug":"yhteiset-projektit","status":"publish","type":"page","link":"https:\/\/rotary.fi\/kuusamo\/mita-teemme\/yhteiset-projektit\/","title":{"rendered":"Yhteiset projektit"},"content":{"rendered":"<p>[et_pb_section fb_built=&#8221;1&#8243; module_class=&#8221;jumbotron-page&#8221; _builder_version=&#8221;3.22&#8243; background_image=&#8221;https:\/\/rotary.fi\/kuusamo\/wp-content\/uploads\/sites\/86\/2018\/10\/rotary_klubit_alasivu_paakuva_15.jpg&#8221;][et_pb_row _builder_version=&#8221;3.25&#8243; background_size=&#8221;initial&#8221; background_position=&#8221;top_left&#8221; background_repeat=&#8221;repeat&#8221;][et_pb_column type=&#8221;4_4&#8243; _builder_version=&#8221;3.0.47&#8243; custom_padding=&#8221;|||&#8221; custom_padding__hover=&#8221;|||&#8221;][et_pb_text admin_label=&#8221;P\u00e4\u00e4otsikko&#8221; _builder_version=&#8221;4.0.5&#8243; text_orientation=&#8221;center&#8221; background_layout=&#8221;dark&#8221;]<\/p>\n<h1>Yhteiset projektit<\/h1>\n<p>[\/et_pb_text][\/et_pb_column][\/et_pb_row][\/et_pb_section][et_pb_section fb_built=&#8221;1&#8243; specialty=&#8221;on&#8221; module_class_2=&#8221;sivupalkki&#8221; _builder_version=&#8221;3.22&#8243; inner_max_width=&#8221;none&#8221;][et_pb_column type=&#8221;2_3&#8243; specialty_columns=&#8221;2&#8243; _builder_version=&#8221;3.25&#8243; custom_padding=&#8221;|||&#8221; custom_padding__hover=&#8221;|||&#8221;][et_pb_row_inner admin_label=&#8221;Rivi&#8221; _builder_version=&#8221;3.25&#8243;][et_pb_column_inner saved_specialty_column_type=&#8221;2_3&#8243; _builder_version=&#8221;3.0.47&#8243; custom_padding=&#8221;|||&#8221; custom_padding__hover=&#8221;|||&#8221;][et_pb_text admin_label=&#8221;Otsikko&#8221; _builder_version=&#8221;3.27.4&#8243; text_orientation=&#8221;center&#8221;]<\/p>\n<h1>Yhteiset projektit<\/h1>\n<p>[\/et_pb_text][et_pb_text _builder_version=&#8221;4.4.8&#8243; hover_enabled=&#8221;0&#8243; z_index_tablet=&#8221;500&#8243; box_shadow_horizontal_tablet=&#8221;0px&#8221; box_shadow_vertical_tablet=&#8221;0px&#8221; box_shadow_blur_tablet=&#8221;40px&#8221; box_shadow_spread_tablet=&#8221;0px&#8221;]<\/p>\n<p>Osallistumme piirimme 1385 yhteisiin koulutus- ja kokousp\u00e4iviin. N\u00e4it\u00e4 ovat mm. PETS -koulutusp\u00e4iv\u00e4t sek\u00e4 piirikonferenssi. Tapahtumissa on mahdollisuus verkostoitua ja saada lis\u00e4tietoa sek\u00e4 uusia ideoita. Lis\u00e4\u00e4 tietoa tapahtumista saat <a href=\"https:\/\/d1385.rotary.fi\/toiminta\/\">piirin 1385 sivulta.\u00a0<\/a><\/p>\n<p>Teemme yhteisty\u00f6t\u00e4 Kuusamon veteraanien kanssa. Me huolehdimme my\u00f6s veteraanien kirjanpidosta, joten avustamme veteraanien kirjanpidon ja tilinp\u00e4\u00e4t\u00f6ksen valmistumista.\u00a0<\/p>\n<p>Olemme tehneet yhteisty\u00f6t\u00e4 tapahtumien j\u00e4rjest\u00e4misess\u00e4 paikkakunnan oppilaitosten ja yritysten kanssa.\u00a0<\/p>\n<p>Kuusamon Rotaryklubi kehitt\u00e4\u00e4 hankkeita, joiden avulla voidaan hankkia apuv\u00e4lineit\u00e4 niit\u00e4 tarvitseville. Viimeisin hanke on <a href=\"http:\/\/www.pikkuiset.fi\">&#8221;Pikkuiset&#8221;<\/a> koulutusv\u00e4lineen hankinta Kuusamon neuvolalle.\u00a0<\/p>\n<p>Olemme mukana huolehtimassa Kuusamon kaupungin muistomerkeist\u00e4.\u00a0<\/p>\n<p>Seuraa toimintaamme. Tiedotamme tulevan vuoden tapahtumista ja osallistumisestamme n\u00e4ihin yhteisiin tapahtumiin n\u00e4ill\u00e4 sivuilla ja sosiaalisen median kanavissamme.<\/p>\n<p>&nbsp;<\/p>\n<p>[\/et_pb_text][\/et_pb_column_inner][\/et_pb_row_inner][\/et_pb_column][et_pb_column type=&#8221;1_3&#8243; _builder_version=&#8221;3.25&#8243; custom_padding=&#8221;|||&#8221; custom_padding__hover=&#8221;|||&#8221;][et_pb_sidebar area=&#8221;sidebar-1&#8243; module_class=&#8221;sivupalkki_sisalto&#8221; _builder_version=&#8221;3.4.1&#8243; locked=&#8221;on&#8221;]<br \/>\n[\/et_pb_sidebar][\/et_pb_column][\/et_pb_section]<\/p>\n","protected":false},"excerpt":{"rendered":"<p>Yhteiset projektit Yhteiset projektit Osallistumme piirimme 1385 yhteisiin koulutus- ja kokousp\u00e4iviin. N\u00e4it\u00e4 ovat mm. PETS -koulutusp\u00e4iv\u00e4t sek\u00e4 piirikonferenssi. Tapahtumissa on mahdollisuus verkostoitua ja saada lis\u00e4tietoa sek\u00e4 uusia ideoita. Lis\u00e4\u00e4 tietoa tapahtumista saat piirin 1385 sivulta.\u00a0 Teemme yhteisty\u00f6t\u00e4 Kuusamon veteraanien kanssa. Me huolehdimme my\u00f6s veteraanien kirjanpidosta, joten avustamme veteraanien kirjanpidon ja tilinp\u00e4\u00e4t\u00f6ksen valmistumista.\u00a0 Olemme tehneet yhteisty\u00f6t\u00e4 [&hellip;]<\/p>\n","protected":false},"author":1,"featured_media":0,"parent":77,"menu_order":0,"comment_status":"closed","ping_status":"closed","template":"","meta":{"_acf_changed":false,"_et_pb_use_builder":"on","_et_pb_old_content":"","_et_gb_content_width":"","footnotes":""},"class_list":["post-160","page","type-page","status-publish","hentry"],"acf":[],"yoast_head":"<!-- This site is optimized with the Yoast SEO plugin v27.4 - https:\/\/yoast.com\/product\/yoast-seo-wordpress\/ -->\n<title>Yhteiset projektit - Kuusamon Rotaryklubi<\/title>\n<meta name=\"robots\" content=\"index, follow, max-snippet:-1, max-image-preview:large, max-video-preview:-1\" \/>\n<link rel=\"canonical\" href=\"https:\/\/rotary.fi\/kuusamo\/mita-teemme\/yhteiset-projektit\/\" \/>\n<meta property=\"og:locale\" content=\"fi_FI\" \/>\n<meta property=\"og:type\" content=\"article\" \/>\n<meta property=\"og:title\" content=\"Yhteiset projektit - Kuusamon Rotaryklubi\" \/>\n<meta property=\"og:description\" content=\"Yhteiset projektit Yhteiset projektit Osallistumme piirimme 1385 yhteisiin koulutus- ja kokousp\u00e4iviin. N\u00e4it\u00e4 ovat mm. PETS -koulutusp\u00e4iv\u00e4t sek\u00e4 piirikonferenssi. Tapahtumissa on mahdollisuus verkostoitua ja saada lis\u00e4tietoa sek\u00e4 uusia ideoita. Lis\u00e4\u00e4 tietoa tapahtumista saat piirin 1385 sivulta.\u00a0 Teemme yhteisty\u00f6t\u00e4 Kuusamon veteraanien kanssa. Me huolehdimme my\u00f6s veteraanien kirjanpidosta, joten avustamme veteraanien kirjanpidon ja tilinp\u00e4\u00e4t\u00f6ksen valmistumista.\u00a0 Olemme tehneet yhteisty\u00f6t\u00e4 [&hellip;]\" \/>\n<meta property=\"og:url\" content=\"https:\/\/rotary.fi\/kuusamo\/mita-teemme\/yhteiset-projektit\/\" \/>\n<meta property=\"og:site_name\" content=\"Kuusamon Rotaryklubi\" \/>\n<meta property=\"article:modified_time\" content=\"2020-09-17T09:45:51+00:00\" \/>\n<meta name=\"twitter:card\" content=\"summary_large_image\" \/>\n<meta name=\"twitter:label1\" content=\"Arvioitu lukuaika\" \/>\n\t<meta name=\"twitter:data1\" content=\"2 minuuttia\" \/>\n<script type=\"application\/ld+json\" class=\"yoast-schema-graph\">{\"@context\":\"https:\\\/\\\/schema.org\",\"@graph\":[{\"@type\":\"WebPage\",\"@id\":\"https:\\\/\\\/rotary.fi\\\/kuusamo\\\/mita-teemme\\\/yhteiset-projektit\\\/\",\"url\":\"https:\\\/\\\/rotary.fi\\\/kuusamo\\\/mita-teemme\\\/yhteiset-projektit\\\/\",\"name\":\"Yhteiset projektit - Kuusamon Rotaryklubi\",\"isPartOf\":{\"@id\":\"https:\\\/\\\/rotary.fi\\\/kuusamo\\\/#website\"},\"datePublished\":\"2018-08-13T06:49:16+00:00\",\"dateModified\":\"2020-09-17T09:45:51+00:00\",\"breadcrumb\":{\"@id\":\"https:\\\/\\\/rotary.fi\\\/kuusamo\\\/mita-teemme\\\/yhteiset-projektit\\\/#breadcrumb\"},\"inLanguage\":\"fi\",\"potentialAction\":[{\"@type\":\"ReadAction\",\"target\":[\"https:\\\/\\\/rotary.fi\\\/kuusamo\\\/mita-teemme\\\/yhteiset-projektit\\\/\"]}]},{\"@type\":\"BreadcrumbList\",\"@id\":\"https:\\\/\\\/rotary.fi\\\/kuusamo\\\/mita-teemme\\\/yhteiset-projektit\\\/#breadcrumb\",\"itemListElement\":[{\"@type\":\"ListItem\",\"position\":1,\"name\":\"Home\",\"item\":\"https:\\\/\\\/rotary.fi\\\/kuusamo\\\/\"},{\"@type\":\"ListItem\",\"position\":2,\"name\":\"Mit\u00e4 teemme\",\"item\":\"https:\\\/\\\/rotary.fi\\\/kuusamo\\\/mita-teemme\\\/\"},{\"@type\":\"ListItem\",\"position\":3,\"name\":\"Yhteiset projektit\"}]},{\"@type\":\"WebSite\",\"@id\":\"https:\\\/\\\/rotary.fi\\\/kuusamo\\\/#website\",\"url\":\"https:\\\/\\\/rotary.fi\\\/kuusamo\\\/\",\"name\":\"Kuusamon Rotaryklubi\",\"description\":\"Uusi Rotary klubisivusto\",\"potentialAction\":[{\"@type\":\"SearchAction\",\"target\":{\"@type\":\"EntryPoint\",\"urlTemplate\":\"https:\\\/\\\/rotary.fi\\\/kuusamo\\\/?s={search_term_string}\"},\"query-input\":{\"@type\":\"PropertyValueSpecification\",\"valueRequired\":true,\"valueName\":\"search_term_string\"}}],\"inLanguage\":\"fi\"}]}<\/script>\n<!-- \/ Yoast SEO plugin. -->","yoast_head_json":{"title":"Yhteiset projektit - Kuusamon Rotaryklubi","robots":{"index":"index","follow":"follow","max-snippet":"max-snippet:-1","max-image-preview":"max-image-preview:large","max-video-preview":"max-video-preview:-1"},"canonical":"https:\/\/rotary.fi\/kuusamo\/mita-teemme\/yhteiset-projektit\/","og_locale":"fi_FI","og_type":"article","og_title":"Yhteiset projektit - Kuusamon Rotaryklubi","og_description":"Yhteiset projektit Yhteiset projektit Osallistumme piirimme 1385 yhteisiin koulutus- ja kokousp\u00e4iviin. N\u00e4it\u00e4 ovat mm. PETS -koulutusp\u00e4iv\u00e4t sek\u00e4 piirikonferenssi. Tapahtumissa on mahdollisuus verkostoitua ja saada lis\u00e4tietoa sek\u00e4 uusia ideoita. Lis\u00e4\u00e4 tietoa tapahtumista saat piirin 1385 sivulta.\u00a0 Teemme yhteisty\u00f6t\u00e4 Kuusamon veteraanien kanssa. Me huolehdimme my\u00f6s veteraanien kirjanpidosta, joten avustamme veteraanien kirjanpidon ja tilinp\u00e4\u00e4t\u00f6ksen valmistumista.\u00a0 Olemme tehneet yhteisty\u00f6t\u00e4 [&hellip;]","og_url":"https:\/\/rotary.fi\/kuusamo\/mita-teemme\/yhteiset-projektit\/","og_site_name":"Kuusamon Rotaryklubi","article_modified_time":"2020-09-17T09:45:51+00:00","twitter_card":"summary_large_image","twitter_misc":{"Arvioitu lukuaika":"2 minuuttia"},"schema":{"@context":"https:\/\/schema.org","@graph":[{"@type":"WebPage","@id":"https:\/\/rotary.fi\/kuusamo\/mita-teemme\/yhteiset-projektit\/","url":"https:\/\/rotary.fi\/kuusamo\/mita-teemme\/yhteiset-projektit\/","name":"Yhteiset projektit - Kuusamon Rotaryklubi","isPartOf":{"@id":"https:\/\/rotary.fi\/kuusamo\/#website"},"datePublished":"2018-08-13T06:49:16+00:00","dateModified":"2020-09-17T09:45:51+00:00","breadcrumb":{"@id":"https:\/\/rotary.fi\/kuusamo\/mita-teemme\/yhteiset-projektit\/#breadcrumb"},"inLanguage":"fi","potentialAction":[{"@type":"ReadAction","target":["https:\/\/rotary.fi\/kuusamo\/mita-teemme\/yhteiset-projektit\/"]}]},{"@type":"BreadcrumbList","@id":"https:\/\/rotary.fi\/kuusamo\/mita-teemme\/yhteiset-projektit\/#breadcrumb","itemListElement":[{"@type":"ListItem","position":1,"name":"Home","item":"https:\/\/rotary.fi\/kuusamo\/"},{"@type":"ListItem","position":2,"name":"Mit\u00e4 teemme","item":"https:\/\/rotary.fi\/kuusamo\/mita-teemme\/"},{"@type":"ListItem","position":3,"name":"Yhteiset projektit"}]},{"@type":"WebSite","@id":"https:\/\/rotary.fi\/kuusamo\/#website","url":"https:\/\/rotary.fi\/kuusamo\/","name":"Kuusamon Rotaryklubi","description":"Uusi Rotary klubisivusto","potentialAction":[{"@type":"SearchAction","target":{"@type":"EntryPoint","urlTemplate":"https:\/\/rotary.fi\/kuusamo\/?s={search_term_string}"},"query-input":{"@type":"PropertyValueSpecification","valueRequired":true,"valueName":"search_term_string"}}],"inLanguage":"fi"}]}},"lang":"fi","translations":{"fi":160},"pll_sync_post":[],"_links":{"self":[{"href":"https:\/\/rotary.fi\/kuusamo\/wp-json\/wp\/v2\/pages\/160","targetHints":{"allow":["GET"]}}],"collection":[{"href":"https:\/\/rotary.fi\/kuusamo\/wp-json\/wp\/v2\/pages"}],"about":[{"href":"https:\/\/rotary.fi\/kuusamo\/wp-json\/wp\/v2\/types\/page"}],"author":[{"embeddable":true,"href":"https:\/\/rotary.fi\/kuusamo\/wp-json\/wp\/v2\/users\/1"}],"replies":[{"embeddable":true,"href":"https:\/\/rotary.fi\/kuusamo\/wp-json\/wp\/v2\/comments?post=160"}],"version-history":[{"count":12,"href":"https:\/\/rotary.fi\/kuusamo\/wp-json\/wp\/v2\/pages\/160\/revisions"}],"predecessor-version":[{"id":2202,"href":"https:\/\/rotary.fi\/kuusamo\/wp-json\/wp\/v2\/pages\/160\/revisions\/2202"}],"up":[{"embeddable":true,"href":"https:\/\/rotary.fi\/kuusamo\/wp-json\/wp\/v2\/pages\/77"}],"wp:attachment":[{"href":"https:\/\/rotary.fi\/kuusamo\/wp-json\/wp\/v2\/media?parent=160"}],"curies":[{"name":"wp","href":"https:\/\/api.w.org\/{rel}","templated":true}]}}