{"id":156,"date":"2018-08-13T09:46:59","date_gmt":"2018-08-13T06:46:59","guid":{"rendered":"https:\/\/rotary.fi\/kuusamo\/?page_id=156"},"modified":"2022-08-01T15:53:00","modified_gmt":"2022-08-01T12:53:00","slug":"projektit","status":"publish","type":"page","link":"https:\/\/rotary.fi\/kuusamo\/mita-teemme\/projektit\/","title":{"rendered":"Projektit"},"content":{"rendered":"<p>[et_pb_section fb_built=&#8221;1&#8243; module_class=&#8221;jumbotron-page&#8221; _builder_version=&#8221;4.16&#8243; background_image=&#8221;https:\/\/rotary.fi\/kuusamo\/wp-content\/uploads\/sites\/86\/2018\/08\/rotary_klubit_alasivu_paakuva_5.jpg&#8221; global_colors_info=&#8221;{}&#8221;][et_pb_row _builder_version=&#8221;4.16&#8243; background_size=&#8221;initial&#8221; background_position=&#8221;top_left&#8221; background_repeat=&#8221;repeat&#8221; global_colors_info=&#8221;{}&#8221;][et_pb_column type=&#8221;4_4&#8243; _builder_version=&#8221;4.16&#8243; custom_padding=&#8221;|||&#8221; global_colors_info=&#8221;{}&#8221; custom_padding__hover=&#8221;|||&#8221;][et_pb_text admin_label=&#8221;P\u00e4\u00e4otsikko&#8221; _builder_version=&#8221;4.16&#8243; text_orientation=&#8221;center&#8221; background_layout=&#8221;dark&#8221; global_colors_info=&#8221;{}&#8221;]<\/p>\n<h1>Projektit<\/h1>\n<p>[\/et_pb_text][\/et_pb_column][\/et_pb_row][\/et_pb_section][et_pb_section fb_built=&#8221;1&#8243; specialty=&#8221;on&#8221; module_class_2=&#8221;sivupalkki&#8221; _builder_version=&#8221;4.16&#8243; inner_max_width=&#8221;none&#8221; global_colors_info=&#8221;{}&#8221;][et_pb_column type=&#8221;2_3&#8243; specialty_columns=&#8221;2&#8243; _builder_version=&#8221;4.16&#8243; custom_padding=&#8221;|||&#8221; global_colors_info=&#8221;{}&#8221; custom_padding__hover=&#8221;|||&#8221;][et_pb_row_inner admin_label=&#8221;Rivi&#8221; _builder_version=&#8221;4.16&#8243; global_colors_info=&#8221;{}&#8221;][et_pb_column_inner saved_specialty_column_type=&#8221;2_3&#8243; _builder_version=&#8221;4.16&#8243; custom_padding=&#8221;|||&#8221; global_colors_info=&#8221;{}&#8221; custom_padding__hover=&#8221;|||&#8221;][et_pb_text admin_label=&#8221;Projektit &#8211; Otsikko&#8221; _builder_version=&#8221;4.16&#8243; text_orientation=&#8221;center&#8221; global_colors_info=&#8221;{}&#8221;]<\/p>\n<h1>Projektit<\/h1>\n<p>[\/et_pb_text][et_pb_text _builder_version=&#8221;4.17.4&#8243; hover_enabled=&#8221;0&#8243; z_index_tablet=&#8221;500&#8243; box_shadow_horizontal_tablet=&#8221;0px&#8221; box_shadow_vertical_tablet=&#8221;0px&#8221; box_shadow_blur_tablet=&#8221;40px&#8221; box_shadow_spread_tablet=&#8221;0px&#8221; global_colors_info=&#8221;{}&#8221; sticky_enabled=&#8221;0&#8243;]<\/p>\n<p>Rotary on palveluj\u00e4rjest\u00f6. Toimimme tunnuslauseemme Palvelu itsekkyyden edelle (Service above self) mukaisesti paikallisesti ja maailmanlaajuisesti. Kansainv\u00e4linen humanit\u00e4\u00e4rinen palvelumme toteutuu Rotarys\u00e4\u00e4ti\u00f6mme koordinoimana ja hyv\u00e4ksyttyjen kumppaneiden kanssa.<\/p>\n<h3>Palveluprojekti Vuosikalenterit<\/h3>\n<p>Palveluprojektikomitea innostaa j\u00e4seni\u00e4 osallistumaan aktiiviseen palvelutoimintaan. Komitean t\u00e4rke\u00e4 teht\u00e4v\u00e4 on suunnitella ja toteuttaa Kuusamon rotarien vuoden taloudellisesti paras palveluprojekti eli vuosikalenterin suunnittelu, valmistus ja myynti (2000 kpl). Ty\u00f6 tehd\u00e4\u00e4n yhteisty\u00f6ss\u00e4 valokuvaaja Hannu Hautalan ja Koillismaan kirjapainon kanssa. Kalenterin valmistumisesta laaditaan tiedote ja j\u00e4rjestet\u00e4\u00e4n tiedotustilaisuus medialle.<\/p>\n<h3>Palveluprojekti: Vuositaulut<\/h3>\n<p>Vuositaulujen myynti aktivoitiin vuonna 2018. Erkki H\u00e4m\u00e4l\u00e4isen tekem\u00e4t taulut kuvaavat Kuusamoa eri puolilta kuntaa. Niiden valmistus aloitettiin jo 1980 ja 1990 luvuilla, mutta myynti keskeytettiin muutamaksi vuosikymmeneksi. Tauluja on esill\u00e4 Kitkantie 26:n n\u00e4yteikkunassa. Niit\u00e4 voi ostaa ilman kehyst\u00e4: iso 60 euroa ja pieni 50 euroa. Tauluja voi my\u00f6s tilata kehystettyin\u00e4: iso 80 euroa ja pieni 60 euroa.<\/p>\n<p>Yhteyshenkil\u00f6mme ovat Timo T\u00f6rm\u00e4nen, timoetormanen@gmail.com, 0400 346922 ja Ky\u00f6sti Tammi, kyostitammikyo@gmail.com, 040 5421484.<\/p>\n<h3>Palveluprojekti: Muistomerkit<\/h3>\n<p>Palveluprojektikomitea on ottanut vastuun kaupungin yhden muistomerkin hoitamisesta, kohteemme on Kuusamotalon edess\u00e4 oleva Sulon ja Juuso-karhun patsas.<\/p>\n<p>Lis\u00e4tietoa asiasta kaupungin kotisivulta: \u00a0 <a href=\"http:\/\/www.kuusamo.fi\/muistomerkkienkunnossapitojarjestelma\">http:\/\/www.kuusamo.fi\/muistomerkkienkunnossapitojarjestelma<\/a><\/p>\n<h3>Rotarys\u00e4\u00e4ti\u00f6komitea, pj. Juhani Alatalo (The Rotary Foundation)<\/h3>\n<p>Komitea innostaa klubin osallistumista s\u00e4\u00e4ti\u00f6n ohjelmiin, pit\u00e4\u00e4 yhteytt\u00e4 muiden klubien rotarys\u00e4\u00e4ti\u00f6komiteoihin ja osallistuu piirin rotarys\u00e4\u00e4ti\u00f6seminaareihin. Alakomiteat toimivat vastuualueidensa asiantuntijoina ja toimivat niihin liittyen yhteisty\u00f6ss\u00e4 klubien kanssa.<\/p>\n<p>Osalta Kuusamon rotareilta puuttuu viel\u00e4 PHF (Paul Harris Fellow -huomionosoitus). Pyrimme korjaamaan asiaa ajan kanssa. Klubi voi hankkia j\u00e4senelleen PHF:n lahjoittaessaan 1000 dollaria Rotarylle.<\/p>\n<p>Muita k\u00e4ynniss\u00e4 olevia projekteja mm. End Polio Now \u2013projekti: Klubi j\u00e4rjest\u00e4\u00e4 vuosittain 24.10. YK- ja Polio-lipasker\u00e4yksen, jonka tuotto lahjoitetaan maailman Polion ehk\u00e4isemiseen.<\/p>\n<h2>Nuorisopalvelu, nuorisovaihtoasiamies, Mikko Luikku (Youth Service)<\/h2>\n<p>Klubin velvollisuutena on innostaa ja kouluttaa uusia sukupolvia \u2013 uusia rotareita ja siten turvata rotaryn jatkuvuus. Parantamalla heid\u00e4n el\u00e4m\u00e4ntaitojaan varmistetaan parempi tulevaisuus ja ymm\u00e4rret\u00e4\u00e4n samalla, kuinka monenlaisia heid\u00e4n tarpeensa ovat.<\/p>\n<p>Klubia kehotetaan toteuttamaan projekteja, jotka t\u00e4ytt\u00e4v\u00e4t uusien sukupolvien perustarpeet: terveys, ihmisarvot, koulutus ja itsens\u00e4 kehit\u00adt\u00e4minen. RI:n ohjelmia uusille sukupolville ovat Interact, Rotaract, Rotary Youth Leadership Awards (RYLA) ja Rotaryn nuorisovaihto.<\/p>\n<p>Kes\u00e4ll\u00e4 2019 toteutettuun kansainv\u00e4liseen nuorisoleiriin osallistui 20 nuorta (16-19v) 12 eri maasta. Kuusamossa vietetyn viikon j\u00e4lkeen leirikokonaisuus jatkui viikon pituisena perhemajoitusjaksona Oulussa, miss\u00e4 j\u00e4rjestelyvastuussa oli Oulun Rotaryklubi. Rahoitusta saatiin my\u00f6s rotarypiirilt\u00e4.<\/p>\n<p>Kes\u00e4lle 2020 suunniteltu kansainv\u00e4linen nuorisoleiri jouduttiin koronapandemian vuoksi peruuttamaan, mutta asiaan palattaneen kes\u00e4ll\u00e4 2023. Samoin harkitaan yhden nuoren l\u00e4hett\u00e4mist\u00e4 vuosivaihtoon opintovuodeksi 2023-24.<\/p>\n<h2>Avustukset ja stipendit toimikaudella 2018 &#8211; 2019<\/h2>\n<ol>\n<li>Kaksi partiolaistytt\u00f6j\u00e4 Kuusamosta, Annastiina Oikarinen ja Sanja Tyynel\u00e4, osallistui 22.7. \u2013 2.8.2019 kansainv\u00e4liselle partiolaisten Jamboree -suurleirille Yhdysvaltojen L\u00e4nsi-Virginiaan. He pitiv\u00e4t syksyll\u00e4 2019 mielenkiintoisen kuvaesityksen klubin viikkokokouksessa. Klubi avusti nuoria 500 eurolla.<\/li>\n<li>Anssi Luosuj\u00e4rvi, Ugandan matkaan, joka on opintoihin liittyv\u00e4 harjoittelu. Avustus 119 euroa.<\/li>\n<li>Rukan koulun oppilaiden stipendit (Ilkka Myllyl\u00e4, Heidi V\u00e4yrynen, Aino Komulainen, Reeti Huhtala, Rebekka Huttu). Yhteyshenkil\u00f6 englannin opettaja Heidi Verkama. Avustussumma 200 euroa.<\/li>\n<li>Kuusamon Naisvoimistelijat, esiintyminen joulugaalassa, Saaga ja Desinit X 100 eur<\/li>\n<li>Kuusamon musiikkiopisto, esiintyminen joulugaalassa, orkesteritili 100 eur<\/li>\n<li>Kainuun Ammattioppilaitos, t\u00f6iss\u00e4 joulugaalassa, KAO KuuMM16 opiskelijaryhm\u00e4 100 eur<\/li>\n<li>Erityisoppilaitos Luovi opiskelija Henna Halonen, joulugaalan graafinen ilme 100 eur<\/li>\n<li>Nissinvaaran koulu on myynyt kalentereita (92 kpl, 920 eur), myynnist\u00e4 tilitys 460 eur<\/li>\n<li>Kuusamon naisvoimistelijat, Desinit X on myynyt kalentereita (17 kpl, 170 eur), tilitys 85 eur\u00a8<\/li>\n<li>Kuusamon lukio, Nuoret SOME-kouluttajat Sade Raatikainen ja Satu Koivula \u00e1 100 eur.<\/li>\n<\/ol>\n<p>Avustusta ja tukea jaettiin kauden 2018 \u2013 2019 aikana nuorille yhteens\u00e4 1964 euroa.<\/p>\n<h2>Avustukset ja stipendit toimikaudella 2019 &#8211; 2020<\/h2>\n<p>Kauden 2019 \u2013 2020 aikana on toistaiseksi (11.5.2020) osoitettu varoja seuraavasti:<br \/>1. Kuusamon seurakunnan diakoniaty\u00f6h\u00f6n (Ruokakassi) 1000 eur.<br \/>2, ShelterBox Tuki ry:lle koronapandemian uhrien auttamiseksi 750 eur<br \/>3. Kansainv\u00e4liselle Rotarys\u00e4\u00e4ti\u00f6lle koronapandemian avustustarkoituksiin 1288 eur<br \/>4. Kansainv\u00e4liselle Rotarys\u00e4\u00e4ti\u00f6lle Polion vastaiseen ty\u00f6h\u00f6n 920 eur<br \/>5. Rukan koulun oppilaiden stipendit. Yhteyshenkil\u00f6 englannin opettaja Heidi Verkama. Avustussumma 200 euroa.<\/p>\n<p>&nbsp;<\/p>\n<p>[\/et_pb_text][\/et_pb_column_inner][\/et_pb_row_inner][\/et_pb_column][et_pb_column type=&#8221;1_3&#8243; _builder_version=&#8221;4.16&#8243; custom_padding=&#8221;|||&#8221; global_colors_info=&#8221;{}&#8221; custom_padding__hover=&#8221;|||&#8221;][et_pb_sidebar area=&#8221;sidebar-1&#8243; module_class=&#8221;sivupalkki_sisalto&#8221; _builder_version=&#8221;4.16&#8243; locked=&#8221;on&#8221; global_colors_info=&#8221;{}&#8221;]<br \/>\n[\/et_pb_sidebar][\/et_pb_column][\/et_pb_section]<\/p>\n","protected":false},"excerpt":{"rendered":"<p>Projektit Projektit Rotary on palveluj\u00e4rjest\u00f6. Toimimme tunnuslauseemme Palvelu itsekkyyden edelle (Service above self) mukaisesti paikallisesti ja maailmanlaajuisesti. Kansainv\u00e4linen humanit\u00e4\u00e4rinen palvelumme toteutuu Rotarys\u00e4\u00e4ti\u00f6mme koordinoimana ja hyv\u00e4ksyttyjen kumppaneiden kanssa. Palveluprojekti Vuosikalenterit Palveluprojektikomitea innostaa j\u00e4seni\u00e4 osallistumaan aktiiviseen palvelutoimintaan. Komitean t\u00e4rke\u00e4 teht\u00e4v\u00e4 on suunnitella ja toteuttaa Kuusamon rotarien vuoden taloudellisesti paras palveluprojekti eli vuosikalenterin suunnittelu, valmistus ja myynti (2000 [&hellip;]<\/p>\n","protected":false},"author":1,"featured_media":0,"parent":77,"menu_order":0,"comment_status":"closed","ping_status":"closed","template":"","meta":{"_acf_changed":false,"_et_pb_use_builder":"on","_et_pb_old_content":"","_et_gb_content_width":"","footnotes":""},"class_list":["post-156","page","type-page","status-publish","hentry"],"acf":[],"yoast_head":"<!-- This site is optimized with the Yoast SEO plugin v27.4 - https:\/\/yoast.com\/product\/yoast-seo-wordpress\/ -->\n<title>Projektit - Kuusamon Rotaryklubi<\/title>\n<meta name=\"robots\" content=\"index, follow, max-snippet:-1, max-image-preview:large, max-video-preview:-1\" \/>\n<link rel=\"canonical\" href=\"https:\/\/rotary.fi\/kuusamo\/mita-teemme\/projektit\/\" \/>\n<meta property=\"og:locale\" content=\"fi_FI\" \/>\n<meta property=\"og:type\" content=\"article\" \/>\n<meta property=\"og:title\" content=\"Projektit - Kuusamon Rotaryklubi\" \/>\n<meta property=\"og:description\" content=\"Projektit Projektit Rotary on palveluj\u00e4rjest\u00f6. Toimimme tunnuslauseemme Palvelu itsekkyyden edelle (Service above self) mukaisesti paikallisesti ja maailmanlaajuisesti. Kansainv\u00e4linen humanit\u00e4\u00e4rinen palvelumme toteutuu Rotarys\u00e4\u00e4ti\u00f6mme koordinoimana ja hyv\u00e4ksyttyjen kumppaneiden kanssa. Palveluprojekti Vuosikalenterit Palveluprojektikomitea innostaa j\u00e4seni\u00e4 osallistumaan aktiiviseen palvelutoimintaan. Komitean t\u00e4rke\u00e4 teht\u00e4v\u00e4 on suunnitella ja toteuttaa Kuusamon rotarien vuoden taloudellisesti paras palveluprojekti eli vuosikalenterin suunnittelu, valmistus ja myynti (2000 [&hellip;]\" \/>\n<meta property=\"og:url\" content=\"https:\/\/rotary.fi\/kuusamo\/mita-teemme\/projektit\/\" \/>\n<meta property=\"og:site_name\" content=\"Kuusamon Rotaryklubi\" \/>\n<meta property=\"article:modified_time\" content=\"2022-08-01T12:53:00+00:00\" \/>\n<meta name=\"twitter:card\" content=\"summary_large_image\" \/>\n<meta name=\"twitter:label1\" content=\"Arvioitu lukuaika\" \/>\n\t<meta name=\"twitter:data1\" content=\"4 minuuttia\" \/>\n<script type=\"application\/ld+json\" class=\"yoast-schema-graph\">{\"@context\":\"https:\\\/\\\/schema.org\",\"@graph\":[{\"@type\":\"WebPage\",\"@id\":\"https:\\\/\\\/rotary.fi\\\/kuusamo\\\/mita-teemme\\\/projektit\\\/\",\"url\":\"https:\\\/\\\/rotary.fi\\\/kuusamo\\\/mita-teemme\\\/projektit\\\/\",\"name\":\"Projektit - Kuusamon Rotaryklubi\",\"isPartOf\":{\"@id\":\"https:\\\/\\\/rotary.fi\\\/kuusamo\\\/#website\"},\"datePublished\":\"2018-08-13T06:46:59+00:00\",\"dateModified\":\"2022-08-01T12:53:00+00:00\",\"breadcrumb\":{\"@id\":\"https:\\\/\\\/rotary.fi\\\/kuusamo\\\/mita-teemme\\\/projektit\\\/#breadcrumb\"},\"inLanguage\":\"fi\",\"potentialAction\":[{\"@type\":\"ReadAction\",\"target\":[\"https:\\\/\\\/rotary.fi\\\/kuusamo\\\/mita-teemme\\\/projektit\\\/\"]}]},{\"@type\":\"BreadcrumbList\",\"@id\":\"https:\\\/\\\/rotary.fi\\\/kuusamo\\\/mita-teemme\\\/projektit\\\/#breadcrumb\",\"itemListElement\":[{\"@type\":\"ListItem\",\"position\":1,\"name\":\"Home\",\"item\":\"https:\\\/\\\/rotary.fi\\\/kuusamo\\\/\"},{\"@type\":\"ListItem\",\"position\":2,\"name\":\"Mit\u00e4 teemme\",\"item\":\"https:\\\/\\\/rotary.fi\\\/kuusamo\\\/mita-teemme\\\/\"},{\"@type\":\"ListItem\",\"position\":3,\"name\":\"Projektit\"}]},{\"@type\":\"WebSite\",\"@id\":\"https:\\\/\\\/rotary.fi\\\/kuusamo\\\/#website\",\"url\":\"https:\\\/\\\/rotary.fi\\\/kuusamo\\\/\",\"name\":\"Kuusamon Rotaryklubi\",\"description\":\"Uusi Rotary klubisivusto\",\"potentialAction\":[{\"@type\":\"SearchAction\",\"target\":{\"@type\":\"EntryPoint\",\"urlTemplate\":\"https:\\\/\\\/rotary.fi\\\/kuusamo\\\/?s={search_term_string}\"},\"query-input\":{\"@type\":\"PropertyValueSpecification\",\"valueRequired\":true,\"valueName\":\"search_term_string\"}}],\"inLanguage\":\"fi\"}]}<\/script>\n<!-- \/ Yoast SEO plugin. -->","yoast_head_json":{"title":"Projektit - Kuusamon Rotaryklubi","robots":{"index":"index","follow":"follow","max-snippet":"max-snippet:-1","max-image-preview":"max-image-preview:large","max-video-preview":"max-video-preview:-1"},"canonical":"https:\/\/rotary.fi\/kuusamo\/mita-teemme\/projektit\/","og_locale":"fi_FI","og_type":"article","og_title":"Projektit - Kuusamon Rotaryklubi","og_description":"Projektit Projektit Rotary on palveluj\u00e4rjest\u00f6. Toimimme tunnuslauseemme Palvelu itsekkyyden edelle (Service above self) mukaisesti paikallisesti ja maailmanlaajuisesti. Kansainv\u00e4linen humanit\u00e4\u00e4rinen palvelumme toteutuu Rotarys\u00e4\u00e4ti\u00f6mme koordinoimana ja hyv\u00e4ksyttyjen kumppaneiden kanssa. Palveluprojekti Vuosikalenterit Palveluprojektikomitea innostaa j\u00e4seni\u00e4 osallistumaan aktiiviseen palvelutoimintaan. Komitean t\u00e4rke\u00e4 teht\u00e4v\u00e4 on suunnitella ja toteuttaa Kuusamon rotarien vuoden taloudellisesti paras palveluprojekti eli vuosikalenterin suunnittelu, valmistus ja myynti (2000 [&hellip;]","og_url":"https:\/\/rotary.fi\/kuusamo\/mita-teemme\/projektit\/","og_site_name":"Kuusamon Rotaryklubi","article_modified_time":"2022-08-01T12:53:00+00:00","twitter_card":"summary_large_image","twitter_misc":{"Arvioitu lukuaika":"4 minuuttia"},"schema":{"@context":"https:\/\/schema.org","@graph":[{"@type":"WebPage","@id":"https:\/\/rotary.fi\/kuusamo\/mita-teemme\/projektit\/","url":"https:\/\/rotary.fi\/kuusamo\/mita-teemme\/projektit\/","name":"Projektit - Kuusamon Rotaryklubi","isPartOf":{"@id":"https:\/\/rotary.fi\/kuusamo\/#website"},"datePublished":"2018-08-13T06:46:59+00:00","dateModified":"2022-08-01T12:53:00+00:00","breadcrumb":{"@id":"https:\/\/rotary.fi\/kuusamo\/mita-teemme\/projektit\/#breadcrumb"},"inLanguage":"fi","potentialAction":[{"@type":"ReadAction","target":["https:\/\/rotary.fi\/kuusamo\/mita-teemme\/projektit\/"]}]},{"@type":"BreadcrumbList","@id":"https:\/\/rotary.fi\/kuusamo\/mita-teemme\/projektit\/#breadcrumb","itemListElement":[{"@type":"ListItem","position":1,"name":"Home","item":"https:\/\/rotary.fi\/kuusamo\/"},{"@type":"ListItem","position":2,"name":"Mit\u00e4 teemme","item":"https:\/\/rotary.fi\/kuusamo\/mita-teemme\/"},{"@type":"ListItem","position":3,"name":"Projektit"}]},{"@type":"WebSite","@id":"https:\/\/rotary.fi\/kuusamo\/#website","url":"https:\/\/rotary.fi\/kuusamo\/","name":"Kuusamon Rotaryklubi","description":"Uusi Rotary klubisivusto","potentialAction":[{"@type":"SearchAction","target":{"@type":"EntryPoint","urlTemplate":"https:\/\/rotary.fi\/kuusamo\/?s={search_term_string}"},"query-input":{"@type":"PropertyValueSpecification","valueRequired":true,"valueName":"search_term_string"}}],"inLanguage":"fi"}]}},"lang":"fi","translations":{"fi":156},"pll_sync_post":[],"_links":{"self":[{"href":"https:\/\/rotary.fi\/kuusamo\/wp-json\/wp\/v2\/pages\/156","targetHints":{"allow":["GET"]}}],"collection":[{"href":"https:\/\/rotary.fi\/kuusamo\/wp-json\/wp\/v2\/pages"}],"about":[{"href":"https:\/\/rotary.fi\/kuusamo\/wp-json\/wp\/v2\/types\/page"}],"author":[{"embeddable":true,"href":"https:\/\/rotary.fi\/kuusamo\/wp-json\/wp\/v2\/users\/1"}],"replies":[{"embeddable":true,"href":"https:\/\/rotary.fi\/kuusamo\/wp-json\/wp\/v2\/comments?post=156"}],"version-history":[{"count":10,"href":"https:\/\/rotary.fi\/kuusamo\/wp-json\/wp\/v2\/pages\/156\/revisions"}],"predecessor-version":[{"id":2460,"href":"https:\/\/rotary.fi\/kuusamo\/wp-json\/wp\/v2\/pages\/156\/revisions\/2460"}],"up":[{"embeddable":true,"href":"https:\/\/rotary.fi\/kuusamo\/wp-json\/wp\/v2\/pages\/77"}],"wp:attachment":[{"href":"https:\/\/rotary.fi\/kuusamo\/wp-json\/wp\/v2\/media?parent=156"}],"curies":[{"name":"wp","href":"https:\/\/api.w.org\/{rel}","templated":true}]}}