{"id":132,"date":"2018-08-10T13:59:56","date_gmt":"2018-08-10T10:59:56","guid":{"rendered":"https:\/\/rotary.fi\/klubi2\/?page_id=132"},"modified":"2025-07-09T11:23:24","modified_gmt":"2025-07-09T08:23:24","slug":"hallitus-ja-toimihenkilot","status":"publish","type":"page","link":"https:\/\/rotary.fi\/kuusamo\/keita-olemme\/hallitus-ja-toimihenkilot\/","title":{"rendered":"Hallitus ja toimihenkil\u00f6t"},"content":{"rendered":"<p>[et_pb_section fb_built=&#8221;1&#8243; module_class=&#8221;jumbotron-page&#8221; _builder_version=&#8221;4.16&#8243; background_image=&#8221;https:\/\/rotary.fi\/kuusamo\/wp-content\/uploads\/sites\/86\/2018\/10\/rotary_klubit_alasivu_paakuva_12.jpg&#8221; global_colors_info=&#8221;{}&#8221;][et_pb_row _builder_version=&#8221;4.16&#8243; background_size=&#8221;initial&#8221; background_position=&#8221;top_left&#8221; background_repeat=&#8221;repeat&#8221; global_colors_info=&#8221;{}&#8221;][et_pb_column type=&#8221;4_4&#8243; _builder_version=&#8221;4.16&#8243; custom_padding=&#8221;|||&#8221; global_colors_info=&#8221;{}&#8221; custom_padding__hover=&#8221;|||&#8221;][et_pb_text admin_label=&#8221;P\u00e4\u00e4otsikko&#8221; _builder_version=&#8221;4.16&#8243; text_orientation=&#8221;center&#8221; background_layout=&#8221;dark&#8221; global_colors_info=&#8221;{}&#8221;]<\/p>\n<h1>Hallitus ja toimihenkil\u00f6t<\/h1>\n<p>[\/et_pb_text][\/et_pb_column][\/et_pb_row][et_pb_row _builder_version=&#8221;4.16&#8243; background_size=&#8221;initial&#8221; background_position=&#8221;top_left&#8221; background_repeat=&#8221;repeat&#8221; global_colors_info=&#8221;{}&#8221;][\/et_pb_row][\/et_pb_section][et_pb_section fb_built=&#8221;1&#8243; specialty=&#8221;on&#8221; module_class_2=&#8221;sivupalkki&#8221; _builder_version=&#8221;4.16&#8243; inner_max_width=&#8221;none&#8221; global_colors_info=&#8221;{}&#8221;][et_pb_column type=&#8221;2_3&#8243; specialty_columns=&#8221;2&#8243; _builder_version=&#8221;4.16&#8243; custom_padding=&#8221;|||&#8221; global_colors_info=&#8221;{}&#8221; custom_padding__hover=&#8221;|||&#8221;][et_pb_row_inner admin_label=&#8221;Rivi&#8221; _builder_version=&#8221;4.16&#8243; global_colors_info=&#8221;{}&#8221;][et_pb_column_inner saved_specialty_column_type=&#8221;2_3&#8243; _builder_version=&#8221;4.16&#8243; custom_padding=&#8221;|||&#8221; global_colors_info=&#8221;{}&#8221; custom_padding__hover=&#8221;|||&#8221;][et_pb_text admin_label=&#8221;Otsikko&#8221; _builder_version=&#8221;4.16&#8243; text_orientation=&#8221;center&#8221; global_colors_info=&#8221;{}&#8221;]<\/p>\n<h1>Hallitus ja toimihenkil\u00f6t<\/h1>\n<p>[\/et_pb_text][\/et_pb_column_inner][\/et_pb_row_inner][et_pb_row_inner column_structure=&#8221;1_2,1_2&#8243; admin_label=&#8221;Rivi&#8221; _builder_version=&#8221;4.16&#8243; global_colors_info=&#8221;{}&#8221;][et_pb_column_inner type=&#8221;1_2&#8243; saved_specialty_column_type=&#8221;2_3&#8243; _builder_version=&#8221;4.16&#8243; custom_padding=&#8221;|||&#8221; global_colors_info=&#8221;{}&#8221; custom_padding__hover=&#8221;|||&#8221;][et_pb_image src=&#8221;https:\/\/rotary.fi\/kuusamo\/wp-content\/uploads\/sites\/86\/2025\/07\/20250709-103957-e1752047941674.jpg&#8221; _builder_version=&#8221;4.27.4&#8243; _module_preset=&#8221;default&#8221; hover_enabled=&#8221;0&#8243; sticky_enabled=&#8221;0&#8243;][\/et_pb_image][\/et_pb_column_inner][et_pb_column_inner type=&#8221;1_2&#8243; saved_specialty_column_type=&#8221;2_3&#8243; _builder_version=&#8221;4.16&#8243; custom_padding=&#8221;|||&#8221; global_colors_info=&#8221;{}&#8221; custom_padding__hover=&#8221;|||&#8221;][et_pb_text _builder_version=&#8221;4.21.2&#8243; width=&#8221;100%&#8221; custom_padding=&#8221;|||0px||&#8221; z_index_tablet=&#8221;500&#8243; box_shadow_horizontal_tablet=&#8221;0px&#8221; box_shadow_vertical_tablet=&#8221;0px&#8221; box_shadow_blur_tablet=&#8221;40px&#8221; box_shadow_spread_tablet=&#8221;0px&#8221; global_colors_info=&#8221;{}&#8221;]<\/p>\n<h2><\/h2>\n<h2>Hallitus rotaryvuonna 2024-2025<\/h2>\n<p><strong>Presidentti<\/strong> Ky\u00f6sti Salmirinne<br \/><strong>Past presidentti<\/strong> Jani Rautiainen<br \/><strong>Sihteeri\u00a0 <\/strong>Ky\u00f6sti Salmirinne<br \/><strong>S\u00e4\u00e4ti\u00f6asiamies <\/strong>Juhani Alatalo<\/p>\n<p><strong>J\u00e4sen<\/strong> Timo Ronkainen<br \/><strong>J\u00e4sen<\/strong> Tuomo H\u00e4nninen<\/p>\n<p><strong>Nuorisovaihtoasiamies <\/strong>Mikko Luikku<\/p>\n<p><strong>Rahastonhoitaja<\/strong> Ari Salmenkorva<\/p>\n<h5><strong>AG Seija H\u00e4rk\u00f6nen<\/strong><\/h5>\n<h2>Julkisuuskuvatoimikunta<\/h2>\n<p><strong>Sihteeri<\/strong><\/p>\n<h2>J\u00e4senyystoimikunta<\/h2>\n<p><strong>Puheenjohtaja<\/strong><\/p>\n<h2>Palvelutoimikunta, KALENTERIT<\/h2>\n<p><strong>Puheenjohtaja<\/strong>\u00a0 Kari Karjalainen<\/p>\n<h2>Palvelutoimikunta, MUISTOMERKIT<\/h2>\n<p><strong>Puheenjohtaja Ari Salmenkorva<\/strong><\/p>\n<h2>Palvelutoimikunta, VUOSITAULUT<\/h2>\n<p><strong>Puheenjohtaja<\/strong><\/p>\n<h2>Nuorisoasiat<\/h2>\n<p><strong>Puheenjohtaja<\/strong> nuorisovaihtoasiamies Mikko Luikku<\/p>\n<h2>Rotarys\u00e4\u00e4ti\u00f6toimikunta<\/h2>\n<p><strong>Puheenjohtaja<\/strong> Juhani Alatalo<\/p>\n<h2>Rotarylaatat ja kaiverrukset<\/h2>\n<p>Ky\u00f6sti Tammi<\/p>\n<h2>\u00a0<\/h2>\n<h2>VUODEN TEEMA:<\/h2>\n<h2><em>The Magic of Rotary<\/em><\/h2>\n<p><img decoding=\"async\" src=\"https:\/\/lh6.googleusercontent.com\/KECnTvEyRwBKudXXxC-02DDG3_H8UJlnQqLDrQat-2ulYEWbIA2McMGXz6x1eEcPRZ5gTgGUip40qJWh89o-WhrPhBaJTMtsaVxm75y4gGhxyLX9SmybbH-42TJyODF9-w=w1280\" \/><\/p>\n<p><strong>Kaikki j\u00e4senet yhdess\u00e4 mukaan projekteihin ja toimikuntiin sek\u00e4 rahoituksia suunnittelemaan, esitelmiin, ohjelmiin ja uusia j\u00e4seni\u00e4 houkuttelemaan.<\/strong><\/p>\n<p><strong><br \/>Hyv\u00e4n asian puolesta Kuusamossa!<\/strong><\/p>\n<p>&nbsp;<\/p>\n<p>&nbsp;<\/p>\n<p>&nbsp;<\/p>\n<p>&nbsp;<\/p>\n<p>[\/et_pb_text][\/et_pb_column_inner][\/et_pb_row_inner][\/et_pb_column][et_pb_column type=&#8221;1_3&#8243; _builder_version=&#8221;4.16&#8243; custom_padding=&#8221;|||&#8221; global_colors_info=&#8221;{}&#8221; custom_padding__hover=&#8221;|||&#8221;][et_pb_sidebar area=&#8221;sidebar-1&#8243; module_class=&#8221;sivupalkki_sisalto&#8221; _builder_version=&#8221;4.16&#8243; locked=&#8221;on&#8221; global_colors_info=&#8221;{}&#8221;][\/et_pb_sidebar][\/et_pb_column][\/et_pb_section]<\/p>\n","protected":false},"excerpt":{"rendered":"<p>Hallitus ja toimihenkil\u00f6t Hallitus ja toimihenkil\u00f6t Hallitus rotaryvuonna 2024-2025 Presidentti Ky\u00f6sti SalmirinnePast presidentti Jani RautiainenSihteeri\u00a0 Ky\u00f6sti SalmirinneS\u00e4\u00e4ti\u00f6asiamies Juhani Alatalo J\u00e4sen Timo RonkainenJ\u00e4sen Tuomo H\u00e4nninen Nuorisovaihtoasiamies Mikko Luikku Rahastonhoitaja Ari Salmenkorva AG Seija H\u00e4rk\u00f6nen Julkisuuskuvatoimikunta Sihteeri J\u00e4senyystoimikunta Puheenjohtaja Palvelutoimikunta, KALENTERIT Puheenjohtaja\u00a0 Kari Karjalainen Palvelutoimikunta, MUISTOMERKIT Puheenjohtaja Ari Salmenkorva Palvelutoimikunta, VUOSITAULUT Puheenjohtaja Nuorisoasiat Puheenjohtaja nuorisovaihtoasiamies Mikko Luikku [&hellip;]<\/p>\n","protected":false},"author":1,"featured_media":1464,"parent":129,"menu_order":0,"comment_status":"closed","ping_status":"closed","template":"","meta":{"_acf_changed":false,"_et_pb_use_builder":"on","_et_pb_old_content":"","_et_gb_content_width":"","footnotes":""},"class_list":["post-132","page","type-page","status-publish","has-post-thumbnail","hentry"],"acf":[],"yoast_head":"<!-- This site is optimized with the Yoast SEO plugin v27.4 - https:\/\/yoast.com\/product\/yoast-seo-wordpress\/ -->\n<title>Hallitus ja toimihenkil\u00f6t - Kuusamon Rotaryklubi<\/title>\n<meta name=\"robots\" content=\"index, follow, max-snippet:-1, max-image-preview:large, max-video-preview:-1\" \/>\n<link rel=\"canonical\" href=\"https:\/\/rotary.fi\/kuusamo\/keita-olemme\/hallitus-ja-toimihenkilot\/\" \/>\n<meta property=\"og:locale\" content=\"fi_FI\" \/>\n<meta property=\"og:type\" content=\"article\" \/>\n<meta property=\"og:title\" content=\"Hallitus ja toimihenkil\u00f6t - Kuusamon Rotaryklubi\" \/>\n<meta property=\"og:description\" content=\"Hallitus ja toimihenkil\u00f6t Hallitus ja toimihenkil\u00f6t Hallitus rotaryvuonna 2024-2025 Presidentti Ky\u00f6sti SalmirinnePast presidentti Jani RautiainenSihteeri\u00a0 Ky\u00f6sti SalmirinneS\u00e4\u00e4ti\u00f6asiamies Juhani Alatalo J\u00e4sen Timo RonkainenJ\u00e4sen Tuomo H\u00e4nninen Nuorisovaihtoasiamies Mikko Luikku Rahastonhoitaja Ari Salmenkorva AG Seija H\u00e4rk\u00f6nen Julkisuuskuvatoimikunta Sihteeri J\u00e4senyystoimikunta Puheenjohtaja Palvelutoimikunta, KALENTERIT Puheenjohtaja\u00a0 Kari Karjalainen Palvelutoimikunta, MUISTOMERKIT Puheenjohtaja Ari Salmenkorva Palvelutoimikunta, VUOSITAULUT Puheenjohtaja Nuorisoasiat Puheenjohtaja nuorisovaihtoasiamies Mikko Luikku [&hellip;]\" \/>\n<meta property=\"og:url\" content=\"https:\/\/rotary.fi\/kuusamo\/keita-olemme\/hallitus-ja-toimihenkilot\/\" \/>\n<meta property=\"og:site_name\" content=\"Kuusamon Rotaryklubi\" \/>\n<meta property=\"article:modified_time\" content=\"2025-07-09T08:23:24+00:00\" \/>\n<meta property=\"og:image\" content=\"https:\/\/rotary.fi\/kuusamo\/wp-content\/uploads\/sites\/86\/2019\/05\/piirikonferenssi-kuusamon-rotarien-esittely.jpg\" \/>\n\t<meta property=\"og:image:width\" content=\"960\" \/>\n\t<meta property=\"og:image:height\" content=\"721\" \/>\n\t<meta property=\"og:image:type\" content=\"image\/jpeg\" \/>\n<meta name=\"twitter:card\" content=\"summary_large_image\" \/>\n<meta name=\"twitter:label1\" content=\"Arvioitu lukuaika\" \/>\n\t<meta name=\"twitter:data1\" content=\"2 minuuttia\" \/>\n<script type=\"application\/ld+json\" class=\"yoast-schema-graph\">{\"@context\":\"https:\\\/\\\/schema.org\",\"@graph\":[{\"@type\":\"WebPage\",\"@id\":\"https:\\\/\\\/rotary.fi\\\/kuusamo\\\/keita-olemme\\\/hallitus-ja-toimihenkilot\\\/\",\"url\":\"https:\\\/\\\/rotary.fi\\\/kuusamo\\\/keita-olemme\\\/hallitus-ja-toimihenkilot\\\/\",\"name\":\"Hallitus ja toimihenkil\u00f6t - Kuusamon Rotaryklubi\",\"isPartOf\":{\"@id\":\"https:\\\/\\\/rotary.fi\\\/kuusamo\\\/#website\"},\"primaryImageOfPage\":{\"@id\":\"https:\\\/\\\/rotary.fi\\\/kuusamo\\\/keita-olemme\\\/hallitus-ja-toimihenkilot\\\/#primaryimage\"},\"image\":{\"@id\":\"https:\\\/\\\/rotary.fi\\\/kuusamo\\\/keita-olemme\\\/hallitus-ja-toimihenkilot\\\/#primaryimage\"},\"thumbnailUrl\":\"https:\\\/\\\/rotary.fi\\\/kuusamo\\\/wp-content\\\/uploads\\\/sites\\\/86\\\/2019\\\/05\\\/piirikonferenssi-kuusamon-rotarien-esittely.jpg\",\"datePublished\":\"2018-08-10T10:59:56+00:00\",\"dateModified\":\"2025-07-09T08:23:24+00:00\",\"breadcrumb\":{\"@id\":\"https:\\\/\\\/rotary.fi\\\/kuusamo\\\/keita-olemme\\\/hallitus-ja-toimihenkilot\\\/#breadcrumb\"},\"inLanguage\":\"fi\",\"potentialAction\":[{\"@type\":\"ReadAction\",\"target\":[\"https:\\\/\\\/rotary.fi\\\/kuusamo\\\/keita-olemme\\\/hallitus-ja-toimihenkilot\\\/\"]}]},{\"@type\":\"ImageObject\",\"inLanguage\":\"fi\",\"@id\":\"https:\\\/\\\/rotary.fi\\\/kuusamo\\\/keita-olemme\\\/hallitus-ja-toimihenkilot\\\/#primaryimage\",\"url\":\"https:\\\/\\\/rotary.fi\\\/kuusamo\\\/wp-content\\\/uploads\\\/sites\\\/86\\\/2019\\\/05\\\/piirikonferenssi-kuusamon-rotarien-esittely.jpg\",\"contentUrl\":\"https:\\\/\\\/rotary.fi\\\/kuusamo\\\/wp-content\\\/uploads\\\/sites\\\/86\\\/2019\\\/05\\\/piirikonferenssi-kuusamon-rotarien-esittely.jpg\",\"width\":960,\"height\":721},{\"@type\":\"BreadcrumbList\",\"@id\":\"https:\\\/\\\/rotary.fi\\\/kuusamo\\\/keita-olemme\\\/hallitus-ja-toimihenkilot\\\/#breadcrumb\",\"itemListElement\":[{\"@type\":\"ListItem\",\"position\":1,\"name\":\"Home\",\"item\":\"https:\\\/\\\/rotary.fi\\\/kuusamo\\\/\"},{\"@type\":\"ListItem\",\"position\":2,\"name\":\"Keit\u00e4 olemme\",\"item\":\"https:\\\/\\\/rotary.fi\\\/kuusamo\\\/keita-olemme\\\/\"},{\"@type\":\"ListItem\",\"position\":3,\"name\":\"Hallitus ja toimihenkil\u00f6t\"}]},{\"@type\":\"WebSite\",\"@id\":\"https:\\\/\\\/rotary.fi\\\/kuusamo\\\/#website\",\"url\":\"https:\\\/\\\/rotary.fi\\\/kuusamo\\\/\",\"name\":\"Kuusamon Rotaryklubi\",\"description\":\"Uusi Rotary klubisivusto\",\"potentialAction\":[{\"@type\":\"SearchAction\",\"target\":{\"@type\":\"EntryPoint\",\"urlTemplate\":\"https:\\\/\\\/rotary.fi\\\/kuusamo\\\/?s={search_term_string}\"},\"query-input\":{\"@type\":\"PropertyValueSpecification\",\"valueRequired\":true,\"valueName\":\"search_term_string\"}}],\"inLanguage\":\"fi\"}]}<\/script>\n<!-- \/ Yoast SEO plugin. -->","yoast_head_json":{"title":"Hallitus ja toimihenkil\u00f6t - Kuusamon Rotaryklubi","robots":{"index":"index","follow":"follow","max-snippet":"max-snippet:-1","max-image-preview":"max-image-preview:large","max-video-preview":"max-video-preview:-1"},"canonical":"https:\/\/rotary.fi\/kuusamo\/keita-olemme\/hallitus-ja-toimihenkilot\/","og_locale":"fi_FI","og_type":"article","og_title":"Hallitus ja toimihenkil\u00f6t - Kuusamon Rotaryklubi","og_description":"Hallitus ja toimihenkil\u00f6t Hallitus ja toimihenkil\u00f6t Hallitus rotaryvuonna 2024-2025 Presidentti Ky\u00f6sti SalmirinnePast presidentti Jani RautiainenSihteeri\u00a0 Ky\u00f6sti SalmirinneS\u00e4\u00e4ti\u00f6asiamies Juhani Alatalo J\u00e4sen Timo RonkainenJ\u00e4sen Tuomo H\u00e4nninen Nuorisovaihtoasiamies Mikko Luikku Rahastonhoitaja Ari Salmenkorva AG Seija H\u00e4rk\u00f6nen Julkisuuskuvatoimikunta Sihteeri J\u00e4senyystoimikunta Puheenjohtaja Palvelutoimikunta, KALENTERIT Puheenjohtaja\u00a0 Kari Karjalainen Palvelutoimikunta, MUISTOMERKIT Puheenjohtaja Ari Salmenkorva Palvelutoimikunta, VUOSITAULUT Puheenjohtaja Nuorisoasiat Puheenjohtaja nuorisovaihtoasiamies Mikko Luikku [&hellip;]","og_url":"https:\/\/rotary.fi\/kuusamo\/keita-olemme\/hallitus-ja-toimihenkilot\/","og_site_name":"Kuusamon Rotaryklubi","article_modified_time":"2025-07-09T08:23:24+00:00","og_image":[{"width":960,"height":721,"url":"https:\/\/rotary.fi\/kuusamo\/wp-content\/uploads\/sites\/86\/2019\/05\/piirikonferenssi-kuusamon-rotarien-esittely.jpg","type":"image\/jpeg"}],"twitter_card":"summary_large_image","twitter_misc":{"Arvioitu lukuaika":"2 minuuttia"},"schema":{"@context":"https:\/\/schema.org","@graph":[{"@type":"WebPage","@id":"https:\/\/rotary.fi\/kuusamo\/keita-olemme\/hallitus-ja-toimihenkilot\/","url":"https:\/\/rotary.fi\/kuusamo\/keita-olemme\/hallitus-ja-toimihenkilot\/","name":"Hallitus ja toimihenkil\u00f6t - Kuusamon Rotaryklubi","isPartOf":{"@id":"https:\/\/rotary.fi\/kuusamo\/#website"},"primaryImageOfPage":{"@id":"https:\/\/rotary.fi\/kuusamo\/keita-olemme\/hallitus-ja-toimihenkilot\/#primaryimage"},"image":{"@id":"https:\/\/rotary.fi\/kuusamo\/keita-olemme\/hallitus-ja-toimihenkilot\/#primaryimage"},"thumbnailUrl":"https:\/\/rotary.fi\/kuusamo\/wp-content\/uploads\/sites\/86\/2019\/05\/piirikonferenssi-kuusamon-rotarien-esittely.jpg","datePublished":"2018-08-10T10:59:56+00:00","dateModified":"2025-07-09T08:23:24+00:00","breadcrumb":{"@id":"https:\/\/rotary.fi\/kuusamo\/keita-olemme\/hallitus-ja-toimihenkilot\/#breadcrumb"},"inLanguage":"fi","potentialAction":[{"@type":"ReadAction","target":["https:\/\/rotary.fi\/kuusamo\/keita-olemme\/hallitus-ja-toimihenkilot\/"]}]},{"@type":"ImageObject","inLanguage":"fi","@id":"https:\/\/rotary.fi\/kuusamo\/keita-olemme\/hallitus-ja-toimihenkilot\/#primaryimage","url":"https:\/\/rotary.fi\/kuusamo\/wp-content\/uploads\/sites\/86\/2019\/05\/piirikonferenssi-kuusamon-rotarien-esittely.jpg","contentUrl":"https:\/\/rotary.fi\/kuusamo\/wp-content\/uploads\/sites\/86\/2019\/05\/piirikonferenssi-kuusamon-rotarien-esittely.jpg","width":960,"height":721},{"@type":"BreadcrumbList","@id":"https:\/\/rotary.fi\/kuusamo\/keita-olemme\/hallitus-ja-toimihenkilot\/#breadcrumb","itemListElement":[{"@type":"ListItem","position":1,"name":"Home","item":"https:\/\/rotary.fi\/kuusamo\/"},{"@type":"ListItem","position":2,"name":"Keit\u00e4 olemme","item":"https:\/\/rotary.fi\/kuusamo\/keita-olemme\/"},{"@type":"ListItem","position":3,"name":"Hallitus ja toimihenkil\u00f6t"}]},{"@type":"WebSite","@id":"https:\/\/rotary.fi\/kuusamo\/#website","url":"https:\/\/rotary.fi\/kuusamo\/","name":"Kuusamon Rotaryklubi","description":"Uusi Rotary klubisivusto","potentialAction":[{"@type":"SearchAction","target":{"@type":"EntryPoint","urlTemplate":"https:\/\/rotary.fi\/kuusamo\/?s={search_term_string}"},"query-input":{"@type":"PropertyValueSpecification","valueRequired":true,"valueName":"search_term_string"}}],"inLanguage":"fi"}]}},"lang":"fi","translations":{"fi":132},"pll_sync_post":[],"_links":{"self":[{"href":"https:\/\/rotary.fi\/kuusamo\/wp-json\/wp\/v2\/pages\/132","targetHints":{"allow":["GET"]}}],"collection":[{"href":"https:\/\/rotary.fi\/kuusamo\/wp-json\/wp\/v2\/pages"}],"about":[{"href":"https:\/\/rotary.fi\/kuusamo\/wp-json\/wp\/v2\/types\/page"}],"author":[{"embeddable":true,"href":"https:\/\/rotary.fi\/kuusamo\/wp-json\/wp\/v2\/users\/1"}],"replies":[{"embeddable":true,"href":"https:\/\/rotary.fi\/kuusamo\/wp-json\/wp\/v2\/comments?post=132"}],"version-history":[{"count":10,"href":"https:\/\/rotary.fi\/kuusamo\/wp-json\/wp\/v2\/pages\/132\/revisions"}],"predecessor-version":[{"id":2750,"href":"https:\/\/rotary.fi\/kuusamo\/wp-json\/wp\/v2\/pages\/132\/revisions\/2750"}],"up":[{"embeddable":true,"href":"https:\/\/rotary.fi\/kuusamo\/wp-json\/wp\/v2\/pages\/129"}],"wp:featuredmedia":[{"embeddable":true,"href":"https:\/\/rotary.fi\/kuusamo\/wp-json\/wp\/v2\/media\/1464"}],"wp:attachment":[{"href":"https:\/\/rotary.fi\/kuusamo\/wp-json\/wp\/v2\/media?parent=132"}],"curies":[{"name":"wp","href":"https:\/\/api.w.org\/{rel}","templated":true}]}}