{"id":132,"date":"2018-08-10T13:59:56","date_gmt":"2018-08-10T10:59:56","guid":{"rendered":"https:\/\/rotary.fi\/klubi2\/?page_id=132"},"modified":"2025-07-03T16:22:56","modified_gmt":"2025-07-03T13:22:56","slug":"hallitus-ja-toimihenkilot","status":"publish","type":"page","link":"https:\/\/rotary.fi\/kurikka\/keita-olemme\/hallitus-ja-toimihenkilot\/","title":{"rendered":"Hallitus ja toimihenkil\u00f6t"},"content":{"rendered":"<p>[et_pb_section fb_built=&#8221;1&#8243; module_class=&#8221;jumbotron-page&#8221; _builder_version=&#8221;4.16&#8243; background_image=&#8221;https:\/\/rotary.fi\/kurikka\/wp-content\/uploads\/sites\/169\/2019\/09\/65039011_1239459279565365_1282734073629900800_o.jpg&#8221; global_colors_info=&#8221;{}&#8221;][et_pb_row _builder_version=&#8221;4.16&#8243; background_size=&#8221;initial&#8221; background_position=&#8221;top_left&#8221; background_repeat=&#8221;repeat&#8221; global_colors_info=&#8221;{}&#8221;][et_pb_column type=&#8221;4_4&#8243; _builder_version=&#8221;4.16&#8243; custom_padding=&#8221;|||&#8221; global_colors_info=&#8221;{}&#8221; custom_padding__hover=&#8221;|||&#8221;][et_pb_text admin_label=&#8221;P\u00e4\u00e4otsikko&#8221; _builder_version=&#8221;4.16&#8243; text_orientation=&#8221;center&#8221; background_layout=&#8221;dark&#8221; global_colors_info=&#8221;{}&#8221;]<\/p>\n<h1>Hallitus ja toimihenkil\u00f6t<\/h1>\n<p>[\/et_pb_text][\/et_pb_column][\/et_pb_row][\/et_pb_section][et_pb_section fb_built=&#8221;1&#8243; specialty=&#8221;on&#8221; module_class_2=&#8221;sivupalkki&#8221; _builder_version=&#8221;4.16&#8243; global_colors_info=&#8221;{}&#8221;][et_pb_column type=&#8221;2_3&#8243; specialty_columns=&#8221;2&#8243; _builder_version=&#8221;4.16&#8243; custom_padding=&#8221;|||&#8221; global_colors_info=&#8221;{}&#8221; parallax__hover=&#8221;off&#8221; parallax_method__hover=&#8221;on&#8221; custom_padding__hover=&#8221;|||&#8221;][et_pb_row_inner admin_label=&#8221;Rivi&#8221; _builder_version=&#8221;4.16&#8243; global_colors_info=&#8221;{}&#8221;][et_pb_column_inner saved_specialty_column_type=&#8221;2_3&#8243; _builder_version=&#8221;4.16&#8243; custom_padding=&#8221;|||&#8221; global_colors_info=&#8221;{}&#8221; parallax__hover=&#8221;off&#8221; parallax_method__hover=&#8221;on&#8221; custom_padding__hover=&#8221;|||&#8221;][et_pb_text admin_label=&#8221;Otsikko&#8221; _builder_version=&#8221;4.16&#8243; text_orientation=&#8221;center&#8221; custom_margin=&#8221;||17px|||&#8221; global_colors_info=&#8221;{}&#8221;]<\/p>\n<h1>Hallitus ja toimihenkil\u00f6t<\/h1>\n<p>[\/et_pb_text][\/et_pb_column_inner][\/et_pb_row_inner][et_pb_row_inner column_structure=&#8221;1_2,1_2&#8243; admin_label=&#8221;Rivi&#8221; _builder_version=&#8221;4.17.4&#8243; global_colors_info=&#8221;{}&#8221;][et_pb_column_inner type=&#8221;1_2&#8243; saved_specialty_column_type=&#8221;2_3&#8243; _builder_version=&#8221;4.16&#8243; custom_padding=&#8221;|||&#8221; global_colors_info=&#8221;{}&#8221; parallax__hover=&#8221;off&#8221; parallax_method__hover=&#8221;on&#8221; custom_padding__hover=&#8221;|||&#8221;][et_pb_team_member name=&#8221;Ari Kohtam\u00e4ki&#8221; position=&#8221;Kurikan Rotaryklubin Presidentti 2025 &#8211; 2026&#8243; _builder_version=&#8221;4.25.2&#8243; _module_preset=&#8221;default&#8221; custom_padding=&#8221;|0px||||&#8221; global_colors_info=&#8221;{}&#8221;]<\/p>\n<p>Puhelin : 040 7174425<\/p>\n<p><a href=\"mailto:virpi.rintalaulaja@gmail.com\">S\u00e4hk\u00f6posti :<\/a> kohtamaki@gmail.com<\/p>\n<p>[\/et_pb_team_member][et_pb_gallery _builder_version=&#8221;4.27.4&#8243; _module_preset=&#8221;default&#8221; gallery_ids=&#8221;2345&#8243; hover_enabled=&#8221;0&#8243; sticky_enabled=&#8221;0&#8243;][\/et_pb_gallery][\/et_pb_column_inner][et_pb_column_inner type=&#8221;1_2&#8243; saved_specialty_column_type=&#8221;2_3&#8243; _builder_version=&#8221;4.16&#8243; custom_padding=&#8221;|||&#8221; global_colors_info=&#8221;{}&#8221; parallax__hover=&#8221;off&#8221; parallax_method__hover=&#8221;on&#8221; custom_padding__hover=&#8221;|||&#8221;][et_pb_text _builder_version=&#8221;4.16&#8243; global_colors_info=&#8221;{}&#8221;]<\/p>\n<h2>Hallitus<\/h2>\n<p><strong>Presidentti 2024-25 Ari Kohtam\u00e4ki<\/strong><strong><br \/><\/strong><strong>Tuleva presidentti<\/strong> Tapio Harmanen<br \/><strong>Past presidentti<\/strong> Jani Latva-Nikkola<br \/><strong>1.sihteeri\u00a0 <\/strong>Urpo Lintala<br \/><strong>2. sihteeri<\/strong> Henry Hannuksela<\/p>\n<p><strong>Klubimestari<\/strong> Heli Sillanp\u00e4\u00e4<br \/><strong>Rahastonhoitaja<\/strong> Jaakko Kanaoja<br \/><strong>IT-vastaava<\/strong> Jarmo Kurikka<br \/><strong>S\u00e4\u00e4ti\u00f6asiamies<\/strong>\u00a0Tapio Harmanen<br \/><strong>Nuorisovaihto<\/strong> Tiina Alanen<\/p>\n<h2>J\u00e4senyystoimikunta<\/h2>\n<p><strong>Puheenjohtaja<\/strong> Jarmo Kurikka<\/p>\n<h2>Palvelutoimikunta<\/h2>\n<p><strong>Puheenjohtaja<\/strong> Urpo Lintala<\/p>\n<h2>Rotarys\u00e4\u00e4ti\u00f6toimikunta<\/h2>\n<p><strong>Puheenjohtaja<\/strong>\u00a0Tapio Harmanen<\/p>\n<p>&nbsp;<\/p>\n<h2>Rotarypuistotiimi<\/h2>\n<p><strong>Puheenjohtaja<\/strong> Esko Rinta-Laulaja<\/p>\n<p>[\/et_pb_text][\/et_pb_column_inner][\/et_pb_row_inner][\/et_pb_column][et_pb_column type=&#8221;1_3&#8243; module_class=&#8221;sivupalkki&#8221; _builder_version=&#8221;4.16&#8243; custom_padding=&#8221;|||&#8221; global_colors_info=&#8221;{}&#8221; parallax__hover=&#8221;off&#8221; parallax_method__hover=&#8221;on&#8221; module_class__hover=&#8221;sivupalkki&#8221; custom_padding__hover=&#8221;|||&#8221;][et_pb_sidebar area=&#8221;sidebar-1&#8243; module_class=&#8221;sivupalkki_sisalto&#8221; _builder_version=&#8221;4.16&#8243; locked=&#8221;on&#8221; global_colors_info=&#8221;{}&#8221;]<\/p>\n<p>[\/et_pb_sidebar][\/et_pb_column][\/et_pb_section][et_pb_section fb_built=&#8221;1&#8243; _builder_version=&#8221;4.16&#8243; global_colors_info=&#8221;{}&#8221;][et_pb_row _builder_version=&#8221;4.16&#8243; global_colors_info=&#8221;{}&#8221;][et_pb_column type=&#8221;4_4&#8243; _builder_version=&#8221;4.16&#8243; global_colors_info=&#8221;{}&#8221;][\/et_pb_column][\/et_pb_row][\/et_pb_section]<\/p>\n","protected":false},"excerpt":{"rendered":"<p>Hallitus ja toimihenkil\u00f6t Hallitus ja toimihenkil\u00f6t Puhelin : 040 7174425 S\u00e4hk\u00f6posti : kohtamaki@gmail.comHallitus Presidentti 2024-25 Ari Kohtam\u00e4kiTuleva presidentti Tapio HarmanenPast presidentti Jani Latva-Nikkola1.sihteeri\u00a0 Urpo Lintala2. sihteeri Henry Hannuksela Klubimestari Heli Sillanp\u00e4\u00e4Rahastonhoitaja Jaakko KanaojaIT-vastaava Jarmo KurikkaS\u00e4\u00e4ti\u00f6asiamies\u00a0Tapio HarmanenNuorisovaihto Tiina Alanen J\u00e4senyystoimikunta Puheenjohtaja Jarmo Kurikka Palvelutoimikunta Puheenjohtaja Urpo Lintala Rotarys\u00e4\u00e4ti\u00f6toimikunta Puheenjohtaja\u00a0Tapio Harmanen &nbsp; Rotarypuistotiimi Puheenjohtaja Esko Rinta-Laulaja<\/p>\n","protected":false},"author":1,"featured_media":0,"parent":129,"menu_order":0,"comment_status":"closed","ping_status":"closed","template":"","meta":{"_acf_changed":false,"_et_pb_use_builder":"on","_et_pb_old_content":"","_et_gb_content_width":"","footnotes":""},"class_list":["post-132","page","type-page","status-publish","hentry"],"acf":[],"yoast_head":"<!-- This site is optimized with the Yoast SEO plugin v27.4 - https:\/\/yoast.com\/product\/yoast-seo-wordpress\/ -->\n<title>Hallitus ja toimihenkil\u00f6t - Kurikan Rotaryklubi<\/title>\n<meta name=\"robots\" content=\"index, follow, max-snippet:-1, max-image-preview:large, max-video-preview:-1\" \/>\n<link rel=\"canonical\" href=\"https:\/\/rotary.fi\/kurikka\/keita-olemme\/hallitus-ja-toimihenkilot\/\" \/>\n<meta property=\"og:locale\" content=\"fi_FI\" \/>\n<meta property=\"og:type\" content=\"article\" \/>\n<meta property=\"og:title\" content=\"Hallitus ja toimihenkil\u00f6t - Kurikan Rotaryklubi\" \/>\n<meta property=\"og:description\" content=\"Hallitus ja toimihenkil\u00f6t Hallitus ja toimihenkil\u00f6t Puhelin : 040 7174425 S\u00e4hk\u00f6posti : kohtamaki@gmail.comHallitus Presidentti 2024-25 Ari Kohtam\u00e4kiTuleva presidentti Tapio HarmanenPast presidentti Jani Latva-Nikkola1.sihteeri\u00a0 Urpo Lintala2. sihteeri Henry Hannuksela Klubimestari Heli Sillanp\u00e4\u00e4Rahastonhoitaja Jaakko KanaojaIT-vastaava Jarmo KurikkaS\u00e4\u00e4ti\u00f6asiamies\u00a0Tapio HarmanenNuorisovaihto Tiina Alanen J\u00e4senyystoimikunta Puheenjohtaja Jarmo Kurikka Palvelutoimikunta Puheenjohtaja Urpo Lintala Rotarys\u00e4\u00e4ti\u00f6toimikunta Puheenjohtaja\u00a0Tapio Harmanen &nbsp; Rotarypuistotiimi Puheenjohtaja Esko Rinta-Laulaja\" \/>\n<meta property=\"og:url\" content=\"https:\/\/rotary.fi\/kurikka\/keita-olemme\/hallitus-ja-toimihenkilot\/\" \/>\n<meta property=\"og:site_name\" content=\"Kurikan Rotaryklubi\" \/>\n<meta property=\"article:modified_time\" content=\"2025-07-03T13:22:56+00:00\" \/>\n<meta name=\"twitter:card\" content=\"summary_large_image\" \/>\n<meta name=\"twitter:label1\" content=\"Arvioitu lukuaika\" \/>\n\t<meta name=\"twitter:data1\" content=\"2 minuuttia\" \/>\n<script type=\"application\/ld+json\" class=\"yoast-schema-graph\">{\"@context\":\"https:\\\/\\\/schema.org\",\"@graph\":[{\"@type\":\"WebPage\",\"@id\":\"https:\\\/\\\/rotary.fi\\\/kurikka\\\/keita-olemme\\\/hallitus-ja-toimihenkilot\\\/\",\"url\":\"https:\\\/\\\/rotary.fi\\\/kurikka\\\/keita-olemme\\\/hallitus-ja-toimihenkilot\\\/\",\"name\":\"Hallitus ja toimihenkil\u00f6t - Kurikan Rotaryklubi\",\"isPartOf\":{\"@id\":\"https:\\\/\\\/rotary.fi\\\/kurikka\\\/#website\"},\"datePublished\":\"2018-08-10T10:59:56+00:00\",\"dateModified\":\"2025-07-03T13:22:56+00:00\",\"breadcrumb\":{\"@id\":\"https:\\\/\\\/rotary.fi\\\/kurikka\\\/keita-olemme\\\/hallitus-ja-toimihenkilot\\\/#breadcrumb\"},\"inLanguage\":\"fi\",\"potentialAction\":[{\"@type\":\"ReadAction\",\"target\":[\"https:\\\/\\\/rotary.fi\\\/kurikka\\\/keita-olemme\\\/hallitus-ja-toimihenkilot\\\/\"]}]},{\"@type\":\"BreadcrumbList\",\"@id\":\"https:\\\/\\\/rotary.fi\\\/kurikka\\\/keita-olemme\\\/hallitus-ja-toimihenkilot\\\/#breadcrumb\",\"itemListElement\":[{\"@type\":\"ListItem\",\"position\":1,\"name\":\"Home\",\"item\":\"https:\\\/\\\/rotary.fi\\\/kurikka\\\/\"},{\"@type\":\"ListItem\",\"position\":2,\"name\":\"Keit\u00e4 olemme\",\"item\":\"https:\\\/\\\/rotary.fi\\\/kurikka\\\/keita-olemme\\\/\"},{\"@type\":\"ListItem\",\"position\":3,\"name\":\"Hallitus ja toimihenkil\u00f6t\"}]},{\"@type\":\"WebSite\",\"@id\":\"https:\\\/\\\/rotary.fi\\\/kurikka\\\/#website\",\"url\":\"https:\\\/\\\/rotary.fi\\\/kurikka\\\/\",\"name\":\"Kurikan Rotaryklubi\",\"description\":\"Uusi Rotary klubisivusto\",\"potentialAction\":[{\"@type\":\"SearchAction\",\"target\":{\"@type\":\"EntryPoint\",\"urlTemplate\":\"https:\\\/\\\/rotary.fi\\\/kurikka\\\/?s={search_term_string}\"},\"query-input\":{\"@type\":\"PropertyValueSpecification\",\"valueRequired\":true,\"valueName\":\"search_term_string\"}}],\"inLanguage\":\"fi\"}]}<\/script>\n<!-- \/ Yoast SEO plugin. -->","yoast_head_json":{"title":"Hallitus ja toimihenkil\u00f6t - Kurikan Rotaryklubi","robots":{"index":"index","follow":"follow","max-snippet":"max-snippet:-1","max-image-preview":"max-image-preview:large","max-video-preview":"max-video-preview:-1"},"canonical":"https:\/\/rotary.fi\/kurikka\/keita-olemme\/hallitus-ja-toimihenkilot\/","og_locale":"fi_FI","og_type":"article","og_title":"Hallitus ja toimihenkil\u00f6t - Kurikan Rotaryklubi","og_description":"Hallitus ja toimihenkil\u00f6t Hallitus ja toimihenkil\u00f6t Puhelin : 040 7174425 S\u00e4hk\u00f6posti : kohtamaki@gmail.comHallitus Presidentti 2024-25 Ari Kohtam\u00e4kiTuleva presidentti Tapio HarmanenPast presidentti Jani Latva-Nikkola1.sihteeri\u00a0 Urpo Lintala2. sihteeri Henry Hannuksela Klubimestari Heli Sillanp\u00e4\u00e4Rahastonhoitaja Jaakko KanaojaIT-vastaava Jarmo KurikkaS\u00e4\u00e4ti\u00f6asiamies\u00a0Tapio HarmanenNuorisovaihto Tiina Alanen J\u00e4senyystoimikunta Puheenjohtaja Jarmo Kurikka Palvelutoimikunta Puheenjohtaja Urpo Lintala Rotarys\u00e4\u00e4ti\u00f6toimikunta Puheenjohtaja\u00a0Tapio Harmanen &nbsp; Rotarypuistotiimi Puheenjohtaja Esko Rinta-Laulaja","og_url":"https:\/\/rotary.fi\/kurikka\/keita-olemme\/hallitus-ja-toimihenkilot\/","og_site_name":"Kurikan Rotaryklubi","article_modified_time":"2025-07-03T13:22:56+00:00","twitter_card":"summary_large_image","twitter_misc":{"Arvioitu lukuaika":"2 minuuttia"},"schema":{"@context":"https:\/\/schema.org","@graph":[{"@type":"WebPage","@id":"https:\/\/rotary.fi\/kurikka\/keita-olemme\/hallitus-ja-toimihenkilot\/","url":"https:\/\/rotary.fi\/kurikka\/keita-olemme\/hallitus-ja-toimihenkilot\/","name":"Hallitus ja toimihenkil\u00f6t - Kurikan Rotaryklubi","isPartOf":{"@id":"https:\/\/rotary.fi\/kurikka\/#website"},"datePublished":"2018-08-10T10:59:56+00:00","dateModified":"2025-07-03T13:22:56+00:00","breadcrumb":{"@id":"https:\/\/rotary.fi\/kurikka\/keita-olemme\/hallitus-ja-toimihenkilot\/#breadcrumb"},"inLanguage":"fi","potentialAction":[{"@type":"ReadAction","target":["https:\/\/rotary.fi\/kurikka\/keita-olemme\/hallitus-ja-toimihenkilot\/"]}]},{"@type":"BreadcrumbList","@id":"https:\/\/rotary.fi\/kurikka\/keita-olemme\/hallitus-ja-toimihenkilot\/#breadcrumb","itemListElement":[{"@type":"ListItem","position":1,"name":"Home","item":"https:\/\/rotary.fi\/kurikka\/"},{"@type":"ListItem","position":2,"name":"Keit\u00e4 olemme","item":"https:\/\/rotary.fi\/kurikka\/keita-olemme\/"},{"@type":"ListItem","position":3,"name":"Hallitus ja toimihenkil\u00f6t"}]},{"@type":"WebSite","@id":"https:\/\/rotary.fi\/kurikka\/#website","url":"https:\/\/rotary.fi\/kurikka\/","name":"Kurikan Rotaryklubi","description":"Uusi Rotary klubisivusto","potentialAction":[{"@type":"SearchAction","target":{"@type":"EntryPoint","urlTemplate":"https:\/\/rotary.fi\/kurikka\/?s={search_term_string}"},"query-input":{"@type":"PropertyValueSpecification","valueRequired":true,"valueName":"search_term_string"}}],"inLanguage":"fi"}]}},"lang":"fi","translations":{"fi":132},"pll_sync_post":[],"_links":{"self":[{"href":"https:\/\/rotary.fi\/kurikka\/wp-json\/wp\/v2\/pages\/132","targetHints":{"allow":["GET"]}}],"collection":[{"href":"https:\/\/rotary.fi\/kurikka\/wp-json\/wp\/v2\/pages"}],"about":[{"href":"https:\/\/rotary.fi\/kurikka\/wp-json\/wp\/v2\/types\/page"}],"author":[{"embeddable":true,"href":"https:\/\/rotary.fi\/kurikka\/wp-json\/wp\/v2\/users\/1"}],"replies":[{"embeddable":true,"href":"https:\/\/rotary.fi\/kurikka\/wp-json\/wp\/v2\/comments?post=132"}],"version-history":[{"count":11,"href":"https:\/\/rotary.fi\/kurikka\/wp-json\/wp\/v2\/pages\/132\/revisions"}],"predecessor-version":[{"id":2347,"href":"https:\/\/rotary.fi\/kurikka\/wp-json\/wp\/v2\/pages\/132\/revisions\/2347"}],"up":[{"embeddable":true,"href":"https:\/\/rotary.fi\/kurikka\/wp-json\/wp\/v2\/pages\/129"}],"wp:attachment":[{"href":"https:\/\/rotary.fi\/kurikka\/wp-json\/wp\/v2\/media?parent=132"}],"curies":[{"name":"wp","href":"https:\/\/api.w.org\/{rel}","templated":true}]}}