{"id":156,"date":"2018-08-13T09:46:59","date_gmt":"2018-08-13T06:46:59","guid":{"rendered":"https:\/\/rotary.fi\/kuopiokallavesi\/?page_id=156"},"modified":"2025-06-03T09:06:15","modified_gmt":"2025-06-03T06:06:15","slug":"projektit","status":"publish","type":"page","link":"https:\/\/rotary.fi\/kuopiokallavesi\/mita-teemme\/projektit\/","title":{"rendered":"Projektit"},"content":{"rendered":"<p>[et_pb_section fb_built=&#8221;1&#8243; module_class=&#8221;jumbotron-page&#8221; _builder_version=&#8221;4.16&#8243; background_image=&#8221;https:\/\/rotary.fi\/kuopiokallavesi\/wp-content\/uploads\/sites\/147\/2018\/08\/rotary_klubit_alasivu_paakuva_5.jpg&#8221; global_colors_info=&#8221;{}&#8221;][et_pb_row _builder_version=&#8221;4.16&#8243; background_size=&#8221;initial&#8221; background_position=&#8221;top_left&#8221; background_repeat=&#8221;repeat&#8221; global_colors_info=&#8221;{}&#8221;][et_pb_column type=&#8221;4_4&#8243; _builder_version=&#8221;4.16&#8243; custom_padding=&#8221;|||&#8221; global_colors_info=&#8221;{}&#8221; custom_padding__hover=&#8221;|||&#8221;][et_pb_text admin_label=&#8221;P\u00e4\u00e4otsikko&#8221; _builder_version=&#8221;4.16&#8243; text_orientation=&#8221;center&#8221; background_layout=&#8221;dark&#8221; global_colors_info=&#8221;{}&#8221;]<\/p>\n<h1>Projektit<\/h1>\n<p>[\/et_pb_text][\/et_pb_column][\/et_pb_row][\/et_pb_section][et_pb_section fb_built=&#8221;1&#8243; specialty=&#8221;on&#8221; module_class_2=&#8221;sivupalkki&#8221; _builder_version=&#8221;4.16&#8243; global_colors_info=&#8221;{}&#8221;][et_pb_column type=&#8221;2_3&#8243; specialty_columns=&#8221;2&#8243; _builder_version=&#8221;4.16&#8243; custom_padding=&#8221;|||&#8221; global_colors_info=&#8221;{}&#8221; parallax__hover=&#8221;off&#8221; parallax_method__hover=&#8221;on&#8221; custom_padding__hover=&#8221;|||&#8221;][et_pb_row_inner admin_label=&#8221;Rivi&#8221; _builder_version=&#8221;4.16&#8243; global_colors_info=&#8221;{}&#8221;][et_pb_column_inner saved_specialty_column_type=&#8221;2_3&#8243; _builder_version=&#8221;4.16&#8243; custom_padding=&#8221;|||&#8221; global_colors_info=&#8221;{}&#8221; parallax__hover=&#8221;off&#8221; parallax_method__hover=&#8221;on&#8221; custom_padding__hover=&#8221;|||&#8221;][et_pb_text admin_label=&#8221;Projektit &#8211; Otsikko&#8221; _builder_version=&#8221;4.16&#8243; text_orientation=&#8221;center&#8221; global_colors_info=&#8221;{}&#8221;]<\/p>\n<h1>Projektit<\/h1>\n<p>[\/et_pb_text][et_pb_text _builder_version=&#8221;4.16&#8243; custom_padding=&#8221;2px|||||&#8221; hover_enabled=&#8221;0&#8243; global_colors_info=&#8221;{}&#8221; sticky_enabled=&#8221;0&#8243;]<\/p>\n<p><strong style=\"color: #8300e9;font-size: 16px\">., aaT\u00e4ll\u00e4 sivulla esittelemme klubimme projekteja, joilla ker\u00e4\u00e4mme varoja mm. nuorisovaihdon rahoittamiseksi. Olemme mukana useissa avustusteht\u00e4viss\u00e4.\u00a0<\/strong><\/p>\n<p>Rotary on palveluj\u00e4rjest\u00f6. Toimimme tunnuslauseemme Palvelu itsekkyyden edelle (Service above self) mukaisesti paikallisesti ja maailmanlaajuisesti. Kansainv\u00e4linen humanit\u00e4\u00e4rinen palvelumme toteutuu Rotarys\u00e4\u00e4ti\u00f6mme koordinoimana ja hyv\u00e4ksyttyjen kumppaneiden kanssa.<\/p>\n<p><strong>Klubimme kantavana projektina on jo kymmenen\u00e4 vuonna ollut:<\/strong><\/p>\n<p><strong>SAATTOAPUA<\/strong> l\u00e4heisens\u00e4 menett\u00e4neille &#8211; yht henkil\u00f6 Markku Miettinen <strong>0440 647610<\/strong>.<strong><\/strong><\/p>\n<p>&#8211; hautaustilaisuuksiin pystymme toimittamaan kantajia (1-6) tarpeen mukaan, kun omaisten voimat eiv\u00e4t riit\u00e4 tai l\u00e4heisi\u00e4<span style=\"color: #8300e9\">\u00a0<\/span>kantajia on liian v\u00e4h\u00e4n.\u00a0<\/p>\n<p><strong>Ukrainalaisten avustamiseen<\/strong> osallistumme mm. rahoittamalla yhdess\u00e4 piirimme kanssa Vastaanottokeskuksen toteuttamaa kielikerhoa ala-asteik\u00e4isille pakolaisille. Lis\u00e4ksi toteutamme yhdess\u00e4 vapaaehtoisten kanssa Kaverileiri\u00e4, joka hakee viel\u00e4 muotojaan tulevalle kaudelle (sis\u00e4lt\u00e4\u00e4 mm. <strong style=\"color: #8300e9;font-size: 16px\">Suomi-muu maailma<\/strong> -pelip\u00e4ivi\u00e4, harrasteisiin tutustumista ja aktivointia, leiriviikonlopun&#8230;). T\u00e4m\u00e4 on tarkoitus toteuttaa yhdess\u00e4 Setlementti Puijolan kanssa, jossa ulkomaisille lapsille ja nuorille suunnattua toimintaa on jo vuosia koordinoitu Kompassi-hankkeen puitteissa.<\/p>\n<p><strong>Ymp\u00e4rist\u00f6palkinto<\/strong> aktiiviselle toimijalle (yksityiselle, yhdistykselle&#8230;) tarkasti m\u00e4\u00e4ritelt\u00e4vien kriteerien perusteella. T\u00e4m\u00e4 toteutetaan tulevalla kaudella yhdess\u00e4 <strong style=\"color: #8300e9;font-size: 16px\">ymp\u00e4rist\u00f6alan opiskelijoiden ja <\/strong>asiantuntijoiden kanssa. Julkistus ensi kev\u00e4\u00e4n\u00e4.<\/p>\n<p><span style=\"font-size: 16px\">Yhdess\u00e4 Kuopion ja piirin 1430 kanssa toteutamme <\/span><a href=\"https:\/\/www.ristiinalainen.fi\/2022\/01\/06\/joulukuusesta-turoksi-vesiensuojeluun\/\" style=\"font-size: 16px\">Sininen Saimaa<\/a><span style=\"font-size: 16px\"> -projektin, jossa tavoitteena on pelastaa suuri makeanveden j\u00e4rvialue ymp\u00e4rist\u00f6tuhoilta. Puhdistamme vesist\u00f6\u00e4 mm. mikromuovisuodattimilla ja upottamalla j\u00e4rveen kuusen latvuksia, jotka puhdistamisen ohella toimivat kasvualustoina pieneli\u00f6st\u00f6lle ja lis\u00e4\u00e4v\u00e4t samalla kalojen selviytymist\u00e4. <\/span><\/p>\n<p><strong style=\"font-size: 16px\">Osallistumme <a href=\"https:\/\/rotarynorden.e-pages.pub\/titles\/rotaryfinland\/14260\/publications\/66\/pages\/24\">Kuopion muiden klubien<\/a> kanssa yhteisiin avustusprojekteihin.<\/strong><\/p>\n<p>Yhteisprojektina on toimitettu k\u00e4yt\u00f6st\u00e4 vapautuneita koulukalusteita Eestiin jo usean vuoden ajan. Projekti jatkuu edelleen, nyt toimitamme k\u00e4yt\u00f6st\u00e4 vapautuneita kalusteita mm. ukrainalaisten koululaisten k\u00e4ytt\u00f6\u00f6n. T\u00e4m\u00e4 on kierr\u00e4tyst\u00e4 parhaimmillaan, jolla on aktivoitu useiden klubien rotareja ja samalla toimittu ymp\u00e4rist\u00f6\u00e4 suojelevassa teht\u00e4v\u00e4ss\u00e4.<\/p>\n<p><strong>Klubimme osallistuu Piirin 1430 klubien kanssa kansainv\u00e4liseen projektiin.<\/strong><\/p>\n<p>&#8211; <strong>Intian<\/strong> Kolkatassa <strong><a href=\"https:\/\/rotary.fi\/leppavirta\/wp-content\/uploads\/sites\/139\/2022\/02\/16-Inauguration-of-the-Rotary-Global-Grant.pdf\">Feet for All<\/a> -projekti<\/strong> on alkanut 2021 ja jatkuu edelleen. Rahoitamme osaltamme jalkaproteesien asennuksia paikallisten luotettavien yhteisty\u00f6kumppanien avustuksella. Vuonna 2022 asennettiin 1370 proteesia jalkansa menett\u00e4neille Kolkatassa. P\u00e4\u00e4vastuu projektin toteutuksesta kuuluu RC Calcutta Chowrenghee ja RI District 3291 (Intia).<\/p>\n<p><span style=\"font-size: 16px\">&#8211; autamme <\/span><a href=\"https:\/\/rotary.fi\/mita-teemme\/kumppanitoiminta\/shelterbox\/\" style=\"font-size: 16px\"><strong>Shelter Box<\/strong><\/a><span style=\"font-size: 16px\"> &#8211; ker\u00e4ysten turvin ihmisten selviytymist\u00e4 katasrofialueille. Shelter Boxia esittelemme Kuopion torilla 18.5.2024 piirikonferenssissa (D1430), jolloin my\u00f6s ker\u00e4\u00e4mme varoja h\u00e4t\u00e4aputoimintaan.\u00a0\u00a0<\/span><\/p>\n<p><span style=\"font-size: 16px\">&#8211; Ker\u00e4\u00e4mme varoja my\u00f6s polion h\u00e4vitt\u00e4miseksi kaikkialta &#8211; <\/span><a href=\"https:\/\/rotarynorden.e-pages.pub\/titles\/rotaryfinland\/14260\/publications\/66\/pages\/12\/articles\/1890117\/12\/1\" style=\"font-size: 16px\"><strong>Polio Plus<\/strong><\/a><span style=\"font-size: 16px\"> hanke (jo 40 v), johon kaikki j\u00e4senemme osallistuvat vuosittain ker\u00e4tt\u00e4v\u00e4ll\u00e4 tukimaksulla.<\/span><\/p>\n<p><span style=\"color: #0c71c3\"><em><\/em><\/span><\/p>\n<p><span style=\"color: #0c71c3\"><em>Kallaveden rotaryklubin aiempia projekteja:<\/em><\/span><\/p>\n<p><strong>El\u00e4mysp\u00e4iv\u00e4<\/strong> koululaisille, mukana sek\u00e4 ukrainalaisia ett\u00e4 suomalaisia lapsia. Taksi1- yritt\u00e4j\u00e4t osallistuivat hankkeeseen turvaamalla edestakaiset kuljetukset Kuopion El\u00e4inpuistoon. Jo matka maaseudulle oli monelle lapselle el\u00e4mys, koska eiv\u00e4t olleet koskaan k\u00e4yneet kaupungin ulkopuolella. El\u00e4inpuistossa oli mahdollisuus my\u00f6s rapsutella ja helli\u00e4 joitakin el\u00e4imi\u00e4.\u00a0\u00a0<\/p>\n<p><strong>H\u00e4k\u00e4mittarit<\/strong> neuvoloihin Kuopiossa<\/p>\n<p><strong>Siki\u00f6nuket<\/strong> neuvoloihin Kuopiossa<\/p>\n<p><strong>Vesihuoltoa<\/strong> Intiassa (kaivoja)<\/p>\n<p><strong><\/strong><\/p>\n<p><strong><\/strong><\/p>\n<p><strong><\/strong><\/p>\n<p>[\/et_pb_text][\/et_pb_column_inner][\/et_pb_row_inner][\/et_pb_column][et_pb_column type=&#8221;1_3&#8243; module_class=&#8221;sivupalkki&#8221; _builder_version=&#8221;4.16&#8243; custom_padding=&#8221;|||&#8221; global_colors_info=&#8221;{}&#8221; parallax__hover=&#8221;off&#8221; parallax_method__hover=&#8221;on&#8221; module_class__hover=&#8221;sivupalkki&#8221; custom_padding__hover=&#8221;|||&#8221;][et_pb_sidebar area=&#8221;sidebar-1&#8243; module_class=&#8221;sivupalkki_sisalto&#8221; _builder_version=&#8221;4.16&#8243; locked=&#8221;on&#8221; global_colors_info=&#8221;{}&#8221;][\/et_pb_sidebar][\/et_pb_column][\/et_pb_section]<\/p>\n","protected":false},"excerpt":{"rendered":"<p>Projektit Projektit ., aaT\u00e4ll\u00e4 sivulla esittelemme klubimme projekteja, joilla ker\u00e4\u00e4mme varoja mm. nuorisovaihdon rahoittamiseksi. Olemme mukana useissa avustusteht\u00e4viss\u00e4.\u00a0 Rotary on palveluj\u00e4rjest\u00f6. Toimimme tunnuslauseemme Palvelu itsekkyyden edelle (Service above self) mukaisesti paikallisesti ja maailmanlaajuisesti. Kansainv\u00e4linen humanit\u00e4\u00e4rinen palvelumme toteutuu Rotarys\u00e4\u00e4ti\u00f6mme koordinoimana ja hyv\u00e4ksyttyjen kumppaneiden kanssa. Klubimme kantavana projektina on jo kymmenen\u00e4 vuonna ollut: SAATTOAPUA l\u00e4heisens\u00e4 menett\u00e4neille &#8211; [&hellip;]<\/p>\n","protected":false},"author":1,"featured_media":0,"parent":77,"menu_order":0,"comment_status":"closed","ping_status":"closed","template":"","meta":{"_acf_changed":false,"_et_pb_use_builder":"on","_et_pb_old_content":"","_et_gb_content_width":"","footnotes":""},"class_list":["post-156","page","type-page","status-publish","hentry"],"acf":[],"yoast_head":"<!-- This site is optimized with the Yoast SEO plugin v27.4 - https:\/\/yoast.com\/product\/yoast-seo-wordpress\/ -->\n<title>Projektit - Kuopio-Kallaveden Rotaryklubi<\/title>\n<meta name=\"robots\" content=\"index, follow, max-snippet:-1, max-image-preview:large, max-video-preview:-1\" \/>\n<link rel=\"canonical\" href=\"https:\/\/rotary.fi\/kuopiokallavesi\/mita-teemme\/projektit\/\" \/>\n<meta property=\"og:locale\" content=\"fi_FI\" \/>\n<meta property=\"og:type\" content=\"article\" \/>\n<meta property=\"og:title\" content=\"Projektit - Kuopio-Kallaveden Rotaryklubi\" \/>\n<meta property=\"og:description\" content=\"Projektit Projektit ., aaT\u00e4ll\u00e4 sivulla esittelemme klubimme projekteja, joilla ker\u00e4\u00e4mme varoja mm. nuorisovaihdon rahoittamiseksi. Olemme mukana useissa avustusteht\u00e4viss\u00e4.\u00a0 Rotary on palveluj\u00e4rjest\u00f6. Toimimme tunnuslauseemme Palvelu itsekkyyden edelle (Service above self) mukaisesti paikallisesti ja maailmanlaajuisesti. Kansainv\u00e4linen humanit\u00e4\u00e4rinen palvelumme toteutuu Rotarys\u00e4\u00e4ti\u00f6mme koordinoimana ja hyv\u00e4ksyttyjen kumppaneiden kanssa. Klubimme kantavana projektina on jo kymmenen\u00e4 vuonna ollut: SAATTOAPUA l\u00e4heisens\u00e4 menett\u00e4neille - [&hellip;]\" \/>\n<meta property=\"og:url\" content=\"https:\/\/rotary.fi\/kuopiokallavesi\/mita-teemme\/projektit\/\" \/>\n<meta property=\"og:site_name\" content=\"Kuopio-Kallaveden Rotaryklubi\" \/>\n<meta property=\"article:modified_time\" content=\"2025-06-03T06:06:15+00:00\" \/>\n<meta name=\"twitter:card\" content=\"summary_large_image\" \/>\n<meta name=\"twitter:label1\" content=\"Arvioitu lukuaika\" \/>\n\t<meta name=\"twitter:data1\" content=\"4 minuuttia\" \/>\n<script type=\"application\/ld+json\" class=\"yoast-schema-graph\">{\"@context\":\"https:\\\/\\\/schema.org\",\"@graph\":[{\"@type\":\"WebPage\",\"@id\":\"https:\\\/\\\/rotary.fi\\\/kuopiokallavesi\\\/mita-teemme\\\/projektit\\\/\",\"url\":\"https:\\\/\\\/rotary.fi\\\/kuopiokallavesi\\\/mita-teemme\\\/projektit\\\/\",\"name\":\"Projektit - Kuopio-Kallaveden Rotaryklubi\",\"isPartOf\":{\"@id\":\"https:\\\/\\\/rotary.fi\\\/kuopiokallavesi\\\/#website\"},\"datePublished\":\"2018-08-13T06:46:59+00:00\",\"dateModified\":\"2025-06-03T06:06:15+00:00\",\"breadcrumb\":{\"@id\":\"https:\\\/\\\/rotary.fi\\\/kuopiokallavesi\\\/mita-teemme\\\/projektit\\\/#breadcrumb\"},\"inLanguage\":\"fi\",\"potentialAction\":[{\"@type\":\"ReadAction\",\"target\":[\"https:\\\/\\\/rotary.fi\\\/kuopiokallavesi\\\/mita-teemme\\\/projektit\\\/\"]}]},{\"@type\":\"BreadcrumbList\",\"@id\":\"https:\\\/\\\/rotary.fi\\\/kuopiokallavesi\\\/mita-teemme\\\/projektit\\\/#breadcrumb\",\"itemListElement\":[{\"@type\":\"ListItem\",\"position\":1,\"name\":\"Home\",\"item\":\"https:\\\/\\\/rotary.fi\\\/kuopiokallavesi\\\/\"},{\"@type\":\"ListItem\",\"position\":2,\"name\":\"Mit\u00e4 teemme\",\"item\":\"https:\\\/\\\/rotary.fi\\\/kuopiokallavesi\\\/mita-teemme\\\/\"},{\"@type\":\"ListItem\",\"position\":3,\"name\":\"Projektit\"}]},{\"@type\":\"WebSite\",\"@id\":\"https:\\\/\\\/rotary.fi\\\/kuopiokallavesi\\\/#website\",\"url\":\"https:\\\/\\\/rotary.fi\\\/kuopiokallavesi\\\/\",\"name\":\"Kuopio-Kallaveden Rotaryklubi\",\"description\":\"Uusi Rotary klubisivusto\",\"potentialAction\":[{\"@type\":\"SearchAction\",\"target\":{\"@type\":\"EntryPoint\",\"urlTemplate\":\"https:\\\/\\\/rotary.fi\\\/kuopiokallavesi\\\/?s={search_term_string}\"},\"query-input\":{\"@type\":\"PropertyValueSpecification\",\"valueRequired\":true,\"valueName\":\"search_term_string\"}}],\"inLanguage\":\"fi\"}]}<\/script>\n<!-- \/ Yoast SEO plugin. -->","yoast_head_json":{"title":"Projektit - Kuopio-Kallaveden Rotaryklubi","robots":{"index":"index","follow":"follow","max-snippet":"max-snippet:-1","max-image-preview":"max-image-preview:large","max-video-preview":"max-video-preview:-1"},"canonical":"https:\/\/rotary.fi\/kuopiokallavesi\/mita-teemme\/projektit\/","og_locale":"fi_FI","og_type":"article","og_title":"Projektit - Kuopio-Kallaveden Rotaryklubi","og_description":"Projektit Projektit ., aaT\u00e4ll\u00e4 sivulla esittelemme klubimme projekteja, joilla ker\u00e4\u00e4mme varoja mm. nuorisovaihdon rahoittamiseksi. Olemme mukana useissa avustusteht\u00e4viss\u00e4.\u00a0 Rotary on palveluj\u00e4rjest\u00f6. Toimimme tunnuslauseemme Palvelu itsekkyyden edelle (Service above self) mukaisesti paikallisesti ja maailmanlaajuisesti. Kansainv\u00e4linen humanit\u00e4\u00e4rinen palvelumme toteutuu Rotarys\u00e4\u00e4ti\u00f6mme koordinoimana ja hyv\u00e4ksyttyjen kumppaneiden kanssa. Klubimme kantavana projektina on jo kymmenen\u00e4 vuonna ollut: SAATTOAPUA l\u00e4heisens\u00e4 menett\u00e4neille - [&hellip;]","og_url":"https:\/\/rotary.fi\/kuopiokallavesi\/mita-teemme\/projektit\/","og_site_name":"Kuopio-Kallaveden Rotaryklubi","article_modified_time":"2025-06-03T06:06:15+00:00","twitter_card":"summary_large_image","twitter_misc":{"Arvioitu lukuaika":"4 minuuttia"},"schema":{"@context":"https:\/\/schema.org","@graph":[{"@type":"WebPage","@id":"https:\/\/rotary.fi\/kuopiokallavesi\/mita-teemme\/projektit\/","url":"https:\/\/rotary.fi\/kuopiokallavesi\/mita-teemme\/projektit\/","name":"Projektit - Kuopio-Kallaveden Rotaryklubi","isPartOf":{"@id":"https:\/\/rotary.fi\/kuopiokallavesi\/#website"},"datePublished":"2018-08-13T06:46:59+00:00","dateModified":"2025-06-03T06:06:15+00:00","breadcrumb":{"@id":"https:\/\/rotary.fi\/kuopiokallavesi\/mita-teemme\/projektit\/#breadcrumb"},"inLanguage":"fi","potentialAction":[{"@type":"ReadAction","target":["https:\/\/rotary.fi\/kuopiokallavesi\/mita-teemme\/projektit\/"]}]},{"@type":"BreadcrumbList","@id":"https:\/\/rotary.fi\/kuopiokallavesi\/mita-teemme\/projektit\/#breadcrumb","itemListElement":[{"@type":"ListItem","position":1,"name":"Home","item":"https:\/\/rotary.fi\/kuopiokallavesi\/"},{"@type":"ListItem","position":2,"name":"Mit\u00e4 teemme","item":"https:\/\/rotary.fi\/kuopiokallavesi\/mita-teemme\/"},{"@type":"ListItem","position":3,"name":"Projektit"}]},{"@type":"WebSite","@id":"https:\/\/rotary.fi\/kuopiokallavesi\/#website","url":"https:\/\/rotary.fi\/kuopiokallavesi\/","name":"Kuopio-Kallaveden Rotaryklubi","description":"Uusi Rotary klubisivusto","potentialAction":[{"@type":"SearchAction","target":{"@type":"EntryPoint","urlTemplate":"https:\/\/rotary.fi\/kuopiokallavesi\/?s={search_term_string}"},"query-input":{"@type":"PropertyValueSpecification","valueRequired":true,"valueName":"search_term_string"}}],"inLanguage":"fi"}]}},"lang":"fi","translations":{"fi":156,"en":1451},"pll_sync_post":[],"_links":{"self":[{"href":"https:\/\/rotary.fi\/kuopiokallavesi\/wp-json\/wp\/v2\/pages\/156","targetHints":{"allow":["GET"]}}],"collection":[{"href":"https:\/\/rotary.fi\/kuopiokallavesi\/wp-json\/wp\/v2\/pages"}],"about":[{"href":"https:\/\/rotary.fi\/kuopiokallavesi\/wp-json\/wp\/v2\/types\/page"}],"author":[{"embeddable":true,"href":"https:\/\/rotary.fi\/kuopiokallavesi\/wp-json\/wp\/v2\/users\/1"}],"replies":[{"embeddable":true,"href":"https:\/\/rotary.fi\/kuopiokallavesi\/wp-json\/wp\/v2\/comments?post=156"}],"version-history":[{"count":9,"href":"https:\/\/rotary.fi\/kuopiokallavesi\/wp-json\/wp\/v2\/pages\/156\/revisions"}],"predecessor-version":[{"id":2003,"href":"https:\/\/rotary.fi\/kuopiokallavesi\/wp-json\/wp\/v2\/pages\/156\/revisions\/2003"}],"up":[{"embeddable":true,"href":"https:\/\/rotary.fi\/kuopiokallavesi\/wp-json\/wp\/v2\/pages\/77"}],"wp:attachment":[{"href":"https:\/\/rotary.fi\/kuopiokallavesi\/wp-json\/wp\/v2\/media?parent=156"}],"curies":[{"name":"wp","href":"https:\/\/api.w.org\/{rel}","templated":true}]}}