{"id":1428,"date":"2019-02-20T12:51:31","date_gmt":"2019-02-20T10:51:31","guid":{"rendered":"https:\/\/rotary.fi\/kuopiokallavesi\/?page_id=1428"},"modified":"2020-09-16T16:24:46","modified_gmt":"2020-09-16T13:24:46","slug":"club-board-of-directors-and-officers","status":"publish","type":"page","link":"https:\/\/rotary.fi\/kuopiokallavesi\/en\/who-we-are\/club-board-of-directors-and-officers\/","title":{"rendered":"Club Board of Directors and Officers"},"content":{"rendered":"<p>[et_pb_section fb_built=&#8221;1&#8243; module_class=&#8221;jumbotron-page&#8221; _builder_version=&#8221;3.22&#8243; background_image=&#8221;https:\/\/rotary.fi\/kuopiokallavesi\/wp-content\/uploads\/sites\/147\/2018\/10\/rotary_klubit_alasivu_paakuva_12.jpg&#8221;][et_pb_row _builder_version=&#8221;3.25&#8243; background_size=&#8221;initial&#8221; background_position=&#8221;top_left&#8221; background_repeat=&#8221;repeat&#8221;][et_pb_column type=&#8221;4_4&#8243; _builder_version=&#8221;3.25&#8243; custom_padding=&#8221;|||&#8221; custom_padding__hover=&#8221;|||&#8221;][et_pb_text admin_label=&#8221;P\u00e4\u00e4otsikko: Club Board of Directors and Officers&#8221; _builder_version=&#8221;3.27.4&#8243; text_orientation=&#8221;center&#8221; background_layout=&#8221;dark&#8221;]<\/p>\n<h1>Club Board of Directors and Officers<\/h1>\n<p>[\/et_pb_text][\/et_pb_column][\/et_pb_row][\/et_pb_section][et_pb_section fb_built=&#8221;1&#8243; specialty=&#8221;on&#8221; module_class_2=&#8221;sivupalkki&#8221; _builder_version=&#8221;3.22&#8243;][et_pb_column type=&#8221;2_3&#8243; specialty_columns=&#8221;2&#8243; _builder_version=&#8221;3.25&#8243; custom_padding=&#8221;|||&#8221; custom_padding__hover=&#8221;|||&#8221;][et_pb_row_inner admin_label=&#8221;Rivi&#8221; _builder_version=&#8221;3.25&#8243;][et_pb_column_inner saved_specialty_column_type=&#8221;2_3&#8243; _builder_version=&#8221;3.25&#8243; custom_padding=&#8221;|||&#8221; custom_padding__hover=&#8221;|||&#8221;][et_pb_text admin_label=&#8221;Otsikko: Club Board of Directors and Officers&#8221; _builder_version=&#8221;3.27.4&#8243; text_orientation=&#8221;center&#8221;]<\/p>\n<h1>Club Board of Directors and Officers<\/h1>\n<p>[\/et_pb_text][\/et_pb_column_inner][\/et_pb_row_inner][et_pb_row_inner column_structure=&#8221;1_2,1_2&#8243; admin_label=&#8221;Rivi&#8221; _builder_version=&#8221;4.4.8&#8243; width=&#8221;100%&#8221;][et_pb_column_inner type=&#8221;1_2&#8243; saved_specialty_column_type=&#8221;2_3&#8243; _builder_version=&#8221;3.25&#8243; custom_padding=&#8221;|||&#8221; custom_padding__hover=&#8221;|||&#8221;][et_pb_team_member name=&#8221;Tuomo Roivainen&#8221; position=&#8221;President of Club 10038<br \/>\n&#8221; image_url=&#8221;https:\/\/rotary.fi\/klubi2\/wp-content\/uploads\/sites\/147\/2018\/08\/henkilokuva_placeholder.jpg&#8221; admin_label=&#8221;President&#8221; _builder_version=&#8221;3.19.5&#8243;]<\/p>\n<h4 class=\"et_pb_module_header\"><\/h4>\n<h4 class=\"et_pb_module_header\"><\/h4>\n<div><\/div>\n<p>[\/et_pb_team_member][\/et_pb_column_inner][et_pb_column_inner type=&#8221;1_2&#8243; saved_specialty_column_type=&#8221;2_3&#8243; _builder_version=&#8221;3.25&#8243; custom_padding=&#8221;|||&#8221; custom_padding__hover=&#8221;|||&#8221;][et_pb_text _builder_version=&#8221;3.27.4&#8243; width=&#8221;100%&#8221; custom_margin=&#8221;|-13px||||&#8221;]<\/p>\n<h2>Club Board of Directors<\/h2>\n<p><strong>President 2020-2021<\/strong> Tuomo Roivainen<\/p>\n<p><span>Phone 0400 576 584 t.paavali.roivainen@gmail.com<\/span><\/p>\n<p><strong>President Elect<\/strong> Pentti Niemel\u00e4<br \/><strong>Vice President<\/strong>\u00a0 xxx<br \/><strong>Past President<\/strong> Seppo Paananen<br \/><strong>First Secretary<\/strong> Jani Bergstr\u00f6m<br \/><strong>2nd Secretary<\/strong> xxx<br \/><strong>3rd Secretary<\/strong> xxx<br \/><strong>Club Sergeant-At-Arms<\/strong> Jaakko Miettinen, Hannu K\u00e4\u00e4ri\u00e4inen<br \/><strong>Treasurer<\/strong> Kati Leinonen<br \/><strong>IT Officer<\/strong> xxx<br \/><strong>Rotary Foundation Chair<\/strong> xxx<br \/><strong>Youth Exchange Officer<\/strong> Helena Juvonen<br \/><strong>Communications Officer<\/strong>\u00a0<\/p>\n<h2>Resource Team<\/h2>\n<p class=\"p1\"><span class=\"s1\"><strong>Chair<\/strong> Pentti Niemel\u00e4<\/span><\/p>\n<p><span class=\"s1\"><\/span><\/p>\n<h2>Rotary Foundation Committee<\/h2>\n<p><span class=\"s1\"><strong>Chair<\/strong> xxx<\/span><\/p>\n<p>[\/et_pb_text][\/et_pb_column_inner][\/et_pb_row_inner][\/et_pb_column][et_pb_column type=&#8221;1_3&#8243; _builder_version=&#8221;3.25&#8243; custom_padding=&#8221;|||&#8221; custom_padding__hover=&#8221;|||&#8221;][et_pb_sidebar area=&#8221;sidebar-1&#8243; module_class=&#8221;sivupalkki_sisalto&#8221; _builder_version=&#8221;3.4.1&#8243; locked=&#8221;on&#8221;]<br \/>\n[\/et_pb_sidebar][\/et_pb_column][\/et_pb_section]<\/p>\n","protected":false},"excerpt":{"rendered":"<p>Club Board of Directors and Officers Club Board of Directors and Officers Club Board of Directors President 2020-2021 Tuomo Roivainen Phone 0400 576 584 t.paavali.roivainen@gmail.com President Elect Pentti Niemel\u00e4Vice President\u00a0 xxxPast President Seppo PaananenFirst Secretary Jani Bergstr\u00f6m2nd Secretary xxx3rd Secretary xxxClub Sergeant-At-Arms Jaakko Miettinen, Hannu K\u00e4\u00e4ri\u00e4inenTreasurer Kati LeinonenIT Officer xxxRotary Foundation Chair xxxYouth Exchange Officer [&hellip;]<\/p>\n","protected":false},"author":1,"featured_media":0,"parent":1424,"menu_order":0,"comment_status":"closed","ping_status":"closed","template":"","meta":{"_acf_changed":false,"_et_pb_use_builder":"on","_et_pb_old_content":"","_et_gb_content_width":"","footnotes":""},"class_list":["post-1428","page","type-page","status-publish","hentry"],"acf":[],"yoast_head":"<!-- This site is optimized with the Yoast SEO plugin v27.4 - https:\/\/yoast.com\/product\/yoast-seo-wordpress\/ -->\n<title>Club Board of Directors and Officers - Kuopio-Kallaveden Rotaryklubi<\/title>\n<meta name=\"robots\" content=\"index, follow, max-snippet:-1, max-image-preview:large, max-video-preview:-1\" \/>\n<link rel=\"canonical\" href=\"https:\/\/rotary.fi\/kuopiokallavesi\/en\/who-we-are\/club-board-of-directors-and-officers\/\" \/>\n<meta property=\"og:locale\" content=\"fi_FI\" \/>\n<meta property=\"og:type\" content=\"article\" \/>\n<meta property=\"og:title\" content=\"Club Board of Directors and Officers - Kuopio-Kallaveden Rotaryklubi\" \/>\n<meta property=\"og:description\" content=\"Club Board of Directors and Officers Club Board of Directors and Officers Club Board of Directors President 2020-2021 Tuomo Roivainen Phone 0400 576 584 t.paavali.roivainen@gmail.com President Elect Pentti Niemel\u00e4Vice President\u00a0 xxxPast President Seppo PaananenFirst Secretary Jani Bergstr\u00f6m2nd Secretary xxx3rd Secretary xxxClub Sergeant-At-Arms Jaakko Miettinen, Hannu K\u00e4\u00e4ri\u00e4inenTreasurer Kati LeinonenIT Officer xxxRotary Foundation Chair xxxYouth Exchange Officer [&hellip;]\" \/>\n<meta property=\"og:url\" content=\"https:\/\/rotary.fi\/kuopiokallavesi\/en\/who-we-are\/club-board-of-directors-and-officers\/\" \/>\n<meta property=\"og:site_name\" content=\"Kuopio-Kallaveden Rotaryklubi\" \/>\n<meta property=\"article:modified_time\" content=\"2020-09-16T13:24:46+00:00\" \/>\n<meta name=\"twitter:card\" content=\"summary_large_image\" \/>\n<meta name=\"twitter:label1\" content=\"Arvioitu lukuaika\" \/>\n\t<meta name=\"twitter:data1\" content=\"2 minuuttia\" \/>\n<script type=\"application\/ld+json\" class=\"yoast-schema-graph\">{\"@context\":\"https:\\\/\\\/schema.org\",\"@graph\":[{\"@type\":\"WebPage\",\"@id\":\"https:\\\/\\\/rotary.fi\\\/kuopiokallavesi\\\/en\\\/who-we-are\\\/club-board-of-directors-and-officers\\\/\",\"url\":\"https:\\\/\\\/rotary.fi\\\/kuopiokallavesi\\\/en\\\/who-we-are\\\/club-board-of-directors-and-officers\\\/\",\"name\":\"Club Board of Directors and Officers - Kuopio-Kallaveden Rotaryklubi\",\"isPartOf\":{\"@id\":\"https:\\\/\\\/rotary.fi\\\/kuopiokallavesi\\\/#website\"},\"datePublished\":\"2019-02-20T10:51:31+00:00\",\"dateModified\":\"2020-09-16T13:24:46+00:00\",\"breadcrumb\":{\"@id\":\"https:\\\/\\\/rotary.fi\\\/kuopiokallavesi\\\/en\\\/who-we-are\\\/club-board-of-directors-and-officers\\\/#breadcrumb\"},\"inLanguage\":\"fi\",\"potentialAction\":[{\"@type\":\"ReadAction\",\"target\":[\"https:\\\/\\\/rotary.fi\\\/kuopiokallavesi\\\/en\\\/who-we-are\\\/club-board-of-directors-and-officers\\\/\"]}]},{\"@type\":\"BreadcrumbList\",\"@id\":\"https:\\\/\\\/rotary.fi\\\/kuopiokallavesi\\\/en\\\/who-we-are\\\/club-board-of-directors-and-officers\\\/#breadcrumb\",\"itemListElement\":[{\"@type\":\"ListItem\",\"position\":1,\"name\":\"Home\",\"item\":\"https:\\\/\\\/rotary.fi\\\/kuopiokallavesi\\\/\"},{\"@type\":\"ListItem\",\"position\":2,\"name\":\"Who We Are\",\"item\":\"https:\\\/\\\/rotary.fi\\\/kuopiokallavesi\\\/en\\\/who-we-are\\\/\"},{\"@type\":\"ListItem\",\"position\":3,\"name\":\"Club Board of Directors and Officers\"}]},{\"@type\":\"WebSite\",\"@id\":\"https:\\\/\\\/rotary.fi\\\/kuopiokallavesi\\\/#website\",\"url\":\"https:\\\/\\\/rotary.fi\\\/kuopiokallavesi\\\/\",\"name\":\"Kuopio-Kallaveden Rotaryklubi\",\"description\":\"Uusi Rotary klubisivusto\",\"potentialAction\":[{\"@type\":\"SearchAction\",\"target\":{\"@type\":\"EntryPoint\",\"urlTemplate\":\"https:\\\/\\\/rotary.fi\\\/kuopiokallavesi\\\/?s={search_term_string}\"},\"query-input\":{\"@type\":\"PropertyValueSpecification\",\"valueRequired\":true,\"valueName\":\"search_term_string\"}}],\"inLanguage\":\"fi\"}]}<\/script>\n<!-- \/ Yoast SEO plugin. -->","yoast_head_json":{"title":"Club Board of Directors and Officers - Kuopio-Kallaveden Rotaryklubi","robots":{"index":"index","follow":"follow","max-snippet":"max-snippet:-1","max-image-preview":"max-image-preview:large","max-video-preview":"max-video-preview:-1"},"canonical":"https:\/\/rotary.fi\/kuopiokallavesi\/en\/who-we-are\/club-board-of-directors-and-officers\/","og_locale":"fi_FI","og_type":"article","og_title":"Club Board of Directors and Officers - Kuopio-Kallaveden Rotaryklubi","og_description":"Club Board of Directors and Officers Club Board of Directors and Officers Club Board of Directors President 2020-2021 Tuomo Roivainen Phone 0400 576 584 t.paavali.roivainen@gmail.com President Elect Pentti Niemel\u00e4Vice President\u00a0 xxxPast President Seppo PaananenFirst Secretary Jani Bergstr\u00f6m2nd Secretary xxx3rd Secretary xxxClub Sergeant-At-Arms Jaakko Miettinen, Hannu K\u00e4\u00e4ri\u00e4inenTreasurer Kati LeinonenIT Officer xxxRotary Foundation Chair xxxYouth Exchange Officer [&hellip;]","og_url":"https:\/\/rotary.fi\/kuopiokallavesi\/en\/who-we-are\/club-board-of-directors-and-officers\/","og_site_name":"Kuopio-Kallaveden Rotaryklubi","article_modified_time":"2020-09-16T13:24:46+00:00","twitter_card":"summary_large_image","twitter_misc":{"Arvioitu lukuaika":"2 minuuttia"},"schema":{"@context":"https:\/\/schema.org","@graph":[{"@type":"WebPage","@id":"https:\/\/rotary.fi\/kuopiokallavesi\/en\/who-we-are\/club-board-of-directors-and-officers\/","url":"https:\/\/rotary.fi\/kuopiokallavesi\/en\/who-we-are\/club-board-of-directors-and-officers\/","name":"Club Board of Directors and Officers - Kuopio-Kallaveden Rotaryklubi","isPartOf":{"@id":"https:\/\/rotary.fi\/kuopiokallavesi\/#website"},"datePublished":"2019-02-20T10:51:31+00:00","dateModified":"2020-09-16T13:24:46+00:00","breadcrumb":{"@id":"https:\/\/rotary.fi\/kuopiokallavesi\/en\/who-we-are\/club-board-of-directors-and-officers\/#breadcrumb"},"inLanguage":"fi","potentialAction":[{"@type":"ReadAction","target":["https:\/\/rotary.fi\/kuopiokallavesi\/en\/who-we-are\/club-board-of-directors-and-officers\/"]}]},{"@type":"BreadcrumbList","@id":"https:\/\/rotary.fi\/kuopiokallavesi\/en\/who-we-are\/club-board-of-directors-and-officers\/#breadcrumb","itemListElement":[{"@type":"ListItem","position":1,"name":"Home","item":"https:\/\/rotary.fi\/kuopiokallavesi\/"},{"@type":"ListItem","position":2,"name":"Who We Are","item":"https:\/\/rotary.fi\/kuopiokallavesi\/en\/who-we-are\/"},{"@type":"ListItem","position":3,"name":"Club Board of Directors and Officers"}]},{"@type":"WebSite","@id":"https:\/\/rotary.fi\/kuopiokallavesi\/#website","url":"https:\/\/rotary.fi\/kuopiokallavesi\/","name":"Kuopio-Kallaveden Rotaryklubi","description":"Uusi Rotary klubisivusto","potentialAction":[{"@type":"SearchAction","target":{"@type":"EntryPoint","urlTemplate":"https:\/\/rotary.fi\/kuopiokallavesi\/?s={search_term_string}"},"query-input":{"@type":"PropertyValueSpecification","valueRequired":true,"valueName":"search_term_string"}}],"inLanguage":"fi"}]}},"lang":"en","translations":{"en":1428,"fi":132},"pll_sync_post":[],"_links":{"self":[{"href":"https:\/\/rotary.fi\/kuopiokallavesi\/wp-json\/wp\/v2\/pages\/1428","targetHints":{"allow":["GET"]}}],"collection":[{"href":"https:\/\/rotary.fi\/kuopiokallavesi\/wp-json\/wp\/v2\/pages"}],"about":[{"href":"https:\/\/rotary.fi\/kuopiokallavesi\/wp-json\/wp\/v2\/types\/page"}],"author":[{"embeddable":true,"href":"https:\/\/rotary.fi\/kuopiokallavesi\/wp-json\/wp\/v2\/users\/1"}],"replies":[{"embeddable":true,"href":"https:\/\/rotary.fi\/kuopiokallavesi\/wp-json\/wp\/v2\/comments?post=1428"}],"version-history":[{"count":6,"href":"https:\/\/rotary.fi\/kuopiokallavesi\/wp-json\/wp\/v2\/pages\/1428\/revisions"}],"predecessor-version":[{"id":1682,"href":"https:\/\/rotary.fi\/kuopiokallavesi\/wp-json\/wp\/v2\/pages\/1428\/revisions\/1682"}],"up":[{"embeddable":true,"href":"https:\/\/rotary.fi\/kuopiokallavesi\/wp-json\/wp\/v2\/pages\/1424"}],"wp:attachment":[{"href":"https:\/\/rotary.fi\/kuopiokallavesi\/wp-json\/wp\/v2\/media?parent=1428"}],"curies":[{"name":"wp","href":"https:\/\/api.w.org\/{rel}","templated":true}]}}