{"id":142,"date":"2018-08-10T14:04:45","date_gmt":"2018-08-10T11:04:45","guid":{"rendered":"https:\/\/rotary.fi\/klubi2\/?page_id=142"},"modified":"2024-03-06T20:08:16","modified_gmt":"2024-03-06T18:08:16","slug":"ilo-esitella","status":"publish","type":"page","link":"https:\/\/rotary.fi\/kuopiokallavesi\/keita-olemme\/ilo-esitella\/","title":{"rendered":"Ilo esitell\u00e4"},"content":{"rendered":"<p>[et_pb_section fb_built=&#8221;1&#8243; module_class=&#8221;jumbotron-page&#8221; _builder_version=&#8221;4.16&#8243; background_image=&#8221;https:\/\/rotary.fi\/kuopiokallavesi\/wp-content\/uploads\/sites\/147\/2018\/10\/rotary_klubit_alasivu_paakuva_14.jpg&#8221; global_colors_info=&#8221;{}&#8221;][et_pb_row _builder_version=&#8221;4.16&#8243; background_size=&#8221;initial&#8221; background_position=&#8221;top_left&#8221; background_repeat=&#8221;repeat&#8221; global_colors_info=&#8221;{}&#8221;][et_pb_column type=&#8221;4_4&#8243; _builder_version=&#8221;4.16&#8243; custom_padding=&#8221;|||&#8221; global_colors_info=&#8221;{}&#8221; custom_padding__hover=&#8221;|||&#8221;][et_pb_text admin_label=&#8221;P\u00e4\u00e4otsikko&#8221; _builder_version=&#8221;4.16&#8243; text_orientation=&#8221;center&#8221; background_layout=&#8221;dark&#8221; global_colors_info=&#8221;{}&#8221;]<\/p>\n<h1>Ilo esitell\u00e4<\/h1>\n<p>[\/et_pb_text][\/et_pb_column][\/et_pb_row][\/et_pb_section][et_pb_section fb_built=&#8221;1&#8243; specialty=&#8221;on&#8221; module_class_2=&#8221;sivupalkki&#8221; _builder_version=&#8221;4.16&#8243; global_colors_info=&#8221;{}&#8221;][et_pb_column type=&#8221;2_3&#8243; specialty_columns=&#8221;2&#8243; _builder_version=&#8221;4.16&#8243; custom_padding=&#8221;|||&#8221; global_colors_info=&#8221;{}&#8221; parallax__hover=&#8221;off&#8221; parallax_method__hover=&#8221;on&#8221; custom_padding__hover=&#8221;|||&#8221;][et_pb_row_inner admin_label=&#8221;Rivi&#8221; _builder_version=&#8221;4.16&#8243; global_colors_info=&#8221;{}&#8221;][et_pb_column_inner saved_specialty_column_type=&#8221;2_3&#8243; _builder_version=&#8221;4.16&#8243; custom_padding=&#8221;|||&#8221; global_colors_info=&#8221;{}&#8221; parallax__hover=&#8221;off&#8221; parallax_method__hover=&#8221;on&#8221; custom_padding__hover=&#8221;|||&#8221;][et_pb_text admin_label=&#8221;Ilo esitell\u00e4 &#8211; Otsikko&#8221; _builder_version=&#8221;4.16&#8243; text_orientation=&#8221;center&#8221; global_colors_info=&#8221;{}&#8221;]<\/p>\n<h1>Ilo esitell\u00e4<\/h1>\n<p>[\/et_pb_text][et_pb_text _builder_version=&#8221;4.16&#8243; global_colors_info=&#8221;{}&#8221;]<\/p>\n<p>&nbsp;<\/p>\n<p>&#8211;<span style=\"color: #8300e9\"><strong><\/strong><\/span><\/p>\n<p><span style=\"color: #8300e9\"><strong>\u00a0T\u00e4ll\u00e4 sivulla esittelemme klubin historiaa kuvin ja tekstein, tuomme esiin yhteisty\u00f6kumppaneitamme, esittelemme aktiivisia tukijoitamme.\u00a0<\/strong><\/span><\/p>\n<p><span style=\"color: #8300e9\"><strong>Lis\u00e4\u00e4mme t\u00e4nne mm.<\/strong><\/span><\/p>\n<ul>\n<li><span style=\"color: #8300e9\"><strong>Miksi min\u00e4 olen rotari<\/strong><\/span><\/li>\n<li>&#8211; haluan auttaa muita omalla asiantuntemuksella, tukemalla l\u00e4hell\u00e4&#8230;<span style=\"color: #8300e9\"><strong><\/strong><\/span><\/li>\n<li>&#8211; on ilo kuulua hyv\u00e4ntekij\u00f6iden joukkoon, vaihtaa mielipiteit\u00e4<\/li>\n<li>&#8211; haluan n\u00e4hd\u00e4 nuorten kehittyv\u00e4n kansainv\u00e4lisiksi vaikuttajiksi<\/li>\n<li>&#8211; teen pienen osan rauhanty\u00f6t\u00e4 maailmanlaajuisessa organisaatiossa<\/li>\n<li>&#8211; p\u00e4\u00e4sen tutustumaan paikallisiin yrityksiin, joilla ei avoimia ovia muille<\/li>\n<li><span style=\"color: #8300e9\"><strong>Vaihto-opiskelijan kokemuksia vaihtovuodestaan ulkomailla<\/strong><\/span><\/li>\n<li>&#8211; unohtumaton vuosi, antoi my\u00f6s runsaasti elinik\u00e4isi\u00e4 yst\u00e4vi\u00e4 maailmalla<span style=\"color: #8300e9\"><strong><\/strong><\/span><\/li>\n<li>&#8211; itsetuntoni kehittyi nextille levelille, uskallan esiinty\u00e4 kelle vaan<\/li>\n<li><span style=\"color: #8300e9\"><strong>Mit\u00e4 klubin toiminta voi sinulle antaa<\/strong><\/span><\/li>\n<li>&#8211; se selvi\u00e4\u00e4 parhaiten tutustumalla toimintaamme &#8211; katso <a href=\"https:\/\/rotary.fi\/kuopiokallavesi\/wp-content\/uploads\/sites\/147\/2023\/11\/1304_Kallaveden-Rotaryklubi_esite.pdf\" style=\"font-size: 16px\">esitteemme<\/a><\/li>\n<li>&#8211; olet tervetullut tapaamisiimme torstaisin <a href=\"https:\/\/kaskynkka.net\/\">K\u00e4skynkk\u00e4\u00e4n<\/a> (klo 16-18)\u00a0<span style=\"color: #8300e9\"><strong><\/strong><\/span><\/li>\n<li><span style=\"color: #8300e9\"><strong>Uutisia klubimme projekteja, aktiivisia tekij\u00f6it\u00e4mme:<\/strong><\/span><\/li>\n<li>&#8211; t\u00e4rkein avustuskohde on nuorten tukeminen kansainv\u00e4listym\u00e4\u00e4n<span style=\"color: #8300e9\"><strong><\/strong><\/span><\/li>\n<li>&#8211; j\u00e4senmaksujen ohella teemme maksullisia avustusteht\u00e4vi\u00e4, n\u00e4ist\u00e4 t\u00e4rkein saattoaputoiminta (autamme viimeisell\u00e4 matkalla silloin, kun kantajia ei ole&#8230;)<\/li>\n<li>&#8211; osallistumme oman paikkakunnan nuorten tukemiseen<\/li>\n<li>&#8211; olemme varustaneet neuvoloita mm. siki\u00f6nukkesarjoilla ja h\u00e4k\u00e4mittareilla<\/li>\n<li>&#8211; osallistumme j\u00e4rvien vedenlaadun parantamiseen<\/li>\n<li>&#8211; olemme mukana kansainv\u00e4lisiss\u00e4 avustusteht\u00e4viss\u00e4, Intiassa proteeseja jalattomille, saniteettitiloja kouluille, kaivoja syrj\u00e4kylille jne.\u00a0<\/li>\n<\/ul>\n<p>&nbsp;<\/p>\n<p>&nbsp;<\/p>\n<p>&nbsp;<\/p>\n<p>[\/et_pb_text][\/et_pb_column_inner][\/et_pb_row_inner][\/et_pb_column][et_pb_column type=&#8221;1_3&#8243; module_class=&#8221;sivupalkki&#8221; _builder_version=&#8221;4.16&#8243; custom_padding=&#8221;|||&#8221; global_colors_info=&#8221;{}&#8221; parallax__hover=&#8221;off&#8221; parallax_method__hover=&#8221;on&#8221; module_class__hover=&#8221;sivupalkki&#8221; custom_padding__hover=&#8221;|||&#8221;][et_pb_sidebar area=&#8221;sidebar-1&#8243; module_class=&#8221;sivupalkki_sisalto&#8221; _builder_version=&#8221;4.16&#8243; locked=&#8221;on&#8221; global_colors_info=&#8221;{}&#8221;][\/et_pb_sidebar][\/et_pb_column][\/et_pb_section]<\/p>\n","protected":false},"excerpt":{"rendered":"<p>Ilo esitell\u00e4 Ilo esitell\u00e4 &nbsp; &#8211; \u00a0T\u00e4ll\u00e4 sivulla esittelemme klubin historiaa kuvin ja tekstein, tuomme esiin yhteisty\u00f6kumppaneitamme, esittelemme aktiivisia tukijoitamme.\u00a0 Lis\u00e4\u00e4mme t\u00e4nne mm. Miksi min\u00e4 olen rotari &#8211; haluan auttaa muita omalla asiantuntemuksella, tukemalla l\u00e4hell\u00e4&#8230; &#8211; on ilo kuulua hyv\u00e4ntekij\u00f6iden joukkoon, vaihtaa mielipiteit\u00e4 &#8211; haluan n\u00e4hd\u00e4 nuorten kehittyv\u00e4n kansainv\u00e4lisiksi vaikuttajiksi &#8211; teen pienen osan rauhanty\u00f6t\u00e4 [&hellip;]<\/p>\n","protected":false},"author":1,"featured_media":0,"parent":129,"menu_order":0,"comment_status":"closed","ping_status":"closed","template":"","meta":{"_acf_changed":false,"_et_pb_use_builder":"on","_et_pb_old_content":"","_et_gb_content_width":"","footnotes":""},"class_list":["post-142","page","type-page","status-publish","hentry"],"acf":[],"yoast_head":"<!-- This site is optimized with the Yoast SEO plugin v27.4 - https:\/\/yoast.com\/product\/yoast-seo-wordpress\/ -->\n<title>Ilo esitell\u00e4 - Kuopio-Kallaveden Rotaryklubi<\/title>\n<meta name=\"robots\" content=\"index, follow, max-snippet:-1, max-image-preview:large, max-video-preview:-1\" \/>\n<link rel=\"canonical\" href=\"https:\/\/rotary.fi\/kuopiokallavesi\/keita-olemme\/ilo-esitella\/\" \/>\n<meta property=\"og:locale\" content=\"fi_FI\" \/>\n<meta property=\"og:type\" content=\"article\" \/>\n<meta property=\"og:title\" content=\"Ilo esitell\u00e4 - Kuopio-Kallaveden Rotaryklubi\" \/>\n<meta property=\"og:description\" content=\"Ilo esitell\u00e4 Ilo esitell\u00e4 &nbsp; - \u00a0T\u00e4ll\u00e4 sivulla esittelemme klubin historiaa kuvin ja tekstein, tuomme esiin yhteisty\u00f6kumppaneitamme, esittelemme aktiivisia tukijoitamme.\u00a0 Lis\u00e4\u00e4mme t\u00e4nne mm. Miksi min\u00e4 olen rotari - haluan auttaa muita omalla asiantuntemuksella, tukemalla l\u00e4hell\u00e4... - on ilo kuulua hyv\u00e4ntekij\u00f6iden joukkoon, vaihtaa mielipiteit\u00e4 - haluan n\u00e4hd\u00e4 nuorten kehittyv\u00e4n kansainv\u00e4lisiksi vaikuttajiksi - teen pienen osan rauhanty\u00f6t\u00e4 [&hellip;]\" \/>\n<meta property=\"og:url\" content=\"https:\/\/rotary.fi\/kuopiokallavesi\/keita-olemme\/ilo-esitella\/\" \/>\n<meta property=\"og:site_name\" content=\"Kuopio-Kallaveden Rotaryklubi\" \/>\n<meta property=\"article:modified_time\" content=\"2024-03-06T18:08:16+00:00\" \/>\n<meta name=\"twitter:card\" content=\"summary_large_image\" \/>\n<meta name=\"twitter:label1\" content=\"Arvioitu lukuaika\" \/>\n\t<meta name=\"twitter:data1\" content=\"2 minuuttia\" \/>\n<script type=\"application\/ld+json\" class=\"yoast-schema-graph\">{\"@context\":\"https:\\\/\\\/schema.org\",\"@graph\":[{\"@type\":\"WebPage\",\"@id\":\"https:\\\/\\\/rotary.fi\\\/kuopiokallavesi\\\/keita-olemme\\\/ilo-esitella\\\/\",\"url\":\"https:\\\/\\\/rotary.fi\\\/kuopiokallavesi\\\/keita-olemme\\\/ilo-esitella\\\/\",\"name\":\"Ilo esitell\u00e4 - Kuopio-Kallaveden Rotaryklubi\",\"isPartOf\":{\"@id\":\"https:\\\/\\\/rotary.fi\\\/kuopiokallavesi\\\/#website\"},\"datePublished\":\"2018-08-10T11:04:45+00:00\",\"dateModified\":\"2024-03-06T18:08:16+00:00\",\"breadcrumb\":{\"@id\":\"https:\\\/\\\/rotary.fi\\\/kuopiokallavesi\\\/keita-olemme\\\/ilo-esitella\\\/#breadcrumb\"},\"inLanguage\":\"fi\",\"potentialAction\":[{\"@type\":\"ReadAction\",\"target\":[\"https:\\\/\\\/rotary.fi\\\/kuopiokallavesi\\\/keita-olemme\\\/ilo-esitella\\\/\"]}]},{\"@type\":\"BreadcrumbList\",\"@id\":\"https:\\\/\\\/rotary.fi\\\/kuopiokallavesi\\\/keita-olemme\\\/ilo-esitella\\\/#breadcrumb\",\"itemListElement\":[{\"@type\":\"ListItem\",\"position\":1,\"name\":\"Home\",\"item\":\"https:\\\/\\\/rotary.fi\\\/kuopiokallavesi\\\/\"},{\"@type\":\"ListItem\",\"position\":2,\"name\":\"Keit\u00e4 olemme\",\"item\":\"https:\\\/\\\/rotary.fi\\\/kuopiokallavesi\\\/keita-olemme\\\/\"},{\"@type\":\"ListItem\",\"position\":3,\"name\":\"Ilo esitell\u00e4\"}]},{\"@type\":\"WebSite\",\"@id\":\"https:\\\/\\\/rotary.fi\\\/kuopiokallavesi\\\/#website\",\"url\":\"https:\\\/\\\/rotary.fi\\\/kuopiokallavesi\\\/\",\"name\":\"Kuopio-Kallaveden Rotaryklubi\",\"description\":\"Uusi Rotary klubisivusto\",\"potentialAction\":[{\"@type\":\"SearchAction\",\"target\":{\"@type\":\"EntryPoint\",\"urlTemplate\":\"https:\\\/\\\/rotary.fi\\\/kuopiokallavesi\\\/?s={search_term_string}\"},\"query-input\":{\"@type\":\"PropertyValueSpecification\",\"valueRequired\":true,\"valueName\":\"search_term_string\"}}],\"inLanguage\":\"fi\"}]}<\/script>\n<!-- \/ Yoast SEO plugin. -->","yoast_head_json":{"title":"Ilo esitell\u00e4 - Kuopio-Kallaveden Rotaryklubi","robots":{"index":"index","follow":"follow","max-snippet":"max-snippet:-1","max-image-preview":"max-image-preview:large","max-video-preview":"max-video-preview:-1"},"canonical":"https:\/\/rotary.fi\/kuopiokallavesi\/keita-olemme\/ilo-esitella\/","og_locale":"fi_FI","og_type":"article","og_title":"Ilo esitell\u00e4 - Kuopio-Kallaveden Rotaryklubi","og_description":"Ilo esitell\u00e4 Ilo esitell\u00e4 &nbsp; - \u00a0T\u00e4ll\u00e4 sivulla esittelemme klubin historiaa kuvin ja tekstein, tuomme esiin yhteisty\u00f6kumppaneitamme, esittelemme aktiivisia tukijoitamme.\u00a0 Lis\u00e4\u00e4mme t\u00e4nne mm. Miksi min\u00e4 olen rotari - haluan auttaa muita omalla asiantuntemuksella, tukemalla l\u00e4hell\u00e4... - on ilo kuulua hyv\u00e4ntekij\u00f6iden joukkoon, vaihtaa mielipiteit\u00e4 - haluan n\u00e4hd\u00e4 nuorten kehittyv\u00e4n kansainv\u00e4lisiksi vaikuttajiksi - teen pienen osan rauhanty\u00f6t\u00e4 [&hellip;]","og_url":"https:\/\/rotary.fi\/kuopiokallavesi\/keita-olemme\/ilo-esitella\/","og_site_name":"Kuopio-Kallaveden Rotaryklubi","article_modified_time":"2024-03-06T18:08:16+00:00","twitter_card":"summary_large_image","twitter_misc":{"Arvioitu lukuaika":"2 minuuttia"},"schema":{"@context":"https:\/\/schema.org","@graph":[{"@type":"WebPage","@id":"https:\/\/rotary.fi\/kuopiokallavesi\/keita-olemme\/ilo-esitella\/","url":"https:\/\/rotary.fi\/kuopiokallavesi\/keita-olemme\/ilo-esitella\/","name":"Ilo esitell\u00e4 - Kuopio-Kallaveden Rotaryklubi","isPartOf":{"@id":"https:\/\/rotary.fi\/kuopiokallavesi\/#website"},"datePublished":"2018-08-10T11:04:45+00:00","dateModified":"2024-03-06T18:08:16+00:00","breadcrumb":{"@id":"https:\/\/rotary.fi\/kuopiokallavesi\/keita-olemme\/ilo-esitella\/#breadcrumb"},"inLanguage":"fi","potentialAction":[{"@type":"ReadAction","target":["https:\/\/rotary.fi\/kuopiokallavesi\/keita-olemme\/ilo-esitella\/"]}]},{"@type":"BreadcrumbList","@id":"https:\/\/rotary.fi\/kuopiokallavesi\/keita-olemme\/ilo-esitella\/#breadcrumb","itemListElement":[{"@type":"ListItem","position":1,"name":"Home","item":"https:\/\/rotary.fi\/kuopiokallavesi\/"},{"@type":"ListItem","position":2,"name":"Keit\u00e4 olemme","item":"https:\/\/rotary.fi\/kuopiokallavesi\/keita-olemme\/"},{"@type":"ListItem","position":3,"name":"Ilo esitell\u00e4"}]},{"@type":"WebSite","@id":"https:\/\/rotary.fi\/kuopiokallavesi\/#website","url":"https:\/\/rotary.fi\/kuopiokallavesi\/","name":"Kuopio-Kallaveden Rotaryklubi","description":"Uusi Rotary klubisivusto","potentialAction":[{"@type":"SearchAction","target":{"@type":"EntryPoint","urlTemplate":"https:\/\/rotary.fi\/kuopiokallavesi\/?s={search_term_string}"},"query-input":{"@type":"PropertyValueSpecification","valueRequired":true,"valueName":"search_term_string"}}],"inLanguage":"fi"}]}},"lang":"fi","translations":{"fi":142,"en":1438},"pll_sync_post":[],"_links":{"self":[{"href":"https:\/\/rotary.fi\/kuopiokallavesi\/wp-json\/wp\/v2\/pages\/142","targetHints":{"allow":["GET"]}}],"collection":[{"href":"https:\/\/rotary.fi\/kuopiokallavesi\/wp-json\/wp\/v2\/pages"}],"about":[{"href":"https:\/\/rotary.fi\/kuopiokallavesi\/wp-json\/wp\/v2\/types\/page"}],"author":[{"embeddable":true,"href":"https:\/\/rotary.fi\/kuopiokallavesi\/wp-json\/wp\/v2\/users\/1"}],"replies":[{"embeddable":true,"href":"https:\/\/rotary.fi\/kuopiokallavesi\/wp-json\/wp\/v2\/comments?post=142"}],"version-history":[{"count":9,"href":"https:\/\/rotary.fi\/kuopiokallavesi\/wp-json\/wp\/v2\/pages\/142\/revisions"}],"predecessor-version":[{"id":1862,"href":"https:\/\/rotary.fi\/kuopiokallavesi\/wp-json\/wp\/v2\/pages\/142\/revisions\/1862"}],"up":[{"embeddable":true,"href":"https:\/\/rotary.fi\/kuopiokallavesi\/wp-json\/wp\/v2\/pages\/129"}],"wp:attachment":[{"href":"https:\/\/rotary.fi\/kuopiokallavesi\/wp-json\/wp\/v2\/media?parent=142"}],"curies":[{"name":"wp","href":"https:\/\/api.w.org\/{rel}","templated":true}]}}