{"id":132,"date":"2025-08-10T13:59:56","date_gmt":"2025-08-10T10:59:56","guid":{"rendered":"https:\/\/rotary.fi\/klubi2\/?page_id=132"},"modified":"2026-04-02T21:45:07","modified_gmt":"2026-04-02T18:45:07","slug":"hallitus-ja-toimihenkilot","status":"publish","type":"page","link":"https:\/\/rotary.fi\/kuopiokallavesi\/keita-olemme\/hallitus-ja-toimihenkilot\/","title":{"rendered":"Hallitus ja toimihenkil\u00f6t"},"content":{"rendered":"<h4>Klubin <strong>hallituksessa kaudella 2025-2026<\/strong> toimivat:<\/h4>\n<p>Pj. <strong>Markku Miettinen, presidentti (0440 647 610)<\/strong>, markku@autoliikemiettinen.fi<\/p>\n<p><strong>Ilpo Salminen (040 575 0674)<\/strong>, ilposalminen3@gmail.com, sihteeri<\/p>\n<p><strong>Kati Karjalainen<\/strong>, kaileino77@gmail.com<\/p>\n<p><strong>Matti Ryh\u00e4inen (041 315 1112)<\/strong>, matti.ryhanen@outlook.com, klubimestari<\/p>\n<p><strong>Marianna R\u00e4s\u00e4nen (040 412 4641)<\/strong>, rasanenmarianna@gmail.com, <strong>nuorisovaihtovastaava<\/strong><\/p>\n<p><strong>Martti Leskinen<\/strong>, martti.leskinen61@gmail.com<\/p>\n<p><strong>Sakari Nieminen (040 126 3009)<\/strong>, sakari.nieminen1@gmail.com, s\u00e4\u00e4ti\u00f6asiamies<\/p>\n<p><strong>Jaana Toppinen<\/strong>, rahastonhoitaja<\/p>\n","protected":false},"excerpt":{"rendered":"<p>Klubin hallituksessa kaudella 2025-2026 toimivat: Pj. Markku Miettinen, presidentti (0440 647 610), markku@autoliikemiettinen.fi Ilpo Salminen (040 575 0674), ilposalminen3@gmail.com, sihteeri Kati Karjalainen, kaileino77@gmail.com Matti Ryh\u00e4inen (041 315 1112), matti.ryhanen@outlook.com, klubimestari Marianna R\u00e4s\u00e4nen (040 412 4641), rasanenmarianna@gmail.com, nuorisovaihtovastaava Martti Leskinen, martti.leskinen61@gmail.com Sakari Nieminen (040 126 3009), sakari.nieminen1@gmail.com, s\u00e4\u00e4ti\u00f6asiamies Jaana Toppinen, rahastonhoitaja<\/p>\n","protected":false},"author":1,"featured_media":0,"parent":129,"menu_order":0,"comment_status":"closed","ping_status":"closed","template":"","meta":{"_acf_changed":false,"_et_pb_use_builder":"off","_et_pb_old_content":"","_et_gb_content_width":"","footnotes":""},"class_list":["post-132","page","type-page","status-publish","hentry"],"acf":[],"yoast_head":"<!-- This site is optimized with the Yoast SEO plugin v27.4 - https:\/\/yoast.com\/product\/yoast-seo-wordpress\/ -->\n<title>Hallitus ja toimihenkil\u00f6t - Kuopio-Kallaveden Rotaryklubi<\/title>\n<meta name=\"robots\" content=\"index, follow, max-snippet:-1, max-image-preview:large, max-video-preview:-1\" \/>\n<link rel=\"canonical\" href=\"https:\/\/rotary.fi\/kuopiokallavesi\/keita-olemme\/hallitus-ja-toimihenkilot\/\" \/>\n<meta property=\"og:locale\" content=\"fi_FI\" \/>\n<meta property=\"og:type\" content=\"article\" \/>\n<meta property=\"og:title\" content=\"Hallitus ja toimihenkil\u00f6t - Kuopio-Kallaveden Rotaryklubi\" \/>\n<meta property=\"og:description\" content=\"Klubin hallituksessa kaudella 2025-2026 toimivat: Pj. Markku Miettinen, presidentti (0440 647 610), markku@autoliikemiettinen.fi Ilpo Salminen (040 575 0674), ilposalminen3@gmail.com, sihteeri Kati Karjalainen, kaileino77@gmail.com Matti Ryh\u00e4inen (041 315 1112), matti.ryhanen@outlook.com, klubimestari Marianna R\u00e4s\u00e4nen (040 412 4641), rasanenmarianna@gmail.com, nuorisovaihtovastaava Martti Leskinen, martti.leskinen61@gmail.com Sakari Nieminen (040 126 3009), sakari.nieminen1@gmail.com, s\u00e4\u00e4ti\u00f6asiamies Jaana Toppinen, rahastonhoitaja\" \/>\n<meta property=\"og:url\" content=\"https:\/\/rotary.fi\/kuopiokallavesi\/keita-olemme\/hallitus-ja-toimihenkilot\/\" \/>\n<meta property=\"og:site_name\" content=\"Kuopio-Kallaveden Rotaryklubi\" \/>\n<meta property=\"article:modified_time\" content=\"2026-04-02T18:45:07+00:00\" \/>\n<meta name=\"twitter:card\" content=\"summary_large_image\" \/>\n<meta name=\"twitter:label1\" content=\"Arvioitu lukuaika\" \/>\n\t<meta name=\"twitter:data1\" content=\"1 minuutti\" \/>\n<script type=\"application\/ld+json\" class=\"yoast-schema-graph\">{\"@context\":\"https:\\\/\\\/schema.org\",\"@graph\":[{\"@type\":\"WebPage\",\"@id\":\"https:\\\/\\\/rotary.fi\\\/kuopiokallavesi\\\/keita-olemme\\\/hallitus-ja-toimihenkilot\\\/\",\"url\":\"https:\\\/\\\/rotary.fi\\\/kuopiokallavesi\\\/keita-olemme\\\/hallitus-ja-toimihenkilot\\\/\",\"name\":\"Hallitus ja toimihenkil\u00f6t - Kuopio-Kallaveden Rotaryklubi\",\"isPartOf\":{\"@id\":\"https:\\\/\\\/rotary.fi\\\/kuopiokallavesi\\\/#website\"},\"datePublished\":\"2025-08-10T10:59:56+00:00\",\"dateModified\":\"2026-04-02T18:45:07+00:00\",\"breadcrumb\":{\"@id\":\"https:\\\/\\\/rotary.fi\\\/kuopiokallavesi\\\/keita-olemme\\\/hallitus-ja-toimihenkilot\\\/#breadcrumb\"},\"inLanguage\":\"fi\",\"potentialAction\":[{\"@type\":\"ReadAction\",\"target\":[\"https:\\\/\\\/rotary.fi\\\/kuopiokallavesi\\\/keita-olemme\\\/hallitus-ja-toimihenkilot\\\/\"]}]},{\"@type\":\"BreadcrumbList\",\"@id\":\"https:\\\/\\\/rotary.fi\\\/kuopiokallavesi\\\/keita-olemme\\\/hallitus-ja-toimihenkilot\\\/#breadcrumb\",\"itemListElement\":[{\"@type\":\"ListItem\",\"position\":1,\"name\":\"Home\",\"item\":\"https:\\\/\\\/rotary.fi\\\/kuopiokallavesi\\\/\"},{\"@type\":\"ListItem\",\"position\":2,\"name\":\"Keit\u00e4 olemme\",\"item\":\"https:\\\/\\\/rotary.fi\\\/kuopiokallavesi\\\/keita-olemme\\\/\"},{\"@type\":\"ListItem\",\"position\":3,\"name\":\"Hallitus ja toimihenkil\u00f6t\"}]},{\"@type\":\"WebSite\",\"@id\":\"https:\\\/\\\/rotary.fi\\\/kuopiokallavesi\\\/#website\",\"url\":\"https:\\\/\\\/rotary.fi\\\/kuopiokallavesi\\\/\",\"name\":\"Kuopio-Kallaveden Rotaryklubi\",\"description\":\"Uusi Rotary klubisivusto\",\"potentialAction\":[{\"@type\":\"SearchAction\",\"target\":{\"@type\":\"EntryPoint\",\"urlTemplate\":\"https:\\\/\\\/rotary.fi\\\/kuopiokallavesi\\\/?s={search_term_string}\"},\"query-input\":{\"@type\":\"PropertyValueSpecification\",\"valueRequired\":true,\"valueName\":\"search_term_string\"}}],\"inLanguage\":\"fi\"}]}<\/script>\n<!-- \/ Yoast SEO plugin. -->","yoast_head_json":{"title":"Hallitus ja toimihenkil\u00f6t - Kuopio-Kallaveden Rotaryklubi","robots":{"index":"index","follow":"follow","max-snippet":"max-snippet:-1","max-image-preview":"max-image-preview:large","max-video-preview":"max-video-preview:-1"},"canonical":"https:\/\/rotary.fi\/kuopiokallavesi\/keita-olemme\/hallitus-ja-toimihenkilot\/","og_locale":"fi_FI","og_type":"article","og_title":"Hallitus ja toimihenkil\u00f6t - Kuopio-Kallaveden Rotaryklubi","og_description":"Klubin hallituksessa kaudella 2025-2026 toimivat: Pj. Markku Miettinen, presidentti (0440 647 610), markku@autoliikemiettinen.fi Ilpo Salminen (040 575 0674), ilposalminen3@gmail.com, sihteeri Kati Karjalainen, kaileino77@gmail.com Matti Ryh\u00e4inen (041 315 1112), matti.ryhanen@outlook.com, klubimestari Marianna R\u00e4s\u00e4nen (040 412 4641), rasanenmarianna@gmail.com, nuorisovaihtovastaava Martti Leskinen, martti.leskinen61@gmail.com Sakari Nieminen (040 126 3009), sakari.nieminen1@gmail.com, s\u00e4\u00e4ti\u00f6asiamies Jaana Toppinen, rahastonhoitaja","og_url":"https:\/\/rotary.fi\/kuopiokallavesi\/keita-olemme\/hallitus-ja-toimihenkilot\/","og_site_name":"Kuopio-Kallaveden Rotaryklubi","article_modified_time":"2026-04-02T18:45:07+00:00","twitter_card":"summary_large_image","twitter_misc":{"Arvioitu lukuaika":"1 minuutti"},"schema":{"@context":"https:\/\/schema.org","@graph":[{"@type":"WebPage","@id":"https:\/\/rotary.fi\/kuopiokallavesi\/keita-olemme\/hallitus-ja-toimihenkilot\/","url":"https:\/\/rotary.fi\/kuopiokallavesi\/keita-olemme\/hallitus-ja-toimihenkilot\/","name":"Hallitus ja toimihenkil\u00f6t - Kuopio-Kallaveden Rotaryklubi","isPartOf":{"@id":"https:\/\/rotary.fi\/kuopiokallavesi\/#website"},"datePublished":"2025-08-10T10:59:56+00:00","dateModified":"2026-04-02T18:45:07+00:00","breadcrumb":{"@id":"https:\/\/rotary.fi\/kuopiokallavesi\/keita-olemme\/hallitus-ja-toimihenkilot\/#breadcrumb"},"inLanguage":"fi","potentialAction":[{"@type":"ReadAction","target":["https:\/\/rotary.fi\/kuopiokallavesi\/keita-olemme\/hallitus-ja-toimihenkilot\/"]}]},{"@type":"BreadcrumbList","@id":"https:\/\/rotary.fi\/kuopiokallavesi\/keita-olemme\/hallitus-ja-toimihenkilot\/#breadcrumb","itemListElement":[{"@type":"ListItem","position":1,"name":"Home","item":"https:\/\/rotary.fi\/kuopiokallavesi\/"},{"@type":"ListItem","position":2,"name":"Keit\u00e4 olemme","item":"https:\/\/rotary.fi\/kuopiokallavesi\/keita-olemme\/"},{"@type":"ListItem","position":3,"name":"Hallitus ja toimihenkil\u00f6t"}]},{"@type":"WebSite","@id":"https:\/\/rotary.fi\/kuopiokallavesi\/#website","url":"https:\/\/rotary.fi\/kuopiokallavesi\/","name":"Kuopio-Kallaveden Rotaryklubi","description":"Uusi Rotary klubisivusto","potentialAction":[{"@type":"SearchAction","target":{"@type":"EntryPoint","urlTemplate":"https:\/\/rotary.fi\/kuopiokallavesi\/?s={search_term_string}"},"query-input":{"@type":"PropertyValueSpecification","valueRequired":true,"valueName":"search_term_string"}}],"inLanguage":"fi"}]}},"lang":"fi","translations":{"fi":132,"en":1428},"pll_sync_post":[],"_links":{"self":[{"href":"https:\/\/rotary.fi\/kuopiokallavesi\/wp-json\/wp\/v2\/pages\/132","targetHints":{"allow":["GET"]}}],"collection":[{"href":"https:\/\/rotary.fi\/kuopiokallavesi\/wp-json\/wp\/v2\/pages"}],"about":[{"href":"https:\/\/rotary.fi\/kuopiokallavesi\/wp-json\/wp\/v2\/types\/page"}],"author":[{"embeddable":true,"href":"https:\/\/rotary.fi\/kuopiokallavesi\/wp-json\/wp\/v2\/users\/1"}],"replies":[{"embeddable":true,"href":"https:\/\/rotary.fi\/kuopiokallavesi\/wp-json\/wp\/v2\/comments?post=132"}],"version-history":[{"count":11,"href":"https:\/\/rotary.fi\/kuopiokallavesi\/wp-json\/wp\/v2\/pages\/132\/revisions"}],"predecessor-version":[{"id":2032,"href":"https:\/\/rotary.fi\/kuopiokallavesi\/wp-json\/wp\/v2\/pages\/132\/revisions\/2032"}],"up":[{"embeddable":true,"href":"https:\/\/rotary.fi\/kuopiokallavesi\/wp-json\/wp\/v2\/pages\/129"}],"wp:attachment":[{"href":"https:\/\/rotary.fi\/kuopiokallavesi\/wp-json\/wp\/v2\/media?parent=132"}],"curies":[{"name":"wp","href":"https:\/\/api.w.org\/{rel}","templated":true}]}}