{"id":129,"date":"2018-08-10T13:41:39","date_gmt":"2018-08-10T10:41:39","guid":{"rendered":"https:\/\/rotary.fi\/klubi2\/?page_id=129"},"modified":"2025-06-03T08:47:52","modified_gmt":"2025-06-03T05:47:52","slug":"keita-olemme","status":"publish","type":"page","link":"https:\/\/rotary.fi\/kuopiokallavesi\/keita-olemme\/","title":{"rendered":"Keit\u00e4 olemme"},"content":{"rendered":"<p>[et_pb_section fb_built=&#8221;1&#8243; module_class=&#8221;jumbotron-page&#8221; _builder_version=&#8221;4.16&#8243; background_image=&#8221;https:\/\/rotary.fi\/kuopiokallavesi\/wp-content\/uploads\/sites\/147\/2020\/08\/yollinen-kuopio.jpg&#8221; global_colors_info=&#8221;{}&#8221;][et_pb_row _builder_version=&#8221;4.16&#8243; background_size=&#8221;initial&#8221; background_position=&#8221;top_left&#8221; background_repeat=&#8221;repeat&#8221; global_colors_info=&#8221;{}&#8221;][et_pb_column type=&#8221;4_4&#8243; _builder_version=&#8221;4.16&#8243; custom_padding=&#8221;|||&#8221; global_colors_info=&#8221;{}&#8221; custom_padding__hover=&#8221;|||&#8221;][et_pb_text admin_label=&#8221;P\u00e4\u00e4otsikko&#8221; _builder_version=&#8221;4.16&#8243; text_orientation=&#8221;center&#8221; background_layout=&#8221;dark&#8221; global_colors_info=&#8221;{}&#8221;]<\/p>\n<h1>Keit\u00e4 olemme<\/h1>\n<p>[\/et_pb_text][\/et_pb_column][\/et_pb_row][\/et_pb_section][et_pb_section fb_built=&#8221;1&#8243; specialty=&#8221;on&#8221; module_class_2=&#8221;sivupalkki&#8221; _builder_version=&#8221;4.16&#8243; global_colors_info=&#8221;{}&#8221;][et_pb_column type=&#8221;2_3&#8243; specialty_columns=&#8221;2&#8243; _builder_version=&#8221;4.16&#8243; custom_padding=&#8221;|||&#8221; global_colors_info=&#8221;{}&#8221; custom_padding__hover=&#8221;|||&#8221;][et_pb_row_inner admin_label=&#8221;Rivi&#8221; _builder_version=&#8221;4.16&#8243; global_colors_info=&#8221;{}&#8221;][et_pb_column_inner saved_specialty_column_type=&#8221;2_3&#8243; _builder_version=&#8221;4.16&#8243; custom_padding=&#8221;|||&#8221; global_colors_info=&#8221;{}&#8221; custom_padding__hover=&#8221;|||&#8221;][et_pb_text admin_label=&#8221;Otsikko&#8221; _builder_version=&#8221;4.16&#8243; text_orientation=&#8221;center&#8221; global_colors_info=&#8221;{}&#8221;]<\/p>\n<h1>Keit\u00e4 olemme<\/h1>\n<p>[\/et_pb_text][et_pb_text _builder_version=&#8221;4.16&#8243; global_colors_info=&#8221;{}&#8221;]<\/p>\n<blockquote>\n<p><span style=\"font-size: 16px\">Kallaveden Rotaryklubi on poliittisesti ja uskonnollisesti sitoutumaton yleishy\u00f6dyllinen harrastej\u00e4rjest\u00f6. Kokoonnumme joka torstai: parillisilla viikoilla p\u00e4iv\u00e4llistapaamiseen klo 16.30-18.00 <a href=\"http:\/\/www.kaskynkka.net\/\">Ravintola K\u00e4skynkk\u00e4\u00e4n<\/a> jututtamaan toisiamme, kuulemaan kiinnostavia esitelmi\u00e4 ja edist\u00e4m\u00e4\u00e4n hyv\u00e4\u00e4 omalla paikkakunnallamme. Voit vapaasti tulla tutustumaan porukkaamme (sitoutumatta). K\u00e4ymme my\u00f6s vierailemassa erilaisissa yrityksiss\u00e4 ja muissa kohteissa, yleens\u00e4 parittomilla viikoilla. Tuemme kansainv\u00e4lisen Rotaryn humanitaarisia projekteja, osallistumme nuorisovaihtoon ja edist\u00e4mme l\u00e4hiseudun hyvinvointia. Voit p\u00e4\u00e4st\u00e4 mukaan t\u00e4ytt\u00e4m\u00e4ll\u00e4 <a href=\"https:\/\/d.docs.live.net\/d8698742507d688d\/Tiedostot\/Jasenhakemus_Kaallavesi_1430.docx\">j\u00e4senhakemuksen<\/a>.\u00a0<\/span><\/p>\n<\/blockquote>\n<p>Klubimme on perustettu 5.11.1969. Kummiklubimme on Puijon Rotaryklubi (Kuopio). Klubissamme on noin 30 j\u00e4sent\u00e4. Olemme osa <a href=\"https:\/\/rotary.fi\/d1430\/rotarypiiri-1430\/olemme-osa-kansainvalista-rotarya\/\">Rotarypiiri\u00e4 1430<\/a>.<\/p>\n<p>&nbsp;<\/p>\n<h4>Harrastus, jolla on tarkoitus<\/h4>\n<p>Olemme keskittyneet nuorisovaihdon tukemiseen. J\u00e4rjest\u00e4mme nuoria Rotaryn kansainv\u00e4liseen nuorisovaihtoon. Tarjolla on useita eri muotoja vaihdolle, koko lukuvuoden kest\u00e4vist\u00e4 vaihto-ohjelmista aina kahdenkeskiseen kes\u00e4vaihtoon tai leirivaihtoon. Meid\u00e4n mielest\u00e4mme rotarien nuorisovaihto on mit\u00e4 parhainta ruohonjuuritason kansainv\u00e4listymis- ja rauhankasvatusta. Vaihdosta palanneet nuoret jatkavat usein yhteydenpitoa my\u00f6s Rotex verkostossa, vaikka henkil\u00f6kohtaiset kontaktit ovatkin t\u00e4rkein yhteisty\u00f6n muoto vaihtovuosien j\u00e4lkeen. My\u00f6s vaihtarien yll\u00e4pitoon osallistuneet perheet ovat kokeneet <span style=\"font-size: 16px\">kansainv\u00e4listen <\/span>yst\u00e4vyyssuhteiden merkityksen.\u00a0<\/p>\n<p>Nostamme my\u00f6s esiin t\u00e4rkeit\u00e4 sosiaalisia kehitt\u00e4mistarpeita. Olemme korostaneet tasa-arvon t\u00e4rkeytt\u00e4 sek\u00e4 kotimaassa ett\u00e4 kansainv\u00e4lisesti. Panostamme jatkossa mm. tytt\u00f6jen ja lasten silpomisen lopettamiseen yhdess\u00e4 muiden klubien ja ulkopuolisten j\u00e4rjest\u00f6jen sek\u00e4 alan asiantuntijoiden kanssa.<\/p>\n<p>Pid\u00e4mme arvossa kansainv\u00e4lisen Rotary Internationalin ponnisteluja ja j\u00e4rjest\u00f6n arvokasta ty\u00f6t\u00e4 muun muassa polion h\u00e4vitt\u00e4miseksi maapallolta. Pelk\u00e4st\u00e4\u00e4n t\u00e4h\u00e4n ty\u00f6h\u00f6n Rotary on suunnannut runsaasti vapaaehtoisvoimaa sek\u00e4 yli 1,2 miljardia US-dollaria.<\/p>\n<p>&nbsp;<\/p>\n<h4>Vaikuttava kansainv\u00e4linen verkosto<\/h4>\n<blockquote>\n<p>Rotary on Chicagossa 23.2.1905 perustettu kansainv\u00e4linen palvelu- ja hyv\u00e4ntekev\u00e4isyysorganisaatio. Rotary Internationalin kotipaikka on Evanston, USA:n osavaltiossa Illinoisissa. Tunnuslauseemme on Palvelu itsekkyyden edelle (Service Above Self). Haluatko olla osa j\u00e4rjest\u00f6\u00e4, toimita meille <a href=\"https:\/\/1drv.ms\/w\/s!Ao1ofVBCh2nYjXsOL3VLXxrN9Hg6?e=IOrb4w\">j\u00e4senhakemus<\/a>, ole hyv\u00e4.<\/p>\n<\/blockquote>\n<p>Rotaryyn kuuluu 1,2 miljoona j\u00e4sent\u00e4 35 000 klubissa yli 200 maassa. Rotary on merkitt\u00e4v\u00e4 kansainv\u00e4linen palvelu- ja hyv\u00e4ntekev\u00e4isyysj\u00e4rjest\u00f6.<\/p>\n<p>Suomi on jaettu viiteen rotarypiiriin, joista yhteen kuuluvat my\u00f6s Viron klubit. Suomessa ja Virossa on l\u00e4hes 300 klubia, joissa runsaat 10 000 rotaria. Aikuisille tarkoitettujen klubien lis\u00e4n\u00e4 toimii muutamia nuorten Rotaract klubeja sek\u00e4 lapsille RotaKids ryhm\u00e4t.\u00a0<\/p>\n<p>[\/et_pb_text][\/et_pb_column_inner][\/et_pb_row_inner][\/et_pb_column][et_pb_column type=&#8221;1_3&#8243; _builder_version=&#8221;4.16&#8243; custom_padding=&#8221;|||&#8221; global_colors_info=&#8221;{}&#8221; custom_padding__hover=&#8221;|||&#8221;][et_pb_sidebar area=&#8221;sidebar-1&#8243; module_class=&#8221;sivupalkki_sisalto&#8221; _builder_version=&#8221;4.16&#8243; locked=&#8221;on&#8221; global_colors_info=&#8221;{}&#8221;]<\/p>\n<p>[\/et_pb_sidebar][\/et_pb_column][\/et_pb_section]<\/p>\n","protected":false},"excerpt":{"rendered":"<p>Keit\u00e4 olemme Keit\u00e4 olemme Kallaveden Rotaryklubi on poliittisesti ja uskonnollisesti sitoutumaton yleishy\u00f6dyllinen harrastej\u00e4rjest\u00f6. Kokoonnumme joka torstai: parillisilla viikoilla p\u00e4iv\u00e4llistapaamiseen klo 16.30-18.00 Ravintola K\u00e4skynkk\u00e4\u00e4n jututtamaan toisiamme, kuulemaan kiinnostavia esitelmi\u00e4 ja edist\u00e4m\u00e4\u00e4n hyv\u00e4\u00e4 omalla paikkakunnallamme. Voit vapaasti tulla tutustumaan porukkaamme (sitoutumatta). K\u00e4ymme my\u00f6s vierailemassa erilaisissa yrityksiss\u00e4 ja muissa kohteissa, yleens\u00e4 parittomilla viikoilla. Tuemme kansainv\u00e4lisen Rotaryn humanitaarisia projekteja, [&hellip;]<\/p>\n","protected":false},"author":1,"featured_media":0,"parent":0,"menu_order":0,"comment_status":"closed","ping_status":"closed","template":"","meta":{"_acf_changed":false,"_et_pb_use_builder":"on","_et_pb_old_content":"","_et_gb_content_width":"","footnotes":""},"class_list":["post-129","page","type-page","status-publish","hentry"],"acf":[],"yoast_head":"<!-- This site is optimized with the Yoast SEO plugin v27.0 - https:\/\/yoast.com\/product\/yoast-seo-wordpress\/ -->\n<title>Keit\u00e4 olemme - Kuopio-Kallaveden Rotaryklubi<\/title>\n<meta name=\"robots\" content=\"index, follow, max-snippet:-1, max-image-preview:large, max-video-preview:-1\" \/>\n<link rel=\"canonical\" href=\"https:\/\/rotary.fi\/kuopiokallavesi\/keita-olemme\/\" \/>\n<meta property=\"og:locale\" content=\"fi_FI\" \/>\n<meta property=\"og:type\" content=\"article\" \/>\n<meta property=\"og:title\" content=\"Keit\u00e4 olemme - Kuopio-Kallaveden Rotaryklubi\" \/>\n<meta property=\"og:description\" content=\"Keit\u00e4 olemme Keit\u00e4 olemme Kallaveden Rotaryklubi on poliittisesti ja uskonnollisesti sitoutumaton yleishy\u00f6dyllinen harrastej\u00e4rjest\u00f6. Kokoonnumme joka torstai: parillisilla viikoilla p\u00e4iv\u00e4llistapaamiseen klo 16.30-18.00 Ravintola K\u00e4skynkk\u00e4\u00e4n jututtamaan toisiamme, kuulemaan kiinnostavia esitelmi\u00e4 ja edist\u00e4m\u00e4\u00e4n hyv\u00e4\u00e4 omalla paikkakunnallamme. Voit vapaasti tulla tutustumaan porukkaamme (sitoutumatta). K\u00e4ymme my\u00f6s vierailemassa erilaisissa yrityksiss\u00e4 ja muissa kohteissa, yleens\u00e4 parittomilla viikoilla. Tuemme kansainv\u00e4lisen Rotaryn humanitaarisia projekteja, [&hellip;]\" \/>\n<meta property=\"og:url\" content=\"https:\/\/rotary.fi\/kuopiokallavesi\/keita-olemme\/\" \/>\n<meta property=\"og:site_name\" content=\"Kuopio-Kallaveden Rotaryklubi\" \/>\n<meta property=\"article:modified_time\" content=\"2025-06-03T05:47:52+00:00\" \/>\n<meta name=\"twitter:card\" content=\"summary_large_image\" \/>\n<meta name=\"twitter:label1\" content=\"Arvioitu lukuaika\" \/>\n\t<meta name=\"twitter:data1\" content=\"3 minuuttia\" \/>\n<script type=\"application\/ld+json\" class=\"yoast-schema-graph\">{\"@context\":\"https:\/\/schema.org\",\"@graph\":[{\"@type\":\"WebPage\",\"@id\":\"https:\/\/rotary.fi\/kuopiokallavesi\/keita-olemme\/\",\"url\":\"https:\/\/rotary.fi\/kuopiokallavesi\/keita-olemme\/\",\"name\":\"Keit\u00e4 olemme - Kuopio-Kallaveden Rotaryklubi\",\"isPartOf\":{\"@id\":\"https:\/\/rotary.fi\/kuopiokallavesi\/#website\"},\"datePublished\":\"2018-08-10T10:41:39+00:00\",\"dateModified\":\"2025-06-03T05:47:52+00:00\",\"breadcrumb\":{\"@id\":\"https:\/\/rotary.fi\/kuopiokallavesi\/keita-olemme\/#breadcrumb\"},\"inLanguage\":\"fi\",\"potentialAction\":[{\"@type\":\"ReadAction\",\"target\":[\"https:\/\/rotary.fi\/kuopiokallavesi\/keita-olemme\/\"]}]},{\"@type\":\"BreadcrumbList\",\"@id\":\"https:\/\/rotary.fi\/kuopiokallavesi\/keita-olemme\/#breadcrumb\",\"itemListElement\":[{\"@type\":\"ListItem\",\"position\":1,\"name\":\"Home\",\"item\":\"https:\/\/rotary.fi\/kuopiokallavesi\/\"},{\"@type\":\"ListItem\",\"position\":2,\"name\":\"Keit\u00e4 olemme\"}]},{\"@type\":\"WebSite\",\"@id\":\"https:\/\/rotary.fi\/kuopiokallavesi\/#website\",\"url\":\"https:\/\/rotary.fi\/kuopiokallavesi\/\",\"name\":\"Kuopio-Kallaveden Rotaryklubi\",\"description\":\"Uusi Rotary klubisivusto\",\"potentialAction\":[{\"@type\":\"SearchAction\",\"target\":{\"@type\":\"EntryPoint\",\"urlTemplate\":\"https:\/\/rotary.fi\/kuopiokallavesi\/?s={search_term_string}\"},\"query-input\":{\"@type\":\"PropertyValueSpecification\",\"valueRequired\":true,\"valueName\":\"search_term_string\"}}],\"inLanguage\":\"fi\"}]}<\/script>\n<!-- \/ Yoast SEO plugin. -->","yoast_head_json":{"title":"Keit\u00e4 olemme - Kuopio-Kallaveden Rotaryklubi","robots":{"index":"index","follow":"follow","max-snippet":"max-snippet:-1","max-image-preview":"max-image-preview:large","max-video-preview":"max-video-preview:-1"},"canonical":"https:\/\/rotary.fi\/kuopiokallavesi\/keita-olemme\/","og_locale":"fi_FI","og_type":"article","og_title":"Keit\u00e4 olemme - Kuopio-Kallaveden Rotaryklubi","og_description":"Keit\u00e4 olemme Keit\u00e4 olemme Kallaveden Rotaryklubi on poliittisesti ja uskonnollisesti sitoutumaton yleishy\u00f6dyllinen harrastej\u00e4rjest\u00f6. Kokoonnumme joka torstai: parillisilla viikoilla p\u00e4iv\u00e4llistapaamiseen klo 16.30-18.00 Ravintola K\u00e4skynkk\u00e4\u00e4n jututtamaan toisiamme, kuulemaan kiinnostavia esitelmi\u00e4 ja edist\u00e4m\u00e4\u00e4n hyv\u00e4\u00e4 omalla paikkakunnallamme. Voit vapaasti tulla tutustumaan porukkaamme (sitoutumatta). K\u00e4ymme my\u00f6s vierailemassa erilaisissa yrityksiss\u00e4 ja muissa kohteissa, yleens\u00e4 parittomilla viikoilla. Tuemme kansainv\u00e4lisen Rotaryn humanitaarisia projekteja, [&hellip;]","og_url":"https:\/\/rotary.fi\/kuopiokallavesi\/keita-olemme\/","og_site_name":"Kuopio-Kallaveden Rotaryklubi","article_modified_time":"2025-06-03T05:47:52+00:00","twitter_card":"summary_large_image","twitter_misc":{"Arvioitu lukuaika":"3 minuuttia"},"schema":{"@context":"https:\/\/schema.org","@graph":[{"@type":"WebPage","@id":"https:\/\/rotary.fi\/kuopiokallavesi\/keita-olemme\/","url":"https:\/\/rotary.fi\/kuopiokallavesi\/keita-olemme\/","name":"Keit\u00e4 olemme - Kuopio-Kallaveden Rotaryklubi","isPartOf":{"@id":"https:\/\/rotary.fi\/kuopiokallavesi\/#website"},"datePublished":"2018-08-10T10:41:39+00:00","dateModified":"2025-06-03T05:47:52+00:00","breadcrumb":{"@id":"https:\/\/rotary.fi\/kuopiokallavesi\/keita-olemme\/#breadcrumb"},"inLanguage":"fi","potentialAction":[{"@type":"ReadAction","target":["https:\/\/rotary.fi\/kuopiokallavesi\/keita-olemme\/"]}]},{"@type":"BreadcrumbList","@id":"https:\/\/rotary.fi\/kuopiokallavesi\/keita-olemme\/#breadcrumb","itemListElement":[{"@type":"ListItem","position":1,"name":"Home","item":"https:\/\/rotary.fi\/kuopiokallavesi\/"},{"@type":"ListItem","position":2,"name":"Keit\u00e4 olemme"}]},{"@type":"WebSite","@id":"https:\/\/rotary.fi\/kuopiokallavesi\/#website","url":"https:\/\/rotary.fi\/kuopiokallavesi\/","name":"Kuopio-Kallaveden Rotaryklubi","description":"Uusi Rotary klubisivusto","potentialAction":[{"@type":"SearchAction","target":{"@type":"EntryPoint","urlTemplate":"https:\/\/rotary.fi\/kuopiokallavesi\/?s={search_term_string}"},"query-input":{"@type":"PropertyValueSpecification","valueRequired":true,"valueName":"search_term_string"}}],"inLanguage":"fi"}]}},"lang":"fi","translations":{"fi":129,"en":1424},"pll_sync_post":[],"_links":{"self":[{"href":"https:\/\/rotary.fi\/kuopiokallavesi\/wp-json\/wp\/v2\/pages\/129","targetHints":{"allow":["GET"]}}],"collection":[{"href":"https:\/\/rotary.fi\/kuopiokallavesi\/wp-json\/wp\/v2\/pages"}],"about":[{"href":"https:\/\/rotary.fi\/kuopiokallavesi\/wp-json\/wp\/v2\/types\/page"}],"author":[{"embeddable":true,"href":"https:\/\/rotary.fi\/kuopiokallavesi\/wp-json\/wp\/v2\/users\/1"}],"replies":[{"embeddable":true,"href":"https:\/\/rotary.fi\/kuopiokallavesi\/wp-json\/wp\/v2\/comments?post=129"}],"version-history":[{"count":11,"href":"https:\/\/rotary.fi\/kuopiokallavesi\/wp-json\/wp\/v2\/pages\/129\/revisions"}],"predecessor-version":[{"id":1996,"href":"https:\/\/rotary.fi\/kuopiokallavesi\/wp-json\/wp\/v2\/pages\/129\/revisions\/1996"}],"wp:attachment":[{"href":"https:\/\/rotary.fi\/kuopiokallavesi\/wp-json\/wp\/v2\/media?parent=129"}],"curies":[{"name":"wp","href":"https:\/\/api.w.org\/{rel}","templated":true}]}}