{"id":94,"date":"2018-08-09T15:14:30","date_gmt":"2018-08-09T12:14:30","guid":{"rendered":"https:\/\/rotary.fi\/klubi2\/?page_id=94"},"modified":"2020-09-18T09:03:42","modified_gmt":"2020-09-18T06:03:42","slug":"ajankohtaista","status":"publish","type":"page","link":"https:\/\/rotary.fi\/kuhmo\/ajankohtaista\/","title":{"rendered":"Ajankohtaista"},"content":{"rendered":"<p>[et_pb_section fb_built=&#8221;1&#8243; module_class=&#8221;jumbotron-page&#8221; _builder_version=&#8221;4.4.8&#8243; background_image=&#8221;https:\/\/rotary.fi\/kuhmo\/wp-content\/uploads\/sites\/204\/2020\/09\/kuhmo-talon-maisemaa-syksy_002.jpg&#8221; hover_enabled=&#8221;0&#8243; title_text=&#8221;Kuhmo-talon maisemaa syksy_002&#8243;][et_pb_row _builder_version=&#8221;3.25&#8243; background_size=&#8221;initial&#8221; background_position=&#8221;top_left&#8221; background_repeat=&#8221;repeat&#8221;][et_pb_column type=&#8221;4_4&#8243; _builder_version=&#8221;3.25&#8243; custom_padding=&#8221;|||&#8221; custom_padding__hover=&#8221;|||&#8221;][et_pb_text admin_label=&#8221;P\u00e4\u00e4otsikko&#8221; _builder_version=&#8221;3.27.4&#8243; text_orientation=&#8221;center&#8221; background_layout=&#8221;dark&#8221;]<\/p>\n<h1>Ajankohtaista<\/h1>\n<p>[\/et_pb_text][\/et_pb_column][\/et_pb_row][\/et_pb_section][et_pb_section fb_built=&#8221;1&#8243; specialty=&#8221;on&#8221; module_class_2=&#8221;sivupalkki&#8221; _builder_version=&#8221;3.22&#8243; locked=&#8221;on&#8221;][et_pb_column type=&#8221;2_3&#8243; specialty_columns=&#8221;2&#8243; _builder_version=&#8221;3.25&#8243; custom_padding=&#8221;|||&#8221; custom_padding__hover=&#8221;|||&#8221;][et_pb_row_inner admin_label=&#8221;Rivi&#8221; _builder_version=&#8221;3.25&#8243; locked=&#8221;on&#8221;][et_pb_column_inner saved_specialty_column_type=&#8221;2_3&#8243; _builder_version=&#8221;3.25&#8243; custom_padding=&#8221;|||&#8221; custom_padding__hover=&#8221;|||&#8221;][et_pb_text admin_label=&#8221;Otsikko&#8221; _builder_version=&#8221;3.27.4&#8243; text_orientation=&#8221;center&#8221;]<\/p>\n<h1>Ajankohtaista<\/h1>\n<p>[\/et_pb_text][et_pb_code admin_label=&#8221;Ajankohtaisten listaus&#8221; module_class=&#8221;kaikki_ajankohtaiset&#8221; _builder_version=&#8221;3.17.6&#8243;]<ul class=\"display-posts-listing\"><li class=\"listing-item\"><a class=\"title\" href=\"https:\/\/rotary.fi\/kuhmo\/ajankohtaiset\/kiitos-rotaryvuosista\/\">KIITOS ROTARYVUOSISTA!<\/a> <span class=\"date\">3.12. 2024<\/span><\/li><li class=\"listing-item\"><a class=\"title\" href=\"https:\/\/rotary.fi\/kuhmo\/ajankohtaiset\/kuhmon-rotaryklubi-lahjoitti-4000-euroa-kuhmolaiseen-nuorisotoimintaan\/\">KUHMON ROTARYKLUBI LAHJOITTI 4000 EUROA KUHMOLAISEEN NUORISOTOIMINTAAN<\/a> <span class=\"date\">2.11. 2024<\/span><\/li><li class=\"listing-item\"><a class=\"title\" href=\"https:\/\/rotary.fi\/kuhmo\/ajankohtaiset\/antoisa-retki-kuopioon\/\">Antoisa retki Kuopioon<\/a> <span class=\"date\">30.8. 2024<\/span><\/li><li class=\"listing-item\"><a class=\"title\" href=\"https:\/\/rotary.fi\/kuhmo\/ajankohtaiset\/rotarit-vierailivat-kuhmo-oyn-sahalla\/\">Rotarit vierailivat Kuhmo Oy:n sahalla<\/a> <span class=\"date\">22.8. 2024<\/span><\/li><li class=\"listing-item\"><a class=\"title\" href=\"https:\/\/rotary.fi\/kuhmo\/ajankohtaiset\/tommi-ruha-kuhmon-vuoden-ammattilainen\/\">Tommi Ruha Kuhmon vuoden ammattilainen<\/a> <span class=\"date\">22.8. 2024<\/span><\/li><li class=\"listing-item\"><a class=\"title\" href=\"https:\/\/rotary.fi\/kuhmo\/ajankohtaiset\/presidentin-kaadyt-eero-komulaiselle\/\">Presidentin k\u00e4\u00e4dyt Eero Komulaiselle<\/a> <span class=\"date\">27.6. 2024<\/span><\/li><li class=\"listing-item\"><a class=\"title\" href=\"https:\/\/rotary.fi\/kuhmo\/ajankohtaiset\/rotarit-vierailivat-hoivakodilla-joulun-alla\/\">Rotarit vierailivat hoivakodilla joulun alla<\/a> <span class=\"date\">30.12. 2023<\/span><\/li><li class=\"listing-item\"><a class=\"title\" href=\"https:\/\/rotary.fi\/kuhmo\/ajankohtaiset\/rotary-ratas-pyori-taas-naisten-messuilla\/\">Rotary-ratas py\u00f6ri taas Naisten messuilla<\/a> <span class=\"date\">30.12. 2023<\/span><\/li><li class=\"listing-item\"><a class=\"title\" href=\"https:\/\/rotary.fi\/kuhmo\/ajankohtaiset\/mita-on-vepsa-ja-vepsalaisyys\/\">Mit\u00e4 on Veps\u00e4 ja veps\u00e4l\u00e4isyys?<\/a> <span class=\"date\">10.9. 2023<\/span><\/li><li class=\"listing-item\"><a class=\"title\" href=\"https:\/\/rotary.fi\/kuhmo\/ajankohtaiset\/puistoa-kunnostettiin-talkoilla\/\">Puistoa kunnostettiin talkoilla<\/a> <span class=\"date\">28.8. 2023<\/span><\/li><li class=\"listing-item\"><a class=\"title\" href=\"https:\/\/rotary.fi\/kuhmo\/ajankohtaiset\/intercitykokouksessa-palkittiin-kuhmon-vuoden-2023-ammattilaiset\/\">Intercitykokouksessa palkittiin Kuhmon vuoden 2023 ammattilaiset<\/a> <span class=\"date\">28.8. 2023<\/span><\/li><li class=\"listing-item\"><a class=\"title\" href=\"https:\/\/rotary.fi\/kuhmo\/ajankohtaiset\/kaatyjen-vaihto-lentuan-rannalla\/\">K\u00e4\u00e4tyjen vaihto Lentuan rannalla<\/a> <span class=\"date\">28.8. 2023<\/span><\/li><li class=\"listing-item\"><a class=\"title\" href=\"https:\/\/rotary.fi\/kuhmo\/ajankohtaiset\/ukrainalaisia-turvaan-suomeen\/\">Ukrainalaisia turvaan Suomeen<\/a> <span class=\"date\">10.2. 2023<\/span><\/li><li class=\"listing-item\"><a class=\"title\" href=\"https:\/\/rotary.fi\/kuhmo\/ajankohtaiset\/elavaa-kuvaa-filmilta-digiin\/\">El\u00e4v\u00e4\u00e4 kuvaa filmilt\u00e4 digiin<\/a> <span class=\"date\">10.2. 2023<\/span><\/li><li class=\"listing-item\"><a class=\"title\" href=\"https:\/\/rotary.fi\/kuhmo\/ajankohtaiset\/uusi-vuosi-uusi-jasen\/\">Uusi vuosi &#8211; uusi j\u00e4sen<\/a> <span class=\"date\">10.2. 2023<\/span><\/li><li class=\"listing-item\"><a class=\"title\" href=\"https:\/\/rotary.fi\/kuhmo\/ajankohtaiset\/olimme-mukana-piirin-syysseminaarissa-kalajoella\/\">Olimme mukana piirin syysseminaarissa Kalajoella<\/a> <span class=\"date\">17.10. 2022<\/span><\/li><li class=\"listing-item\"><a class=\"title\" href=\"https:\/\/rotary.fi\/kuhmo\/ajankohtaiset\/palvelu-kuhmon-rotaryklubin-toiminnan-ytimessa\/\">Palvelu Kuhmon Rotaryklubin toiminnan ytimess\u00e4<\/a> <span class=\"date\">6.10. 2022<\/span><\/li><li class=\"listing-item\"><a class=\"title\" href=\"https:\/\/rotary.fi\/kuhmo\/ajankohtaiset\/perusopetus-kehittyy-koko-ajan\/\">Perusopetus kehittyy koko ajan<\/a> <span class=\"date\">28.9. 2022<\/span><\/li><li class=\"listing-item\"><a class=\"title\" href=\"https:\/\/rotary.fi\/kuhmo\/ajankohtaiset\/leppoisa-kokousilta-lammasjarven-rannalla\/\">Leppoisa kokousilta Lammasj\u00e4rven rannalla<\/a> <span class=\"date\">10.9. 2022<\/span><\/li><li class=\"listing-item\"><a class=\"title\" href=\"https:\/\/rotary.fi\/kuhmo\/ajankohtaiset\/mukava-kokoontuminen-syyskauden-alkuun-laavull\/\">Mukava kokoontuminen syyskauden alkuun laavulla<\/a> <span class=\"date\">13.8. 2022<\/span><\/li><li class=\"listing-item\"><a class=\"title\" href=\"https:\/\/rotary.fi\/kuhmo\/ajankohtaiset\/onnistunut-intercity-kokous-kuhmossa\/\">Onnistunut Intercity-kokous Kuhmossa<\/a> <span class=\"date\">17.7. 2022<\/span><\/li><li class=\"listing-item\"><a class=\"title\" href=\"https:\/\/rotary.fi\/kuhmo\/ajankohtaiset\/outi-tarkiainen-kuhmon-vuoden-ammattilainen\/\">Outi Tarkiainen Kuhmon vuoden ammattilainen<\/a> <span class=\"date\">17.7. 2022<\/span><\/li><li class=\"listing-item\"><a class=\"title\" href=\"https:\/\/rotary.fi\/kuhmo\/ajankohtaiset\/kokeneen-yrittajan-neuvo-nuorille-joustavuus-kannattaa\/\">Kokeneen yritt\u00e4j\u00e4n neuvo nuorille: Joustavuus kannattaa!<\/a> <span class=\"date\">25.5. 2022<\/span><\/li><li class=\"listing-item\"><a class=\"title\" href=\"https:\/\/rotary.fi\/kuhmo\/ajankohtaiset\/rajavartiolaitoksen-tyomahdollisuudet-esilla-nuorten-johtajuuskurssilla\/\">Rajavartiolaitoksen ty\u00f6mahdollisuudet esill\u00e4 nuorten johtajuuskurssilla<\/a> <span class=\"date\">24.5. 2022<\/span><\/li><li class=\"listing-item\"><a class=\"title\" href=\"https:\/\/rotary.fi\/kuhmo\/ajankohtaiset\/johtajuus-kannustaa-nuoria\/\">Johtajuuskoulutus kannustaa nuoria<\/a> <span class=\"date\">23.5. 2022<\/span><\/li><li class=\"listing-item\"><a class=\"title\" href=\"https:\/\/rotary.fi\/kuhmo\/ajankohtaiset\/vuosijuhla-hotelli-kalevalassa\/\">Vuosijuhla Hotelli Kalevalassa<\/a> <span class=\"date\">17.3. 2022<\/span><\/li><li class=\"listing-item\"><a class=\"title\" href=\"https:\/\/rotary.fi\/kuhmo\/ajankohtaiset\/ryla-koulutus-tarjosi-nuorille-iloista-viriketta\/\">RYLA-koulutus tarjosi nuorille iloista virikett\u00e4<\/a> <span class=\"date\">4.3. 2022<\/span><\/li><li class=\"listing-item\"><a class=\"title\" href=\"https:\/\/rotary.fi\/kuhmo\/ajankohtaiset\/ajankohtaista-kuhmon-kehitysnakymista\/\">Ajankohtaista Kuhmon kehitysn\u00e4kymist\u00e4<\/a> <span class=\"date\">17.1. 2022<\/span><\/li><li class=\"listing-item\"><a class=\"title\" href=\"https:\/\/rotary.fi\/kuhmo\/ajankohtaiset\/hyvaa-joulua\/\">Hyv\u00e4\u00e4 Joulua!<\/a> <span class=\"date\">16.12. 2021<\/span><\/li><li class=\"listing-item\"><a class=\"title\" href=\"https:\/\/rotary.fi\/kuhmo\/ajankohtaiset\/syyskausi-paattyi-yhteiseen-joulupuuroon\/\">Syyskausi p\u00e4\u00e4ttyi yhteiseen joulupuuroon<\/a> <span class=\"date\">16.12. 2021<\/span><\/li><li class=\"listing-item\"><a class=\"title\" href=\"https:\/\/rotary.fi\/kuhmo\/ajankohtaiset\/tyoyhteisotaidot-esilla-nuorten-johtajuuskurssilla\/\">Ty\u00f6yhteis\u00f6taidot esill\u00e4 nuorten johtajuuskurssilla<\/a> <span class=\"date\">10.12. 2021<\/span><\/li><li class=\"listing-item\"><a class=\"title\" href=\"https:\/\/rotary.fi\/kuhmo\/ajankohtaiset\/kuhmossa-kaynnistyi-nuorten-ryla-johtajakoulutus\/\">Kuhmossa k\u00e4ynnistyi nuorten RYLA-johtajakoulutus<\/a> <span class=\"date\">25.11. 2021<\/span><\/li><li class=\"listing-item\"><a class=\"title\" href=\"https:\/\/rotary.fi\/kuhmo\/ajankohtaiset\/rotarien-toiminta-muuttuu-ajan-vaatimusten-mukaan\/\">Rotarien toiminta muuttuu ajan vaatimusten mukaan<\/a> <span class=\"date\">15.10. 2021<\/span><\/li><li class=\"listing-item\"><a class=\"title\" href=\"https:\/\/rotary.fi\/kuhmo\/ajankohtaiset\/juha-virta-kuhmon-vuoden-2021-ammattilainen\/\">Juha Virta Kuhmon vuoden 2021 ammattilainen<\/a> <span class=\"date\">18.7. 2021<\/span><\/li><li class=\"listing-item\"><a class=\"title\" href=\"https:\/\/rotary.fi\/kuhmo\/ajankohtaiset\/kaatyjen-vaihto-kuhmo-talolla\/\">K\u00e4\u00e4tyjen vaihto Kuhmo-talolla<\/a> <span class=\"date\">10.7. 2021<\/span><\/li><li class=\"listing-item\"><a class=\"title\" href=\"https:\/\/rotary.fi\/kuhmo\/ajankohtaiset\/rotary-siirtyy-verkkoon\/\">Rotary siirtyy verkkoon<\/a> <span class=\"date\">5.2. 2021<\/span><\/li><li class=\"listing-item\"><a class=\"title\" href=\"https:\/\/rotary.fi\/kuhmo\/ajankohtaiset\/piipahdus-luontomatkailuun\/\">Piipahdus luontomatkailuun<\/a> <span class=\"date\">5.2. 2021<\/span><\/li><li class=\"listing-item\"><a class=\"title\" href=\"https:\/\/rotary.fi\/kuhmo\/ajankohtaiset\/kokouksen-streamaus-kokeiltu\/\">Kokouksen streamaus kokeiltu<\/a> <span class=\"date\">21.1. 2021<\/span><\/li><li class=\"listing-item\"><a class=\"title\" href=\"https:\/\/rotary.fi\/kuhmo\/ajankohtaiset\/joulukuusia-myynnissa\/\">JOULUKUUSIA MYYNNISS\u00c4<\/a> <span class=\"date\">13.12. 2020<\/span><\/li><li class=\"listing-item\"><a class=\"title\" href=\"https:\/\/rotary.fi\/kuhmo\/ajankohtaiset\/joulukuusia-katselemassa\/\">Joulukuusia katselemassa<\/a> <span class=\"date\">14.11. 2020<\/span><\/li><li class=\"listing-item\"><a class=\"title\" href=\"https:\/\/rotary.fi\/kuhmo\/ajankohtaiset\/toimintasuunnitelma-2020-2021-viitoittaa-suuntaa\/\">Toimintasuunnitelma 2020-2021 viitoittaa suuntaa<\/a> <span class=\"date\">28.10. 2020<\/span><\/li><li class=\"listing-item\"><a class=\"title\" href=\"https:\/\/rotary.fi\/kuhmo\/ajankohtaiset\/juhlakirja-saatavilla\/\">Juhlakirja nyt saatavilla<\/a> <span class=\"date\">22.10. 2020<\/span><\/li><li class=\"listing-item\"><a class=\"title\" href=\"https:\/\/rotary.fi\/kuhmo\/ajankohtaiset\/ag-eino-kerasen-onnittelut-juhlassa\/\">AG Eino Ker\u00e4sen onnittelut juhlassa<\/a> <span class=\"date\">15.10. 2020<\/span><\/li><li class=\"listing-item\"><a class=\"title\" href=\"https:\/\/rotary.fi\/kuhmo\/ajankohtaiset\/past-governor-jorma-winterin-onnittelut-50-vuotisjuhlassa\/\">Past governor Jorma Winterin onnittelut 50-vuotisjuhlassa<\/a> <span class=\"date\">14.10. 2020<\/span><\/li><li class=\"listing-item\"><a class=\"title\" href=\"https:\/\/rotary.fi\/kuhmo\/ajankohtaiset\/kuhmon-rotaryklubi-juhli-50-vuotta-jatkunutta-toimintaansa\/\">Kuhmon Rotaryklubi juhli 50-vuotta jatkunutta toimintaansa<\/a> <span class=\"date\">14.10. 2020<\/span><\/li><li class=\"listing-item\"><a class=\"title\" href=\"https:\/\/rotary.fi\/kuhmo\/presidentin_uutiset\/uudet-verkkosivut-avautuneet\/\">Uudet verkkosivut avautuneet<\/a> <span class=\"date\">14.10. 2020<\/span><\/li><li class=\"listing-item\"><a class=\"title\" href=\"https:\/\/rotary.fi\/kuhmo\/ajankohtaiset\/piirikuvernoori-venanzia-rizzi-vierailee-kuhmossa\/\">Piirikuvern\u00f6\u00f6ri Venanzia Rizzi vierailee Kuhmossa 28.11.<\/a> <span class=\"date\">2.10. 2020<\/span><\/li><li class=\"listing-item\"><a class=\"title\" href=\"https:\/\/rotary.fi\/kuhmo\/ajankohtaiset\/ikolan-pappilan-remontti-viikon-verkkokokouksen-aiheena\/\">Ikolan pappilan remontti viikon verkkokokouksen aiheena<\/a> <span class=\"date\">21.9. 2020<\/span><\/li><li class=\"listing-item\"><a class=\"title\" href=\"https:\/\/rotary.fi\/kuhmo\/ajankohtaiset\/kuhmon-rotaryklubin-50-vuotisjuhla-lahestyy\/\">Kuhmon Rotaryklubin 50-vuotisjuhla l\u00e4hestyy<\/a> <span class=\"date\">21.9. 2020<\/span><\/li><\/ul>[\/et_pb_code][\/et_pb_column_inner][\/et_pb_row_inner][\/et_pb_column][et_pb_column type=&#8221;1_3&#8243; _builder_version=&#8221;3.25&#8243; custom_padding=&#8221;|||&#8221; custom_padding__hover=&#8221;|||&#8221;][et_pb_sidebar area=&#8221;sidebar-1&#8243; module_class=&#8221;sivupalkki_sisalto&#8221; _builder_version=&#8221;3.4.1&#8243;][\/et_pb_sidebar][\/et_pb_column][\/et_pb_section]<\/p>\n","protected":false},"excerpt":{"rendered":"<p>[et_pb_section fb_built=&#8221;1&#8243; module_class=&#8221;jumbotron-page&#8221; _builder_version=&#8221;4.4.8&#8243; background_image=&#8221;https:\/\/rotary.fi\/kuhmo\/wp-content\/uploads\/sites\/204\/2020\/09\/kuhmo-talon-maisemaa-syksy_002.jpg&#8221; hover_enabled=&#8221;0&#8243; title_text=&#8221;Kuhmo-talon maisemaa syksy_002&#8243;][et_pb_row _builder_version=&#8221;3.25&#8243; background_size=&#8221;initial&#8221; background_position=&#8221;top_left&#8221; background_repeat=&#8221;repeat&#8221;][et_pb_column type=&#8221;4_4&#8243; _builder_version=&#8221;3.25&#8243; custom_padding=&#8221;|||&#8221; custom_padding__hover=&#8221;|||&#8221;][et_pb_text admin_label=&#8221;P\u00e4\u00e4otsikko&#8221; _builder_version=&#8221;3.27.4&#8243; text_orientation=&#8221;center&#8221; background_layout=&#8221;dark&#8221;] Ajankohtaista [\/et_pb_text][\/et_pb_column][\/et_pb_row][\/et_pb_section][et_pb_section fb_built=&#8221;1&#8243; specialty=&#8221;on&#8221; module_class_2=&#8221;sivupalkki&#8221; _builder_version=&#8221;3.22&#8243; locked=&#8221;on&#8221;][et_pb_column type=&#8221;2_3&#8243; specialty_columns=&#8221;2&#8243; _builder_version=&#8221;3.25&#8243; custom_padding=&#8221;|||&#8221; custom_padding__hover=&#8221;|||&#8221;][et_pb_row_inner admin_label=&#8221;Rivi&#8221; _builder_version=&#8221;3.25&#8243; locked=&#8221;on&#8221;][et_pb_column_inner saved_specialty_column_type=&#8221;2_3&#8243; _builder_version=&#8221;3.25&#8243; custom_padding=&#8221;|||&#8221; custom_padding__hover=&#8221;|||&#8221;][et_pb_text admin_label=&#8221;Otsikko&#8221; _builder_version=&#8221;3.27.4&#8243; text_orientation=&#8221;center&#8221;] Ajankohtaista [\/et_pb_text][et_pb_code admin_label=&#8221;Ajankohtaisten listaus&#8221; module_class=&#8221;kaikki_ajankohtaiset&#8221; _builder_version=&#8221;3.17.6&#8243;][\/et_pb_code][\/et_pb_column_inner][\/et_pb_row_inner][\/et_pb_column][et_pb_column type=&#8221;1_3&#8243; _builder_version=&#8221;3.25&#8243; custom_padding=&#8221;|||&#8221; custom_padding__hover=&#8221;|||&#8221;][et_pb_sidebar area=&#8221;sidebar-1&#8243; module_class=&#8221;sivupalkki_sisalto&#8221; [&hellip;]<\/p>\n","protected":false},"author":1,"featured_media":0,"parent":0,"menu_order":0,"comment_status":"closed","ping_status":"closed","template":"","meta":{"_acf_changed":false,"_et_pb_use_builder":"on","_et_pb_old_content":"","_et_gb_content_width":"","footnotes":""},"class_list":["post-94","page","type-page","status-publish","hentry"],"acf":[],"yoast_head":"<!-- This site is optimized with the Yoast SEO plugin v27.0 - https:\/\/yoast.com\/product\/yoast-seo-wordpress\/ -->\n<title>Ajankohtaista - Kuhmon Rotaryklubi<\/title>\n<meta name=\"robots\" content=\"index, follow, max-snippet:-1, max-image-preview:large, max-video-preview:-1\" \/>\n<link rel=\"canonical\" href=\"https:\/\/rotary.fi\/kuhmo\/ajankohtaista\/\" \/>\n<meta property=\"og:locale\" content=\"fi_FI\" \/>\n<meta property=\"og:type\" content=\"article\" \/>\n<meta property=\"og:title\" content=\"Ajankohtaista - Kuhmon Rotaryklubi\" \/>\n<meta property=\"og:description\" content=\"[et_pb_section fb_built=&#8221;1&#8243; module_class=&#8221;jumbotron-page&#8221; _builder_version=&#8221;4.4.8&#8243; background_image=&#8221;https:\/\/rotary.fi\/kuhmo\/wp-content\/uploads\/sites\/204\/2020\/09\/kuhmo-talon-maisemaa-syksy_002.jpg&#8221; hover_enabled=&#8221;0&#8243; title_text=&#8221;Kuhmo-talon maisemaa syksy_002&#8243;][et_pb_row _builder_version=&#8221;3.25&#8243; background_size=&#8221;initial&#8221; background_position=&#8221;top_left&#8221; background_repeat=&#8221;repeat&#8221;][et_pb_column type=&#8221;4_4&#8243; _builder_version=&#8221;3.25&#8243; custom_padding=&#8221;|||&#8221; custom_padding__hover=&#8221;|||&#8221;][et_pb_text admin_label=&#8221;P\u00e4\u00e4otsikko&#8221; _builder_version=&#8221;3.27.4&#8243; text_orientation=&#8221;center&#8221; background_layout=&#8221;dark&#8221;] Ajankohtaista [\/et_pb_text][\/et_pb_column][\/et_pb_row][\/et_pb_section][et_pb_section fb_built=&#8221;1&#8243; specialty=&#8221;on&#8221; module_class_2=&#8221;sivupalkki&#8221; _builder_version=&#8221;3.22&#8243; locked=&#8221;on&#8221;][et_pb_column type=&#8221;2_3&#8243; specialty_columns=&#8221;2&#8243; _builder_version=&#8221;3.25&#8243; custom_padding=&#8221;|||&#8221; custom_padding__hover=&#8221;|||&#8221;][et_pb_row_inner admin_label=&#8221;Rivi&#8221; _builder_version=&#8221;3.25&#8243; locked=&#8221;on&#8221;][et_pb_column_inner saved_specialty_column_type=&#8221;2_3&#8243; _builder_version=&#8221;3.25&#8243; custom_padding=&#8221;|||&#8221; custom_padding__hover=&#8221;|||&#8221;][et_pb_text admin_label=&#8221;Otsikko&#8221; _builder_version=&#8221;3.27.4&#8243; text_orientation=&#8221;center&#8221;] Ajankohtaista [\/et_pb_text][et_pb_code admin_label=&#8221;Ajankohtaisten listaus&#8221; module_class=&#8221;kaikki_ajankohtaiset&#8221; _builder_version=&#8221;3.17.6&#8243;][\/et_pb_code][\/et_pb_column_inner][\/et_pb_row_inner][\/et_pb_column][et_pb_column type=&#8221;1_3&#8243; _builder_version=&#8221;3.25&#8243; custom_padding=&#8221;|||&#8221; custom_padding__hover=&#8221;|||&#8221;][et_pb_sidebar area=&#8221;sidebar-1&#8243; module_class=&#8221;sivupalkki_sisalto&#8221; [&hellip;]\" \/>\n<meta property=\"og:url\" content=\"https:\/\/rotary.fi\/kuhmo\/ajankohtaista\/\" \/>\n<meta property=\"og:site_name\" content=\"Kuhmon Rotaryklubi\" \/>\n<meta property=\"article:modified_time\" content=\"2020-09-18T06:03:42+00:00\" \/>\n<meta name=\"twitter:card\" content=\"summary_large_image\" \/>\n<meta name=\"twitter:label1\" content=\"Arvioitu lukuaika\" \/>\n\t<meta name=\"twitter:data1\" content=\"1 minuutti\" \/>\n<script type=\"application\/ld+json\" class=\"yoast-schema-graph\">{\"@context\":\"https:\/\/schema.org\",\"@graph\":[{\"@type\":\"WebPage\",\"@id\":\"https:\/\/rotary.fi\/kuhmo\/ajankohtaista\/\",\"url\":\"https:\/\/rotary.fi\/kuhmo\/ajankohtaista\/\",\"name\":\"Ajankohtaista - Kuhmon Rotaryklubi\",\"isPartOf\":{\"@id\":\"https:\/\/rotary.fi\/kuhmo\/#website\"},\"datePublished\":\"2018-08-09T12:14:30+00:00\",\"dateModified\":\"2020-09-18T06:03:42+00:00\",\"breadcrumb\":{\"@id\":\"https:\/\/rotary.fi\/kuhmo\/ajankohtaista\/#breadcrumb\"},\"inLanguage\":\"fi\",\"potentialAction\":[{\"@type\":\"ReadAction\",\"target\":[\"https:\/\/rotary.fi\/kuhmo\/ajankohtaista\/\"]}]},{\"@type\":\"BreadcrumbList\",\"@id\":\"https:\/\/rotary.fi\/kuhmo\/ajankohtaista\/#breadcrumb\",\"itemListElement\":[{\"@type\":\"ListItem\",\"position\":1,\"name\":\"Home\",\"item\":\"https:\/\/rotary.fi\/kuhmo\/\"},{\"@type\":\"ListItem\",\"position\":2,\"name\":\"Ajankohtaista\"}]},{\"@type\":\"WebSite\",\"@id\":\"https:\/\/rotary.fi\/kuhmo\/#website\",\"url\":\"https:\/\/rotary.fi\/kuhmo\/\",\"name\":\"Kuhmon Rotaryklubi\",\"description\":\"Uusi Rotary klubisivusto\",\"potentialAction\":[{\"@type\":\"SearchAction\",\"target\":{\"@type\":\"EntryPoint\",\"urlTemplate\":\"https:\/\/rotary.fi\/kuhmo\/?s={search_term_string}\"},\"query-input\":{\"@type\":\"PropertyValueSpecification\",\"valueRequired\":true,\"valueName\":\"search_term_string\"}}],\"inLanguage\":\"fi\"}]}<\/script>\n<!-- \/ Yoast SEO plugin. -->","yoast_head_json":{"title":"Ajankohtaista - Kuhmon Rotaryklubi","robots":{"index":"index","follow":"follow","max-snippet":"max-snippet:-1","max-image-preview":"max-image-preview:large","max-video-preview":"max-video-preview:-1"},"canonical":"https:\/\/rotary.fi\/kuhmo\/ajankohtaista\/","og_locale":"fi_FI","og_type":"article","og_title":"Ajankohtaista - Kuhmon Rotaryklubi","og_description":"[et_pb_section fb_built=&#8221;1&#8243; module_class=&#8221;jumbotron-page&#8221; _builder_version=&#8221;4.4.8&#8243; background_image=&#8221;https:\/\/rotary.fi\/kuhmo\/wp-content\/uploads\/sites\/204\/2020\/09\/kuhmo-talon-maisemaa-syksy_002.jpg&#8221; hover_enabled=&#8221;0&#8243; title_text=&#8221;Kuhmo-talon maisemaa syksy_002&#8243;][et_pb_row _builder_version=&#8221;3.25&#8243; background_size=&#8221;initial&#8221; background_position=&#8221;top_left&#8221; background_repeat=&#8221;repeat&#8221;][et_pb_column type=&#8221;4_4&#8243; _builder_version=&#8221;3.25&#8243; custom_padding=&#8221;|||&#8221; custom_padding__hover=&#8221;|||&#8221;][et_pb_text admin_label=&#8221;P\u00e4\u00e4otsikko&#8221; _builder_version=&#8221;3.27.4&#8243; text_orientation=&#8221;center&#8221; background_layout=&#8221;dark&#8221;] Ajankohtaista [\/et_pb_text][\/et_pb_column][\/et_pb_row][\/et_pb_section][et_pb_section fb_built=&#8221;1&#8243; specialty=&#8221;on&#8221; module_class_2=&#8221;sivupalkki&#8221; _builder_version=&#8221;3.22&#8243; locked=&#8221;on&#8221;][et_pb_column type=&#8221;2_3&#8243; specialty_columns=&#8221;2&#8243; _builder_version=&#8221;3.25&#8243; custom_padding=&#8221;|||&#8221; custom_padding__hover=&#8221;|||&#8221;][et_pb_row_inner admin_label=&#8221;Rivi&#8221; _builder_version=&#8221;3.25&#8243; locked=&#8221;on&#8221;][et_pb_column_inner saved_specialty_column_type=&#8221;2_3&#8243; _builder_version=&#8221;3.25&#8243; custom_padding=&#8221;|||&#8221; custom_padding__hover=&#8221;|||&#8221;][et_pb_text admin_label=&#8221;Otsikko&#8221; _builder_version=&#8221;3.27.4&#8243; text_orientation=&#8221;center&#8221;] Ajankohtaista [\/et_pb_text][et_pb_code admin_label=&#8221;Ajankohtaisten listaus&#8221; module_class=&#8221;kaikki_ajankohtaiset&#8221; _builder_version=&#8221;3.17.6&#8243;][\/et_pb_code][\/et_pb_column_inner][\/et_pb_row_inner][\/et_pb_column][et_pb_column type=&#8221;1_3&#8243; _builder_version=&#8221;3.25&#8243; custom_padding=&#8221;|||&#8221; custom_padding__hover=&#8221;|||&#8221;][et_pb_sidebar area=&#8221;sidebar-1&#8243; module_class=&#8221;sivupalkki_sisalto&#8221; [&hellip;]","og_url":"https:\/\/rotary.fi\/kuhmo\/ajankohtaista\/","og_site_name":"Kuhmon Rotaryklubi","article_modified_time":"2020-09-18T06:03:42+00:00","twitter_card":"summary_large_image","twitter_misc":{"Arvioitu lukuaika":"1 minuutti"},"schema":{"@context":"https:\/\/schema.org","@graph":[{"@type":"WebPage","@id":"https:\/\/rotary.fi\/kuhmo\/ajankohtaista\/","url":"https:\/\/rotary.fi\/kuhmo\/ajankohtaista\/","name":"Ajankohtaista - Kuhmon Rotaryklubi","isPartOf":{"@id":"https:\/\/rotary.fi\/kuhmo\/#website"},"datePublished":"2018-08-09T12:14:30+00:00","dateModified":"2020-09-18T06:03:42+00:00","breadcrumb":{"@id":"https:\/\/rotary.fi\/kuhmo\/ajankohtaista\/#breadcrumb"},"inLanguage":"fi","potentialAction":[{"@type":"ReadAction","target":["https:\/\/rotary.fi\/kuhmo\/ajankohtaista\/"]}]},{"@type":"BreadcrumbList","@id":"https:\/\/rotary.fi\/kuhmo\/ajankohtaista\/#breadcrumb","itemListElement":[{"@type":"ListItem","position":1,"name":"Home","item":"https:\/\/rotary.fi\/kuhmo\/"},{"@type":"ListItem","position":2,"name":"Ajankohtaista"}]},{"@type":"WebSite","@id":"https:\/\/rotary.fi\/kuhmo\/#website","url":"https:\/\/rotary.fi\/kuhmo\/","name":"Kuhmon Rotaryklubi","description":"Uusi Rotary klubisivusto","potentialAction":[{"@type":"SearchAction","target":{"@type":"EntryPoint","urlTemplate":"https:\/\/rotary.fi\/kuhmo\/?s={search_term_string}"},"query-input":{"@type":"PropertyValueSpecification","valueRequired":true,"valueName":"search_term_string"}}],"inLanguage":"fi"}]}},"lang":"fi","translations":{"fi":94},"pll_sync_post":[],"_links":{"self":[{"href":"https:\/\/rotary.fi\/kuhmo\/wp-json\/wp\/v2\/pages\/94","targetHints":{"allow":["GET"]}}],"collection":[{"href":"https:\/\/rotary.fi\/kuhmo\/wp-json\/wp\/v2\/pages"}],"about":[{"href":"https:\/\/rotary.fi\/kuhmo\/wp-json\/wp\/v2\/types\/page"}],"author":[{"embeddable":true,"href":"https:\/\/rotary.fi\/kuhmo\/wp-json\/wp\/v2\/users\/1"}],"replies":[{"embeddable":true,"href":"https:\/\/rotary.fi\/kuhmo\/wp-json\/wp\/v2\/comments?post=94"}],"version-history":[{"count":7,"href":"https:\/\/rotary.fi\/kuhmo\/wp-json\/wp\/v2\/pages\/94\/revisions"}],"predecessor-version":[{"id":1726,"href":"https:\/\/rotary.fi\/kuhmo\/wp-json\/wp\/v2\/pages\/94\/revisions\/1726"}],"wp:attachment":[{"href":"https:\/\/rotary.fi\/kuhmo\/wp-json\/wp\/v2\/media?parent=94"}],"curies":[{"name":"wp","href":"https:\/\/api.w.org\/{rel}","templated":true}]}}