{"id":138,"date":"2018-08-10T14:01:44","date_gmt":"2018-08-10T11:01:44","guid":{"rendered":"https:\/\/rotary.fi\/klubi2\/?page_id=138"},"modified":"2024-07-19T08:32:13","modified_gmt":"2024-07-19T05:32:13","slug":"vuositeema","status":"publish","type":"page","link":"https:\/\/rotary.fi\/kuhmo\/keita-olemme\/vuositeema\/","title":{"rendered":"Vuositeema"},"content":{"rendered":"<p>[et_pb_section fb_built=&#8221;1&#8243; module_class=&#8221;jumbotron-page&#8221; _builder_version=&#8221;4.17.4&#8243; background_image=&#8221;https:\/\/rotary.fi\/kuhmo\/wp-content\/uploads\/sites\/204\/2022\/07\/rk-kuhmo-kaatyjenvaihto-2022-23013-2.jpg&#8221; global_colors_info=&#8221;{}&#8221;][et_pb_row _builder_version=&#8221;4.16&#8243; background_size=&#8221;initial&#8221; background_position=&#8221;top_left&#8221; background_repeat=&#8221;repeat&#8221; global_colors_info=&#8221;{}&#8221;][et_pb_column type=&#8221;4_4&#8243; _builder_version=&#8221;4.16&#8243; custom_padding=&#8221;|||&#8221; global_colors_info=&#8221;{}&#8221; custom_padding__hover=&#8221;|||&#8221;][et_pb_text admin_label=&#8221;P\u00e4\u00e4otsikko&#8221; _builder_version=&#8221;4.16&#8243; text_orientation=&#8221;center&#8221; background_layout=&#8221;dark&#8221; global_colors_info=&#8221;{}&#8221;]<\/p>\n<h1>Vuositeema<\/h1>\n<p>&nbsp;<\/p>\n<p>[\/et_pb_text][\/et_pb_column][\/et_pb_row][\/et_pb_section][et_pb_section fb_built=&#8221;1&#8243; specialty=&#8221;on&#8221; module_class_2=&#8221;sivupalkki&#8221; _builder_version=&#8221;4.16&#8243; global_colors_info=&#8221;{}&#8221;][et_pb_column type=&#8221;2_3&#8243; specialty_columns=&#8221;2&#8243; _builder_version=&#8221;4.16&#8243; custom_padding=&#8221;|||&#8221; global_colors_info=&#8221;{}&#8221; custom_padding__hover=&#8221;|||&#8221;][et_pb_row_inner column_structure=&#8221;1_4,1_4,1_4,1_4&#8243; admin_label=&#8221;Rivi&#8221; _builder_version=&#8221;4.16&#8243; global_colors_info=&#8221;{}&#8221;][et_pb_column_inner type=&#8221;1_4&#8243; saved_specialty_column_type=&#8221;2_3&#8243; _builder_version=&#8221;4.16&#8243; custom_padding=&#8221;|||&#8221; custom_css_main_element=&#8221;width:24%!important;&#8221; global_colors_info=&#8221;{}&#8221; custom_padding__hover=&#8221;|||&#8221;][\/et_pb_column_inner][et_pb_column_inner type=&#8221;1_4&#8243; saved_specialty_column_type=&#8221;2_3&#8243; _builder_version=&#8221;4.16&#8243; custom_padding=&#8221;|||&#8221; custom_css_main_element=&#8221;width:24%!important;&#8221; global_colors_info=&#8221;{}&#8221; custom_padding__hover=&#8221;|||&#8221;][et_pb_image src=&#8221;https:\/\/rotary.fi\/kuhmo\/wp-content\/uploads\/sites\/204\/2024\/07\/t2425en-logo-rgb.png&#8221; title_text=&#8221;T2425EN-Logo-RGB&#8221; align_tablet=&#8221;center&#8221; align_phone=&#8221;&#8221; align_last_edited=&#8221;on|desktop&#8221; _builder_version=&#8221;4.25.2&#8243; custom_margin=&#8221;|-58px||||&#8221; hover_enabled=&#8221;0&#8243; global_colors_info=&#8221;{}&#8221; sticky_enabled=&#8221;0&#8243;][\/et_pb_image][\/et_pb_column_inner][et_pb_column_inner type=&#8221;1_4&#8243; saved_specialty_column_type=&#8221;2_3&#8243; _builder_version=&#8221;4.16&#8243; custom_padding=&#8221;|||&#8221; custom_css_main_element=&#8221;width:24%!important;&#8221; global_colors_info=&#8221;{}&#8221; custom_padding__hover=&#8221;|||&#8221;][\/et_pb_column_inner][et_pb_column_inner type=&#8221;1_4&#8243; saved_specialty_column_type=&#8221;2_3&#8243; _builder_version=&#8221;4.16&#8243; custom_padding=&#8221;|||&#8221; custom_css_main_element=&#8221;display:none;||width:0%!important;&#8221; global_colors_info=&#8221;{}&#8221; custom_padding__hover=&#8221;|||&#8221;][\/et_pb_column_inner][\/et_pb_row_inner][et_pb_row_inner admin_label=&#8221;Rivi&#8221; _builder_version=&#8221;4.16&#8243; global_colors_info=&#8221;{}&#8221;][et_pb_column_inner saved_specialty_column_type=&#8221;2_3&#8243; _builder_version=&#8221;4.16&#8243; custom_padding=&#8221;|||&#8221; global_colors_info=&#8221;{}&#8221; custom_padding__hover=&#8221;|||&#8221;][et_pb_text admin_label=&#8221;Rotary Internationalin vuositeema &#8211; Otsikko&#8221; _builder_version=&#8221;4.16&#8243; text_orientation=&#8221;center&#8221; global_colors_info=&#8221;{}&#8221;]<\/p>\n<h1>Rotary Internationalin<br \/>vuositeema 2024-2025<\/h1>\n<p>[\/et_pb_text][et_pb_text _builder_version=&#8221;4.25.2&#8243; custom_padding=&#8221;1px|||||&#8221; hover_enabled=&#8221;0&#8243; global_colors_info=&#8221;{}&#8221; sticky_enabled=&#8221;0&#8243;]<\/p>\n<p><strong style=\"font-size: 16px\">THE MAGIC OF ROTARY &#8211; ROTARYN TAIKA.<\/strong><\/p>\n<p><em>Rotary Internationalin kaudelle 2024-25 valitun presidentti <strong>STEPHANIE URCHICKIN<\/strong> tavoitteena on Rotary, jossa j\u00e4senet vahvistavat j\u00e4rjest\u00f6n voimaa pelastaa ihmishenki\u00e4.<br \/>&#8221;Tavoitteena on palauttaa toivo &#8211; auttaa maailmaa parantumaan tuhoisista konflikteista ja sen sijaan auttaa l\u00f6yt\u00e4m\u00e4\u00e4n pysyv\u00e4 muutos itsellemme&#8221;.<\/em><\/p>\n<p><a href=\"https:\/\/cdn1-originals.webdamdb.com\/13799_155342640?cache=1704742432&amp;response-content-disposition=inline;filename=2024_001_GS1_Urchick_EN.mp4&amp;Policy=eyJTdGF0ZW1lbnQiOlt7IlJlc291cmNlIjoiaHR0cCo6Ly9jZG4xLW9yaWdpbmFscy53ZWJkYW1kYi5jb20vMTM3OTlfMTU1MzQyNjQwP2NhY2hlPTE3MDQ3NDI0MzImcmVzcG9uc2UtY29udGVudC1kaXNwb3NpdGlvbj1pbmxpbmU7ZmlsZW5hbWU9MjAyNF8wMDFfR1MxX1VyY2hpY2tfRU4ubXA0IiwiQ29uZGl0aW9uIjp7IkRhdGVMZXNzVGhhbiI6eyJBV1M6RXBvY2hUaW1lIjoyMTQ3NDE0NDAwfX19XX0_&amp;Signature=YOEutbDggQwCq5VrpPVJezEQcT0WMtjEQyTRQBngYKeZ6RSjY7QUExkfPdSoFUUr1ZgthY3qquQH6Out0zdpMZoECL43f2A2Z1B4FrDotbzA7hRaizpuKv8ZQ6cDq3NuWwuqW8ZkCiYZbTF6PLZYbb75dK~ADyMJCXR73RMYYdzSZcpV-cyXFed0vmz5ZKalj9anIw2DtBgAmKQzgSuqZ~eOPnggODBykQpPk8I0J1hVc~TkrAD3BlnPBPdlnUrkCcPfUCti80mfBvvwKk0UEJwvScIpb81BYDZzIfF8PEKMO7TBxR0jSxMYH0d-o0Jkkk7HHK2DXzxRWAbQkcQgCA__&amp;Key-Pair-Id=APKAI2ASI2IOLRFF2RHA\">Katso video<\/a><em><\/em><\/p>\n<p><span style=\"font-size: 16px\"><\/span><\/p>\n<p><span style=\"font-size: 16px\"><\/span><\/p>\n<p>[\/et_pb_text][et_pb_image src=&#8221;https:\/\/rotary.fi\/kuhmo\/wp-content\/uploads\/sites\/204\/2024\/07\/20240108-us-070.jpg&#8221; title_text=&#8221;20240108_US_070&#8243; _builder_version=&#8221;4.25.2&#8243; _module_preset=&#8221;default&#8221; global_colors_info=&#8221;{}&#8221;][\/et_pb_image][et_pb_text _builder_version=&#8221;4.25.2&#8243; _module_preset=&#8221;default&#8221; global_colors_info=&#8221;{}&#8221;]<\/p>\n<p><strong>RI presidentti Stephanie Urchick.<\/strong><\/p>\n<p>[\/et_pb_text][\/et_pb_column_inner][\/et_pb_row_inner][et_pb_row_inner admin_label=&#8221;Rivi&#8221; _builder_version=&#8221;4.16&#8243; global_colors_info=&#8221;{}&#8221;][et_pb_column_inner saved_specialty_column_type=&#8221;2_3&#8243; _builder_version=&#8221;4.16&#8243; custom_padding=&#8221;|||&#8221; global_colors_info=&#8221;{}&#8221; custom_padding__hover=&#8221;|||&#8221;][et_pb_text admin_label=&#8221;Klubin vuositeema &#8211; Otsikko&#8221; _builder_version=&#8221;4.16&#8243; text_orientation=&#8221;center&#8221; global_colors_info=&#8221;{}&#8221;]<\/p>\n<h4>Kuhmon Rotaryklubin vuositeema<\/h4>\n<p>[\/et_pb_text][et_pb_text _builder_version=&#8221;4.16&#8243; global_colors_info=&#8221;{}&#8221;]<\/p>\n<p class=\"p1\"><span class=\"s1\">Klubimme missiona on palvella omalla paikkakunnalla, rotarypiiriss\u00e4 sek\u00e4 kansainv\u00e4lisesti.<br \/>Rotaryvuoden 2023-2024 RI:n presidentti on Gordon McInally.<br \/>H\u00e4nen teemansa kuuluu: &#8221;Luo toivoa maailmaan.&#8221;<br \/>H\u00e4n kehottaa j\u00e4seni\u00e4 edist\u00e4m\u00e4\u00e4n rauhaa levottomissa valtioissa, auttamaan konflikteista k\u00e4rsivi\u00e4 ja yll\u00e4pit\u00e4m\u00e4\u00e4n entisten johtajien aloittamia aloitteita.<\/span><\/p>\n<p>[\/et_pb_text][\/et_pb_column_inner][\/et_pb_row_inner][\/et_pb_column][et_pb_column type=&#8221;1_3&#8243; _builder_version=&#8221;4.16&#8243; custom_padding=&#8221;|||&#8221; global_colors_info=&#8221;{}&#8221; custom_padding__hover=&#8221;|||&#8221;][et_pb_sidebar area=&#8221;sidebar-1&#8243; module_class=&#8221;sivupalkki_sisalto&#8221; _builder_version=&#8221;4.16&#8243; locked=&#8221;on&#8221; global_colors_info=&#8221;{}&#8221;][\/et_pb_sidebar][\/et_pb_column][\/et_pb_section]<\/p>\n","protected":false},"excerpt":{"rendered":"<p>Vuositeema &nbsp; Rotary Internationalinvuositeema 2024-2025THE MAGIC OF ROTARY &#8211; ROTARYN TAIKA. Rotary Internationalin kaudelle 2024-25 valitun presidentti STEPHANIE URCHICKIN tavoitteena on Rotary, jossa j\u00e4senet vahvistavat j\u00e4rjest\u00f6n voimaa pelastaa ihmishenki\u00e4.&#8221;Tavoitteena on palauttaa toivo &#8211; auttaa maailmaa parantumaan tuhoisista konflikteista ja sen sijaan auttaa l\u00f6yt\u00e4m\u00e4\u00e4n pysyv\u00e4 muutos itsellemme&#8221;. Katso video RI presidentti Stephanie Urchick.Kuhmon Rotaryklubin vuositeemaKlubimme missiona [&hellip;]<\/p>\n","protected":false},"author":1,"featured_media":0,"parent":129,"menu_order":0,"comment_status":"closed","ping_status":"closed","template":"","meta":{"_acf_changed":false,"_et_pb_use_builder":"on","_et_pb_old_content":"","_et_gb_content_width":"","footnotes":""},"class_list":["post-138","page","type-page","status-publish","hentry"],"acf":[],"yoast_head":"<!-- This site is optimized with the Yoast SEO plugin v27.0 - https:\/\/yoast.com\/product\/yoast-seo-wordpress\/ -->\n<title>Vuositeema - Kuhmon Rotaryklubi<\/title>\n<meta name=\"robots\" content=\"index, follow, max-snippet:-1, max-image-preview:large, max-video-preview:-1\" \/>\n<link rel=\"canonical\" href=\"https:\/\/rotary.fi\/kuhmo\/keita-olemme\/vuositeema\/\" \/>\n<meta property=\"og:locale\" content=\"fi_FI\" \/>\n<meta property=\"og:type\" content=\"article\" \/>\n<meta property=\"og:title\" content=\"Vuositeema - Kuhmon Rotaryklubi\" \/>\n<meta property=\"og:description\" content=\"Vuositeema &nbsp; Rotary Internationalinvuositeema 2024-2025THE MAGIC OF ROTARY - ROTARYN TAIKA. Rotary Internationalin kaudelle 2024-25 valitun presidentti STEPHANIE URCHICKIN tavoitteena on Rotary, jossa j\u00e4senet vahvistavat j\u00e4rjest\u00f6n voimaa pelastaa ihmishenki\u00e4.&quot;Tavoitteena on palauttaa toivo - auttaa maailmaa parantumaan tuhoisista konflikteista ja sen sijaan auttaa l\u00f6yt\u00e4m\u00e4\u00e4n pysyv\u00e4 muutos itsellemme&quot;. Katso video RI presidentti Stephanie Urchick.Kuhmon Rotaryklubin vuositeemaKlubimme missiona [&hellip;]\" \/>\n<meta property=\"og:url\" content=\"https:\/\/rotary.fi\/kuhmo\/keita-olemme\/vuositeema\/\" \/>\n<meta property=\"og:site_name\" content=\"Kuhmon Rotaryklubi\" \/>\n<meta property=\"article:modified_time\" content=\"2024-07-19T05:32:13+00:00\" \/>\n<meta name=\"twitter:card\" content=\"summary_large_image\" \/>\n<meta name=\"twitter:label1\" content=\"Arvioitu lukuaika\" \/>\n\t<meta name=\"twitter:data1\" content=\"3 minuuttia\" \/>\n<script type=\"application\/ld+json\" class=\"yoast-schema-graph\">{\"@context\":\"https:\/\/schema.org\",\"@graph\":[{\"@type\":\"WebPage\",\"@id\":\"https:\/\/rotary.fi\/kuhmo\/keita-olemme\/vuositeema\/\",\"url\":\"https:\/\/rotary.fi\/kuhmo\/keita-olemme\/vuositeema\/\",\"name\":\"Vuositeema - Kuhmon Rotaryklubi\",\"isPartOf\":{\"@id\":\"https:\/\/rotary.fi\/kuhmo\/#website\"},\"datePublished\":\"2018-08-10T11:01:44+00:00\",\"dateModified\":\"2024-07-19T05:32:13+00:00\",\"breadcrumb\":{\"@id\":\"https:\/\/rotary.fi\/kuhmo\/keita-olemme\/vuositeema\/#breadcrumb\"},\"inLanguage\":\"fi\",\"potentialAction\":[{\"@type\":\"ReadAction\",\"target\":[\"https:\/\/rotary.fi\/kuhmo\/keita-olemme\/vuositeema\/\"]}]},{\"@type\":\"BreadcrumbList\",\"@id\":\"https:\/\/rotary.fi\/kuhmo\/keita-olemme\/vuositeema\/#breadcrumb\",\"itemListElement\":[{\"@type\":\"ListItem\",\"position\":1,\"name\":\"Home\",\"item\":\"https:\/\/rotary.fi\/kuhmo\/\"},{\"@type\":\"ListItem\",\"position\":2,\"name\":\"Keit\u00e4 olemme\",\"item\":\"https:\/\/rotary.fi\/kuhmo\/keita-olemme\/\"},{\"@type\":\"ListItem\",\"position\":3,\"name\":\"Vuositeema\"}]},{\"@type\":\"WebSite\",\"@id\":\"https:\/\/rotary.fi\/kuhmo\/#website\",\"url\":\"https:\/\/rotary.fi\/kuhmo\/\",\"name\":\"Kuhmon Rotaryklubi\",\"description\":\"Uusi Rotary klubisivusto\",\"potentialAction\":[{\"@type\":\"SearchAction\",\"target\":{\"@type\":\"EntryPoint\",\"urlTemplate\":\"https:\/\/rotary.fi\/kuhmo\/?s={search_term_string}\"},\"query-input\":{\"@type\":\"PropertyValueSpecification\",\"valueRequired\":true,\"valueName\":\"search_term_string\"}}],\"inLanguage\":\"fi\"}]}<\/script>\n<!-- \/ Yoast SEO plugin. -->","yoast_head_json":{"title":"Vuositeema - Kuhmon Rotaryklubi","robots":{"index":"index","follow":"follow","max-snippet":"max-snippet:-1","max-image-preview":"max-image-preview:large","max-video-preview":"max-video-preview:-1"},"canonical":"https:\/\/rotary.fi\/kuhmo\/keita-olemme\/vuositeema\/","og_locale":"fi_FI","og_type":"article","og_title":"Vuositeema - Kuhmon Rotaryklubi","og_description":"Vuositeema &nbsp; Rotary Internationalinvuositeema 2024-2025THE MAGIC OF ROTARY - ROTARYN TAIKA. Rotary Internationalin kaudelle 2024-25 valitun presidentti STEPHANIE URCHICKIN tavoitteena on Rotary, jossa j\u00e4senet vahvistavat j\u00e4rjest\u00f6n voimaa pelastaa ihmishenki\u00e4.\"Tavoitteena on palauttaa toivo - auttaa maailmaa parantumaan tuhoisista konflikteista ja sen sijaan auttaa l\u00f6yt\u00e4m\u00e4\u00e4n pysyv\u00e4 muutos itsellemme\". Katso video RI presidentti Stephanie Urchick.Kuhmon Rotaryklubin vuositeemaKlubimme missiona [&hellip;]","og_url":"https:\/\/rotary.fi\/kuhmo\/keita-olemme\/vuositeema\/","og_site_name":"Kuhmon Rotaryklubi","article_modified_time":"2024-07-19T05:32:13+00:00","twitter_card":"summary_large_image","twitter_misc":{"Arvioitu lukuaika":"3 minuuttia"},"schema":{"@context":"https:\/\/schema.org","@graph":[{"@type":"WebPage","@id":"https:\/\/rotary.fi\/kuhmo\/keita-olemme\/vuositeema\/","url":"https:\/\/rotary.fi\/kuhmo\/keita-olemme\/vuositeema\/","name":"Vuositeema - Kuhmon Rotaryklubi","isPartOf":{"@id":"https:\/\/rotary.fi\/kuhmo\/#website"},"datePublished":"2018-08-10T11:01:44+00:00","dateModified":"2024-07-19T05:32:13+00:00","breadcrumb":{"@id":"https:\/\/rotary.fi\/kuhmo\/keita-olemme\/vuositeema\/#breadcrumb"},"inLanguage":"fi","potentialAction":[{"@type":"ReadAction","target":["https:\/\/rotary.fi\/kuhmo\/keita-olemme\/vuositeema\/"]}]},{"@type":"BreadcrumbList","@id":"https:\/\/rotary.fi\/kuhmo\/keita-olemme\/vuositeema\/#breadcrumb","itemListElement":[{"@type":"ListItem","position":1,"name":"Home","item":"https:\/\/rotary.fi\/kuhmo\/"},{"@type":"ListItem","position":2,"name":"Keit\u00e4 olemme","item":"https:\/\/rotary.fi\/kuhmo\/keita-olemme\/"},{"@type":"ListItem","position":3,"name":"Vuositeema"}]},{"@type":"WebSite","@id":"https:\/\/rotary.fi\/kuhmo\/#website","url":"https:\/\/rotary.fi\/kuhmo\/","name":"Kuhmon Rotaryklubi","description":"Uusi Rotary klubisivusto","potentialAction":[{"@type":"SearchAction","target":{"@type":"EntryPoint","urlTemplate":"https:\/\/rotary.fi\/kuhmo\/?s={search_term_string}"},"query-input":{"@type":"PropertyValueSpecification","valueRequired":true,"valueName":"search_term_string"}}],"inLanguage":"fi"}]}},"lang":"fi","translations":{"fi":138},"pll_sync_post":[],"_links":{"self":[{"href":"https:\/\/rotary.fi\/kuhmo\/wp-json\/wp\/v2\/pages\/138","targetHints":{"allow":["GET"]}}],"collection":[{"href":"https:\/\/rotary.fi\/kuhmo\/wp-json\/wp\/v2\/pages"}],"about":[{"href":"https:\/\/rotary.fi\/kuhmo\/wp-json\/wp\/v2\/types\/page"}],"author":[{"embeddable":true,"href":"https:\/\/rotary.fi\/kuhmo\/wp-json\/wp\/v2\/users\/1"}],"replies":[{"embeddable":true,"href":"https:\/\/rotary.fi\/kuhmo\/wp-json\/wp\/v2\/comments?post=138"}],"version-history":[{"count":11,"href":"https:\/\/rotary.fi\/kuhmo\/wp-json\/wp\/v2\/pages\/138\/revisions"}],"predecessor-version":[{"id":2543,"href":"https:\/\/rotary.fi\/kuhmo\/wp-json\/wp\/v2\/pages\/138\/revisions\/2543"}],"up":[{"embeddable":true,"href":"https:\/\/rotary.fi\/kuhmo\/wp-json\/wp\/v2\/pages\/129"}],"wp:attachment":[{"href":"https:\/\/rotary.fi\/kuhmo\/wp-json\/wp\/v2\/media?parent=138"}],"curies":[{"name":"wp","href":"https:\/\/api.w.org\/{rel}","templated":true}]}}