{"id":129,"date":"2018-08-10T13:41:39","date_gmt":"2018-08-10T10:41:39","guid":{"rendered":"https:\/\/rotary.fi\/klubi2\/?page_id=129"},"modified":"2022-07-28T08:39:45","modified_gmt":"2022-07-28T05:39:45","slug":"keita-olemme","status":"publish","type":"page","link":"https:\/\/rotary.fi\/kuhmo\/keita-olemme\/","title":{"rendered":"Keit\u00e4 olemme"},"content":{"rendered":"<p>[et_pb_section fb_built=&#8221;1&#8243; module_class=&#8221;jumbotron-page&#8221; _builder_version=&#8221;4.16&#8243; background_image=&#8221;https:\/\/rotary.fi\/kuhmo\/wp-content\/uploads\/sites\/204\/2020\/09\/rotary-intercity-kuhmo-19_070-1.jpg&#8221; global_colors_info=&#8221;{}&#8221;][et_pb_row _builder_version=&#8221;4.16&#8243; background_size=&#8221;initial&#8221; background_position=&#8221;top_left&#8221; background_repeat=&#8221;repeat&#8221; global_colors_info=&#8221;{}&#8221;][et_pb_column type=&#8221;4_4&#8243; _builder_version=&#8221;4.16&#8243; custom_padding=&#8221;|||&#8221; global_colors_info=&#8221;{}&#8221; custom_padding__hover=&#8221;|||&#8221;][et_pb_text admin_label=&#8221;P\u00e4\u00e4otsikko&#8221; _builder_version=&#8221;4.16&#8243; text_orientation=&#8221;center&#8221; background_layout=&#8221;dark&#8221; global_colors_info=&#8221;{}&#8221;]<\/p>\n<h1>Keit\u00e4 olemme<\/h1>\n<p>[\/et_pb_text][\/et_pb_column][\/et_pb_row][\/et_pb_section][et_pb_section fb_built=&#8221;1&#8243; specialty=&#8221;on&#8221; module_class_2=&#8221;sivupalkki&#8221; _builder_version=&#8221;4.16&#8243; global_colors_info=&#8221;{}&#8221;][et_pb_column type=&#8221;2_3&#8243; specialty_columns=&#8221;2&#8243; _builder_version=&#8221;4.16&#8243; custom_padding=&#8221;|||&#8221; global_colors_info=&#8221;{}&#8221; custom_padding__hover=&#8221;|||&#8221;][et_pb_row_inner admin_label=&#8221;Rivi&#8221; _builder_version=&#8221;4.16&#8243; global_colors_info=&#8221;{}&#8221;][et_pb_column_inner saved_specialty_column_type=&#8221;2_3&#8243; _builder_version=&#8221;4.16&#8243; custom_padding=&#8221;|||&#8221; global_colors_info=&#8221;{}&#8221; custom_padding__hover=&#8221;|||&#8221;][et_pb_text admin_label=&#8221;Otsikko&#8221; _builder_version=&#8221;4.16&#8243; text_orientation=&#8221;center&#8221; global_colors_info=&#8221;{}&#8221;]<\/p>\n<h1>Keit\u00e4 olemme<\/h1>\n<p>[\/et_pb_text][et_pb_text _builder_version=&#8221;4.16&#8243; global_colors_info=&#8221;{}&#8221;]<\/p>\n<p class=\"paragraph_style_5\"><span style=\"color: #8300e9\"><strong>Kuhmo tunnetaan upeasta luonnostaan, Kuhmon Kamarimusiikkifestivaalista ja monipuolisesta historiastaan.<\/strong><\/span><\/p>\n<p><span style=\"color: #8300e9\"><strong>Elanto Kuhmossa l\u00e4htee mets\u00e4st\u00e4, puualan teollisuudesta, konepajateollisuudesta, matkailusta sek\u00e4 monipuolisista kaupan ja muiden alojen palveluista.<\/strong><\/span><\/p>\n<p class=\"paragraph_style_5\"><span style=\"color: #8300e9\"><strong>Tervetuloa Kuhmoon!<\/strong><\/span><br \/><span style=\"color: #8300e9\"><strong>T\u00e4\u00e4ll\u00e4 voit kokea kanssamme monenlaisia\u00a0mahtavia juttuja!<\/strong><\/span><\/p>\n<p>\u00a0<span style=\"font-size: 16px\">Kuhmon Rotaryklubi on aktiivinen rotaryklubi. Kokoonnumme keskiviikkoisin kello 17.00-18.30 Ravintola Eskobariin tapaamaan toisiamme, kuulemaan kiinnostavia esitelmi\u00e4 ja edist\u00e4m\u00e4\u00e4n hyv\u00e4\u00e4 omalla paikkakunnallamme.<\/span><\/p>\n<p>K\u00e4ymme my\u00f6s vierailemassa erilaisissa kohteissa Kuhmossa ja l\u00e4hialueilla. Tuemme kansainv\u00e4lisen Rotaryn humanitaarisia projekteja, osallistumme nuorisovaihtoon ja edist\u00e4mme l\u00e4hiseudun hyvinvointia.<\/p>\n<p>Klubimme on perustettu 19.3.1970. Kummiklubimme on Sotkamon Rotaryklubi. <br \/>Klubissamme on 18 j\u00e4sent\u00e4. Olemme osa piiri\u00e4 1385. (<a href=\"https:\/\/rotary.fi\/d1385\/\">Linkki<\/a>).<\/p>\n<p>&nbsp;<\/p>\n<p>[\/et_pb_text][et_pb_image src=&#8221;https:\/\/rotary.fi\/kuhmo\/wp-content\/uploads\/sites\/204\/2020\/09\/rotarit-naistenmessuilla-2019_012.jpg&#8221; title_text=&#8221;Rotarit naistenmessuilla 2019_012&#8243; _builder_version=&#8221;4.16&#8243; global_colors_info=&#8221;{}&#8221;][\/et_pb_image][et_pb_text _builder_version=&#8221;4.16&#8243; custom_padding=&#8221;0px|||||&#8221; global_colors_info=&#8221;{}&#8221;]<\/p>\n<p><em>AKuhmon Rotaryklubin edustajia Naisten messuilla 1. joulukuuta 2019.<\/em><\/p>\n<h4>Harrastus, jolla on tarkoitus<\/h4>\n<p><span>Olemme keskittyneet viime vuosina erilaisiin nuorille suunnattuihin projekteihin.<br \/>J\u00e4rjest\u00e4mme peruskoulussa opiskeleville mopokerhoja ja olemme j\u00e4rjest\u00e4neet kolme RYLA-koulutusta lukiossa ja ammattioppilaitoksissa opiskeleville.<br \/>Olemme osallistuneet my\u00f6s Rotaryn kansainv\u00e4liseen nuorisovaihtoon.<br \/>Mielest\u00e4mme nuorisovaihto on mit\u00e4 parhainta ruohonjuuritason kansainv\u00e4listymis- ja rauhankasvatusta.<\/span><span>\u00a0<\/span><\/p>\n<p><span>Pid\u00e4mme arvossa kansainv\u00e4lisen Rotary Internationalin ponnisteluja ja j\u00e4rjest\u00f6n arvokasta ty\u00f6t\u00e4 muun muassa polion h\u00e4vitt\u00e4miseksi maapallolta. Pelk\u00e4st\u00e4\u00e4n t\u00e4h\u00e4n ty\u00f6h\u00f6n Rotary on suunnannut runsaasti vapaaehtoisvoimaa sek\u00e4 yli 1,2 miljardia US-dollaria.<\/span><\/p>\n<p><span>Vaikuttava kansainv\u00e4linen verkosto<\/span><\/p>\n<p><span>Rotary on Chicagossa 23.2.1905 perustettu kansainv\u00e4linen palvelu- ja hyv\u00e4ntekev\u00e4isyysorganisaatio. Rotary Internationalin kotipaikka on Evanston, USA:n osavaltiossa Illinoisissa. Tunnuslauseemme on Palvelu itsekkyyden edelle (Service Above Self).<\/span><\/p>\n<p><span>Rotaryyn kuuluu 1,2 miljoona j\u00e4sent\u00e4 35 000 klubissa yli 200 maassa. Rotary on merkitt\u00e4v\u00e4 kansainv\u00e4linen palvelu- ja hyv\u00e4ntekev\u00e4isyysj\u00e4rjest\u00f6. Suomi on jaettu kuuteen rotarypiiriin, joista yhteen kuuluvat my\u00f6s Viron klubit. Suomessa ja Virossa on yhteens\u00e4 300 klubia, joissa runsaat 10\u00a0000 rotaria.<\/span><\/p>\n<p>[\/et_pb_text][\/et_pb_column_inner][\/et_pb_row_inner][\/et_pb_column][et_pb_column type=&#8221;1_3&#8243; _builder_version=&#8221;4.16&#8243; custom_padding=&#8221;|||&#8221; global_colors_info=&#8221;{}&#8221; custom_padding__hover=&#8221;|||&#8221;][et_pb_sidebar area=&#8221;sidebar-1&#8243; module_class=&#8221;sivupalkki_sisalto&#8221; _builder_version=&#8221;4.16&#8243; locked=&#8221;on&#8221; global_colors_info=&#8221;{}&#8221;]<\/p>\n<p>[\/et_pb_sidebar][\/et_pb_column][\/et_pb_section]<\/p>\n","protected":false},"excerpt":{"rendered":"<p>Keit\u00e4 olemme Keit\u00e4 olemme Kuhmo tunnetaan upeasta luonnostaan, Kuhmon Kamarimusiikkifestivaalista ja monipuolisesta historiastaan. Elanto Kuhmossa l\u00e4htee mets\u00e4st\u00e4, puualan teollisuudesta, konepajateollisuudesta, matkailusta sek\u00e4 monipuolisista kaupan ja muiden alojen palveluista. Tervetuloa Kuhmoon!T\u00e4\u00e4ll\u00e4 voit kokea kanssamme monenlaisia\u00a0mahtavia juttuja! \u00a0Kuhmon Rotaryklubi on aktiivinen rotaryklubi. Kokoonnumme keskiviikkoisin kello 17.00-18.30 Ravintola Eskobariin tapaamaan toisiamme, kuulemaan kiinnostavia esitelmi\u00e4 ja edist\u00e4m\u00e4\u00e4n hyv\u00e4\u00e4 omalla [&hellip;]<\/p>\n","protected":false},"author":1,"featured_media":0,"parent":0,"menu_order":0,"comment_status":"closed","ping_status":"closed","template":"","meta":{"_acf_changed":false,"_et_pb_use_builder":"on","_et_pb_old_content":"","_et_gb_content_width":"","footnotes":""},"class_list":["post-129","page","type-page","status-publish","hentry"],"acf":[],"yoast_head":"<!-- This site is optimized with the Yoast SEO plugin v27.4 - https:\/\/yoast.com\/product\/yoast-seo-wordpress\/ -->\n<title>Keit\u00e4 olemme - Kuhmon Rotaryklubi<\/title>\n<meta name=\"robots\" content=\"index, follow, max-snippet:-1, max-image-preview:large, max-video-preview:-1\" \/>\n<link rel=\"canonical\" href=\"https:\/\/rotary.fi\/kuhmo\/keita-olemme\/\" \/>\n<meta property=\"og:locale\" content=\"fi_FI\" \/>\n<meta property=\"og:type\" content=\"article\" \/>\n<meta property=\"og:title\" content=\"Keit\u00e4 olemme - Kuhmon Rotaryklubi\" \/>\n<meta property=\"og:description\" content=\"Keit\u00e4 olemme Keit\u00e4 olemme Kuhmo tunnetaan upeasta luonnostaan, Kuhmon Kamarimusiikkifestivaalista ja monipuolisesta historiastaan. Elanto Kuhmossa l\u00e4htee mets\u00e4st\u00e4, puualan teollisuudesta, konepajateollisuudesta, matkailusta sek\u00e4 monipuolisista kaupan ja muiden alojen palveluista. Tervetuloa Kuhmoon!T\u00e4\u00e4ll\u00e4 voit kokea kanssamme monenlaisia\u00a0mahtavia juttuja! \u00a0Kuhmon Rotaryklubi on aktiivinen rotaryklubi. Kokoonnumme keskiviikkoisin kello 17.00-18.30 Ravintola Eskobariin tapaamaan toisiamme, kuulemaan kiinnostavia esitelmi\u00e4 ja edist\u00e4m\u00e4\u00e4n hyv\u00e4\u00e4 omalla [&hellip;]\" \/>\n<meta property=\"og:url\" content=\"https:\/\/rotary.fi\/kuhmo\/keita-olemme\/\" \/>\n<meta property=\"og:site_name\" content=\"Kuhmon Rotaryklubi\" \/>\n<meta property=\"article:modified_time\" content=\"2022-07-28T05:39:45+00:00\" \/>\n<meta name=\"twitter:card\" content=\"summary_large_image\" \/>\n<meta name=\"twitter:label1\" content=\"Arvioitu lukuaika\" \/>\n\t<meta name=\"twitter:data1\" content=\"3 minuuttia\" \/>\n<script type=\"application\/ld+json\" class=\"yoast-schema-graph\">{\"@context\":\"https:\\\/\\\/schema.org\",\"@graph\":[{\"@type\":\"WebPage\",\"@id\":\"https:\\\/\\\/rotary.fi\\\/kuhmo\\\/keita-olemme\\\/\",\"url\":\"https:\\\/\\\/rotary.fi\\\/kuhmo\\\/keita-olemme\\\/\",\"name\":\"Keit\u00e4 olemme - Kuhmon Rotaryklubi\",\"isPartOf\":{\"@id\":\"https:\\\/\\\/rotary.fi\\\/kuhmo\\\/#website\"},\"datePublished\":\"2018-08-10T10:41:39+00:00\",\"dateModified\":\"2022-07-28T05:39:45+00:00\",\"breadcrumb\":{\"@id\":\"https:\\\/\\\/rotary.fi\\\/kuhmo\\\/keita-olemme\\\/#breadcrumb\"},\"inLanguage\":\"fi\",\"potentialAction\":[{\"@type\":\"ReadAction\",\"target\":[\"https:\\\/\\\/rotary.fi\\\/kuhmo\\\/keita-olemme\\\/\"]}]},{\"@type\":\"BreadcrumbList\",\"@id\":\"https:\\\/\\\/rotary.fi\\\/kuhmo\\\/keita-olemme\\\/#breadcrumb\",\"itemListElement\":[{\"@type\":\"ListItem\",\"position\":1,\"name\":\"Home\",\"item\":\"https:\\\/\\\/rotary.fi\\\/kuhmo\\\/\"},{\"@type\":\"ListItem\",\"position\":2,\"name\":\"Keit\u00e4 olemme\"}]},{\"@type\":\"WebSite\",\"@id\":\"https:\\\/\\\/rotary.fi\\\/kuhmo\\\/#website\",\"url\":\"https:\\\/\\\/rotary.fi\\\/kuhmo\\\/\",\"name\":\"Kuhmon Rotaryklubi\",\"description\":\"Uusi Rotary klubisivusto\",\"potentialAction\":[{\"@type\":\"SearchAction\",\"target\":{\"@type\":\"EntryPoint\",\"urlTemplate\":\"https:\\\/\\\/rotary.fi\\\/kuhmo\\\/?s={search_term_string}\"},\"query-input\":{\"@type\":\"PropertyValueSpecification\",\"valueRequired\":true,\"valueName\":\"search_term_string\"}}],\"inLanguage\":\"fi\"}]}<\/script>\n<!-- \/ Yoast SEO plugin. -->","yoast_head_json":{"title":"Keit\u00e4 olemme - Kuhmon Rotaryklubi","robots":{"index":"index","follow":"follow","max-snippet":"max-snippet:-1","max-image-preview":"max-image-preview:large","max-video-preview":"max-video-preview:-1"},"canonical":"https:\/\/rotary.fi\/kuhmo\/keita-olemme\/","og_locale":"fi_FI","og_type":"article","og_title":"Keit\u00e4 olemme - Kuhmon Rotaryklubi","og_description":"Keit\u00e4 olemme Keit\u00e4 olemme Kuhmo tunnetaan upeasta luonnostaan, Kuhmon Kamarimusiikkifestivaalista ja monipuolisesta historiastaan. Elanto Kuhmossa l\u00e4htee mets\u00e4st\u00e4, puualan teollisuudesta, konepajateollisuudesta, matkailusta sek\u00e4 monipuolisista kaupan ja muiden alojen palveluista. Tervetuloa Kuhmoon!T\u00e4\u00e4ll\u00e4 voit kokea kanssamme monenlaisia\u00a0mahtavia juttuja! \u00a0Kuhmon Rotaryklubi on aktiivinen rotaryklubi. Kokoonnumme keskiviikkoisin kello 17.00-18.30 Ravintola Eskobariin tapaamaan toisiamme, kuulemaan kiinnostavia esitelmi\u00e4 ja edist\u00e4m\u00e4\u00e4n hyv\u00e4\u00e4 omalla [&hellip;]","og_url":"https:\/\/rotary.fi\/kuhmo\/keita-olemme\/","og_site_name":"Kuhmon Rotaryklubi","article_modified_time":"2022-07-28T05:39:45+00:00","twitter_card":"summary_large_image","twitter_misc":{"Arvioitu lukuaika":"3 minuuttia"},"schema":{"@context":"https:\/\/schema.org","@graph":[{"@type":"WebPage","@id":"https:\/\/rotary.fi\/kuhmo\/keita-olemme\/","url":"https:\/\/rotary.fi\/kuhmo\/keita-olemme\/","name":"Keit\u00e4 olemme - Kuhmon Rotaryklubi","isPartOf":{"@id":"https:\/\/rotary.fi\/kuhmo\/#website"},"datePublished":"2018-08-10T10:41:39+00:00","dateModified":"2022-07-28T05:39:45+00:00","breadcrumb":{"@id":"https:\/\/rotary.fi\/kuhmo\/keita-olemme\/#breadcrumb"},"inLanguage":"fi","potentialAction":[{"@type":"ReadAction","target":["https:\/\/rotary.fi\/kuhmo\/keita-olemme\/"]}]},{"@type":"BreadcrumbList","@id":"https:\/\/rotary.fi\/kuhmo\/keita-olemme\/#breadcrumb","itemListElement":[{"@type":"ListItem","position":1,"name":"Home","item":"https:\/\/rotary.fi\/kuhmo\/"},{"@type":"ListItem","position":2,"name":"Keit\u00e4 olemme"}]},{"@type":"WebSite","@id":"https:\/\/rotary.fi\/kuhmo\/#website","url":"https:\/\/rotary.fi\/kuhmo\/","name":"Kuhmon Rotaryklubi","description":"Uusi Rotary klubisivusto","potentialAction":[{"@type":"SearchAction","target":{"@type":"EntryPoint","urlTemplate":"https:\/\/rotary.fi\/kuhmo\/?s={search_term_string}"},"query-input":{"@type":"PropertyValueSpecification","valueRequired":true,"valueName":"search_term_string"}}],"inLanguage":"fi"}]}},"lang":"fi","translations":{"fi":129},"pll_sync_post":[],"_links":{"self":[{"href":"https:\/\/rotary.fi\/kuhmo\/wp-json\/wp\/v2\/pages\/129","targetHints":{"allow":["GET"]}}],"collection":[{"href":"https:\/\/rotary.fi\/kuhmo\/wp-json\/wp\/v2\/pages"}],"about":[{"href":"https:\/\/rotary.fi\/kuhmo\/wp-json\/wp\/v2\/types\/page"}],"author":[{"embeddable":true,"href":"https:\/\/rotary.fi\/kuhmo\/wp-json\/wp\/v2\/users\/1"}],"replies":[{"embeddable":true,"href":"https:\/\/rotary.fi\/kuhmo\/wp-json\/wp\/v2\/comments?post=129"}],"version-history":[{"count":10,"href":"https:\/\/rotary.fi\/kuhmo\/wp-json\/wp\/v2\/pages\/129\/revisions"}],"predecessor-version":[{"id":2345,"href":"https:\/\/rotary.fi\/kuhmo\/wp-json\/wp\/v2\/pages\/129\/revisions\/2345"}],"wp:attachment":[{"href":"https:\/\/rotary.fi\/kuhmo\/wp-json\/wp\/v2\/media?parent=129"}],"curies":[{"name":"wp","href":"https:\/\/api.w.org\/{rel}","templated":true}]}}